{"id":38987,"date":"2025-01-30T12:06:58","date_gmt":"2025-01-30T13:14:54","guid":{"rendered":"https:\/\/naturalpoland.com\/produkty\/sin categor\u00eda\/aceite-de-cacahuete\/"},"modified":"2025-01-30T14:14:54","modified_gmt":"2025-01-30T13:14:54","slug":"aceite-de-cacahuete","status":"publish","type":"product","link":"https:\/\/naturalpoland.com\/es\/productos\/aceites-alimentarios-y-cosmeticos\/aceite-de-cacahuete\/","title":{"rendered":"Aceite de cacahuete"},"content":{"rendered":"<h2>Caracter\u00edsticas del aceite de cacahuete<\/h2>\n<p>El aceite de cacahuete se caracteriza por un color amarillo dorado claro, que depende del m\u00e9todo de prensado y del grado de purificaci\u00f3n del aceite. El aceite tiene un aroma suave, ligeramente a nuez, que confiere a los cosm\u00e9ticos un sabor agradable y natural. En el caso del aceite sin refinar, el olor es m\u00e1s pronunciado, caracter\u00edstico del cacahuete, mientras que el aceite refinado es casi inodoro, lo que lo convierte en una base adecuada para cosm\u00e9ticos perfumados. El aceite de cacahuete es rico en muchos \u00e1cidos grasos con efectos beneficiosos para la piel y el cabello, entre ellos:  <\/p>\n<ul>\n<li>\u00c1cido linoleico (Omega-6) &#8211; con efectos regeneradores e hidratantes,<\/li>\n<li>\u00c1cido oleico (Omega-9) &#8211; con efectos nutritivos y suavizantes sobre la piel,<\/li>\n<li>\u00c1cido palmitoleico: forma una capa protectora en la superficie de la piel, evitando la p\u00e9rdida de agua,<\/li>\n<li>\u00c1cido este\u00e1rico &#8211; con efectos suavizantes y calmantes.<\/li>\n<\/ul>\n<p>Adem\u00e1s, el aceite de cacahuete es rico en <a href=\"https:\/\/naturalpoland.com\/produkty\/produkty-dla-przemyslu-farmaceutycznego-i-medycznego\/witaminy\/witamina-e\/\"><strong>vitamina E<\/strong><\/a>un potente antioxidante que protege las c\u00e9lulas de los radicales libres, retrasando el proceso de envejecimiento.<\/p>\n<h2>Propiedades del aceite de cacahuete<\/h2>\n<p>El aceite muestra propiedades de cuidado excepcionales para la <strong>piel seca y madura<\/strong>. Gracias a su alto contenido en \u00e1cidos grasos, el aceite favorece la regeneraci\u00f3n cut\u00e1nea, mejora la elasticidad y reduce los signos del envejecimiento. Sus propiedades antiinflamatorias y calmantes lo hacen adecuado para su uso en productos para pieles <strong>sensibles<\/strong>, propensas a la irritaci\u00f3n y problem\u00e1ticas, incluido el cuidado de la piel con acn\u00e9 y eczema. El aceite de cacahuete tambi\u00e9n es un ingrediente apreciado en <strong>cosm\u00e9tica capilar<\/strong>. Fortalece eficazmente la estructura capilar, mejora su elasticidad y previene la rotura y la sequedad. En los productos <strong>para el cuidado del cuero cabelludo<\/strong>, muestra propiedades calmantes, aliviando la irritaci\u00f3n y favoreciendo la salud de los fol\u00edculos pilosos. Tambi\u00e9n se utiliza popularmente en <strong>aceites de masaje<\/strong>, ya que imparte suavidad y elasticidad a la piel al tiempo que ayuda a regenerarla. <\/p>\n<h2>Aplicaci\u00f3n<\/h2>\n<p>El aceite de cacahuete combina bien con otros ingredientes activos, por lo que es una adici\u00f3n popular a diversos productos cosm\u00e9ticos. Se puede encontrar en la formulaci\u00f3n <\/p>\n<ul>\n<li>cremas,<\/li>\n<li>lociones,<\/li>\n<li>emulsiones limpiadoras,<\/li>\n<li>acondicionadores para el cabello,<\/li>\n<li>aceites corporales,<\/li>\n<li>cosm\u00e9ticos para pieles sensibles e irritables,<\/li>\n<li>productos para proteger la piel de los efectos negativos de factores externos como la radiaci\u00f3n UV o los contaminantes ambientales.<\/li>\n<\/ul>\n<h2>Seguridad<\/h2>\n<p>Aunque el aceite de cacahuete es seguro para uso cosm\u00e9tico, existen normas estrictas en la Uni\u00f3n Europea sobre su contenido en los productos. Debido al riesgo potencial de alergia asociado a las prote\u00ednas del cacahuete, su<strong> concentraci\u00f3n m\u00e1xima en los cosm\u00e9ticos se ha limitado a 0,5 ppm<\/strong>. Los productos que contienen aceite de cacahuete deben cumplir estos estrictos requisitos.  <\/p>\n","protected":false},"excerpt":{"rendered":"<p><strong>Aceite de cacahuete<\/strong> (<em><strong>aceite de Arachis Hypogaea<\/strong><\/em>) se extrae prensando cacahuetes en fr\u00edo. Se utiliza en productos cosm\u00e9ticos con efectos hidratantes, protectores y regeneradores. <\/p>\n","protected":false},"featured_media":38986,"template":"","meta":{"_acf_changed":false},"product_brand":[],"product_cat":[1080],"product_tag":[7523],"class_list":{"0":"post-38987","1":"product","2":"type-product","3":"status-publish","4":"has-post-thumbnail","6":"product_cat-aceites-alimentarios-y-cosmeticos","7":"product_tag-aceite-de-nuez","9":"first","10":"instock","11":"shipping-taxable","12":"product-type-simple"},"acf":[],"yoast_head":"<!-- This site is optimized with the Yoast SEO plugin v27.4 - https:\/\/yoast.com\/product\/yoast-seo-wordpress\/ -->\n<title>Aceite de cacahuete - Distribuidor mayorista<\/title>\n<meta name=\"description\" content=\"El aceite de cacahuete, tambi\u00e9n conocido como aceite de Arachis Hypogaea, es una materia prima cosm\u00e9tica obtenida por prensado en fr\u00edo de cacahuetes.\" \/>\n<meta name=\"robots\" content=\"index, follow, max-snippet:-1, max-image-preview:large, max-video-preview:-1\" \/>\n<link rel=\"canonical\" href=\"https:\/\/naturalpoland.com\/es\/productos\/aceites-alimentarios-y-cosmeticos\/aceite-de-cacahuete\/\" \/>\n<meta property=\"og:locale\" content=\"es_ES\" \/>\n<meta property=\"og:type\" content=\"article\" \/>\n<meta property=\"og:title\" content=\"Aceite de cacahuete - Distribuidor mayorista\" \/>\n<meta property=\"og:description\" content=\"El aceite de cacahuete, tambi\u00e9n conocido como aceite de Arachis Hypogaea, es una materia prima cosm\u00e9tica obtenida por prensado en fr\u00edo de cacahuetes.\" \/>\n<meta property=\"og:url\" content=\"https:\/\/naturalpoland.com\/es\/productos\/aceites-alimentarios-y-cosmeticos\/aceite-de-cacahuete\/\" \/>\n<meta property=\"og:site_name\" content=\"NATURAL POLAND - Distribuidor Mayorista de Materias Primas\" \/>\n<meta property=\"article:publisher\" content=\"https:\/\/www.facebook.com\/naturalpoland.b2b\" \/>\n<meta property=\"og:image\" content=\"https:\/\/naturalpoland.com\/wp-content\/uploads\/olej-arachidowy.webp\" \/>\n\t<meta property=\"og:image:width\" content=\"597\" \/>\n\t<meta property=\"og:image:height\" content=\"597\" \/>\n\t<meta property=\"og:image:type\" content=\"image\/webp\" \/>\n<script type=\"application\/ld+json\" class=\"yoast-schema-graph\">{\"@context\":\"https:\\\/\\\/schema.org\",\"@graph\":[{\"@type\":\"WebPage\",\"@id\":\"https:\\\/\\\/naturalpoland.com\\\/es\\\/productos\\\/aceites-alimentarios-y-cosmeticos\\\/aceite-de-cacahuete\\\/\",\"url\":\"https:\\\/\\\/naturalpoland.com\\\/es\\\/productos\\\/aceites-alimentarios-y-cosmeticos\\\/aceite-de-cacahuete\\\/\",\"name\":\"Aceite de cacahuete - Distribuidor mayorista\",\"isPartOf\":{\"@id\":\"https:\\\/\\\/naturalpoland.com\\\/es\\\/#website\"},\"primaryImageOfPage\":{\"@id\":\"https:\\\/\\\/naturalpoland.com\\\/es\\\/productos\\\/aceites-alimentarios-y-cosmeticos\\\/aceite-de-cacahuete\\\/#primaryimage\"},\"image\":{\"@id\":\"https:\\\/\\\/naturalpoland.com\\\/es\\\/productos\\\/aceites-alimentarios-y-cosmeticos\\\/aceite-de-cacahuete\\\/#primaryimage\"},\"thumbnailUrl\":\"https:\\\/\\\/naturalpoland.com\\\/wp-content\\\/uploads\\\/olej-arachidowy.webp\",\"datePublished\":\"2025-01-30T13:14:54+00:00\",\"description\":\"El aceite de cacahuete, tambi\u00e9n conocido como aceite de Arachis Hypogaea, es una materia prima cosm\u00e9tica obtenida por prensado en fr\u00edo de cacahuetes.\",\"breadcrumb\":{\"@id\":\"https:\\\/\\\/naturalpoland.com\\\/es\\\/productos\\\/aceites-alimentarios-y-cosmeticos\\\/aceite-de-cacahuete\\\/#breadcrumb\"},\"inLanguage\":\"es\",\"potentialAction\":[{\"@type\":\"ReadAction\",\"target\":[\"https:\\\/\\\/naturalpoland.com\\\/es\\\/productos\\\/aceites-alimentarios-y-cosmeticos\\\/aceite-de-cacahuete\\\/\"]}]},{\"@type\":\"ImageObject\",\"inLanguage\":\"es\",\"@id\":\"https:\\\/\\\/naturalpoland.com\\\/es\\\/productos\\\/aceites-alimentarios-y-cosmeticos\\\/aceite-de-cacahuete\\\/#primaryimage\",\"url\":\"https:\\\/\\\/naturalpoland.com\\\/wp-content\\\/uploads\\\/olej-arachidowy.webp\",\"contentUrl\":\"https:\\\/\\\/naturalpoland.com\\\/wp-content\\\/uploads\\\/olej-arachidowy.webp\",\"width\":597,\"height\":597,\"caption\":\"Olej arachidowy\"},{\"@type\":\"BreadcrumbList\",\"@id\":\"https:\\\/\\\/naturalpoland.com\\\/es\\\/productos\\\/aceites-alimentarios-y-cosmeticos\\\/aceite-de-cacahuete\\\/#breadcrumb\",\"itemListElement\":[{\"@type\":\"ListItem\",\"position\":1,\"name\":\"Inicio\",\"item\":\"https:\\\/\\\/naturalpoland.com\\\/es\\\/\"},{\"@type\":\"ListItem\",\"position\":2,\"name\":\"Productos\",\"item\":\"https:\\\/\\\/naturalpoland.com\\\/es\\\/productos\\\/\"},{\"@type\":\"ListItem\",\"position\":3,\"name\":\"Aceite de cacahuete\"}]},{\"@type\":\"WebSite\",\"@id\":\"https:\\\/\\\/naturalpoland.com\\\/es\\\/#website\",\"url\":\"https:\\\/\\\/naturalpoland.com\\\/es\\\/\",\"name\":\"NATURAL POLAND - Distribuidor Mayorista de Materias Primas\",\"description\":\"Surowce dla przemys\u0142u spo\u017cywczego, kosmetycznego i farmaceutycznego\",\"publisher\":{\"@id\":\"https:\\\/\\\/naturalpoland.com\\\/es\\\/#organization\"},\"potentialAction\":[{\"@type\":\"SearchAction\",\"target\":{\"@type\":\"EntryPoint\",\"urlTemplate\":\"https:\\\/\\\/naturalpoland.com\\\/es\\\/?s={search_term_string}\"},\"query-input\":{\"@type\":\"PropertyValueSpecification\",\"valueRequired\":true,\"valueName\":\"search_term_string\"}}],\"inLanguage\":\"es\"},{\"@type\":\"Organization\",\"@id\":\"https:\\\/\\\/naturalpoland.com\\\/es\\\/#organization\",\"name\":\"Natural Poland\",\"url\":\"https:\\\/\\\/naturalpoland.com\\\/es\\\/\",\"logo\":{\"@type\":\"ImageObject\",\"inLanguage\":\"es\",\"@id\":\"https:\\\/\\\/naturalpoland.com\\\/es\\\/#\\\/schema\\\/logo\\\/image\\\/\",\"url\":\"https:\\\/\\\/naturalpoland.com\\\/wp-content\\\/uploads\\\/2021\\\/05\\\/natural-poland-icon.png\",\"contentUrl\":\"https:\\\/\\\/naturalpoland.com\\\/wp-content\\\/uploads\\\/2021\\\/05\\\/natural-poland-icon.png\",\"width\":512,\"height\":512,\"caption\":\"Natural Poland\"},\"image\":{\"@id\":\"https:\\\/\\\/naturalpoland.com\\\/es\\\/#\\\/schema\\\/logo\\\/image\\\/\"},\"sameAs\":[\"https:\\\/\\\/www.facebook.com\\\/naturalpoland.b2b\",\"https:\\\/\\\/pl.linkedin.com\\\/company\\\/natural-poland\",\"https:\\\/\\\/www.youtube.com\\\/channel\\\/UCgeGGkvOMahZo-xu_MSEWxg\"]}]}<\/script>\n<!-- \/ Yoast SEO plugin. -->","yoast_head_json":{"title":"Aceite de cacahuete - Distribuidor mayorista","description":"El aceite de cacahuete, tambi\u00e9n conocido como aceite de Arachis Hypogaea, es una materia prima cosm\u00e9tica obtenida por prensado en fr\u00edo de cacahuetes.","robots":{"index":"index","follow":"follow","max-snippet":"max-snippet:-1","max-image-preview":"max-image-preview:large","max-video-preview":"max-video-preview:-1"},"canonical":"https:\/\/naturalpoland.com\/es\/productos\/aceites-alimentarios-y-cosmeticos\/aceite-de-cacahuete\/","og_locale":"es_ES","og_type":"article","og_title":"Aceite de cacahuete - Distribuidor mayorista","og_description":"El aceite de cacahuete, tambi\u00e9n conocido como aceite de Arachis Hypogaea, es una materia prima cosm\u00e9tica obtenida por prensado en fr\u00edo de cacahuetes.","og_url":"https:\/\/naturalpoland.com\/es\/productos\/aceites-alimentarios-y-cosmeticos\/aceite-de-cacahuete\/","og_site_name":"NATURAL POLAND - Distribuidor Mayorista de Materias Primas","article_publisher":"https:\/\/www.facebook.com\/naturalpoland.b2b","og_image":[{"width":597,"height":597,"url":"https:\/\/naturalpoland.com\/wp-content\/uploads\/olej-arachidowy.webp","type":"image\/webp"}],"schema":{"@context":"https:\/\/schema.org","@graph":[{"@type":"WebPage","@id":"https:\/\/naturalpoland.com\/es\/productos\/aceites-alimentarios-y-cosmeticos\/aceite-de-cacahuete\/","url":"https:\/\/naturalpoland.com\/es\/productos\/aceites-alimentarios-y-cosmeticos\/aceite-de-cacahuete\/","name":"Aceite de cacahuete - Distribuidor mayorista","isPartOf":{"@id":"https:\/\/naturalpoland.com\/es\/#website"},"primaryImageOfPage":{"@id":"https:\/\/naturalpoland.com\/es\/productos\/aceites-alimentarios-y-cosmeticos\/aceite-de-cacahuete\/#primaryimage"},"image":{"@id":"https:\/\/naturalpoland.com\/es\/productos\/aceites-alimentarios-y-cosmeticos\/aceite-de-cacahuete\/#primaryimage"},"thumbnailUrl":"https:\/\/naturalpoland.com\/wp-content\/uploads\/olej-arachidowy.webp","datePublished":"2025-01-30T13:14:54+00:00","description":"El aceite de cacahuete, tambi\u00e9n conocido como aceite de Arachis Hypogaea, es una materia prima cosm\u00e9tica obtenida por prensado en fr\u00edo de cacahuetes.","breadcrumb":{"@id":"https:\/\/naturalpoland.com\/es\/productos\/aceites-alimentarios-y-cosmeticos\/aceite-de-cacahuete\/#breadcrumb"},"inLanguage":"es","potentialAction":[{"@type":"ReadAction","target":["https:\/\/naturalpoland.com\/es\/productos\/aceites-alimentarios-y-cosmeticos\/aceite-de-cacahuete\/"]}]},{"@type":"ImageObject","inLanguage":"es","@id":"https:\/\/naturalpoland.com\/es\/productos\/aceites-alimentarios-y-cosmeticos\/aceite-de-cacahuete\/#primaryimage","url":"https:\/\/naturalpoland.com\/wp-content\/uploads\/olej-arachidowy.webp","contentUrl":"https:\/\/naturalpoland.com\/wp-content\/uploads\/olej-arachidowy.webp","width":597,"height":597,"caption":"Olej arachidowy"},{"@type":"BreadcrumbList","@id":"https:\/\/naturalpoland.com\/es\/productos\/aceites-alimentarios-y-cosmeticos\/aceite-de-cacahuete\/#breadcrumb","itemListElement":[{"@type":"ListItem","position":1,"name":"Inicio","item":"https:\/\/naturalpoland.com\/es\/"},{"@type":"ListItem","position":2,"name":"Productos","item":"https:\/\/naturalpoland.com\/es\/productos\/"},{"@type":"ListItem","position":3,"name":"Aceite de cacahuete"}]},{"@type":"WebSite","@id":"https:\/\/naturalpoland.com\/es\/#website","url":"https:\/\/naturalpoland.com\/es\/","name":"NATURAL POLAND - Distribuidor Mayorista de Materias Primas","description":"Surowce dla przemys\u0142u spo\u017cywczego, kosmetycznego i farmaceutycznego","publisher":{"@id":"https:\/\/naturalpoland.com\/es\/#organization"},"potentialAction":[{"@type":"SearchAction","target":{"@type":"EntryPoint","urlTemplate":"https:\/\/naturalpoland.com\/es\/?s={search_term_string}"},"query-input":{"@type":"PropertyValueSpecification","valueRequired":true,"valueName":"search_term_string"}}],"inLanguage":"es"},{"@type":"Organization","@id":"https:\/\/naturalpoland.com\/es\/#organization","name":"Natural Poland","url":"https:\/\/naturalpoland.com\/es\/","logo":{"@type":"ImageObject","inLanguage":"es","@id":"https:\/\/naturalpoland.com\/es\/#\/schema\/logo\/image\/","url":"https:\/\/naturalpoland.com\/wp-content\/uploads\/2021\/05\/natural-poland-icon.png","contentUrl":"https:\/\/naturalpoland.com\/wp-content\/uploads\/2021\/05\/natural-poland-icon.png","width":512,"height":512,"caption":"Natural Poland"},"image":{"@id":"https:\/\/naturalpoland.com\/es\/#\/schema\/logo\/image\/"},"sameAs":["https:\/\/www.facebook.com\/naturalpoland.b2b","https:\/\/pl.linkedin.com\/company\/natural-poland","https:\/\/www.youtube.com\/channel\/UCgeGGkvOMahZo-xu_MSEWxg"]}]}},"_links":{"self":[{"href":"https:\/\/naturalpoland.com\/es\/wp-json\/wp\/v2\/product\/38987","targetHints":{"allow":["GET"]}}],"collection":[{"href":"https:\/\/naturalpoland.com\/es\/wp-json\/wp\/v2\/product"}],"about":[{"href":"https:\/\/naturalpoland.com\/es\/wp-json\/wp\/v2\/types\/product"}],"wp:featuredmedia":[{"embeddable":true,"href":"https:\/\/naturalpoland.com\/es\/wp-json\/wp\/v2\/media\/38986"}],"wp:attachment":[{"href":"https:\/\/naturalpoland.com\/es\/wp-json\/wp\/v2\/media?parent=38987"}],"wp:term":[{"taxonomy":"product_brand","embeddable":true,"href":"https:\/\/naturalpoland.com\/es\/wp-json\/wp\/v2\/product_brand?post=38987"},{"taxonomy":"product_cat","embeddable":true,"href":"https:\/\/naturalpoland.com\/es\/wp-json\/wp\/v2\/product_cat?post=38987"},{"taxonomy":"product_tag","embeddable":true,"href":"https:\/\/naturalpoland.com\/es\/wp-json\/wp\/v2\/product_tag?post=38987"}],"curies":[{"name":"wp","href":"https:\/\/api.w.org\/{rel}","templated":true}]}}