{"id":39325,"date":"2025-02-06T17:15:56","date_gmt":"2025-02-06T16:15:56","guid":{"rendered":"https:\/\/naturalpoland.com\/produkty\/sin categor\u00eda\/aroma-de-anis\/"},"modified":"2025-02-07T14:51:16","modified_gmt":"2025-02-07T13:51:16","slug":"aroma-de-anis","status":"publish","type":"product","link":"https:\/\/naturalpoland.com\/es\/productos\/productos-para-la-industria-alimentaria\/aromas-es\/aromas-especiados\/aroma-de-anis\/","title":{"rendered":"Aroma de an\u00eds"},"content":{"rendered":"<p>Dos variantes de aroma de an\u00eds:<\/p>\n<p>Ofrecemos dos variantes: el aroma WONF natural a base de triacetina, que combina el dulzor del an\u00eds con un sutil toque de hierbas, y el cl\u00e1sico aroma de an\u00eds l\u00edquido, cuyo perfil de sabor recuerda al de los caramelos de an\u00eds.<\/p>\n<h2>Aroma natural de an\u00eds<\/h2>\n<p>El aroma <strong>natural WONF<\/strong> es resistente al calor y puede utilizarse en productos que requieren tratamiento t\u00e9rmico, como productos de panader\u00eda, confiter\u00eda y bebidas alcoh\u00f3licas. Su portador es <strong>la triacetina <\/strong>, que aumenta la estabilidad y durabilidad de la composici\u00f3n. <\/p>\n<p>Combina bien con el chocolate, la vainilla y las especias. Confiere a los productos un car\u00e1cter distintivo pero sutilmente complejo. <\/p>\n<h2>Aroma de an\u00eds a base de glicol<\/h2>\n<p>Esta variante se distingue por una nota intensa y dulce que recuerda a los caramelos de an\u00eds. Lo recomendamos para bebidas, jarabes, dulces y productos farmac\u00e9uticos como pastillas y colutorios. <\/p>\n<p>Los aromas de an\u00eds tambi\u00e9n pueden utilizarse en productos cosm\u00e9ticos (perfumes, lociones, jabones) para darles una profundidad c\u00e1lida y ligeramente picante<\/p>\n","protected":false},"excerpt":{"rendered":"<p>El aroma de an\u00eds confiere a los productos un perfil arom\u00e1tico dulce y picante.<\/p>\n","protected":false},"featured_media":39150,"template":"","meta":{"_acf_changed":false},"product_brand":[],"product_cat":[7640],"product_tag":[],"class_list":{"0":"post-39325","1":"product","2":"type-product","3":"status-publish","4":"has-post-thumbnail","6":"product_cat-aromas-especiados","8":"first","9":"instock","10":"shipping-taxable","11":"product-type-simple"},"acf":[],"yoast_head":"<!-- This site is optimized with the Yoast SEO plugin v27.4 - https:\/\/yoast.com\/product\/yoast-seo-wordpress\/ -->\n<title>Aroma de an\u00eds - Distribuidor mayorista<\/title>\n<meta name=\"description\" content=\"El aroma de an\u00eds es un ingrediente intenso y caracter\u00edstico que confiere a los productos un perfil de sabor y aroma \u00fanico, dulce y picante.\" \/>\n<meta name=\"robots\" content=\"index, follow, max-snippet:-1, max-image-preview:large, max-video-preview:-1\" \/>\n<link rel=\"canonical\" href=\"https:\/\/naturalpoland.com\/es\/productos\/productos-para-la-industria-alimentaria\/aromas-es\/aromas-especiados\/aroma-de-anis\/\" \/>\n<meta property=\"og:locale\" content=\"es_ES\" \/>\n<meta property=\"og:type\" content=\"article\" \/>\n<meta property=\"og:title\" content=\"Aroma de an\u00eds - Distribuidor mayorista\" \/>\n<meta property=\"og:description\" content=\"El aroma de an\u00eds es un ingrediente intenso y caracter\u00edstico que confiere a los productos un perfil de sabor y aroma \u00fanico, dulce y picante.\" \/>\n<meta property=\"og:url\" content=\"https:\/\/naturalpoland.com\/es\/productos\/productos-para-la-industria-alimentaria\/aromas-es\/aromas-especiados\/aroma-de-anis\/\" \/>\n<meta property=\"og:site_name\" content=\"NATURAL POLAND - Distribuidor Mayorista de Materias Primas\" \/>\n<meta property=\"article:publisher\" content=\"https:\/\/www.facebook.com\/naturalpoland.b2b\" \/>\n<meta property=\"article:modified_time\" content=\"2025-02-07T13:51:16+00:00\" \/>\n<meta property=\"og:image\" content=\"https:\/\/naturalpoland.com\/wp-content\/uploads\/aromat-anyzowy.webp\" \/>\n\t<meta property=\"og:image:width\" content=\"595\" \/>\n\t<meta property=\"og:image:height\" content=\"595\" \/>\n\t<meta property=\"og:image:type\" content=\"image\/webp\" \/>\n<script type=\"application\/ld+json\" class=\"yoast-schema-graph\">{\"@context\":\"https:\\\/\\\/schema.org\",\"@graph\":[{\"@type\":\"WebPage\",\"@id\":\"https:\\\/\\\/naturalpoland.com\\\/es\\\/productos\\\/productos-para-la-industria-alimentaria\\\/aromas-es\\\/aromas-especiados\\\/aroma-de-anis\\\/\",\"url\":\"https:\\\/\\\/naturalpoland.com\\\/es\\\/productos\\\/productos-para-la-industria-alimentaria\\\/aromas-es\\\/aromas-especiados\\\/aroma-de-anis\\\/\",\"name\":\"Aroma de an\u00eds - Distribuidor mayorista\",\"isPartOf\":{\"@id\":\"https:\\\/\\\/naturalpoland.com\\\/es\\\/#website\"},\"primaryImageOfPage\":{\"@id\":\"https:\\\/\\\/naturalpoland.com\\\/es\\\/productos\\\/productos-para-la-industria-alimentaria\\\/aromas-es\\\/aromas-especiados\\\/aroma-de-anis\\\/#primaryimage\"},\"image\":{\"@id\":\"https:\\\/\\\/naturalpoland.com\\\/es\\\/productos\\\/productos-para-la-industria-alimentaria\\\/aromas-es\\\/aromas-especiados\\\/aroma-de-anis\\\/#primaryimage\"},\"thumbnailUrl\":\"https:\\\/\\\/naturalpoland.com\\\/wp-content\\\/uploads\\\/aromat-anyzowy.webp\",\"datePublished\":\"2025-02-06T16:15:56+00:00\",\"dateModified\":\"2025-02-07T13:51:16+00:00\",\"description\":\"El aroma de an\u00eds es un ingrediente intenso y caracter\u00edstico que confiere a los productos un perfil de sabor y aroma \u00fanico, dulce y picante.\",\"breadcrumb\":{\"@id\":\"https:\\\/\\\/naturalpoland.com\\\/es\\\/productos\\\/productos-para-la-industria-alimentaria\\\/aromas-es\\\/aromas-especiados\\\/aroma-de-anis\\\/#breadcrumb\"},\"inLanguage\":\"es\",\"potentialAction\":[{\"@type\":\"ReadAction\",\"target\":[\"https:\\\/\\\/naturalpoland.com\\\/es\\\/productos\\\/productos-para-la-industria-alimentaria\\\/aromas-es\\\/aromas-especiados\\\/aroma-de-anis\\\/\"]}]},{\"@type\":\"ImageObject\",\"inLanguage\":\"es\",\"@id\":\"https:\\\/\\\/naturalpoland.com\\\/es\\\/productos\\\/productos-para-la-industria-alimentaria\\\/aromas-es\\\/aromas-especiados\\\/aroma-de-anis\\\/#primaryimage\",\"url\":\"https:\\\/\\\/naturalpoland.com\\\/wp-content\\\/uploads\\\/aromat-anyzowy.webp\",\"contentUrl\":\"https:\\\/\\\/naturalpoland.com\\\/wp-content\\\/uploads\\\/aromat-anyzowy.webp\",\"width\":595,\"height\":595,\"caption\":\"aromat any\u017cowy\"},{\"@type\":\"BreadcrumbList\",\"@id\":\"https:\\\/\\\/naturalpoland.com\\\/es\\\/productos\\\/productos-para-la-industria-alimentaria\\\/aromas-es\\\/aromas-especiados\\\/aroma-de-anis\\\/#breadcrumb\",\"itemListElement\":[{\"@type\":\"ListItem\",\"position\":1,\"name\":\"Inicio\",\"item\":\"https:\\\/\\\/naturalpoland.com\\\/es\\\/\"},{\"@type\":\"ListItem\",\"position\":2,\"name\":\"Productos\",\"item\":\"https:\\\/\\\/naturalpoland.com\\\/es\\\/productos\\\/\"},{\"@type\":\"ListItem\",\"position\":3,\"name\":\"Aroma de an\u00eds\"}]},{\"@type\":\"WebSite\",\"@id\":\"https:\\\/\\\/naturalpoland.com\\\/es\\\/#website\",\"url\":\"https:\\\/\\\/naturalpoland.com\\\/es\\\/\",\"name\":\"NATURAL POLAND - Distribuidor Mayorista de Materias Primas\",\"description\":\"Surowce dla przemys\u0142u spo\u017cywczego, kosmetycznego i farmaceutycznego\",\"publisher\":{\"@id\":\"https:\\\/\\\/naturalpoland.com\\\/es\\\/#organization\"},\"potentialAction\":[{\"@type\":\"SearchAction\",\"target\":{\"@type\":\"EntryPoint\",\"urlTemplate\":\"https:\\\/\\\/naturalpoland.com\\\/es\\\/?s={search_term_string}\"},\"query-input\":{\"@type\":\"PropertyValueSpecification\",\"valueRequired\":true,\"valueName\":\"search_term_string\"}}],\"inLanguage\":\"es\"},{\"@type\":\"Organization\",\"@id\":\"https:\\\/\\\/naturalpoland.com\\\/es\\\/#organization\",\"name\":\"Natural Poland\",\"url\":\"https:\\\/\\\/naturalpoland.com\\\/es\\\/\",\"logo\":{\"@type\":\"ImageObject\",\"inLanguage\":\"es\",\"@id\":\"https:\\\/\\\/naturalpoland.com\\\/es\\\/#\\\/schema\\\/logo\\\/image\\\/\",\"url\":\"https:\\\/\\\/naturalpoland.com\\\/wp-content\\\/uploads\\\/2021\\\/05\\\/natural-poland-icon.png\",\"contentUrl\":\"https:\\\/\\\/naturalpoland.com\\\/wp-content\\\/uploads\\\/2021\\\/05\\\/natural-poland-icon.png\",\"width\":512,\"height\":512,\"caption\":\"Natural Poland\"},\"image\":{\"@id\":\"https:\\\/\\\/naturalpoland.com\\\/es\\\/#\\\/schema\\\/logo\\\/image\\\/\"},\"sameAs\":[\"https:\\\/\\\/www.facebook.com\\\/naturalpoland.b2b\",\"https:\\\/\\\/pl.linkedin.com\\\/company\\\/natural-poland\",\"https:\\\/\\\/www.youtube.com\\\/channel\\\/UCgeGGkvOMahZo-xu_MSEWxg\"]}]}<\/script>\n<!-- \/ Yoast SEO plugin. -->","yoast_head_json":{"title":"Aroma de an\u00eds - Distribuidor mayorista","description":"El aroma de an\u00eds es un ingrediente intenso y caracter\u00edstico que confiere a los productos un perfil de sabor y aroma \u00fanico, dulce y picante.","robots":{"index":"index","follow":"follow","max-snippet":"max-snippet:-1","max-image-preview":"max-image-preview:large","max-video-preview":"max-video-preview:-1"},"canonical":"https:\/\/naturalpoland.com\/es\/productos\/productos-para-la-industria-alimentaria\/aromas-es\/aromas-especiados\/aroma-de-anis\/","og_locale":"es_ES","og_type":"article","og_title":"Aroma de an\u00eds - Distribuidor mayorista","og_description":"El aroma de an\u00eds es un ingrediente intenso y caracter\u00edstico que confiere a los productos un perfil de sabor y aroma \u00fanico, dulce y picante.","og_url":"https:\/\/naturalpoland.com\/es\/productos\/productos-para-la-industria-alimentaria\/aromas-es\/aromas-especiados\/aroma-de-anis\/","og_site_name":"NATURAL POLAND - Distribuidor Mayorista de Materias Primas","article_publisher":"https:\/\/www.facebook.com\/naturalpoland.b2b","article_modified_time":"2025-02-07T13:51:16+00:00","og_image":[{"width":595,"height":595,"url":"https:\/\/naturalpoland.com\/wp-content\/uploads\/aromat-anyzowy.webp","type":"image\/webp"}],"schema":{"@context":"https:\/\/schema.org","@graph":[{"@type":"WebPage","@id":"https:\/\/naturalpoland.com\/es\/productos\/productos-para-la-industria-alimentaria\/aromas-es\/aromas-especiados\/aroma-de-anis\/","url":"https:\/\/naturalpoland.com\/es\/productos\/productos-para-la-industria-alimentaria\/aromas-es\/aromas-especiados\/aroma-de-anis\/","name":"Aroma de an\u00eds - Distribuidor mayorista","isPartOf":{"@id":"https:\/\/naturalpoland.com\/es\/#website"},"primaryImageOfPage":{"@id":"https:\/\/naturalpoland.com\/es\/productos\/productos-para-la-industria-alimentaria\/aromas-es\/aromas-especiados\/aroma-de-anis\/#primaryimage"},"image":{"@id":"https:\/\/naturalpoland.com\/es\/productos\/productos-para-la-industria-alimentaria\/aromas-es\/aromas-especiados\/aroma-de-anis\/#primaryimage"},"thumbnailUrl":"https:\/\/naturalpoland.com\/wp-content\/uploads\/aromat-anyzowy.webp","datePublished":"2025-02-06T16:15:56+00:00","dateModified":"2025-02-07T13:51:16+00:00","description":"El aroma de an\u00eds es un ingrediente intenso y caracter\u00edstico que confiere a los productos un perfil de sabor y aroma \u00fanico, dulce y picante.","breadcrumb":{"@id":"https:\/\/naturalpoland.com\/es\/productos\/productos-para-la-industria-alimentaria\/aromas-es\/aromas-especiados\/aroma-de-anis\/#breadcrumb"},"inLanguage":"es","potentialAction":[{"@type":"ReadAction","target":["https:\/\/naturalpoland.com\/es\/productos\/productos-para-la-industria-alimentaria\/aromas-es\/aromas-especiados\/aroma-de-anis\/"]}]},{"@type":"ImageObject","inLanguage":"es","@id":"https:\/\/naturalpoland.com\/es\/productos\/productos-para-la-industria-alimentaria\/aromas-es\/aromas-especiados\/aroma-de-anis\/#primaryimage","url":"https:\/\/naturalpoland.com\/wp-content\/uploads\/aromat-anyzowy.webp","contentUrl":"https:\/\/naturalpoland.com\/wp-content\/uploads\/aromat-anyzowy.webp","width":595,"height":595,"caption":"aromat any\u017cowy"},{"@type":"BreadcrumbList","@id":"https:\/\/naturalpoland.com\/es\/productos\/productos-para-la-industria-alimentaria\/aromas-es\/aromas-especiados\/aroma-de-anis\/#breadcrumb","itemListElement":[{"@type":"ListItem","position":1,"name":"Inicio","item":"https:\/\/naturalpoland.com\/es\/"},{"@type":"ListItem","position":2,"name":"Productos","item":"https:\/\/naturalpoland.com\/es\/productos\/"},{"@type":"ListItem","position":3,"name":"Aroma de an\u00eds"}]},{"@type":"WebSite","@id":"https:\/\/naturalpoland.com\/es\/#website","url":"https:\/\/naturalpoland.com\/es\/","name":"NATURAL POLAND - Distribuidor Mayorista de Materias Primas","description":"Surowce dla przemys\u0142u spo\u017cywczego, kosmetycznego i farmaceutycznego","publisher":{"@id":"https:\/\/naturalpoland.com\/es\/#organization"},"potentialAction":[{"@type":"SearchAction","target":{"@type":"EntryPoint","urlTemplate":"https:\/\/naturalpoland.com\/es\/?s={search_term_string}"},"query-input":{"@type":"PropertyValueSpecification","valueRequired":true,"valueName":"search_term_string"}}],"inLanguage":"es"},{"@type":"Organization","@id":"https:\/\/naturalpoland.com\/es\/#organization","name":"Natural Poland","url":"https:\/\/naturalpoland.com\/es\/","logo":{"@type":"ImageObject","inLanguage":"es","@id":"https:\/\/naturalpoland.com\/es\/#\/schema\/logo\/image\/","url":"https:\/\/naturalpoland.com\/wp-content\/uploads\/2021\/05\/natural-poland-icon.png","contentUrl":"https:\/\/naturalpoland.com\/wp-content\/uploads\/2021\/05\/natural-poland-icon.png","width":512,"height":512,"caption":"Natural Poland"},"image":{"@id":"https:\/\/naturalpoland.com\/es\/#\/schema\/logo\/image\/"},"sameAs":["https:\/\/www.facebook.com\/naturalpoland.b2b","https:\/\/pl.linkedin.com\/company\/natural-poland","https:\/\/www.youtube.com\/channel\/UCgeGGkvOMahZo-xu_MSEWxg"]}]}},"_links":{"self":[{"href":"https:\/\/naturalpoland.com\/es\/wp-json\/wp\/v2\/product\/39325","targetHints":{"allow":["GET"]}}],"collection":[{"href":"https:\/\/naturalpoland.com\/es\/wp-json\/wp\/v2\/product"}],"about":[{"href":"https:\/\/naturalpoland.com\/es\/wp-json\/wp\/v2\/types\/product"}],"wp:featuredmedia":[{"embeddable":true,"href":"https:\/\/naturalpoland.com\/es\/wp-json\/wp\/v2\/media\/39150"}],"wp:attachment":[{"href":"https:\/\/naturalpoland.com\/es\/wp-json\/wp\/v2\/media?parent=39325"}],"wp:term":[{"taxonomy":"product_brand","embeddable":true,"href":"https:\/\/naturalpoland.com\/es\/wp-json\/wp\/v2\/product_brand?post=39325"},{"taxonomy":"product_cat","embeddable":true,"href":"https:\/\/naturalpoland.com\/es\/wp-json\/wp\/v2\/product_cat?post=39325"},{"taxonomy":"product_tag","embeddable":true,"href":"https:\/\/naturalpoland.com\/es\/wp-json\/wp\/v2\/product_tag?post=39325"}],"curies":[{"name":"wp","href":"https:\/\/api.w.org\/{rel}","templated":true}]}}