{"id":39368,"date":"2025-02-07T12:46:15","date_gmt":"2025-02-07T11:46:15","guid":{"rendered":"https:\/\/naturalpoland.com\/produkty\/sin categor\u00eda\/aroma-de-vainilla\/"},"modified":"2025-02-07T14:58:50","modified_gmt":"2025-02-07T13:58:50","slug":"aroma-de-vainilla","status":"publish","type":"product","link":"https:\/\/naturalpoland.com\/es\/productos\/productos-para-la-industria-alimentaria\/aromas-es\/aromas-de-postre\/aroma-de-vainilla\/","title":{"rendered":"Aroma de vainilla"},"content":{"rendered":"<p>El aroma de vainilla es una materia prima popular en confiter\u00eda, bebidas, helados, productos de panader\u00eda y postres, as\u00ed como en composiciones de perfumes y cosm\u00e9ticos con un aroma sensual y envolvente.<\/p>\n<h2>Aromas l\u00edquidos de vainilla<\/h2>\n<p><strong>El aroma de vainilla l\u00edquida natural de calidad FTNF<\/strong> (De la fruta del nombre) se elabora con al menos un 95% de materia prima aut\u00e9ntica. Es rico en notas c\u00e1lidas y bals\u00e1micas, que recuerdan a una rama de vainilla natural, con notables tonos marrones. Es resistente al calor y dar\u00e1 buenos resultados en aplicaciones exigentes, como los productos horneados o la elaboraci\u00f3n de cremas y helados.  <\/p>\n<p><strong>El aroma de vainilla de calidad WONF (Con Otros Aromas Naturales) <\/strong>conserva el car\u00e1cter natural de la vainilla, pero est\u00e1 enriquecido con notas adicionales. Con un perfil cremoso y helado, <strong>el aroma<\/strong> combina el sutil dulzor de la vainilla con un toque ligero y seco de rama de vainilla natural, y se recomienda su uso en postres l\u00e1cteos y cremas.<strong> La<\/strong> variante<strong> concentrada<\/strong> de este aroma, en cambio, se distingue por un car\u00e1cter fuertemente avainillado con notas de an\u00eds y almendra que le confieren un perfil de sabor intenso y profundo. <\/p>\n<p><strong>El aroma de vainilla seca de calidad WONF <\/strong>capta el car\u00e1cter del extracto de vainilla con un intenso toque de rama de vainilla natural. Se utiliza para postres de lujo, chocolates y productos de pasteler\u00eda refinados. <\/p>\n<h2>Aroma de vainilla en polvo<\/h2>\n<p>Las variantes de sabor en polvo facilitan la dosificaci\u00f3n en aplicaciones que requieren una forma seca. <strong>El sabor de vainilla en polvo de calidad WONF<\/strong> conserva un car\u00e1cter cremoso y helado, con la sutil sequedad de una barrita de vainilla. Otras variantes, en cambio, se distinguen por intensas notas de leche y nata, que recuerdan al chocolate blanco.  <\/p>\n<p>Por otra parte, <strong>el aroma de<\/strong> <strong>vainilla<\/strong> en polvo <strong>para reposter\u00eda<\/strong> recuerda al cl\u00e1sico aroma de az\u00facar de vainilla y se recomienda para pasteles y masas de levadura.<\/p>\n<p><strong>El aroma de vainilla para<\/strong> productos <strong>horneados<\/strong> ofrece un car\u00e1cter dulce, parecido al pudin, con c\u00e1lidas notas de especias, lo que lo hace perfecto en bizcochos, magdalenas y cupcakes.<\/p>\n<p>Para las aplicaciones que requieren una fragancia intensa y concentrada, recomendamos <strong>el Aroma<\/strong> <strong>de Vainilla Concentrado<\/strong> y el <strong>Aroma de Vainilla Natural<\/strong>, que transmiten un perfil de vainilla profundo y fuerte, con notas notables de an\u00eds y almendra. Funcionan bien en productos de confiter\u00eda de lujo y helados y natillas de alta calidad. <\/p>\n<h2>Enmascarar aromas<\/h2>\n<p>Los aromas de vainilla tambi\u00e9n se utilizan como ingredientes para enmascarar notas no deseadas en productos alimentarios y complementos diet\u00e9ticos. El aroma <strong>enmascarador<\/strong> de vainilla es una composici\u00f3n dulce, parecida a un pudin, con un delicado toque de leche de coco, que armoniza perfectamente el sabor y el aroma de los productos funcionales. <\/p>\n<p>&nbsp;<\/p>\n","protected":false},"excerpt":{"rendered":"<p>El aroma de vainilla es el m\u00e1s cl\u00e1sico de los aromas alimentarios. Seg\u00fan la variante, puede reflejar el car\u00e1cter de una aut\u00e9ntica rama de vainilla, ser m\u00e1s cremoso, parecido a un pudin o incluso enriquecerse con notas de almendra, an\u00eds o caramelo. <\/p>\n","protected":false},"featured_media":39271,"template":"","meta":{"_acf_changed":false},"product_brand":[],"product_cat":[7639],"product_tag":[],"class_list":{"0":"post-39368","1":"product","2":"type-product","3":"status-publish","4":"has-post-thumbnail","6":"product_cat-aromas-de-postre","8":"first","9":"instock","10":"shipping-taxable","11":"product-type-simple"},"acf":[],"yoast_head":"<!-- This site is optimized with the Yoast SEO plugin v27.5 - https:\/\/yoast.com\/product\/yoast-seo-wordpress\/ -->\n<title>Aroma de vainilla - Distribuidor mayorista<\/title>\n<meta name=\"description\" content=\"El aroma de vainilla es uno de los m\u00e1s cl\u00e1sicos y vers\u00e1tiles utilizados en la industria alimentaria y cosm\u00e9tica.\" \/>\n<meta name=\"robots\" content=\"index, follow, max-snippet:-1, max-image-preview:large, max-video-preview:-1\" \/>\n<link rel=\"canonical\" href=\"https:\/\/naturalpoland.com\/es\/productos\/productos-para-la-industria-alimentaria\/aromas-es\/aromas-de-postre\/aroma-de-vainilla\/\" \/>\n<meta property=\"og:locale\" content=\"es_ES\" \/>\n<meta property=\"og:type\" content=\"article\" \/>\n<meta property=\"og:title\" content=\"Aroma de vainilla - Distribuidor mayorista\" \/>\n<meta property=\"og:description\" content=\"El aroma de vainilla es uno de los m\u00e1s cl\u00e1sicos y vers\u00e1tiles utilizados en la industria alimentaria y cosm\u00e9tica.\" \/>\n<meta property=\"og:url\" content=\"https:\/\/naturalpoland.com\/es\/productos\/productos-para-la-industria-alimentaria\/aromas-es\/aromas-de-postre\/aroma-de-vainilla\/\" \/>\n<meta property=\"og:site_name\" content=\"NATURAL POLAND - Distribuidor Mayorista de Materias Primas\" \/>\n<meta property=\"article:publisher\" content=\"https:\/\/www.facebook.com\/naturalpoland.b2b\" \/>\n<meta property=\"article:modified_time\" content=\"2025-02-07T13:58:50+00:00\" \/>\n<meta property=\"og:image\" content=\"https:\/\/naturalpoland.com\/wp-content\/uploads\/aromat-waniliowy.webp\" \/>\n\t<meta property=\"og:image:width\" content=\"596\" \/>\n\t<meta property=\"og:image:height\" content=\"596\" \/>\n\t<meta property=\"og:image:type\" content=\"image\/webp\" \/>\n<script type=\"application\/ld+json\" class=\"yoast-schema-graph\">{\"@context\":\"https:\\\/\\\/schema.org\",\"@graph\":[{\"@type\":\"WebPage\",\"@id\":\"https:\\\/\\\/naturalpoland.com\\\/es\\\/productos\\\/productos-para-la-industria-alimentaria\\\/aromas-es\\\/aromas-de-postre\\\/aroma-de-vainilla\\\/\",\"url\":\"https:\\\/\\\/naturalpoland.com\\\/es\\\/productos\\\/productos-para-la-industria-alimentaria\\\/aromas-es\\\/aromas-de-postre\\\/aroma-de-vainilla\\\/\",\"name\":\"Aroma de vainilla - Distribuidor mayorista\",\"isPartOf\":{\"@id\":\"https:\\\/\\\/naturalpoland.com\\\/es\\\/#website\"},\"primaryImageOfPage\":{\"@id\":\"https:\\\/\\\/naturalpoland.com\\\/es\\\/productos\\\/productos-para-la-industria-alimentaria\\\/aromas-es\\\/aromas-de-postre\\\/aroma-de-vainilla\\\/#primaryimage\"},\"image\":{\"@id\":\"https:\\\/\\\/naturalpoland.com\\\/es\\\/productos\\\/productos-para-la-industria-alimentaria\\\/aromas-es\\\/aromas-de-postre\\\/aroma-de-vainilla\\\/#primaryimage\"},\"thumbnailUrl\":\"https:\\\/\\\/naturalpoland.com\\\/wp-content\\\/uploads\\\/aromat-waniliowy.webp\",\"datePublished\":\"2025-02-07T11:46:15+00:00\",\"dateModified\":\"2025-02-07T13:58:50+00:00\",\"description\":\"El aroma de vainilla es uno de los m\u00e1s cl\u00e1sicos y vers\u00e1tiles utilizados en la industria alimentaria y cosm\u00e9tica.\",\"breadcrumb\":{\"@id\":\"https:\\\/\\\/naturalpoland.com\\\/es\\\/productos\\\/productos-para-la-industria-alimentaria\\\/aromas-es\\\/aromas-de-postre\\\/aroma-de-vainilla\\\/#breadcrumb\"},\"inLanguage\":\"es\",\"potentialAction\":[{\"@type\":\"ReadAction\",\"target\":[\"https:\\\/\\\/naturalpoland.com\\\/es\\\/productos\\\/productos-para-la-industria-alimentaria\\\/aromas-es\\\/aromas-de-postre\\\/aroma-de-vainilla\\\/\"]}]},{\"@type\":\"ImageObject\",\"inLanguage\":\"es\",\"@id\":\"https:\\\/\\\/naturalpoland.com\\\/es\\\/productos\\\/productos-para-la-industria-alimentaria\\\/aromas-es\\\/aromas-de-postre\\\/aroma-de-vainilla\\\/#primaryimage\",\"url\":\"https:\\\/\\\/naturalpoland.com\\\/wp-content\\\/uploads\\\/aromat-waniliowy.webp\",\"contentUrl\":\"https:\\\/\\\/naturalpoland.com\\\/wp-content\\\/uploads\\\/aromat-waniliowy.webp\",\"width\":596,\"height\":596,\"caption\":\"aromat waniliowy p\u0142ynny i proszkowy\"},{\"@type\":\"BreadcrumbList\",\"@id\":\"https:\\\/\\\/naturalpoland.com\\\/es\\\/productos\\\/productos-para-la-industria-alimentaria\\\/aromas-es\\\/aromas-de-postre\\\/aroma-de-vainilla\\\/#breadcrumb\",\"itemListElement\":[{\"@type\":\"ListItem\",\"position\":1,\"name\":\"Inicio\",\"item\":\"https:\\\/\\\/naturalpoland.com\\\/es\\\/\"},{\"@type\":\"ListItem\",\"position\":2,\"name\":\"Productos\",\"item\":\"https:\\\/\\\/naturalpoland.com\\\/es\\\/productos\\\/\"},{\"@type\":\"ListItem\",\"position\":3,\"name\":\"Aroma de vainilla\"}]},{\"@type\":\"WebSite\",\"@id\":\"https:\\\/\\\/naturalpoland.com\\\/es\\\/#website\",\"url\":\"https:\\\/\\\/naturalpoland.com\\\/es\\\/\",\"name\":\"NATURAL POLAND - Distribuidor Mayorista de Materias Primas\",\"description\":\"Surowce dla przemys\u0142u spo\u017cywczego, kosmetycznego i farmaceutycznego\",\"publisher\":{\"@id\":\"https:\\\/\\\/naturalpoland.com\\\/es\\\/#organization\"},\"potentialAction\":[{\"@type\":\"SearchAction\",\"target\":{\"@type\":\"EntryPoint\",\"urlTemplate\":\"https:\\\/\\\/naturalpoland.com\\\/es\\\/?s={search_term_string}\"},\"query-input\":{\"@type\":\"PropertyValueSpecification\",\"valueRequired\":true,\"valueName\":\"search_term_string\"}}],\"inLanguage\":\"es\"},{\"@type\":\"Organization\",\"@id\":\"https:\\\/\\\/naturalpoland.com\\\/es\\\/#organization\",\"name\":\"Natural Poland\",\"url\":\"https:\\\/\\\/naturalpoland.com\\\/es\\\/\",\"logo\":{\"@type\":\"ImageObject\",\"inLanguage\":\"es\",\"@id\":\"https:\\\/\\\/naturalpoland.com\\\/es\\\/#\\\/schema\\\/logo\\\/image\\\/\",\"url\":\"https:\\\/\\\/naturalpoland.com\\\/wp-content\\\/uploads\\\/2021\\\/05\\\/natural-poland-icon.png\",\"contentUrl\":\"https:\\\/\\\/naturalpoland.com\\\/wp-content\\\/uploads\\\/2021\\\/05\\\/natural-poland-icon.png\",\"width\":512,\"height\":512,\"caption\":\"Natural Poland\"},\"image\":{\"@id\":\"https:\\\/\\\/naturalpoland.com\\\/es\\\/#\\\/schema\\\/logo\\\/image\\\/\"},\"sameAs\":[\"https:\\\/\\\/www.facebook.com\\\/naturalpoland.b2b\",\"https:\\\/\\\/pl.linkedin.com\\\/company\\\/natural-poland\",\"https:\\\/\\\/www.youtube.com\\\/channel\\\/UCgeGGkvOMahZo-xu_MSEWxg\"]}]}<\/script>\n<!-- \/ Yoast SEO plugin. -->","yoast_head_json":{"title":"Aroma de vainilla - Distribuidor mayorista","description":"El aroma de vainilla es uno de los m\u00e1s cl\u00e1sicos y vers\u00e1tiles utilizados en la industria alimentaria y cosm\u00e9tica.","robots":{"index":"index","follow":"follow","max-snippet":"max-snippet:-1","max-image-preview":"max-image-preview:large","max-video-preview":"max-video-preview:-1"},"canonical":"https:\/\/naturalpoland.com\/es\/productos\/productos-para-la-industria-alimentaria\/aromas-es\/aromas-de-postre\/aroma-de-vainilla\/","og_locale":"es_ES","og_type":"article","og_title":"Aroma de vainilla - Distribuidor mayorista","og_description":"El aroma de vainilla es uno de los m\u00e1s cl\u00e1sicos y vers\u00e1tiles utilizados en la industria alimentaria y cosm\u00e9tica.","og_url":"https:\/\/naturalpoland.com\/es\/productos\/productos-para-la-industria-alimentaria\/aromas-es\/aromas-de-postre\/aroma-de-vainilla\/","og_site_name":"NATURAL POLAND - Distribuidor Mayorista de Materias Primas","article_publisher":"https:\/\/www.facebook.com\/naturalpoland.b2b","article_modified_time":"2025-02-07T13:58:50+00:00","og_image":[{"width":596,"height":596,"url":"https:\/\/naturalpoland.com\/wp-content\/uploads\/aromat-waniliowy.webp","type":"image\/webp"}],"schema":{"@context":"https:\/\/schema.org","@graph":[{"@type":"WebPage","@id":"https:\/\/naturalpoland.com\/es\/productos\/productos-para-la-industria-alimentaria\/aromas-es\/aromas-de-postre\/aroma-de-vainilla\/","url":"https:\/\/naturalpoland.com\/es\/productos\/productos-para-la-industria-alimentaria\/aromas-es\/aromas-de-postre\/aroma-de-vainilla\/","name":"Aroma de vainilla - Distribuidor mayorista","isPartOf":{"@id":"https:\/\/naturalpoland.com\/es\/#website"},"primaryImageOfPage":{"@id":"https:\/\/naturalpoland.com\/es\/productos\/productos-para-la-industria-alimentaria\/aromas-es\/aromas-de-postre\/aroma-de-vainilla\/#primaryimage"},"image":{"@id":"https:\/\/naturalpoland.com\/es\/productos\/productos-para-la-industria-alimentaria\/aromas-es\/aromas-de-postre\/aroma-de-vainilla\/#primaryimage"},"thumbnailUrl":"https:\/\/naturalpoland.com\/wp-content\/uploads\/aromat-waniliowy.webp","datePublished":"2025-02-07T11:46:15+00:00","dateModified":"2025-02-07T13:58:50+00:00","description":"El aroma de vainilla es uno de los m\u00e1s cl\u00e1sicos y vers\u00e1tiles utilizados en la industria alimentaria y cosm\u00e9tica.","breadcrumb":{"@id":"https:\/\/naturalpoland.com\/es\/productos\/productos-para-la-industria-alimentaria\/aromas-es\/aromas-de-postre\/aroma-de-vainilla\/#breadcrumb"},"inLanguage":"es","potentialAction":[{"@type":"ReadAction","target":["https:\/\/naturalpoland.com\/es\/productos\/productos-para-la-industria-alimentaria\/aromas-es\/aromas-de-postre\/aroma-de-vainilla\/"]}]},{"@type":"ImageObject","inLanguage":"es","@id":"https:\/\/naturalpoland.com\/es\/productos\/productos-para-la-industria-alimentaria\/aromas-es\/aromas-de-postre\/aroma-de-vainilla\/#primaryimage","url":"https:\/\/naturalpoland.com\/wp-content\/uploads\/aromat-waniliowy.webp","contentUrl":"https:\/\/naturalpoland.com\/wp-content\/uploads\/aromat-waniliowy.webp","width":596,"height":596,"caption":"aromat waniliowy p\u0142ynny i proszkowy"},{"@type":"BreadcrumbList","@id":"https:\/\/naturalpoland.com\/es\/productos\/productos-para-la-industria-alimentaria\/aromas-es\/aromas-de-postre\/aroma-de-vainilla\/#breadcrumb","itemListElement":[{"@type":"ListItem","position":1,"name":"Inicio","item":"https:\/\/naturalpoland.com\/es\/"},{"@type":"ListItem","position":2,"name":"Productos","item":"https:\/\/naturalpoland.com\/es\/productos\/"},{"@type":"ListItem","position":3,"name":"Aroma de vainilla"}]},{"@type":"WebSite","@id":"https:\/\/naturalpoland.com\/es\/#website","url":"https:\/\/naturalpoland.com\/es\/","name":"NATURAL POLAND - Distribuidor Mayorista de Materias Primas","description":"Surowce dla przemys\u0142u spo\u017cywczego, kosmetycznego i farmaceutycznego","publisher":{"@id":"https:\/\/naturalpoland.com\/es\/#organization"},"potentialAction":[{"@type":"SearchAction","target":{"@type":"EntryPoint","urlTemplate":"https:\/\/naturalpoland.com\/es\/?s={search_term_string}"},"query-input":{"@type":"PropertyValueSpecification","valueRequired":true,"valueName":"search_term_string"}}],"inLanguage":"es"},{"@type":"Organization","@id":"https:\/\/naturalpoland.com\/es\/#organization","name":"Natural Poland","url":"https:\/\/naturalpoland.com\/es\/","logo":{"@type":"ImageObject","inLanguage":"es","@id":"https:\/\/naturalpoland.com\/es\/#\/schema\/logo\/image\/","url":"https:\/\/naturalpoland.com\/wp-content\/uploads\/2021\/05\/natural-poland-icon.png","contentUrl":"https:\/\/naturalpoland.com\/wp-content\/uploads\/2021\/05\/natural-poland-icon.png","width":512,"height":512,"caption":"Natural Poland"},"image":{"@id":"https:\/\/naturalpoland.com\/es\/#\/schema\/logo\/image\/"},"sameAs":["https:\/\/www.facebook.com\/naturalpoland.b2b","https:\/\/pl.linkedin.com\/company\/natural-poland","https:\/\/www.youtube.com\/channel\/UCgeGGkvOMahZo-xu_MSEWxg"]}]}},"_links":{"self":[{"href":"https:\/\/naturalpoland.com\/es\/wp-json\/wp\/v2\/product\/39368","targetHints":{"allow":["GET"]}}],"collection":[{"href":"https:\/\/naturalpoland.com\/es\/wp-json\/wp\/v2\/product"}],"about":[{"href":"https:\/\/naturalpoland.com\/es\/wp-json\/wp\/v2\/types\/product"}],"wp:featuredmedia":[{"embeddable":true,"href":"https:\/\/naturalpoland.com\/es\/wp-json\/wp\/v2\/media\/39271"}],"wp:attachment":[{"href":"https:\/\/naturalpoland.com\/es\/wp-json\/wp\/v2\/media?parent=39368"}],"wp:term":[{"taxonomy":"product_brand","embeddable":true,"href":"https:\/\/naturalpoland.com\/es\/wp-json\/wp\/v2\/product_brand?post=39368"},{"taxonomy":"product_cat","embeddable":true,"href":"https:\/\/naturalpoland.com\/es\/wp-json\/wp\/v2\/product_cat?post=39368"},{"taxonomy":"product_tag","embeddable":true,"href":"https:\/\/naturalpoland.com\/es\/wp-json\/wp\/v2\/product_tag?post=39368"}],"curies":[{"name":"wp","href":"https:\/\/api.w.org\/{rel}","templated":true}]}}