{"id":39399,"date":"2025-02-07T13:34:05","date_gmt":"2025-02-07T12:34:05","guid":{"rendered":"https:\/\/naturalpoland.com\/produkty\/sin categor\u00eda\/aroma-de-fresa\/"},"modified":"2025-02-07T15:15:38","modified_gmt":"2025-02-07T14:15:38","slug":"aroma-de-fresa","status":"publish","type":"product","link":"https:\/\/naturalpoland.com\/es\/productos\/productos-para-la-industria-alimentaria\/aromas-es\/aromas-frutales\/aroma-de-fresa\/","title":{"rendered":"Aroma de fresa"},"content":{"rendered":"<h2>Aromas naturales de fresa<\/h2>\n<h3>Aroma natural l\u00edquido de fresa<\/h3>\n<p>Los aromas naturales son composiciones de m\u00e1xima calidad, que reproducen fielmente el aroma de la fruta real. <strong> El AROMA DE<\/strong> FRESA <strong> CUANTITATIVO WONF<\/strong>, con su car\u00e1cter profundo y burdeos, reproduce perfectamente una fresa madura y jugosa, y es resistente a las altas temperaturas. Se recomienda para productos horneados y aplicaciones que requieran estabilidad al calor. La segunda variante de este sabor combina un equilibrio entre carne madura y sutiles notas verdes que le dan un car\u00e1cter fresco y natural.   <\/p>\n<p>En cambio, <strong>el AROMATE<\/strong> DE FRESA <strong>NATURAL<\/strong> es una fresa cl\u00e1sica, fresca y madura, cuya intensidad y autenticidad funciona bien en aplicaciones de primera calidad.<\/p>\n<h3>Aroma natural de fresa en polvo<\/h3>\n<p>Los aromas en polvo est\u00e1n dise\u00f1ados para su uso en productos de mezcla seca. El aroma en polvo <strong>WONF QUALITY TRUSKberry<\/strong> es la esencia de la fresa madura de Borgo\u00f1a, que capta la profundidad y plenitud de sabor de esta fruta. <\/p>\n<p>&nbsp;<\/p>\n<h2>Sabores de fresa l\u00edquida:<\/h2>\n<p>Nuestra gama tambi\u00e9n incluye <strong>sabores de fresa l\u00edquida de car\u00e1cter variado<\/strong>, adaptados a las necesidades espec\u00edficas de los fabricantes de alimentos: <\/p>\n<ul>\n<li><strong>TRUCK LANDRINE<\/strong> se distingue por su car\u00e1cter dulce y acaramelado, con notas de cereza y frambuesa,<\/li>\n<li><strong>CONCENTRATED TRUCK<\/strong> es el intenso aroma de las fresas frescas y dulces recogidas directamente del arbusto,<\/li>\n<li><strong>EL AROMA DE LA TRUSKBERRY MUY MADURA Y DULCE <\/strong>acent\u00faa la profundidad de sabor de la fruta madura,<\/li>\n<li><strong>EXOTIC TRUSCRAVY AROMATIC<\/strong> combina fresa jugosa con acentos ex\u00f3ticos,<\/li>\n<li><strong>El AROMATICO FRESA BLANCA <\/strong>es una combinaci\u00f3n de fresas frescas y zumo de pi\u00f1a madura,<\/li>\n<li><strong>El AROMATE DE TRUSCUMBRE PARA POSTRE<\/strong> es una variante con un toque cremoso y l\u00e1cteo que combina perfectamente en helados, flanes y rellenos de reposter\u00eda,<\/li>\n<li><strong>Aroma a fresa madura<\/strong>: fresa plena y jugosa,<\/li>\n<li><strong>KASHUBA TRUSKAWKA AROMATIC <\/strong>tiene un aroma m\u00e1s elaborado, a fresa,<\/li>\n<li><strong>TRUSKAWAWAK PREMIUM AROMATE<\/strong> es una fresa arom\u00e1tica y dulce con acento de fresa,<\/li>\n<li><strong>El AROMATE PARA PASTEL TRUSKAWAWA<\/strong> ofrece un delicado toque de nata, que recuerda a los productos de pasteler\u00eda y cremas tradicionales.<\/li>\n<\/ul>\n<p>&nbsp;<\/p>\n","protected":false},"excerpt":{"rendered":"<p>El aroma de fresa es una de las fragancias m\u00e1s populares y vers\u00e1tiles utilizadas en la industria alimentaria. Gracias a su amplia gama de variantes, los aromas de fresa pueden adaptarse a una gran variedad de aplicaciones: desde notas intensas y terrosas hasta composiciones naturales que imitan la fruta fresca. <\/p>\n","protected":false},"featured_media":39298,"template":"","meta":{"_acf_changed":false},"product_brand":[],"product_cat":[7642],"product_tag":[],"class_list":{"0":"post-39399","1":"product","2":"type-product","3":"status-publish","4":"has-post-thumbnail","6":"product_cat-aromas-frutales","8":"first","9":"instock","10":"shipping-taxable","11":"product-type-simple"},"acf":[],"yoast_head":"<!-- This site is optimized with the Yoast SEO plugin v27.4 - https:\/\/yoast.com\/product\/yoast-seo-wordpress\/ -->\n<title>Aroma de fresa - Distribuidor mayorista<\/title>\n<meta name=\"description\" content=\"El aroma de fresa es una de las fragancias m\u00e1s populares y vers\u00e1tiles utilizadas en la industria alimentaria y cosm\u00e9tica.\" \/>\n<meta name=\"robots\" content=\"index, follow, max-snippet:-1, max-image-preview:large, max-video-preview:-1\" \/>\n<link rel=\"canonical\" href=\"https:\/\/naturalpoland.com\/es\/productos\/productos-para-la-industria-alimentaria\/aromas-es\/aromas-frutales\/aroma-de-fresa\/\" \/>\n<meta property=\"og:locale\" content=\"es_ES\" \/>\n<meta property=\"og:type\" content=\"article\" \/>\n<meta property=\"og:title\" content=\"Aroma de fresa - Distribuidor mayorista\" \/>\n<meta property=\"og:description\" content=\"El aroma de fresa es una de las fragancias m\u00e1s populares y vers\u00e1tiles utilizadas en la industria alimentaria y cosm\u00e9tica.\" \/>\n<meta property=\"og:url\" content=\"https:\/\/naturalpoland.com\/es\/productos\/productos-para-la-industria-alimentaria\/aromas-es\/aromas-frutales\/aroma-de-fresa\/\" \/>\n<meta property=\"og:site_name\" content=\"NATURAL POLAND - Distribuidor Mayorista de Materias Primas\" \/>\n<meta property=\"article:publisher\" content=\"https:\/\/www.facebook.com\/naturalpoland.b2b\" \/>\n<meta property=\"article:modified_time\" content=\"2025-02-07T14:15:38+00:00\" \/>\n<meta property=\"og:image\" content=\"https:\/\/naturalpoland.com\/wp-content\/uploads\/aromat-truskawkowy.webp\" \/>\n\t<meta property=\"og:image:width\" content=\"596\" \/>\n\t<meta property=\"og:image:height\" content=\"596\" \/>\n\t<meta property=\"og:image:type\" content=\"image\/webp\" \/>\n<script type=\"application\/ld+json\" class=\"yoast-schema-graph\">{\"@context\":\"https:\\\/\\\/schema.org\",\"@graph\":[{\"@type\":\"WebPage\",\"@id\":\"https:\\\/\\\/naturalpoland.com\\\/es\\\/productos\\\/productos-para-la-industria-alimentaria\\\/aromas-es\\\/aromas-frutales\\\/aroma-de-fresa\\\/\",\"url\":\"https:\\\/\\\/naturalpoland.com\\\/es\\\/productos\\\/productos-para-la-industria-alimentaria\\\/aromas-es\\\/aromas-frutales\\\/aroma-de-fresa\\\/\",\"name\":\"Aroma de fresa - Distribuidor mayorista\",\"isPartOf\":{\"@id\":\"https:\\\/\\\/naturalpoland.com\\\/es\\\/#website\"},\"primaryImageOfPage\":{\"@id\":\"https:\\\/\\\/naturalpoland.com\\\/es\\\/productos\\\/productos-para-la-industria-alimentaria\\\/aromas-es\\\/aromas-frutales\\\/aroma-de-fresa\\\/#primaryimage\"},\"image\":{\"@id\":\"https:\\\/\\\/naturalpoland.com\\\/es\\\/productos\\\/productos-para-la-industria-alimentaria\\\/aromas-es\\\/aromas-frutales\\\/aroma-de-fresa\\\/#primaryimage\"},\"thumbnailUrl\":\"https:\\\/\\\/naturalpoland.com\\\/wp-content\\\/uploads\\\/aromat-truskawkowy.webp\",\"datePublished\":\"2025-02-07T12:34:05+00:00\",\"dateModified\":\"2025-02-07T14:15:38+00:00\",\"description\":\"El aroma de fresa es una de las fragancias m\u00e1s populares y vers\u00e1tiles utilizadas en la industria alimentaria y cosm\u00e9tica.\",\"breadcrumb\":{\"@id\":\"https:\\\/\\\/naturalpoland.com\\\/es\\\/productos\\\/productos-para-la-industria-alimentaria\\\/aromas-es\\\/aromas-frutales\\\/aroma-de-fresa\\\/#breadcrumb\"},\"inLanguage\":\"es\",\"potentialAction\":[{\"@type\":\"ReadAction\",\"target\":[\"https:\\\/\\\/naturalpoland.com\\\/es\\\/productos\\\/productos-para-la-industria-alimentaria\\\/aromas-es\\\/aromas-frutales\\\/aroma-de-fresa\\\/\"]}]},{\"@type\":\"ImageObject\",\"inLanguage\":\"es\",\"@id\":\"https:\\\/\\\/naturalpoland.com\\\/es\\\/productos\\\/productos-para-la-industria-alimentaria\\\/aromas-es\\\/aromas-frutales\\\/aroma-de-fresa\\\/#primaryimage\",\"url\":\"https:\\\/\\\/naturalpoland.com\\\/wp-content\\\/uploads\\\/aromat-truskawkowy.webp\",\"contentUrl\":\"https:\\\/\\\/naturalpoland.com\\\/wp-content\\\/uploads\\\/aromat-truskawkowy.webp\",\"width\":596,\"height\":596,\"caption\":\"aromat truskawkowy\"},{\"@type\":\"BreadcrumbList\",\"@id\":\"https:\\\/\\\/naturalpoland.com\\\/es\\\/productos\\\/productos-para-la-industria-alimentaria\\\/aromas-es\\\/aromas-frutales\\\/aroma-de-fresa\\\/#breadcrumb\",\"itemListElement\":[{\"@type\":\"ListItem\",\"position\":1,\"name\":\"Inicio\",\"item\":\"https:\\\/\\\/naturalpoland.com\\\/es\\\/\"},{\"@type\":\"ListItem\",\"position\":2,\"name\":\"Productos\",\"item\":\"https:\\\/\\\/naturalpoland.com\\\/es\\\/productos\\\/\"},{\"@type\":\"ListItem\",\"position\":3,\"name\":\"Aroma de fresa\"}]},{\"@type\":\"WebSite\",\"@id\":\"https:\\\/\\\/naturalpoland.com\\\/es\\\/#website\",\"url\":\"https:\\\/\\\/naturalpoland.com\\\/es\\\/\",\"name\":\"NATURAL POLAND - Distribuidor Mayorista de Materias Primas\",\"description\":\"Surowce dla przemys\u0142u spo\u017cywczego, kosmetycznego i farmaceutycznego\",\"publisher\":{\"@id\":\"https:\\\/\\\/naturalpoland.com\\\/es\\\/#organization\"},\"potentialAction\":[{\"@type\":\"SearchAction\",\"target\":{\"@type\":\"EntryPoint\",\"urlTemplate\":\"https:\\\/\\\/naturalpoland.com\\\/es\\\/?s={search_term_string}\"},\"query-input\":{\"@type\":\"PropertyValueSpecification\",\"valueRequired\":true,\"valueName\":\"search_term_string\"}}],\"inLanguage\":\"es\"},{\"@type\":\"Organization\",\"@id\":\"https:\\\/\\\/naturalpoland.com\\\/es\\\/#organization\",\"name\":\"Natural Poland\",\"url\":\"https:\\\/\\\/naturalpoland.com\\\/es\\\/\",\"logo\":{\"@type\":\"ImageObject\",\"inLanguage\":\"es\",\"@id\":\"https:\\\/\\\/naturalpoland.com\\\/es\\\/#\\\/schema\\\/logo\\\/image\\\/\",\"url\":\"https:\\\/\\\/naturalpoland.com\\\/wp-content\\\/uploads\\\/2021\\\/05\\\/natural-poland-icon.png\",\"contentUrl\":\"https:\\\/\\\/naturalpoland.com\\\/wp-content\\\/uploads\\\/2021\\\/05\\\/natural-poland-icon.png\",\"width\":512,\"height\":512,\"caption\":\"Natural Poland\"},\"image\":{\"@id\":\"https:\\\/\\\/naturalpoland.com\\\/es\\\/#\\\/schema\\\/logo\\\/image\\\/\"},\"sameAs\":[\"https:\\\/\\\/www.facebook.com\\\/naturalpoland.b2b\",\"https:\\\/\\\/pl.linkedin.com\\\/company\\\/natural-poland\",\"https:\\\/\\\/www.youtube.com\\\/channel\\\/UCgeGGkvOMahZo-xu_MSEWxg\"]}]}<\/script>\n<!-- \/ Yoast SEO plugin. -->","yoast_head_json":{"title":"Aroma de fresa - Distribuidor mayorista","description":"El aroma de fresa es una de las fragancias m\u00e1s populares y vers\u00e1tiles utilizadas en la industria alimentaria y cosm\u00e9tica.","robots":{"index":"index","follow":"follow","max-snippet":"max-snippet:-1","max-image-preview":"max-image-preview:large","max-video-preview":"max-video-preview:-1"},"canonical":"https:\/\/naturalpoland.com\/es\/productos\/productos-para-la-industria-alimentaria\/aromas-es\/aromas-frutales\/aroma-de-fresa\/","og_locale":"es_ES","og_type":"article","og_title":"Aroma de fresa - Distribuidor mayorista","og_description":"El aroma de fresa es una de las fragancias m\u00e1s populares y vers\u00e1tiles utilizadas en la industria alimentaria y cosm\u00e9tica.","og_url":"https:\/\/naturalpoland.com\/es\/productos\/productos-para-la-industria-alimentaria\/aromas-es\/aromas-frutales\/aroma-de-fresa\/","og_site_name":"NATURAL POLAND - Distribuidor Mayorista de Materias Primas","article_publisher":"https:\/\/www.facebook.com\/naturalpoland.b2b","article_modified_time":"2025-02-07T14:15:38+00:00","og_image":[{"width":596,"height":596,"url":"https:\/\/naturalpoland.com\/wp-content\/uploads\/aromat-truskawkowy.webp","type":"image\/webp"}],"schema":{"@context":"https:\/\/schema.org","@graph":[{"@type":"WebPage","@id":"https:\/\/naturalpoland.com\/es\/productos\/productos-para-la-industria-alimentaria\/aromas-es\/aromas-frutales\/aroma-de-fresa\/","url":"https:\/\/naturalpoland.com\/es\/productos\/productos-para-la-industria-alimentaria\/aromas-es\/aromas-frutales\/aroma-de-fresa\/","name":"Aroma de fresa - Distribuidor mayorista","isPartOf":{"@id":"https:\/\/naturalpoland.com\/es\/#website"},"primaryImageOfPage":{"@id":"https:\/\/naturalpoland.com\/es\/productos\/productos-para-la-industria-alimentaria\/aromas-es\/aromas-frutales\/aroma-de-fresa\/#primaryimage"},"image":{"@id":"https:\/\/naturalpoland.com\/es\/productos\/productos-para-la-industria-alimentaria\/aromas-es\/aromas-frutales\/aroma-de-fresa\/#primaryimage"},"thumbnailUrl":"https:\/\/naturalpoland.com\/wp-content\/uploads\/aromat-truskawkowy.webp","datePublished":"2025-02-07T12:34:05+00:00","dateModified":"2025-02-07T14:15:38+00:00","description":"El aroma de fresa es una de las fragancias m\u00e1s populares y vers\u00e1tiles utilizadas en la industria alimentaria y cosm\u00e9tica.","breadcrumb":{"@id":"https:\/\/naturalpoland.com\/es\/productos\/productos-para-la-industria-alimentaria\/aromas-es\/aromas-frutales\/aroma-de-fresa\/#breadcrumb"},"inLanguage":"es","potentialAction":[{"@type":"ReadAction","target":["https:\/\/naturalpoland.com\/es\/productos\/productos-para-la-industria-alimentaria\/aromas-es\/aromas-frutales\/aroma-de-fresa\/"]}]},{"@type":"ImageObject","inLanguage":"es","@id":"https:\/\/naturalpoland.com\/es\/productos\/productos-para-la-industria-alimentaria\/aromas-es\/aromas-frutales\/aroma-de-fresa\/#primaryimage","url":"https:\/\/naturalpoland.com\/wp-content\/uploads\/aromat-truskawkowy.webp","contentUrl":"https:\/\/naturalpoland.com\/wp-content\/uploads\/aromat-truskawkowy.webp","width":596,"height":596,"caption":"aromat truskawkowy"},{"@type":"BreadcrumbList","@id":"https:\/\/naturalpoland.com\/es\/productos\/productos-para-la-industria-alimentaria\/aromas-es\/aromas-frutales\/aroma-de-fresa\/#breadcrumb","itemListElement":[{"@type":"ListItem","position":1,"name":"Inicio","item":"https:\/\/naturalpoland.com\/es\/"},{"@type":"ListItem","position":2,"name":"Productos","item":"https:\/\/naturalpoland.com\/es\/productos\/"},{"@type":"ListItem","position":3,"name":"Aroma de fresa"}]},{"@type":"WebSite","@id":"https:\/\/naturalpoland.com\/es\/#website","url":"https:\/\/naturalpoland.com\/es\/","name":"NATURAL POLAND - Distribuidor Mayorista de Materias Primas","description":"Surowce dla przemys\u0142u spo\u017cywczego, kosmetycznego i farmaceutycznego","publisher":{"@id":"https:\/\/naturalpoland.com\/es\/#organization"},"potentialAction":[{"@type":"SearchAction","target":{"@type":"EntryPoint","urlTemplate":"https:\/\/naturalpoland.com\/es\/?s={search_term_string}"},"query-input":{"@type":"PropertyValueSpecification","valueRequired":true,"valueName":"search_term_string"}}],"inLanguage":"es"},{"@type":"Organization","@id":"https:\/\/naturalpoland.com\/es\/#organization","name":"Natural Poland","url":"https:\/\/naturalpoland.com\/es\/","logo":{"@type":"ImageObject","inLanguage":"es","@id":"https:\/\/naturalpoland.com\/es\/#\/schema\/logo\/image\/","url":"https:\/\/naturalpoland.com\/wp-content\/uploads\/2021\/05\/natural-poland-icon.png","contentUrl":"https:\/\/naturalpoland.com\/wp-content\/uploads\/2021\/05\/natural-poland-icon.png","width":512,"height":512,"caption":"Natural Poland"},"image":{"@id":"https:\/\/naturalpoland.com\/es\/#\/schema\/logo\/image\/"},"sameAs":["https:\/\/www.facebook.com\/naturalpoland.b2b","https:\/\/pl.linkedin.com\/company\/natural-poland","https:\/\/www.youtube.com\/channel\/UCgeGGkvOMahZo-xu_MSEWxg"]}]}},"_links":{"self":[{"href":"https:\/\/naturalpoland.com\/es\/wp-json\/wp\/v2\/product\/39399","targetHints":{"allow":["GET"]}}],"collection":[{"href":"https:\/\/naturalpoland.com\/es\/wp-json\/wp\/v2\/product"}],"about":[{"href":"https:\/\/naturalpoland.com\/es\/wp-json\/wp\/v2\/types\/product"}],"wp:featuredmedia":[{"embeddable":true,"href":"https:\/\/naturalpoland.com\/es\/wp-json\/wp\/v2\/media\/39298"}],"wp:attachment":[{"href":"https:\/\/naturalpoland.com\/es\/wp-json\/wp\/v2\/media?parent=39399"}],"wp:term":[{"taxonomy":"product_brand","embeddable":true,"href":"https:\/\/naturalpoland.com\/es\/wp-json\/wp\/v2\/product_brand?post=39399"},{"taxonomy":"product_cat","embeddable":true,"href":"https:\/\/naturalpoland.com\/es\/wp-json\/wp\/v2\/product_cat?post=39399"},{"taxonomy":"product_tag","embeddable":true,"href":"https:\/\/naturalpoland.com\/es\/wp-json\/wp\/v2\/product_tag?post=39399"}],"curies":[{"name":"wp","href":"https:\/\/api.w.org\/{rel}","templated":true}]}}