{"id":40330,"date":"2025-03-07T13:42:40","date_gmt":"2025-03-07T14:03:24","guid":{"rendered":"https:\/\/naturalpoland.com\/produkty\/sin categor\u00eda\/colorantes-hidrosolubles\/"},"modified":"2025-03-07T15:03:24","modified_gmt":"2025-03-07T14:03:24","slug":"colorantes-hidrosolubles","status":"publish","type":"product","link":"https:\/\/naturalpoland.com\/es\/productos\/productos-para-la-industria-cosmetica\/colorantes-cosmeticos\/colorantes-hidrosolubles\/","title":{"rendered":"Colorantes hidrosolubles"},"content":{"rendered":"<h2>Ventajas de los colorantes hidrosolubles<\/h2>\n<ul>\n<li>Se mezcla bien con bases cosm\u00e9ticas acuosas<\/li>\n<li>Da a los cosm\u00e9ticos una coloraci\u00f3n uniforme y no forma dep\u00f3sitos<\/li>\n<li>Puede utilizarse en f\u00f3rmulas transparentes y transl\u00facidas<\/li>\n<li>No se depositan en la piel<\/li>\n<li>Puede utilizarse tanto en cosm\u00e9ticos naturales como sint\u00e9ticos<\/li>\n<li>Disponible en una amplia gama de tonos<\/li>\n<li>Dar a los cosm\u00e9ticos colores distintivos<\/li>\n<li>Son m\u00e1s transparentes que los pigmentos y no dan un efecto opaco<\/li>\n<li>Pueden combinarse con otros tintes para conseguir tonos \u00fanicos<\/li>\n<\/ul>\n<h2>Tipos de colorantes hidrosolubles<\/h2>\n<h3>PIGMENTOS AMARILLO Y NARANJA<\/h3>\n<p>Dan tonos c\u00e1lidos y energizantes y se utilizan a menudo en productos para el cuidado de la piel. Algunos ejemplos de estos pigmentos son: <\/p>\n<ul>\n<li>Tartrazina (C.I. 19140) &#8211; utilizada en geles de ducha, jabones l\u00edquidos, champ\u00fas, acondicionadores, dent\u00edfricos y colutorios.<\/li>\n<li>Amarillo de quinole\u00edna (C.I. 47005) &#8211; recomendado para cosm\u00e9ticos de ba\u00f1o, lacas de u\u00f1as y lociones de higiene bucal<\/li>\n<li>Naranja II (C.I. 15510) &#8211; se encuentra en cremas solares, geles y jabones de manos y productos para el cuidado corporal<\/li>\n<\/ul>\n<h3>PIGMENTOS ROJO Y ROSA<\/h3>\n<p>Se utilizan principalmente en productos cosm\u00e9ticos para mujeres, tambi\u00e9n en productos de primera calidad. Ejemplos de estos colorantes son: <\/p>\n<ul>\n<li>Azorubina (C.I. 14720) &#8211; utilizada en lociones de ba\u00f1o, champ\u00fas, geles de ducha, cosm\u00e9ticos corporales<\/li>\n<li>Rojo 129 (C.I. 16035) &#8211; para uso en barras de labios y brillos en forma de gel, esmaltes de u\u00f1as y geles colorantes para el cabello<\/li>\n<li>Amaranto (C.I. 16185) &#8211; se utiliza en dent\u00edfricos, colutorios, lociones corporales y jabones l\u00edquidos<\/li>\n<\/ul>\n<h3>COLORANTES AZUL Y VERDE<\/h3>\n<p>Dan tonos frescos y fr\u00edos, ideales para limpiar y refrescar los cosm\u00e9ticos. Ejemplos: <\/p>\n<ul>\n<li>Azul brillante FCF (C.I. 42090) &#8211; utilizado en lociones para la higiene bucal, champ\u00fas, cosm\u00e9ticos para el ba\u00f1o y cosm\u00e9ticos para el cuidado del cabello<\/li>\n<li>Verde brillante G (C.I. 61570) &#8211; utilizado en jabones l\u00edquidos, champ\u00fas, dent\u00edfricos y cosm\u00e9ticos de ba\u00f1o<\/li>\n<li>Patente Blue V (C.I. 42051) &#8211; se utiliza en enjuagues bucales, geles antibacterianos, jabones y champ\u00fas<\/li>\n<\/ul>\n<h3>TINTES NEGROS Y MARRONES<\/h3>\n<p>Se utilizan para oscurecer las f\u00f3rmulas cosm\u00e9ticas y darles profundidad de color. Estos colorantes incluyen: <\/p>\n<ul>\n<li>Negro brillante BN (C.I. 28440) &#8211; utilizado en tintes capilares, jabones l\u00edquidos y dent\u00edfricos<\/li>\n<li>Bronce GA 1007 (C.I. 18965, 14720, 42045) &#8211; se encuentra en geles colorantes para el cabello, productos de ba\u00f1o y champ\u00fas<\/li>\n<\/ul>\n<p>&nbsp;<\/p>\n<p>&nbsp;<\/p>\n","protected":false},"excerpt":{"rendered":"<p>Los colorantes hidrosolubles son sustancias colorantes sint\u00e9ticas o naturales que se dispersan completamente en la base cosm\u00e9tica. Se utilizan en cosm\u00e9ticos l\u00edquidos y en gel, como geles de ba\u00f1o, champ\u00fas, jabones, dent\u00edfricos, colutorios, as\u00ed como cosm\u00e9ticos corporales y maquillaje. <\/p>\n","protected":false},"featured_media":40307,"template":"","meta":[],"product_brand":[],"product_cat":[7798],"product_tag":[],"class_list":{"0":"post-40330","1":"product","2":"type-product","3":"status-publish","4":"has-post-thumbnail","6":"product_cat-colorantes-cosmeticos","8":"first","9":"instock","10":"shipping-taxable","11":"product-type-simple"},"yoast_head":"<!-- This site is optimized with the Yoast SEO plugin v27.3 - https:\/\/yoast.com\/product\/yoast-seo-wordpress\/ -->\n<title>Colorantes hidrosolubles - Distribuidor mayorista<\/title>\n<meta name=\"description\" content=\"Los pigmentos solubles en agua son ingredientes clave en los cosm\u00e9ticos l\u00edquidos y en gel. Garantizan colores intensos y uniformes.\" \/>\n<meta name=\"robots\" content=\"index, follow, max-snippet:-1, max-image-preview:large, max-video-preview:-1\" \/>\n<link rel=\"canonical\" href=\"https:\/\/naturalpoland.com\/es\/productos\/productos-para-la-industria-cosmetica\/colorantes-cosmeticos\/colorantes-hidrosolubles\/\" \/>\n<meta property=\"og:locale\" content=\"es_ES\" \/>\n<meta property=\"og:type\" content=\"article\" \/>\n<meta property=\"og:title\" content=\"Colorantes hidrosolubles - Distribuidor mayorista\" \/>\n<meta property=\"og:description\" content=\"Los pigmentos solubles en agua son ingredientes clave en los cosm\u00e9ticos l\u00edquidos y en gel. Garantizan colores intensos y uniformes.\" \/>\n<meta property=\"og:url\" content=\"https:\/\/naturalpoland.com\/es\/productos\/productos-para-la-industria-cosmetica\/colorantes-cosmeticos\/colorantes-hidrosolubles\/\" \/>\n<meta property=\"og:site_name\" content=\"NATURAL POLAND - Distribuidor Mayorista de Materias Primas\" \/>\n<meta property=\"article:publisher\" content=\"https:\/\/www.facebook.com\/naturalpoland.b2b\" \/>\n<meta property=\"og:image\" content=\"https:\/\/naturalpoland.com\/wp-content\/uploads\/barwniki-rozpuszczalne-w-wodzie.webp\" \/>\n\t<meta property=\"og:image:width\" content=\"821\" \/>\n\t<meta property=\"og:image:height\" content=\"821\" \/>\n\t<meta property=\"og:image:type\" content=\"image\/webp\" \/>\n<script type=\"application\/ld+json\" class=\"yoast-schema-graph\">{\"@context\":\"https:\\\/\\\/schema.org\",\"@graph\":[{\"@type\":\"WebPage\",\"@id\":\"https:\\\/\\\/naturalpoland.com\\\/es\\\/productos\\\/productos-para-la-industria-cosmetica\\\/colorantes-cosmeticos\\\/colorantes-hidrosolubles\\\/\",\"url\":\"https:\\\/\\\/naturalpoland.com\\\/es\\\/productos\\\/productos-para-la-industria-cosmetica\\\/colorantes-cosmeticos\\\/colorantes-hidrosolubles\\\/\",\"name\":\"Colorantes hidrosolubles - Distribuidor mayorista\",\"isPartOf\":{\"@id\":\"https:\\\/\\\/naturalpoland.com\\\/es\\\/#website\"},\"primaryImageOfPage\":{\"@id\":\"https:\\\/\\\/naturalpoland.com\\\/es\\\/productos\\\/productos-para-la-industria-cosmetica\\\/colorantes-cosmeticos\\\/colorantes-hidrosolubles\\\/#primaryimage\"},\"image\":{\"@id\":\"https:\\\/\\\/naturalpoland.com\\\/es\\\/productos\\\/productos-para-la-industria-cosmetica\\\/colorantes-cosmeticos\\\/colorantes-hidrosolubles\\\/#primaryimage\"},\"thumbnailUrl\":\"https:\\\/\\\/naturalpoland.com\\\/wp-content\\\/uploads\\\/barwniki-rozpuszczalne-w-wodzie.webp\",\"datePublished\":\"2025-03-07T14:03:24+00:00\",\"description\":\"Los pigmentos solubles en agua son ingredientes clave en los cosm\u00e9ticos l\u00edquidos y en gel. Garantizan colores intensos y uniformes.\",\"breadcrumb\":{\"@id\":\"https:\\\/\\\/naturalpoland.com\\\/es\\\/productos\\\/productos-para-la-industria-cosmetica\\\/colorantes-cosmeticos\\\/colorantes-hidrosolubles\\\/#breadcrumb\"},\"inLanguage\":\"es\",\"potentialAction\":[{\"@type\":\"ReadAction\",\"target\":[\"https:\\\/\\\/naturalpoland.com\\\/es\\\/productos\\\/productos-para-la-industria-cosmetica\\\/colorantes-cosmeticos\\\/colorantes-hidrosolubles\\\/\"]}]},{\"@type\":\"ImageObject\",\"inLanguage\":\"es\",\"@id\":\"https:\\\/\\\/naturalpoland.com\\\/es\\\/productos\\\/productos-para-la-industria-cosmetica\\\/colorantes-cosmeticos\\\/colorantes-hidrosolubles\\\/#primaryimage\",\"url\":\"https:\\\/\\\/naturalpoland.com\\\/wp-content\\\/uploads\\\/barwniki-rozpuszczalne-w-wodzie.webp\",\"contentUrl\":\"https:\\\/\\\/naturalpoland.com\\\/wp-content\\\/uploads\\\/barwniki-rozpuszczalne-w-wodzie.webp\",\"width\":821,\"height\":821,\"caption\":\"Barwniki rozpuszczalne w wodzie\"},{\"@type\":\"BreadcrumbList\",\"@id\":\"https:\\\/\\\/naturalpoland.com\\\/es\\\/productos\\\/productos-para-la-industria-cosmetica\\\/colorantes-cosmeticos\\\/colorantes-hidrosolubles\\\/#breadcrumb\",\"itemListElement\":[{\"@type\":\"ListItem\",\"position\":1,\"name\":\"Inicio\",\"item\":\"https:\\\/\\\/naturalpoland.com\\\/es\\\/\"},{\"@type\":\"ListItem\",\"position\":2,\"name\":\"Productos\",\"item\":\"https:\\\/\\\/naturalpoland.com\\\/es\\\/productos\\\/\"},{\"@type\":\"ListItem\",\"position\":3,\"name\":\"Colorantes hidrosolubles\"}]},{\"@type\":\"WebSite\",\"@id\":\"https:\\\/\\\/naturalpoland.com\\\/es\\\/#website\",\"url\":\"https:\\\/\\\/naturalpoland.com\\\/es\\\/\",\"name\":\"NATURAL POLAND - Distribuidor Mayorista de Materias Primas\",\"description\":\"Surowce dla przemys\u0142u spo\u017cywczego, kosmetycznego i farmaceutycznego\",\"publisher\":{\"@id\":\"https:\\\/\\\/naturalpoland.com\\\/es\\\/#organization\"},\"potentialAction\":[{\"@type\":\"SearchAction\",\"target\":{\"@type\":\"EntryPoint\",\"urlTemplate\":\"https:\\\/\\\/naturalpoland.com\\\/es\\\/?s={search_term_string}\"},\"query-input\":{\"@type\":\"PropertyValueSpecification\",\"valueRequired\":true,\"valueName\":\"search_term_string\"}}],\"inLanguage\":\"es\"},{\"@type\":\"Organization\",\"@id\":\"https:\\\/\\\/naturalpoland.com\\\/es\\\/#organization\",\"name\":\"Natural Poland\",\"url\":\"https:\\\/\\\/naturalpoland.com\\\/es\\\/\",\"logo\":{\"@type\":\"ImageObject\",\"inLanguage\":\"es\",\"@id\":\"https:\\\/\\\/naturalpoland.com\\\/es\\\/#\\\/schema\\\/logo\\\/image\\\/\",\"url\":\"https:\\\/\\\/naturalpoland.com\\\/wp-content\\\/uploads\\\/2021\\\/05\\\/natural-poland-icon.png\",\"contentUrl\":\"https:\\\/\\\/naturalpoland.com\\\/wp-content\\\/uploads\\\/2021\\\/05\\\/natural-poland-icon.png\",\"width\":512,\"height\":512,\"caption\":\"Natural Poland\"},\"image\":{\"@id\":\"https:\\\/\\\/naturalpoland.com\\\/es\\\/#\\\/schema\\\/logo\\\/image\\\/\"},\"sameAs\":[\"https:\\\/\\\/www.facebook.com\\\/naturalpoland.b2b\",\"https:\\\/\\\/pl.linkedin.com\\\/company\\\/natural-poland\",\"https:\\\/\\\/www.youtube.com\\\/channel\\\/UCgeGGkvOMahZo-xu_MSEWxg\"]}]}<\/script>\n<!-- \/ Yoast SEO plugin. -->","yoast_head_json":{"title":"Colorantes hidrosolubles - Distribuidor mayorista","description":"Los pigmentos solubles en agua son ingredientes clave en los cosm\u00e9ticos l\u00edquidos y en gel. Garantizan colores intensos y uniformes.","robots":{"index":"index","follow":"follow","max-snippet":"max-snippet:-1","max-image-preview":"max-image-preview:large","max-video-preview":"max-video-preview:-1"},"canonical":"https:\/\/naturalpoland.com\/es\/productos\/productos-para-la-industria-cosmetica\/colorantes-cosmeticos\/colorantes-hidrosolubles\/","og_locale":"es_ES","og_type":"article","og_title":"Colorantes hidrosolubles - Distribuidor mayorista","og_description":"Los pigmentos solubles en agua son ingredientes clave en los cosm\u00e9ticos l\u00edquidos y en gel. Garantizan colores intensos y uniformes.","og_url":"https:\/\/naturalpoland.com\/es\/productos\/productos-para-la-industria-cosmetica\/colorantes-cosmeticos\/colorantes-hidrosolubles\/","og_site_name":"NATURAL POLAND - Distribuidor Mayorista de Materias Primas","article_publisher":"https:\/\/www.facebook.com\/naturalpoland.b2b","og_image":[{"width":821,"height":821,"url":"https:\/\/naturalpoland.com\/wp-content\/uploads\/barwniki-rozpuszczalne-w-wodzie.webp","type":"image\/webp"}],"schema":{"@context":"https:\/\/schema.org","@graph":[{"@type":"WebPage","@id":"https:\/\/naturalpoland.com\/es\/productos\/productos-para-la-industria-cosmetica\/colorantes-cosmeticos\/colorantes-hidrosolubles\/","url":"https:\/\/naturalpoland.com\/es\/productos\/productos-para-la-industria-cosmetica\/colorantes-cosmeticos\/colorantes-hidrosolubles\/","name":"Colorantes hidrosolubles - Distribuidor mayorista","isPartOf":{"@id":"https:\/\/naturalpoland.com\/es\/#website"},"primaryImageOfPage":{"@id":"https:\/\/naturalpoland.com\/es\/productos\/productos-para-la-industria-cosmetica\/colorantes-cosmeticos\/colorantes-hidrosolubles\/#primaryimage"},"image":{"@id":"https:\/\/naturalpoland.com\/es\/productos\/productos-para-la-industria-cosmetica\/colorantes-cosmeticos\/colorantes-hidrosolubles\/#primaryimage"},"thumbnailUrl":"https:\/\/naturalpoland.com\/wp-content\/uploads\/barwniki-rozpuszczalne-w-wodzie.webp","datePublished":"2025-03-07T14:03:24+00:00","description":"Los pigmentos solubles en agua son ingredientes clave en los cosm\u00e9ticos l\u00edquidos y en gel. Garantizan colores intensos y uniformes.","breadcrumb":{"@id":"https:\/\/naturalpoland.com\/es\/productos\/productos-para-la-industria-cosmetica\/colorantes-cosmeticos\/colorantes-hidrosolubles\/#breadcrumb"},"inLanguage":"es","potentialAction":[{"@type":"ReadAction","target":["https:\/\/naturalpoland.com\/es\/productos\/productos-para-la-industria-cosmetica\/colorantes-cosmeticos\/colorantes-hidrosolubles\/"]}]},{"@type":"ImageObject","inLanguage":"es","@id":"https:\/\/naturalpoland.com\/es\/productos\/productos-para-la-industria-cosmetica\/colorantes-cosmeticos\/colorantes-hidrosolubles\/#primaryimage","url":"https:\/\/naturalpoland.com\/wp-content\/uploads\/barwniki-rozpuszczalne-w-wodzie.webp","contentUrl":"https:\/\/naturalpoland.com\/wp-content\/uploads\/barwniki-rozpuszczalne-w-wodzie.webp","width":821,"height":821,"caption":"Barwniki rozpuszczalne w wodzie"},{"@type":"BreadcrumbList","@id":"https:\/\/naturalpoland.com\/es\/productos\/productos-para-la-industria-cosmetica\/colorantes-cosmeticos\/colorantes-hidrosolubles\/#breadcrumb","itemListElement":[{"@type":"ListItem","position":1,"name":"Inicio","item":"https:\/\/naturalpoland.com\/es\/"},{"@type":"ListItem","position":2,"name":"Productos","item":"https:\/\/naturalpoland.com\/es\/productos\/"},{"@type":"ListItem","position":3,"name":"Colorantes hidrosolubles"}]},{"@type":"WebSite","@id":"https:\/\/naturalpoland.com\/es\/#website","url":"https:\/\/naturalpoland.com\/es\/","name":"NATURAL POLAND - Distribuidor Mayorista de Materias Primas","description":"Surowce dla przemys\u0142u spo\u017cywczego, kosmetycznego i farmaceutycznego","publisher":{"@id":"https:\/\/naturalpoland.com\/es\/#organization"},"potentialAction":[{"@type":"SearchAction","target":{"@type":"EntryPoint","urlTemplate":"https:\/\/naturalpoland.com\/es\/?s={search_term_string}"},"query-input":{"@type":"PropertyValueSpecification","valueRequired":true,"valueName":"search_term_string"}}],"inLanguage":"es"},{"@type":"Organization","@id":"https:\/\/naturalpoland.com\/es\/#organization","name":"Natural Poland","url":"https:\/\/naturalpoland.com\/es\/","logo":{"@type":"ImageObject","inLanguage":"es","@id":"https:\/\/naturalpoland.com\/es\/#\/schema\/logo\/image\/","url":"https:\/\/naturalpoland.com\/wp-content\/uploads\/2021\/05\/natural-poland-icon.png","contentUrl":"https:\/\/naturalpoland.com\/wp-content\/uploads\/2021\/05\/natural-poland-icon.png","width":512,"height":512,"caption":"Natural Poland"},"image":{"@id":"https:\/\/naturalpoland.com\/es\/#\/schema\/logo\/image\/"},"sameAs":["https:\/\/www.facebook.com\/naturalpoland.b2b","https:\/\/pl.linkedin.com\/company\/natural-poland","https:\/\/www.youtube.com\/channel\/UCgeGGkvOMahZo-xu_MSEWxg"]}]}},"_links":{"self":[{"href":"https:\/\/naturalpoland.com\/es\/wp-json\/wp\/v2\/product\/40330","targetHints":{"allow":["GET"]}}],"collection":[{"href":"https:\/\/naturalpoland.com\/es\/wp-json\/wp\/v2\/product"}],"about":[{"href":"https:\/\/naturalpoland.com\/es\/wp-json\/wp\/v2\/types\/product"}],"wp:featuredmedia":[{"embeddable":true,"href":"https:\/\/naturalpoland.com\/es\/wp-json\/wp\/v2\/media\/40307"}],"wp:attachment":[{"href":"https:\/\/naturalpoland.com\/es\/wp-json\/wp\/v2\/media?parent=40330"}],"wp:term":[{"taxonomy":"product_brand","embeddable":true,"href":"https:\/\/naturalpoland.com\/es\/wp-json\/wp\/v2\/product_brand?post=40330"},{"taxonomy":"product_cat","embeddable":true,"href":"https:\/\/naturalpoland.com\/es\/wp-json\/wp\/v2\/product_cat?post=40330"},{"taxonomy":"product_tag","embeddable":true,"href":"https:\/\/naturalpoland.com\/es\/wp-json\/wp\/v2\/product_tag?post=40330"}],"curies":[{"name":"wp","href":"https:\/\/api.w.org\/{rel}","templated":true}]}}