{"id":40357,"date":"2025-03-06T16:21:54","date_gmt":"2025-03-07T14:12:37","guid":{"rendered":"https:\/\/naturalpoland.com\/produkty\/sin categor\u00eda\/pigmentos-perlados\/"},"modified":"2025-03-07T15:12:37","modified_gmt":"2025-03-07T14:12:37","slug":"pigmentos-perlados","status":"publish","type":"product","link":"https:\/\/naturalpoland.com\/es\/productos\/productos-para-la-industria-cosmetica\/colorantes-cosmeticos\/pigmentos-perlados\/","title":{"rendered":"Pigmentos perlados"},"content":{"rendered":"<p>Los pigmentos perlados est\u00e1n formados por finas part\u00edculas minerales recubiertas de capas de \u00f3xidos met\u00e1licos, como el di\u00f3xido de titanio (C.I. 77891) o el \u00f3xido de hierro (C.I. 77491). Estas capas son las responsables de sus propiedades \u00f3pticas \u00fanicas. Estos pigmentos se utilizan mucho en cosm\u00e9ticos de color, especialmente en productos de maquillaje, lacas de u\u00f1as y productos para el cuidado del cabello y del cuerpo.  <\/p>\n<h2>Propiedades de los pigmentos nacarados:<\/h2>\n<ul>\n<li>tienen un efecto nacarado y resplandeciente, que refleja la luz para crear efectos brillantes, satinados y met\u00e1licos,<\/li>\n<li>seg\u00fan el \u00e1ngulo de incidencia de la luz, pueden cambiar de tonalidad,<\/li>\n<li>Se mezcla bien con otros pigmentos y bases cosm\u00e9ticas,<\/li>\n<li>son de origen inorg\u00e1nico, por lo que raramente provocan alergias y son estables,<\/li>\n<li>son resistentes al calor y a la luz: no se decoloran cuando se exponen a la luz ultravioleta, como ocurre con algunos pigmentos org\u00e1nicos,<\/li>\n<li>son populares en los productos premium.<\/li>\n<\/ul>\n<h2>Tipos de pigmentos nacarados:<\/h2>\n<h3>1. PIGMENTOS NACARADOS CL\u00c1SICOS<\/h3>\n<p>La mayor\u00eda de las veces se basan en la mica (C.I. 77019), que es un mineral natural y proporciona un soporte para el efecto nacarado. Estos pigmentos pueden tener efectos diferentes seg\u00fan los recubrimientos met\u00e1licos utilizados. Los colores m\u00e1s populares de los pigmentos nacarados cl\u00e1sicos son:  <\/p>\n<ul>\n<li>Nacarado dorado (C.I. 77491, 77891, Mica) &#8211; se utiliza en sombras de ojos, barras de labios, brillos, esmaltes de u\u00f1as y pinturas con efecto reflejo dorado<\/li>\n<li>Blanco nacarado (C.I. 77891, Mica) &#8211; se utiliza en iluminadores, polvos iluminadores, barras de labios brillantes, bases de maquillaje con efecto resplandeciente y cosm\u00e9ticos bronceadores<\/li>\n<li>Perla plateada (C.I. 77891, Mica) &#8211; se utiliza en esmaltes de u\u00f1as con efecto cromado, sombras de ojos y cosm\u00e9ticos capilares con efecto hologr\u00e1fico<\/li>\n<\/ul>\n<h3>2. PIGMENTOS NACARADOS DE INTERFERENCIA<\/h3>\n<p>Son pigmentos que cambian de color seg\u00fan el \u00e1ngulo de incidencia de la luz. Esto se debe a que la luz se refleja en las m\u00faltiples capas de \u00f3xidos met\u00e1licos, creando un efecto \u00f3ptico. Nuestra gama incluye, por ejemplo  <\/p>\n<ul>\n<li>Azul de interferencia &#8211; se utiliza en brillos, sombras de ojos y tintes para el pelo con efecto perlado<\/li>\n<li>Verde interferencia &#8211; utilizado en productos de maquillaje de ojos y esmaltes de u\u00f1as con efecto hologr\u00e1fico<\/li>\n<li>Rosa de interferencia &#8211; se utiliza en iluminadores, polvos, barras de labios y coloretes<\/li>\n<\/ul>\n<h3>3. PIGMENTOS MET\u00c1LICOS NACARADOS<\/h3>\n<p>Son pigmentos nacarados con un intenso brillo met\u00e1lico. Su estructura se asemeja a la de los pigmentos nacarados cl\u00e1sicos, pero tienen un mayor efecto reflectante de la luz. Se utilizan en lacas de u\u00f1as con efecto espejo, delineadores de ojos, sombras de ojos con efecto metalizado, barras de labios metalizadas y cosm\u00e9ticos para el peinado.  <\/p>\n<h3>4. PIGMENTOS NACARADOS CON EFECTO CAMALE\u00d3N<\/h3>\n<p>Son los pigmentos tecnol\u00f3gicamente m\u00e1s avanzados, que cambian de color seg\u00fan la luz y el \u00e1ngulo de visi\u00f3n. Son m\u00e1s caros, pero producen efectos visuales extraordinarios. Se utilizan en sombras de ojos con efecto \u00abduocromo\u00bb (bicolor), lacas de u\u00f1as con efecto hologr\u00e1fico y tintes de pelo con brillo nacarado.  <\/p>\n<p>&nbsp;<\/p>\n","protected":false},"excerpt":{"rendered":"<p>Los pigmentos perlados confieren a los productos cosm\u00e9ticos un efecto nacarado, met\u00e1lico o iridiscente. Tienen la capacidad de reflejar y dispersar la luz, por lo que crean un efecto brillante y una profundidad de color multidimensional. <\/p>\n","protected":false},"featured_media":40294,"template":"","meta":[],"product_brand":[],"product_cat":[7798],"product_tag":[],"class_list":{"0":"post-40357","1":"product","2":"type-product","3":"status-publish","4":"has-post-thumbnail","6":"product_cat-colorantes-cosmeticos","8":"first","9":"instock","10":"shipping-taxable","11":"product-type-simple"},"yoast_head":"<!-- This site is optimized with the Yoast SEO plugin v27.3 - https:\/\/yoast.com\/product\/yoast-seo-wordpress\/ -->\n<title>Pigmentos perlados - Distribuidor mayorista<\/title>\n<meta name=\"description\" content=\"Los pigmentos perlados son una categor\u00eda especial de pigmentos cosm\u00e9ticos que confieren a los productos un efecto nacarado, met\u00e1lico o iridiscente.\" \/>\n<meta name=\"robots\" content=\"index, follow, max-snippet:-1, max-image-preview:large, max-video-preview:-1\" \/>\n<link rel=\"canonical\" href=\"https:\/\/naturalpoland.com\/es\/productos\/productos-para-la-industria-cosmetica\/colorantes-cosmeticos\/pigmentos-perlados\/\" \/>\n<meta property=\"og:locale\" content=\"es_ES\" \/>\n<meta property=\"og:type\" content=\"article\" \/>\n<meta property=\"og:title\" content=\"Pigmentos perlados - Distribuidor mayorista\" \/>\n<meta property=\"og:description\" content=\"Los pigmentos perlados son una categor\u00eda especial de pigmentos cosm\u00e9ticos que confieren a los productos un efecto nacarado, met\u00e1lico o iridiscente.\" \/>\n<meta property=\"og:url\" content=\"https:\/\/naturalpoland.com\/es\/productos\/productos-para-la-industria-cosmetica\/colorantes-cosmeticos\/pigmentos-perlados\/\" \/>\n<meta property=\"og:site_name\" content=\"NATURAL POLAND - Distribuidor Mayorista de Materias Primas\" \/>\n<meta property=\"article:publisher\" content=\"https:\/\/www.facebook.com\/naturalpoland.b2b\" \/>\n<meta property=\"og:image\" content=\"https:\/\/naturalpoland.com\/wp-content\/uploads\/pigmenty-perlowe.webp\" \/>\n\t<meta property=\"og:image:width\" content=\"821\" \/>\n\t<meta property=\"og:image:height\" content=\"821\" \/>\n\t<meta property=\"og:image:type\" content=\"image\/webp\" \/>\n<script type=\"application\/ld+json\" class=\"yoast-schema-graph\">{\"@context\":\"https:\\\/\\\/schema.org\",\"@graph\":[{\"@type\":\"WebPage\",\"@id\":\"https:\\\/\\\/naturalpoland.com\\\/es\\\/productos\\\/productos-para-la-industria-cosmetica\\\/colorantes-cosmeticos\\\/pigmentos-perlados\\\/\",\"url\":\"https:\\\/\\\/naturalpoland.com\\\/es\\\/productos\\\/productos-para-la-industria-cosmetica\\\/colorantes-cosmeticos\\\/pigmentos-perlados\\\/\",\"name\":\"Pigmentos perlados - Distribuidor mayorista\",\"isPartOf\":{\"@id\":\"https:\\\/\\\/naturalpoland.com\\\/es\\\/#website\"},\"primaryImageOfPage\":{\"@id\":\"https:\\\/\\\/naturalpoland.com\\\/es\\\/productos\\\/productos-para-la-industria-cosmetica\\\/colorantes-cosmeticos\\\/pigmentos-perlados\\\/#primaryimage\"},\"image\":{\"@id\":\"https:\\\/\\\/naturalpoland.com\\\/es\\\/productos\\\/productos-para-la-industria-cosmetica\\\/colorantes-cosmeticos\\\/pigmentos-perlados\\\/#primaryimage\"},\"thumbnailUrl\":\"https:\\\/\\\/naturalpoland.com\\\/wp-content\\\/uploads\\\/pigmenty-perlowe.webp\",\"datePublished\":\"2025-03-07T14:12:37+00:00\",\"description\":\"Los pigmentos perlados son una categor\u00eda especial de pigmentos cosm\u00e9ticos que confieren a los productos un efecto nacarado, met\u00e1lico o iridiscente.\",\"breadcrumb\":{\"@id\":\"https:\\\/\\\/naturalpoland.com\\\/es\\\/productos\\\/productos-para-la-industria-cosmetica\\\/colorantes-cosmeticos\\\/pigmentos-perlados\\\/#breadcrumb\"},\"inLanguage\":\"es\",\"potentialAction\":[{\"@type\":\"ReadAction\",\"target\":[\"https:\\\/\\\/naturalpoland.com\\\/es\\\/productos\\\/productos-para-la-industria-cosmetica\\\/colorantes-cosmeticos\\\/pigmentos-perlados\\\/\"]}]},{\"@type\":\"ImageObject\",\"inLanguage\":\"es\",\"@id\":\"https:\\\/\\\/naturalpoland.com\\\/es\\\/productos\\\/productos-para-la-industria-cosmetica\\\/colorantes-cosmeticos\\\/pigmentos-perlados\\\/#primaryimage\",\"url\":\"https:\\\/\\\/naturalpoland.com\\\/wp-content\\\/uploads\\\/pigmenty-perlowe.webp\",\"contentUrl\":\"https:\\\/\\\/naturalpoland.com\\\/wp-content\\\/uploads\\\/pigmenty-perlowe.webp\",\"width\":821,\"height\":821,\"caption\":\"pigmenty per\u0142owe\"},{\"@type\":\"BreadcrumbList\",\"@id\":\"https:\\\/\\\/naturalpoland.com\\\/es\\\/productos\\\/productos-para-la-industria-cosmetica\\\/colorantes-cosmeticos\\\/pigmentos-perlados\\\/#breadcrumb\",\"itemListElement\":[{\"@type\":\"ListItem\",\"position\":1,\"name\":\"Inicio\",\"item\":\"https:\\\/\\\/naturalpoland.com\\\/es\\\/\"},{\"@type\":\"ListItem\",\"position\":2,\"name\":\"Productos\",\"item\":\"https:\\\/\\\/naturalpoland.com\\\/es\\\/productos\\\/\"},{\"@type\":\"ListItem\",\"position\":3,\"name\":\"Pigmentos perlados\"}]},{\"@type\":\"WebSite\",\"@id\":\"https:\\\/\\\/naturalpoland.com\\\/es\\\/#website\",\"url\":\"https:\\\/\\\/naturalpoland.com\\\/es\\\/\",\"name\":\"NATURAL POLAND - Distribuidor Mayorista de Materias Primas\",\"description\":\"Surowce dla przemys\u0142u spo\u017cywczego, kosmetycznego i farmaceutycznego\",\"publisher\":{\"@id\":\"https:\\\/\\\/naturalpoland.com\\\/es\\\/#organization\"},\"potentialAction\":[{\"@type\":\"SearchAction\",\"target\":{\"@type\":\"EntryPoint\",\"urlTemplate\":\"https:\\\/\\\/naturalpoland.com\\\/es\\\/?s={search_term_string}\"},\"query-input\":{\"@type\":\"PropertyValueSpecification\",\"valueRequired\":true,\"valueName\":\"search_term_string\"}}],\"inLanguage\":\"es\"},{\"@type\":\"Organization\",\"@id\":\"https:\\\/\\\/naturalpoland.com\\\/es\\\/#organization\",\"name\":\"Natural Poland\",\"url\":\"https:\\\/\\\/naturalpoland.com\\\/es\\\/\",\"logo\":{\"@type\":\"ImageObject\",\"inLanguage\":\"es\",\"@id\":\"https:\\\/\\\/naturalpoland.com\\\/es\\\/#\\\/schema\\\/logo\\\/image\\\/\",\"url\":\"https:\\\/\\\/naturalpoland.com\\\/wp-content\\\/uploads\\\/2021\\\/05\\\/natural-poland-icon.png\",\"contentUrl\":\"https:\\\/\\\/naturalpoland.com\\\/wp-content\\\/uploads\\\/2021\\\/05\\\/natural-poland-icon.png\",\"width\":512,\"height\":512,\"caption\":\"Natural Poland\"},\"image\":{\"@id\":\"https:\\\/\\\/naturalpoland.com\\\/es\\\/#\\\/schema\\\/logo\\\/image\\\/\"},\"sameAs\":[\"https:\\\/\\\/www.facebook.com\\\/naturalpoland.b2b\",\"https:\\\/\\\/pl.linkedin.com\\\/company\\\/natural-poland\",\"https:\\\/\\\/www.youtube.com\\\/channel\\\/UCgeGGkvOMahZo-xu_MSEWxg\"]}]}<\/script>\n<!-- \/ Yoast SEO plugin. -->","yoast_head_json":{"title":"Pigmentos perlados - Distribuidor mayorista","description":"Los pigmentos perlados son una categor\u00eda especial de pigmentos cosm\u00e9ticos que confieren a los productos un efecto nacarado, met\u00e1lico o iridiscente.","robots":{"index":"index","follow":"follow","max-snippet":"max-snippet:-1","max-image-preview":"max-image-preview:large","max-video-preview":"max-video-preview:-1"},"canonical":"https:\/\/naturalpoland.com\/es\/productos\/productos-para-la-industria-cosmetica\/colorantes-cosmeticos\/pigmentos-perlados\/","og_locale":"es_ES","og_type":"article","og_title":"Pigmentos perlados - Distribuidor mayorista","og_description":"Los pigmentos perlados son una categor\u00eda especial de pigmentos cosm\u00e9ticos que confieren a los productos un efecto nacarado, met\u00e1lico o iridiscente.","og_url":"https:\/\/naturalpoland.com\/es\/productos\/productos-para-la-industria-cosmetica\/colorantes-cosmeticos\/pigmentos-perlados\/","og_site_name":"NATURAL POLAND - Distribuidor Mayorista de Materias Primas","article_publisher":"https:\/\/www.facebook.com\/naturalpoland.b2b","og_image":[{"width":821,"height":821,"url":"https:\/\/naturalpoland.com\/wp-content\/uploads\/pigmenty-perlowe.webp","type":"image\/webp"}],"schema":{"@context":"https:\/\/schema.org","@graph":[{"@type":"WebPage","@id":"https:\/\/naturalpoland.com\/es\/productos\/productos-para-la-industria-cosmetica\/colorantes-cosmeticos\/pigmentos-perlados\/","url":"https:\/\/naturalpoland.com\/es\/productos\/productos-para-la-industria-cosmetica\/colorantes-cosmeticos\/pigmentos-perlados\/","name":"Pigmentos perlados - Distribuidor mayorista","isPartOf":{"@id":"https:\/\/naturalpoland.com\/es\/#website"},"primaryImageOfPage":{"@id":"https:\/\/naturalpoland.com\/es\/productos\/productos-para-la-industria-cosmetica\/colorantes-cosmeticos\/pigmentos-perlados\/#primaryimage"},"image":{"@id":"https:\/\/naturalpoland.com\/es\/productos\/productos-para-la-industria-cosmetica\/colorantes-cosmeticos\/pigmentos-perlados\/#primaryimage"},"thumbnailUrl":"https:\/\/naturalpoland.com\/wp-content\/uploads\/pigmenty-perlowe.webp","datePublished":"2025-03-07T14:12:37+00:00","description":"Los pigmentos perlados son una categor\u00eda especial de pigmentos cosm\u00e9ticos que confieren a los productos un efecto nacarado, met\u00e1lico o iridiscente.","breadcrumb":{"@id":"https:\/\/naturalpoland.com\/es\/productos\/productos-para-la-industria-cosmetica\/colorantes-cosmeticos\/pigmentos-perlados\/#breadcrumb"},"inLanguage":"es","potentialAction":[{"@type":"ReadAction","target":["https:\/\/naturalpoland.com\/es\/productos\/productos-para-la-industria-cosmetica\/colorantes-cosmeticos\/pigmentos-perlados\/"]}]},{"@type":"ImageObject","inLanguage":"es","@id":"https:\/\/naturalpoland.com\/es\/productos\/productos-para-la-industria-cosmetica\/colorantes-cosmeticos\/pigmentos-perlados\/#primaryimage","url":"https:\/\/naturalpoland.com\/wp-content\/uploads\/pigmenty-perlowe.webp","contentUrl":"https:\/\/naturalpoland.com\/wp-content\/uploads\/pigmenty-perlowe.webp","width":821,"height":821,"caption":"pigmenty per\u0142owe"},{"@type":"BreadcrumbList","@id":"https:\/\/naturalpoland.com\/es\/productos\/productos-para-la-industria-cosmetica\/colorantes-cosmeticos\/pigmentos-perlados\/#breadcrumb","itemListElement":[{"@type":"ListItem","position":1,"name":"Inicio","item":"https:\/\/naturalpoland.com\/es\/"},{"@type":"ListItem","position":2,"name":"Productos","item":"https:\/\/naturalpoland.com\/es\/productos\/"},{"@type":"ListItem","position":3,"name":"Pigmentos perlados"}]},{"@type":"WebSite","@id":"https:\/\/naturalpoland.com\/es\/#website","url":"https:\/\/naturalpoland.com\/es\/","name":"NATURAL POLAND - Distribuidor Mayorista de Materias Primas","description":"Surowce dla przemys\u0142u spo\u017cywczego, kosmetycznego i farmaceutycznego","publisher":{"@id":"https:\/\/naturalpoland.com\/es\/#organization"},"potentialAction":[{"@type":"SearchAction","target":{"@type":"EntryPoint","urlTemplate":"https:\/\/naturalpoland.com\/es\/?s={search_term_string}"},"query-input":{"@type":"PropertyValueSpecification","valueRequired":true,"valueName":"search_term_string"}}],"inLanguage":"es"},{"@type":"Organization","@id":"https:\/\/naturalpoland.com\/es\/#organization","name":"Natural Poland","url":"https:\/\/naturalpoland.com\/es\/","logo":{"@type":"ImageObject","inLanguage":"es","@id":"https:\/\/naturalpoland.com\/es\/#\/schema\/logo\/image\/","url":"https:\/\/naturalpoland.com\/wp-content\/uploads\/2021\/05\/natural-poland-icon.png","contentUrl":"https:\/\/naturalpoland.com\/wp-content\/uploads\/2021\/05\/natural-poland-icon.png","width":512,"height":512,"caption":"Natural Poland"},"image":{"@id":"https:\/\/naturalpoland.com\/es\/#\/schema\/logo\/image\/"},"sameAs":["https:\/\/www.facebook.com\/naturalpoland.b2b","https:\/\/pl.linkedin.com\/company\/natural-poland","https:\/\/www.youtube.com\/channel\/UCgeGGkvOMahZo-xu_MSEWxg"]}]}},"_links":{"self":[{"href":"https:\/\/naturalpoland.com\/es\/wp-json\/wp\/v2\/product\/40357","targetHints":{"allow":["GET"]}}],"collection":[{"href":"https:\/\/naturalpoland.com\/es\/wp-json\/wp\/v2\/product"}],"about":[{"href":"https:\/\/naturalpoland.com\/es\/wp-json\/wp\/v2\/types\/product"}],"wp:featuredmedia":[{"embeddable":true,"href":"https:\/\/naturalpoland.com\/es\/wp-json\/wp\/v2\/media\/40294"}],"wp:attachment":[{"href":"https:\/\/naturalpoland.com\/es\/wp-json\/wp\/v2\/media?parent=40357"}],"wp:term":[{"taxonomy":"product_brand","embeddable":true,"href":"https:\/\/naturalpoland.com\/es\/wp-json\/wp\/v2\/product_brand?post=40357"},{"taxonomy":"product_cat","embeddable":true,"href":"https:\/\/naturalpoland.com\/es\/wp-json\/wp\/v2\/product_cat?post=40357"},{"taxonomy":"product_tag","embeddable":true,"href":"https:\/\/naturalpoland.com\/es\/wp-json\/wp\/v2\/product_tag?post=40357"}],"curies":[{"name":"wp","href":"https:\/\/api.w.org\/{rel}","templated":true}]}}