{"id":40366,"date":"2025-03-07T15:10:30","date_gmt":"2025-03-07T14:12:47","guid":{"rendered":"https:\/\/naturalpoland.com\/produkty\/sin categor\u00eda\/tintes-organicos-y-lacas\/"},"modified":"2025-03-07T15:12:47","modified_gmt":"2025-03-07T14:12:47","slug":"tintes-organicos-y-lacas","status":"publish","type":"product","link":"https:\/\/naturalpoland.com\/es\/productos\/productos-para-la-industria-cosmetica\/colorantes-cosmeticos\/tintes-organicos-y-lacas\/","title":{"rendered":"Tintes org\u00e1nicos y lacas"},"content":{"rendered":"<h2>Ventajas de los tintes y lacas ecol\u00f3gicos:<\/h2>\n<ul>\n<li>Proporciona colores intensos y vivos<\/li>\n<li>Disponible en una amplia gama de colores<\/li>\n<li>Pueden utilizarse en cosm\u00e9ticos de base acuosa y oleosa, excepto las lacas, que son resistentes a la disoluci\u00f3n y, por tanto, se utilizan en productos resistentes al agua con una vida \u00fatil prolongada.<\/li>\n<\/ul>\n<h2>Tipos de tintes org\u00e1nicos y lacas<\/h2>\n<p><strong>PIGMENTOS ROJO Y ROSA<\/strong><\/p>\n<p>Se utilizan en cosm\u00e9ticos labiales, coloretes y lacas de u\u00f1as. Entre ellos se incluyen, por ejemplo C.I. 12085 (Rojo PR), C.I. 15850 (Rub\u00ed CA, Rub\u00ed AL, Rub\u00ed BA), C.I. 45410 (Rosebay, Rojo 10B) <\/p>\n<p><strong>PIGMENTOS AMARILLO Y NARANJA<\/strong><\/p>\n<p>Aportan tonos c\u00e1lidos a los cosm\u00e9ticos de color. Se utilizan en sombras de ojos, lacas de u\u00f1as y cosm\u00e9ticos capilares. Ejemplos: C.I. 19140 (Amarillo, Tartrazina), C.I. 15985 (Mandarina, Naranja de alta potencia).  <\/p>\n<p><strong>PIGMENTOS AZUL, VERDE Y VIOLETA<\/strong><\/p>\n<p>Se utiliza en cosm\u00e9ticos para los ojos, lacas para el pelo y productos de peinado. Entre ellos cabe mencionar: C.I. 42090 (Azul turquesa, Azul brillante FCF), C.I. 77742 (Violeta p\u00farpura, Violeta RR), <\/p>\n<p>&nbsp;<\/p>\n","protected":false},"excerpt":{"rendered":"<p><strong>Los colorantes org\u00e1nicos<\/strong> son sustancias colorantes sint\u00e9ticas intensas que pueden ser solubles en agua, aceites o existir como lacas insolubles. Los <strong>lagos<\/strong> se forman depositando el colorante sobre un soporte insoluble, como \u00f3xidos de aluminio, calcio o metales. De este modo, las lacas conservan su intensidad de color, pero no son solubles en agua ni aceites, <\/p>\n","protected":false},"featured_media":40355,"template":"","meta":[],"product_brand":[],"product_cat":[7798],"product_tag":[],"class_list":{"0":"post-40366","1":"product","2":"type-product","3":"status-publish","4":"has-post-thumbnail","6":"product_cat-colorantes-cosmeticos","8":"first","9":"instock","10":"shipping-taxable","11":"product-type-simple"},"yoast_head":"<!-- This site is optimized with the Yoast SEO plugin v27.3 - https:\/\/yoast.com\/product\/yoast-seo-wordpress\/ -->\n<title>Tintes org\u00e1nicos y lacas - Distribuidor mayorista<\/title>\n<meta name=\"description\" content=\"Los tintes y lacas org\u00e1nicos son clave en el maquillaje de color y los productos para las u\u00f1as. Tienen tonos intensos, longevidad y una amplia gama de colores.\" \/>\n<meta name=\"robots\" content=\"index, follow, max-snippet:-1, max-image-preview:large, max-video-preview:-1\" \/>\n<link rel=\"canonical\" href=\"https:\/\/naturalpoland.com\/es\/productos\/productos-para-la-industria-cosmetica\/colorantes-cosmeticos\/tintes-organicos-y-lacas\/\" \/>\n<meta property=\"og:locale\" content=\"es_ES\" \/>\n<meta property=\"og:type\" content=\"article\" \/>\n<meta property=\"og:title\" content=\"Tintes org\u00e1nicos y lacas - Distribuidor mayorista\" \/>\n<meta property=\"og:description\" content=\"Los tintes y lacas org\u00e1nicos son clave en el maquillaje de color y los productos para las u\u00f1as. Tienen tonos intensos, longevidad y una amplia gama de colores.\" \/>\n<meta property=\"og:url\" content=\"https:\/\/naturalpoland.com\/es\/productos\/productos-para-la-industria-cosmetica\/colorantes-cosmeticos\/tintes-organicos-y-lacas\/\" \/>\n<meta property=\"og:site_name\" content=\"NATURAL POLAND - Distribuidor Mayorista de Materias Primas\" \/>\n<meta property=\"article:publisher\" content=\"https:\/\/www.facebook.com\/naturalpoland.b2b\" \/>\n<meta property=\"og:image\" content=\"https:\/\/naturalpoland.com\/wp-content\/uploads\/pigmenty-organiczne-i-laki.webp\" \/>\n\t<meta property=\"og:image:width\" content=\"821\" \/>\n\t<meta property=\"og:image:height\" content=\"821\" \/>\n\t<meta property=\"og:image:type\" content=\"image\/webp\" \/>\n<script type=\"application\/ld+json\" class=\"yoast-schema-graph\">{\"@context\":\"https:\\\/\\\/schema.org\",\"@graph\":[{\"@type\":\"WebPage\",\"@id\":\"https:\\\/\\\/naturalpoland.com\\\/es\\\/productos\\\/productos-para-la-industria-cosmetica\\\/colorantes-cosmeticos\\\/tintes-organicos-y-lacas\\\/\",\"url\":\"https:\\\/\\\/naturalpoland.com\\\/es\\\/productos\\\/productos-para-la-industria-cosmetica\\\/colorantes-cosmeticos\\\/tintes-organicos-y-lacas\\\/\",\"name\":\"Tintes org\u00e1nicos y lacas - Distribuidor mayorista\",\"isPartOf\":{\"@id\":\"https:\\\/\\\/naturalpoland.com\\\/es\\\/#website\"},\"primaryImageOfPage\":{\"@id\":\"https:\\\/\\\/naturalpoland.com\\\/es\\\/productos\\\/productos-para-la-industria-cosmetica\\\/colorantes-cosmeticos\\\/tintes-organicos-y-lacas\\\/#primaryimage\"},\"image\":{\"@id\":\"https:\\\/\\\/naturalpoland.com\\\/es\\\/productos\\\/productos-para-la-industria-cosmetica\\\/colorantes-cosmeticos\\\/tintes-organicos-y-lacas\\\/#primaryimage\"},\"thumbnailUrl\":\"https:\\\/\\\/naturalpoland.com\\\/wp-content\\\/uploads\\\/pigmenty-organiczne-i-laki.webp\",\"datePublished\":\"2025-03-07T14:12:47+00:00\",\"description\":\"Los tintes y lacas org\u00e1nicos son clave en el maquillaje de color y los productos para las u\u00f1as. Tienen tonos intensos, longevidad y una amplia gama de colores.\",\"breadcrumb\":{\"@id\":\"https:\\\/\\\/naturalpoland.com\\\/es\\\/productos\\\/productos-para-la-industria-cosmetica\\\/colorantes-cosmeticos\\\/tintes-organicos-y-lacas\\\/#breadcrumb\"},\"inLanguage\":\"es\",\"potentialAction\":[{\"@type\":\"ReadAction\",\"target\":[\"https:\\\/\\\/naturalpoland.com\\\/es\\\/productos\\\/productos-para-la-industria-cosmetica\\\/colorantes-cosmeticos\\\/tintes-organicos-y-lacas\\\/\"]}]},{\"@type\":\"ImageObject\",\"inLanguage\":\"es\",\"@id\":\"https:\\\/\\\/naturalpoland.com\\\/es\\\/productos\\\/productos-para-la-industria-cosmetica\\\/colorantes-cosmeticos\\\/tintes-organicos-y-lacas\\\/#primaryimage\",\"url\":\"https:\\\/\\\/naturalpoland.com\\\/wp-content\\\/uploads\\\/pigmenty-organiczne-i-laki.webp\",\"contentUrl\":\"https:\\\/\\\/naturalpoland.com\\\/wp-content\\\/uploads\\\/pigmenty-organiczne-i-laki.webp\",\"width\":821,\"height\":821,\"caption\":\"Barwniki organiczne i laki\"},{\"@type\":\"BreadcrumbList\",\"@id\":\"https:\\\/\\\/naturalpoland.com\\\/es\\\/productos\\\/productos-para-la-industria-cosmetica\\\/colorantes-cosmeticos\\\/tintes-organicos-y-lacas\\\/#breadcrumb\",\"itemListElement\":[{\"@type\":\"ListItem\",\"position\":1,\"name\":\"Inicio\",\"item\":\"https:\\\/\\\/naturalpoland.com\\\/es\\\/\"},{\"@type\":\"ListItem\",\"position\":2,\"name\":\"Productos\",\"item\":\"https:\\\/\\\/naturalpoland.com\\\/es\\\/productos\\\/\"},{\"@type\":\"ListItem\",\"position\":3,\"name\":\"Tintes org\u00e1nicos y lacas\"}]},{\"@type\":\"WebSite\",\"@id\":\"https:\\\/\\\/naturalpoland.com\\\/es\\\/#website\",\"url\":\"https:\\\/\\\/naturalpoland.com\\\/es\\\/\",\"name\":\"NATURAL POLAND - Distribuidor Mayorista de Materias Primas\",\"description\":\"Surowce dla przemys\u0142u spo\u017cywczego, kosmetycznego i farmaceutycznego\",\"publisher\":{\"@id\":\"https:\\\/\\\/naturalpoland.com\\\/es\\\/#organization\"},\"potentialAction\":[{\"@type\":\"SearchAction\",\"target\":{\"@type\":\"EntryPoint\",\"urlTemplate\":\"https:\\\/\\\/naturalpoland.com\\\/es\\\/?s={search_term_string}\"},\"query-input\":{\"@type\":\"PropertyValueSpecification\",\"valueRequired\":true,\"valueName\":\"search_term_string\"}}],\"inLanguage\":\"es\"},{\"@type\":\"Organization\",\"@id\":\"https:\\\/\\\/naturalpoland.com\\\/es\\\/#organization\",\"name\":\"Natural Poland\",\"url\":\"https:\\\/\\\/naturalpoland.com\\\/es\\\/\",\"logo\":{\"@type\":\"ImageObject\",\"inLanguage\":\"es\",\"@id\":\"https:\\\/\\\/naturalpoland.com\\\/es\\\/#\\\/schema\\\/logo\\\/image\\\/\",\"url\":\"https:\\\/\\\/naturalpoland.com\\\/wp-content\\\/uploads\\\/2021\\\/05\\\/natural-poland-icon.png\",\"contentUrl\":\"https:\\\/\\\/naturalpoland.com\\\/wp-content\\\/uploads\\\/2021\\\/05\\\/natural-poland-icon.png\",\"width\":512,\"height\":512,\"caption\":\"Natural Poland\"},\"image\":{\"@id\":\"https:\\\/\\\/naturalpoland.com\\\/es\\\/#\\\/schema\\\/logo\\\/image\\\/\"},\"sameAs\":[\"https:\\\/\\\/www.facebook.com\\\/naturalpoland.b2b\",\"https:\\\/\\\/pl.linkedin.com\\\/company\\\/natural-poland\",\"https:\\\/\\\/www.youtube.com\\\/channel\\\/UCgeGGkvOMahZo-xu_MSEWxg\"]}]}<\/script>\n<!-- \/ Yoast SEO plugin. -->","yoast_head_json":{"title":"Tintes org\u00e1nicos y lacas - Distribuidor mayorista","description":"Los tintes y lacas org\u00e1nicos son clave en el maquillaje de color y los productos para las u\u00f1as. Tienen tonos intensos, longevidad y una amplia gama de colores.","robots":{"index":"index","follow":"follow","max-snippet":"max-snippet:-1","max-image-preview":"max-image-preview:large","max-video-preview":"max-video-preview:-1"},"canonical":"https:\/\/naturalpoland.com\/es\/productos\/productos-para-la-industria-cosmetica\/colorantes-cosmeticos\/tintes-organicos-y-lacas\/","og_locale":"es_ES","og_type":"article","og_title":"Tintes org\u00e1nicos y lacas - Distribuidor mayorista","og_description":"Los tintes y lacas org\u00e1nicos son clave en el maquillaje de color y los productos para las u\u00f1as. Tienen tonos intensos, longevidad y una amplia gama de colores.","og_url":"https:\/\/naturalpoland.com\/es\/productos\/productos-para-la-industria-cosmetica\/colorantes-cosmeticos\/tintes-organicos-y-lacas\/","og_site_name":"NATURAL POLAND - Distribuidor Mayorista de Materias Primas","article_publisher":"https:\/\/www.facebook.com\/naturalpoland.b2b","og_image":[{"width":821,"height":821,"url":"https:\/\/naturalpoland.com\/wp-content\/uploads\/pigmenty-organiczne-i-laki.webp","type":"image\/webp"}],"schema":{"@context":"https:\/\/schema.org","@graph":[{"@type":"WebPage","@id":"https:\/\/naturalpoland.com\/es\/productos\/productos-para-la-industria-cosmetica\/colorantes-cosmeticos\/tintes-organicos-y-lacas\/","url":"https:\/\/naturalpoland.com\/es\/productos\/productos-para-la-industria-cosmetica\/colorantes-cosmeticos\/tintes-organicos-y-lacas\/","name":"Tintes org\u00e1nicos y lacas - Distribuidor mayorista","isPartOf":{"@id":"https:\/\/naturalpoland.com\/es\/#website"},"primaryImageOfPage":{"@id":"https:\/\/naturalpoland.com\/es\/productos\/productos-para-la-industria-cosmetica\/colorantes-cosmeticos\/tintes-organicos-y-lacas\/#primaryimage"},"image":{"@id":"https:\/\/naturalpoland.com\/es\/productos\/productos-para-la-industria-cosmetica\/colorantes-cosmeticos\/tintes-organicos-y-lacas\/#primaryimage"},"thumbnailUrl":"https:\/\/naturalpoland.com\/wp-content\/uploads\/pigmenty-organiczne-i-laki.webp","datePublished":"2025-03-07T14:12:47+00:00","description":"Los tintes y lacas org\u00e1nicos son clave en el maquillaje de color y los productos para las u\u00f1as. Tienen tonos intensos, longevidad y una amplia gama de colores.","breadcrumb":{"@id":"https:\/\/naturalpoland.com\/es\/productos\/productos-para-la-industria-cosmetica\/colorantes-cosmeticos\/tintes-organicos-y-lacas\/#breadcrumb"},"inLanguage":"es","potentialAction":[{"@type":"ReadAction","target":["https:\/\/naturalpoland.com\/es\/productos\/productos-para-la-industria-cosmetica\/colorantes-cosmeticos\/tintes-organicos-y-lacas\/"]}]},{"@type":"ImageObject","inLanguage":"es","@id":"https:\/\/naturalpoland.com\/es\/productos\/productos-para-la-industria-cosmetica\/colorantes-cosmeticos\/tintes-organicos-y-lacas\/#primaryimage","url":"https:\/\/naturalpoland.com\/wp-content\/uploads\/pigmenty-organiczne-i-laki.webp","contentUrl":"https:\/\/naturalpoland.com\/wp-content\/uploads\/pigmenty-organiczne-i-laki.webp","width":821,"height":821,"caption":"Barwniki organiczne i laki"},{"@type":"BreadcrumbList","@id":"https:\/\/naturalpoland.com\/es\/productos\/productos-para-la-industria-cosmetica\/colorantes-cosmeticos\/tintes-organicos-y-lacas\/#breadcrumb","itemListElement":[{"@type":"ListItem","position":1,"name":"Inicio","item":"https:\/\/naturalpoland.com\/es\/"},{"@type":"ListItem","position":2,"name":"Productos","item":"https:\/\/naturalpoland.com\/es\/productos\/"},{"@type":"ListItem","position":3,"name":"Tintes org\u00e1nicos y lacas"}]},{"@type":"WebSite","@id":"https:\/\/naturalpoland.com\/es\/#website","url":"https:\/\/naturalpoland.com\/es\/","name":"NATURAL POLAND - Distribuidor Mayorista de Materias Primas","description":"Surowce dla przemys\u0142u spo\u017cywczego, kosmetycznego i farmaceutycznego","publisher":{"@id":"https:\/\/naturalpoland.com\/es\/#organization"},"potentialAction":[{"@type":"SearchAction","target":{"@type":"EntryPoint","urlTemplate":"https:\/\/naturalpoland.com\/es\/?s={search_term_string}"},"query-input":{"@type":"PropertyValueSpecification","valueRequired":true,"valueName":"search_term_string"}}],"inLanguage":"es"},{"@type":"Organization","@id":"https:\/\/naturalpoland.com\/es\/#organization","name":"Natural Poland","url":"https:\/\/naturalpoland.com\/es\/","logo":{"@type":"ImageObject","inLanguage":"es","@id":"https:\/\/naturalpoland.com\/es\/#\/schema\/logo\/image\/","url":"https:\/\/naturalpoland.com\/wp-content\/uploads\/2021\/05\/natural-poland-icon.png","contentUrl":"https:\/\/naturalpoland.com\/wp-content\/uploads\/2021\/05\/natural-poland-icon.png","width":512,"height":512,"caption":"Natural Poland"},"image":{"@id":"https:\/\/naturalpoland.com\/es\/#\/schema\/logo\/image\/"},"sameAs":["https:\/\/www.facebook.com\/naturalpoland.b2b","https:\/\/pl.linkedin.com\/company\/natural-poland","https:\/\/www.youtube.com\/channel\/UCgeGGkvOMahZo-xu_MSEWxg"]}]}},"_links":{"self":[{"href":"https:\/\/naturalpoland.com\/es\/wp-json\/wp\/v2\/product\/40366","targetHints":{"allow":["GET"]}}],"collection":[{"href":"https:\/\/naturalpoland.com\/es\/wp-json\/wp\/v2\/product"}],"about":[{"href":"https:\/\/naturalpoland.com\/es\/wp-json\/wp\/v2\/types\/product"}],"wp:featuredmedia":[{"embeddable":true,"href":"https:\/\/naturalpoland.com\/es\/wp-json\/wp\/v2\/media\/40355"}],"wp:attachment":[{"href":"https:\/\/naturalpoland.com\/es\/wp-json\/wp\/v2\/media?parent=40366"}],"wp:term":[{"taxonomy":"product_brand","embeddable":true,"href":"https:\/\/naturalpoland.com\/es\/wp-json\/wp\/v2\/product_brand?post=40366"},{"taxonomy":"product_cat","embeddable":true,"href":"https:\/\/naturalpoland.com\/es\/wp-json\/wp\/v2\/product_cat?post=40366"},{"taxonomy":"product_tag","embeddable":true,"href":"https:\/\/naturalpoland.com\/es\/wp-json\/wp\/v2\/product_tag?post=40366"}],"curies":[{"name":"wp","href":"https:\/\/api.w.org\/{rel}","templated":true}]}}