{"id":40377,"date":"2025-03-06T15:12:17","date_gmt":"2025-03-07T14:13:10","guid":{"rendered":"https:\/\/naturalpoland.com\/produkty\/sin categor\u00eda\/pigmentos-inorganicos\/"},"modified":"2025-03-07T15:13:10","modified_gmt":"2025-03-07T14:13:10","slug":"pigmentos-inorganicos","status":"publish","type":"product","link":"https:\/\/naturalpoland.com\/es\/productos\/productos-para-la-industria-cosmetica\/colorantes-cosmeticos\/pigmentos-inorganicos\/","title":{"rendered":"Pigmentos inorg\u00e1nicos"},"content":{"rendered":"<h2>Ventajas de los pigmentos inorg\u00e1nicos:<\/h2>\n<ul>\n<li>Son seguros para su uso en la piel y en cosm\u00e9ticos de color<\/li>\n<li>Excelente cobertura y color intenso<\/li>\n<li>Resistente a la luz y a la temperatura<\/li>\n<li>Son qu\u00edmicamente estables y no reaccionan con otros ingredientes cosm\u00e9ticos<\/li>\n<li>No se disuelven en el agua ni en los aceites, por lo que permanecen en la superficie de la piel<\/li>\n<li>Son hipoalerg\u00e9nicos y rara vez provocan reacciones al\u00e9rgicas<\/li>\n<li>Dura m\u00e1s en la piel que los pigmentos org\u00e1nicos<\/li>\n<li>Pueden ser mates o perlados &#8211; seg\u00fan la forma de elaboraci\u00f3n<\/li>\n<\/ul>\n<h2>Tipos de pigmentos inorg\u00e1nicos:<\/h2>\n<h3>1. \u00d3XIDOS DE HIERRO<\/h3>\n<p>Son algunos de los pigmentos cosm\u00e9ticos m\u00e1s populares. Son estables y seguros para la piel, por lo que se recomiendan para los cosm\u00e9ticos minerales y org\u00e1nicos. Est\u00e1n disponibles en una gran variedad de tonos:  <\/p>\n<ol>\n<li style=\"list-style-type: none;\">\n<ul>\n<li>Amarillo (C.I. 77492) &#8211; utilizado en bases, correctores, polvos, sombras de ojos y barras de labios<\/li>\n<li>Rojo (C.I. 77491) &#8211; utilizado en coloretes, barras de labios, lacas de u\u00f1as y productos para te\u00f1ir el pelo<\/li>\n<li>Marr\u00f3n (C.I. 77491, 77492, 77499) &#8211; pigmento clave en bronceadores, polvos, cosm\u00e9ticos para cejas y productos para contornear<\/li>\n<li>Negro (C.I. 77499) &#8211; ingrediente b\u00e1sico en m\u00e1scaras, delineadores, l\u00e1pices de ojos y cosm\u00e9ticos para cejas<\/li>\n<\/ul>\n<\/li>\n<\/ol>\n<h3>2. ULTRAMARINAS<\/h3>\n<p>Son pigmentos de origen natural. Son resistentes a la luz y a la temperatura, pero pueden ser sensibles a los \u00e1cidos, por lo que pueden requerir estabilizadores especiales en algunos productos. Las ultramarinas tienen tonos intensos de azul, morado y rosa:  <\/p>\n<ul>\n<li style=\"list-style-type: none;\">\n<ul>\n<li>Azul ultramar (C.I. 77007) &#8211; utilizado en sombras de ojos, lacas de u\u00f1as, delineadores de ojos<\/li>\n<li>Violeta y rosa ultramar (C.I. 77007) &#8211; da color a coloretes, barras de labios, sombras de ojos<\/li>\n<\/ul>\n<\/li>\n<\/ul>\n<h3>3. AZUL DE PRUSIA (C.I. 77510)<\/h3>\n<p>Es un pigmento azul intenso que se utiliza principalmente en cosm\u00e9ticos para los ojos, como sombras, delineadores y m\u00e1scaras, y tambi\u00e9n en productos para te\u00f1ir el cabello.<\/p>\n<h3>4. PIGMENTOS BLANCOS<\/h3>\n<ul>\n<li style=\"list-style-type: none;\">\n<ul>\n<li>Di\u00f3xido de titanio (C.I. 77891) &#8211; un pigmento muy popular utilizado en bases, correctores, polvos, cremas BB, protectores solares (refleja la radiaci\u00f3n UV), barras de labios, sombras de ojos<\/li>\n<li>\u00d3xido de zinc (C.I. 77947) &#8211; utilizado en protectores solares, polvos y polvos para pieles sensibles<\/li>\n<\/ul>\n<\/li>\n<\/ul>\n<h2>Uso de pigmentos inorg\u00e1nicos en cosm\u00e9ticos:<\/h2>\n<ul>\n<li>Maquillaje &#8211; bases, correctores, sombras de ojos, barras de labios, coloretes, l\u00e1pices de cejas<\/li>\n<li>Coloraci\u00f3n del cabello &#8211; tintes y t\u00f3nicos capilares<\/li>\n<li>Productos para las u\u00f1as &#8211; esmaltes, bases, top coats<\/li>\n<li>Cosm\u00e9ticos para el cuidado de la piel: polvos, bronceadores, protectores solares<\/li>\n<\/ul>\n","protected":false},"excerpt":{"rendered":"<p><strong>Los pigmentos cosm\u00e9ticos inorg\u00e1nicos<\/strong> son qu\u00edmica y f\u00edsicamente estables, resistentes a la luz, la temperatura y los efectos qu\u00edmicos. Se utilizan para colorear diversos productos cosm\u00e9ticos: maquillaje, cuidado de la piel, productos para las u\u00f1as, tintes para el pelo. Los pigmentos inorg\u00e1nicos est\u00e1n formados principalmente por minerales y \u00f3xidos met\u00e1licos.  <\/p>\n","protected":false},"featured_media":40280,"template":"","meta":[],"product_brand":[],"product_cat":[7798],"product_tag":[],"class_list":{"0":"post-40377","1":"product","2":"type-product","3":"status-publish","4":"has-post-thumbnail","6":"product_cat-colorantes-cosmeticos","8":"first","9":"instock","10":"shipping-taxable","11":"product-type-simple"},"yoast_head":"<!-- This site is optimized with the Yoast SEO plugin v27.3 - https:\/\/yoast.com\/product\/yoast-seo-wordpress\/ -->\n<title>Pigmentos inorg\u00e1nicos - Distribuidor mayorista<\/title>\n<meta name=\"description\" content=\"Los pigmentos inorg\u00e1nicos son los pigmentos b\u00e1sicos utilizados en los cosm\u00e9ticos de color. Son estables, duraderos, seguros y tienen una buena vida \u00fatil.\" \/>\n<meta name=\"robots\" content=\"index, follow, max-snippet:-1, max-image-preview:large, max-video-preview:-1\" \/>\n<link rel=\"canonical\" href=\"https:\/\/naturalpoland.com\/es\/productos\/productos-para-la-industria-cosmetica\/colorantes-cosmeticos\/pigmentos-inorganicos\/\" \/>\n<meta property=\"og:locale\" content=\"es_ES\" \/>\n<meta property=\"og:type\" content=\"article\" \/>\n<meta property=\"og:title\" content=\"Pigmentos inorg\u00e1nicos - Distribuidor mayorista\" \/>\n<meta property=\"og:description\" content=\"Los pigmentos inorg\u00e1nicos son los pigmentos b\u00e1sicos utilizados en los cosm\u00e9ticos de color. Son estables, duraderos, seguros y tienen una buena vida \u00fatil.\" \/>\n<meta property=\"og:url\" content=\"https:\/\/naturalpoland.com\/es\/productos\/productos-para-la-industria-cosmetica\/colorantes-cosmeticos\/pigmentos-inorganicos\/\" \/>\n<meta property=\"og:site_name\" content=\"NATURAL POLAND - Distribuidor Mayorista de Materias Primas\" \/>\n<meta property=\"article:publisher\" content=\"https:\/\/www.facebook.com\/naturalpoland.b2b\" \/>\n<meta property=\"og:image\" content=\"https:\/\/naturalpoland.com\/wp-content\/uploads\/pigmenty-nieorganiczne.webp\" \/>\n\t<meta property=\"og:image:width\" content=\"821\" \/>\n\t<meta property=\"og:image:height\" content=\"821\" \/>\n\t<meta property=\"og:image:type\" content=\"image\/webp\" \/>\n<script type=\"application\/ld+json\" class=\"yoast-schema-graph\">{\"@context\":\"https:\\\/\\\/schema.org\",\"@graph\":[{\"@type\":\"WebPage\",\"@id\":\"https:\\\/\\\/naturalpoland.com\\\/es\\\/productos\\\/productos-para-la-industria-cosmetica\\\/colorantes-cosmeticos\\\/pigmentos-inorganicos\\\/\",\"url\":\"https:\\\/\\\/naturalpoland.com\\\/es\\\/productos\\\/productos-para-la-industria-cosmetica\\\/colorantes-cosmeticos\\\/pigmentos-inorganicos\\\/\",\"name\":\"Pigmentos inorg\u00e1nicos - Distribuidor mayorista\",\"isPartOf\":{\"@id\":\"https:\\\/\\\/naturalpoland.com\\\/es\\\/#website\"},\"primaryImageOfPage\":{\"@id\":\"https:\\\/\\\/naturalpoland.com\\\/es\\\/productos\\\/productos-para-la-industria-cosmetica\\\/colorantes-cosmeticos\\\/pigmentos-inorganicos\\\/#primaryimage\"},\"image\":{\"@id\":\"https:\\\/\\\/naturalpoland.com\\\/es\\\/productos\\\/productos-para-la-industria-cosmetica\\\/colorantes-cosmeticos\\\/pigmentos-inorganicos\\\/#primaryimage\"},\"thumbnailUrl\":\"https:\\\/\\\/naturalpoland.com\\\/wp-content\\\/uploads\\\/pigmenty-nieorganiczne.webp\",\"datePublished\":\"2025-03-07T14:13:10+00:00\",\"description\":\"Los pigmentos inorg\u00e1nicos son los pigmentos b\u00e1sicos utilizados en los cosm\u00e9ticos de color. Son estables, duraderos, seguros y tienen una buena vida \u00fatil.\",\"breadcrumb\":{\"@id\":\"https:\\\/\\\/naturalpoland.com\\\/es\\\/productos\\\/productos-para-la-industria-cosmetica\\\/colorantes-cosmeticos\\\/pigmentos-inorganicos\\\/#breadcrumb\"},\"inLanguage\":\"es\",\"potentialAction\":[{\"@type\":\"ReadAction\",\"target\":[\"https:\\\/\\\/naturalpoland.com\\\/es\\\/productos\\\/productos-para-la-industria-cosmetica\\\/colorantes-cosmeticos\\\/pigmentos-inorganicos\\\/\"]}]},{\"@type\":\"ImageObject\",\"inLanguage\":\"es\",\"@id\":\"https:\\\/\\\/naturalpoland.com\\\/es\\\/productos\\\/productos-para-la-industria-cosmetica\\\/colorantes-cosmeticos\\\/pigmentos-inorganicos\\\/#primaryimage\",\"url\":\"https:\\\/\\\/naturalpoland.com\\\/wp-content\\\/uploads\\\/pigmenty-nieorganiczne.webp\",\"contentUrl\":\"https:\\\/\\\/naturalpoland.com\\\/wp-content\\\/uploads\\\/pigmenty-nieorganiczne.webp\",\"width\":821,\"height\":821,\"caption\":\"Pigmenty nieorganiczne\"},{\"@type\":\"BreadcrumbList\",\"@id\":\"https:\\\/\\\/naturalpoland.com\\\/es\\\/productos\\\/productos-para-la-industria-cosmetica\\\/colorantes-cosmeticos\\\/pigmentos-inorganicos\\\/#breadcrumb\",\"itemListElement\":[{\"@type\":\"ListItem\",\"position\":1,\"name\":\"Inicio\",\"item\":\"https:\\\/\\\/naturalpoland.com\\\/es\\\/\"},{\"@type\":\"ListItem\",\"position\":2,\"name\":\"Productos\",\"item\":\"https:\\\/\\\/naturalpoland.com\\\/es\\\/productos\\\/\"},{\"@type\":\"ListItem\",\"position\":3,\"name\":\"Pigmentos inorg\u00e1nicos\"}]},{\"@type\":\"WebSite\",\"@id\":\"https:\\\/\\\/naturalpoland.com\\\/es\\\/#website\",\"url\":\"https:\\\/\\\/naturalpoland.com\\\/es\\\/\",\"name\":\"NATURAL POLAND - Distribuidor Mayorista de Materias Primas\",\"description\":\"Surowce dla przemys\u0142u spo\u017cywczego, kosmetycznego i farmaceutycznego\",\"publisher\":{\"@id\":\"https:\\\/\\\/naturalpoland.com\\\/es\\\/#organization\"},\"potentialAction\":[{\"@type\":\"SearchAction\",\"target\":{\"@type\":\"EntryPoint\",\"urlTemplate\":\"https:\\\/\\\/naturalpoland.com\\\/es\\\/?s={search_term_string}\"},\"query-input\":{\"@type\":\"PropertyValueSpecification\",\"valueRequired\":true,\"valueName\":\"search_term_string\"}}],\"inLanguage\":\"es\"},{\"@type\":\"Organization\",\"@id\":\"https:\\\/\\\/naturalpoland.com\\\/es\\\/#organization\",\"name\":\"Natural Poland\",\"url\":\"https:\\\/\\\/naturalpoland.com\\\/es\\\/\",\"logo\":{\"@type\":\"ImageObject\",\"inLanguage\":\"es\",\"@id\":\"https:\\\/\\\/naturalpoland.com\\\/es\\\/#\\\/schema\\\/logo\\\/image\\\/\",\"url\":\"https:\\\/\\\/naturalpoland.com\\\/wp-content\\\/uploads\\\/2021\\\/05\\\/natural-poland-icon.png\",\"contentUrl\":\"https:\\\/\\\/naturalpoland.com\\\/wp-content\\\/uploads\\\/2021\\\/05\\\/natural-poland-icon.png\",\"width\":512,\"height\":512,\"caption\":\"Natural Poland\"},\"image\":{\"@id\":\"https:\\\/\\\/naturalpoland.com\\\/es\\\/#\\\/schema\\\/logo\\\/image\\\/\"},\"sameAs\":[\"https:\\\/\\\/www.facebook.com\\\/naturalpoland.b2b\",\"https:\\\/\\\/pl.linkedin.com\\\/company\\\/natural-poland\",\"https:\\\/\\\/www.youtube.com\\\/channel\\\/UCgeGGkvOMahZo-xu_MSEWxg\"]}]}<\/script>\n<!-- \/ Yoast SEO plugin. -->","yoast_head_json":{"title":"Pigmentos inorg\u00e1nicos - Distribuidor mayorista","description":"Los pigmentos inorg\u00e1nicos son los pigmentos b\u00e1sicos utilizados en los cosm\u00e9ticos de color. Son estables, duraderos, seguros y tienen una buena vida \u00fatil.","robots":{"index":"index","follow":"follow","max-snippet":"max-snippet:-1","max-image-preview":"max-image-preview:large","max-video-preview":"max-video-preview:-1"},"canonical":"https:\/\/naturalpoland.com\/es\/productos\/productos-para-la-industria-cosmetica\/colorantes-cosmeticos\/pigmentos-inorganicos\/","og_locale":"es_ES","og_type":"article","og_title":"Pigmentos inorg\u00e1nicos - Distribuidor mayorista","og_description":"Los pigmentos inorg\u00e1nicos son los pigmentos b\u00e1sicos utilizados en los cosm\u00e9ticos de color. Son estables, duraderos, seguros y tienen una buena vida \u00fatil.","og_url":"https:\/\/naturalpoland.com\/es\/productos\/productos-para-la-industria-cosmetica\/colorantes-cosmeticos\/pigmentos-inorganicos\/","og_site_name":"NATURAL POLAND - Distribuidor Mayorista de Materias Primas","article_publisher":"https:\/\/www.facebook.com\/naturalpoland.b2b","og_image":[{"width":821,"height":821,"url":"https:\/\/naturalpoland.com\/wp-content\/uploads\/pigmenty-nieorganiczne.webp","type":"image\/webp"}],"schema":{"@context":"https:\/\/schema.org","@graph":[{"@type":"WebPage","@id":"https:\/\/naturalpoland.com\/es\/productos\/productos-para-la-industria-cosmetica\/colorantes-cosmeticos\/pigmentos-inorganicos\/","url":"https:\/\/naturalpoland.com\/es\/productos\/productos-para-la-industria-cosmetica\/colorantes-cosmeticos\/pigmentos-inorganicos\/","name":"Pigmentos inorg\u00e1nicos - Distribuidor mayorista","isPartOf":{"@id":"https:\/\/naturalpoland.com\/es\/#website"},"primaryImageOfPage":{"@id":"https:\/\/naturalpoland.com\/es\/productos\/productos-para-la-industria-cosmetica\/colorantes-cosmeticos\/pigmentos-inorganicos\/#primaryimage"},"image":{"@id":"https:\/\/naturalpoland.com\/es\/productos\/productos-para-la-industria-cosmetica\/colorantes-cosmeticos\/pigmentos-inorganicos\/#primaryimage"},"thumbnailUrl":"https:\/\/naturalpoland.com\/wp-content\/uploads\/pigmenty-nieorganiczne.webp","datePublished":"2025-03-07T14:13:10+00:00","description":"Los pigmentos inorg\u00e1nicos son los pigmentos b\u00e1sicos utilizados en los cosm\u00e9ticos de color. Son estables, duraderos, seguros y tienen una buena vida \u00fatil.","breadcrumb":{"@id":"https:\/\/naturalpoland.com\/es\/productos\/productos-para-la-industria-cosmetica\/colorantes-cosmeticos\/pigmentos-inorganicos\/#breadcrumb"},"inLanguage":"es","potentialAction":[{"@type":"ReadAction","target":["https:\/\/naturalpoland.com\/es\/productos\/productos-para-la-industria-cosmetica\/colorantes-cosmeticos\/pigmentos-inorganicos\/"]}]},{"@type":"ImageObject","inLanguage":"es","@id":"https:\/\/naturalpoland.com\/es\/productos\/productos-para-la-industria-cosmetica\/colorantes-cosmeticos\/pigmentos-inorganicos\/#primaryimage","url":"https:\/\/naturalpoland.com\/wp-content\/uploads\/pigmenty-nieorganiczne.webp","contentUrl":"https:\/\/naturalpoland.com\/wp-content\/uploads\/pigmenty-nieorganiczne.webp","width":821,"height":821,"caption":"Pigmenty nieorganiczne"},{"@type":"BreadcrumbList","@id":"https:\/\/naturalpoland.com\/es\/productos\/productos-para-la-industria-cosmetica\/colorantes-cosmeticos\/pigmentos-inorganicos\/#breadcrumb","itemListElement":[{"@type":"ListItem","position":1,"name":"Inicio","item":"https:\/\/naturalpoland.com\/es\/"},{"@type":"ListItem","position":2,"name":"Productos","item":"https:\/\/naturalpoland.com\/es\/productos\/"},{"@type":"ListItem","position":3,"name":"Pigmentos inorg\u00e1nicos"}]},{"@type":"WebSite","@id":"https:\/\/naturalpoland.com\/es\/#website","url":"https:\/\/naturalpoland.com\/es\/","name":"NATURAL POLAND - Distribuidor Mayorista de Materias Primas","description":"Surowce dla przemys\u0142u spo\u017cywczego, kosmetycznego i farmaceutycznego","publisher":{"@id":"https:\/\/naturalpoland.com\/es\/#organization"},"potentialAction":[{"@type":"SearchAction","target":{"@type":"EntryPoint","urlTemplate":"https:\/\/naturalpoland.com\/es\/?s={search_term_string}"},"query-input":{"@type":"PropertyValueSpecification","valueRequired":true,"valueName":"search_term_string"}}],"inLanguage":"es"},{"@type":"Organization","@id":"https:\/\/naturalpoland.com\/es\/#organization","name":"Natural Poland","url":"https:\/\/naturalpoland.com\/es\/","logo":{"@type":"ImageObject","inLanguage":"es","@id":"https:\/\/naturalpoland.com\/es\/#\/schema\/logo\/image\/","url":"https:\/\/naturalpoland.com\/wp-content\/uploads\/2021\/05\/natural-poland-icon.png","contentUrl":"https:\/\/naturalpoland.com\/wp-content\/uploads\/2021\/05\/natural-poland-icon.png","width":512,"height":512,"caption":"Natural Poland"},"image":{"@id":"https:\/\/naturalpoland.com\/es\/#\/schema\/logo\/image\/"},"sameAs":["https:\/\/www.facebook.com\/naturalpoland.b2b","https:\/\/pl.linkedin.com\/company\/natural-poland","https:\/\/www.youtube.com\/channel\/UCgeGGkvOMahZo-xu_MSEWxg"]}]}},"_links":{"self":[{"href":"https:\/\/naturalpoland.com\/es\/wp-json\/wp\/v2\/product\/40377","targetHints":{"allow":["GET"]}}],"collection":[{"href":"https:\/\/naturalpoland.com\/es\/wp-json\/wp\/v2\/product"}],"about":[{"href":"https:\/\/naturalpoland.com\/es\/wp-json\/wp\/v2\/types\/product"}],"wp:featuredmedia":[{"embeddable":true,"href":"https:\/\/naturalpoland.com\/es\/wp-json\/wp\/v2\/media\/40280"}],"wp:attachment":[{"href":"https:\/\/naturalpoland.com\/es\/wp-json\/wp\/v2\/media?parent=40377"}],"wp:term":[{"taxonomy":"product_brand","embeddable":true,"href":"https:\/\/naturalpoland.com\/es\/wp-json\/wp\/v2\/product_brand?post=40377"},{"taxonomy":"product_cat","embeddable":true,"href":"https:\/\/naturalpoland.com\/es\/wp-json\/wp\/v2\/product_cat?post=40377"},{"taxonomy":"product_tag","embeddable":true,"href":"https:\/\/naturalpoland.com\/es\/wp-json\/wp\/v2\/product_tag?post=40377"}],"curies":[{"name":"wp","href":"https:\/\/api.w.org\/{rel}","templated":true}]}}