{"id":40780,"date":"2025-04-15T10:21:31","date_gmt":"2025-04-16T13:23:21","guid":{"rendered":"https:\/\/naturalpoland.com\/produkty\/sin categor\u00eda\/vitamina-b6\/"},"modified":"2025-04-16T15:23:21","modified_gmt":"2025-04-16T13:23:21","slug":"vitamina-b6","status":"publish","type":"product","link":"https:\/\/naturalpoland.com\/es\/productos\/productos-para-la-industria-farmaceutica-y-medica\/vitaminas\/vitamina-b6\/","title":{"rendered":"Vitamina B6"},"content":{"rendered":"<p>La vitamina B6 se presenta en forma de polvo cristalino blanco o amarillo claro con un sabor y olor caracter\u00edsticos. Nuestra materia prima tiene un contenido de clorhidrato de piridoxina del 99,77%, lo que la sit\u00faa en la clase de calidad m\u00e1s alta seg\u00fan la norma USP38. <\/p>\n<p>La vitamina B6 se utiliza principalmente en la fabricaci\u00f3n de complementos diet\u00e9ticos -tanto de un solo ingrediente como de varios-, sobre todo en f\u00f3rmulas que apoyan el metabolismo, el sistema nervioso y la funci\u00f3n psicol\u00f3gica. Tambi\u00e9n puede utilizarse en f\u00f3rmulas dedicadas a personas f\u00edsicamente activas, mujeres embarazadas, ancianos y en suplementos que favorecen el equilibrio hormonal y la reducci\u00f3n de la fatiga. <\/p>\n<p>Gracias a su baj\u00edsimo contenido en humedad (0,12%) y a su gran pureza, esta vitamina es perfectamente estable y apta para su uso en c\u00e1psulas, comprimidos, sobres y formas l\u00edquidas.<\/p>\n","protected":false},"excerpt":{"rendered":"<p><strong data-start=\"0\" data-end=\"43\">La vitamina B6 (clorhidrato de piridoxina)<\/strong> es una sustancia activa con un papel importante en el metabolismo de las prote\u00ednas, las grasas y los hidratos de carbono, as\u00ed como en la funci\u00f3n de los sistemas nervioso e inmunitario.<\/p>\n","protected":false},"featured_media":40676,"template":"","meta":{"_acf_changed":false},"product_brand":[],"product_cat":[1078],"product_tag":[],"class_list":{"0":"post-40780","1":"product","2":"type-product","3":"status-publish","4":"has-post-thumbnail","6":"product_cat-vitaminas","8":"first","9":"instock","10":"shipping-taxable","11":"product-type-simple"},"acf":[],"yoast_head":"<!-- This site is optimized with the Yoast SEO plugin v27.4 - https:\/\/yoast.com\/product\/yoast-seo-wordpress\/ -->\n<title>Vitamina B6 - Distribuidor mayorista<\/title>\n<meta name=\"description\" content=\"La vitamina B6 (clorhidrato de piridoxina) es un principio activo crucial para el buen funcionamiento del organismo.\" \/>\n<meta name=\"robots\" content=\"index, follow, max-snippet:-1, max-image-preview:large, max-video-preview:-1\" \/>\n<link rel=\"canonical\" href=\"https:\/\/naturalpoland.com\/es\/productos\/productos-para-la-industria-farmaceutica-y-medica\/vitaminas\/vitamina-b6\/\" \/>\n<meta property=\"og:locale\" content=\"es_ES\" \/>\n<meta property=\"og:type\" content=\"article\" \/>\n<meta property=\"og:title\" content=\"Vitamina B6 - Distribuidor mayorista\" \/>\n<meta property=\"og:description\" content=\"La vitamina B6 (clorhidrato de piridoxina) es un principio activo crucial para el buen funcionamiento del organismo.\" \/>\n<meta property=\"og:url\" content=\"https:\/\/naturalpoland.com\/es\/productos\/productos-para-la-industria-farmaceutica-y-medica\/vitaminas\/vitamina-b6\/\" \/>\n<meta property=\"og:site_name\" content=\"NATURAL POLAND - Distribuidor Mayorista de Materias Primas\" \/>\n<meta property=\"article:publisher\" content=\"https:\/\/www.facebook.com\/naturalpoland.b2b\" \/>\n<meta property=\"og:image\" content=\"https:\/\/naturalpoland.com\/wp-content\/uploads\/witamina-b6.webp\" \/>\n\t<meta property=\"og:image:width\" content=\"1024\" \/>\n\t<meta property=\"og:image:height\" content=\"1024\" \/>\n\t<meta property=\"og:image:type\" content=\"image\/webp\" \/>\n<script type=\"application\/ld+json\" class=\"yoast-schema-graph\">{\"@context\":\"https:\\\/\\\/schema.org\",\"@graph\":[{\"@type\":\"WebPage\",\"@id\":\"https:\\\/\\\/naturalpoland.com\\\/es\\\/productos\\\/productos-para-la-industria-farmaceutica-y-medica\\\/vitaminas\\\/vitamina-b6\\\/\",\"url\":\"https:\\\/\\\/naturalpoland.com\\\/es\\\/productos\\\/productos-para-la-industria-farmaceutica-y-medica\\\/vitaminas\\\/vitamina-b6\\\/\",\"name\":\"Vitamina B6 - Distribuidor mayorista\",\"isPartOf\":{\"@id\":\"https:\\\/\\\/naturalpoland.com\\\/es\\\/#website\"},\"primaryImageOfPage\":{\"@id\":\"https:\\\/\\\/naturalpoland.com\\\/es\\\/productos\\\/productos-para-la-industria-farmaceutica-y-medica\\\/vitaminas\\\/vitamina-b6\\\/#primaryimage\"},\"image\":{\"@id\":\"https:\\\/\\\/naturalpoland.com\\\/es\\\/productos\\\/productos-para-la-industria-farmaceutica-y-medica\\\/vitaminas\\\/vitamina-b6\\\/#primaryimage\"},\"thumbnailUrl\":\"https:\\\/\\\/naturalpoland.com\\\/wp-content\\\/uploads\\\/witamina-b6.webp\",\"datePublished\":\"2025-04-16T13:23:21+00:00\",\"description\":\"La vitamina B6 (clorhidrato de piridoxina) es un principio activo crucial para el buen funcionamiento del organismo.\",\"breadcrumb\":{\"@id\":\"https:\\\/\\\/naturalpoland.com\\\/es\\\/productos\\\/productos-para-la-industria-farmaceutica-y-medica\\\/vitaminas\\\/vitamina-b6\\\/#breadcrumb\"},\"inLanguage\":\"es\",\"potentialAction\":[{\"@type\":\"ReadAction\",\"target\":[\"https:\\\/\\\/naturalpoland.com\\\/es\\\/productos\\\/productos-para-la-industria-farmaceutica-y-medica\\\/vitaminas\\\/vitamina-b6\\\/\"]}]},{\"@type\":\"ImageObject\",\"inLanguage\":\"es\",\"@id\":\"https:\\\/\\\/naturalpoland.com\\\/es\\\/productos\\\/productos-para-la-industria-farmaceutica-y-medica\\\/vitaminas\\\/vitamina-b6\\\/#primaryimage\",\"url\":\"https:\\\/\\\/naturalpoland.com\\\/wp-content\\\/uploads\\\/witamina-b6.webp\",\"contentUrl\":\"https:\\\/\\\/naturalpoland.com\\\/wp-content\\\/uploads\\\/witamina-b6.webp\",\"width\":1024,\"height\":1024,\"caption\":\"Witamina B6\"},{\"@type\":\"BreadcrumbList\",\"@id\":\"https:\\\/\\\/naturalpoland.com\\\/es\\\/productos\\\/productos-para-la-industria-farmaceutica-y-medica\\\/vitaminas\\\/vitamina-b6\\\/#breadcrumb\",\"itemListElement\":[{\"@type\":\"ListItem\",\"position\":1,\"name\":\"Inicio\",\"item\":\"https:\\\/\\\/naturalpoland.com\\\/es\\\/\"},{\"@type\":\"ListItem\",\"position\":2,\"name\":\"Productos\",\"item\":\"https:\\\/\\\/naturalpoland.com\\\/es\\\/productos\\\/\"},{\"@type\":\"ListItem\",\"position\":3,\"name\":\"Vitamina B6\"}]},{\"@type\":\"WebSite\",\"@id\":\"https:\\\/\\\/naturalpoland.com\\\/es\\\/#website\",\"url\":\"https:\\\/\\\/naturalpoland.com\\\/es\\\/\",\"name\":\"NATURAL POLAND - Distribuidor Mayorista de Materias Primas\",\"description\":\"Surowce dla przemys\u0142u spo\u017cywczego, kosmetycznego i farmaceutycznego\",\"publisher\":{\"@id\":\"https:\\\/\\\/naturalpoland.com\\\/es\\\/#organization\"},\"potentialAction\":[{\"@type\":\"SearchAction\",\"target\":{\"@type\":\"EntryPoint\",\"urlTemplate\":\"https:\\\/\\\/naturalpoland.com\\\/es\\\/?s={search_term_string}\"},\"query-input\":{\"@type\":\"PropertyValueSpecification\",\"valueRequired\":true,\"valueName\":\"search_term_string\"}}],\"inLanguage\":\"es\"},{\"@type\":\"Organization\",\"@id\":\"https:\\\/\\\/naturalpoland.com\\\/es\\\/#organization\",\"name\":\"Natural Poland\",\"url\":\"https:\\\/\\\/naturalpoland.com\\\/es\\\/\",\"logo\":{\"@type\":\"ImageObject\",\"inLanguage\":\"es\",\"@id\":\"https:\\\/\\\/naturalpoland.com\\\/es\\\/#\\\/schema\\\/logo\\\/image\\\/\",\"url\":\"https:\\\/\\\/naturalpoland.com\\\/wp-content\\\/uploads\\\/2021\\\/05\\\/natural-poland-icon.png\",\"contentUrl\":\"https:\\\/\\\/naturalpoland.com\\\/wp-content\\\/uploads\\\/2021\\\/05\\\/natural-poland-icon.png\",\"width\":512,\"height\":512,\"caption\":\"Natural Poland\"},\"image\":{\"@id\":\"https:\\\/\\\/naturalpoland.com\\\/es\\\/#\\\/schema\\\/logo\\\/image\\\/\"},\"sameAs\":[\"https:\\\/\\\/www.facebook.com\\\/naturalpoland.b2b\",\"https:\\\/\\\/pl.linkedin.com\\\/company\\\/natural-poland\",\"https:\\\/\\\/www.youtube.com\\\/channel\\\/UCgeGGkvOMahZo-xu_MSEWxg\"]}]}<\/script>\n<!-- \/ Yoast SEO plugin. -->","yoast_head_json":{"title":"Vitamina B6 - Distribuidor mayorista","description":"La vitamina B6 (clorhidrato de piridoxina) es un principio activo crucial para el buen funcionamiento del organismo.","robots":{"index":"index","follow":"follow","max-snippet":"max-snippet:-1","max-image-preview":"max-image-preview:large","max-video-preview":"max-video-preview:-1"},"canonical":"https:\/\/naturalpoland.com\/es\/productos\/productos-para-la-industria-farmaceutica-y-medica\/vitaminas\/vitamina-b6\/","og_locale":"es_ES","og_type":"article","og_title":"Vitamina B6 - Distribuidor mayorista","og_description":"La vitamina B6 (clorhidrato de piridoxina) es un principio activo crucial para el buen funcionamiento del organismo.","og_url":"https:\/\/naturalpoland.com\/es\/productos\/productos-para-la-industria-farmaceutica-y-medica\/vitaminas\/vitamina-b6\/","og_site_name":"NATURAL POLAND - Distribuidor Mayorista de Materias Primas","article_publisher":"https:\/\/www.facebook.com\/naturalpoland.b2b","og_image":[{"width":1024,"height":1024,"url":"https:\/\/naturalpoland.com\/wp-content\/uploads\/witamina-b6.webp","type":"image\/webp"}],"schema":{"@context":"https:\/\/schema.org","@graph":[{"@type":"WebPage","@id":"https:\/\/naturalpoland.com\/es\/productos\/productos-para-la-industria-farmaceutica-y-medica\/vitaminas\/vitamina-b6\/","url":"https:\/\/naturalpoland.com\/es\/productos\/productos-para-la-industria-farmaceutica-y-medica\/vitaminas\/vitamina-b6\/","name":"Vitamina B6 - Distribuidor mayorista","isPartOf":{"@id":"https:\/\/naturalpoland.com\/es\/#website"},"primaryImageOfPage":{"@id":"https:\/\/naturalpoland.com\/es\/productos\/productos-para-la-industria-farmaceutica-y-medica\/vitaminas\/vitamina-b6\/#primaryimage"},"image":{"@id":"https:\/\/naturalpoland.com\/es\/productos\/productos-para-la-industria-farmaceutica-y-medica\/vitaminas\/vitamina-b6\/#primaryimage"},"thumbnailUrl":"https:\/\/naturalpoland.com\/wp-content\/uploads\/witamina-b6.webp","datePublished":"2025-04-16T13:23:21+00:00","description":"La vitamina B6 (clorhidrato de piridoxina) es un principio activo crucial para el buen funcionamiento del organismo.","breadcrumb":{"@id":"https:\/\/naturalpoland.com\/es\/productos\/productos-para-la-industria-farmaceutica-y-medica\/vitaminas\/vitamina-b6\/#breadcrumb"},"inLanguage":"es","potentialAction":[{"@type":"ReadAction","target":["https:\/\/naturalpoland.com\/es\/productos\/productos-para-la-industria-farmaceutica-y-medica\/vitaminas\/vitamina-b6\/"]}]},{"@type":"ImageObject","inLanguage":"es","@id":"https:\/\/naturalpoland.com\/es\/productos\/productos-para-la-industria-farmaceutica-y-medica\/vitaminas\/vitamina-b6\/#primaryimage","url":"https:\/\/naturalpoland.com\/wp-content\/uploads\/witamina-b6.webp","contentUrl":"https:\/\/naturalpoland.com\/wp-content\/uploads\/witamina-b6.webp","width":1024,"height":1024,"caption":"Witamina B6"},{"@type":"BreadcrumbList","@id":"https:\/\/naturalpoland.com\/es\/productos\/productos-para-la-industria-farmaceutica-y-medica\/vitaminas\/vitamina-b6\/#breadcrumb","itemListElement":[{"@type":"ListItem","position":1,"name":"Inicio","item":"https:\/\/naturalpoland.com\/es\/"},{"@type":"ListItem","position":2,"name":"Productos","item":"https:\/\/naturalpoland.com\/es\/productos\/"},{"@type":"ListItem","position":3,"name":"Vitamina B6"}]},{"@type":"WebSite","@id":"https:\/\/naturalpoland.com\/es\/#website","url":"https:\/\/naturalpoland.com\/es\/","name":"NATURAL POLAND - Distribuidor Mayorista de Materias Primas","description":"Surowce dla przemys\u0142u spo\u017cywczego, kosmetycznego i farmaceutycznego","publisher":{"@id":"https:\/\/naturalpoland.com\/es\/#organization"},"potentialAction":[{"@type":"SearchAction","target":{"@type":"EntryPoint","urlTemplate":"https:\/\/naturalpoland.com\/es\/?s={search_term_string}"},"query-input":{"@type":"PropertyValueSpecification","valueRequired":true,"valueName":"search_term_string"}}],"inLanguage":"es"},{"@type":"Organization","@id":"https:\/\/naturalpoland.com\/es\/#organization","name":"Natural Poland","url":"https:\/\/naturalpoland.com\/es\/","logo":{"@type":"ImageObject","inLanguage":"es","@id":"https:\/\/naturalpoland.com\/es\/#\/schema\/logo\/image\/","url":"https:\/\/naturalpoland.com\/wp-content\/uploads\/2021\/05\/natural-poland-icon.png","contentUrl":"https:\/\/naturalpoland.com\/wp-content\/uploads\/2021\/05\/natural-poland-icon.png","width":512,"height":512,"caption":"Natural Poland"},"image":{"@id":"https:\/\/naturalpoland.com\/es\/#\/schema\/logo\/image\/"},"sameAs":["https:\/\/www.facebook.com\/naturalpoland.b2b","https:\/\/pl.linkedin.com\/company\/natural-poland","https:\/\/www.youtube.com\/channel\/UCgeGGkvOMahZo-xu_MSEWxg"]}]}},"_links":{"self":[{"href":"https:\/\/naturalpoland.com\/es\/wp-json\/wp\/v2\/product\/40780","targetHints":{"allow":["GET"]}}],"collection":[{"href":"https:\/\/naturalpoland.com\/es\/wp-json\/wp\/v2\/product"}],"about":[{"href":"https:\/\/naturalpoland.com\/es\/wp-json\/wp\/v2\/types\/product"}],"wp:featuredmedia":[{"embeddable":true,"href":"https:\/\/naturalpoland.com\/es\/wp-json\/wp\/v2\/media\/40676"}],"wp:attachment":[{"href":"https:\/\/naturalpoland.com\/es\/wp-json\/wp\/v2\/media?parent=40780"}],"wp:term":[{"taxonomy":"product_brand","embeddable":true,"href":"https:\/\/naturalpoland.com\/es\/wp-json\/wp\/v2\/product_brand?post=40780"},{"taxonomy":"product_cat","embeddable":true,"href":"https:\/\/naturalpoland.com\/es\/wp-json\/wp\/v2\/product_cat?post=40780"},{"taxonomy":"product_tag","embeddable":true,"href":"https:\/\/naturalpoland.com\/es\/wp-json\/wp\/v2\/product_tag?post=40780"}],"curies":[{"name":"wp","href":"https:\/\/api.w.org\/{rel}","templated":true}]}}