{"id":40866,"date":"2025-04-22T15:57:22","date_gmt":"2025-04-24T08:29:45","guid":{"rendered":"https:\/\/naturalpoland.com\/produkty\/sin categor\u00eda\/aroma-de-manzana\/"},"modified":"2025-04-24T10:29:45","modified_gmt":"2025-04-24T08:29:45","slug":"aroma-de-manzana","status":"publish","type":"product","link":"https:\/\/naturalpoland.com\/es\/productos\/productos-para-la-industria-alimentaria\/aromas-es\/aromas-frutales\/aroma-de-manzana\/","title":{"rendered":"Aroma de manzana"},"content":{"rendered":"<p>Se ofrecen variantes l\u00edquidas y en polvo, que difieren en el perfil sensorial y el soporte:<\/p>\n<h2>Sabores l\u00edquidos de manzana:<\/h2>\n<p class=\"\" data-start=\"497\" data-end=\"1000\">Entre <strong data-start=\"503\" data-end=\"557\">los sabores l\u00edquidos de manzana en un soporte de glicol<\/strong>, destacan varios perfiles \u00fanicos. El cl\u00e1sico de <strong data-start=\"607\" data-end=\"626\">manzana dulce<\/strong> capta el sabor natural y jugoso de una manzana madura y es ideal para su aplicaci\u00f3n en rellenos, pasteles, galletas, gelatinas o barritas de fruta. La versi\u00f3n de <strong data-start=\"783\" data-end=\"803\">manzana<\/strong> verde ofrece un perfil distinto, agridulce y fresco, con un toque de ralladura y un distintivo acento \u00abcrujiente\u00bb: una elecci\u00f3n excelente para bebidas, chicles, caramelos y postres refrescantes.  <\/p>\n<p class=\"\" data-start=\"1002\" data-end=\"1316\">Para los productores de postres y reposter\u00eda, se recomienda <strong data-start=\"1064\" data-end=\"1091\">el sabor manzana asada<\/strong>, que capta perfectamente el car\u00e1cter de una manzana asada especiada, con un sutil toque de caramelizaci\u00f3n y una nota c\u00e1lida que recuerda a la cl\u00e1sica tarta de manzana. Es excelente para pasteles, galletas de mantequilla y postres l\u00e1cteos. <\/p>\n<p class=\"\" data-start=\"1318\" data-end=\"1592\">Tambi\u00e9n hay disponible <strong data-start=\"1345\" data-end=\"1370\">una<\/strong> versi\u00f3n de <strong data-start=\"1345\" data-end=\"1370\">manzana con un toque de pera<\/strong>, que combina la jugosidad de la manzana con un fondo de pera ligeramente meloso y cremoso. Esta variante combina bien con reposter\u00eda, yogures y batidos, d\u00e1ndoles un car\u00e1cter m\u00e1s suave y de postre. <\/p>\n<h2 data-start=\"1318\" data-end=\"1592\">Sabor a manzana en polvo:<\/h2>\n<p class=\"\" data-start=\"1594\" data-end=\"1994\">Entre los <strong data-start=\"1600\" data-end=\"1635\">sabores de manzana en polvo<\/strong> encontrar\u00e1s el cl\u00e1sico perfil de <strong data-start=\"1667\" data-end=\"1687\">manzana dulce<\/strong> para productos instant\u00e1neos, rellenos, papillas, muesli y suplementos diet\u00e9ticos. La versi\u00f3n de <strong data-start=\"1775\" data-end=\"1797\">manzana y canela<\/strong> reproduce a la perfecci\u00f3n el sabor de la compota casera o del horneado de manzana, con notas equilibradas y naturales de canela y manzana. Esta variante combina bien con alimentos y bebidas de temporada.  <\/p>\n<p class=\"\" data-start=\"1996\" data-end=\"2275\">Tambi\u00e9n hay disponible <strong data-start=\"2016\" data-end=\"2053\">un sabor a manzana verde en polvo<\/strong>, con un perfil claramente \u00e1cido y fresco, que puede utilizarse en pastillas para chupar, bebidas funcionales o bebidas efervescentes. La caracter\u00edstica nota de \u00abmanzana verde\u00bb confiere a los productos un car\u00e1cter en\u00e9rgico y juvenil. <\/p>\n","protected":false},"excerpt":{"rendered":"<p><strong>El aroma de manzana<\/strong> es uno de los aromas frutales m\u00e1s diversos disponibles en el mercado, por lo que se adapta f\u00e1cilmente al car\u00e1cter del producto.<\/p>\n","protected":false},"featured_media":40838,"template":"","meta":{"_acf_changed":false},"product_brand":[],"product_cat":[7642],"product_tag":[],"class_list":{"0":"post-40866","1":"product","2":"type-product","3":"status-publish","4":"has-post-thumbnail","6":"product_cat-aromas-frutales","8":"first","9":"instock","10":"shipping-taxable","11":"product-type-simple"},"acf":[],"yoast_head":"<!-- This site is optimized with the Yoast SEO plugin v27.6 - https:\/\/yoast.com\/product\/yoast-seo-wordpress\/ -->\n<title>Aroma de manzana - Distribuidor mayorista<\/title>\n<meta name=\"description\" content=\"El aroma de manzana es uno de los aromas frutales m\u00e1s diversos disponibles en el mercado, por lo que se adapta f\u00e1cilmente a la naturaleza del producto\" \/>\n<meta name=\"robots\" content=\"index, follow, max-snippet:-1, max-image-preview:large, max-video-preview:-1\" \/>\n<link rel=\"canonical\" href=\"https:\/\/naturalpoland.com\/es\/productos\/productos-para-la-industria-alimentaria\/aromas-es\/aromas-frutales\/aroma-de-manzana\/\" \/>\n<meta property=\"og:locale\" content=\"es_ES\" \/>\n<meta property=\"og:type\" content=\"article\" \/>\n<meta property=\"og:title\" content=\"Aroma de manzana - Distribuidor mayorista\" \/>\n<meta property=\"og:description\" content=\"El aroma de manzana es uno de los aromas frutales m\u00e1s diversos disponibles en el mercado, por lo que se adapta f\u00e1cilmente a la naturaleza del producto\" \/>\n<meta property=\"og:url\" content=\"https:\/\/naturalpoland.com\/es\/productos\/productos-para-la-industria-alimentaria\/aromas-es\/aromas-frutales\/aroma-de-manzana\/\" \/>\n<meta property=\"og:site_name\" content=\"NATURAL POLAND - Distribuidor Mayorista de Materias Primas\" \/>\n<meta property=\"article:publisher\" content=\"https:\/\/www.facebook.com\/naturalpoland.b2b\" \/>\n<meta property=\"og:image\" content=\"https:\/\/naturalpoland.com\/wp-content\/uploads\/aromat-jablkowy.webp\" \/>\n\t<meta property=\"og:image:width\" content=\"1024\" \/>\n\t<meta property=\"og:image:height\" content=\"1024\" \/>\n\t<meta property=\"og:image:type\" content=\"image\/webp\" \/>\n<script type=\"application\/ld+json\" class=\"yoast-schema-graph\">{\"@context\":\"https:\\\/\\\/schema.org\",\"@graph\":[{\"@type\":\"WebPage\",\"@id\":\"https:\\\/\\\/naturalpoland.com\\\/es\\\/productos\\\/productos-para-la-industria-alimentaria\\\/aromas-es\\\/aromas-frutales\\\/aroma-de-manzana\\\/\",\"url\":\"https:\\\/\\\/naturalpoland.com\\\/es\\\/productos\\\/productos-para-la-industria-alimentaria\\\/aromas-es\\\/aromas-frutales\\\/aroma-de-manzana\\\/\",\"name\":\"Aroma de manzana - Distribuidor mayorista\",\"isPartOf\":{\"@id\":\"https:\\\/\\\/naturalpoland.com\\\/es\\\/#website\"},\"primaryImageOfPage\":{\"@id\":\"https:\\\/\\\/naturalpoland.com\\\/es\\\/productos\\\/productos-para-la-industria-alimentaria\\\/aromas-es\\\/aromas-frutales\\\/aroma-de-manzana\\\/#primaryimage\"},\"image\":{\"@id\":\"https:\\\/\\\/naturalpoland.com\\\/es\\\/productos\\\/productos-para-la-industria-alimentaria\\\/aromas-es\\\/aromas-frutales\\\/aroma-de-manzana\\\/#primaryimage\"},\"thumbnailUrl\":\"https:\\\/\\\/naturalpoland.com\\\/wp-content\\\/uploads\\\/aromat-jablkowy.webp\",\"datePublished\":\"2025-04-24T08:29:45+00:00\",\"description\":\"El aroma de manzana es uno de los aromas frutales m\u00e1s diversos disponibles en el mercado, por lo que se adapta f\u00e1cilmente a la naturaleza del producto\",\"breadcrumb\":{\"@id\":\"https:\\\/\\\/naturalpoland.com\\\/es\\\/productos\\\/productos-para-la-industria-alimentaria\\\/aromas-es\\\/aromas-frutales\\\/aroma-de-manzana\\\/#breadcrumb\"},\"inLanguage\":\"es\",\"potentialAction\":[{\"@type\":\"ReadAction\",\"target\":[\"https:\\\/\\\/naturalpoland.com\\\/es\\\/productos\\\/productos-para-la-industria-alimentaria\\\/aromas-es\\\/aromas-frutales\\\/aroma-de-manzana\\\/\"]}]},{\"@type\":\"ImageObject\",\"inLanguage\":\"es\",\"@id\":\"https:\\\/\\\/naturalpoland.com\\\/es\\\/productos\\\/productos-para-la-industria-alimentaria\\\/aromas-es\\\/aromas-frutales\\\/aroma-de-manzana\\\/#primaryimage\",\"url\":\"https:\\\/\\\/naturalpoland.com\\\/wp-content\\\/uploads\\\/aromat-jablkowy.webp\",\"contentUrl\":\"https:\\\/\\\/naturalpoland.com\\\/wp-content\\\/uploads\\\/aromat-jablkowy.webp\",\"width\":1024,\"height\":1024,\"caption\":\"aromat jab\u0142kowy\"},{\"@type\":\"BreadcrumbList\",\"@id\":\"https:\\\/\\\/naturalpoland.com\\\/es\\\/productos\\\/productos-para-la-industria-alimentaria\\\/aromas-es\\\/aromas-frutales\\\/aroma-de-manzana\\\/#breadcrumb\",\"itemListElement\":[{\"@type\":\"ListItem\",\"position\":1,\"name\":\"Inicio\",\"item\":\"https:\\\/\\\/naturalpoland.com\\\/es\\\/\"},{\"@type\":\"ListItem\",\"position\":2,\"name\":\"Productos\",\"item\":\"https:\\\/\\\/naturalpoland.com\\\/es\\\/productos\\\/\"},{\"@type\":\"ListItem\",\"position\":3,\"name\":\"Aroma de manzana\"}]},{\"@type\":\"WebSite\",\"@id\":\"https:\\\/\\\/naturalpoland.com\\\/es\\\/#website\",\"url\":\"https:\\\/\\\/naturalpoland.com\\\/es\\\/\",\"name\":\"NATURAL POLAND - Distribuidor Mayorista de Materias Primas\",\"description\":\"Surowce dla przemys\u0142u spo\u017cywczego, kosmetycznego i farmaceutycznego\",\"publisher\":{\"@id\":\"https:\\\/\\\/naturalpoland.com\\\/es\\\/#organization\"},\"potentialAction\":[{\"@type\":\"SearchAction\",\"target\":{\"@type\":\"EntryPoint\",\"urlTemplate\":\"https:\\\/\\\/naturalpoland.com\\\/es\\\/?s={search_term_string}\"},\"query-input\":{\"@type\":\"PropertyValueSpecification\",\"valueRequired\":true,\"valueName\":\"search_term_string\"}}],\"inLanguage\":\"es\"},{\"@type\":\"Organization\",\"@id\":\"https:\\\/\\\/naturalpoland.com\\\/es\\\/#organization\",\"name\":\"Natural Poland\",\"url\":\"https:\\\/\\\/naturalpoland.com\\\/es\\\/\",\"logo\":{\"@type\":\"ImageObject\",\"inLanguage\":\"es\",\"@id\":\"https:\\\/\\\/naturalpoland.com\\\/es\\\/#\\\/schema\\\/logo\\\/image\\\/\",\"url\":\"https:\\\/\\\/naturalpoland.com\\\/wp-content\\\/uploads\\\/2021\\\/05\\\/natural-poland-icon.png\",\"contentUrl\":\"https:\\\/\\\/naturalpoland.com\\\/wp-content\\\/uploads\\\/2021\\\/05\\\/natural-poland-icon.png\",\"width\":512,\"height\":512,\"caption\":\"Natural Poland\"},\"image\":{\"@id\":\"https:\\\/\\\/naturalpoland.com\\\/es\\\/#\\\/schema\\\/logo\\\/image\\\/\"},\"sameAs\":[\"https:\\\/\\\/www.facebook.com\\\/naturalpoland.b2b\",\"https:\\\/\\\/pl.linkedin.com\\\/company\\\/natural-poland\",\"https:\\\/\\\/www.youtube.com\\\/channel\\\/UCgeGGkvOMahZo-xu_MSEWxg\"]}]}<\/script>\n<!-- \/ Yoast SEO plugin. -->","yoast_head_json":{"title":"Aroma de manzana - Distribuidor mayorista","description":"El aroma de manzana es uno de los aromas frutales m\u00e1s diversos disponibles en el mercado, por lo que se adapta f\u00e1cilmente a la naturaleza del producto","robots":{"index":"index","follow":"follow","max-snippet":"max-snippet:-1","max-image-preview":"max-image-preview:large","max-video-preview":"max-video-preview:-1"},"canonical":"https:\/\/naturalpoland.com\/es\/productos\/productos-para-la-industria-alimentaria\/aromas-es\/aromas-frutales\/aroma-de-manzana\/","og_locale":"es_ES","og_type":"article","og_title":"Aroma de manzana - Distribuidor mayorista","og_description":"El aroma de manzana es uno de los aromas frutales m\u00e1s diversos disponibles en el mercado, por lo que se adapta f\u00e1cilmente a la naturaleza del producto","og_url":"https:\/\/naturalpoland.com\/es\/productos\/productos-para-la-industria-alimentaria\/aromas-es\/aromas-frutales\/aroma-de-manzana\/","og_site_name":"NATURAL POLAND - Distribuidor Mayorista de Materias Primas","article_publisher":"https:\/\/www.facebook.com\/naturalpoland.b2b","og_image":[{"width":1024,"height":1024,"url":"https:\/\/naturalpoland.com\/wp-content\/uploads\/aromat-jablkowy.webp","type":"image\/webp"}],"schema":{"@context":"https:\/\/schema.org","@graph":[{"@type":"WebPage","@id":"https:\/\/naturalpoland.com\/es\/productos\/productos-para-la-industria-alimentaria\/aromas-es\/aromas-frutales\/aroma-de-manzana\/","url":"https:\/\/naturalpoland.com\/es\/productos\/productos-para-la-industria-alimentaria\/aromas-es\/aromas-frutales\/aroma-de-manzana\/","name":"Aroma de manzana - Distribuidor mayorista","isPartOf":{"@id":"https:\/\/naturalpoland.com\/es\/#website"},"primaryImageOfPage":{"@id":"https:\/\/naturalpoland.com\/es\/productos\/productos-para-la-industria-alimentaria\/aromas-es\/aromas-frutales\/aroma-de-manzana\/#primaryimage"},"image":{"@id":"https:\/\/naturalpoland.com\/es\/productos\/productos-para-la-industria-alimentaria\/aromas-es\/aromas-frutales\/aroma-de-manzana\/#primaryimage"},"thumbnailUrl":"https:\/\/naturalpoland.com\/wp-content\/uploads\/aromat-jablkowy.webp","datePublished":"2025-04-24T08:29:45+00:00","description":"El aroma de manzana es uno de los aromas frutales m\u00e1s diversos disponibles en el mercado, por lo que se adapta f\u00e1cilmente a la naturaleza del producto","breadcrumb":{"@id":"https:\/\/naturalpoland.com\/es\/productos\/productos-para-la-industria-alimentaria\/aromas-es\/aromas-frutales\/aroma-de-manzana\/#breadcrumb"},"inLanguage":"es","potentialAction":[{"@type":"ReadAction","target":["https:\/\/naturalpoland.com\/es\/productos\/productos-para-la-industria-alimentaria\/aromas-es\/aromas-frutales\/aroma-de-manzana\/"]}]},{"@type":"ImageObject","inLanguage":"es","@id":"https:\/\/naturalpoland.com\/es\/productos\/productos-para-la-industria-alimentaria\/aromas-es\/aromas-frutales\/aroma-de-manzana\/#primaryimage","url":"https:\/\/naturalpoland.com\/wp-content\/uploads\/aromat-jablkowy.webp","contentUrl":"https:\/\/naturalpoland.com\/wp-content\/uploads\/aromat-jablkowy.webp","width":1024,"height":1024,"caption":"aromat jab\u0142kowy"},{"@type":"BreadcrumbList","@id":"https:\/\/naturalpoland.com\/es\/productos\/productos-para-la-industria-alimentaria\/aromas-es\/aromas-frutales\/aroma-de-manzana\/#breadcrumb","itemListElement":[{"@type":"ListItem","position":1,"name":"Inicio","item":"https:\/\/naturalpoland.com\/es\/"},{"@type":"ListItem","position":2,"name":"Productos","item":"https:\/\/naturalpoland.com\/es\/productos\/"},{"@type":"ListItem","position":3,"name":"Aroma de manzana"}]},{"@type":"WebSite","@id":"https:\/\/naturalpoland.com\/es\/#website","url":"https:\/\/naturalpoland.com\/es\/","name":"NATURAL POLAND - Distribuidor Mayorista de Materias Primas","description":"Surowce dla przemys\u0142u spo\u017cywczego, kosmetycznego i farmaceutycznego","publisher":{"@id":"https:\/\/naturalpoland.com\/es\/#organization"},"potentialAction":[{"@type":"SearchAction","target":{"@type":"EntryPoint","urlTemplate":"https:\/\/naturalpoland.com\/es\/?s={search_term_string}"},"query-input":{"@type":"PropertyValueSpecification","valueRequired":true,"valueName":"search_term_string"}}],"inLanguage":"es"},{"@type":"Organization","@id":"https:\/\/naturalpoland.com\/es\/#organization","name":"Natural Poland","url":"https:\/\/naturalpoland.com\/es\/","logo":{"@type":"ImageObject","inLanguage":"es","@id":"https:\/\/naturalpoland.com\/es\/#\/schema\/logo\/image\/","url":"https:\/\/naturalpoland.com\/wp-content\/uploads\/2021\/05\/natural-poland-icon.png","contentUrl":"https:\/\/naturalpoland.com\/wp-content\/uploads\/2021\/05\/natural-poland-icon.png","width":512,"height":512,"caption":"Natural Poland"},"image":{"@id":"https:\/\/naturalpoland.com\/es\/#\/schema\/logo\/image\/"},"sameAs":["https:\/\/www.facebook.com\/naturalpoland.b2b","https:\/\/pl.linkedin.com\/company\/natural-poland","https:\/\/www.youtube.com\/channel\/UCgeGGkvOMahZo-xu_MSEWxg"]}]}},"_links":{"self":[{"href":"https:\/\/naturalpoland.com\/es\/wp-json\/wp\/v2\/product\/40866","targetHints":{"allow":["GET"]}}],"collection":[{"href":"https:\/\/naturalpoland.com\/es\/wp-json\/wp\/v2\/product"}],"about":[{"href":"https:\/\/naturalpoland.com\/es\/wp-json\/wp\/v2\/types\/product"}],"wp:featuredmedia":[{"embeddable":true,"href":"https:\/\/naturalpoland.com\/es\/wp-json\/wp\/v2\/media\/40838"}],"wp:attachment":[{"href":"https:\/\/naturalpoland.com\/es\/wp-json\/wp\/v2\/media?parent=40866"}],"wp:term":[{"taxonomy":"product_brand","embeddable":true,"href":"https:\/\/naturalpoland.com\/es\/wp-json\/wp\/v2\/product_brand?post=40866"},{"taxonomy":"product_cat","embeddable":true,"href":"https:\/\/naturalpoland.com\/es\/wp-json\/wp\/v2\/product_cat?post=40866"},{"taxonomy":"product_tag","embeddable":true,"href":"https:\/\/naturalpoland.com\/es\/wp-json\/wp\/v2\/product_tag?post=40866"}],"curies":[{"name":"wp","href":"https:\/\/api.w.org\/{rel}","templated":true}]}}