{"id":40869,"date":"2025-04-22T16:15:20","date_gmt":"2025-04-22T14:15:20","guid":{"rendered":"https:\/\/naturalpoland.com\/produkty\/sin categor\u00eda\/aroma-de-cactus\/"},"modified":"2025-04-24T10:29:49","modified_gmt":"2025-04-24T08:29:49","slug":"aroma-de-cactus","status":"publish","type":"product","link":"https:\/\/naturalpoland.com\/es\/productos\/productos-para-la-industria-alimentaria\/aromas-es\/aromas-frutales\/aroma-de-cactus\/","title":{"rendered":"Aroma de cactus"},"content":{"rendered":"<p class=\"\" data-start=\"0\" data-end=\"318\">El aroma de <strong data-start=\"7\" data-end=\"20\">nopal<\/strong> est\u00e1 disponible en distintas variantes que difieren en intensidad, naturaleza de las notas arom\u00e1ticas y forma (l\u00edquido o polvo) para adaptarse a aplicaciones espec\u00edficas, tanto en la industria alimentaria como en la cosm\u00e9tica. A continuaci\u00f3n encontrar\u00e1s una descripci\u00f3n detallada de las variantes: <\/p>\n<h3 data-start=\"320\" data-end=\"909\"><strong data-start=\"320\" data-end=\"362\">1. aroma de cactus l\u00edquido (glicol)<\/strong><\/h3>\n<p class=\"\" data-start=\"320\" data-end=\"909\">Es la variante m\u00e1s vers\u00e1til, con un perfil fresco, verde y ligeramente afrutado. Hay notas parecidas al zumo de higo chumbo y al aloe vera, con toques sutiles de mel\u00f3n y pepino. Un delicado dulzor se combina aqu\u00ed con una refrescante acidez. Esta variante es ideal para productos l\u00e1cteos (yogures, quesos), confiter\u00eda (rellenos, cremas), as\u00ed como bebidas isot\u00f3nicas, limonadas o bebidas gaseosas dulces. El portador es propilenglicol, por lo que el sabor se integra bien en bases acuosas y grasas.    <\/p>\n<h3 data-start=\"911\" data-end=\"1558\"><strong data-start=\"911\" data-end=\"969\">Aroma concentrado de cactus (l\u00edquido, glicol)<\/strong><\/h3>\n<p class=\"\" data-start=\"911\" data-end=\"1558\">Una versi\u00f3n con mayor intensidad y un perfil de sabor y aroma m\u00e1s profundo. Conserva las notas jugosas y verde-afrutadas, pero los acentos ex\u00f3ticos son m\u00e1s perceptibles: recuerda a una mezcla de kiwi, higo chumbo y uvas blancas con una nota fresca y vegetal. Ideal para productos destinados a impresionar con un aroma distinto y fresco, como chicles, pastillas, caramelos con efecto refrescante o cosm\u00e9ticos frescos (geles, champ\u00fas). Gracias a su formulaci\u00f3n concentrada, se necesita una dosis menor, lo que es beneficioso para intensificar el sabor o el olor sin afectar a la consistencia del producto.   <\/p>\n<h3 data-start=\"1560\" data-end=\"2055\"><strong data-start=\"1560\" data-end=\"1593\">3. polvo aromatizante de nopal<\/strong><\/h3>\n<p class=\"\" data-start=\"1560\" data-end=\"2055\">Variante creada para mezclas de alimentos secos y suplementos diet\u00e9ticos. Se caracteriza por un aroma delicado, dulce y vegetal, con notas de manzana verde, aloe vera y un frescor ligeramente c\u00edtrico. Es adecuado para su uso en comprimidos efervescentes, mezclas para batidos, barritas funcionales o productos instant\u00e1neos (gelatinas, kisiels, batidos). Su forma en polvo permite una dosificaci\u00f3n c\u00f3moda y una larga conservaci\u00f3n del aroma, incluso en condiciones de almacenamiento dif\u00edciles.   <\/p>\n<p class=\"\" data-start=\"2057\" data-end=\"2453\">Cada una de las variantes de aroma de cactus capta la frescura, ligereza y dulzor ex\u00f3tico caracter\u00edsticos del fruto del cactus, pero la elecci\u00f3n de una versi\u00f3n concreta depende del tipo de aplicaci\u00f3n, la intensidad esperada y la base de la receta. Estos aromas est\u00e1n en consonancia con las tendencias de consumo modernas, especialmente populares entre los grupos objetivo m\u00e1s j\u00f3venes y en productos \u00abrefrescantes\u00bb, \u00abdesintoxicantes\u00bb y \u00abtropicales\u00bb. <\/p>\n","protected":false},"excerpt":{"rendered":"<p><strong data-start=\"0\" data-end=\"20\">Cactus Aroma<\/strong> tiene un aroma y un perfil de sabor refrescantes que se inspiran en la naturaleza ex\u00f3tica de la fruta del cactus, sobre todo del higo chumbo.<\/p>\n","protected":false},"featured_media":40864,"template":"","meta":{"_acf_changed":false},"product_brand":[],"product_cat":[7642],"product_tag":[],"class_list":{"0":"post-40869","1":"product","2":"type-product","3":"status-publish","4":"has-post-thumbnail","6":"product_cat-aromas-frutales","8":"first","9":"instock","10":"shipping-taxable","11":"product-type-simple"},"acf":[],"yoast_head":"<!-- This site is optimized with the Yoast SEO plugin v27.5 - https:\/\/yoast.com\/product\/yoast-seo-wordpress\/ -->\n<title>Aroma de cactus - Distribuidor mayorista<\/title>\n<meta name=\"description\" content=\"El aroma de cactus tiene un perfil de aroma y sabor refrescante que se inspira en la naturaleza ex\u00f3tica del fruto del cactus\" \/>\n<meta name=\"robots\" content=\"index, follow, max-snippet:-1, max-image-preview:large, max-video-preview:-1\" \/>\n<link rel=\"canonical\" href=\"https:\/\/naturalpoland.com\/es\/productos\/productos-para-la-industria-alimentaria\/aromas-es\/aromas-frutales\/aroma-de-cactus\/\" \/>\n<meta property=\"og:locale\" content=\"es_ES\" \/>\n<meta property=\"og:type\" content=\"article\" \/>\n<meta property=\"og:title\" content=\"Aroma de cactus - Distribuidor mayorista\" \/>\n<meta property=\"og:description\" content=\"El aroma de cactus tiene un perfil de aroma y sabor refrescante que se inspira en la naturaleza ex\u00f3tica del fruto del cactus\" \/>\n<meta property=\"og:url\" content=\"https:\/\/naturalpoland.com\/es\/productos\/productos-para-la-industria-alimentaria\/aromas-es\/aromas-frutales\/aroma-de-cactus\/\" \/>\n<meta property=\"og:site_name\" content=\"NATURAL POLAND - Distribuidor Mayorista de Materias Primas\" \/>\n<meta property=\"article:publisher\" content=\"https:\/\/www.facebook.com\/naturalpoland.b2b\" \/>\n<meta property=\"article:modified_time\" content=\"2025-04-24T08:29:49+00:00\" \/>\n<meta property=\"og:image\" content=\"https:\/\/naturalpoland.com\/wp-content\/uploads\/aromat-kaktusowy.webp\" \/>\n\t<meta property=\"og:image:width\" content=\"1024\" \/>\n\t<meta property=\"og:image:height\" content=\"1024\" \/>\n\t<meta property=\"og:image:type\" content=\"image\/webp\" \/>\n<script type=\"application\/ld+json\" class=\"yoast-schema-graph\">{\"@context\":\"https:\\\/\\\/schema.org\",\"@graph\":[{\"@type\":\"WebPage\",\"@id\":\"https:\\\/\\\/naturalpoland.com\\\/es\\\/productos\\\/productos-para-la-industria-alimentaria\\\/aromas-es\\\/aromas-frutales\\\/aroma-de-cactus\\\/\",\"url\":\"https:\\\/\\\/naturalpoland.com\\\/es\\\/productos\\\/productos-para-la-industria-alimentaria\\\/aromas-es\\\/aromas-frutales\\\/aroma-de-cactus\\\/\",\"name\":\"Aroma de cactus - Distribuidor mayorista\",\"isPartOf\":{\"@id\":\"https:\\\/\\\/naturalpoland.com\\\/es\\\/#website\"},\"primaryImageOfPage\":{\"@id\":\"https:\\\/\\\/naturalpoland.com\\\/es\\\/productos\\\/productos-para-la-industria-alimentaria\\\/aromas-es\\\/aromas-frutales\\\/aroma-de-cactus\\\/#primaryimage\"},\"image\":{\"@id\":\"https:\\\/\\\/naturalpoland.com\\\/es\\\/productos\\\/productos-para-la-industria-alimentaria\\\/aromas-es\\\/aromas-frutales\\\/aroma-de-cactus\\\/#primaryimage\"},\"thumbnailUrl\":\"https:\\\/\\\/naturalpoland.com\\\/wp-content\\\/uploads\\\/aromat-kaktusowy.webp\",\"datePublished\":\"2025-04-22T14:15:20+00:00\",\"dateModified\":\"2025-04-24T08:29:49+00:00\",\"description\":\"El aroma de cactus tiene un perfil de aroma y sabor refrescante que se inspira en la naturaleza ex\u00f3tica del fruto del cactus\",\"breadcrumb\":{\"@id\":\"https:\\\/\\\/naturalpoland.com\\\/es\\\/productos\\\/productos-para-la-industria-alimentaria\\\/aromas-es\\\/aromas-frutales\\\/aroma-de-cactus\\\/#breadcrumb\"},\"inLanguage\":\"es\",\"potentialAction\":[{\"@type\":\"ReadAction\",\"target\":[\"https:\\\/\\\/naturalpoland.com\\\/es\\\/productos\\\/productos-para-la-industria-alimentaria\\\/aromas-es\\\/aromas-frutales\\\/aroma-de-cactus\\\/\"]}]},{\"@type\":\"ImageObject\",\"inLanguage\":\"es\",\"@id\":\"https:\\\/\\\/naturalpoland.com\\\/es\\\/productos\\\/productos-para-la-industria-alimentaria\\\/aromas-es\\\/aromas-frutales\\\/aroma-de-cactus\\\/#primaryimage\",\"url\":\"https:\\\/\\\/naturalpoland.com\\\/wp-content\\\/uploads\\\/aromat-kaktusowy.webp\",\"contentUrl\":\"https:\\\/\\\/naturalpoland.com\\\/wp-content\\\/uploads\\\/aromat-kaktusowy.webp\",\"width\":1024,\"height\":1024,\"caption\":\"aromat kaktusowy\"},{\"@type\":\"BreadcrumbList\",\"@id\":\"https:\\\/\\\/naturalpoland.com\\\/es\\\/productos\\\/productos-para-la-industria-alimentaria\\\/aromas-es\\\/aromas-frutales\\\/aroma-de-cactus\\\/#breadcrumb\",\"itemListElement\":[{\"@type\":\"ListItem\",\"position\":1,\"name\":\"Inicio\",\"item\":\"https:\\\/\\\/naturalpoland.com\\\/es\\\/\"},{\"@type\":\"ListItem\",\"position\":2,\"name\":\"Productos\",\"item\":\"https:\\\/\\\/naturalpoland.com\\\/es\\\/productos\\\/\"},{\"@type\":\"ListItem\",\"position\":3,\"name\":\"Aroma de cactus\"}]},{\"@type\":\"WebSite\",\"@id\":\"https:\\\/\\\/naturalpoland.com\\\/es\\\/#website\",\"url\":\"https:\\\/\\\/naturalpoland.com\\\/es\\\/\",\"name\":\"NATURAL POLAND - Distribuidor Mayorista de Materias Primas\",\"description\":\"Surowce dla przemys\u0142u spo\u017cywczego, kosmetycznego i farmaceutycznego\",\"publisher\":{\"@id\":\"https:\\\/\\\/naturalpoland.com\\\/es\\\/#organization\"},\"potentialAction\":[{\"@type\":\"SearchAction\",\"target\":{\"@type\":\"EntryPoint\",\"urlTemplate\":\"https:\\\/\\\/naturalpoland.com\\\/es\\\/?s={search_term_string}\"},\"query-input\":{\"@type\":\"PropertyValueSpecification\",\"valueRequired\":true,\"valueName\":\"search_term_string\"}}],\"inLanguage\":\"es\"},{\"@type\":\"Organization\",\"@id\":\"https:\\\/\\\/naturalpoland.com\\\/es\\\/#organization\",\"name\":\"Natural Poland\",\"url\":\"https:\\\/\\\/naturalpoland.com\\\/es\\\/\",\"logo\":{\"@type\":\"ImageObject\",\"inLanguage\":\"es\",\"@id\":\"https:\\\/\\\/naturalpoland.com\\\/es\\\/#\\\/schema\\\/logo\\\/image\\\/\",\"url\":\"https:\\\/\\\/naturalpoland.com\\\/wp-content\\\/uploads\\\/2021\\\/05\\\/natural-poland-icon.png\",\"contentUrl\":\"https:\\\/\\\/naturalpoland.com\\\/wp-content\\\/uploads\\\/2021\\\/05\\\/natural-poland-icon.png\",\"width\":512,\"height\":512,\"caption\":\"Natural Poland\"},\"image\":{\"@id\":\"https:\\\/\\\/naturalpoland.com\\\/es\\\/#\\\/schema\\\/logo\\\/image\\\/\"},\"sameAs\":[\"https:\\\/\\\/www.facebook.com\\\/naturalpoland.b2b\",\"https:\\\/\\\/pl.linkedin.com\\\/company\\\/natural-poland\",\"https:\\\/\\\/www.youtube.com\\\/channel\\\/UCgeGGkvOMahZo-xu_MSEWxg\"]}]}<\/script>\n<!-- \/ Yoast SEO plugin. -->","yoast_head_json":{"title":"Aroma de cactus - Distribuidor mayorista","description":"El aroma de cactus tiene un perfil de aroma y sabor refrescante que se inspira en la naturaleza ex\u00f3tica del fruto del cactus","robots":{"index":"index","follow":"follow","max-snippet":"max-snippet:-1","max-image-preview":"max-image-preview:large","max-video-preview":"max-video-preview:-1"},"canonical":"https:\/\/naturalpoland.com\/es\/productos\/productos-para-la-industria-alimentaria\/aromas-es\/aromas-frutales\/aroma-de-cactus\/","og_locale":"es_ES","og_type":"article","og_title":"Aroma de cactus - Distribuidor mayorista","og_description":"El aroma de cactus tiene un perfil de aroma y sabor refrescante que se inspira en la naturaleza ex\u00f3tica del fruto del cactus","og_url":"https:\/\/naturalpoland.com\/es\/productos\/productos-para-la-industria-alimentaria\/aromas-es\/aromas-frutales\/aroma-de-cactus\/","og_site_name":"NATURAL POLAND - Distribuidor Mayorista de Materias Primas","article_publisher":"https:\/\/www.facebook.com\/naturalpoland.b2b","article_modified_time":"2025-04-24T08:29:49+00:00","og_image":[{"width":1024,"height":1024,"url":"https:\/\/naturalpoland.com\/wp-content\/uploads\/aromat-kaktusowy.webp","type":"image\/webp"}],"schema":{"@context":"https:\/\/schema.org","@graph":[{"@type":"WebPage","@id":"https:\/\/naturalpoland.com\/es\/productos\/productos-para-la-industria-alimentaria\/aromas-es\/aromas-frutales\/aroma-de-cactus\/","url":"https:\/\/naturalpoland.com\/es\/productos\/productos-para-la-industria-alimentaria\/aromas-es\/aromas-frutales\/aroma-de-cactus\/","name":"Aroma de cactus - Distribuidor mayorista","isPartOf":{"@id":"https:\/\/naturalpoland.com\/es\/#website"},"primaryImageOfPage":{"@id":"https:\/\/naturalpoland.com\/es\/productos\/productos-para-la-industria-alimentaria\/aromas-es\/aromas-frutales\/aroma-de-cactus\/#primaryimage"},"image":{"@id":"https:\/\/naturalpoland.com\/es\/productos\/productos-para-la-industria-alimentaria\/aromas-es\/aromas-frutales\/aroma-de-cactus\/#primaryimage"},"thumbnailUrl":"https:\/\/naturalpoland.com\/wp-content\/uploads\/aromat-kaktusowy.webp","datePublished":"2025-04-22T14:15:20+00:00","dateModified":"2025-04-24T08:29:49+00:00","description":"El aroma de cactus tiene un perfil de aroma y sabor refrescante que se inspira en la naturaleza ex\u00f3tica del fruto del cactus","breadcrumb":{"@id":"https:\/\/naturalpoland.com\/es\/productos\/productos-para-la-industria-alimentaria\/aromas-es\/aromas-frutales\/aroma-de-cactus\/#breadcrumb"},"inLanguage":"es","potentialAction":[{"@type":"ReadAction","target":["https:\/\/naturalpoland.com\/es\/productos\/productos-para-la-industria-alimentaria\/aromas-es\/aromas-frutales\/aroma-de-cactus\/"]}]},{"@type":"ImageObject","inLanguage":"es","@id":"https:\/\/naturalpoland.com\/es\/productos\/productos-para-la-industria-alimentaria\/aromas-es\/aromas-frutales\/aroma-de-cactus\/#primaryimage","url":"https:\/\/naturalpoland.com\/wp-content\/uploads\/aromat-kaktusowy.webp","contentUrl":"https:\/\/naturalpoland.com\/wp-content\/uploads\/aromat-kaktusowy.webp","width":1024,"height":1024,"caption":"aromat kaktusowy"},{"@type":"BreadcrumbList","@id":"https:\/\/naturalpoland.com\/es\/productos\/productos-para-la-industria-alimentaria\/aromas-es\/aromas-frutales\/aroma-de-cactus\/#breadcrumb","itemListElement":[{"@type":"ListItem","position":1,"name":"Inicio","item":"https:\/\/naturalpoland.com\/es\/"},{"@type":"ListItem","position":2,"name":"Productos","item":"https:\/\/naturalpoland.com\/es\/productos\/"},{"@type":"ListItem","position":3,"name":"Aroma de cactus"}]},{"@type":"WebSite","@id":"https:\/\/naturalpoland.com\/es\/#website","url":"https:\/\/naturalpoland.com\/es\/","name":"NATURAL POLAND - Distribuidor Mayorista de Materias Primas","description":"Surowce dla przemys\u0142u spo\u017cywczego, kosmetycznego i farmaceutycznego","publisher":{"@id":"https:\/\/naturalpoland.com\/es\/#organization"},"potentialAction":[{"@type":"SearchAction","target":{"@type":"EntryPoint","urlTemplate":"https:\/\/naturalpoland.com\/es\/?s={search_term_string}"},"query-input":{"@type":"PropertyValueSpecification","valueRequired":true,"valueName":"search_term_string"}}],"inLanguage":"es"},{"@type":"Organization","@id":"https:\/\/naturalpoland.com\/es\/#organization","name":"Natural Poland","url":"https:\/\/naturalpoland.com\/es\/","logo":{"@type":"ImageObject","inLanguage":"es","@id":"https:\/\/naturalpoland.com\/es\/#\/schema\/logo\/image\/","url":"https:\/\/naturalpoland.com\/wp-content\/uploads\/2021\/05\/natural-poland-icon.png","contentUrl":"https:\/\/naturalpoland.com\/wp-content\/uploads\/2021\/05\/natural-poland-icon.png","width":512,"height":512,"caption":"Natural Poland"},"image":{"@id":"https:\/\/naturalpoland.com\/es\/#\/schema\/logo\/image\/"},"sameAs":["https:\/\/www.facebook.com\/naturalpoland.b2b","https:\/\/pl.linkedin.com\/company\/natural-poland","https:\/\/www.youtube.com\/channel\/UCgeGGkvOMahZo-xu_MSEWxg"]}]}},"_links":{"self":[{"href":"https:\/\/naturalpoland.com\/es\/wp-json\/wp\/v2\/product\/40869","targetHints":{"allow":["GET"]}}],"collection":[{"href":"https:\/\/naturalpoland.com\/es\/wp-json\/wp\/v2\/product"}],"about":[{"href":"https:\/\/naturalpoland.com\/es\/wp-json\/wp\/v2\/types\/product"}],"wp:featuredmedia":[{"embeddable":true,"href":"https:\/\/naturalpoland.com\/es\/wp-json\/wp\/v2\/media\/40864"}],"wp:attachment":[{"href":"https:\/\/naturalpoland.com\/es\/wp-json\/wp\/v2\/media?parent=40869"}],"wp:term":[{"taxonomy":"product_brand","embeddable":true,"href":"https:\/\/naturalpoland.com\/es\/wp-json\/wp\/v2\/product_brand?post=40869"},{"taxonomy":"product_cat","embeddable":true,"href":"https:\/\/naturalpoland.com\/es\/wp-json\/wp\/v2\/product_cat?post=40869"},{"taxonomy":"product_tag","embeddable":true,"href":"https:\/\/naturalpoland.com\/es\/wp-json\/wp\/v2\/product_tag?post=40869"}],"curies":[{"name":"wp","href":"https:\/\/api.w.org\/{rel}","templated":true}]}}