{"id":41292,"date":"2025-05-29T14:41:56","date_gmt":"2025-05-29T13:52:43","guid":{"rendered":"https:\/\/naturalpoland.com\/produkty\/sin categor\u00eda\/extracto-de-peonia\/"},"modified":"2025-05-29T15:52:43","modified_gmt":"2025-05-29T13:52:43","slug":"extracto-de-peonia","status":"publish","type":"product","link":"https:\/\/naturalpoland.com\/es\/productos\/extractos-de-plantas\/extracto-de-peonia\/","title":{"rendered":"Extracto de peon\u00eda"},"content":{"rendered":"<h2>Propiedades<\/h2>\n<p>El extracto de peon\u00eda se presenta en forma de polvo finamente molido, de color marr\u00f3n amarillento y olor caracter\u00edstico ligeramente astringente. Se obtiene por el m\u00e9todo acuoso, con maltodextrina a\u00f1adida como soporte. <\/p>\n<p data-start=\"766\" data-end=\"1438\">La materia prima muestra un amplio espectro de actividad biol\u00f3gica, debido a la presencia de compuestos como <strong>la paeoniflorina<\/strong>, <a href=\"https:\/\/naturalpoland.com\/artykuly\/produkty-naturalne\/czym-sa-i-jak-dzialaja-flawonoidy\/\"><strong>flavonoides<\/strong><\/a>, <strong>taninos<\/strong> y <strong>\u00e1cidos org\u00e1nicos<\/strong>. Se utiliza tradicionalmente como <strong>sedante natural<\/strong> para aliviar la tensi\u00f3n nerviosa, la ansiedad y los s\u00edntomas premenstruales (SPM). Favorece la funci\u00f3n del sistema inmunitario y ayuda al organismo con la inflamaci\u00f3n, el dolor y las afecciones reum\u00e1ticas. La peon\u00eda tambi\u00e9n tiene un efecto diast\u00f3lico <strong>y antiedematoso<\/strong>, por lo que a veces se utiliza para aliviar las molestias menstruales y los problemas circulatorios. Algunos estudios apuntan tambi\u00e9n a su potencial neuroprotector y adapt\u00f3geno.    <\/p>\n<p data-start=\"1440\" data-end=\"1860\"><strong>En cosm\u00e9tica natural<\/strong>, el extracto de peon\u00eda se valora por sus propiedades antioxidantes, iluminadoras y calmantes. Ayuda a calmar la inflamaci\u00f3n cut\u00e1nea, reduce el enrojecimiento, refuerza la barrera epid\u00e9rmica y mejora la elasticidad de la piel. Gracias a estas propiedades, se utiliza en f\u00f3rmulas para pieles sensibles, vasculares, irritadas y maduras, sobre todo en productos antienvejecimiento.  <\/p>\n<h2 data-start=\"1862\" data-end=\"1895\">Aplicaci\u00f3n y seguridad<\/h2>\n<p data-start=\"1897\" data-end=\"1940\">El extracto de peon\u00eda se utiliza en:<\/p>\n<ul data-start=\"1941\" data-end=\"2253\">\n<li data-start=\"1941\" data-end=\"2019\">\n<p data-start=\"1943\" data-end=\"2019\"><strong>Suplementos diet\u00e9ticos<\/strong> para apoyar los sistemas nervioso, endocrino e inmunitario;<\/p>\n<\/li>\n<li data-start=\"2020\" data-end=\"2099\">\n<p data-start=\"2022\" data-end=\"2099\"><strong>preparados para aliviar el dolor muscular<\/strong>, el <strong>dolor<\/strong> reum\u00e1tico y la tensi\u00f3n menstrual;<\/p>\n<\/li>\n<li data-start=\"2100\" data-end=\"2185\">\n<p data-start=\"2102\" data-end=\"2185\"><strong>cosm\u00e9ticos<\/strong> calmantes, antiedad e iluminadores para el rostro y el cuerpo;<\/p>\n<\/li>\n<li data-start=\"2186\" data-end=\"2253\">\n<p data-start=\"2188\" data-end=\"2253\">productos para favorecer el equilibrio emocional y la reducci\u00f3n del estr\u00e9s.<\/p>\n<\/li>\n<\/ul>\n<p data-start=\"2255\" data-end=\"2783\" data-is-last-node=\"\" data-is-only-node=\"\">Aunque se considera que la peon\u00eda tiene un perfil de seguridad elevado, como cualquier ingrediente vegetal puede provocar una reacci\u00f3n al\u00e9rgica en personas especialmente sensibles. Los s\u00edntomas como picor, erupci\u00f3n o irritaci\u00f3n son muy raros, pero se recomienda una prueba cut\u00e1nea para el primer uso de cosm\u00e9ticos que la contengan. En caso de suplementaci\u00f3n oral, las mujeres embarazadas o en periodo de lactancia y quienes tomen anticoagulantes deben consultar a un m\u00e9dico antes de empezar a utilizarlo.  <\/p>\n","protected":false},"excerpt":{"rendered":"<p><strong>El extracto de peon\u00eda se extrae<\/strong> de la ra\u00edz de la planta <em data-start=\"132\" data-end=\"152\">Paeonia lactiflora. <\/em>Se utilizaba en la medicina tradicional china y ahora se emplea cada vez m\u00e1s en preparados herbales y cosm\u00e9ticos modernos y en suplementos diet\u00e9ticos.<\/p>\n","protected":false},"featured_media":41244,"template":"","meta":[],"product_brand":[],"product_cat":[1079],"product_tag":[],"class_list":{"0":"post-41292","1":"product","2":"type-product","3":"status-publish","4":"has-post-thumbnail","6":"product_cat-extractos-de-plantas","7":"pa_czesc-rosliny-raiz","9":"first","10":"instock","11":"shipping-taxable","12":"product-type-simple"},"yoast_head":"<!-- This site is optimized with the Yoast SEO plugin v27.3 - https:\/\/yoast.com\/product\/yoast-seo-wordpress\/ -->\n<title>Extracto de peon\u00eda - Distribuidor mayorista<\/title>\n<meta name=\"description\" content=\"El extracto de peon\u00eda, extra\u00eddo de la ra\u00edz de la planta Paeonia lactiflora, es una materia prima cada vez m\u00e1s utilizada en los preparados herbales modernos.\" \/>\n<meta name=\"robots\" content=\"index, follow, max-snippet:-1, max-image-preview:large, max-video-preview:-1\" \/>\n<link rel=\"canonical\" href=\"https:\/\/naturalpoland.com\/es\/productos\/extractos-de-plantas\/extracto-de-peonia\/\" \/>\n<meta property=\"og:locale\" content=\"es_ES\" \/>\n<meta property=\"og:type\" content=\"article\" \/>\n<meta property=\"og:title\" content=\"Extracto de peon\u00eda - Distribuidor mayorista\" \/>\n<meta property=\"og:description\" content=\"El extracto de peon\u00eda, extra\u00eddo de la ra\u00edz de la planta Paeonia lactiflora, es una materia prima cada vez m\u00e1s utilizada en los preparados herbales modernos.\" \/>\n<meta property=\"og:url\" content=\"https:\/\/naturalpoland.com\/es\/productos\/extractos-de-plantas\/extracto-de-peonia\/\" \/>\n<meta property=\"og:site_name\" content=\"NATURAL POLAND - Distribuidor Mayorista de Materias Primas\" \/>\n<meta property=\"article:publisher\" content=\"https:\/\/www.facebook.com\/naturalpoland.b2b\" \/>\n<meta property=\"og:image\" content=\"https:\/\/naturalpoland.com\/wp-content\/uploads\/ekstrakt-z-piwoni.webp\" \/>\n\t<meta property=\"og:image:width\" content=\"1024\" \/>\n\t<meta property=\"og:image:height\" content=\"1024\" \/>\n\t<meta property=\"og:image:type\" content=\"image\/webp\" \/>\n<script type=\"application\/ld+json\" class=\"yoast-schema-graph\">{\"@context\":\"https:\\\/\\\/schema.org\",\"@graph\":[{\"@type\":\"WebPage\",\"@id\":\"https:\\\/\\\/naturalpoland.com\\\/es\\\/productos\\\/extractos-de-plantas\\\/extracto-de-peonia\\\/\",\"url\":\"https:\\\/\\\/naturalpoland.com\\\/es\\\/productos\\\/extractos-de-plantas\\\/extracto-de-peonia\\\/\",\"name\":\"Extracto de peon\u00eda - Distribuidor mayorista\",\"isPartOf\":{\"@id\":\"https:\\\/\\\/naturalpoland.com\\\/es\\\/#website\"},\"primaryImageOfPage\":{\"@id\":\"https:\\\/\\\/naturalpoland.com\\\/es\\\/productos\\\/extractos-de-plantas\\\/extracto-de-peonia\\\/#primaryimage\"},\"image\":{\"@id\":\"https:\\\/\\\/naturalpoland.com\\\/es\\\/productos\\\/extractos-de-plantas\\\/extracto-de-peonia\\\/#primaryimage\"},\"thumbnailUrl\":\"https:\\\/\\\/naturalpoland.com\\\/wp-content\\\/uploads\\\/ekstrakt-z-piwoni.webp\",\"datePublished\":\"2025-05-29T13:52:43+00:00\",\"description\":\"El extracto de peon\u00eda, extra\u00eddo de la ra\u00edz de la planta Paeonia lactiflora, es una materia prima cada vez m\u00e1s utilizada en los preparados herbales modernos.\",\"breadcrumb\":{\"@id\":\"https:\\\/\\\/naturalpoland.com\\\/es\\\/productos\\\/extractos-de-plantas\\\/extracto-de-peonia\\\/#breadcrumb\"},\"inLanguage\":\"es\",\"potentialAction\":[{\"@type\":\"ReadAction\",\"target\":[\"https:\\\/\\\/naturalpoland.com\\\/es\\\/productos\\\/extractos-de-plantas\\\/extracto-de-peonia\\\/\"]}]},{\"@type\":\"ImageObject\",\"inLanguage\":\"es\",\"@id\":\"https:\\\/\\\/naturalpoland.com\\\/es\\\/productos\\\/extractos-de-plantas\\\/extracto-de-peonia\\\/#primaryimage\",\"url\":\"https:\\\/\\\/naturalpoland.com\\\/wp-content\\\/uploads\\\/ekstrakt-z-piwoni.webp\",\"contentUrl\":\"https:\\\/\\\/naturalpoland.com\\\/wp-content\\\/uploads\\\/ekstrakt-z-piwoni.webp\",\"width\":1024,\"height\":1024,\"caption\":\"Ekstrakt z korzenia piwonii w proszku\"},{\"@type\":\"BreadcrumbList\",\"@id\":\"https:\\\/\\\/naturalpoland.com\\\/es\\\/productos\\\/extractos-de-plantas\\\/extracto-de-peonia\\\/#breadcrumb\",\"itemListElement\":[{\"@type\":\"ListItem\",\"position\":1,\"name\":\"Inicio\",\"item\":\"https:\\\/\\\/naturalpoland.com\\\/es\\\/\"},{\"@type\":\"ListItem\",\"position\":2,\"name\":\"Productos\",\"item\":\"https:\\\/\\\/naturalpoland.com\\\/es\\\/productos\\\/\"},{\"@type\":\"ListItem\",\"position\":3,\"name\":\"Extracto de peon\u00eda\"}]},{\"@type\":\"WebSite\",\"@id\":\"https:\\\/\\\/naturalpoland.com\\\/es\\\/#website\",\"url\":\"https:\\\/\\\/naturalpoland.com\\\/es\\\/\",\"name\":\"NATURAL POLAND - Distribuidor Mayorista de Materias Primas\",\"description\":\"Surowce dla przemys\u0142u spo\u017cywczego, kosmetycznego i farmaceutycznego\",\"publisher\":{\"@id\":\"https:\\\/\\\/naturalpoland.com\\\/es\\\/#organization\"},\"potentialAction\":[{\"@type\":\"SearchAction\",\"target\":{\"@type\":\"EntryPoint\",\"urlTemplate\":\"https:\\\/\\\/naturalpoland.com\\\/es\\\/?s={search_term_string}\"},\"query-input\":{\"@type\":\"PropertyValueSpecification\",\"valueRequired\":true,\"valueName\":\"search_term_string\"}}],\"inLanguage\":\"es\"},{\"@type\":\"Organization\",\"@id\":\"https:\\\/\\\/naturalpoland.com\\\/es\\\/#organization\",\"name\":\"Natural Poland\",\"url\":\"https:\\\/\\\/naturalpoland.com\\\/es\\\/\",\"logo\":{\"@type\":\"ImageObject\",\"inLanguage\":\"es\",\"@id\":\"https:\\\/\\\/naturalpoland.com\\\/es\\\/#\\\/schema\\\/logo\\\/image\\\/\",\"url\":\"https:\\\/\\\/naturalpoland.com\\\/wp-content\\\/uploads\\\/2021\\\/05\\\/natural-poland-icon.png\",\"contentUrl\":\"https:\\\/\\\/naturalpoland.com\\\/wp-content\\\/uploads\\\/2021\\\/05\\\/natural-poland-icon.png\",\"width\":512,\"height\":512,\"caption\":\"Natural Poland\"},\"image\":{\"@id\":\"https:\\\/\\\/naturalpoland.com\\\/es\\\/#\\\/schema\\\/logo\\\/image\\\/\"},\"sameAs\":[\"https:\\\/\\\/www.facebook.com\\\/naturalpoland.b2b\",\"https:\\\/\\\/pl.linkedin.com\\\/company\\\/natural-poland\",\"https:\\\/\\\/www.youtube.com\\\/channel\\\/UCgeGGkvOMahZo-xu_MSEWxg\"]}]}<\/script>\n<!-- \/ Yoast SEO plugin. -->","yoast_head_json":{"title":"Extracto de peon\u00eda - Distribuidor mayorista","description":"El extracto de peon\u00eda, extra\u00eddo de la ra\u00edz de la planta Paeonia lactiflora, es una materia prima cada vez m\u00e1s utilizada en los preparados herbales modernos.","robots":{"index":"index","follow":"follow","max-snippet":"max-snippet:-1","max-image-preview":"max-image-preview:large","max-video-preview":"max-video-preview:-1"},"canonical":"https:\/\/naturalpoland.com\/es\/productos\/extractos-de-plantas\/extracto-de-peonia\/","og_locale":"es_ES","og_type":"article","og_title":"Extracto de peon\u00eda - Distribuidor mayorista","og_description":"El extracto de peon\u00eda, extra\u00eddo de la ra\u00edz de la planta Paeonia lactiflora, es una materia prima cada vez m\u00e1s utilizada en los preparados herbales modernos.","og_url":"https:\/\/naturalpoland.com\/es\/productos\/extractos-de-plantas\/extracto-de-peonia\/","og_site_name":"NATURAL POLAND - Distribuidor Mayorista de Materias Primas","article_publisher":"https:\/\/www.facebook.com\/naturalpoland.b2b","og_image":[{"width":1024,"height":1024,"url":"https:\/\/naturalpoland.com\/wp-content\/uploads\/ekstrakt-z-piwoni.webp","type":"image\/webp"}],"schema":{"@context":"https:\/\/schema.org","@graph":[{"@type":"WebPage","@id":"https:\/\/naturalpoland.com\/es\/productos\/extractos-de-plantas\/extracto-de-peonia\/","url":"https:\/\/naturalpoland.com\/es\/productos\/extractos-de-plantas\/extracto-de-peonia\/","name":"Extracto de peon\u00eda - Distribuidor mayorista","isPartOf":{"@id":"https:\/\/naturalpoland.com\/es\/#website"},"primaryImageOfPage":{"@id":"https:\/\/naturalpoland.com\/es\/productos\/extractos-de-plantas\/extracto-de-peonia\/#primaryimage"},"image":{"@id":"https:\/\/naturalpoland.com\/es\/productos\/extractos-de-plantas\/extracto-de-peonia\/#primaryimage"},"thumbnailUrl":"https:\/\/naturalpoland.com\/wp-content\/uploads\/ekstrakt-z-piwoni.webp","datePublished":"2025-05-29T13:52:43+00:00","description":"El extracto de peon\u00eda, extra\u00eddo de la ra\u00edz de la planta Paeonia lactiflora, es una materia prima cada vez m\u00e1s utilizada en los preparados herbales modernos.","breadcrumb":{"@id":"https:\/\/naturalpoland.com\/es\/productos\/extractos-de-plantas\/extracto-de-peonia\/#breadcrumb"},"inLanguage":"es","potentialAction":[{"@type":"ReadAction","target":["https:\/\/naturalpoland.com\/es\/productos\/extractos-de-plantas\/extracto-de-peonia\/"]}]},{"@type":"ImageObject","inLanguage":"es","@id":"https:\/\/naturalpoland.com\/es\/productos\/extractos-de-plantas\/extracto-de-peonia\/#primaryimage","url":"https:\/\/naturalpoland.com\/wp-content\/uploads\/ekstrakt-z-piwoni.webp","contentUrl":"https:\/\/naturalpoland.com\/wp-content\/uploads\/ekstrakt-z-piwoni.webp","width":1024,"height":1024,"caption":"Ekstrakt z korzenia piwonii w proszku"},{"@type":"BreadcrumbList","@id":"https:\/\/naturalpoland.com\/es\/productos\/extractos-de-plantas\/extracto-de-peonia\/#breadcrumb","itemListElement":[{"@type":"ListItem","position":1,"name":"Inicio","item":"https:\/\/naturalpoland.com\/es\/"},{"@type":"ListItem","position":2,"name":"Productos","item":"https:\/\/naturalpoland.com\/es\/productos\/"},{"@type":"ListItem","position":3,"name":"Extracto de peon\u00eda"}]},{"@type":"WebSite","@id":"https:\/\/naturalpoland.com\/es\/#website","url":"https:\/\/naturalpoland.com\/es\/","name":"NATURAL POLAND - Distribuidor Mayorista de Materias Primas","description":"Surowce dla przemys\u0142u spo\u017cywczego, kosmetycznego i farmaceutycznego","publisher":{"@id":"https:\/\/naturalpoland.com\/es\/#organization"},"potentialAction":[{"@type":"SearchAction","target":{"@type":"EntryPoint","urlTemplate":"https:\/\/naturalpoland.com\/es\/?s={search_term_string}"},"query-input":{"@type":"PropertyValueSpecification","valueRequired":true,"valueName":"search_term_string"}}],"inLanguage":"es"},{"@type":"Organization","@id":"https:\/\/naturalpoland.com\/es\/#organization","name":"Natural Poland","url":"https:\/\/naturalpoland.com\/es\/","logo":{"@type":"ImageObject","inLanguage":"es","@id":"https:\/\/naturalpoland.com\/es\/#\/schema\/logo\/image\/","url":"https:\/\/naturalpoland.com\/wp-content\/uploads\/2021\/05\/natural-poland-icon.png","contentUrl":"https:\/\/naturalpoland.com\/wp-content\/uploads\/2021\/05\/natural-poland-icon.png","width":512,"height":512,"caption":"Natural Poland"},"image":{"@id":"https:\/\/naturalpoland.com\/es\/#\/schema\/logo\/image\/"},"sameAs":["https:\/\/www.facebook.com\/naturalpoland.b2b","https:\/\/pl.linkedin.com\/company\/natural-poland","https:\/\/www.youtube.com\/channel\/UCgeGGkvOMahZo-xu_MSEWxg"]}]}},"_links":{"self":[{"href":"https:\/\/naturalpoland.com\/es\/wp-json\/wp\/v2\/product\/41292","targetHints":{"allow":["GET"]}}],"collection":[{"href":"https:\/\/naturalpoland.com\/es\/wp-json\/wp\/v2\/product"}],"about":[{"href":"https:\/\/naturalpoland.com\/es\/wp-json\/wp\/v2\/types\/product"}],"wp:featuredmedia":[{"embeddable":true,"href":"https:\/\/naturalpoland.com\/es\/wp-json\/wp\/v2\/media\/41244"}],"wp:attachment":[{"href":"https:\/\/naturalpoland.com\/es\/wp-json\/wp\/v2\/media?parent=41292"}],"wp:term":[{"taxonomy":"product_brand","embeddable":true,"href":"https:\/\/naturalpoland.com\/es\/wp-json\/wp\/v2\/product_brand?post=41292"},{"taxonomy":"product_cat","embeddable":true,"href":"https:\/\/naturalpoland.com\/es\/wp-json\/wp\/v2\/product_cat?post=41292"},{"taxonomy":"product_tag","embeddable":true,"href":"https:\/\/naturalpoland.com\/es\/wp-json\/wp\/v2\/product_tag?post=41292"}],"curies":[{"name":"wp","href":"https:\/\/api.w.org\/{rel}","templated":true}]}}