{"id":41294,"date":"2025-05-29T15:04:47","date_gmt":"2025-05-29T13:52:45","guid":{"rendered":"https:\/\/naturalpoland.com\/produkty\/sin%20categor\u00eda\/extracto-de-jengibre-negro\/"},"modified":"2025-06-04T16:05:05","modified_gmt":"2025-06-04T14:05:05","slug":"ekstrakt-z-czarnego-imbiru","status":"publish","type":"product","link":"https:\/\/naturalpoland.com\/es\/productos\/extractos-de-plantas\/ekstrakt-z-czarnego-imbiru\/","title":{"rendered":"Extracto de jengibre negro"},"content":{"rendered":"<p><strong>La Kaempferia parviflora<\/strong> se ha utilizado durante siglos en la medicina tradicional del sudeste asi\u00e1tico, especialmente en Tailandia. Se valoraba especialmente por su acci\u00f3n multidireccional de apoyo a la salud y la vitalidad del organismo. El extracto de jengibre negro que ofrecemos se presenta en forma de polvo fino, de color marr\u00f3n amarillento y sabor y olor caracter\u00edsticos, soluble en agua, con maltodextrina como soporte.  <\/p>\n<h2 data-start=\"629\" data-end=\"1211\">Propiedades y beneficios para la salud:<\/h2>\n<p data-start=\"629\" data-end=\"1211\">La Kaempferia parviflora es apreciada por sus propiedades adapt\u00f3genas, antioxidantes y antiinflamatorias. Favorece la funci\u00f3n cognitiva, aumenta la energ\u00eda y el rendimiento f\u00edsico, por lo que se utiliza a menudo en suplementos para personas activas y deportistas. La planta tambi\u00e9n puede tener un efecto beneficioso sobre la libido y el equilibrio hormonal, por lo que se utiliza en suplementos para apoyar la salud masculina. Los compuestos de la Kaempferia parviflora pueden mejorar la circulaci\u00f3n, reducir el estr\u00e9s oxidativo y favorecer la inmunidad general.   <\/p>\n<h2 data-start=\"1213\" data-end=\"1631\">Aplicaci\u00f3n:<\/h2>\n<p data-start=\"1213\" data-end=\"1631\" data-is-last-node=\"\" data-is-only-node=\"\">El extracto de jengibre negro se utiliza principalmente en complementos diet\u00e9ticos -en c\u00e1psulas, polvos o f\u00f3rmulas- para apoyar la energ\u00eda, la concentraci\u00f3n y el rendimiento f\u00edsico. Tambi\u00e9n puede ser un ingrediente de f\u00f3rmulas con efectos adapt\u00f3genos o para apoyar el sistema cardiovascular y la libido. Gracias a su buena solubilidad en agua, tambi\u00e9n puede utilizarse en bebidas funcionales.  <\/p>\n","protected":false},"excerpt":{"rendered":"<p>El extracto <strong data-start=\"0\" data-end=\"54\">de jengibre negro<\/strong> (galanga negra), o extracto de Kaempferia <em>parviflora<\/em>, es un material vegetal de alta calidad extra\u00eddo de los rizomas de <em>Kaempferia parviflora<\/em>, una planta de la familia del jengibre, tambi\u00e9n conocida como galanga negra o \u201cginseng tailand\u00e9s\u201d.<\/p>\n","protected":false},"featured_media":41257,"template":"","meta":[],"product_brand":[],"product_cat":[1079],"product_tag":[],"class_list":{"0":"post-41294","1":"product","2":"type-product","3":"status-publish","4":"has-post-thumbnail","6":"product_cat-extractos-de-plantas","7":"pa_czesc-rosliny-raiz","9":"first","10":"instock","11":"shipping-taxable","12":"product-type-simple"},"yoast_head":"<!-- This site is optimized with the Yoast SEO plugin v27.3 - https:\/\/yoast.com\/product\/yoast-seo-wordpress\/ -->\n<title>Extracto de jengibre negro - Distribuidor mayorista<\/title>\n<meta name=\"description\" content=\"El extracto de jengibre negro se extrae de los rizomas de Kaempferia parviflora, una planta de la familia del jengibre, tambi\u00e9n conocida como galanga negra.\" \/>\n<meta name=\"robots\" content=\"index, follow, max-snippet:-1, max-image-preview:large, max-video-preview:-1\" \/>\n<link rel=\"canonical\" href=\"https:\/\/naturalpoland.com\/es\/productos\/extractos-de-plantas\/ekstrakt-z-czarnego-imbiru\/\" \/>\n<meta property=\"og:locale\" content=\"es_ES\" \/>\n<meta property=\"og:type\" content=\"article\" \/>\n<meta property=\"og:title\" content=\"Extracto de jengibre negro - Distribuidor mayorista\" \/>\n<meta property=\"og:description\" content=\"El extracto de jengibre negro se extrae de los rizomas de Kaempferia parviflora, una planta de la familia del jengibre, tambi\u00e9n conocida como galanga negra.\" \/>\n<meta property=\"og:url\" content=\"https:\/\/naturalpoland.com\/es\/productos\/extractos-de-plantas\/ekstrakt-z-czarnego-imbiru\/\" \/>\n<meta property=\"og:site_name\" content=\"NATURAL POLAND - Distribuidor Mayorista de Materias Primas\" \/>\n<meta property=\"article:publisher\" content=\"https:\/\/www.facebook.com\/naturalpoland.b2b\" \/>\n<meta property=\"article:modified_time\" content=\"2025-06-04T14:05:05+00:00\" \/>\n<meta property=\"og:image\" content=\"https:\/\/naturalpoland.com\/wp-content\/uploads\/ekstrakt-z-czarnego-imbiru.webp\" \/>\n\t<meta property=\"og:image:width\" content=\"1024\" \/>\n\t<meta property=\"og:image:height\" content=\"1024\" \/>\n\t<meta property=\"og:image:type\" content=\"image\/webp\" \/>\n<script type=\"application\/ld+json\" class=\"yoast-schema-graph\">{\"@context\":\"https:\\\/\\\/schema.org\",\"@graph\":[{\"@type\":\"WebPage\",\"@id\":\"https:\\\/\\\/naturalpoland.com\\\/es\\\/productos\\\/extractos-de-plantas\\\/ekstrakt-z-czarnego-imbiru\\\/\",\"url\":\"https:\\\/\\\/naturalpoland.com\\\/es\\\/productos\\\/extractos-de-plantas\\\/ekstrakt-z-czarnego-imbiru\\\/\",\"name\":\"Extracto de jengibre negro - Distribuidor mayorista\",\"isPartOf\":{\"@id\":\"https:\\\/\\\/naturalpoland.com\\\/es\\\/#website\"},\"primaryImageOfPage\":{\"@id\":\"https:\\\/\\\/naturalpoland.com\\\/es\\\/productos\\\/extractos-de-plantas\\\/ekstrakt-z-czarnego-imbiru\\\/#primaryimage\"},\"image\":{\"@id\":\"https:\\\/\\\/naturalpoland.com\\\/es\\\/productos\\\/extractos-de-plantas\\\/ekstrakt-z-czarnego-imbiru\\\/#primaryimage\"},\"thumbnailUrl\":\"https:\\\/\\\/naturalpoland.com\\\/wp-content\\\/uploads\\\/ekstrakt-z-czarnego-imbiru.webp\",\"datePublished\":\"2025-05-29T13:52:45+00:00\",\"dateModified\":\"2025-06-04T14:05:05+00:00\",\"description\":\"El extracto de jengibre negro se extrae de los rizomas de Kaempferia parviflora, una planta de la familia del jengibre, tambi\u00e9n conocida como galanga negra.\",\"breadcrumb\":{\"@id\":\"https:\\\/\\\/naturalpoland.com\\\/es\\\/productos\\\/extractos-de-plantas\\\/ekstrakt-z-czarnego-imbiru\\\/#breadcrumb\"},\"inLanguage\":\"es\",\"potentialAction\":[{\"@type\":\"ReadAction\",\"target\":[\"https:\\\/\\\/naturalpoland.com\\\/es\\\/productos\\\/extractos-de-plantas\\\/ekstrakt-z-czarnego-imbiru\\\/\"]}]},{\"@type\":\"ImageObject\",\"inLanguage\":\"es\",\"@id\":\"https:\\\/\\\/naturalpoland.com\\\/es\\\/productos\\\/extractos-de-plantas\\\/ekstrakt-z-czarnego-imbiru\\\/#primaryimage\",\"url\":\"https:\\\/\\\/naturalpoland.com\\\/wp-content\\\/uploads\\\/ekstrakt-z-czarnego-imbiru.webp\",\"contentUrl\":\"https:\\\/\\\/naturalpoland.com\\\/wp-content\\\/uploads\\\/ekstrakt-z-czarnego-imbiru.webp\",\"width\":1024,\"height\":1024,\"caption\":\"Ekstrakt z czarnego imbiru Kaempferia parviflora\"},{\"@type\":\"BreadcrumbList\",\"@id\":\"https:\\\/\\\/naturalpoland.com\\\/es\\\/productos\\\/extractos-de-plantas\\\/ekstrakt-z-czarnego-imbiru\\\/#breadcrumb\",\"itemListElement\":[{\"@type\":\"ListItem\",\"position\":1,\"name\":\"Inicio\",\"item\":\"https:\\\/\\\/naturalpoland.com\\\/es\\\/\"},{\"@type\":\"ListItem\",\"position\":2,\"name\":\"Productos\",\"item\":\"https:\\\/\\\/naturalpoland.com\\\/es\\\/productos\\\/\"},{\"@type\":\"ListItem\",\"position\":3,\"name\":\"Extracto de jengibre negro\"}]},{\"@type\":\"WebSite\",\"@id\":\"https:\\\/\\\/naturalpoland.com\\\/es\\\/#website\",\"url\":\"https:\\\/\\\/naturalpoland.com\\\/es\\\/\",\"name\":\"NATURAL POLAND - Distribuidor Mayorista de Materias Primas\",\"description\":\"Surowce dla przemys\u0142u spo\u017cywczego, kosmetycznego i farmaceutycznego\",\"publisher\":{\"@id\":\"https:\\\/\\\/naturalpoland.com\\\/es\\\/#organization\"},\"potentialAction\":[{\"@type\":\"SearchAction\",\"target\":{\"@type\":\"EntryPoint\",\"urlTemplate\":\"https:\\\/\\\/naturalpoland.com\\\/es\\\/?s={search_term_string}\"},\"query-input\":{\"@type\":\"PropertyValueSpecification\",\"valueRequired\":true,\"valueName\":\"search_term_string\"}}],\"inLanguage\":\"es\"},{\"@type\":\"Organization\",\"@id\":\"https:\\\/\\\/naturalpoland.com\\\/es\\\/#organization\",\"name\":\"Natural Poland\",\"url\":\"https:\\\/\\\/naturalpoland.com\\\/es\\\/\",\"logo\":{\"@type\":\"ImageObject\",\"inLanguage\":\"es\",\"@id\":\"https:\\\/\\\/naturalpoland.com\\\/es\\\/#\\\/schema\\\/logo\\\/image\\\/\",\"url\":\"https:\\\/\\\/naturalpoland.com\\\/wp-content\\\/uploads\\\/2021\\\/05\\\/natural-poland-icon.png\",\"contentUrl\":\"https:\\\/\\\/naturalpoland.com\\\/wp-content\\\/uploads\\\/2021\\\/05\\\/natural-poland-icon.png\",\"width\":512,\"height\":512,\"caption\":\"Natural Poland\"},\"image\":{\"@id\":\"https:\\\/\\\/naturalpoland.com\\\/es\\\/#\\\/schema\\\/logo\\\/image\\\/\"},\"sameAs\":[\"https:\\\/\\\/www.facebook.com\\\/naturalpoland.b2b\",\"https:\\\/\\\/pl.linkedin.com\\\/company\\\/natural-poland\",\"https:\\\/\\\/www.youtube.com\\\/channel\\\/UCgeGGkvOMahZo-xu_MSEWxg\"]}]}<\/script>\n<!-- \/ Yoast SEO plugin. -->","yoast_head_json":{"title":"Extracto de jengibre negro - Distribuidor mayorista","description":"El extracto de jengibre negro se extrae de los rizomas de Kaempferia parviflora, una planta de la familia del jengibre, tambi\u00e9n conocida como galanga negra.","robots":{"index":"index","follow":"follow","max-snippet":"max-snippet:-1","max-image-preview":"max-image-preview:large","max-video-preview":"max-video-preview:-1"},"canonical":"https:\/\/naturalpoland.com\/es\/productos\/extractos-de-plantas\/ekstrakt-z-czarnego-imbiru\/","og_locale":"es_ES","og_type":"article","og_title":"Extracto de jengibre negro - Distribuidor mayorista","og_description":"El extracto de jengibre negro se extrae de los rizomas de Kaempferia parviflora, una planta de la familia del jengibre, tambi\u00e9n conocida como galanga negra.","og_url":"https:\/\/naturalpoland.com\/es\/productos\/extractos-de-plantas\/ekstrakt-z-czarnego-imbiru\/","og_site_name":"NATURAL POLAND - Distribuidor Mayorista de Materias Primas","article_publisher":"https:\/\/www.facebook.com\/naturalpoland.b2b","article_modified_time":"2025-06-04T14:05:05+00:00","og_image":[{"width":1024,"height":1024,"url":"https:\/\/naturalpoland.com\/wp-content\/uploads\/ekstrakt-z-czarnego-imbiru.webp","type":"image\/webp"}],"schema":{"@context":"https:\/\/schema.org","@graph":[{"@type":"WebPage","@id":"https:\/\/naturalpoland.com\/es\/productos\/extractos-de-plantas\/ekstrakt-z-czarnego-imbiru\/","url":"https:\/\/naturalpoland.com\/es\/productos\/extractos-de-plantas\/ekstrakt-z-czarnego-imbiru\/","name":"Extracto de jengibre negro - Distribuidor mayorista","isPartOf":{"@id":"https:\/\/naturalpoland.com\/es\/#website"},"primaryImageOfPage":{"@id":"https:\/\/naturalpoland.com\/es\/productos\/extractos-de-plantas\/ekstrakt-z-czarnego-imbiru\/#primaryimage"},"image":{"@id":"https:\/\/naturalpoland.com\/es\/productos\/extractos-de-plantas\/ekstrakt-z-czarnego-imbiru\/#primaryimage"},"thumbnailUrl":"https:\/\/naturalpoland.com\/wp-content\/uploads\/ekstrakt-z-czarnego-imbiru.webp","datePublished":"2025-05-29T13:52:45+00:00","dateModified":"2025-06-04T14:05:05+00:00","description":"El extracto de jengibre negro se extrae de los rizomas de Kaempferia parviflora, una planta de la familia del jengibre, tambi\u00e9n conocida como galanga negra.","breadcrumb":{"@id":"https:\/\/naturalpoland.com\/es\/productos\/extractos-de-plantas\/ekstrakt-z-czarnego-imbiru\/#breadcrumb"},"inLanguage":"es","potentialAction":[{"@type":"ReadAction","target":["https:\/\/naturalpoland.com\/es\/productos\/extractos-de-plantas\/ekstrakt-z-czarnego-imbiru\/"]}]},{"@type":"ImageObject","inLanguage":"es","@id":"https:\/\/naturalpoland.com\/es\/productos\/extractos-de-plantas\/ekstrakt-z-czarnego-imbiru\/#primaryimage","url":"https:\/\/naturalpoland.com\/wp-content\/uploads\/ekstrakt-z-czarnego-imbiru.webp","contentUrl":"https:\/\/naturalpoland.com\/wp-content\/uploads\/ekstrakt-z-czarnego-imbiru.webp","width":1024,"height":1024,"caption":"Ekstrakt z czarnego imbiru Kaempferia parviflora"},{"@type":"BreadcrumbList","@id":"https:\/\/naturalpoland.com\/es\/productos\/extractos-de-plantas\/ekstrakt-z-czarnego-imbiru\/#breadcrumb","itemListElement":[{"@type":"ListItem","position":1,"name":"Inicio","item":"https:\/\/naturalpoland.com\/es\/"},{"@type":"ListItem","position":2,"name":"Productos","item":"https:\/\/naturalpoland.com\/es\/productos\/"},{"@type":"ListItem","position":3,"name":"Extracto de jengibre negro"}]},{"@type":"WebSite","@id":"https:\/\/naturalpoland.com\/es\/#website","url":"https:\/\/naturalpoland.com\/es\/","name":"NATURAL POLAND - Distribuidor Mayorista de Materias Primas","description":"Surowce dla przemys\u0142u spo\u017cywczego, kosmetycznego i farmaceutycznego","publisher":{"@id":"https:\/\/naturalpoland.com\/es\/#organization"},"potentialAction":[{"@type":"SearchAction","target":{"@type":"EntryPoint","urlTemplate":"https:\/\/naturalpoland.com\/es\/?s={search_term_string}"},"query-input":{"@type":"PropertyValueSpecification","valueRequired":true,"valueName":"search_term_string"}}],"inLanguage":"es"},{"@type":"Organization","@id":"https:\/\/naturalpoland.com\/es\/#organization","name":"Natural Poland","url":"https:\/\/naturalpoland.com\/es\/","logo":{"@type":"ImageObject","inLanguage":"es","@id":"https:\/\/naturalpoland.com\/es\/#\/schema\/logo\/image\/","url":"https:\/\/naturalpoland.com\/wp-content\/uploads\/2021\/05\/natural-poland-icon.png","contentUrl":"https:\/\/naturalpoland.com\/wp-content\/uploads\/2021\/05\/natural-poland-icon.png","width":512,"height":512,"caption":"Natural Poland"},"image":{"@id":"https:\/\/naturalpoland.com\/es\/#\/schema\/logo\/image\/"},"sameAs":["https:\/\/www.facebook.com\/naturalpoland.b2b","https:\/\/pl.linkedin.com\/company\/natural-poland","https:\/\/www.youtube.com\/channel\/UCgeGGkvOMahZo-xu_MSEWxg"]}]}},"_links":{"self":[{"href":"https:\/\/naturalpoland.com\/es\/wp-json\/wp\/v2\/product\/41294","targetHints":{"allow":["GET"]}}],"collection":[{"href":"https:\/\/naturalpoland.com\/es\/wp-json\/wp\/v2\/product"}],"about":[{"href":"https:\/\/naturalpoland.com\/es\/wp-json\/wp\/v2\/types\/product"}],"wp:featuredmedia":[{"embeddable":true,"href":"https:\/\/naturalpoland.com\/es\/wp-json\/wp\/v2\/media\/41257"}],"wp:attachment":[{"href":"https:\/\/naturalpoland.com\/es\/wp-json\/wp\/v2\/media?parent=41294"}],"wp:term":[{"taxonomy":"product_brand","embeddable":true,"href":"https:\/\/naturalpoland.com\/es\/wp-json\/wp\/v2\/product_brand?post=41294"},{"taxonomy":"product_cat","embeddable":true,"href":"https:\/\/naturalpoland.com\/es\/wp-json\/wp\/v2\/product_cat?post=41294"},{"taxonomy":"product_tag","embeddable":true,"href":"https:\/\/naturalpoland.com\/es\/wp-json\/wp\/v2\/product_tag?post=41294"}],"curies":[{"name":"wp","href":"https:\/\/api.w.org\/{rel}","templated":true}]}}