{"id":41744,"date":"2025-06-12T14:38:24","date_gmt":"2025-06-12T12:38:24","guid":{"rendered":"https:\/\/naturalpoland.com\/produkty\/sin categor\u00eda\/ekstrakt-z-tarczycy-bajkalskiej\/"},"modified":"2025-07-01T13:43:16","modified_gmt":"2025-07-01T11:43:16","slug":"ekstrakt-z-tarczycy-bajkalskiej","status":"publish","type":"product","link":"https:\/\/naturalpoland.com\/es\/productos\/extractos-de-plantas\/ekstrakt-z-tarczycy-bajkalskiej\/","title":{"rendered":"Extracto de escutelaria del Baikal"},"content":{"rendered":"<h2>Propiedades del extracto de Scutellaria baicalensis<\/h2>\n<p>El extracto tiene forma de polvo de color amarillo claro a amarillo parduzco. Es soluble en agua y etanol, y tambi\u00e9n contiene maltodextrina como portador. <\/p>\n<p>La materia prima presenta acci\u00f3n neuroprotectora, antiviral, antibacteriana y antial\u00e9rgica. La <strong>baicalina<\/strong>, principal componente activo, muestra capacidad de neutralizaci\u00f3n de radicales libres y protecci\u00f3n del ADN frente al estr\u00e9s oxidativo. La sustancia tambi\u00e9n favorece la regulaci\u00f3n de procesos inflamatorios, por lo que se utiliza en complementos alimenticios dedicados al sistema inmunitario, nervioso y cardiovascular. Los estudios tambi\u00e9n indican su potencial en la reducci\u00f3n de s\u00edntomas de alergias, infecciones y como complemento en la terapia de enfermedades cr\u00f3nicas.  <\/p>\n<h2>Aplicaci\u00f3n del extracto de escutelaria del Baikal<\/h2>\n<p>El extracto se utiliza principalmente en complementos alimenticios, productos del \u00e1mbito de la medicina natural, as\u00ed como en cosm\u00e9ticos antiedad. Debido a su acci\u00f3n calmante y antioxidante, se emplea en preparados para pieles sensibles, irritadas o expuestas al estr\u00e9s ambiental. Gracias a su amplio espectro de acci\u00f3n y origen natural, este extracto gana popularidad como apoyo para el organismo en estados de mayor necesidad de protecci\u00f3n inmunol\u00f3gica y regeneraci\u00f3n celular  <\/p>\n","protected":false},"excerpt":{"rendered":"<p>El <strong data-start=\"0\" data-end=\"61\">extracto de escutelaria del Baikal (<em>Scutellaria baicalensis<\/em>)<\/strong> lo obtenemos de la ra\u00edz de esta planta tradicionalmente utilizada en la medicina china. El extracto est\u00e1 estandarizado en contenido de <strong>baicalina<\/strong> con potente acci\u00f3n antiinflamatoria, antioxidante y de apoyo a la inmunidad. <\/p>\n","protected":false},"featured_media":41493,"template":"","meta":[],"product_brand":[],"product_cat":[1079],"product_tag":[],"class_list":{"0":"post-41744","1":"product","2":"type-product","3":"status-publish","4":"has-post-thumbnail","6":"product_cat-extractos-de-plantas","7":"pa_czesc-rosliny-raiz","8":"pa_skladnik-aktywny-baicalina-es","10":"first","11":"instock","12":"shipping-taxable","13":"product-type-simple"},"yoast_head":"<!-- This site is optimized with the Yoast SEO plugin v27.3 - https:\/\/yoast.com\/product\/yoast-seo-wordpress\/ -->\n<title>Extracto de escutelaria del Baikal - Distribuidor mayorista<\/title>\n<meta name=\"description\" content=\"Extracto de escutelaria, ra\u00edz usada en medicina china.\" \/>\n<meta name=\"robots\" content=\"index, follow, max-snippet:-1, max-image-preview:large, max-video-preview:-1\" \/>\n<link rel=\"canonical\" href=\"https:\/\/naturalpoland.com\/es\/productos\/extractos-de-plantas\/ekstrakt-z-tarczycy-bajkalskiej\/\" \/>\n<meta property=\"og:locale\" content=\"es_ES\" \/>\n<meta property=\"og:type\" content=\"article\" \/>\n<meta property=\"og:title\" content=\"Extracto de escutelaria del Baikal - Distribuidor mayorista\" \/>\n<meta property=\"og:description\" content=\"Extracto de escutelaria, ra\u00edz usada en medicina china.\" \/>\n<meta property=\"og:url\" content=\"https:\/\/naturalpoland.com\/es\/productos\/extractos-de-plantas\/ekstrakt-z-tarczycy-bajkalskiej\/\" \/>\n<meta property=\"og:site_name\" content=\"NATURAL POLAND - Distribuidor Mayorista de Materias Primas\" \/>\n<meta property=\"article:publisher\" content=\"https:\/\/www.facebook.com\/naturalpoland.b2b\" \/>\n<meta property=\"article:modified_time\" content=\"2025-07-01T11:43:16+00:00\" \/>\n<meta property=\"og:image\" content=\"https:\/\/naturalpoland.com\/wp-content\/uploads\/ekstrakt-z-tarczycy-bajkalskiej.webp\" \/>\n\t<meta property=\"og:image:width\" content=\"1024\" \/>\n\t<meta property=\"og:image:height\" content=\"1024\" \/>\n\t<meta property=\"og:image:type\" content=\"image\/webp\" \/>\n<script type=\"application\/ld+json\" class=\"yoast-schema-graph\">{\"@context\":\"https:\\\/\\\/schema.org\",\"@graph\":[{\"@type\":\"WebPage\",\"@id\":\"https:\\\/\\\/naturalpoland.com\\\/es\\\/productos\\\/extractos-de-plantas\\\/ekstrakt-z-tarczycy-bajkalskiej\\\/\",\"url\":\"https:\\\/\\\/naturalpoland.com\\\/es\\\/productos\\\/extractos-de-plantas\\\/ekstrakt-z-tarczycy-bajkalskiej\\\/\",\"name\":\"Extracto de escutelaria del Baikal - Distribuidor mayorista\",\"isPartOf\":{\"@id\":\"https:\\\/\\\/naturalpoland.com\\\/es\\\/#website\"},\"primaryImageOfPage\":{\"@id\":\"https:\\\/\\\/naturalpoland.com\\\/es\\\/productos\\\/extractos-de-plantas\\\/ekstrakt-z-tarczycy-bajkalskiej\\\/#primaryimage\"},\"image\":{\"@id\":\"https:\\\/\\\/naturalpoland.com\\\/es\\\/productos\\\/extractos-de-plantas\\\/ekstrakt-z-tarczycy-bajkalskiej\\\/#primaryimage\"},\"thumbnailUrl\":\"https:\\\/\\\/naturalpoland.com\\\/wp-content\\\/uploads\\\/ekstrakt-z-tarczycy-bajkalskiej.webp\",\"datePublished\":\"2025-06-12T12:38:24+00:00\",\"dateModified\":\"2025-07-01T11:43:16+00:00\",\"description\":\"Extracto de escutelaria, ra\u00edz usada en medicina china.\",\"breadcrumb\":{\"@id\":\"https:\\\/\\\/naturalpoland.com\\\/es\\\/productos\\\/extractos-de-plantas\\\/ekstrakt-z-tarczycy-bajkalskiej\\\/#breadcrumb\"},\"inLanguage\":\"es\",\"potentialAction\":[{\"@type\":\"ReadAction\",\"target\":[\"https:\\\/\\\/naturalpoland.com\\\/es\\\/productos\\\/extractos-de-plantas\\\/ekstrakt-z-tarczycy-bajkalskiej\\\/\"]}]},{\"@type\":\"ImageObject\",\"inLanguage\":\"es\",\"@id\":\"https:\\\/\\\/naturalpoland.com\\\/es\\\/productos\\\/extractos-de-plantas\\\/ekstrakt-z-tarczycy-bajkalskiej\\\/#primaryimage\",\"url\":\"https:\\\/\\\/naturalpoland.com\\\/wp-content\\\/uploads\\\/ekstrakt-z-tarczycy-bajkalskiej.webp\",\"contentUrl\":\"https:\\\/\\\/naturalpoland.com\\\/wp-content\\\/uploads\\\/ekstrakt-z-tarczycy-bajkalskiej.webp\",\"width\":1024,\"height\":1024,\"caption\":\"Ekstrakt z tarczycy bajkalskiej\"},{\"@type\":\"BreadcrumbList\",\"@id\":\"https:\\\/\\\/naturalpoland.com\\\/es\\\/productos\\\/extractos-de-plantas\\\/ekstrakt-z-tarczycy-bajkalskiej\\\/#breadcrumb\",\"itemListElement\":[{\"@type\":\"ListItem\",\"position\":1,\"name\":\"Inicio\",\"item\":\"https:\\\/\\\/naturalpoland.com\\\/es\\\/\"},{\"@type\":\"ListItem\",\"position\":2,\"name\":\"Productos\",\"item\":\"https:\\\/\\\/naturalpoland.com\\\/es\\\/productos\\\/\"},{\"@type\":\"ListItem\",\"position\":3,\"name\":\"Extracto de escutelaria del Baikal\"}]},{\"@type\":\"WebSite\",\"@id\":\"https:\\\/\\\/naturalpoland.com\\\/es\\\/#website\",\"url\":\"https:\\\/\\\/naturalpoland.com\\\/es\\\/\",\"name\":\"NATURAL POLAND - Distribuidor Mayorista de Materias Primas\",\"description\":\"Surowce dla przemys\u0142u spo\u017cywczego, kosmetycznego i farmaceutycznego\",\"publisher\":{\"@id\":\"https:\\\/\\\/naturalpoland.com\\\/es\\\/#organization\"},\"potentialAction\":[{\"@type\":\"SearchAction\",\"target\":{\"@type\":\"EntryPoint\",\"urlTemplate\":\"https:\\\/\\\/naturalpoland.com\\\/es\\\/?s={search_term_string}\"},\"query-input\":{\"@type\":\"PropertyValueSpecification\",\"valueRequired\":true,\"valueName\":\"search_term_string\"}}],\"inLanguage\":\"es\"},{\"@type\":\"Organization\",\"@id\":\"https:\\\/\\\/naturalpoland.com\\\/es\\\/#organization\",\"name\":\"Natural Poland\",\"url\":\"https:\\\/\\\/naturalpoland.com\\\/es\\\/\",\"logo\":{\"@type\":\"ImageObject\",\"inLanguage\":\"es\",\"@id\":\"https:\\\/\\\/naturalpoland.com\\\/es\\\/#\\\/schema\\\/logo\\\/image\\\/\",\"url\":\"https:\\\/\\\/naturalpoland.com\\\/wp-content\\\/uploads\\\/2021\\\/05\\\/natural-poland-icon.png\",\"contentUrl\":\"https:\\\/\\\/naturalpoland.com\\\/wp-content\\\/uploads\\\/2021\\\/05\\\/natural-poland-icon.png\",\"width\":512,\"height\":512,\"caption\":\"Natural Poland\"},\"image\":{\"@id\":\"https:\\\/\\\/naturalpoland.com\\\/es\\\/#\\\/schema\\\/logo\\\/image\\\/\"},\"sameAs\":[\"https:\\\/\\\/www.facebook.com\\\/naturalpoland.b2b\",\"https:\\\/\\\/pl.linkedin.com\\\/company\\\/natural-poland\",\"https:\\\/\\\/www.youtube.com\\\/channel\\\/UCgeGGkvOMahZo-xu_MSEWxg\"]}]}<\/script>\n<!-- \/ Yoast SEO plugin. -->","yoast_head_json":{"title":"Extracto de escutelaria del Baikal - Distribuidor mayorista","description":"Extracto de escutelaria, ra\u00edz usada en medicina china.","robots":{"index":"index","follow":"follow","max-snippet":"max-snippet:-1","max-image-preview":"max-image-preview:large","max-video-preview":"max-video-preview:-1"},"canonical":"https:\/\/naturalpoland.com\/es\/productos\/extractos-de-plantas\/ekstrakt-z-tarczycy-bajkalskiej\/","og_locale":"es_ES","og_type":"article","og_title":"Extracto de escutelaria del Baikal - Distribuidor mayorista","og_description":"Extracto de escutelaria, ra\u00edz usada en medicina china.","og_url":"https:\/\/naturalpoland.com\/es\/productos\/extractos-de-plantas\/ekstrakt-z-tarczycy-bajkalskiej\/","og_site_name":"NATURAL POLAND - Distribuidor Mayorista de Materias Primas","article_publisher":"https:\/\/www.facebook.com\/naturalpoland.b2b","article_modified_time":"2025-07-01T11:43:16+00:00","og_image":[{"width":1024,"height":1024,"url":"https:\/\/naturalpoland.com\/wp-content\/uploads\/ekstrakt-z-tarczycy-bajkalskiej.webp","type":"image\/webp"}],"schema":{"@context":"https:\/\/schema.org","@graph":[{"@type":"WebPage","@id":"https:\/\/naturalpoland.com\/es\/productos\/extractos-de-plantas\/ekstrakt-z-tarczycy-bajkalskiej\/","url":"https:\/\/naturalpoland.com\/es\/productos\/extractos-de-plantas\/ekstrakt-z-tarczycy-bajkalskiej\/","name":"Extracto de escutelaria del Baikal - Distribuidor mayorista","isPartOf":{"@id":"https:\/\/naturalpoland.com\/es\/#website"},"primaryImageOfPage":{"@id":"https:\/\/naturalpoland.com\/es\/productos\/extractos-de-plantas\/ekstrakt-z-tarczycy-bajkalskiej\/#primaryimage"},"image":{"@id":"https:\/\/naturalpoland.com\/es\/productos\/extractos-de-plantas\/ekstrakt-z-tarczycy-bajkalskiej\/#primaryimage"},"thumbnailUrl":"https:\/\/naturalpoland.com\/wp-content\/uploads\/ekstrakt-z-tarczycy-bajkalskiej.webp","datePublished":"2025-06-12T12:38:24+00:00","dateModified":"2025-07-01T11:43:16+00:00","description":"Extracto de escutelaria, ra\u00edz usada en medicina china.","breadcrumb":{"@id":"https:\/\/naturalpoland.com\/es\/productos\/extractos-de-plantas\/ekstrakt-z-tarczycy-bajkalskiej\/#breadcrumb"},"inLanguage":"es","potentialAction":[{"@type":"ReadAction","target":["https:\/\/naturalpoland.com\/es\/productos\/extractos-de-plantas\/ekstrakt-z-tarczycy-bajkalskiej\/"]}]},{"@type":"ImageObject","inLanguage":"es","@id":"https:\/\/naturalpoland.com\/es\/productos\/extractos-de-plantas\/ekstrakt-z-tarczycy-bajkalskiej\/#primaryimage","url":"https:\/\/naturalpoland.com\/wp-content\/uploads\/ekstrakt-z-tarczycy-bajkalskiej.webp","contentUrl":"https:\/\/naturalpoland.com\/wp-content\/uploads\/ekstrakt-z-tarczycy-bajkalskiej.webp","width":1024,"height":1024,"caption":"Ekstrakt z tarczycy bajkalskiej"},{"@type":"BreadcrumbList","@id":"https:\/\/naturalpoland.com\/es\/productos\/extractos-de-plantas\/ekstrakt-z-tarczycy-bajkalskiej\/#breadcrumb","itemListElement":[{"@type":"ListItem","position":1,"name":"Inicio","item":"https:\/\/naturalpoland.com\/es\/"},{"@type":"ListItem","position":2,"name":"Productos","item":"https:\/\/naturalpoland.com\/es\/productos\/"},{"@type":"ListItem","position":3,"name":"Extracto de escutelaria del Baikal"}]},{"@type":"WebSite","@id":"https:\/\/naturalpoland.com\/es\/#website","url":"https:\/\/naturalpoland.com\/es\/","name":"NATURAL POLAND - Distribuidor Mayorista de Materias Primas","description":"Surowce dla przemys\u0142u spo\u017cywczego, kosmetycznego i farmaceutycznego","publisher":{"@id":"https:\/\/naturalpoland.com\/es\/#organization"},"potentialAction":[{"@type":"SearchAction","target":{"@type":"EntryPoint","urlTemplate":"https:\/\/naturalpoland.com\/es\/?s={search_term_string}"},"query-input":{"@type":"PropertyValueSpecification","valueRequired":true,"valueName":"search_term_string"}}],"inLanguage":"es"},{"@type":"Organization","@id":"https:\/\/naturalpoland.com\/es\/#organization","name":"Natural Poland","url":"https:\/\/naturalpoland.com\/es\/","logo":{"@type":"ImageObject","inLanguage":"es","@id":"https:\/\/naturalpoland.com\/es\/#\/schema\/logo\/image\/","url":"https:\/\/naturalpoland.com\/wp-content\/uploads\/2021\/05\/natural-poland-icon.png","contentUrl":"https:\/\/naturalpoland.com\/wp-content\/uploads\/2021\/05\/natural-poland-icon.png","width":512,"height":512,"caption":"Natural Poland"},"image":{"@id":"https:\/\/naturalpoland.com\/es\/#\/schema\/logo\/image\/"},"sameAs":["https:\/\/www.facebook.com\/naturalpoland.b2b","https:\/\/pl.linkedin.com\/company\/natural-poland","https:\/\/www.youtube.com\/channel\/UCgeGGkvOMahZo-xu_MSEWxg"]}]}},"_links":{"self":[{"href":"https:\/\/naturalpoland.com\/es\/wp-json\/wp\/v2\/product\/41744","targetHints":{"allow":["GET"]}}],"collection":[{"href":"https:\/\/naturalpoland.com\/es\/wp-json\/wp\/v2\/product"}],"about":[{"href":"https:\/\/naturalpoland.com\/es\/wp-json\/wp\/v2\/types\/product"}],"wp:featuredmedia":[{"embeddable":true,"href":"https:\/\/naturalpoland.com\/es\/wp-json\/wp\/v2\/media\/41493"}],"wp:attachment":[{"href":"https:\/\/naturalpoland.com\/es\/wp-json\/wp\/v2\/media?parent=41744"}],"wp:term":[{"taxonomy":"product_brand","embeddable":true,"href":"https:\/\/naturalpoland.com\/es\/wp-json\/wp\/v2\/product_brand?post=41744"},{"taxonomy":"product_cat","embeddable":true,"href":"https:\/\/naturalpoland.com\/es\/wp-json\/wp\/v2\/product_cat?post=41744"},{"taxonomy":"product_tag","embeddable":true,"href":"https:\/\/naturalpoland.com\/es\/wp-json\/wp\/v2\/product_tag?post=41744"}],"curies":[{"name":"wp","href":"https:\/\/api.w.org\/{rel}","templated":true}]}}