{"id":41810,"date":"2025-07-03T12:25:51","date_gmt":"2025-07-03T10:25:51","guid":{"rendered":"https:\/\/naturalpoland.com\/produkty\/sin categor\u00eda\/proszek-jedwabny\/"},"modified":"2025-07-04T10:29:14","modified_gmt":"2025-07-04T08:29:14","slug":"proszek-jedwabny","status":"publish","type":"product","link":"https:\/\/naturalpoland.com\/es\/productos\/productos-para-la-industria-cosmetica\/materias-primas-para-cosmeticos\/proszek-jedwabny\/","title":{"rendered":"Polvo de seda"},"content":{"rendered":"<h2>Aplicaci\u00f3n y acci\u00f3n:<\/h2>\n<p>El polvo de seda se utiliza en cosm\u00e9ticos para el cuidado de la piel y el cabello. Tiene propiedades hidratantes, suavizantes y protectoras. La fibro\u00edna de seda crea una delicada pel\u00edcula protectora sobre la piel y el cabello, que protege contra la p\u00e9rdida de humedad, mejorando al mismo tiempo su suavidad y tersura.  <\/p>\n<p>En cosm\u00e9tica decorativa, influye positivamente en la textura del producto y mejora la adherencia a la piel. Debido a su biocompatibilidad con la epidermis humana, tambi\u00e9n puede utilizarse en dermocosm\u00e9tica y cosm\u00e9ticos para pieles sensibles. El producto tambi\u00e9n es muy utilizado en cosm\u00e9ticos asi\u00e1ticos (incluidos los japoneses y coreanos).  <\/p>\n<p><b>El polvo de seda es un avanzado<\/b> ingrediente cosm\u00e9tico de clase premium que combina un origen natural con una alta eficacia en el cuidado. Gracias a su composici\u00f3n pura y versatilidad de aplicaciones, es la elecci\u00f3n ideal para fabricantes que buscan materias primas naturales y biocompatibles para f\u00f3rmulas modernas de cuidado. <\/p>\n","protected":false},"excerpt":{"rendered":"<p><strong>El polvo de seda<\/strong> se obtiene de la <strong>fibro\u00edna<\/strong> \u2013 una prote\u00edna que se encuentra naturalmente en la seda de los capullos del <em data-start=\"211\" data-end=\"224\">Bombyx mori<\/em> (gusano de seda). El producto es seda 100% pura sin aditivos ni sustancias auxiliares. <\/p>\n","protected":false},"featured_media":41777,"template":"","meta":[],"product_brand":[],"product_cat":[1068],"product_tag":[],"class_list":{"0":"post-41810","1":"product","2":"type-product","3":"status-publish","4":"has-post-thumbnail","6":"product_cat-materias-primas-para-cosmeticos","8":"first","9":"instock","10":"shipping-taxable","11":"product-type-simple"},"yoast_head":"<!-- This site is optimized with the Yoast SEO plugin v27.3 - https:\/\/yoast.com\/product\/yoast-seo-wordpress\/ -->\n<title>Polvo de seda - Distribuidor mayorista<\/title>\n<meta name=\"description\" content=\"El polvo de seda es un ingrediente cosm\u00e9tico avanzado de clase premium que combina un origen natural con una alta eficacia en el cuidado\" \/>\n<meta name=\"robots\" content=\"index, follow, max-snippet:-1, max-image-preview:large, max-video-preview:-1\" \/>\n<link rel=\"canonical\" href=\"https:\/\/naturalpoland.com\/es\/productos\/productos-para-la-industria-cosmetica\/materias-primas-para-cosmeticos\/proszek-jedwabny\/\" \/>\n<meta property=\"og:locale\" content=\"es_ES\" \/>\n<meta property=\"og:type\" content=\"article\" \/>\n<meta property=\"og:title\" content=\"Polvo de seda - Distribuidor mayorista\" \/>\n<meta property=\"og:description\" content=\"El polvo de seda es un ingrediente cosm\u00e9tico avanzado de clase premium que combina un origen natural con una alta eficacia en el cuidado\" \/>\n<meta property=\"og:url\" content=\"https:\/\/naturalpoland.com\/es\/productos\/productos-para-la-industria-cosmetica\/materias-primas-para-cosmeticos\/proszek-jedwabny\/\" \/>\n<meta property=\"og:site_name\" content=\"NATURAL POLAND - Distribuidor Mayorista de Materias Primas\" \/>\n<meta property=\"article:publisher\" content=\"https:\/\/www.facebook.com\/naturalpoland.b2b\" \/>\n<meta property=\"article:modified_time\" content=\"2025-07-04T08:29:14+00:00\" \/>\n<meta property=\"og:image\" content=\"https:\/\/naturalpoland.com\/wp-content\/uploads\/proszek-jedwabny.webp\" \/>\n\t<meta property=\"og:image:width\" content=\"1024\" \/>\n\t<meta property=\"og:image:height\" content=\"1024\" \/>\n\t<meta property=\"og:image:type\" content=\"image\/webp\" \/>\n<script type=\"application\/ld+json\" class=\"yoast-schema-graph\">{\"@context\":\"https:\\\/\\\/schema.org\",\"@graph\":[{\"@type\":\"WebPage\",\"@id\":\"https:\\\/\\\/naturalpoland.com\\\/es\\\/productos\\\/productos-para-la-industria-cosmetica\\\/materias-primas-para-cosmeticos\\\/proszek-jedwabny\\\/\",\"url\":\"https:\\\/\\\/naturalpoland.com\\\/es\\\/productos\\\/productos-para-la-industria-cosmetica\\\/materias-primas-para-cosmeticos\\\/proszek-jedwabny\\\/\",\"name\":\"Polvo de seda - Distribuidor mayorista\",\"isPartOf\":{\"@id\":\"https:\\\/\\\/naturalpoland.com\\\/es\\\/#website\"},\"primaryImageOfPage\":{\"@id\":\"https:\\\/\\\/naturalpoland.com\\\/es\\\/productos\\\/productos-para-la-industria-cosmetica\\\/materias-primas-para-cosmeticos\\\/proszek-jedwabny\\\/#primaryimage\"},\"image\":{\"@id\":\"https:\\\/\\\/naturalpoland.com\\\/es\\\/productos\\\/productos-para-la-industria-cosmetica\\\/materias-primas-para-cosmeticos\\\/proszek-jedwabny\\\/#primaryimage\"},\"thumbnailUrl\":\"https:\\\/\\\/naturalpoland.com\\\/wp-content\\\/uploads\\\/proszek-jedwabny.webp\",\"datePublished\":\"2025-07-03T10:25:51+00:00\",\"dateModified\":\"2025-07-04T08:29:14+00:00\",\"description\":\"El polvo de seda es un ingrediente cosm\u00e9tico avanzado de clase premium que combina un origen natural con una alta eficacia en el cuidado\",\"breadcrumb\":{\"@id\":\"https:\\\/\\\/naturalpoland.com\\\/es\\\/productos\\\/productos-para-la-industria-cosmetica\\\/materias-primas-para-cosmeticos\\\/proszek-jedwabny\\\/#breadcrumb\"},\"inLanguage\":\"es\",\"potentialAction\":[{\"@type\":\"ReadAction\",\"target\":[\"https:\\\/\\\/naturalpoland.com\\\/es\\\/productos\\\/productos-para-la-industria-cosmetica\\\/materias-primas-para-cosmeticos\\\/proszek-jedwabny\\\/\"]}]},{\"@type\":\"ImageObject\",\"inLanguage\":\"es\",\"@id\":\"https:\\\/\\\/naturalpoland.com\\\/es\\\/productos\\\/productos-para-la-industria-cosmetica\\\/materias-primas-para-cosmeticos\\\/proszek-jedwabny\\\/#primaryimage\",\"url\":\"https:\\\/\\\/naturalpoland.com\\\/wp-content\\\/uploads\\\/proszek-jedwabny.webp\",\"contentUrl\":\"https:\\\/\\\/naturalpoland.com\\\/wp-content\\\/uploads\\\/proszek-jedwabny.webp\",\"width\":1024,\"height\":1024,\"caption\":\"proszek jedwabny otrzymywany z fibroiny\"},{\"@type\":\"BreadcrumbList\",\"@id\":\"https:\\\/\\\/naturalpoland.com\\\/es\\\/productos\\\/productos-para-la-industria-cosmetica\\\/materias-primas-para-cosmeticos\\\/proszek-jedwabny\\\/#breadcrumb\",\"itemListElement\":[{\"@type\":\"ListItem\",\"position\":1,\"name\":\"Inicio\",\"item\":\"https:\\\/\\\/naturalpoland.com\\\/es\\\/\"},{\"@type\":\"ListItem\",\"position\":2,\"name\":\"Productos\",\"item\":\"https:\\\/\\\/naturalpoland.com\\\/es\\\/productos\\\/\"},{\"@type\":\"ListItem\",\"position\":3,\"name\":\"Polvo de seda\"}]},{\"@type\":\"WebSite\",\"@id\":\"https:\\\/\\\/naturalpoland.com\\\/es\\\/#website\",\"url\":\"https:\\\/\\\/naturalpoland.com\\\/es\\\/\",\"name\":\"NATURAL POLAND - Distribuidor Mayorista de Materias Primas\",\"description\":\"Surowce dla przemys\u0142u spo\u017cywczego, kosmetycznego i farmaceutycznego\",\"publisher\":{\"@id\":\"https:\\\/\\\/naturalpoland.com\\\/es\\\/#organization\"},\"potentialAction\":[{\"@type\":\"SearchAction\",\"target\":{\"@type\":\"EntryPoint\",\"urlTemplate\":\"https:\\\/\\\/naturalpoland.com\\\/es\\\/?s={search_term_string}\"},\"query-input\":{\"@type\":\"PropertyValueSpecification\",\"valueRequired\":true,\"valueName\":\"search_term_string\"}}],\"inLanguage\":\"es\"},{\"@type\":\"Organization\",\"@id\":\"https:\\\/\\\/naturalpoland.com\\\/es\\\/#organization\",\"name\":\"Natural Poland\",\"url\":\"https:\\\/\\\/naturalpoland.com\\\/es\\\/\",\"logo\":{\"@type\":\"ImageObject\",\"inLanguage\":\"es\",\"@id\":\"https:\\\/\\\/naturalpoland.com\\\/es\\\/#\\\/schema\\\/logo\\\/image\\\/\",\"url\":\"https:\\\/\\\/naturalpoland.com\\\/wp-content\\\/uploads\\\/2021\\\/05\\\/natural-poland-icon.png\",\"contentUrl\":\"https:\\\/\\\/naturalpoland.com\\\/wp-content\\\/uploads\\\/2021\\\/05\\\/natural-poland-icon.png\",\"width\":512,\"height\":512,\"caption\":\"Natural Poland\"},\"image\":{\"@id\":\"https:\\\/\\\/naturalpoland.com\\\/es\\\/#\\\/schema\\\/logo\\\/image\\\/\"},\"sameAs\":[\"https:\\\/\\\/www.facebook.com\\\/naturalpoland.b2b\",\"https:\\\/\\\/pl.linkedin.com\\\/company\\\/natural-poland\",\"https:\\\/\\\/www.youtube.com\\\/channel\\\/UCgeGGkvOMahZo-xu_MSEWxg\"]}]}<\/script>\n<!-- \/ Yoast SEO plugin. -->","yoast_head_json":{"title":"Polvo de seda - Distribuidor mayorista","description":"El polvo de seda es un ingrediente cosm\u00e9tico avanzado de clase premium que combina un origen natural con una alta eficacia en el cuidado","robots":{"index":"index","follow":"follow","max-snippet":"max-snippet:-1","max-image-preview":"max-image-preview:large","max-video-preview":"max-video-preview:-1"},"canonical":"https:\/\/naturalpoland.com\/es\/productos\/productos-para-la-industria-cosmetica\/materias-primas-para-cosmeticos\/proszek-jedwabny\/","og_locale":"es_ES","og_type":"article","og_title":"Polvo de seda - Distribuidor mayorista","og_description":"El polvo de seda es un ingrediente cosm\u00e9tico avanzado de clase premium que combina un origen natural con una alta eficacia en el cuidado","og_url":"https:\/\/naturalpoland.com\/es\/productos\/productos-para-la-industria-cosmetica\/materias-primas-para-cosmeticos\/proszek-jedwabny\/","og_site_name":"NATURAL POLAND - Distribuidor Mayorista de Materias Primas","article_publisher":"https:\/\/www.facebook.com\/naturalpoland.b2b","article_modified_time":"2025-07-04T08:29:14+00:00","og_image":[{"width":1024,"height":1024,"url":"https:\/\/naturalpoland.com\/wp-content\/uploads\/proszek-jedwabny.webp","type":"image\/webp"}],"schema":{"@context":"https:\/\/schema.org","@graph":[{"@type":"WebPage","@id":"https:\/\/naturalpoland.com\/es\/productos\/productos-para-la-industria-cosmetica\/materias-primas-para-cosmeticos\/proszek-jedwabny\/","url":"https:\/\/naturalpoland.com\/es\/productos\/productos-para-la-industria-cosmetica\/materias-primas-para-cosmeticos\/proszek-jedwabny\/","name":"Polvo de seda - Distribuidor mayorista","isPartOf":{"@id":"https:\/\/naturalpoland.com\/es\/#website"},"primaryImageOfPage":{"@id":"https:\/\/naturalpoland.com\/es\/productos\/productos-para-la-industria-cosmetica\/materias-primas-para-cosmeticos\/proszek-jedwabny\/#primaryimage"},"image":{"@id":"https:\/\/naturalpoland.com\/es\/productos\/productos-para-la-industria-cosmetica\/materias-primas-para-cosmeticos\/proszek-jedwabny\/#primaryimage"},"thumbnailUrl":"https:\/\/naturalpoland.com\/wp-content\/uploads\/proszek-jedwabny.webp","datePublished":"2025-07-03T10:25:51+00:00","dateModified":"2025-07-04T08:29:14+00:00","description":"El polvo de seda es un ingrediente cosm\u00e9tico avanzado de clase premium que combina un origen natural con una alta eficacia en el cuidado","breadcrumb":{"@id":"https:\/\/naturalpoland.com\/es\/productos\/productos-para-la-industria-cosmetica\/materias-primas-para-cosmeticos\/proszek-jedwabny\/#breadcrumb"},"inLanguage":"es","potentialAction":[{"@type":"ReadAction","target":["https:\/\/naturalpoland.com\/es\/productos\/productos-para-la-industria-cosmetica\/materias-primas-para-cosmeticos\/proszek-jedwabny\/"]}]},{"@type":"ImageObject","inLanguage":"es","@id":"https:\/\/naturalpoland.com\/es\/productos\/productos-para-la-industria-cosmetica\/materias-primas-para-cosmeticos\/proszek-jedwabny\/#primaryimage","url":"https:\/\/naturalpoland.com\/wp-content\/uploads\/proszek-jedwabny.webp","contentUrl":"https:\/\/naturalpoland.com\/wp-content\/uploads\/proszek-jedwabny.webp","width":1024,"height":1024,"caption":"proszek jedwabny otrzymywany z fibroiny"},{"@type":"BreadcrumbList","@id":"https:\/\/naturalpoland.com\/es\/productos\/productos-para-la-industria-cosmetica\/materias-primas-para-cosmeticos\/proszek-jedwabny\/#breadcrumb","itemListElement":[{"@type":"ListItem","position":1,"name":"Inicio","item":"https:\/\/naturalpoland.com\/es\/"},{"@type":"ListItem","position":2,"name":"Productos","item":"https:\/\/naturalpoland.com\/es\/productos\/"},{"@type":"ListItem","position":3,"name":"Polvo de seda"}]},{"@type":"WebSite","@id":"https:\/\/naturalpoland.com\/es\/#website","url":"https:\/\/naturalpoland.com\/es\/","name":"NATURAL POLAND - Distribuidor Mayorista de Materias Primas","description":"Surowce dla przemys\u0142u spo\u017cywczego, kosmetycznego i farmaceutycznego","publisher":{"@id":"https:\/\/naturalpoland.com\/es\/#organization"},"potentialAction":[{"@type":"SearchAction","target":{"@type":"EntryPoint","urlTemplate":"https:\/\/naturalpoland.com\/es\/?s={search_term_string}"},"query-input":{"@type":"PropertyValueSpecification","valueRequired":true,"valueName":"search_term_string"}}],"inLanguage":"es"},{"@type":"Organization","@id":"https:\/\/naturalpoland.com\/es\/#organization","name":"Natural Poland","url":"https:\/\/naturalpoland.com\/es\/","logo":{"@type":"ImageObject","inLanguage":"es","@id":"https:\/\/naturalpoland.com\/es\/#\/schema\/logo\/image\/","url":"https:\/\/naturalpoland.com\/wp-content\/uploads\/2021\/05\/natural-poland-icon.png","contentUrl":"https:\/\/naturalpoland.com\/wp-content\/uploads\/2021\/05\/natural-poland-icon.png","width":512,"height":512,"caption":"Natural Poland"},"image":{"@id":"https:\/\/naturalpoland.com\/es\/#\/schema\/logo\/image\/"},"sameAs":["https:\/\/www.facebook.com\/naturalpoland.b2b","https:\/\/pl.linkedin.com\/company\/natural-poland","https:\/\/www.youtube.com\/channel\/UCgeGGkvOMahZo-xu_MSEWxg"]}]}},"_links":{"self":[{"href":"https:\/\/naturalpoland.com\/es\/wp-json\/wp\/v2\/product\/41810","targetHints":{"allow":["GET"]}}],"collection":[{"href":"https:\/\/naturalpoland.com\/es\/wp-json\/wp\/v2\/product"}],"about":[{"href":"https:\/\/naturalpoland.com\/es\/wp-json\/wp\/v2\/types\/product"}],"wp:featuredmedia":[{"embeddable":true,"href":"https:\/\/naturalpoland.com\/es\/wp-json\/wp\/v2\/media\/41777"}],"wp:attachment":[{"href":"https:\/\/naturalpoland.com\/es\/wp-json\/wp\/v2\/media?parent=41810"}],"wp:term":[{"taxonomy":"product_brand","embeddable":true,"href":"https:\/\/naturalpoland.com\/es\/wp-json\/wp\/v2\/product_brand?post=41810"},{"taxonomy":"product_cat","embeddable":true,"href":"https:\/\/naturalpoland.com\/es\/wp-json\/wp\/v2\/product_cat?post=41810"},{"taxonomy":"product_tag","embeddable":true,"href":"https:\/\/naturalpoland.com\/es\/wp-json\/wp\/v2\/product_tag?post=41810"}],"curies":[{"name":"wp","href":"https:\/\/api.w.org\/{rel}","templated":true}]}}