{"id":41889,"date":"2025-07-08T15:51:35","date_gmt":"2025-07-08T13:51:35","guid":{"rendered":"https:\/\/naturalpoland.com\/produkty\/sin categor\u00eda\/fosfolipidy-sojowe\/"},"modified":"2025-07-09T14:41:47","modified_gmt":"2025-07-09T12:41:47","slug":"fosfolipidy-sojowe","status":"publish","type":"product","link":"https:\/\/naturalpoland.com\/es\/productos\/productos-para-la-industria-farmaceutica-y-medica\/aditivos-para-complementos-alimenticios\/fosfolipidy-sojowe\/","title":{"rendered":"Fosfol\u00edpidos de soja"},"content":{"rendered":"<h2>\u00bfPara qu\u00e9 sirven los fosfol\u00edpidos de soja?<\/h2>\n<p>Los fosfol\u00edpidos desempe\u00f1an un papel clave en el funcionamiento del organismo, ya que son un componente b\u00e1sico de las membranas celulares. La <strong>fosfatidilcolina<\/strong>, el principal componente de los fosfol\u00edpidos de soja, favorece la regeneraci\u00f3n del h\u00edgado, mejora el perfil lip\u00eddico (reduciendo el nivel de colesterol LDL), influye positivamente en la memoria y la concentraci\u00f3n y apoya el sistema nervioso. Tambi\u00e9n se utiliza en suplementos que ayudan a perder peso y a desintoxicar el organismo. Adem\u00e1s, los fosfol\u00edpidos se utilizan como portadores de sustancias activas en f\u00f3rmulas farmac\u00e9uticas y nutrac\u00e9uticas modernas (por ejemplo, liposomas), lo que aumenta la biodisponibilidad de los componentes nutricionales y medicinales.   <\/p>\n<h2>\u00bfMerece la pena tomar fosfol\u00edpidos?<\/h2>\n<p>S\u00ed, la suplementaci\u00f3n con fosfol\u00edpidos, especialmente los de origen de soja, tiene beneficios probados para la salud. Se recomienda a personas que padecen enfermedades hep\u00e1ticas (por ejemplo, esteatosis, inflamaci\u00f3n), trastornos cognitivos, estr\u00e9s oxidativo y a personas mayores, en las que la s\u00edntesis natural de fosfol\u00edpidos est\u00e1 debilitada. Adem\u00e1s, los fosfol\u00edpidos tienen un efecto protector sobre las paredes de los vasos sangu\u00edneos y favorecen la regeneraci\u00f3n de la piel, por lo que tambi\u00e9n se utilizan en cosm\u00e9ticos y dermocosm\u00e9ticos.  <\/p>\n<p><strong>Aplicaciones:<\/strong><\/p>\n<ul>\n<li>Suplementos diet\u00e9ticos (apoyo al h\u00edgado, el cerebro, el sistema nervioso)<\/li>\n<li>Productos farmac\u00e9uticos (portador de sustancias activas, formas liposomales)<\/li>\n<li>Nutrac\u00e9uticos y alimentos funcionales<\/li>\n<li>Cosm\u00e9ticos (hidrataci\u00f3n, regeneraci\u00f3n de la barrera lip\u00eddica de la piel)<\/li>\n<\/ul>\n","protected":false},"excerpt":{"rendered":"<p>Los <strong>fosfol\u00edpidos de soja<\/strong> son un complejo de l\u00edpidos naturales que se obtiene de la lecitina de soja, con un alto contenido de <strong>fosfatidilcolina<\/strong>. El producto tiene la forma de un granulado amarillento con un olor caracter\u00edstico. <\/p>\n","protected":false},"featured_media":41846,"template":"","meta":{"_acf_changed":false},"product_brand":[],"product_cat":[1076],"product_tag":[],"class_list":{"0":"post-41889","1":"product","2":"type-product","3":"status-publish","4":"has-post-thumbnail","6":"product_cat-aditivos-para-complementos-alimenticios","8":"first","9":"instock","10":"shipping-taxable","11":"product-type-simple"},"acf":[],"yoast_head":"<!-- This site is optimized with the Yoast SEO plugin v27.4 - https:\/\/yoast.com\/product\/yoast-seo-wordpress\/ -->\n<title>Fosfol\u00edpidos de soja - Distribuidor mayorista<\/title>\n<meta name=\"description\" content=\"Los fosfol\u00edpidos de soja son un complejo de l\u00edpidos naturales que se obtiene de la lecitina de soja, con un alto contenido de fosfatidilcolina.\" \/>\n<meta name=\"robots\" content=\"index, follow, max-snippet:-1, max-image-preview:large, max-video-preview:-1\" \/>\n<link rel=\"canonical\" href=\"https:\/\/naturalpoland.com\/es\/productos\/productos-para-la-industria-farmaceutica-y-medica\/aditivos-para-complementos-alimenticios\/fosfolipidy-sojowe\/\" \/>\n<meta property=\"og:locale\" content=\"es_ES\" \/>\n<meta property=\"og:type\" content=\"article\" \/>\n<meta property=\"og:title\" content=\"Fosfol\u00edpidos de soja - Distribuidor mayorista\" \/>\n<meta property=\"og:description\" content=\"Los fosfol\u00edpidos de soja son un complejo de l\u00edpidos naturales que se obtiene de la lecitina de soja, con un alto contenido de fosfatidilcolina.\" \/>\n<meta property=\"og:url\" content=\"https:\/\/naturalpoland.com\/es\/productos\/productos-para-la-industria-farmaceutica-y-medica\/aditivos-para-complementos-alimenticios\/fosfolipidy-sojowe\/\" \/>\n<meta property=\"og:site_name\" content=\"NATURAL POLAND - Distribuidor Mayorista de Materias Primas\" \/>\n<meta property=\"article:publisher\" content=\"https:\/\/www.facebook.com\/naturalpoland.b2b\" \/>\n<meta property=\"article:modified_time\" content=\"2025-07-09T12:41:47+00:00\" \/>\n<meta property=\"og:image\" content=\"https:\/\/naturalpoland.com\/wp-content\/uploads\/fosfolipidy-sojowe.webp\" \/>\n\t<meta property=\"og:image:width\" content=\"1024\" \/>\n\t<meta property=\"og:image:height\" content=\"1024\" \/>\n\t<meta property=\"og:image:type\" content=\"image\/webp\" \/>\n<script type=\"application\/ld+json\" class=\"yoast-schema-graph\">{\"@context\":\"https:\\\/\\\/schema.org\",\"@graph\":[{\"@type\":\"WebPage\",\"@id\":\"https:\\\/\\\/naturalpoland.com\\\/es\\\/productos\\\/productos-para-la-industria-farmaceutica-y-medica\\\/aditivos-para-complementos-alimenticios\\\/fosfolipidy-sojowe\\\/\",\"url\":\"https:\\\/\\\/naturalpoland.com\\\/es\\\/productos\\\/productos-para-la-industria-farmaceutica-y-medica\\\/aditivos-para-complementos-alimenticios\\\/fosfolipidy-sojowe\\\/\",\"name\":\"Fosfol\u00edpidos de soja - Distribuidor mayorista\",\"isPartOf\":{\"@id\":\"https:\\\/\\\/naturalpoland.com\\\/es\\\/#website\"},\"primaryImageOfPage\":{\"@id\":\"https:\\\/\\\/naturalpoland.com\\\/es\\\/productos\\\/productos-para-la-industria-farmaceutica-y-medica\\\/aditivos-para-complementos-alimenticios\\\/fosfolipidy-sojowe\\\/#primaryimage\"},\"image\":{\"@id\":\"https:\\\/\\\/naturalpoland.com\\\/es\\\/productos\\\/productos-para-la-industria-farmaceutica-y-medica\\\/aditivos-para-complementos-alimenticios\\\/fosfolipidy-sojowe\\\/#primaryimage\"},\"thumbnailUrl\":\"https:\\\/\\\/naturalpoland.com\\\/wp-content\\\/uploads\\\/fosfolipidy-sojowe.webp\",\"datePublished\":\"2025-07-08T13:51:35+00:00\",\"dateModified\":\"2025-07-09T12:41:47+00:00\",\"description\":\"Los fosfol\u00edpidos de soja son un complejo de l\u00edpidos naturales que se obtiene de la lecitina de soja, con un alto contenido de fosfatidilcolina.\",\"breadcrumb\":{\"@id\":\"https:\\\/\\\/naturalpoland.com\\\/es\\\/productos\\\/productos-para-la-industria-farmaceutica-y-medica\\\/aditivos-para-complementos-alimenticios\\\/fosfolipidy-sojowe\\\/#breadcrumb\"},\"inLanguage\":\"es\",\"potentialAction\":[{\"@type\":\"ReadAction\",\"target\":[\"https:\\\/\\\/naturalpoland.com\\\/es\\\/productos\\\/productos-para-la-industria-farmaceutica-y-medica\\\/aditivos-para-complementos-alimenticios\\\/fosfolipidy-sojowe\\\/\"]}]},{\"@type\":\"ImageObject\",\"inLanguage\":\"es\",\"@id\":\"https:\\\/\\\/naturalpoland.com\\\/es\\\/productos\\\/productos-para-la-industria-farmaceutica-y-medica\\\/aditivos-para-complementos-alimenticios\\\/fosfolipidy-sojowe\\\/#primaryimage\",\"url\":\"https:\\\/\\\/naturalpoland.com\\\/wp-content\\\/uploads\\\/fosfolipidy-sojowe.webp\",\"contentUrl\":\"https:\\\/\\\/naturalpoland.com\\\/wp-content\\\/uploads\\\/fosfolipidy-sojowe.webp\",\"width\":1024,\"height\":1024,\"caption\":\"fosfolipidy sojowe\"},{\"@type\":\"BreadcrumbList\",\"@id\":\"https:\\\/\\\/naturalpoland.com\\\/es\\\/productos\\\/productos-para-la-industria-farmaceutica-y-medica\\\/aditivos-para-complementos-alimenticios\\\/fosfolipidy-sojowe\\\/#breadcrumb\",\"itemListElement\":[{\"@type\":\"ListItem\",\"position\":1,\"name\":\"Inicio\",\"item\":\"https:\\\/\\\/naturalpoland.com\\\/es\\\/\"},{\"@type\":\"ListItem\",\"position\":2,\"name\":\"Productos\",\"item\":\"https:\\\/\\\/naturalpoland.com\\\/es\\\/productos\\\/\"},{\"@type\":\"ListItem\",\"position\":3,\"name\":\"Fosfol\u00edpidos de soja\"}]},{\"@type\":\"WebSite\",\"@id\":\"https:\\\/\\\/naturalpoland.com\\\/es\\\/#website\",\"url\":\"https:\\\/\\\/naturalpoland.com\\\/es\\\/\",\"name\":\"NATURAL POLAND - Distribuidor Mayorista de Materias Primas\",\"description\":\"Surowce dla przemys\u0142u spo\u017cywczego, kosmetycznego i farmaceutycznego\",\"publisher\":{\"@id\":\"https:\\\/\\\/naturalpoland.com\\\/es\\\/#organization\"},\"potentialAction\":[{\"@type\":\"SearchAction\",\"target\":{\"@type\":\"EntryPoint\",\"urlTemplate\":\"https:\\\/\\\/naturalpoland.com\\\/es\\\/?s={search_term_string}\"},\"query-input\":{\"@type\":\"PropertyValueSpecification\",\"valueRequired\":true,\"valueName\":\"search_term_string\"}}],\"inLanguage\":\"es\"},{\"@type\":\"Organization\",\"@id\":\"https:\\\/\\\/naturalpoland.com\\\/es\\\/#organization\",\"name\":\"Natural Poland\",\"url\":\"https:\\\/\\\/naturalpoland.com\\\/es\\\/\",\"logo\":{\"@type\":\"ImageObject\",\"inLanguage\":\"es\",\"@id\":\"https:\\\/\\\/naturalpoland.com\\\/es\\\/#\\\/schema\\\/logo\\\/image\\\/\",\"url\":\"https:\\\/\\\/naturalpoland.com\\\/wp-content\\\/uploads\\\/2021\\\/05\\\/natural-poland-icon.png\",\"contentUrl\":\"https:\\\/\\\/naturalpoland.com\\\/wp-content\\\/uploads\\\/2021\\\/05\\\/natural-poland-icon.png\",\"width\":512,\"height\":512,\"caption\":\"Natural Poland\"},\"image\":{\"@id\":\"https:\\\/\\\/naturalpoland.com\\\/es\\\/#\\\/schema\\\/logo\\\/image\\\/\"},\"sameAs\":[\"https:\\\/\\\/www.facebook.com\\\/naturalpoland.b2b\",\"https:\\\/\\\/pl.linkedin.com\\\/company\\\/natural-poland\",\"https:\\\/\\\/www.youtube.com\\\/channel\\\/UCgeGGkvOMahZo-xu_MSEWxg\"]}]}<\/script>\n<!-- \/ Yoast SEO plugin. -->","yoast_head_json":{"title":"Fosfol\u00edpidos de soja - Distribuidor mayorista","description":"Los fosfol\u00edpidos de soja son un complejo de l\u00edpidos naturales que se obtiene de la lecitina de soja, con un alto contenido de fosfatidilcolina.","robots":{"index":"index","follow":"follow","max-snippet":"max-snippet:-1","max-image-preview":"max-image-preview:large","max-video-preview":"max-video-preview:-1"},"canonical":"https:\/\/naturalpoland.com\/es\/productos\/productos-para-la-industria-farmaceutica-y-medica\/aditivos-para-complementos-alimenticios\/fosfolipidy-sojowe\/","og_locale":"es_ES","og_type":"article","og_title":"Fosfol\u00edpidos de soja - Distribuidor mayorista","og_description":"Los fosfol\u00edpidos de soja son un complejo de l\u00edpidos naturales que se obtiene de la lecitina de soja, con un alto contenido de fosfatidilcolina.","og_url":"https:\/\/naturalpoland.com\/es\/productos\/productos-para-la-industria-farmaceutica-y-medica\/aditivos-para-complementos-alimenticios\/fosfolipidy-sojowe\/","og_site_name":"NATURAL POLAND - Distribuidor Mayorista de Materias Primas","article_publisher":"https:\/\/www.facebook.com\/naturalpoland.b2b","article_modified_time":"2025-07-09T12:41:47+00:00","og_image":[{"width":1024,"height":1024,"url":"https:\/\/naturalpoland.com\/wp-content\/uploads\/fosfolipidy-sojowe.webp","type":"image\/webp"}],"schema":{"@context":"https:\/\/schema.org","@graph":[{"@type":"WebPage","@id":"https:\/\/naturalpoland.com\/es\/productos\/productos-para-la-industria-farmaceutica-y-medica\/aditivos-para-complementos-alimenticios\/fosfolipidy-sojowe\/","url":"https:\/\/naturalpoland.com\/es\/productos\/productos-para-la-industria-farmaceutica-y-medica\/aditivos-para-complementos-alimenticios\/fosfolipidy-sojowe\/","name":"Fosfol\u00edpidos de soja - Distribuidor mayorista","isPartOf":{"@id":"https:\/\/naturalpoland.com\/es\/#website"},"primaryImageOfPage":{"@id":"https:\/\/naturalpoland.com\/es\/productos\/productos-para-la-industria-farmaceutica-y-medica\/aditivos-para-complementos-alimenticios\/fosfolipidy-sojowe\/#primaryimage"},"image":{"@id":"https:\/\/naturalpoland.com\/es\/productos\/productos-para-la-industria-farmaceutica-y-medica\/aditivos-para-complementos-alimenticios\/fosfolipidy-sojowe\/#primaryimage"},"thumbnailUrl":"https:\/\/naturalpoland.com\/wp-content\/uploads\/fosfolipidy-sojowe.webp","datePublished":"2025-07-08T13:51:35+00:00","dateModified":"2025-07-09T12:41:47+00:00","description":"Los fosfol\u00edpidos de soja son un complejo de l\u00edpidos naturales que se obtiene de la lecitina de soja, con un alto contenido de fosfatidilcolina.","breadcrumb":{"@id":"https:\/\/naturalpoland.com\/es\/productos\/productos-para-la-industria-farmaceutica-y-medica\/aditivos-para-complementos-alimenticios\/fosfolipidy-sojowe\/#breadcrumb"},"inLanguage":"es","potentialAction":[{"@type":"ReadAction","target":["https:\/\/naturalpoland.com\/es\/productos\/productos-para-la-industria-farmaceutica-y-medica\/aditivos-para-complementos-alimenticios\/fosfolipidy-sojowe\/"]}]},{"@type":"ImageObject","inLanguage":"es","@id":"https:\/\/naturalpoland.com\/es\/productos\/productos-para-la-industria-farmaceutica-y-medica\/aditivos-para-complementos-alimenticios\/fosfolipidy-sojowe\/#primaryimage","url":"https:\/\/naturalpoland.com\/wp-content\/uploads\/fosfolipidy-sojowe.webp","contentUrl":"https:\/\/naturalpoland.com\/wp-content\/uploads\/fosfolipidy-sojowe.webp","width":1024,"height":1024,"caption":"fosfolipidy sojowe"},{"@type":"BreadcrumbList","@id":"https:\/\/naturalpoland.com\/es\/productos\/productos-para-la-industria-farmaceutica-y-medica\/aditivos-para-complementos-alimenticios\/fosfolipidy-sojowe\/#breadcrumb","itemListElement":[{"@type":"ListItem","position":1,"name":"Inicio","item":"https:\/\/naturalpoland.com\/es\/"},{"@type":"ListItem","position":2,"name":"Productos","item":"https:\/\/naturalpoland.com\/es\/productos\/"},{"@type":"ListItem","position":3,"name":"Fosfol\u00edpidos de soja"}]},{"@type":"WebSite","@id":"https:\/\/naturalpoland.com\/es\/#website","url":"https:\/\/naturalpoland.com\/es\/","name":"NATURAL POLAND - Distribuidor Mayorista de Materias Primas","description":"Surowce dla przemys\u0142u spo\u017cywczego, kosmetycznego i farmaceutycznego","publisher":{"@id":"https:\/\/naturalpoland.com\/es\/#organization"},"potentialAction":[{"@type":"SearchAction","target":{"@type":"EntryPoint","urlTemplate":"https:\/\/naturalpoland.com\/es\/?s={search_term_string}"},"query-input":{"@type":"PropertyValueSpecification","valueRequired":true,"valueName":"search_term_string"}}],"inLanguage":"es"},{"@type":"Organization","@id":"https:\/\/naturalpoland.com\/es\/#organization","name":"Natural Poland","url":"https:\/\/naturalpoland.com\/es\/","logo":{"@type":"ImageObject","inLanguage":"es","@id":"https:\/\/naturalpoland.com\/es\/#\/schema\/logo\/image\/","url":"https:\/\/naturalpoland.com\/wp-content\/uploads\/2021\/05\/natural-poland-icon.png","contentUrl":"https:\/\/naturalpoland.com\/wp-content\/uploads\/2021\/05\/natural-poland-icon.png","width":512,"height":512,"caption":"Natural Poland"},"image":{"@id":"https:\/\/naturalpoland.com\/es\/#\/schema\/logo\/image\/"},"sameAs":["https:\/\/www.facebook.com\/naturalpoland.b2b","https:\/\/pl.linkedin.com\/company\/natural-poland","https:\/\/www.youtube.com\/channel\/UCgeGGkvOMahZo-xu_MSEWxg"]}]}},"_links":{"self":[{"href":"https:\/\/naturalpoland.com\/es\/wp-json\/wp\/v2\/product\/41889","targetHints":{"allow":["GET"]}}],"collection":[{"href":"https:\/\/naturalpoland.com\/es\/wp-json\/wp\/v2\/product"}],"about":[{"href":"https:\/\/naturalpoland.com\/es\/wp-json\/wp\/v2\/types\/product"}],"wp:featuredmedia":[{"embeddable":true,"href":"https:\/\/naturalpoland.com\/es\/wp-json\/wp\/v2\/media\/41846"}],"wp:attachment":[{"href":"https:\/\/naturalpoland.com\/es\/wp-json\/wp\/v2\/media?parent=41889"}],"wp:term":[{"taxonomy":"product_brand","embeddable":true,"href":"https:\/\/naturalpoland.com\/es\/wp-json\/wp\/v2\/product_brand?post=41889"},{"taxonomy":"product_cat","embeddable":true,"href":"https:\/\/naturalpoland.com\/es\/wp-json\/wp\/v2\/product_cat?post=41889"},{"taxonomy":"product_tag","embeddable":true,"href":"https:\/\/naturalpoland.com\/es\/wp-json\/wp\/v2\/product_tag?post=41889"}],"curies":[{"name":"wp","href":"https:\/\/api.w.org\/{rel}","templated":true}]}}