{"id":42589,"date":"2025-08-07T14:33:28","date_gmt":"2025-08-07T12:33:28","guid":{"rendered":"https:\/\/naturalpoland.com\/produkty\/sin%20categor\u00eda\/materias-primas-vegetales-para-caballos\/"},"modified":"2025-08-07T14:33:33","modified_gmt":"2025-08-07T12:33:33","slug":"materias-primas-vegetales-para-caballos","status":"publish","type":"product","link":"https:\/\/naturalpoland.com\/es\/productos\/materias-primas-para-alimentos-de-animales\/materias-primas-vegetales-para-caballos\/","title":{"rendered":"Materias primas vegetales para caballos"},"content":{"rendered":"<h2>Verduras deshidratadas:<\/h2>\n<div class=\"row\"  id=\"row-1648263497\">\n\n\t<div id=\"col-405181313\" class=\"col medium-1\/2 large-6\"  >\n\t\t\t\t<div class=\"col-inner\"  >\n\t\t\t\n\t\t\t\n<ul>\n<li>Copos de jud\u00edas<\/li>\n<li>Copos de br\u00f3coli y guisantes<\/li>\n<li>Rodajas de pepino<\/li>\n<li>Vainas de algarroba<\/li>\n<li>Dados de zanahoria 10x10x2 mm<\/li>\n<li>Rodajas de zanahoria<\/li>\n<li>Dados de patata<\/li>\n<li>Copos de patata<\/li>\n<li>Copos de calabaza<\/li>\n<li>Copos de puerro<\/li>\n<li>Pimiento rojo<\/li>\n<\/ul>\n\t\t<\/div>\n\t\t\t\t\t<\/div>\n\n\t\n\n\t<div id=\"col-2002709839\" class=\"col medium-1\/2 large-6\"  >\n\t\t\t\t<div class=\"col-inner\"  >\n\t\t\t\n\t\t\t\n<ul>\n<li>Pimiento verde<\/li>\n<li>Chiriv\u00eda<\/li>\n<li>Ra\u00edz de perejil 10x10x3 mm<\/li>\n<li>Remolacha<\/li>\n<li>Copos de apio<\/li>\n<li>Boniato (batata)<\/li>\n<li>Copos de tomate<\/li>\n<li>Tupinambo<\/li>\n<li>Copos de col<\/li>\n<li>Rodajas de calabac\u00edn<\/li>\n<li>Dados de calabac\u00edn<\/li>\n<\/ul>\n\t\t<\/div>\n\t\t\t\t\t<\/div>\n\n\t\n<\/div>\n<h2>Frutas deshidratadas y liofilizadas<\/h2>\n<div class=\"row\"  id=\"row-387972639\">\n\n\t<div id=\"col-1663599455\" class=\"col medium-1\/2 large-6\"  >\n\t\t\t\t<div class=\"col-inner\"  >\n\t\t\t\n\t\t\t\n<ul>\n<li>Chips de manzana, 1\/4 de rodaja<\/li>\n<li>Dados de manzana 10&#215;10 mm<\/li>\n<li>Chips de manzana troceados<\/li>\n<li>Dados de pi\u00f1a<\/li>\n<li>Chips de pl\u00e1tano (troceados, sin az\u00facar)<\/li>\n<li>Chips de pl\u00e1tano (enteros, sin az\u00facar)<\/li>\n<li>Dados de pera<\/li>\n<li>Fresas liofilizadas<\/li>\n<\/ul>\n\t\t<\/div>\n\t\t\t\t\t<\/div>\n\n\t\n\n\t<div id=\"col-2110478993\" class=\"col medium-1\/2 large-6\"  >\n\t\t\t\t<div class=\"col-inner\"  >\n\t\t\t\n\t\t\t\n<ul>\n<li>Rosa canina<\/li>\n<li>C\u00e1scaras de rosa canina<\/li>\n<li>Polvo de c\u00e1scaras de rosa canina<\/li>\n<li>Frambuesas liofilizadas<\/li>\n<li>Chips de coco<\/li>\n<li>Harina de coco<\/li>\n<li>Dados de mango<\/li>\n<li>Dados de papaya<\/li>\n<\/ul>\n\t\t<\/div>\n\t\t\t\t\t<\/div>\n\n\t\n<\/div>\n<h2>Bayas y frutas<\/h2>\n<div class=\"row\"  id=\"row-1080186506\">\n\n\t<div id=\"col-1428710897\" class=\"col medium-1\/2 large-6\"  >\n\t\t\t\t<div class=\"col-inner\"  >\n\t\t\t\n\t\t\t\n<ul>\n<li>Bayas de aronia<\/li>\n<li>Serbal<\/li>\n<li>Grosella negra<\/li>\n<li>Bayas de goji<\/li>\n<\/ul>\n\t\t<\/div>\n\t\t\t\t\t<\/div>\n\n\t\n\n\t<div id=\"col-763222980\" class=\"col medium-1\/2 large-6\"  >\n\t\t\t\t<div class=\"col-inner\"  >\n\t\t\t\n\t\t\t\n<ul>\n<li>Ar\u00e1ndano rojo<\/li>\n<li>Bayas de enebro<\/li>\n<li>Frutos de espino blanco<\/li>\n<li>Frutos de sa\u00faco negro<\/li>\n<\/ul>\n\t\t<\/div>\n\t\t\t\t\t<\/div>\n\n\t\n<\/div>\n<h2>Hierbas<\/h2>\n<div class=\"row\"  id=\"row-574727483\">\n\n\t<div id=\"col-181905409\" class=\"col medium-1\/3 large-4\"  >\n\t\t\t\t<div class=\"col-inner\"  >\n\t\t\t\n\t\t\t\n<ul>\n<li>Alfalfa<\/li>\n<li>Hojas de manzano<\/li>\n<li>Hojas de albaricoquero<\/li>\n<li>Hojas de alcachofa (cortadas)<\/li>\n<li>Hojas de abedul<\/li>\n<li>Hojas de peral<\/li>\n<li>Llant\u00e9n mayor<\/li>\n<li>Hojas de ortiga<\/li>\n<li>Hojas de zarzamora<\/li>\n<li>Tallos de eneldo<\/li>\n<li>Hojas de eucalipto<\/li>\n<li>Hojas de eucalipto (cortadas)<\/li>\n<li>Agujas de abeto<\/li>\n<li>Hojas de ginkgo (Ginkgo biloba)<\/li>\n<li>Vara de oro (cortada)<\/li>\n<li>Espelta verde<\/li>\n<li>Avena verde<\/li>\n<li>Trigo verde<\/li>\n<li>Hojas de avellano<\/li>\n<li>Hojas de frambueso<\/li>\n<\/ul>\n\t\t<\/div>\n\t\t\t\t\t<\/div>\n\n\t\n\n\t<div id=\"col-2109442796\" class=\"col medium-1\/3 large-4\"  >\n\t\t\t\t<div class=\"col-inner\"  >\n\t\t\t\n\t\t\t\n<ul>\n<li>Hojas de tus\u00edlago<\/li>\n<li>Hojas de tus\u00edlago (cortadas)<\/li>\n<li>Musgo de Islandia<\/li>\n<li>Musgo de Islandia (cortado)<\/li>\n<li>Hojas de grosellero negro<\/li>\n<li>Tallos de perifollo<\/li>\n<li>Hojas de cerezo<\/li>\n<li>Galio (cortado)<\/li>\n<li>Tallos de cilantro<\/li>\n<li>Hojas de tilo<\/li>\n<li>Hojas de diente de le\u00f3n &#8211; 1\u00aa clase <\/li>\n<li>Hojas de diente de le\u00f3n (cultivadas)<\/li>\n<li>Hojas de diente de le\u00f3n (cortadas)<\/li>\n<li>Reina de los prados (cortada)<\/li>\n<li>Cardo mariano<\/li>\n<li>Hojas de morera<\/li>\n<li>Melisa<\/li>\n<li>Hojas de menta piperita<\/li>\n<li>Hojas de melocotonero<\/li>\n<\/ul>\n\t\t<\/div>\n\t\t\t\t\t<\/div>\n\n\t\n\n\t<div id=\"col-540292631\" class=\"col medium-1\/3 large-4\"  >\n\t\t\t\t<div class=\"col-inner\"  >\n\t\t\t\n\t\t\t\n<ul>\n<li>Hojas de ciruelo<\/li>\n<li>Tallos de perejil<\/li>\n<li>Tallos de tr\u00e9bol rojo<\/li>\n<li>Hojas de salvia<\/li>\n<li>Hojas de salvia (cortadas)<\/li>\n<li>Milenrama (cortada)<\/li>\n<li>Tallos de apio<\/li>\n<li>Equin\u00e1cea<\/li>\n<li>Hojas de equin\u00e1cea<\/li>\n<li>Hojas de espinaca<\/li>\n<li>Polvo de espinaca<\/li>\n<li>Tallos de espinaca<\/li>\n<li>Llant\u00e9n menor<\/li>\n<li>Menta de jard\u00edn<\/li>\n<li>Tomillo (triturado)<\/li>\n<li>Hojas de nogal<\/li>\n<li>Hojas y flores de espino blanco<\/li>\n<li>Hojas y flores de espino blanco (cortadas)<\/li>\n<li>Cola de caballo<\/li>\n<\/ul>\n\t\t<\/div>\n\t\t\t\t\t<\/div>\n\n\t\n<\/div>\n<h2>Ra\u00edces<\/h2>\n<div class=\"row\"  id=\"row-1469909426\">\n\n\t<div id=\"col-2124933225\" class=\"col medium-1\/2 large-6\"  >\n\t\t\t\t<div class=\"col-inner\"  >\n\t\t\t\n\t\t\t\n<ul>\n<li>Ra\u00edz de valeriana (cortada)<\/li>\n<li>Ra\u00edz de malvavisco (cortada)<\/li>\n<li>Ra\u00edz de c\u00e1lamo<\/li>\n<li>Ra\u00edz de bardana (cortada)<\/li>\n<li>Ra\u00edz de diente de le\u00f3n<\/li>\n<\/ul>\n\t\t<\/div>\n\t\t\t\t\t<\/div>\n\n\t\n\n\t<div id=\"col-682374366\" class=\"col medium-1\/2 large-6\"  >\n\t\t\t\t<div class=\"col-inner\"  >\n\t\t\t\n\t\t\t\n<ul>\n<li>Polvo de ra\u00edz de regaliz<\/li>\n<li>Ra\u00edz de regaliz (cortada)<\/li>\n<li>Harpagofito (cortado)<\/li>\n<li>Achicoria (cortada)<\/li>\n<li>Corteza de sauce (cortada)<\/li>\n<\/ul>\n\t\t<\/div>\n\t\t\t\t\t<\/div>\n\n\t\n<\/div>\n<h2>Materias primas en polvo<\/h2>\n<div class=\"row\"  id=\"row-684651020\">\n\n\t<div id=\"col-1496583849\" class=\"col medium-1\/2 large-6\"  >\n\t\t\t\t<div class=\"col-inner\"  >\n\t\t\t\n\t\t\t\n<ul>\n<li>Espirulina<\/li>\n<li>Harina de Ascophyllum (algas)<\/li>\n<\/ul>\n\t\t<\/div>\n\t\t\t\t\t<\/div>\n\n\t\n\n\t<div id=\"col-1734699858\" class=\"col medium-1\/2 large-6\"  >\n\t\t\t\t<div class=\"col-inner\"  >\n\t\t\t\n\t\t\t\n<ul>\n<li>Polvo de MSM<\/li>\n<li>Harina de c\u00e1scara de huevo<\/li>\n<\/ul>\n\t\t<\/div>\n\t\t\t\t\t<\/div>\n\n\t\n<\/div>\n<h2>Aceites<\/h2>\n<ul>\n<li>Aceite de linaza<\/li>\n<li>Aceite de c\u00e1\u00f1amo<\/li>\n<li>Aceite de comino negro<\/li>\n<\/ul>\n","protected":false},"excerpt":{"rendered":"<p>Los ingredientes de origen natural se utilizan como aditivos para piensos, componentes de mezclas de hierbas y potenciadores naturales de la salud y la condici\u00f3n de los animales. Nuestra oferta est\u00e1 dirigida tanto a criadores de caballos de deporte y recreo, como a caballos mayores o que requieren una alimentaci\u00f3n especial. <\/p>\n","protected":false},"featured_media":42107,"template":"","meta":{"_acf_changed":false},"product_brand":[],"product_cat":[2514],"product_tag":[],"class_list":{"0":"post-42589","1":"product","2":"type-product","3":"status-publish","4":"has-post-thumbnail","6":"product_cat-materias-primas-para-alimentos-de-animales","8":"first","9":"instock","10":"shipping-taxable","11":"product-type-simple"},"acf":[],"yoast_head":"<!-- This site is optimized with the Yoast SEO plugin v27.5 - https:\/\/yoast.com\/product\/yoast-seo-wordpress\/ -->\n<title>Materias primas vegetales para caballos - Distribuidor mayorista<\/title>\n<meta name=\"description\" content=\"Plantas para caballos: aditivos, hierbas y potenciadores naturales de salud.\" \/>\n<meta name=\"robots\" content=\"index, follow, max-snippet:-1, max-image-preview:large, max-video-preview:-1\" \/>\n<link rel=\"canonical\" href=\"https:\/\/naturalpoland.com\/es\/productos\/materias-primas-para-alimentos-de-animales\/materias-primas-vegetales-para-caballos\/\" \/>\n<meta property=\"og:locale\" content=\"es_ES\" \/>\n<meta property=\"og:type\" content=\"article\" \/>\n<meta property=\"og:title\" content=\"Materias primas vegetales para caballos - Distribuidor mayorista\" \/>\n<meta property=\"og:description\" content=\"Plantas para caballos: aditivos, hierbas y potenciadores naturales de salud.\" \/>\n<meta property=\"og:url\" content=\"https:\/\/naturalpoland.com\/es\/productos\/materias-primas-para-alimentos-de-animales\/materias-primas-vegetales-para-caballos\/\" \/>\n<meta property=\"og:site_name\" content=\"NATURAL POLAND - Distribuidor Mayorista de Materias Primas\" \/>\n<meta property=\"article:publisher\" content=\"https:\/\/www.facebook.com\/naturalpoland.b2b\" \/>\n<meta property=\"article:modified_time\" content=\"2025-08-07T12:33:33+00:00\" \/>\n<meta property=\"og:image\" content=\"https:\/\/naturalpoland.com\/wp-content\/uploads\/surowce-roslinne-dla-koni.webp\" \/>\n\t<meta property=\"og:image:width\" content=\"1024\" \/>\n\t<meta property=\"og:image:height\" content=\"1024\" \/>\n\t<meta property=\"og:image:type\" content=\"image\/webp\" \/>\n<script type=\"application\/ld+json\" class=\"yoast-schema-graph\">{\"@context\":\"https:\\\/\\\/schema.org\",\"@graph\":[{\"@type\":\"WebPage\",\"@id\":\"https:\\\/\\\/naturalpoland.com\\\/es\\\/productos\\\/materias-primas-para-alimentos-de-animales\\\/materias-primas-vegetales-para-caballos\\\/\",\"url\":\"https:\\\/\\\/naturalpoland.com\\\/es\\\/productos\\\/materias-primas-para-alimentos-de-animales\\\/materias-primas-vegetales-para-caballos\\\/\",\"name\":\"Materias primas vegetales para caballos - Distribuidor mayorista\",\"isPartOf\":{\"@id\":\"https:\\\/\\\/naturalpoland.com\\\/es\\\/#website\"},\"primaryImageOfPage\":{\"@id\":\"https:\\\/\\\/naturalpoland.com\\\/es\\\/productos\\\/materias-primas-para-alimentos-de-animales\\\/materias-primas-vegetales-para-caballos\\\/#primaryimage\"},\"image\":{\"@id\":\"https:\\\/\\\/naturalpoland.com\\\/es\\\/productos\\\/materias-primas-para-alimentos-de-animales\\\/materias-primas-vegetales-para-caballos\\\/#primaryimage\"},\"thumbnailUrl\":\"https:\\\/\\\/naturalpoland.com\\\/wp-content\\\/uploads\\\/surowce-roslinne-dla-koni.webp\",\"datePublished\":\"2025-08-07T12:33:28+00:00\",\"dateModified\":\"2025-08-07T12:33:33+00:00\",\"description\":\"Plantas para caballos: aditivos, hierbas y potenciadores naturales de salud.\",\"breadcrumb\":{\"@id\":\"https:\\\/\\\/naturalpoland.com\\\/es\\\/productos\\\/materias-primas-para-alimentos-de-animales\\\/materias-primas-vegetales-para-caballos\\\/#breadcrumb\"},\"inLanguage\":\"es\",\"potentialAction\":[{\"@type\":\"ReadAction\",\"target\":[\"https:\\\/\\\/naturalpoland.com\\\/es\\\/productos\\\/materias-primas-para-alimentos-de-animales\\\/materias-primas-vegetales-para-caballos\\\/\"]}]},{\"@type\":\"ImageObject\",\"inLanguage\":\"es\",\"@id\":\"https:\\\/\\\/naturalpoland.com\\\/es\\\/productos\\\/materias-primas-para-alimentos-de-animales\\\/materias-primas-vegetales-para-caballos\\\/#primaryimage\",\"url\":\"https:\\\/\\\/naturalpoland.com\\\/wp-content\\\/uploads\\\/surowce-roslinne-dla-koni.webp\",\"contentUrl\":\"https:\\\/\\\/naturalpoland.com\\\/wp-content\\\/uploads\\\/surowce-roslinne-dla-koni.webp\",\"width\":1024,\"height\":1024,\"caption\":\"surowce ro\u015blinne dla koni\"},{\"@type\":\"BreadcrumbList\",\"@id\":\"https:\\\/\\\/naturalpoland.com\\\/es\\\/productos\\\/materias-primas-para-alimentos-de-animales\\\/materias-primas-vegetales-para-caballos\\\/#breadcrumb\",\"itemListElement\":[{\"@type\":\"ListItem\",\"position\":1,\"name\":\"Inicio\",\"item\":\"https:\\\/\\\/naturalpoland.com\\\/es\\\/\"},{\"@type\":\"ListItem\",\"position\":2,\"name\":\"Productos\",\"item\":\"https:\\\/\\\/naturalpoland.com\\\/es\\\/productos\\\/\"},{\"@type\":\"ListItem\",\"position\":3,\"name\":\"Materias primas vegetales para caballos\"}]},{\"@type\":\"WebSite\",\"@id\":\"https:\\\/\\\/naturalpoland.com\\\/es\\\/#website\",\"url\":\"https:\\\/\\\/naturalpoland.com\\\/es\\\/\",\"name\":\"NATURAL POLAND - Distribuidor Mayorista de Materias Primas\",\"description\":\"Surowce dla przemys\u0142u spo\u017cywczego, kosmetycznego i farmaceutycznego\",\"publisher\":{\"@id\":\"https:\\\/\\\/naturalpoland.com\\\/es\\\/#organization\"},\"potentialAction\":[{\"@type\":\"SearchAction\",\"target\":{\"@type\":\"EntryPoint\",\"urlTemplate\":\"https:\\\/\\\/naturalpoland.com\\\/es\\\/?s={search_term_string}\"},\"query-input\":{\"@type\":\"PropertyValueSpecification\",\"valueRequired\":true,\"valueName\":\"search_term_string\"}}],\"inLanguage\":\"es\"},{\"@type\":\"Organization\",\"@id\":\"https:\\\/\\\/naturalpoland.com\\\/es\\\/#organization\",\"name\":\"Natural Poland\",\"url\":\"https:\\\/\\\/naturalpoland.com\\\/es\\\/\",\"logo\":{\"@type\":\"ImageObject\",\"inLanguage\":\"es\",\"@id\":\"https:\\\/\\\/naturalpoland.com\\\/es\\\/#\\\/schema\\\/logo\\\/image\\\/\",\"url\":\"https:\\\/\\\/naturalpoland.com\\\/wp-content\\\/uploads\\\/2021\\\/05\\\/natural-poland-icon.png\",\"contentUrl\":\"https:\\\/\\\/naturalpoland.com\\\/wp-content\\\/uploads\\\/2021\\\/05\\\/natural-poland-icon.png\",\"width\":512,\"height\":512,\"caption\":\"Natural Poland\"},\"image\":{\"@id\":\"https:\\\/\\\/naturalpoland.com\\\/es\\\/#\\\/schema\\\/logo\\\/image\\\/\"},\"sameAs\":[\"https:\\\/\\\/www.facebook.com\\\/naturalpoland.b2b\",\"https:\\\/\\\/pl.linkedin.com\\\/company\\\/natural-poland\",\"https:\\\/\\\/www.youtube.com\\\/channel\\\/UCgeGGkvOMahZo-xu_MSEWxg\"]}]}<\/script>\n<!-- \/ Yoast SEO plugin. -->","yoast_head_json":{"title":"Materias primas vegetales para caballos - Distribuidor mayorista","description":"Plantas para caballos: aditivos, hierbas y potenciadores naturales de salud.","robots":{"index":"index","follow":"follow","max-snippet":"max-snippet:-1","max-image-preview":"max-image-preview:large","max-video-preview":"max-video-preview:-1"},"canonical":"https:\/\/naturalpoland.com\/es\/productos\/materias-primas-para-alimentos-de-animales\/materias-primas-vegetales-para-caballos\/","og_locale":"es_ES","og_type":"article","og_title":"Materias primas vegetales para caballos - Distribuidor mayorista","og_description":"Plantas para caballos: aditivos, hierbas y potenciadores naturales de salud.","og_url":"https:\/\/naturalpoland.com\/es\/productos\/materias-primas-para-alimentos-de-animales\/materias-primas-vegetales-para-caballos\/","og_site_name":"NATURAL POLAND - Distribuidor Mayorista de Materias Primas","article_publisher":"https:\/\/www.facebook.com\/naturalpoland.b2b","article_modified_time":"2025-08-07T12:33:33+00:00","og_image":[{"width":1024,"height":1024,"url":"https:\/\/naturalpoland.com\/wp-content\/uploads\/surowce-roslinne-dla-koni.webp","type":"image\/webp"}],"schema":{"@context":"https:\/\/schema.org","@graph":[{"@type":"WebPage","@id":"https:\/\/naturalpoland.com\/es\/productos\/materias-primas-para-alimentos-de-animales\/materias-primas-vegetales-para-caballos\/","url":"https:\/\/naturalpoland.com\/es\/productos\/materias-primas-para-alimentos-de-animales\/materias-primas-vegetales-para-caballos\/","name":"Materias primas vegetales para caballos - Distribuidor mayorista","isPartOf":{"@id":"https:\/\/naturalpoland.com\/es\/#website"},"primaryImageOfPage":{"@id":"https:\/\/naturalpoland.com\/es\/productos\/materias-primas-para-alimentos-de-animales\/materias-primas-vegetales-para-caballos\/#primaryimage"},"image":{"@id":"https:\/\/naturalpoland.com\/es\/productos\/materias-primas-para-alimentos-de-animales\/materias-primas-vegetales-para-caballos\/#primaryimage"},"thumbnailUrl":"https:\/\/naturalpoland.com\/wp-content\/uploads\/surowce-roslinne-dla-koni.webp","datePublished":"2025-08-07T12:33:28+00:00","dateModified":"2025-08-07T12:33:33+00:00","description":"Plantas para caballos: aditivos, hierbas y potenciadores naturales de salud.","breadcrumb":{"@id":"https:\/\/naturalpoland.com\/es\/productos\/materias-primas-para-alimentos-de-animales\/materias-primas-vegetales-para-caballos\/#breadcrumb"},"inLanguage":"es","potentialAction":[{"@type":"ReadAction","target":["https:\/\/naturalpoland.com\/es\/productos\/materias-primas-para-alimentos-de-animales\/materias-primas-vegetales-para-caballos\/"]}]},{"@type":"ImageObject","inLanguage":"es","@id":"https:\/\/naturalpoland.com\/es\/productos\/materias-primas-para-alimentos-de-animales\/materias-primas-vegetales-para-caballos\/#primaryimage","url":"https:\/\/naturalpoland.com\/wp-content\/uploads\/surowce-roslinne-dla-koni.webp","contentUrl":"https:\/\/naturalpoland.com\/wp-content\/uploads\/surowce-roslinne-dla-koni.webp","width":1024,"height":1024,"caption":"surowce ro\u015blinne dla koni"},{"@type":"BreadcrumbList","@id":"https:\/\/naturalpoland.com\/es\/productos\/materias-primas-para-alimentos-de-animales\/materias-primas-vegetales-para-caballos\/#breadcrumb","itemListElement":[{"@type":"ListItem","position":1,"name":"Inicio","item":"https:\/\/naturalpoland.com\/es\/"},{"@type":"ListItem","position":2,"name":"Productos","item":"https:\/\/naturalpoland.com\/es\/productos\/"},{"@type":"ListItem","position":3,"name":"Materias primas vegetales para caballos"}]},{"@type":"WebSite","@id":"https:\/\/naturalpoland.com\/es\/#website","url":"https:\/\/naturalpoland.com\/es\/","name":"NATURAL POLAND - Distribuidor Mayorista de Materias Primas","description":"Surowce dla przemys\u0142u spo\u017cywczego, kosmetycznego i farmaceutycznego","publisher":{"@id":"https:\/\/naturalpoland.com\/es\/#organization"},"potentialAction":[{"@type":"SearchAction","target":{"@type":"EntryPoint","urlTemplate":"https:\/\/naturalpoland.com\/es\/?s={search_term_string}"},"query-input":{"@type":"PropertyValueSpecification","valueRequired":true,"valueName":"search_term_string"}}],"inLanguage":"es"},{"@type":"Organization","@id":"https:\/\/naturalpoland.com\/es\/#organization","name":"Natural Poland","url":"https:\/\/naturalpoland.com\/es\/","logo":{"@type":"ImageObject","inLanguage":"es","@id":"https:\/\/naturalpoland.com\/es\/#\/schema\/logo\/image\/","url":"https:\/\/naturalpoland.com\/wp-content\/uploads\/2021\/05\/natural-poland-icon.png","contentUrl":"https:\/\/naturalpoland.com\/wp-content\/uploads\/2021\/05\/natural-poland-icon.png","width":512,"height":512,"caption":"Natural Poland"},"image":{"@id":"https:\/\/naturalpoland.com\/es\/#\/schema\/logo\/image\/"},"sameAs":["https:\/\/www.facebook.com\/naturalpoland.b2b","https:\/\/pl.linkedin.com\/company\/natural-poland","https:\/\/www.youtube.com\/channel\/UCgeGGkvOMahZo-xu_MSEWxg"]}]}},"_links":{"self":[{"href":"https:\/\/naturalpoland.com\/es\/wp-json\/wp\/v2\/product\/42589","targetHints":{"allow":["GET"]}}],"collection":[{"href":"https:\/\/naturalpoland.com\/es\/wp-json\/wp\/v2\/product"}],"about":[{"href":"https:\/\/naturalpoland.com\/es\/wp-json\/wp\/v2\/types\/product"}],"wp:featuredmedia":[{"embeddable":true,"href":"https:\/\/naturalpoland.com\/es\/wp-json\/wp\/v2\/media\/42107"}],"wp:attachment":[{"href":"https:\/\/naturalpoland.com\/es\/wp-json\/wp\/v2\/media?parent=42589"}],"wp:term":[{"taxonomy":"product_brand","embeddable":true,"href":"https:\/\/naturalpoland.com\/es\/wp-json\/wp\/v2\/product_brand?post=42589"},{"taxonomy":"product_cat","embeddable":true,"href":"https:\/\/naturalpoland.com\/es\/wp-json\/wp\/v2\/product_cat?post=42589"},{"taxonomy":"product_tag","embeddable":true,"href":"https:\/\/naturalpoland.com\/es\/wp-json\/wp\/v2\/product_tag?post=42589"}],"curies":[{"name":"wp","href":"https:\/\/api.w.org\/{rel}","templated":true}]}}