{"id":42623,"date":"2025-08-05T12:45:55","date_gmt":"2025-08-05T10:45:55","guid":{"rendered":"https:\/\/naturalpoland.com\/produkty\/sin categor\u00eda\/aroma-de-crema\/"},"modified":"2025-08-07T14:46:17","modified_gmt":"2025-08-07T12:46:17","slug":"aroma-de-crema","status":"publish","type":"product","link":"https:\/\/naturalpoland.com\/es\/productos\/productos-para-la-industria-alimentaria\/aromas-es\/aromas-de-postre\/aroma-de-crema\/","title":{"rendered":"Aroma de crema"},"content":{"rendered":"<h2>Tipos de aromas de crema<\/h2>\n<p><strong>El aroma natural de crema<\/strong> reproduce el car\u00e1cter aut\u00e9ntico y dulce de la crema con un toque l\u00e1cteo, manteniendo su resistencia a altas temperaturas. Est\u00e1 dise\u00f1ado para aplicaciones que requieren tratamiento t\u00e9rmico, como en panader\u00eda o en la producci\u00f3n de suplementos. <\/p>\n<p><strong>Los aromas cremosos l\u00edquidos<\/strong> abarcan una amplia gama de perfiles, incluyendo la interpretaci\u00f3n cl\u00e1sica de crema arom\u00e1tica y azucarada con notas de miel y almendra, as\u00ed como composiciones m\u00e1s complejas, como \u00abCr\u00e8me de la Cr\u00e8me\u00bb, que combinan vainilla dulce y crema agria al estilo de los quesos de vainilla y los helados de leche. Variantes como \u00abCrema de Cornualles\u00bb o \u00abCrema Pastelera\u00bb introducen acentos cremosos de vainilla, c\u00edtricos y bizcocho, ideales para postres, cremas y productos de helader\u00eda.  <\/p>\n<p>Tambi\u00e9n est\u00e1n disponibles <strong>versiones especializadas para productos horneados<\/strong>, caracterizadas por un perfil agridulce y una profundidad cremosa (\u00abCrema para hornear \u201c, \u00abCrema espesa\u201d). Las variantes concentradas permiten lograr un efecto intenso con una dosificaci\u00f3n menor. <\/p>\n<p><strong>Los aromas en polvo<\/strong> ofrecen una alta estabilidad y amplias posibilidades de aplicaci\u00f3n en polvos instant\u00e1neos, suplementos diet\u00e9ticos y mezclas funcionales. Reproducen el car\u00e1cter de una crema azucarada con notas de miel y almendra o de una crema agria con un perfil l\u00e1cteo intenso. <\/p>\n<p>Las variantes arom\u00e1ticas est\u00e1n disponibles en veh\u00edculos como el glicol y la triacetina.<\/p>\n","protected":false},"excerpt":{"rendered":"<p>El aroma de crema se utiliza en productos alimenticios, desde l\u00e1cteos hasta postres, as\u00ed como en suplementos diet\u00e9ticos y productos horneados.<\/p>\n","protected":false},"featured_media":42515,"template":"","meta":{"_acf_changed":false},"product_brand":[],"product_cat":[7639],"product_tag":[],"class_list":{"0":"post-42623","1":"product","2":"type-product","3":"status-publish","4":"has-post-thumbnail","6":"product_cat-aromas-de-postre","8":"first","9":"instock","10":"shipping-taxable","11":"product-type-simple"},"acf":[],"yoast_head":"<!-- This site is optimized with the Yoast SEO plugin v27.5 - https:\/\/yoast.com\/product\/yoast-seo-wordpress\/ -->\n<title>Aroma de crema - Distribuidor mayorista<\/title>\n<meta name=\"description\" content=\"El aroma de crema es un perfil de sabor y olor excepcionalmente rico y vers\u00e1til que se utiliza en una amplia gama de productos alimenticios.\" \/>\n<meta name=\"robots\" content=\"index, follow, max-snippet:-1, max-image-preview:large, max-video-preview:-1\" \/>\n<link rel=\"canonical\" href=\"https:\/\/naturalpoland.com\/es\/productos\/productos-para-la-industria-alimentaria\/aromas-es\/aromas-de-postre\/aroma-de-crema\/\" \/>\n<meta property=\"og:locale\" content=\"es_ES\" \/>\n<meta property=\"og:type\" content=\"article\" \/>\n<meta property=\"og:title\" content=\"Aroma de crema - Distribuidor mayorista\" \/>\n<meta property=\"og:description\" content=\"El aroma de crema es un perfil de sabor y olor excepcionalmente rico y vers\u00e1til que se utiliza en una amplia gama de productos alimenticios.\" \/>\n<meta property=\"og:url\" content=\"https:\/\/naturalpoland.com\/es\/productos\/productos-para-la-industria-alimentaria\/aromas-es\/aromas-de-postre\/aroma-de-crema\/\" \/>\n<meta property=\"og:site_name\" content=\"NATURAL POLAND - Distribuidor Mayorista de Materias Primas\" \/>\n<meta property=\"article:publisher\" content=\"https:\/\/www.facebook.com\/naturalpoland.b2b\" \/>\n<meta property=\"article:modified_time\" content=\"2025-08-07T12:46:17+00:00\" \/>\n<meta property=\"og:image\" content=\"https:\/\/naturalpoland.com\/wp-content\/uploads\/aromay-smietankowy.webp\" \/>\n\t<meta property=\"og:image:width\" content=\"1024\" \/>\n\t<meta property=\"og:image:height\" content=\"1024\" \/>\n\t<meta property=\"og:image:type\" content=\"image\/webp\" \/>\n<script type=\"application\/ld+json\" class=\"yoast-schema-graph\">{\"@context\":\"https:\\\/\\\/schema.org\",\"@graph\":[{\"@type\":\"WebPage\",\"@id\":\"https:\\\/\\\/naturalpoland.com\\\/es\\\/productos\\\/productos-para-la-industria-alimentaria\\\/aromas-es\\\/aromas-de-postre\\\/aroma-de-crema\\\/\",\"url\":\"https:\\\/\\\/naturalpoland.com\\\/es\\\/productos\\\/productos-para-la-industria-alimentaria\\\/aromas-es\\\/aromas-de-postre\\\/aroma-de-crema\\\/\",\"name\":\"Aroma de crema - Distribuidor mayorista\",\"isPartOf\":{\"@id\":\"https:\\\/\\\/naturalpoland.com\\\/es\\\/#website\"},\"primaryImageOfPage\":{\"@id\":\"https:\\\/\\\/naturalpoland.com\\\/es\\\/productos\\\/productos-para-la-industria-alimentaria\\\/aromas-es\\\/aromas-de-postre\\\/aroma-de-crema\\\/#primaryimage\"},\"image\":{\"@id\":\"https:\\\/\\\/naturalpoland.com\\\/es\\\/productos\\\/productos-para-la-industria-alimentaria\\\/aromas-es\\\/aromas-de-postre\\\/aroma-de-crema\\\/#primaryimage\"},\"thumbnailUrl\":\"https:\\\/\\\/naturalpoland.com\\\/wp-content\\\/uploads\\\/aromay-smietankowy.webp\",\"datePublished\":\"2025-08-05T10:45:55+00:00\",\"dateModified\":\"2025-08-07T12:46:17+00:00\",\"description\":\"El aroma de crema es un perfil de sabor y olor excepcionalmente rico y vers\u00e1til que se utiliza en una amplia gama de productos alimenticios.\",\"breadcrumb\":{\"@id\":\"https:\\\/\\\/naturalpoland.com\\\/es\\\/productos\\\/productos-para-la-industria-alimentaria\\\/aromas-es\\\/aromas-de-postre\\\/aroma-de-crema\\\/#breadcrumb\"},\"inLanguage\":\"es\",\"potentialAction\":[{\"@type\":\"ReadAction\",\"target\":[\"https:\\\/\\\/naturalpoland.com\\\/es\\\/productos\\\/productos-para-la-industria-alimentaria\\\/aromas-es\\\/aromas-de-postre\\\/aroma-de-crema\\\/\"]}]},{\"@type\":\"ImageObject\",\"inLanguage\":\"es\",\"@id\":\"https:\\\/\\\/naturalpoland.com\\\/es\\\/productos\\\/productos-para-la-industria-alimentaria\\\/aromas-es\\\/aromas-de-postre\\\/aroma-de-crema\\\/#primaryimage\",\"url\":\"https:\\\/\\\/naturalpoland.com\\\/wp-content\\\/uploads\\\/aromay-smietankowy.webp\",\"contentUrl\":\"https:\\\/\\\/naturalpoland.com\\\/wp-content\\\/uploads\\\/aromay-smietankowy.webp\",\"width\":1024,\"height\":1024,\"caption\":\"aromat \u015bmietankowy\"},{\"@type\":\"BreadcrumbList\",\"@id\":\"https:\\\/\\\/naturalpoland.com\\\/es\\\/productos\\\/productos-para-la-industria-alimentaria\\\/aromas-es\\\/aromas-de-postre\\\/aroma-de-crema\\\/#breadcrumb\",\"itemListElement\":[{\"@type\":\"ListItem\",\"position\":1,\"name\":\"Inicio\",\"item\":\"https:\\\/\\\/naturalpoland.com\\\/es\\\/\"},{\"@type\":\"ListItem\",\"position\":2,\"name\":\"Productos\",\"item\":\"https:\\\/\\\/naturalpoland.com\\\/es\\\/productos\\\/\"},{\"@type\":\"ListItem\",\"position\":3,\"name\":\"Aroma de crema\"}]},{\"@type\":\"WebSite\",\"@id\":\"https:\\\/\\\/naturalpoland.com\\\/es\\\/#website\",\"url\":\"https:\\\/\\\/naturalpoland.com\\\/es\\\/\",\"name\":\"NATURAL POLAND - Distribuidor Mayorista de Materias Primas\",\"description\":\"Surowce dla przemys\u0142u spo\u017cywczego, kosmetycznego i farmaceutycznego\",\"publisher\":{\"@id\":\"https:\\\/\\\/naturalpoland.com\\\/es\\\/#organization\"},\"potentialAction\":[{\"@type\":\"SearchAction\",\"target\":{\"@type\":\"EntryPoint\",\"urlTemplate\":\"https:\\\/\\\/naturalpoland.com\\\/es\\\/?s={search_term_string}\"},\"query-input\":{\"@type\":\"PropertyValueSpecification\",\"valueRequired\":true,\"valueName\":\"search_term_string\"}}],\"inLanguage\":\"es\"},{\"@type\":\"Organization\",\"@id\":\"https:\\\/\\\/naturalpoland.com\\\/es\\\/#organization\",\"name\":\"Natural Poland\",\"url\":\"https:\\\/\\\/naturalpoland.com\\\/es\\\/\",\"logo\":{\"@type\":\"ImageObject\",\"inLanguage\":\"es\",\"@id\":\"https:\\\/\\\/naturalpoland.com\\\/es\\\/#\\\/schema\\\/logo\\\/image\\\/\",\"url\":\"https:\\\/\\\/naturalpoland.com\\\/wp-content\\\/uploads\\\/2021\\\/05\\\/natural-poland-icon.png\",\"contentUrl\":\"https:\\\/\\\/naturalpoland.com\\\/wp-content\\\/uploads\\\/2021\\\/05\\\/natural-poland-icon.png\",\"width\":512,\"height\":512,\"caption\":\"Natural Poland\"},\"image\":{\"@id\":\"https:\\\/\\\/naturalpoland.com\\\/es\\\/#\\\/schema\\\/logo\\\/image\\\/\"},\"sameAs\":[\"https:\\\/\\\/www.facebook.com\\\/naturalpoland.b2b\",\"https:\\\/\\\/pl.linkedin.com\\\/company\\\/natural-poland\",\"https:\\\/\\\/www.youtube.com\\\/channel\\\/UCgeGGkvOMahZo-xu_MSEWxg\"]}]}<\/script>\n<!-- \/ Yoast SEO plugin. -->","yoast_head_json":{"title":"Aroma de crema - Distribuidor mayorista","description":"El aroma de crema es un perfil de sabor y olor excepcionalmente rico y vers\u00e1til que se utiliza en una amplia gama de productos alimenticios.","robots":{"index":"index","follow":"follow","max-snippet":"max-snippet:-1","max-image-preview":"max-image-preview:large","max-video-preview":"max-video-preview:-1"},"canonical":"https:\/\/naturalpoland.com\/es\/productos\/productos-para-la-industria-alimentaria\/aromas-es\/aromas-de-postre\/aroma-de-crema\/","og_locale":"es_ES","og_type":"article","og_title":"Aroma de crema - Distribuidor mayorista","og_description":"El aroma de crema es un perfil de sabor y olor excepcionalmente rico y vers\u00e1til que se utiliza en una amplia gama de productos alimenticios.","og_url":"https:\/\/naturalpoland.com\/es\/productos\/productos-para-la-industria-alimentaria\/aromas-es\/aromas-de-postre\/aroma-de-crema\/","og_site_name":"NATURAL POLAND - Distribuidor Mayorista de Materias Primas","article_publisher":"https:\/\/www.facebook.com\/naturalpoland.b2b","article_modified_time":"2025-08-07T12:46:17+00:00","og_image":[{"width":1024,"height":1024,"url":"https:\/\/naturalpoland.com\/wp-content\/uploads\/aromay-smietankowy.webp","type":"image\/webp"}],"schema":{"@context":"https:\/\/schema.org","@graph":[{"@type":"WebPage","@id":"https:\/\/naturalpoland.com\/es\/productos\/productos-para-la-industria-alimentaria\/aromas-es\/aromas-de-postre\/aroma-de-crema\/","url":"https:\/\/naturalpoland.com\/es\/productos\/productos-para-la-industria-alimentaria\/aromas-es\/aromas-de-postre\/aroma-de-crema\/","name":"Aroma de crema - Distribuidor mayorista","isPartOf":{"@id":"https:\/\/naturalpoland.com\/es\/#website"},"primaryImageOfPage":{"@id":"https:\/\/naturalpoland.com\/es\/productos\/productos-para-la-industria-alimentaria\/aromas-es\/aromas-de-postre\/aroma-de-crema\/#primaryimage"},"image":{"@id":"https:\/\/naturalpoland.com\/es\/productos\/productos-para-la-industria-alimentaria\/aromas-es\/aromas-de-postre\/aroma-de-crema\/#primaryimage"},"thumbnailUrl":"https:\/\/naturalpoland.com\/wp-content\/uploads\/aromay-smietankowy.webp","datePublished":"2025-08-05T10:45:55+00:00","dateModified":"2025-08-07T12:46:17+00:00","description":"El aroma de crema es un perfil de sabor y olor excepcionalmente rico y vers\u00e1til que se utiliza en una amplia gama de productos alimenticios.","breadcrumb":{"@id":"https:\/\/naturalpoland.com\/es\/productos\/productos-para-la-industria-alimentaria\/aromas-es\/aromas-de-postre\/aroma-de-crema\/#breadcrumb"},"inLanguage":"es","potentialAction":[{"@type":"ReadAction","target":["https:\/\/naturalpoland.com\/es\/productos\/productos-para-la-industria-alimentaria\/aromas-es\/aromas-de-postre\/aroma-de-crema\/"]}]},{"@type":"ImageObject","inLanguage":"es","@id":"https:\/\/naturalpoland.com\/es\/productos\/productos-para-la-industria-alimentaria\/aromas-es\/aromas-de-postre\/aroma-de-crema\/#primaryimage","url":"https:\/\/naturalpoland.com\/wp-content\/uploads\/aromay-smietankowy.webp","contentUrl":"https:\/\/naturalpoland.com\/wp-content\/uploads\/aromay-smietankowy.webp","width":1024,"height":1024,"caption":"aromat \u015bmietankowy"},{"@type":"BreadcrumbList","@id":"https:\/\/naturalpoland.com\/es\/productos\/productos-para-la-industria-alimentaria\/aromas-es\/aromas-de-postre\/aroma-de-crema\/#breadcrumb","itemListElement":[{"@type":"ListItem","position":1,"name":"Inicio","item":"https:\/\/naturalpoland.com\/es\/"},{"@type":"ListItem","position":2,"name":"Productos","item":"https:\/\/naturalpoland.com\/es\/productos\/"},{"@type":"ListItem","position":3,"name":"Aroma de crema"}]},{"@type":"WebSite","@id":"https:\/\/naturalpoland.com\/es\/#website","url":"https:\/\/naturalpoland.com\/es\/","name":"NATURAL POLAND - Distribuidor Mayorista de Materias Primas","description":"Surowce dla przemys\u0142u spo\u017cywczego, kosmetycznego i farmaceutycznego","publisher":{"@id":"https:\/\/naturalpoland.com\/es\/#organization"},"potentialAction":[{"@type":"SearchAction","target":{"@type":"EntryPoint","urlTemplate":"https:\/\/naturalpoland.com\/es\/?s={search_term_string}"},"query-input":{"@type":"PropertyValueSpecification","valueRequired":true,"valueName":"search_term_string"}}],"inLanguage":"es"},{"@type":"Organization","@id":"https:\/\/naturalpoland.com\/es\/#organization","name":"Natural Poland","url":"https:\/\/naturalpoland.com\/es\/","logo":{"@type":"ImageObject","inLanguage":"es","@id":"https:\/\/naturalpoland.com\/es\/#\/schema\/logo\/image\/","url":"https:\/\/naturalpoland.com\/wp-content\/uploads\/2021\/05\/natural-poland-icon.png","contentUrl":"https:\/\/naturalpoland.com\/wp-content\/uploads\/2021\/05\/natural-poland-icon.png","width":512,"height":512,"caption":"Natural Poland"},"image":{"@id":"https:\/\/naturalpoland.com\/es\/#\/schema\/logo\/image\/"},"sameAs":["https:\/\/www.facebook.com\/naturalpoland.b2b","https:\/\/pl.linkedin.com\/company\/natural-poland","https:\/\/www.youtube.com\/channel\/UCgeGGkvOMahZo-xu_MSEWxg"]}]}},"_links":{"self":[{"href":"https:\/\/naturalpoland.com\/es\/wp-json\/wp\/v2\/product\/42623","targetHints":{"allow":["GET"]}}],"collection":[{"href":"https:\/\/naturalpoland.com\/es\/wp-json\/wp\/v2\/product"}],"about":[{"href":"https:\/\/naturalpoland.com\/es\/wp-json\/wp\/v2\/types\/product"}],"wp:featuredmedia":[{"embeddable":true,"href":"https:\/\/naturalpoland.com\/es\/wp-json\/wp\/v2\/media\/42515"}],"wp:attachment":[{"href":"https:\/\/naturalpoland.com\/es\/wp-json\/wp\/v2\/media?parent=42623"}],"wp:term":[{"taxonomy":"product_brand","embeddable":true,"href":"https:\/\/naturalpoland.com\/es\/wp-json\/wp\/v2\/product_brand?post=42623"},{"taxonomy":"product_cat","embeddable":true,"href":"https:\/\/naturalpoland.com\/es\/wp-json\/wp\/v2\/product_cat?post=42623"},{"taxonomy":"product_tag","embeddable":true,"href":"https:\/\/naturalpoland.com\/es\/wp-json\/wp\/v2\/product_tag?post=42623"}],"curies":[{"name":"wp","href":"https:\/\/api.w.org\/{rel}","templated":true}]}}