{"id":42995,"date":"2025-08-25T13:57:07","date_gmt":"2025-08-25T11:57:07","guid":{"rendered":"https:\/\/naturalpoland.com\/produkty\/sin categor\u00eda\/filtrado-de-fermentacion-de-galactomyces\/"},"modified":"2025-08-26T10:40:11","modified_gmt":"2025-08-26T08:40:11","slug":"filtrado-de-fermentacion-de-galactomyces","status":"publish","type":"product","link":"https:\/\/naturalpoland.com\/es\/productos\/productos-para-la-industria-cosmetica\/extractos-fermentados\/filtrado-de-fermentacion-de-galactomyces\/","title":{"rendered":"Filtrado de fermentaci\u00f3n de Galactomyces"},"content":{"rendered":"<h2>Propiedades y acci\u00f3n:<\/h2>\n<ul>\n<li>Hidrata intensamente la piel, mejorando su elasticidad y suavidad<\/li>\n<li>Ilumina y unifica el tono de la piel, reduciendo las manchas<\/li>\n<li>Refuerza la barrera hidrolip\u00eddica y limita la p\u00e9rdida transepid\u00e9rmica de agua (TEWL)<\/li>\n<li>Act\u00faa como antioxidante, neutralizando los radicales libres y protegiendo las c\u00e9lulas de la piel<\/li>\n<li>Ayuda a combatir los puntos negros y el exceso de producci\u00f3n de sebo<\/li>\n<li>Aporta luminosidad y aspecto saludable a la piel<\/li>\n<\/ul>\n<h2>Aplicaci\u00f3n:<\/h2>\n<p>Se utiliza en cosm\u00e9ticos para pieles deshidratadas, cansadas, sin luminosidad, as\u00ed como ingrediente en productos antienvejecimiento y antiacn\u00e9 (t\u00f3nicos, esencias, s\u00e9rums, cremas).<\/p>\n","protected":false},"excerpt":{"rendered":"<p>El <strong>Filtrado de fermentaci\u00f3n de Galactomyces<\/strong> es una materia prima cosm\u00e9tica obtenida mediante el proceso de fermentaci\u00f3n de levaduras del g\u00e9nero <em>Galactomyces<\/em>. Contiene un rico conjunto de sustancias activas: vitaminas del grupo B (especialmente <a href=\"https:\/\/naturalpoland.com\/es\/productos\/productos-para-la-industria-farmaceutica-y-medica\/vitaminas\/witamina-b3\/\">niacinamida \u2013 B3<\/a>), minerales, amino\u00e1cidos, enzimas y antioxidantes. <\/p>\n","protected":false},"featured_media":42912,"template":"","meta":[],"product_brand":[],"product_cat":[2685,10355],"product_tag":[],"class_list":{"0":"post-42995","1":"product","2":"type-product","3":"status-publish","4":"has-post-thumbnail","6":"product_cat-extractos-fermentados","7":"product_cat-materias-primas-coreanas","9":"first","10":"instock","11":"shipping-taxable","12":"product-type-simple"},"yoast_head":"<!-- This site is optimized with the Yoast SEO plugin v27.3 - https:\/\/yoast.com\/product\/yoast-seo-wordpress\/ -->\n<title>Filtrado de fermentaci\u00f3n de Galactomyces - Distribuidor mayorista<\/title>\n<meta name=\"description\" content=\"El Filtrado de Galactomyces es un ingrediente cosm\u00e9tico valorado obtenido por fermentaci\u00f3n de levaduras Galactomyces.\" \/>\n<meta name=\"robots\" content=\"index, follow, max-snippet:-1, max-image-preview:large, max-video-preview:-1\" \/>\n<link rel=\"canonical\" href=\"https:\/\/naturalpoland.com\/es\/productos\/productos-para-la-industria-cosmetica\/extractos-fermentados\/filtrado-de-fermentacion-de-galactomyces\/\" \/>\n<meta property=\"og:locale\" content=\"es_ES\" \/>\n<meta property=\"og:type\" content=\"article\" \/>\n<meta property=\"og:title\" content=\"Filtrado de fermentaci\u00f3n de Galactomyces - Distribuidor mayorista\" \/>\n<meta property=\"og:description\" content=\"El Filtrado de Galactomyces es un ingrediente cosm\u00e9tico valorado obtenido por fermentaci\u00f3n de levaduras Galactomyces.\" \/>\n<meta property=\"og:url\" content=\"https:\/\/naturalpoland.com\/es\/productos\/productos-para-la-industria-cosmetica\/extractos-fermentados\/filtrado-de-fermentacion-de-galactomyces\/\" \/>\n<meta property=\"og:site_name\" content=\"NATURAL POLAND - Distribuidor Mayorista de Materias Primas\" \/>\n<meta property=\"article:publisher\" content=\"https:\/\/www.facebook.com\/naturalpoland.b2b\" \/>\n<meta property=\"article:modified_time\" content=\"2025-08-26T08:40:11+00:00\" \/>\n<meta property=\"og:image\" content=\"https:\/\/naturalpoland.com\/wp-content\/uploads\/filtrat-fermentacyjny-galactomyces.webp\" \/>\n\t<meta property=\"og:image:width\" content=\"1024\" \/>\n\t<meta property=\"og:image:height\" content=\"1024\" \/>\n\t<meta property=\"og:image:type\" content=\"image\/webp\" \/>\n<script type=\"application\/ld+json\" class=\"yoast-schema-graph\">{\"@context\":\"https:\\\/\\\/schema.org\",\"@graph\":[{\"@type\":\"WebPage\",\"@id\":\"https:\\\/\\\/naturalpoland.com\\\/es\\\/productos\\\/productos-para-la-industria-cosmetica\\\/extractos-fermentados\\\/filtrado-de-fermentacion-de-galactomyces\\\/\",\"url\":\"https:\\\/\\\/naturalpoland.com\\\/es\\\/productos\\\/productos-para-la-industria-cosmetica\\\/extractos-fermentados\\\/filtrado-de-fermentacion-de-galactomyces\\\/\",\"name\":\"Filtrado de fermentaci\u00f3n de Galactomyces - Distribuidor mayorista\",\"isPartOf\":{\"@id\":\"https:\\\/\\\/naturalpoland.com\\\/es\\\/#website\"},\"primaryImageOfPage\":{\"@id\":\"https:\\\/\\\/naturalpoland.com\\\/es\\\/productos\\\/productos-para-la-industria-cosmetica\\\/extractos-fermentados\\\/filtrado-de-fermentacion-de-galactomyces\\\/#primaryimage\"},\"image\":{\"@id\":\"https:\\\/\\\/naturalpoland.com\\\/es\\\/productos\\\/productos-para-la-industria-cosmetica\\\/extractos-fermentados\\\/filtrado-de-fermentacion-de-galactomyces\\\/#primaryimage\"},\"thumbnailUrl\":\"https:\\\/\\\/naturalpoland.com\\\/wp-content\\\/uploads\\\/filtrat-fermentacyjny-galactomyces.webp\",\"datePublished\":\"2025-08-25T11:57:07+00:00\",\"dateModified\":\"2025-08-26T08:40:11+00:00\",\"description\":\"El Filtrado de Galactomyces es un ingrediente cosm\u00e9tico valorado obtenido por fermentaci\u00f3n de levaduras Galactomyces.\",\"breadcrumb\":{\"@id\":\"https:\\\/\\\/naturalpoland.com\\\/es\\\/productos\\\/productos-para-la-industria-cosmetica\\\/extractos-fermentados\\\/filtrado-de-fermentacion-de-galactomyces\\\/#breadcrumb\"},\"inLanguage\":\"es\",\"potentialAction\":[{\"@type\":\"ReadAction\",\"target\":[\"https:\\\/\\\/naturalpoland.com\\\/es\\\/productos\\\/productos-para-la-industria-cosmetica\\\/extractos-fermentados\\\/filtrado-de-fermentacion-de-galactomyces\\\/\"]}]},{\"@type\":\"ImageObject\",\"inLanguage\":\"es\",\"@id\":\"https:\\\/\\\/naturalpoland.com\\\/es\\\/productos\\\/productos-para-la-industria-cosmetica\\\/extractos-fermentados\\\/filtrado-de-fermentacion-de-galactomyces\\\/#primaryimage\",\"url\":\"https:\\\/\\\/naturalpoland.com\\\/wp-content\\\/uploads\\\/filtrat-fermentacyjny-galactomyces.webp\",\"contentUrl\":\"https:\\\/\\\/naturalpoland.com\\\/wp-content\\\/uploads\\\/filtrat-fermentacyjny-galactomyces.webp\",\"width\":1024,\"height\":1024,\"caption\":\"Filtrat fermentacyjny Galactomyces\"},{\"@type\":\"BreadcrumbList\",\"@id\":\"https:\\\/\\\/naturalpoland.com\\\/es\\\/productos\\\/productos-para-la-industria-cosmetica\\\/extractos-fermentados\\\/filtrado-de-fermentacion-de-galactomyces\\\/#breadcrumb\",\"itemListElement\":[{\"@type\":\"ListItem\",\"position\":1,\"name\":\"Inicio\",\"item\":\"https:\\\/\\\/naturalpoland.com\\\/es\\\/\"},{\"@type\":\"ListItem\",\"position\":2,\"name\":\"Productos\",\"item\":\"https:\\\/\\\/naturalpoland.com\\\/es\\\/productos\\\/\"},{\"@type\":\"ListItem\",\"position\":3,\"name\":\"Filtrado de fermentaci\u00f3n de Galactomyces\"}]},{\"@type\":\"WebSite\",\"@id\":\"https:\\\/\\\/naturalpoland.com\\\/es\\\/#website\",\"url\":\"https:\\\/\\\/naturalpoland.com\\\/es\\\/\",\"name\":\"NATURAL POLAND - Distribuidor Mayorista de Materias Primas\",\"description\":\"Surowce dla przemys\u0142u spo\u017cywczego, kosmetycznego i farmaceutycznego\",\"publisher\":{\"@id\":\"https:\\\/\\\/naturalpoland.com\\\/es\\\/#organization\"},\"potentialAction\":[{\"@type\":\"SearchAction\",\"target\":{\"@type\":\"EntryPoint\",\"urlTemplate\":\"https:\\\/\\\/naturalpoland.com\\\/es\\\/?s={search_term_string}\"},\"query-input\":{\"@type\":\"PropertyValueSpecification\",\"valueRequired\":true,\"valueName\":\"search_term_string\"}}],\"inLanguage\":\"es\"},{\"@type\":\"Organization\",\"@id\":\"https:\\\/\\\/naturalpoland.com\\\/es\\\/#organization\",\"name\":\"Natural Poland\",\"url\":\"https:\\\/\\\/naturalpoland.com\\\/es\\\/\",\"logo\":{\"@type\":\"ImageObject\",\"inLanguage\":\"es\",\"@id\":\"https:\\\/\\\/naturalpoland.com\\\/es\\\/#\\\/schema\\\/logo\\\/image\\\/\",\"url\":\"https:\\\/\\\/naturalpoland.com\\\/wp-content\\\/uploads\\\/2021\\\/05\\\/natural-poland-icon.png\",\"contentUrl\":\"https:\\\/\\\/naturalpoland.com\\\/wp-content\\\/uploads\\\/2021\\\/05\\\/natural-poland-icon.png\",\"width\":512,\"height\":512,\"caption\":\"Natural Poland\"},\"image\":{\"@id\":\"https:\\\/\\\/naturalpoland.com\\\/es\\\/#\\\/schema\\\/logo\\\/image\\\/\"},\"sameAs\":[\"https:\\\/\\\/www.facebook.com\\\/naturalpoland.b2b\",\"https:\\\/\\\/pl.linkedin.com\\\/company\\\/natural-poland\",\"https:\\\/\\\/www.youtube.com\\\/channel\\\/UCgeGGkvOMahZo-xu_MSEWxg\"]}]}<\/script>\n<!-- \/ Yoast SEO plugin. -->","yoast_head_json":{"title":"Filtrado de fermentaci\u00f3n de Galactomyces - Distribuidor mayorista","description":"El Filtrado de Galactomyces es un ingrediente cosm\u00e9tico valorado obtenido por fermentaci\u00f3n de levaduras Galactomyces.","robots":{"index":"index","follow":"follow","max-snippet":"max-snippet:-1","max-image-preview":"max-image-preview:large","max-video-preview":"max-video-preview:-1"},"canonical":"https:\/\/naturalpoland.com\/es\/productos\/productos-para-la-industria-cosmetica\/extractos-fermentados\/filtrado-de-fermentacion-de-galactomyces\/","og_locale":"es_ES","og_type":"article","og_title":"Filtrado de fermentaci\u00f3n de Galactomyces - Distribuidor mayorista","og_description":"El Filtrado de Galactomyces es un ingrediente cosm\u00e9tico valorado obtenido por fermentaci\u00f3n de levaduras Galactomyces.","og_url":"https:\/\/naturalpoland.com\/es\/productos\/productos-para-la-industria-cosmetica\/extractos-fermentados\/filtrado-de-fermentacion-de-galactomyces\/","og_site_name":"NATURAL POLAND - Distribuidor Mayorista de Materias Primas","article_publisher":"https:\/\/www.facebook.com\/naturalpoland.b2b","article_modified_time":"2025-08-26T08:40:11+00:00","og_image":[{"width":1024,"height":1024,"url":"https:\/\/naturalpoland.com\/wp-content\/uploads\/filtrat-fermentacyjny-galactomyces.webp","type":"image\/webp"}],"schema":{"@context":"https:\/\/schema.org","@graph":[{"@type":"WebPage","@id":"https:\/\/naturalpoland.com\/es\/productos\/productos-para-la-industria-cosmetica\/extractos-fermentados\/filtrado-de-fermentacion-de-galactomyces\/","url":"https:\/\/naturalpoland.com\/es\/productos\/productos-para-la-industria-cosmetica\/extractos-fermentados\/filtrado-de-fermentacion-de-galactomyces\/","name":"Filtrado de fermentaci\u00f3n de Galactomyces - Distribuidor mayorista","isPartOf":{"@id":"https:\/\/naturalpoland.com\/es\/#website"},"primaryImageOfPage":{"@id":"https:\/\/naturalpoland.com\/es\/productos\/productos-para-la-industria-cosmetica\/extractos-fermentados\/filtrado-de-fermentacion-de-galactomyces\/#primaryimage"},"image":{"@id":"https:\/\/naturalpoland.com\/es\/productos\/productos-para-la-industria-cosmetica\/extractos-fermentados\/filtrado-de-fermentacion-de-galactomyces\/#primaryimage"},"thumbnailUrl":"https:\/\/naturalpoland.com\/wp-content\/uploads\/filtrat-fermentacyjny-galactomyces.webp","datePublished":"2025-08-25T11:57:07+00:00","dateModified":"2025-08-26T08:40:11+00:00","description":"El Filtrado de Galactomyces es un ingrediente cosm\u00e9tico valorado obtenido por fermentaci\u00f3n de levaduras Galactomyces.","breadcrumb":{"@id":"https:\/\/naturalpoland.com\/es\/productos\/productos-para-la-industria-cosmetica\/extractos-fermentados\/filtrado-de-fermentacion-de-galactomyces\/#breadcrumb"},"inLanguage":"es","potentialAction":[{"@type":"ReadAction","target":["https:\/\/naturalpoland.com\/es\/productos\/productos-para-la-industria-cosmetica\/extractos-fermentados\/filtrado-de-fermentacion-de-galactomyces\/"]}]},{"@type":"ImageObject","inLanguage":"es","@id":"https:\/\/naturalpoland.com\/es\/productos\/productos-para-la-industria-cosmetica\/extractos-fermentados\/filtrado-de-fermentacion-de-galactomyces\/#primaryimage","url":"https:\/\/naturalpoland.com\/wp-content\/uploads\/filtrat-fermentacyjny-galactomyces.webp","contentUrl":"https:\/\/naturalpoland.com\/wp-content\/uploads\/filtrat-fermentacyjny-galactomyces.webp","width":1024,"height":1024,"caption":"Filtrat fermentacyjny Galactomyces"},{"@type":"BreadcrumbList","@id":"https:\/\/naturalpoland.com\/es\/productos\/productos-para-la-industria-cosmetica\/extractos-fermentados\/filtrado-de-fermentacion-de-galactomyces\/#breadcrumb","itemListElement":[{"@type":"ListItem","position":1,"name":"Inicio","item":"https:\/\/naturalpoland.com\/es\/"},{"@type":"ListItem","position":2,"name":"Productos","item":"https:\/\/naturalpoland.com\/es\/productos\/"},{"@type":"ListItem","position":3,"name":"Filtrado de fermentaci\u00f3n de Galactomyces"}]},{"@type":"WebSite","@id":"https:\/\/naturalpoland.com\/es\/#website","url":"https:\/\/naturalpoland.com\/es\/","name":"NATURAL POLAND - Distribuidor Mayorista de Materias Primas","description":"Surowce dla przemys\u0142u spo\u017cywczego, kosmetycznego i farmaceutycznego","publisher":{"@id":"https:\/\/naturalpoland.com\/es\/#organization"},"potentialAction":[{"@type":"SearchAction","target":{"@type":"EntryPoint","urlTemplate":"https:\/\/naturalpoland.com\/es\/?s={search_term_string}"},"query-input":{"@type":"PropertyValueSpecification","valueRequired":true,"valueName":"search_term_string"}}],"inLanguage":"es"},{"@type":"Organization","@id":"https:\/\/naturalpoland.com\/es\/#organization","name":"Natural Poland","url":"https:\/\/naturalpoland.com\/es\/","logo":{"@type":"ImageObject","inLanguage":"es","@id":"https:\/\/naturalpoland.com\/es\/#\/schema\/logo\/image\/","url":"https:\/\/naturalpoland.com\/wp-content\/uploads\/2021\/05\/natural-poland-icon.png","contentUrl":"https:\/\/naturalpoland.com\/wp-content\/uploads\/2021\/05\/natural-poland-icon.png","width":512,"height":512,"caption":"Natural Poland"},"image":{"@id":"https:\/\/naturalpoland.com\/es\/#\/schema\/logo\/image\/"},"sameAs":["https:\/\/www.facebook.com\/naturalpoland.b2b","https:\/\/pl.linkedin.com\/company\/natural-poland","https:\/\/www.youtube.com\/channel\/UCgeGGkvOMahZo-xu_MSEWxg"]}]}},"_links":{"self":[{"href":"https:\/\/naturalpoland.com\/es\/wp-json\/wp\/v2\/product\/42995","targetHints":{"allow":["GET"]}}],"collection":[{"href":"https:\/\/naturalpoland.com\/es\/wp-json\/wp\/v2\/product"}],"about":[{"href":"https:\/\/naturalpoland.com\/es\/wp-json\/wp\/v2\/types\/product"}],"wp:featuredmedia":[{"embeddable":true,"href":"https:\/\/naturalpoland.com\/es\/wp-json\/wp\/v2\/media\/42912"}],"wp:attachment":[{"href":"https:\/\/naturalpoland.com\/es\/wp-json\/wp\/v2\/media?parent=42995"}],"wp:term":[{"taxonomy":"product_brand","embeddable":true,"href":"https:\/\/naturalpoland.com\/es\/wp-json\/wp\/v2\/product_brand?post=42995"},{"taxonomy":"product_cat","embeddable":true,"href":"https:\/\/naturalpoland.com\/es\/wp-json\/wp\/v2\/product_cat?post=42995"},{"taxonomy":"product_tag","embeddable":true,"href":"https:\/\/naturalpoland.com\/es\/wp-json\/wp\/v2\/product_tag?post=42995"}],"curies":[{"name":"wp","href":"https:\/\/api.w.org\/{rel}","templated":true}]}}