{"id":43110,"date":"2025-08-26T12:32:43","date_gmt":"2025-08-26T10:32:43","guid":{"rendered":"https:\/\/naturalpoland.com\/produkty\/sin categor\u00eda\/aroma-dulce-de-leche\/"},"modified":"2025-08-27T12:54:04","modified_gmt":"2025-08-27T10:54:04","slug":"aroma-dulce-de-leche","status":"publish","type":"product","link":"https:\/\/naturalpoland.com\/es\/productos\/productos-para-la-industria-alimentaria\/aromas-es\/aromas-de-postre\/aroma-dulce-de-leche\/","title":{"rendered":"Aroma dulce de leche"},"content":{"rendered":"<p><strong>El aroma natural dulce de leche l\u00edquido<\/strong> posee un perfil de leche dulce y c\u00e1lida tipo dulce de leche. Reproduce perfectamente el sabor y aroma del dulce de leche tradicional. <\/p>\n<ul>\n<li><strong>Limitaci\u00f3n de temperatura<\/strong>: no recomendado para tratamiento t\u00e9rmico<\/li>\n<li><strong>Aplicaciones:<\/strong> productos refrigerados, l\u00e1cteos, postres, cremas para pasteles, helados, suplementos con perfil de postre<\/li>\n<\/ul>\n<p><strong>El aroma l\u00edquido dulce de leche (portador: glicol)<\/strong> es la versi\u00f3n cl\u00e1sica con un perfil intenso y suave l\u00e1cteo-caramelizado. Gracias al contenido de glicol se distribuye bien en bases acuosas y grasas. <\/p>\n<ul>\n<li><strong>Aplicaciones:<\/strong> productos de confiter\u00eda, helados, rellenos, bebidas l\u00e1cteas, leches vegetales, cremas proteicas, barritas<\/li>\n<\/ul>\n<p>&nbsp;<\/p>\n<h2>Aplicaci\u00f3n del aroma Dulce de Leche<\/h2>\n<ul>\n<li>Productos l\u00e1cteos: leches saborizadas, k\u00e9fires, yogures, helados<\/li>\n<li>Postres y confiter\u00eda: rellenos, masas de dulce de leche, coberturas, pasteles, cremas<\/li>\n<li>Suplementos y productos nutricionales: batidos proteicos, polvos funcionales, tabletas efervescentes<\/li>\n<li>Productos veganos: aromatizaci\u00f3n de bebidas vegetales, postres y cremas a base de leche de coco, avena o almendra<\/li>\n<li>Farmacia y nutrac\u00e9uticos: enmascaramiento de sabores de principios activos<\/li>\n<\/ul>\n<p>&nbsp;<\/p>\n","protected":false},"excerpt":{"rendered":"<p><strong>El Aroma Dulce de Leche<\/strong> es una composici\u00f3n excepcionalmente apetitosa y cremosa inspirada en el tradicional manjar sudamericano: el dulce de leche. Se caracteriza por un perfil de sabor y aroma profundo, dulce, caramelizado-l\u00e1cteo, que evoca la leche condensada cocida, vainilla y delicadas notas de mantequilla. <\/p>\n","protected":false},"featured_media":43064,"template":"","meta":[],"product_brand":[],"product_cat":[7639],"product_tag":[],"class_list":{"0":"post-43110","1":"product","2":"type-product","3":"status-publish","4":"has-post-thumbnail","6":"product_cat-aromas-de-postre","8":"first","9":"instock","10":"shipping-taxable","11":"product-type-simple"},"yoast_head":"<!-- This site is optimized with the Yoast SEO plugin v27.3 - https:\/\/yoast.com\/product\/yoast-seo-wordpress\/ -->\n<title>Aroma dulce de leche - Distribuidor mayorista<\/title>\n<meta name=\"description\" content=\"El Aroma Dulce de Leche es una composici\u00f3n excepcionalmente apetitosa y cremosa inspirada en el tradicional manjar sudamericano: el dulce de leche.\" \/>\n<meta name=\"robots\" content=\"index, follow, max-snippet:-1, max-image-preview:large, max-video-preview:-1\" \/>\n<link rel=\"canonical\" href=\"https:\/\/naturalpoland.com\/es\/productos\/productos-para-la-industria-alimentaria\/aromas-es\/aromas-de-postre\/aroma-dulce-de-leche\/\" \/>\n<meta property=\"og:locale\" content=\"es_ES\" \/>\n<meta property=\"og:type\" content=\"article\" \/>\n<meta property=\"og:title\" content=\"Aroma dulce de leche - Distribuidor mayorista\" \/>\n<meta property=\"og:description\" content=\"El Aroma Dulce de Leche es una composici\u00f3n excepcionalmente apetitosa y cremosa inspirada en el tradicional manjar sudamericano: el dulce de leche.\" \/>\n<meta property=\"og:url\" content=\"https:\/\/naturalpoland.com\/es\/productos\/productos-para-la-industria-alimentaria\/aromas-es\/aromas-de-postre\/aroma-dulce-de-leche\/\" \/>\n<meta property=\"og:site_name\" content=\"NATURAL POLAND - Distribuidor Mayorista de Materias Primas\" \/>\n<meta property=\"article:publisher\" content=\"https:\/\/www.facebook.com\/naturalpoland.b2b\" \/>\n<meta property=\"article:modified_time\" content=\"2025-08-27T10:54:04+00:00\" \/>\n<meta property=\"og:image\" content=\"https:\/\/naturalpoland.com\/wp-content\/uploads\/aromat-dulce-de-leche.webp\" \/>\n\t<meta property=\"og:image:width\" content=\"1024\" \/>\n\t<meta property=\"og:image:height\" content=\"1024\" \/>\n\t<meta property=\"og:image:type\" content=\"image\/webp\" \/>\n<script type=\"application\/ld+json\" class=\"yoast-schema-graph\">{\"@context\":\"https:\\\/\\\/schema.org\",\"@graph\":[{\"@type\":\"WebPage\",\"@id\":\"https:\\\/\\\/naturalpoland.com\\\/es\\\/productos\\\/productos-para-la-industria-alimentaria\\\/aromas-es\\\/aromas-de-postre\\\/aroma-dulce-de-leche\\\/\",\"url\":\"https:\\\/\\\/naturalpoland.com\\\/es\\\/productos\\\/productos-para-la-industria-alimentaria\\\/aromas-es\\\/aromas-de-postre\\\/aroma-dulce-de-leche\\\/\",\"name\":\"Aroma dulce de leche - Distribuidor mayorista\",\"isPartOf\":{\"@id\":\"https:\\\/\\\/naturalpoland.com\\\/es\\\/#website\"},\"primaryImageOfPage\":{\"@id\":\"https:\\\/\\\/naturalpoland.com\\\/es\\\/productos\\\/productos-para-la-industria-alimentaria\\\/aromas-es\\\/aromas-de-postre\\\/aroma-dulce-de-leche\\\/#primaryimage\"},\"image\":{\"@id\":\"https:\\\/\\\/naturalpoland.com\\\/es\\\/productos\\\/productos-para-la-industria-alimentaria\\\/aromas-es\\\/aromas-de-postre\\\/aroma-dulce-de-leche\\\/#primaryimage\"},\"thumbnailUrl\":\"https:\\\/\\\/naturalpoland.com\\\/wp-content\\\/uploads\\\/aromat-dulce-de-leche.webp\",\"datePublished\":\"2025-08-26T10:32:43+00:00\",\"dateModified\":\"2025-08-27T10:54:04+00:00\",\"description\":\"El Aroma Dulce de Leche es una composici\u00f3n excepcionalmente apetitosa y cremosa inspirada en el tradicional manjar sudamericano: el dulce de leche.\",\"breadcrumb\":{\"@id\":\"https:\\\/\\\/naturalpoland.com\\\/es\\\/productos\\\/productos-para-la-industria-alimentaria\\\/aromas-es\\\/aromas-de-postre\\\/aroma-dulce-de-leche\\\/#breadcrumb\"},\"inLanguage\":\"es\",\"potentialAction\":[{\"@type\":\"ReadAction\",\"target\":[\"https:\\\/\\\/naturalpoland.com\\\/es\\\/productos\\\/productos-para-la-industria-alimentaria\\\/aromas-es\\\/aromas-de-postre\\\/aroma-dulce-de-leche\\\/\"]}]},{\"@type\":\"ImageObject\",\"inLanguage\":\"es\",\"@id\":\"https:\\\/\\\/naturalpoland.com\\\/es\\\/productos\\\/productos-para-la-industria-alimentaria\\\/aromas-es\\\/aromas-de-postre\\\/aroma-dulce-de-leche\\\/#primaryimage\",\"url\":\"https:\\\/\\\/naturalpoland.com\\\/wp-content\\\/uploads\\\/aromat-dulce-de-leche.webp\",\"contentUrl\":\"https:\\\/\\\/naturalpoland.com\\\/wp-content\\\/uploads\\\/aromat-dulce-de-leche.webp\",\"width\":1024,\"height\":1024,\"caption\":\"Aromat p\u0142ynny Dulce de Leche\"},{\"@type\":\"BreadcrumbList\",\"@id\":\"https:\\\/\\\/naturalpoland.com\\\/es\\\/productos\\\/productos-para-la-industria-alimentaria\\\/aromas-es\\\/aromas-de-postre\\\/aroma-dulce-de-leche\\\/#breadcrumb\",\"itemListElement\":[{\"@type\":\"ListItem\",\"position\":1,\"name\":\"Inicio\",\"item\":\"https:\\\/\\\/naturalpoland.com\\\/es\\\/\"},{\"@type\":\"ListItem\",\"position\":2,\"name\":\"Productos\",\"item\":\"https:\\\/\\\/naturalpoland.com\\\/es\\\/productos\\\/\"},{\"@type\":\"ListItem\",\"position\":3,\"name\":\"Aroma dulce de leche\"}]},{\"@type\":\"WebSite\",\"@id\":\"https:\\\/\\\/naturalpoland.com\\\/es\\\/#website\",\"url\":\"https:\\\/\\\/naturalpoland.com\\\/es\\\/\",\"name\":\"NATURAL POLAND - Distribuidor Mayorista de Materias Primas\",\"description\":\"Surowce dla przemys\u0142u spo\u017cywczego, kosmetycznego i farmaceutycznego\",\"publisher\":{\"@id\":\"https:\\\/\\\/naturalpoland.com\\\/es\\\/#organization\"},\"potentialAction\":[{\"@type\":\"SearchAction\",\"target\":{\"@type\":\"EntryPoint\",\"urlTemplate\":\"https:\\\/\\\/naturalpoland.com\\\/es\\\/?s={search_term_string}\"},\"query-input\":{\"@type\":\"PropertyValueSpecification\",\"valueRequired\":true,\"valueName\":\"search_term_string\"}}],\"inLanguage\":\"es\"},{\"@type\":\"Organization\",\"@id\":\"https:\\\/\\\/naturalpoland.com\\\/es\\\/#organization\",\"name\":\"Natural Poland\",\"url\":\"https:\\\/\\\/naturalpoland.com\\\/es\\\/\",\"logo\":{\"@type\":\"ImageObject\",\"inLanguage\":\"es\",\"@id\":\"https:\\\/\\\/naturalpoland.com\\\/es\\\/#\\\/schema\\\/logo\\\/image\\\/\",\"url\":\"https:\\\/\\\/naturalpoland.com\\\/wp-content\\\/uploads\\\/2021\\\/05\\\/natural-poland-icon.png\",\"contentUrl\":\"https:\\\/\\\/naturalpoland.com\\\/wp-content\\\/uploads\\\/2021\\\/05\\\/natural-poland-icon.png\",\"width\":512,\"height\":512,\"caption\":\"Natural Poland\"},\"image\":{\"@id\":\"https:\\\/\\\/naturalpoland.com\\\/es\\\/#\\\/schema\\\/logo\\\/image\\\/\"},\"sameAs\":[\"https:\\\/\\\/www.facebook.com\\\/naturalpoland.b2b\",\"https:\\\/\\\/pl.linkedin.com\\\/company\\\/natural-poland\",\"https:\\\/\\\/www.youtube.com\\\/channel\\\/UCgeGGkvOMahZo-xu_MSEWxg\"]}]}<\/script>\n<!-- \/ Yoast SEO plugin. -->","yoast_head_json":{"title":"Aroma dulce de leche - Distribuidor mayorista","description":"El Aroma Dulce de Leche es una composici\u00f3n excepcionalmente apetitosa y cremosa inspirada en el tradicional manjar sudamericano: el dulce de leche.","robots":{"index":"index","follow":"follow","max-snippet":"max-snippet:-1","max-image-preview":"max-image-preview:large","max-video-preview":"max-video-preview:-1"},"canonical":"https:\/\/naturalpoland.com\/es\/productos\/productos-para-la-industria-alimentaria\/aromas-es\/aromas-de-postre\/aroma-dulce-de-leche\/","og_locale":"es_ES","og_type":"article","og_title":"Aroma dulce de leche - Distribuidor mayorista","og_description":"El Aroma Dulce de Leche es una composici\u00f3n excepcionalmente apetitosa y cremosa inspirada en el tradicional manjar sudamericano: el dulce de leche.","og_url":"https:\/\/naturalpoland.com\/es\/productos\/productos-para-la-industria-alimentaria\/aromas-es\/aromas-de-postre\/aroma-dulce-de-leche\/","og_site_name":"NATURAL POLAND - Distribuidor Mayorista de Materias Primas","article_publisher":"https:\/\/www.facebook.com\/naturalpoland.b2b","article_modified_time":"2025-08-27T10:54:04+00:00","og_image":[{"width":1024,"height":1024,"url":"https:\/\/naturalpoland.com\/wp-content\/uploads\/aromat-dulce-de-leche.webp","type":"image\/webp"}],"schema":{"@context":"https:\/\/schema.org","@graph":[{"@type":"WebPage","@id":"https:\/\/naturalpoland.com\/es\/productos\/productos-para-la-industria-alimentaria\/aromas-es\/aromas-de-postre\/aroma-dulce-de-leche\/","url":"https:\/\/naturalpoland.com\/es\/productos\/productos-para-la-industria-alimentaria\/aromas-es\/aromas-de-postre\/aroma-dulce-de-leche\/","name":"Aroma dulce de leche - Distribuidor mayorista","isPartOf":{"@id":"https:\/\/naturalpoland.com\/es\/#website"},"primaryImageOfPage":{"@id":"https:\/\/naturalpoland.com\/es\/productos\/productos-para-la-industria-alimentaria\/aromas-es\/aromas-de-postre\/aroma-dulce-de-leche\/#primaryimage"},"image":{"@id":"https:\/\/naturalpoland.com\/es\/productos\/productos-para-la-industria-alimentaria\/aromas-es\/aromas-de-postre\/aroma-dulce-de-leche\/#primaryimage"},"thumbnailUrl":"https:\/\/naturalpoland.com\/wp-content\/uploads\/aromat-dulce-de-leche.webp","datePublished":"2025-08-26T10:32:43+00:00","dateModified":"2025-08-27T10:54:04+00:00","description":"El Aroma Dulce de Leche es una composici\u00f3n excepcionalmente apetitosa y cremosa inspirada en el tradicional manjar sudamericano: el dulce de leche.","breadcrumb":{"@id":"https:\/\/naturalpoland.com\/es\/productos\/productos-para-la-industria-alimentaria\/aromas-es\/aromas-de-postre\/aroma-dulce-de-leche\/#breadcrumb"},"inLanguage":"es","potentialAction":[{"@type":"ReadAction","target":["https:\/\/naturalpoland.com\/es\/productos\/productos-para-la-industria-alimentaria\/aromas-es\/aromas-de-postre\/aroma-dulce-de-leche\/"]}]},{"@type":"ImageObject","inLanguage":"es","@id":"https:\/\/naturalpoland.com\/es\/productos\/productos-para-la-industria-alimentaria\/aromas-es\/aromas-de-postre\/aroma-dulce-de-leche\/#primaryimage","url":"https:\/\/naturalpoland.com\/wp-content\/uploads\/aromat-dulce-de-leche.webp","contentUrl":"https:\/\/naturalpoland.com\/wp-content\/uploads\/aromat-dulce-de-leche.webp","width":1024,"height":1024,"caption":"Aromat p\u0142ynny Dulce de Leche"},{"@type":"BreadcrumbList","@id":"https:\/\/naturalpoland.com\/es\/productos\/productos-para-la-industria-alimentaria\/aromas-es\/aromas-de-postre\/aroma-dulce-de-leche\/#breadcrumb","itemListElement":[{"@type":"ListItem","position":1,"name":"Inicio","item":"https:\/\/naturalpoland.com\/es\/"},{"@type":"ListItem","position":2,"name":"Productos","item":"https:\/\/naturalpoland.com\/es\/productos\/"},{"@type":"ListItem","position":3,"name":"Aroma dulce de leche"}]},{"@type":"WebSite","@id":"https:\/\/naturalpoland.com\/es\/#website","url":"https:\/\/naturalpoland.com\/es\/","name":"NATURAL POLAND - Distribuidor Mayorista de Materias Primas","description":"Surowce dla przemys\u0142u spo\u017cywczego, kosmetycznego i farmaceutycznego","publisher":{"@id":"https:\/\/naturalpoland.com\/es\/#organization"},"potentialAction":[{"@type":"SearchAction","target":{"@type":"EntryPoint","urlTemplate":"https:\/\/naturalpoland.com\/es\/?s={search_term_string}"},"query-input":{"@type":"PropertyValueSpecification","valueRequired":true,"valueName":"search_term_string"}}],"inLanguage":"es"},{"@type":"Organization","@id":"https:\/\/naturalpoland.com\/es\/#organization","name":"Natural Poland","url":"https:\/\/naturalpoland.com\/es\/","logo":{"@type":"ImageObject","inLanguage":"es","@id":"https:\/\/naturalpoland.com\/es\/#\/schema\/logo\/image\/","url":"https:\/\/naturalpoland.com\/wp-content\/uploads\/2021\/05\/natural-poland-icon.png","contentUrl":"https:\/\/naturalpoland.com\/wp-content\/uploads\/2021\/05\/natural-poland-icon.png","width":512,"height":512,"caption":"Natural Poland"},"image":{"@id":"https:\/\/naturalpoland.com\/es\/#\/schema\/logo\/image\/"},"sameAs":["https:\/\/www.facebook.com\/naturalpoland.b2b","https:\/\/pl.linkedin.com\/company\/natural-poland","https:\/\/www.youtube.com\/channel\/UCgeGGkvOMahZo-xu_MSEWxg"]}]}},"_links":{"self":[{"href":"https:\/\/naturalpoland.com\/es\/wp-json\/wp\/v2\/product\/43110","targetHints":{"allow":["GET"]}}],"collection":[{"href":"https:\/\/naturalpoland.com\/es\/wp-json\/wp\/v2\/product"}],"about":[{"href":"https:\/\/naturalpoland.com\/es\/wp-json\/wp\/v2\/types\/product"}],"wp:featuredmedia":[{"embeddable":true,"href":"https:\/\/naturalpoland.com\/es\/wp-json\/wp\/v2\/media\/43064"}],"wp:attachment":[{"href":"https:\/\/naturalpoland.com\/es\/wp-json\/wp\/v2\/media?parent=43110"}],"wp:term":[{"taxonomy":"product_brand","embeddable":true,"href":"https:\/\/naturalpoland.com\/es\/wp-json\/wp\/v2\/product_brand?post=43110"},{"taxonomy":"product_cat","embeddable":true,"href":"https:\/\/naturalpoland.com\/es\/wp-json\/wp\/v2\/product_cat?post=43110"},{"taxonomy":"product_tag","embeddable":true,"href":"https:\/\/naturalpoland.com\/es\/wp-json\/wp\/v2\/product_tag?post=43110"}],"curies":[{"name":"wp","href":"https:\/\/api.w.org\/{rel}","templated":true}]}}