{"id":45046,"date":"2026-01-15T13:07:17","date_gmt":"2026-01-15T12:07:17","guid":{"rendered":"https:\/\/naturalpoland.com\/produkty\/sin categor\u00eda\/extracto-de-semilla-de-amaranto\/"},"modified":"2026-01-15T13:22:44","modified_gmt":"2026-01-15T12:22:44","slug":"extracto-de-semilla-de-amaranto","status":"publish","type":"product","link":"https:\/\/naturalpoland.com\/es\/productos\/extractos-de-plantas\/extracto-de-semilla-de-amaranto\/","title":{"rendered":"Extracto de semilla de amaranto"},"content":{"rendered":"<h2>Caracter\u00edsticas del extracto<\/h2>\n<p>La extracci\u00f3n supercr\u00edtica (SFE) es un proceso de obtenci\u00f3n de la fracci\u00f3n lip\u00eddica orientado a preservar los componentes sensibles a la temperatura y la oxidaci\u00f3n, limitando al mismo tiempo los residuos de disolventes. La materia prima tiene un olor caracter\u00edstico a aceite, es insoluble en agua y est\u00e1 destinada a aplicaciones en formulaciones en las que el confort sensorial, el apoyo a la barrera cut\u00e1nea y la protecci\u00f3n antioxidante son importantes. <\/p>\n<p>La caracter\u00edstica m\u00e1s importante de este aceite es el <strong>contenido de escualeno<\/strong> (CAS 111-02-4) en un nivel del 6,03 % (especificaci\u00f3n: &gt;6 %). El escualeno es un componente lip\u00eddico natural y fisiol\u00f3gicamente compatible presente, entre otros, en el sebo, apreciado en cosm\u00e9tica por su efecto sobre la suavidad, la elasticidad y la sensaci\u00f3n de hidrataci\u00f3n de la piel. En el caso del aceite de amaranto, el escualeno coexiste con una fracci\u00f3n de \u00e1cidos grasos y tocoferoles.   <\/p>\n<h2>Propiedades y acci\u00f3n del extracto de semilla de amaranto<\/h2>\n<p>El perfil lip\u00eddico del extracto indica un alto contenido de \u00e1cidos grasos insaturados, en particular <strong>\u00e1cido linoleico (48,73 %)<\/strong> y <strong>\u00e1cido oleico (25,36 %)<\/strong>, con una participaci\u00f3n simult\u00e1nea de fracciones saturadas como el <strong>\u00e1cido palm\u00edtico (19,62 %)<\/strong> y el <strong>este\u00e1rico (3,45 %)<\/strong>. Esta disposici\u00f3n favorece la construcci\u00f3n de una fase oleosa agradable y \u00abnutritiva\u00bb: el \u00e1cido linoleico se asocia t\u00edpicamente con el cuidado de la piel que requiere el fortalecimiento de la capa lip\u00eddica y la mejora del confort, y la fracci\u00f3n oleica aporta elasticidad y buenas propiedades de aplicaci\u00f3n. <\/p>\n<p>Al mismo tiempo, la materia prima destaca por su <strong>alto contenido de tocoferoles<\/strong>: \u03b1-tocoferol 759 ppm y \u03b3-tocoferol 413 ppm (con requisitos de &gt;500 ppm y &gt;100 ppm respectivamente). Los tocoferoles desempe\u00f1an un doble papel en las formulaciones: por un lado, son antioxidantes naturales que favorecen la protecci\u00f3n de los l\u00edpidos contra la oxidaci\u00f3n y, por otro, son un ingrediente para el cuidado de la piel que encaja bien en el concepto de productos de \u00abcuidado antioxidante\u00bb. <\/p>\n<p>En la pr\u00e1ctica tecnol\u00f3gica, el aceite de amaranto se elige a veces para formulaciones que tienen como objetivo <strong>mejorar la suavidad y la elasticidad de la piel<\/strong>, potenciar la sensaci\u00f3n de \u00abhidrataci\u00f3n lip\u00eddica\u00bb y aumentar el confort de la piel seca o irritada ocasionalmente.<\/p>\n<h2>Aplicaci\u00f3n del extracto de amaranto<\/h2>\n<p>Debido a su forma oleosa e insolubilidad en agua, el extracto de amaranto es adecuado como componente de la fase oleosa en una amplia gama de productos. Es un complemento natural para cremas y emulsiones O\/W y W\/O, lociones corporales, aceites de cuidado y s\u00e9rums oleosos, as\u00ed como para formulaciones protectoras en las que es importante mejorar el confort de la piel y reducir la sensaci\u00f3n de sequedad. Encaja bien con los cosm\u00e9ticos \u00abpremium lipid care\u00bb, ya que combina en una sola fracci\u00f3n escualeno, \u00e1cidos grasos insaturados y tocoferoles.  <\/p>\n<p>En las formulaciones faciales, puede ser un elemento de la fase oleosa que construye una sensaci\u00f3n de suavidad y tersura, mientras que en los productos corporales puede favorecer el efecto de nutrici\u00f3n y mejora de la elasticidad de la piel. Debido a su perfil de \u00e1cidos grasos, la materia prima tambi\u00e9n puede ser interesante en el cuidado en el que el objetivo es fortalecer la capa lip\u00eddica de la epidermis (por ejemplo, en pieles secas o que requieren regeneraci\u00f3n). <\/p>\n<p>&nbsp;<\/p>\n<p>El producto no tiene soporte y est\u00e1 estabilizado con la adici\u00f3n de un 0,5 % de antioxidante natural de romero (E392). Esto es especialmente importante para las personas que dise\u00f1an recetas basadas en \u00abclean label\u00bb y sistemas antioxidantes naturales. <\/p>\n","protected":false},"excerpt":{"rendered":"<p>El <strong>extracto de semilla de amaranto<\/strong> (Amaranthus caudatus) es un aceite vegetal de color amarillo dorado que se obtiene de semillas secas mediante extracci\u00f3n supercr\u00edtica (SFE).<\/p>\n","protected":false},"featured_media":45047,"template":"","meta":{"_acf_changed":false},"product_brand":[],"product_cat":[1079],"product_tag":[],"class_list":{"0":"post-45046","1":"product","2":"type-product","3":"status-publish","4":"has-post-thumbnail","6":"product_cat-extractos-de-plantas","7":"pa_czesc-rosliny-semillas","9":"first","10":"instock","11":"shipping-taxable","12":"product-type-simple"},"acf":[],"yoast_head":"<!-- This site is optimized with the Yoast SEO plugin v27.4 - https:\/\/yoast.com\/product\/yoast-seo-wordpress\/ -->\n<title>Extracto de semilla de amaranto - Distribuidor mayorista<\/title>\n<meta name=\"description\" content=\"Aceite de amaranto rico en escualeno y tocoferoles. Aceite de color amarillo dorado para formulaciones cosm\u00e9ticas que favorecen la elasticidad y el confort de la piel.\" \/>\n<meta name=\"robots\" content=\"index, follow, max-snippet:-1, max-image-preview:large, max-video-preview:-1\" \/>\n<link rel=\"canonical\" href=\"https:\/\/naturalpoland.com\/es\/productos\/extractos-de-plantas\/extracto-de-semilla-de-amaranto\/\" \/>\n<meta property=\"og:locale\" content=\"es_ES\" \/>\n<meta property=\"og:type\" content=\"article\" \/>\n<meta property=\"og:title\" content=\"Extracto de semilla de amaranto - Distribuidor mayorista\" \/>\n<meta property=\"og:description\" content=\"Aceite de amaranto rico en escualeno y tocoferoles. Aceite de color amarillo dorado para formulaciones cosm\u00e9ticas que favorecen la elasticidad y el confort de la piel.\" \/>\n<meta property=\"og:url\" content=\"https:\/\/naturalpoland.com\/es\/productos\/extractos-de-plantas\/extracto-de-semilla-de-amaranto\/\" \/>\n<meta property=\"og:site_name\" content=\"NATURAL POLAND - Distribuidor Mayorista de Materias Primas\" \/>\n<meta property=\"article:publisher\" content=\"https:\/\/www.facebook.com\/naturalpoland.b2b\" \/>\n<meta property=\"article:modified_time\" content=\"2026-01-15T12:22:44+00:00\" \/>\n<meta property=\"og:image\" content=\"https:\/\/naturalpoland.com\/wp-content\/uploads\/ekstrakt-z-nasion-amarantu.webp\" \/>\n\t<meta property=\"og:image:width\" content=\"1024\" \/>\n\t<meta property=\"og:image:height\" content=\"1024\" \/>\n\t<meta property=\"og:image:type\" content=\"image\/webp\" \/>\n<script type=\"application\/ld+json\" class=\"yoast-schema-graph\">{\"@context\":\"https:\\\/\\\/schema.org\",\"@graph\":[{\"@type\":\"WebPage\",\"@id\":\"https:\\\/\\\/naturalpoland.com\\\/es\\\/productos\\\/extractos-de-plantas\\\/extracto-de-semilla-de-amaranto\\\/\",\"url\":\"https:\\\/\\\/naturalpoland.com\\\/es\\\/productos\\\/extractos-de-plantas\\\/extracto-de-semilla-de-amaranto\\\/\",\"name\":\"Extracto de semilla de amaranto - Distribuidor mayorista\",\"isPartOf\":{\"@id\":\"https:\\\/\\\/naturalpoland.com\\\/es\\\/#website\"},\"primaryImageOfPage\":{\"@id\":\"https:\\\/\\\/naturalpoland.com\\\/es\\\/productos\\\/extractos-de-plantas\\\/extracto-de-semilla-de-amaranto\\\/#primaryimage\"},\"image\":{\"@id\":\"https:\\\/\\\/naturalpoland.com\\\/es\\\/productos\\\/extractos-de-plantas\\\/extracto-de-semilla-de-amaranto\\\/#primaryimage\"},\"thumbnailUrl\":\"https:\\\/\\\/naturalpoland.com\\\/wp-content\\\/uploads\\\/ekstrakt-z-nasion-amarantu.webp\",\"datePublished\":\"2026-01-15T12:07:17+00:00\",\"dateModified\":\"2026-01-15T12:22:44+00:00\",\"description\":\"Aceite de amaranto rico en escualeno y tocoferoles. Aceite de color amarillo dorado para formulaciones cosm\u00e9ticas que favorecen la elasticidad y el confort de la piel.\",\"breadcrumb\":{\"@id\":\"https:\\\/\\\/naturalpoland.com\\\/es\\\/productos\\\/extractos-de-plantas\\\/extracto-de-semilla-de-amaranto\\\/#breadcrumb\"},\"inLanguage\":\"es\",\"potentialAction\":[{\"@type\":\"ReadAction\",\"target\":[\"https:\\\/\\\/naturalpoland.com\\\/es\\\/productos\\\/extractos-de-plantas\\\/extracto-de-semilla-de-amaranto\\\/\"]}]},{\"@type\":\"ImageObject\",\"inLanguage\":\"es\",\"@id\":\"https:\\\/\\\/naturalpoland.com\\\/es\\\/productos\\\/extractos-de-plantas\\\/extracto-de-semilla-de-amaranto\\\/#primaryimage\",\"url\":\"https:\\\/\\\/naturalpoland.com\\\/wp-content\\\/uploads\\\/ekstrakt-z-nasion-amarantu.webp\",\"contentUrl\":\"https:\\\/\\\/naturalpoland.com\\\/wp-content\\\/uploads\\\/ekstrakt-z-nasion-amarantu.webp\",\"width\":1024,\"height\":1024,\"caption\":\"extracto de semilla de amaranto\"},{\"@type\":\"BreadcrumbList\",\"@id\":\"https:\\\/\\\/naturalpoland.com\\\/es\\\/productos\\\/extractos-de-plantas\\\/extracto-de-semilla-de-amaranto\\\/#breadcrumb\",\"itemListElement\":[{\"@type\":\"ListItem\",\"position\":1,\"name\":\"Inicio\",\"item\":\"https:\\\/\\\/naturalpoland.com\\\/es\\\/\"},{\"@type\":\"ListItem\",\"position\":2,\"name\":\"Productos\",\"item\":\"https:\\\/\\\/naturalpoland.com\\\/es\\\/productos\\\/\"},{\"@type\":\"ListItem\",\"position\":3,\"name\":\"Extracto de semilla de amaranto\"}]},{\"@type\":\"WebSite\",\"@id\":\"https:\\\/\\\/naturalpoland.com\\\/es\\\/#website\",\"url\":\"https:\\\/\\\/naturalpoland.com\\\/es\\\/\",\"name\":\"NATURAL POLAND - Distribuidor Mayorista de Materias Primas\",\"description\":\"Surowce dla przemys\u0142u spo\u017cywczego, kosmetycznego i farmaceutycznego\",\"publisher\":{\"@id\":\"https:\\\/\\\/naturalpoland.com\\\/es\\\/#organization\"},\"potentialAction\":[{\"@type\":\"SearchAction\",\"target\":{\"@type\":\"EntryPoint\",\"urlTemplate\":\"https:\\\/\\\/naturalpoland.com\\\/es\\\/?s={search_term_string}\"},\"query-input\":{\"@type\":\"PropertyValueSpecification\",\"valueRequired\":true,\"valueName\":\"search_term_string\"}}],\"inLanguage\":\"es\"},{\"@type\":\"Organization\",\"@id\":\"https:\\\/\\\/naturalpoland.com\\\/es\\\/#organization\",\"name\":\"Natural Poland\",\"url\":\"https:\\\/\\\/naturalpoland.com\\\/es\\\/\",\"logo\":{\"@type\":\"ImageObject\",\"inLanguage\":\"es\",\"@id\":\"https:\\\/\\\/naturalpoland.com\\\/es\\\/#\\\/schema\\\/logo\\\/image\\\/\",\"url\":\"https:\\\/\\\/naturalpoland.com\\\/wp-content\\\/uploads\\\/2021\\\/05\\\/natural-poland-icon.png\",\"contentUrl\":\"https:\\\/\\\/naturalpoland.com\\\/wp-content\\\/uploads\\\/2021\\\/05\\\/natural-poland-icon.png\",\"width\":512,\"height\":512,\"caption\":\"Natural Poland\"},\"image\":{\"@id\":\"https:\\\/\\\/naturalpoland.com\\\/es\\\/#\\\/schema\\\/logo\\\/image\\\/\"},\"sameAs\":[\"https:\\\/\\\/www.facebook.com\\\/naturalpoland.b2b\",\"https:\\\/\\\/pl.linkedin.com\\\/company\\\/natural-poland\",\"https:\\\/\\\/www.youtube.com\\\/channel\\\/UCgeGGkvOMahZo-xu_MSEWxg\"]}]}<\/script>\n<!-- \/ Yoast SEO plugin. -->","yoast_head_json":{"title":"Extracto de semilla de amaranto - Distribuidor mayorista","description":"Aceite de amaranto rico en escualeno y tocoferoles. Aceite de color amarillo dorado para formulaciones cosm\u00e9ticas que favorecen la elasticidad y el confort de la piel.","robots":{"index":"index","follow":"follow","max-snippet":"max-snippet:-1","max-image-preview":"max-image-preview:large","max-video-preview":"max-video-preview:-1"},"canonical":"https:\/\/naturalpoland.com\/es\/productos\/extractos-de-plantas\/extracto-de-semilla-de-amaranto\/","og_locale":"es_ES","og_type":"article","og_title":"Extracto de semilla de amaranto - Distribuidor mayorista","og_description":"Aceite de amaranto rico en escualeno y tocoferoles. Aceite de color amarillo dorado para formulaciones cosm\u00e9ticas que favorecen la elasticidad y el confort de la piel.","og_url":"https:\/\/naturalpoland.com\/es\/productos\/extractos-de-plantas\/extracto-de-semilla-de-amaranto\/","og_site_name":"NATURAL POLAND - Distribuidor Mayorista de Materias Primas","article_publisher":"https:\/\/www.facebook.com\/naturalpoland.b2b","article_modified_time":"2026-01-15T12:22:44+00:00","og_image":[{"width":1024,"height":1024,"url":"https:\/\/naturalpoland.com\/wp-content\/uploads\/ekstrakt-z-nasion-amarantu.webp","type":"image\/webp"}],"schema":{"@context":"https:\/\/schema.org","@graph":[{"@type":"WebPage","@id":"https:\/\/naturalpoland.com\/es\/productos\/extractos-de-plantas\/extracto-de-semilla-de-amaranto\/","url":"https:\/\/naturalpoland.com\/es\/productos\/extractos-de-plantas\/extracto-de-semilla-de-amaranto\/","name":"Extracto de semilla de amaranto - Distribuidor mayorista","isPartOf":{"@id":"https:\/\/naturalpoland.com\/es\/#website"},"primaryImageOfPage":{"@id":"https:\/\/naturalpoland.com\/es\/productos\/extractos-de-plantas\/extracto-de-semilla-de-amaranto\/#primaryimage"},"image":{"@id":"https:\/\/naturalpoland.com\/es\/productos\/extractos-de-plantas\/extracto-de-semilla-de-amaranto\/#primaryimage"},"thumbnailUrl":"https:\/\/naturalpoland.com\/wp-content\/uploads\/ekstrakt-z-nasion-amarantu.webp","datePublished":"2026-01-15T12:07:17+00:00","dateModified":"2026-01-15T12:22:44+00:00","description":"Aceite de amaranto rico en escualeno y tocoferoles. Aceite de color amarillo dorado para formulaciones cosm\u00e9ticas que favorecen la elasticidad y el confort de la piel.","breadcrumb":{"@id":"https:\/\/naturalpoland.com\/es\/productos\/extractos-de-plantas\/extracto-de-semilla-de-amaranto\/#breadcrumb"},"inLanguage":"es","potentialAction":[{"@type":"ReadAction","target":["https:\/\/naturalpoland.com\/es\/productos\/extractos-de-plantas\/extracto-de-semilla-de-amaranto\/"]}]},{"@type":"ImageObject","inLanguage":"es","@id":"https:\/\/naturalpoland.com\/es\/productos\/extractos-de-plantas\/extracto-de-semilla-de-amaranto\/#primaryimage","url":"https:\/\/naturalpoland.com\/wp-content\/uploads\/ekstrakt-z-nasion-amarantu.webp","contentUrl":"https:\/\/naturalpoland.com\/wp-content\/uploads\/ekstrakt-z-nasion-amarantu.webp","width":1024,"height":1024,"caption":"extracto de semilla de amaranto"},{"@type":"BreadcrumbList","@id":"https:\/\/naturalpoland.com\/es\/productos\/extractos-de-plantas\/extracto-de-semilla-de-amaranto\/#breadcrumb","itemListElement":[{"@type":"ListItem","position":1,"name":"Inicio","item":"https:\/\/naturalpoland.com\/es\/"},{"@type":"ListItem","position":2,"name":"Productos","item":"https:\/\/naturalpoland.com\/es\/productos\/"},{"@type":"ListItem","position":3,"name":"Extracto de semilla de amaranto"}]},{"@type":"WebSite","@id":"https:\/\/naturalpoland.com\/es\/#website","url":"https:\/\/naturalpoland.com\/es\/","name":"NATURAL POLAND - Distribuidor Mayorista de Materias Primas","description":"Surowce dla przemys\u0142u spo\u017cywczego, kosmetycznego i farmaceutycznego","publisher":{"@id":"https:\/\/naturalpoland.com\/es\/#organization"},"potentialAction":[{"@type":"SearchAction","target":{"@type":"EntryPoint","urlTemplate":"https:\/\/naturalpoland.com\/es\/?s={search_term_string}"},"query-input":{"@type":"PropertyValueSpecification","valueRequired":true,"valueName":"search_term_string"}}],"inLanguage":"es"},{"@type":"Organization","@id":"https:\/\/naturalpoland.com\/es\/#organization","name":"Natural Poland","url":"https:\/\/naturalpoland.com\/es\/","logo":{"@type":"ImageObject","inLanguage":"es","@id":"https:\/\/naturalpoland.com\/es\/#\/schema\/logo\/image\/","url":"https:\/\/naturalpoland.com\/wp-content\/uploads\/2021\/05\/natural-poland-icon.png","contentUrl":"https:\/\/naturalpoland.com\/wp-content\/uploads\/2021\/05\/natural-poland-icon.png","width":512,"height":512,"caption":"Natural Poland"},"image":{"@id":"https:\/\/naturalpoland.com\/es\/#\/schema\/logo\/image\/"},"sameAs":["https:\/\/www.facebook.com\/naturalpoland.b2b","https:\/\/pl.linkedin.com\/company\/natural-poland","https:\/\/www.youtube.com\/channel\/UCgeGGkvOMahZo-xu_MSEWxg"]}]}},"_links":{"self":[{"href":"https:\/\/naturalpoland.com\/es\/wp-json\/wp\/v2\/product\/45046","targetHints":{"allow":["GET"]}}],"collection":[{"href":"https:\/\/naturalpoland.com\/es\/wp-json\/wp\/v2\/product"}],"about":[{"href":"https:\/\/naturalpoland.com\/es\/wp-json\/wp\/v2\/types\/product"}],"wp:featuredmedia":[{"embeddable":true,"href":"https:\/\/naturalpoland.com\/es\/wp-json\/wp\/v2\/media\/45047"}],"wp:attachment":[{"href":"https:\/\/naturalpoland.com\/es\/wp-json\/wp\/v2\/media?parent=45046"}],"wp:term":[{"taxonomy":"product_brand","embeddable":true,"href":"https:\/\/naturalpoland.com\/es\/wp-json\/wp\/v2\/product_brand?post=45046"},{"taxonomy":"product_cat","embeddable":true,"href":"https:\/\/naturalpoland.com\/es\/wp-json\/wp\/v2\/product_cat?post=45046"},{"taxonomy":"product_tag","embeddable":true,"href":"https:\/\/naturalpoland.com\/es\/wp-json\/wp\/v2\/product_tag?post=45046"}],"curies":[{"name":"wp","href":"https:\/\/api.w.org\/{rel}","templated":true}]}}