{"id":45104,"date":"2026-01-19T12:05:02","date_gmt":"2026-01-19T11:05:02","guid":{"rendered":"https:\/\/naturalpoland.com\/produkty\/sin%20categor\u00eda\/pepsina-fungica\/"},"modified":"2026-01-19T14:08:39","modified_gmt":"2026-01-19T13:08:39","slug":"pepsina-fungica","status":"publish","type":"product","link":"https:\/\/naturalpoland.com\/es\/productos\/productos-para-la-industria-alimentaria\/enzimas\/pepsina-fungica\/","title":{"rendered":"Pepsina"},"content":{"rendered":"<h2>Propiedades de la pepsina<\/h2>\n<p>La pepsina es una enzima proteol\u00edtica de alta actividad, destinada a aplicaciones tecnol\u00f3gicas en la industria alimentaria. Su funci\u00f3n principal es la <strong>descomposici\u00f3n controlada de prote\u00ednas en p\u00e9ptidos y amino\u00e1cidos m\u00e1s cortos<\/strong>. <\/p>\n<p>La pepsina se presenta en forma de un polvo fino y claro, que es c\u00f3modo de dosificar y f\u00e1cil de introducir en diversos sistemas tecnol\u00f3gicos. Es adecuada para aplicaciones que requieren materias primas de origen no animal. <\/p>\n<h2>Aplicaci\u00f3n de la pepsina f\u00fangica<\/h2>\n<p>La pepsina se utiliza en procesos de la industria alimentaria en los que es importante la hidr\u00f3lisis controlada de prote\u00ednas. Puede utilizarse como enzima para apoyar los procesos tecnol\u00f3gicos, <strong>influyendo en la estructura, la funcionalidad y la asimilaci\u00f3n de las prote\u00ednas<\/strong> en los productos finales. <\/p>\n<p>Esta materia prima es adecuada para formulaciones en las que es crucial el uso de enzimas de origen microbiol\u00f3gico, tanto por razones tecnol\u00f3gicas como de mercado. Se utiliza en la producci\u00f3n de alimentos destinados a mercados en los que son importantes las cuestiones del origen de las materias primas, la transparencia de los procesos y la eliminaci\u00f3n de ingredientes de origen animal. <\/p>\n","protected":false},"excerpt":{"rendered":"<p>La <strong>pepsina f\u00fangica<\/strong> es una enzima proteol\u00edtica de <span data-olk-copy-source=\"MessageBody\">origen microbiol\u00f3gico<\/span> obtenida en un proceso de fermentaci\u00f3n utilizando el microorganismo <em>Aspergillus niger<\/em>. Constituye una alternativa microbiol\u00f3gica moderna a la <strong><a href=\"https:\/\/naturalpoland.com\/es\/productos\/productos-para-la-industria-alimentaria\/enzimas\/lacteas\/pepsina\/\">pepsina<\/a><\/strong> cl\u00e1sica de origen animal. <\/p>\n","protected":false},"featured_media":45105,"template":"","meta":{"_acf_changed":false},"product_brand":[],"product_cat":[2709],"product_tag":[],"class_list":{"0":"post-45104","1":"product","2":"type-product","3":"status-publish","4":"has-post-thumbnail","6":"product_cat-enzimas","7":"pa_metoda-pozyskiwania-fermentacion-microbiologica","9":"first","10":"instock","11":"shipping-taxable","12":"product-type-simple"},"acf":[],"yoast_head":"<!-- This site is optimized with the Yoast SEO plugin v27.4 - https:\/\/yoast.com\/product\/yoast-seo-wordpress\/ -->\n<title>Pepsina - Distribuidor mayorista<\/title>\n<meta name=\"description\" content=\"La pepsina es una enzima proteol\u00edtica obtenida de Aspergillus niger. Una alternativa microbiol\u00f3gica a la pepsina animal en la industria alimentaria.\" \/>\n<meta name=\"robots\" content=\"index, follow, max-snippet:-1, max-image-preview:large, max-video-preview:-1\" \/>\n<link rel=\"canonical\" href=\"https:\/\/naturalpoland.com\/es\/productos\/productos-para-la-industria-alimentaria\/enzimas\/pepsina-fungica\/\" \/>\n<meta property=\"og:locale\" content=\"es_ES\" \/>\n<meta property=\"og:type\" content=\"article\" \/>\n<meta property=\"og:title\" content=\"Pepsina - Distribuidor mayorista\" \/>\n<meta property=\"og:description\" content=\"La pepsina es una enzima proteol\u00edtica obtenida de Aspergillus niger. Una alternativa microbiol\u00f3gica a la pepsina animal en la industria alimentaria.\" \/>\n<meta property=\"og:url\" content=\"https:\/\/naturalpoland.com\/es\/productos\/productos-para-la-industria-alimentaria\/enzimas\/pepsina-fungica\/\" \/>\n<meta property=\"og:site_name\" content=\"NATURAL POLAND - Distribuidor Mayorista de Materias Primas\" \/>\n<meta property=\"article:publisher\" content=\"https:\/\/www.facebook.com\/naturalpoland.b2b\" \/>\n<meta property=\"article:modified_time\" content=\"2026-01-19T13:08:39+00:00\" \/>\n<meta property=\"og:image\" content=\"https:\/\/naturalpoland.com\/wp-content\/uploads\/pepsyna-fungalna.webp\" \/>\n\t<meta property=\"og:image:width\" content=\"1024\" \/>\n\t<meta property=\"og:image:height\" content=\"1024\" \/>\n\t<meta property=\"og:image:type\" content=\"image\/webp\" \/>\n<script type=\"application\/ld+json\" class=\"yoast-schema-graph\">{\"@context\":\"https:\\\/\\\/schema.org\",\"@graph\":[{\"@type\":\"WebPage\",\"@id\":\"https:\\\/\\\/naturalpoland.com\\\/es\\\/productos\\\/productos-para-la-industria-alimentaria\\\/enzimas\\\/pepsina-fungica\\\/\",\"url\":\"https:\\\/\\\/naturalpoland.com\\\/es\\\/productos\\\/productos-para-la-industria-alimentaria\\\/enzimas\\\/pepsina-fungica\\\/\",\"name\":\"Pepsina - Distribuidor mayorista\",\"isPartOf\":{\"@id\":\"https:\\\/\\\/naturalpoland.com\\\/es\\\/#website\"},\"primaryImageOfPage\":{\"@id\":\"https:\\\/\\\/naturalpoland.com\\\/es\\\/productos\\\/productos-para-la-industria-alimentaria\\\/enzimas\\\/pepsina-fungica\\\/#primaryimage\"},\"image\":{\"@id\":\"https:\\\/\\\/naturalpoland.com\\\/es\\\/productos\\\/productos-para-la-industria-alimentaria\\\/enzimas\\\/pepsina-fungica\\\/#primaryimage\"},\"thumbnailUrl\":\"https:\\\/\\\/naturalpoland.com\\\/wp-content\\\/uploads\\\/pepsyna-fungalna.webp\",\"datePublished\":\"2026-01-19T11:05:02+00:00\",\"dateModified\":\"2026-01-19T13:08:39+00:00\",\"description\":\"La pepsina es una enzima proteol\u00edtica obtenida de Aspergillus niger. Una alternativa microbiol\u00f3gica a la pepsina animal en la industria alimentaria.\",\"breadcrumb\":{\"@id\":\"https:\\\/\\\/naturalpoland.com\\\/es\\\/productos\\\/productos-para-la-industria-alimentaria\\\/enzimas\\\/pepsina-fungica\\\/#breadcrumb\"},\"inLanguage\":\"es\",\"potentialAction\":[{\"@type\":\"ReadAction\",\"target\":[\"https:\\\/\\\/naturalpoland.com\\\/es\\\/productos\\\/productos-para-la-industria-alimentaria\\\/enzimas\\\/pepsina-fungica\\\/\"]}]},{\"@type\":\"ImageObject\",\"inLanguage\":\"es\",\"@id\":\"https:\\\/\\\/naturalpoland.com\\\/es\\\/productos\\\/productos-para-la-industria-alimentaria\\\/enzimas\\\/pepsina-fungica\\\/#primaryimage\",\"url\":\"https:\\\/\\\/naturalpoland.com\\\/wp-content\\\/uploads\\\/pepsyna-fungalna.webp\",\"contentUrl\":\"https:\\\/\\\/naturalpoland.com\\\/wp-content\\\/uploads\\\/pepsyna-fungalna.webp\",\"width\":1024,\"height\":1024,\"caption\":\"pepsina f\u00fangica\"},{\"@type\":\"BreadcrumbList\",\"@id\":\"https:\\\/\\\/naturalpoland.com\\\/es\\\/productos\\\/productos-para-la-industria-alimentaria\\\/enzimas\\\/pepsina-fungica\\\/#breadcrumb\",\"itemListElement\":[{\"@type\":\"ListItem\",\"position\":1,\"name\":\"Inicio\",\"item\":\"https:\\\/\\\/naturalpoland.com\\\/es\\\/\"},{\"@type\":\"ListItem\",\"position\":2,\"name\":\"Productos\",\"item\":\"https:\\\/\\\/naturalpoland.com\\\/es\\\/productos\\\/\"},{\"@type\":\"ListItem\",\"position\":3,\"name\":\"Pepsina\"}]},{\"@type\":\"WebSite\",\"@id\":\"https:\\\/\\\/naturalpoland.com\\\/es\\\/#website\",\"url\":\"https:\\\/\\\/naturalpoland.com\\\/es\\\/\",\"name\":\"NATURAL POLAND - Distribuidor Mayorista de Materias Primas\",\"description\":\"Surowce dla przemys\u0142u spo\u017cywczego, kosmetycznego i farmaceutycznego\",\"publisher\":{\"@id\":\"https:\\\/\\\/naturalpoland.com\\\/es\\\/#organization\"},\"potentialAction\":[{\"@type\":\"SearchAction\",\"target\":{\"@type\":\"EntryPoint\",\"urlTemplate\":\"https:\\\/\\\/naturalpoland.com\\\/es\\\/?s={search_term_string}\"},\"query-input\":{\"@type\":\"PropertyValueSpecification\",\"valueRequired\":true,\"valueName\":\"search_term_string\"}}],\"inLanguage\":\"es\"},{\"@type\":\"Organization\",\"@id\":\"https:\\\/\\\/naturalpoland.com\\\/es\\\/#organization\",\"name\":\"Natural Poland\",\"url\":\"https:\\\/\\\/naturalpoland.com\\\/es\\\/\",\"logo\":{\"@type\":\"ImageObject\",\"inLanguage\":\"es\",\"@id\":\"https:\\\/\\\/naturalpoland.com\\\/es\\\/#\\\/schema\\\/logo\\\/image\\\/\",\"url\":\"https:\\\/\\\/naturalpoland.com\\\/wp-content\\\/uploads\\\/2021\\\/05\\\/natural-poland-icon.png\",\"contentUrl\":\"https:\\\/\\\/naturalpoland.com\\\/wp-content\\\/uploads\\\/2021\\\/05\\\/natural-poland-icon.png\",\"width\":512,\"height\":512,\"caption\":\"Natural Poland\"},\"image\":{\"@id\":\"https:\\\/\\\/naturalpoland.com\\\/es\\\/#\\\/schema\\\/logo\\\/image\\\/\"},\"sameAs\":[\"https:\\\/\\\/www.facebook.com\\\/naturalpoland.b2b\",\"https:\\\/\\\/pl.linkedin.com\\\/company\\\/natural-poland\",\"https:\\\/\\\/www.youtube.com\\\/channel\\\/UCgeGGkvOMahZo-xu_MSEWxg\"]}]}<\/script>\n<!-- \/ Yoast SEO plugin. -->","yoast_head_json":{"title":"Pepsina - Distribuidor mayorista","description":"La pepsina es una enzima proteol\u00edtica obtenida de Aspergillus niger. Una alternativa microbiol\u00f3gica a la pepsina animal en la industria alimentaria.","robots":{"index":"index","follow":"follow","max-snippet":"max-snippet:-1","max-image-preview":"max-image-preview:large","max-video-preview":"max-video-preview:-1"},"canonical":"https:\/\/naturalpoland.com\/es\/productos\/productos-para-la-industria-alimentaria\/enzimas\/pepsina-fungica\/","og_locale":"es_ES","og_type":"article","og_title":"Pepsina - Distribuidor mayorista","og_description":"La pepsina es una enzima proteol\u00edtica obtenida de Aspergillus niger. Una alternativa microbiol\u00f3gica a la pepsina animal en la industria alimentaria.","og_url":"https:\/\/naturalpoland.com\/es\/productos\/productos-para-la-industria-alimentaria\/enzimas\/pepsina-fungica\/","og_site_name":"NATURAL POLAND - Distribuidor Mayorista de Materias Primas","article_publisher":"https:\/\/www.facebook.com\/naturalpoland.b2b","article_modified_time":"2026-01-19T13:08:39+00:00","og_image":[{"width":1024,"height":1024,"url":"https:\/\/naturalpoland.com\/wp-content\/uploads\/pepsyna-fungalna.webp","type":"image\/webp"}],"schema":{"@context":"https:\/\/schema.org","@graph":[{"@type":"WebPage","@id":"https:\/\/naturalpoland.com\/es\/productos\/productos-para-la-industria-alimentaria\/enzimas\/pepsina-fungica\/","url":"https:\/\/naturalpoland.com\/es\/productos\/productos-para-la-industria-alimentaria\/enzimas\/pepsina-fungica\/","name":"Pepsina - Distribuidor mayorista","isPartOf":{"@id":"https:\/\/naturalpoland.com\/es\/#website"},"primaryImageOfPage":{"@id":"https:\/\/naturalpoland.com\/es\/productos\/productos-para-la-industria-alimentaria\/enzimas\/pepsina-fungica\/#primaryimage"},"image":{"@id":"https:\/\/naturalpoland.com\/es\/productos\/productos-para-la-industria-alimentaria\/enzimas\/pepsina-fungica\/#primaryimage"},"thumbnailUrl":"https:\/\/naturalpoland.com\/wp-content\/uploads\/pepsyna-fungalna.webp","datePublished":"2026-01-19T11:05:02+00:00","dateModified":"2026-01-19T13:08:39+00:00","description":"La pepsina es una enzima proteol\u00edtica obtenida de Aspergillus niger. Una alternativa microbiol\u00f3gica a la pepsina animal en la industria alimentaria.","breadcrumb":{"@id":"https:\/\/naturalpoland.com\/es\/productos\/productos-para-la-industria-alimentaria\/enzimas\/pepsina-fungica\/#breadcrumb"},"inLanguage":"es","potentialAction":[{"@type":"ReadAction","target":["https:\/\/naturalpoland.com\/es\/productos\/productos-para-la-industria-alimentaria\/enzimas\/pepsina-fungica\/"]}]},{"@type":"ImageObject","inLanguage":"es","@id":"https:\/\/naturalpoland.com\/es\/productos\/productos-para-la-industria-alimentaria\/enzimas\/pepsina-fungica\/#primaryimage","url":"https:\/\/naturalpoland.com\/wp-content\/uploads\/pepsyna-fungalna.webp","contentUrl":"https:\/\/naturalpoland.com\/wp-content\/uploads\/pepsyna-fungalna.webp","width":1024,"height":1024,"caption":"pepsina f\u00fangica"},{"@type":"BreadcrumbList","@id":"https:\/\/naturalpoland.com\/es\/productos\/productos-para-la-industria-alimentaria\/enzimas\/pepsina-fungica\/#breadcrumb","itemListElement":[{"@type":"ListItem","position":1,"name":"Inicio","item":"https:\/\/naturalpoland.com\/es\/"},{"@type":"ListItem","position":2,"name":"Productos","item":"https:\/\/naturalpoland.com\/es\/productos\/"},{"@type":"ListItem","position":3,"name":"Pepsina"}]},{"@type":"WebSite","@id":"https:\/\/naturalpoland.com\/es\/#website","url":"https:\/\/naturalpoland.com\/es\/","name":"NATURAL POLAND - Distribuidor Mayorista de Materias Primas","description":"Surowce dla przemys\u0142u spo\u017cywczego, kosmetycznego i farmaceutycznego","publisher":{"@id":"https:\/\/naturalpoland.com\/es\/#organization"},"potentialAction":[{"@type":"SearchAction","target":{"@type":"EntryPoint","urlTemplate":"https:\/\/naturalpoland.com\/es\/?s={search_term_string}"},"query-input":{"@type":"PropertyValueSpecification","valueRequired":true,"valueName":"search_term_string"}}],"inLanguage":"es"},{"@type":"Organization","@id":"https:\/\/naturalpoland.com\/es\/#organization","name":"Natural Poland","url":"https:\/\/naturalpoland.com\/es\/","logo":{"@type":"ImageObject","inLanguage":"es","@id":"https:\/\/naturalpoland.com\/es\/#\/schema\/logo\/image\/","url":"https:\/\/naturalpoland.com\/wp-content\/uploads\/2021\/05\/natural-poland-icon.png","contentUrl":"https:\/\/naturalpoland.com\/wp-content\/uploads\/2021\/05\/natural-poland-icon.png","width":512,"height":512,"caption":"Natural Poland"},"image":{"@id":"https:\/\/naturalpoland.com\/es\/#\/schema\/logo\/image\/"},"sameAs":["https:\/\/www.facebook.com\/naturalpoland.b2b","https:\/\/pl.linkedin.com\/company\/natural-poland","https:\/\/www.youtube.com\/channel\/UCgeGGkvOMahZo-xu_MSEWxg"]}]}},"_links":{"self":[{"href":"https:\/\/naturalpoland.com\/es\/wp-json\/wp\/v2\/product\/45104","targetHints":{"allow":["GET"]}}],"collection":[{"href":"https:\/\/naturalpoland.com\/es\/wp-json\/wp\/v2\/product"}],"about":[{"href":"https:\/\/naturalpoland.com\/es\/wp-json\/wp\/v2\/types\/product"}],"wp:featuredmedia":[{"embeddable":true,"href":"https:\/\/naturalpoland.com\/es\/wp-json\/wp\/v2\/media\/45105"}],"wp:attachment":[{"href":"https:\/\/naturalpoland.com\/es\/wp-json\/wp\/v2\/media?parent=45104"}],"wp:term":[{"taxonomy":"product_brand","embeddable":true,"href":"https:\/\/naturalpoland.com\/es\/wp-json\/wp\/v2\/product_brand?post=45104"},{"taxonomy":"product_cat","embeddable":true,"href":"https:\/\/naturalpoland.com\/es\/wp-json\/wp\/v2\/product_cat?post=45104"},{"taxonomy":"product_tag","embeddable":true,"href":"https:\/\/naturalpoland.com\/es\/wp-json\/wp\/v2\/product_tag?post=45104"}],"curies":[{"name":"wp","href":"https:\/\/api.w.org\/{rel}","templated":true}]}}