{"id":45132,"date":"2026-01-16T16:12:56","date_gmt":"2026-01-16T15:12:56","guid":{"rendered":"https:\/\/naturalpoland.com\/produkty\/sin categor\u00eda\/extracto-de-petasita\/"},"modified":"2026-01-19T12:29:35","modified_gmt":"2026-01-19T11:29:35","slug":"extracto-de-petasita","status":"publish","type":"product","link":"https:\/\/naturalpoland.com\/es\/productos\/extractos-de-plantas\/extracto-de-petasita\/","title":{"rendered":"Extracto de petasita"},"content":{"rendered":"<h2>Efectos del extracto de petasita:<\/h2>\n<p>El extracto de petasita (Petasites hybridus) contiene compuestos fitoqu\u00edmicos naturales, principalmente \u00e9steres de sesquiterpeno conocidos como <strong>petasinas, isopetasinas y derivados<\/strong>, que se consideran los principales componentes bioactivos de la materia prima e influyen en sus propiedades fisiol\u00f3gicas: <\/p>\n<p><strong>Propiedades antiinflamatorias<\/strong><\/p>\n<p>Los componentes del extracto de petasita se describen en la investigaci\u00f3n como sustancias con actividad potencial para modular los procesos inflamatorios, entre otros, al influir en las enzimas implicadas en la bios\u00edntesis de mediadores de la inflamaci\u00f3n como los leucotrienos y las prostaglandinas. Este mecanismo es una de las explicaciones propuestas para la acci\u00f3n de la materia prima en modelos fisiol\u00f3gicos.  <\/p>\n<p><strong>Actividad espasmol\u00edtica y relajante<\/strong><\/p>\n<p>Estudios in vitro y referencias tradicionales indican que los extractos de rizoma y hojas de petasita pueden mostrar un efecto relajante y espasmol\u00edtico sobre los m\u00fasculos lisos del sistema respiratorio y digestivo, lo que est\u00e1 relacionado con la presencia de petasinas y su influencia en las funciones celulares.<\/p>\n<p><strong>Efectos potenciales para aliviar los s\u00edntomas de la alergia<\/strong><\/p>\n<p>Algunos extractos estandarizados de hojas de petasita se han evaluado cl\u00ednicamente para aliviar los s\u00edntomas de la rinitis al\u00e9rgica (alergias estacionales), mostrando en estudios controlados una eficacia comparable a la de los antihistam\u00ednicos para reducir algunos s\u00edntomas.<\/p>\n<h2>Aplicaci\u00f3n<\/h2>\n<p>En la literatura cient\u00edfica y herbaria, el extracto de petasita se ha utilizado o analizado en el contexto de:<\/p>\n<ol>\n<li><strong>Preparados analg\u00e9sicos y para la tensi\u00f3n<\/strong>: el extracto de petasita se ha analizado para reducir la frecuencia de los episodios de migra\u00f1a o cefalea tensional, lo que se ha relacionado con la actividad de las petasinas sobre los canales de calcio y los mediadores de la inflamaci\u00f3n.<\/li>\n<li><strong>Productos que apoyan las reacciones al\u00e9rgicas \/ alergias estacionales<\/strong>: se han estudiado extractos estandarizados de hojas para aliviar los s\u00edntomas de la rinitis al\u00e9rgica, como la congesti\u00f3n nasal o los estornudos, sin la sedaci\u00f3n t\u00edpica de muchos antihistam\u00ednicos.<\/li>\n<li><strong>F\u00f3rmulas dirigidas al sistema respiratorio y al alivio de la irritaci\u00f3n<\/strong>: el conocimiento herbario tradicional describe el uso de la petasita en dolencias respiratorias, como el asma y la tos persistente; las fuentes cient\u00edficas modernas confirman el inter\u00e9s por esta planta en el contexto de la eficacia de los extractos en modelos relacionados con el sistema respiratorio, aunque los datos cl\u00ednicos son limitados.<\/li>\n<li><strong>Apoyo potencial a la funci\u00f3n del tracto gastrointestinal<\/strong>: el uso tradicional de la materia prima tambi\u00e9n indica un efecto sobre la regulaci\u00f3n de la motilidad intestinal y del sistema digestivo, incluyendo un efecto relajante y coler\u00e9tico, que puede considerarse en el contexto de preparados vegetales para el sistema digestivo (dependiendo de la forma final del producto).<\/li>\n<\/ol>\n<p>&nbsp;<\/p>\n","protected":false},"excerpt":{"rendered":"<p><strong>El extracto de petasita<\/strong> es una materia prima vegetal obtenida de la ra\u00edz de <em>Petasites hybridus<\/em>, obtenida por un m\u00e9todo acuoso y luego secada hasta obtener una forma de polvo estable.<\/p>\n","protected":false},"featured_media":45133,"template":"","meta":{"_acf_changed":false},"product_brand":[],"product_cat":[1079],"product_tag":[],"class_list":{"0":"post-45132","1":"product","2":"type-product","3":"status-publish","4":"has-post-thumbnail","6":"product_cat-extractos-de-plantas","7":"pa_czesc-rosliny-raiz","9":"first","10":"instock","11":"shipping-taxable","12":"product-type-simple"},"acf":[],"yoast_head":"<!-- This site is optimized with the Yoast SEO plugin v27.4 - https:\/\/yoast.com\/product\/yoast-seo-wordpress\/ -->\n<title>Extracto de petasita - Distribuidor mayorista<\/title>\n<meta name=\"description\" content=\"Extracto de petasita (Petasites hybridus) \u2013 extracto estandarizado de ra\u00edz en forma de polvo.\" \/>\n<meta name=\"robots\" content=\"index, follow, max-snippet:-1, max-image-preview:large, max-video-preview:-1\" \/>\n<link rel=\"canonical\" href=\"https:\/\/naturalpoland.com\/es\/productos\/extractos-de-plantas\/extracto-de-petasita\/\" \/>\n<meta property=\"og:locale\" content=\"es_ES\" \/>\n<meta property=\"og:type\" content=\"article\" \/>\n<meta property=\"og:title\" content=\"Extracto de petasita - Distribuidor mayorista\" \/>\n<meta property=\"og:description\" content=\"Extracto de petasita (Petasites hybridus) \u2013 extracto estandarizado de ra\u00edz en forma de polvo.\" \/>\n<meta property=\"og:url\" content=\"https:\/\/naturalpoland.com\/es\/productos\/extractos-de-plantas\/extracto-de-petasita\/\" \/>\n<meta property=\"og:site_name\" content=\"NATURAL POLAND - Distribuidor Mayorista de Materias Primas\" \/>\n<meta property=\"article:publisher\" content=\"https:\/\/www.facebook.com\/naturalpoland.b2b\" \/>\n<meta property=\"article:modified_time\" content=\"2026-01-19T11:29:35+00:00\" \/>\n<meta property=\"og:image\" content=\"https:\/\/naturalpoland.com\/wp-content\/uploads\/ekstrakt-z-lepieznika.webp\" \/>\n\t<meta property=\"og:image:width\" content=\"1024\" \/>\n\t<meta property=\"og:image:height\" content=\"1024\" \/>\n\t<meta property=\"og:image:type\" content=\"image\/webp\" \/>\n<script type=\"application\/ld+json\" class=\"yoast-schema-graph\">{\"@context\":\"https:\\\/\\\/schema.org\",\"@graph\":[{\"@type\":\"WebPage\",\"@id\":\"https:\\\/\\\/naturalpoland.com\\\/es\\\/productos\\\/extractos-de-plantas\\\/extracto-de-petasita\\\/\",\"url\":\"https:\\\/\\\/naturalpoland.com\\\/es\\\/productos\\\/extractos-de-plantas\\\/extracto-de-petasita\\\/\",\"name\":\"Extracto de petasita - Distribuidor mayorista\",\"isPartOf\":{\"@id\":\"https:\\\/\\\/naturalpoland.com\\\/es\\\/#website\"},\"primaryImageOfPage\":{\"@id\":\"https:\\\/\\\/naturalpoland.com\\\/es\\\/productos\\\/extractos-de-plantas\\\/extracto-de-petasita\\\/#primaryimage\"},\"image\":{\"@id\":\"https:\\\/\\\/naturalpoland.com\\\/es\\\/productos\\\/extractos-de-plantas\\\/extracto-de-petasita\\\/#primaryimage\"},\"thumbnailUrl\":\"https:\\\/\\\/naturalpoland.com\\\/wp-content\\\/uploads\\\/ekstrakt-z-lepieznika.webp\",\"datePublished\":\"2026-01-16T15:12:56+00:00\",\"dateModified\":\"2026-01-19T11:29:35+00:00\",\"description\":\"Extracto de petasita (Petasites hybridus) \u2013 extracto estandarizado de ra\u00edz en forma de polvo.\",\"breadcrumb\":{\"@id\":\"https:\\\/\\\/naturalpoland.com\\\/es\\\/productos\\\/extractos-de-plantas\\\/extracto-de-petasita\\\/#breadcrumb\"},\"inLanguage\":\"es\",\"potentialAction\":[{\"@type\":\"ReadAction\",\"target\":[\"https:\\\/\\\/naturalpoland.com\\\/es\\\/productos\\\/extractos-de-plantas\\\/extracto-de-petasita\\\/\"]}]},{\"@type\":\"ImageObject\",\"inLanguage\":\"es\",\"@id\":\"https:\\\/\\\/naturalpoland.com\\\/es\\\/productos\\\/extractos-de-plantas\\\/extracto-de-petasita\\\/#primaryimage\",\"url\":\"https:\\\/\\\/naturalpoland.com\\\/wp-content\\\/uploads\\\/ekstrakt-z-lepieznika.webp\",\"contentUrl\":\"https:\\\/\\\/naturalpoland.com\\\/wp-content\\\/uploads\\\/ekstrakt-z-lepieznika.webp\",\"width\":1024,\"height\":1024,\"caption\":\"Extracto de petasita\"},{\"@type\":\"BreadcrumbList\",\"@id\":\"https:\\\/\\\/naturalpoland.com\\\/es\\\/productos\\\/extractos-de-plantas\\\/extracto-de-petasita\\\/#breadcrumb\",\"itemListElement\":[{\"@type\":\"ListItem\",\"position\":1,\"name\":\"Inicio\",\"item\":\"https:\\\/\\\/naturalpoland.com\\\/es\\\/\"},{\"@type\":\"ListItem\",\"position\":2,\"name\":\"Productos\",\"item\":\"https:\\\/\\\/naturalpoland.com\\\/es\\\/productos\\\/\"},{\"@type\":\"ListItem\",\"position\":3,\"name\":\"Extracto de petasita\"}]},{\"@type\":\"WebSite\",\"@id\":\"https:\\\/\\\/naturalpoland.com\\\/es\\\/#website\",\"url\":\"https:\\\/\\\/naturalpoland.com\\\/es\\\/\",\"name\":\"NATURAL POLAND - Distribuidor Mayorista de Materias Primas\",\"description\":\"Surowce dla przemys\u0142u spo\u017cywczego, kosmetycznego i farmaceutycznego\",\"publisher\":{\"@id\":\"https:\\\/\\\/naturalpoland.com\\\/es\\\/#organization\"},\"potentialAction\":[{\"@type\":\"SearchAction\",\"target\":{\"@type\":\"EntryPoint\",\"urlTemplate\":\"https:\\\/\\\/naturalpoland.com\\\/es\\\/?s={search_term_string}\"},\"query-input\":{\"@type\":\"PropertyValueSpecification\",\"valueRequired\":true,\"valueName\":\"search_term_string\"}}],\"inLanguage\":\"es\"},{\"@type\":\"Organization\",\"@id\":\"https:\\\/\\\/naturalpoland.com\\\/es\\\/#organization\",\"name\":\"Natural Poland\",\"url\":\"https:\\\/\\\/naturalpoland.com\\\/es\\\/\",\"logo\":{\"@type\":\"ImageObject\",\"inLanguage\":\"es\",\"@id\":\"https:\\\/\\\/naturalpoland.com\\\/es\\\/#\\\/schema\\\/logo\\\/image\\\/\",\"url\":\"https:\\\/\\\/naturalpoland.com\\\/wp-content\\\/uploads\\\/2021\\\/05\\\/natural-poland-icon.png\",\"contentUrl\":\"https:\\\/\\\/naturalpoland.com\\\/wp-content\\\/uploads\\\/2021\\\/05\\\/natural-poland-icon.png\",\"width\":512,\"height\":512,\"caption\":\"Natural Poland\"},\"image\":{\"@id\":\"https:\\\/\\\/naturalpoland.com\\\/es\\\/#\\\/schema\\\/logo\\\/image\\\/\"},\"sameAs\":[\"https:\\\/\\\/www.facebook.com\\\/naturalpoland.b2b\",\"https:\\\/\\\/pl.linkedin.com\\\/company\\\/natural-poland\",\"https:\\\/\\\/www.youtube.com\\\/channel\\\/UCgeGGkvOMahZo-xu_MSEWxg\"]}]}<\/script>\n<!-- \/ Yoast SEO plugin. -->","yoast_head_json":{"title":"Extracto de petasita - Distribuidor mayorista","description":"Extracto de petasita (Petasites hybridus) \u2013 extracto estandarizado de ra\u00edz en forma de polvo.","robots":{"index":"index","follow":"follow","max-snippet":"max-snippet:-1","max-image-preview":"max-image-preview:large","max-video-preview":"max-video-preview:-1"},"canonical":"https:\/\/naturalpoland.com\/es\/productos\/extractos-de-plantas\/extracto-de-petasita\/","og_locale":"es_ES","og_type":"article","og_title":"Extracto de petasita - Distribuidor mayorista","og_description":"Extracto de petasita (Petasites hybridus) \u2013 extracto estandarizado de ra\u00edz en forma de polvo.","og_url":"https:\/\/naturalpoland.com\/es\/productos\/extractos-de-plantas\/extracto-de-petasita\/","og_site_name":"NATURAL POLAND - Distribuidor Mayorista de Materias Primas","article_publisher":"https:\/\/www.facebook.com\/naturalpoland.b2b","article_modified_time":"2026-01-19T11:29:35+00:00","og_image":[{"width":1024,"height":1024,"url":"https:\/\/naturalpoland.com\/wp-content\/uploads\/ekstrakt-z-lepieznika.webp","type":"image\/webp"}],"schema":{"@context":"https:\/\/schema.org","@graph":[{"@type":"WebPage","@id":"https:\/\/naturalpoland.com\/es\/productos\/extractos-de-plantas\/extracto-de-petasita\/","url":"https:\/\/naturalpoland.com\/es\/productos\/extractos-de-plantas\/extracto-de-petasita\/","name":"Extracto de petasita - Distribuidor mayorista","isPartOf":{"@id":"https:\/\/naturalpoland.com\/es\/#website"},"primaryImageOfPage":{"@id":"https:\/\/naturalpoland.com\/es\/productos\/extractos-de-plantas\/extracto-de-petasita\/#primaryimage"},"image":{"@id":"https:\/\/naturalpoland.com\/es\/productos\/extractos-de-plantas\/extracto-de-petasita\/#primaryimage"},"thumbnailUrl":"https:\/\/naturalpoland.com\/wp-content\/uploads\/ekstrakt-z-lepieznika.webp","datePublished":"2026-01-16T15:12:56+00:00","dateModified":"2026-01-19T11:29:35+00:00","description":"Extracto de petasita (Petasites hybridus) \u2013 extracto estandarizado de ra\u00edz en forma de polvo.","breadcrumb":{"@id":"https:\/\/naturalpoland.com\/es\/productos\/extractos-de-plantas\/extracto-de-petasita\/#breadcrumb"},"inLanguage":"es","potentialAction":[{"@type":"ReadAction","target":["https:\/\/naturalpoland.com\/es\/productos\/extractos-de-plantas\/extracto-de-petasita\/"]}]},{"@type":"ImageObject","inLanguage":"es","@id":"https:\/\/naturalpoland.com\/es\/productos\/extractos-de-plantas\/extracto-de-petasita\/#primaryimage","url":"https:\/\/naturalpoland.com\/wp-content\/uploads\/ekstrakt-z-lepieznika.webp","contentUrl":"https:\/\/naturalpoland.com\/wp-content\/uploads\/ekstrakt-z-lepieznika.webp","width":1024,"height":1024,"caption":"Extracto de petasita"},{"@type":"BreadcrumbList","@id":"https:\/\/naturalpoland.com\/es\/productos\/extractos-de-plantas\/extracto-de-petasita\/#breadcrumb","itemListElement":[{"@type":"ListItem","position":1,"name":"Inicio","item":"https:\/\/naturalpoland.com\/es\/"},{"@type":"ListItem","position":2,"name":"Productos","item":"https:\/\/naturalpoland.com\/es\/productos\/"},{"@type":"ListItem","position":3,"name":"Extracto de petasita"}]},{"@type":"WebSite","@id":"https:\/\/naturalpoland.com\/es\/#website","url":"https:\/\/naturalpoland.com\/es\/","name":"NATURAL POLAND - Distribuidor Mayorista de Materias Primas","description":"Surowce dla przemys\u0142u spo\u017cywczego, kosmetycznego i farmaceutycznego","publisher":{"@id":"https:\/\/naturalpoland.com\/es\/#organization"},"potentialAction":[{"@type":"SearchAction","target":{"@type":"EntryPoint","urlTemplate":"https:\/\/naturalpoland.com\/es\/?s={search_term_string}"},"query-input":{"@type":"PropertyValueSpecification","valueRequired":true,"valueName":"search_term_string"}}],"inLanguage":"es"},{"@type":"Organization","@id":"https:\/\/naturalpoland.com\/es\/#organization","name":"Natural Poland","url":"https:\/\/naturalpoland.com\/es\/","logo":{"@type":"ImageObject","inLanguage":"es","@id":"https:\/\/naturalpoland.com\/es\/#\/schema\/logo\/image\/","url":"https:\/\/naturalpoland.com\/wp-content\/uploads\/2021\/05\/natural-poland-icon.png","contentUrl":"https:\/\/naturalpoland.com\/wp-content\/uploads\/2021\/05\/natural-poland-icon.png","width":512,"height":512,"caption":"Natural Poland"},"image":{"@id":"https:\/\/naturalpoland.com\/es\/#\/schema\/logo\/image\/"},"sameAs":["https:\/\/www.facebook.com\/naturalpoland.b2b","https:\/\/pl.linkedin.com\/company\/natural-poland","https:\/\/www.youtube.com\/channel\/UCgeGGkvOMahZo-xu_MSEWxg"]}]}},"_links":{"self":[{"href":"https:\/\/naturalpoland.com\/es\/wp-json\/wp\/v2\/product\/45132","targetHints":{"allow":["GET"]}}],"collection":[{"href":"https:\/\/naturalpoland.com\/es\/wp-json\/wp\/v2\/product"}],"about":[{"href":"https:\/\/naturalpoland.com\/es\/wp-json\/wp\/v2\/types\/product"}],"wp:featuredmedia":[{"embeddable":true,"href":"https:\/\/naturalpoland.com\/es\/wp-json\/wp\/v2\/media\/45133"}],"wp:attachment":[{"href":"https:\/\/naturalpoland.com\/es\/wp-json\/wp\/v2\/media?parent=45132"}],"wp:term":[{"taxonomy":"product_brand","embeddable":true,"href":"https:\/\/naturalpoland.com\/es\/wp-json\/wp\/v2\/product_brand?post=45132"},{"taxonomy":"product_cat","embeddable":true,"href":"https:\/\/naturalpoland.com\/es\/wp-json\/wp\/v2\/product_cat?post=45132"},{"taxonomy":"product_tag","embeddable":true,"href":"https:\/\/naturalpoland.com\/es\/wp-json\/wp\/v2\/product_tag?post=45132"}],"curies":[{"name":"wp","href":"https:\/\/api.w.org\/{rel}","templated":true}]}}