{"id":46525,"date":"2026-03-05T13:54:06","date_gmt":"2026-03-05T12:54:06","guid":{"rendered":"https:\/\/naturalpoland.com\/produkty\/sin categor\u00eda\/extracto-de-achicoria\/"},"modified":"2026-03-10T13:23:12","modified_gmt":"2026-03-10T12:23:12","slug":"extracto-de-achicoria","status":"publish","type":"product","link":"https:\/\/naturalpoland.com\/es\/productos\/extractos-de-plantas\/extracto-de-achicoria\/","title":{"rendered":"Extracto de achicoria"},"content":{"rendered":"<h2>Propiedades y acci\u00f3n del extracto de achicoria:<\/h2>\n<p><strong>La ra\u00edz de achicoria<\/strong> es una fuente conocida de numerosos compuestos bioactivos, incluyendo <a href=\"https:\/\/naturalpoland.com\/es\/productos\/productos-para-la-industria-farmaceutica-y-medica\/aditivos-para-complementos-alimenticios\/inulina\/\"><strong>inulina<\/strong><\/a>, <strong>polifenoles<\/strong>, <strong>compuestos fen\u00f3licos<\/strong> y <strong>minerales<\/strong>. La inulina, un prebi\u00f3tico natural, es uno de los componentes m\u00e1s importantes de la achicoria. Este compuesto puede favorecer el desarrollo de una microflora intestinal beneficiosa, por lo que las materias primas derivadas de la achicoria se utilizan a menudo en preparados que apoyan el correcto funcionamiento del sistema digestivo.  <\/p>\n<p>El extracto de achicoria tambi\u00e9n es valorado por sus propiedades antioxidantes. Los compuestos vegetales que contiene ayudan a neutralizar los radicales libres y a reducir el estr\u00e9s oxidativo, que puede afectar los procesos de envejecimiento celular. Por esta raz\u00f3n, el extracto se utiliza en productos orientados a la protecci\u00f3n celular y al apoyo del metabolismo.  <\/p>\n<p>En cosm\u00e9tica, el extracto de achicoria se utiliza por sus <strong>propiedades hidratantes y calmantes<\/strong>. La glicerina contenida en el extracto ayuda a mantener un nivel adecuado de hidrataci\u00f3n de la piel, y los compuestos vegetales presentes en la ra\u00edz de achicoria pueden mejorar la condici\u00f3n de la piel y apoyar su barrera protectora natural. Por ello, el extracto se incluye en la composici\u00f3n de cosm\u00e9ticos destinados al cuidado de pieles secas, cansadas y que requieren regeneraci\u00f3n.  <\/p>\n<p>El extracto de achicoria tambi\u00e9n puede utilizarse en productos para el cuidado de pieles sensibles, donde sus propiedades calmantes ayudan a mejorar el confort de la piel y a reducir la sensaci\u00f3n de irritaci\u00f3n.<\/p>\n<h2>Aplicaci\u00f3n del extracto de achicoria:<\/h2>\n<p>El extracto hidroglic\u00e9rico de achicoria se utiliza principalmente en:<\/p>\n<ul>\n<li>cosm\u00e9ticos hidratantes y regeneradores,<\/li>\n<li>t\u00f3nicos y esencias para el cuidado de la piel,<\/li>\n<li>cremas y s\u00e9rums con efecto antioxidante,<\/li>\n<li>preparados que apoyan el microbioma de la piel,<\/li>\n<li>productos naturales y cosm\u00e9ticos vegetales.<\/li>\n<\/ul>\n<p>La materia prima es parcialmente soluble en agua y alcohol, pero insoluble en aceites minerales. Se recomienda para su uso en formulaciones acuosas e hidroalcoh\u00f3licas. <\/p>\n<p>El producto cumple los requisitos microbiol\u00f3gicos y de calidad, no contiene OMG y no ha sido irradiado.<\/p>\n","protected":false},"excerpt":{"rendered":"<p><strong>El extracto de achicoria<\/strong> se obtiene de la ra\u00edz de la planta <em>Cichorium intybus L.<\/em> La materia prima se presenta como un extracto hidroglic\u00e9rico, obtenido mediante la extracci\u00f3n de la materia prima vegetal seca con una mezcla de agua y glicerina en una proporci\u00f3n de 1:1.<\/p>\n","protected":false},"featured_media":46526,"template":"","meta":{"_acf_changed":false},"product_brand":[],"product_cat":[1079],"product_tag":[],"class_list":{"0":"post-46525","1":"product","2":"type-product","3":"status-publish","4":"has-post-thumbnail","6":"product_cat-extractos-de-plantas","7":"pa_czesc-rosliny-raiz","9":"first","10":"instock","11":"shipping-taxable","12":"product-type-simple"},"acf":[],"yoast_head":"<!-- This site is optimized with the Yoast SEO plugin v27.5 - https:\/\/yoast.com\/product\/yoast-seo-wordpress\/ -->\n<title>Extracto de achicoria - Distribuidor mayorista<\/title>\n<meta name=\"description\" content=\"El extracto de achicoria (Cichorium intybus) es una materia prima vegetal natural con propiedades hidratantes y antioxidantes para cosm\u00e9ticos.\" \/>\n<meta name=\"robots\" content=\"index, follow, max-snippet:-1, max-image-preview:large, max-video-preview:-1\" \/>\n<link rel=\"canonical\" href=\"https:\/\/naturalpoland.com\/es\/productos\/extractos-de-plantas\/extracto-de-achicoria\/\" \/>\n<meta property=\"og:locale\" content=\"es_ES\" \/>\n<meta property=\"og:type\" content=\"article\" \/>\n<meta property=\"og:title\" content=\"Extracto de achicoria - Distribuidor mayorista\" \/>\n<meta property=\"og:description\" content=\"El extracto de achicoria (Cichorium intybus) es una materia prima vegetal natural con propiedades hidratantes y antioxidantes para cosm\u00e9ticos.\" \/>\n<meta property=\"og:url\" content=\"https:\/\/naturalpoland.com\/es\/productos\/extractos-de-plantas\/extracto-de-achicoria\/\" \/>\n<meta property=\"og:site_name\" content=\"NATURAL POLAND - Distribuidor Mayorista de Materias Primas\" \/>\n<meta property=\"article:publisher\" content=\"https:\/\/www.facebook.com\/naturalpoland.b2b\" \/>\n<meta property=\"article:modified_time\" content=\"2026-03-10T12:23:12+00:00\" \/>\n<meta property=\"og:image\" content=\"https:\/\/naturalpoland.com\/wp-content\/uploads\/ekstrakt-glicerynowo-wodny-z-cykorii.webp\" \/>\n\t<meta property=\"og:image:width\" content=\"350\" \/>\n\t<meta property=\"og:image:height\" content=\"350\" \/>\n\t<meta property=\"og:image:type\" content=\"image\/webp\" \/>\n<script type=\"application\/ld+json\" class=\"yoast-schema-graph\">{\"@context\":\"https:\\\/\\\/schema.org\",\"@graph\":[{\"@type\":\"WebPage\",\"@id\":\"https:\\\/\\\/naturalpoland.com\\\/es\\\/productos\\\/extractos-de-plantas\\\/extracto-de-achicoria\\\/\",\"url\":\"https:\\\/\\\/naturalpoland.com\\\/es\\\/productos\\\/extractos-de-plantas\\\/extracto-de-achicoria\\\/\",\"name\":\"Extracto de achicoria - Distribuidor mayorista\",\"isPartOf\":{\"@id\":\"https:\\\/\\\/naturalpoland.com\\\/es\\\/#website\"},\"primaryImageOfPage\":{\"@id\":\"https:\\\/\\\/naturalpoland.com\\\/es\\\/productos\\\/extractos-de-plantas\\\/extracto-de-achicoria\\\/#primaryimage\"},\"image\":{\"@id\":\"https:\\\/\\\/naturalpoland.com\\\/es\\\/productos\\\/extractos-de-plantas\\\/extracto-de-achicoria\\\/#primaryimage\"},\"thumbnailUrl\":\"https:\\\/\\\/naturalpoland.com\\\/wp-content\\\/uploads\\\/ekstrakt-glicerynowo-wodny-z-cykorii.webp\",\"datePublished\":\"2026-03-05T12:54:06+00:00\",\"dateModified\":\"2026-03-10T12:23:12+00:00\",\"description\":\"El extracto de achicoria (Cichorium intybus) es una materia prima vegetal natural con propiedades hidratantes y antioxidantes para cosm\u00e9ticos.\",\"breadcrumb\":{\"@id\":\"https:\\\/\\\/naturalpoland.com\\\/es\\\/productos\\\/extractos-de-plantas\\\/extracto-de-achicoria\\\/#breadcrumb\"},\"inLanguage\":\"es\",\"potentialAction\":[{\"@type\":\"ReadAction\",\"target\":[\"https:\\\/\\\/naturalpoland.com\\\/es\\\/productos\\\/extractos-de-plantas\\\/extracto-de-achicoria\\\/\"]}]},{\"@type\":\"ImageObject\",\"inLanguage\":\"es\",\"@id\":\"https:\\\/\\\/naturalpoland.com\\\/es\\\/productos\\\/extractos-de-plantas\\\/extracto-de-achicoria\\\/#primaryimage\",\"url\":\"https:\\\/\\\/naturalpoland.com\\\/wp-content\\\/uploads\\\/ekstrakt-glicerynowo-wodny-z-cykorii.webp\",\"contentUrl\":\"https:\\\/\\\/naturalpoland.com\\\/wp-content\\\/uploads\\\/ekstrakt-glicerynowo-wodny-z-cykorii.webp\",\"width\":350,\"height\":350,\"caption\":\"extracto hidroglic\u00e9rico de achicoria\"},{\"@type\":\"BreadcrumbList\",\"@id\":\"https:\\\/\\\/naturalpoland.com\\\/es\\\/productos\\\/extractos-de-plantas\\\/extracto-de-achicoria\\\/#breadcrumb\",\"itemListElement\":[{\"@type\":\"ListItem\",\"position\":1,\"name\":\"Inicio\",\"item\":\"https:\\\/\\\/naturalpoland.com\\\/es\\\/\"},{\"@type\":\"ListItem\",\"position\":2,\"name\":\"Productos\",\"item\":\"https:\\\/\\\/naturalpoland.com\\\/es\\\/productos\\\/\"},{\"@type\":\"ListItem\",\"position\":3,\"name\":\"Extracto de achicoria\"}]},{\"@type\":\"WebSite\",\"@id\":\"https:\\\/\\\/naturalpoland.com\\\/es\\\/#website\",\"url\":\"https:\\\/\\\/naturalpoland.com\\\/es\\\/\",\"name\":\"NATURAL POLAND - Distribuidor Mayorista de Materias Primas\",\"description\":\"Surowce dla przemys\u0142u spo\u017cywczego, kosmetycznego i farmaceutycznego\",\"publisher\":{\"@id\":\"https:\\\/\\\/naturalpoland.com\\\/es\\\/#organization\"},\"potentialAction\":[{\"@type\":\"SearchAction\",\"target\":{\"@type\":\"EntryPoint\",\"urlTemplate\":\"https:\\\/\\\/naturalpoland.com\\\/es\\\/?s={search_term_string}\"},\"query-input\":{\"@type\":\"PropertyValueSpecification\",\"valueRequired\":true,\"valueName\":\"search_term_string\"}}],\"inLanguage\":\"es\"},{\"@type\":\"Organization\",\"@id\":\"https:\\\/\\\/naturalpoland.com\\\/es\\\/#organization\",\"name\":\"Natural Poland\",\"url\":\"https:\\\/\\\/naturalpoland.com\\\/es\\\/\",\"logo\":{\"@type\":\"ImageObject\",\"inLanguage\":\"es\",\"@id\":\"https:\\\/\\\/naturalpoland.com\\\/es\\\/#\\\/schema\\\/logo\\\/image\\\/\",\"url\":\"https:\\\/\\\/naturalpoland.com\\\/wp-content\\\/uploads\\\/2021\\\/05\\\/natural-poland-icon.png\",\"contentUrl\":\"https:\\\/\\\/naturalpoland.com\\\/wp-content\\\/uploads\\\/2021\\\/05\\\/natural-poland-icon.png\",\"width\":512,\"height\":512,\"caption\":\"Natural Poland\"},\"image\":{\"@id\":\"https:\\\/\\\/naturalpoland.com\\\/es\\\/#\\\/schema\\\/logo\\\/image\\\/\"},\"sameAs\":[\"https:\\\/\\\/www.facebook.com\\\/naturalpoland.b2b\",\"https:\\\/\\\/pl.linkedin.com\\\/company\\\/natural-poland\",\"https:\\\/\\\/www.youtube.com\\\/channel\\\/UCgeGGkvOMahZo-xu_MSEWxg\"]}]}<\/script>\n<!-- \/ Yoast SEO plugin. -->","yoast_head_json":{"title":"Extracto de achicoria - Distribuidor mayorista","description":"El extracto de achicoria (Cichorium intybus) es una materia prima vegetal natural con propiedades hidratantes y antioxidantes para cosm\u00e9ticos.","robots":{"index":"index","follow":"follow","max-snippet":"max-snippet:-1","max-image-preview":"max-image-preview:large","max-video-preview":"max-video-preview:-1"},"canonical":"https:\/\/naturalpoland.com\/es\/productos\/extractos-de-plantas\/extracto-de-achicoria\/","og_locale":"es_ES","og_type":"article","og_title":"Extracto de achicoria - Distribuidor mayorista","og_description":"El extracto de achicoria (Cichorium intybus) es una materia prima vegetal natural con propiedades hidratantes y antioxidantes para cosm\u00e9ticos.","og_url":"https:\/\/naturalpoland.com\/es\/productos\/extractos-de-plantas\/extracto-de-achicoria\/","og_site_name":"NATURAL POLAND - Distribuidor Mayorista de Materias Primas","article_publisher":"https:\/\/www.facebook.com\/naturalpoland.b2b","article_modified_time":"2026-03-10T12:23:12+00:00","og_image":[{"width":350,"height":350,"url":"https:\/\/naturalpoland.com\/wp-content\/uploads\/ekstrakt-glicerynowo-wodny-z-cykorii.webp","type":"image\/webp"}],"schema":{"@context":"https:\/\/schema.org","@graph":[{"@type":"WebPage","@id":"https:\/\/naturalpoland.com\/es\/productos\/extractos-de-plantas\/extracto-de-achicoria\/","url":"https:\/\/naturalpoland.com\/es\/productos\/extractos-de-plantas\/extracto-de-achicoria\/","name":"Extracto de achicoria - Distribuidor mayorista","isPartOf":{"@id":"https:\/\/naturalpoland.com\/es\/#website"},"primaryImageOfPage":{"@id":"https:\/\/naturalpoland.com\/es\/productos\/extractos-de-plantas\/extracto-de-achicoria\/#primaryimage"},"image":{"@id":"https:\/\/naturalpoland.com\/es\/productos\/extractos-de-plantas\/extracto-de-achicoria\/#primaryimage"},"thumbnailUrl":"https:\/\/naturalpoland.com\/wp-content\/uploads\/ekstrakt-glicerynowo-wodny-z-cykorii.webp","datePublished":"2026-03-05T12:54:06+00:00","dateModified":"2026-03-10T12:23:12+00:00","description":"El extracto de achicoria (Cichorium intybus) es una materia prima vegetal natural con propiedades hidratantes y antioxidantes para cosm\u00e9ticos.","breadcrumb":{"@id":"https:\/\/naturalpoland.com\/es\/productos\/extractos-de-plantas\/extracto-de-achicoria\/#breadcrumb"},"inLanguage":"es","potentialAction":[{"@type":"ReadAction","target":["https:\/\/naturalpoland.com\/es\/productos\/extractos-de-plantas\/extracto-de-achicoria\/"]}]},{"@type":"ImageObject","inLanguage":"es","@id":"https:\/\/naturalpoland.com\/es\/productos\/extractos-de-plantas\/extracto-de-achicoria\/#primaryimage","url":"https:\/\/naturalpoland.com\/wp-content\/uploads\/ekstrakt-glicerynowo-wodny-z-cykorii.webp","contentUrl":"https:\/\/naturalpoland.com\/wp-content\/uploads\/ekstrakt-glicerynowo-wodny-z-cykorii.webp","width":350,"height":350,"caption":"extracto hidroglic\u00e9rico de achicoria"},{"@type":"BreadcrumbList","@id":"https:\/\/naturalpoland.com\/es\/productos\/extractos-de-plantas\/extracto-de-achicoria\/#breadcrumb","itemListElement":[{"@type":"ListItem","position":1,"name":"Inicio","item":"https:\/\/naturalpoland.com\/es\/"},{"@type":"ListItem","position":2,"name":"Productos","item":"https:\/\/naturalpoland.com\/es\/productos\/"},{"@type":"ListItem","position":3,"name":"Extracto de achicoria"}]},{"@type":"WebSite","@id":"https:\/\/naturalpoland.com\/es\/#website","url":"https:\/\/naturalpoland.com\/es\/","name":"NATURAL POLAND - Distribuidor Mayorista de Materias Primas","description":"Surowce dla przemys\u0142u spo\u017cywczego, kosmetycznego i farmaceutycznego","publisher":{"@id":"https:\/\/naturalpoland.com\/es\/#organization"},"potentialAction":[{"@type":"SearchAction","target":{"@type":"EntryPoint","urlTemplate":"https:\/\/naturalpoland.com\/es\/?s={search_term_string}"},"query-input":{"@type":"PropertyValueSpecification","valueRequired":true,"valueName":"search_term_string"}}],"inLanguage":"es"},{"@type":"Organization","@id":"https:\/\/naturalpoland.com\/es\/#organization","name":"Natural Poland","url":"https:\/\/naturalpoland.com\/es\/","logo":{"@type":"ImageObject","inLanguage":"es","@id":"https:\/\/naturalpoland.com\/es\/#\/schema\/logo\/image\/","url":"https:\/\/naturalpoland.com\/wp-content\/uploads\/2021\/05\/natural-poland-icon.png","contentUrl":"https:\/\/naturalpoland.com\/wp-content\/uploads\/2021\/05\/natural-poland-icon.png","width":512,"height":512,"caption":"Natural Poland"},"image":{"@id":"https:\/\/naturalpoland.com\/es\/#\/schema\/logo\/image\/"},"sameAs":["https:\/\/www.facebook.com\/naturalpoland.b2b","https:\/\/pl.linkedin.com\/company\/natural-poland","https:\/\/www.youtube.com\/channel\/UCgeGGkvOMahZo-xu_MSEWxg"]}]}},"_links":{"self":[{"href":"https:\/\/naturalpoland.com\/es\/wp-json\/wp\/v2\/product\/46525","targetHints":{"allow":["GET"]}}],"collection":[{"href":"https:\/\/naturalpoland.com\/es\/wp-json\/wp\/v2\/product"}],"about":[{"href":"https:\/\/naturalpoland.com\/es\/wp-json\/wp\/v2\/types\/product"}],"wp:featuredmedia":[{"embeddable":true,"href":"https:\/\/naturalpoland.com\/es\/wp-json\/wp\/v2\/media\/46526"}],"wp:attachment":[{"href":"https:\/\/naturalpoland.com\/es\/wp-json\/wp\/v2\/media?parent=46525"}],"wp:term":[{"taxonomy":"product_brand","embeddable":true,"href":"https:\/\/naturalpoland.com\/es\/wp-json\/wp\/v2\/product_brand?post=46525"},{"taxonomy":"product_cat","embeddable":true,"href":"https:\/\/naturalpoland.com\/es\/wp-json\/wp\/v2\/product_cat?post=46525"},{"taxonomy":"product_tag","embeddable":true,"href":"https:\/\/naturalpoland.com\/es\/wp-json\/wp\/v2\/product_tag?post=46525"}],"curies":[{"name":"wp","href":"https:\/\/api.w.org\/{rel}","templated":true}]}}