{"id":46734,"date":"2026-03-12T14:12:30","date_gmt":"2026-03-12T13:12:30","guid":{"rendered":"https:\/\/naturalpoland.com\/produkty\/sin categor\u00eda\/matcha\/"},"modified":"2026-03-12T15:26:45","modified_gmt":"2026-03-12T14:26:45","slug":"matcha","status":"publish","type":"product","link":"https:\/\/naturalpoland.com\/es\/productos\/productos-para-la-industria-alimentaria\/materias-primas-para-la-produccion\/matcha\/","title":{"rendered":"Matcha"},"content":{"rendered":"<h2>\u00bfC\u00f3mo se produce el matcha?<\/h2>\n<p>El matcha se produce a partir de hojas de t\u00e9 cultivadas en condiciones especiales. Los arbustos se sombrean parcialmente antes de la cosecha para aumentar el contenido de clorofila y de ciertos compuestos bioactivos. Tras la cosecha, las hojas se cuecen al vapor, se secan y se muelen hasta obtener un polvo fino en molinos de piedra tradicionales o molinos industriales de alta precisi\u00f3n.  <\/p>\n<h2>Tipos de matcha:<\/h2>\n<p>En nuestra oferta, disponemos de tres variedades de matcha:<\/p>\n<ul>\n<li><a href=\"https:\/\/naturalpoland.com\/es\/productos\/productos-para-la-industria-alimentaria\/materias-primas-para-la-produccion\/matcha\/#matcha-japonska\"><strong>Matcha japonesa<\/strong><\/a><\/li>\n<li><a href=\"https:\/\/naturalpoland.com\/es\/productos\/productos-para-la-industria-alimentaria\/materias-primas-para-la-produccion\/matcha\/#matcha-chinska\"><strong>Matcha china<\/strong><\/a><\/li>\n<li><a href=\"https:\/\/naturalpoland.com\/es\/productos\/productos-para-la-industria-alimentaria\/materias-primas-para-la-produccion\/matcha\/#matcha-japonska-ceremonialna\"><strong>Matcha japonesa ceremonial<\/strong><\/a><\/li>\n<\/ul>\n<p>Estas se diferencian por la calidad de las hojas, el perfil de sabor y el uso tecnol\u00f3gico.<\/p>\n<h2>Propiedades del matcha:<\/h2>\n<p>El matcha es valorado principalmente por su alto contenido en compuestos bioactivos naturales. Las hojas de t\u00e9 verde contienen <strong>catequinas<\/strong>, <strong>polifenoles<\/strong>, <strong>clorofila<\/strong> y <strong>amino\u00e1cidos<\/strong>, que confieren al producto sus caracter\u00edsticas propiedades funcionales. <\/p>\n<p>El matcha contiene, entre otros, <a href=\"https:\/\/naturalpoland.com\/es\/productos\/productos-para-la-industria-farmaceutica-y-medica\/aminoacidos\/l-teanina-2\/\"><strong>L-teanina<\/strong><\/a>, un amino\u00e1cido presente de forma natural en las hojas de t\u00e9, responsable del caracter\u00edstico sabor umami y que influye en la sensaci\u00f3n de estimulaci\u00f3n. En combinaci\u00f3n con la cafe\u00edna natural, puede favorecer la mejora de la concentraci\u00f3n y el mantenimiento de un nivel de energ\u00eda estable. <\/p>\n<p>El matcha es tambi\u00e9n una fuente de <strong>vitamina C<\/strong>, cuyo contenido en algunos lotes puede oscilar entre 150 y 200 mg por cada 100 g de producto. Adem\u00e1s, contiene <strong>clorofila<\/strong> y numerosos antioxidantes presentes en las hojas de t\u00e9 verde. <\/p>\n<p>Gracias a ello, el matcha se utiliza con frecuencia en productos funcionales y suplementos diet\u00e9ticos, as\u00ed como en bebidas y alimentos de alto valor nutricional.<\/p>\n<h2>Tipos de matcha disponibles en nuestra oferta:<\/h2>\n<h3 id=\"matcha-japonska\">Matcha japonesa<\/h3>\n<p>El matcha producido en Jap\u00f3n es considerado una de las variedades de t\u00e9 verde en polvo de mayor calidad. Las hojas de t\u00e9 se cultivan en plantaciones sombreadas y luego se cuecen al vapor y se muelen hasta obtener un polvo fino. <\/p>\n<p>Se caracteriza por un color verde intenso, un aroma distintivo y un sabor equilibrado. El matcha japon\u00e9s se utiliza a menudo tanto en bebidas como en la industria alimentaria. <\/p>\n<h3 id=\"matcha-chinska\">Matcha china<\/h3>\n<p>El matcha producido en China se utiliza habitualmente en productos industriales y gastron\u00f3micos. Su sabor es m\u00e1s pronunciado y ligeramente astringente, lo que lo hace ideal para postres, productos horneados o bebidas l\u00e1cteas. <\/p>\n<p>Gracias a su sabor intenso, el matcha chino combina bien con otros ingredientes y mantiene un perfil de t\u00e9 distintivo incluso en recetas complejas.<\/p>\n<h3 id=\"matcha-japonska-ceremonialna\">Matcha japonesa ceremonial<\/h3>\n<p>El matcha ceremonial es la variedad de matcha de la m\u00e1s alta calidad, destinada principalmente a la preparaci\u00f3n tradicional de la bebida de t\u00e9. Se produce a partir de las hojas m\u00e1s j\u00f3venes de las primeras cosechas. <\/p>\n<p>Se caracteriza por:<\/p>\n<ul>\n<li>un color verde muy intenso,<\/li>\n<li>un sabor delicado y cremoso,<\/li>\n<li>un amargor m\u00ednimo,<\/li>\n<li>notas umami pronunciadas.<\/li>\n<\/ul>\n<p>El matcha ceremonial se utiliza principalmente en la ceremonia tradicional del t\u00e9 y en bebidas de t\u00e9 de alta calidad.<\/p>\n<h2>Aplicaciones del matcha:<\/h2>\n<p>El matcha tiene una amplia aplicaci\u00f3n en diversas industrias alimentarias y de suplementos. Gracias a su color intenso y sabor caracter\u00edstico, es muy utilizado como ingrediente en: <\/p>\n<ul>\n<li>bebidas funcionales y t\u00e9s,<\/li>\n<li>matcha latte y bebidas l\u00e1cteas,<\/li>\n<li>postres y productos de confiter\u00eda,<\/li>\n<li>helados y sorbetes,<\/li>\n<li>barritas y productos proteicos,<\/li>\n<li>suplementos diet\u00e9ticos,<\/li>\n<li>mezclas tipo superalimento.<\/li>\n<\/ul>\n<p>El matcha culinario es especialmente adecuado para aplicaciones industriales, ya que su sabor pronunciado se mantiene incluso en recetas que contienen az\u00facar, leche o harina.<\/p>\n<h2>Preguntas frecuentes:<\/h2>\n<h3>\u00bfContiene cafe\u00edna el matcha?<\/h3>\n<p>S\u00ed, el matcha contiene cafe\u00edna de forma natural, ya que se elabora a partir de hojas de t\u00e9 verde. Dependiendo de la calidad y el m\u00e9todo de producci\u00f3n, su contenido puede oscilar entre el 2,8% y el 3,2% en materia seca. <\/p>\n<p>En la pr\u00e1ctica, esto significa que las bebidas preparadas con matcha pueden tener un efecto estimulante. Sin embargo, gracias a la presencia de L-teanina, el efecto de la cafe\u00edna es m\u00e1s gradual y a menudo se describe como m\u00e1s suave que el del caf\u00e9. <\/p>\n<p>Por esta raz\u00f3n, el matcha es muy utilizado en:<\/p>\n<ul>\n<li>bebidas funcionales,<\/li>\n<li>productos energ\u00e9ticos,<\/li>\n<li>suplementos que favorecen la concentraci\u00f3n.<\/li>\n<\/ul>\n<h3>\u00bfA qu\u00e9 sabe el matcha?<\/h3>\n<p>El sabor del matcha es caracter\u00edstico y difiere notablemente del t\u00e9 verde cl\u00e1sico. Dependiendo de la calidad del producto, puede ser: <\/p>\n<ul>\n<li>delicado y ligeramente dulce,<\/li>\n<li>vegetal y fresco,<\/li>\n<li>ligeramente amargo o astringente.<\/li>\n<\/ul>\n<p>El matcha de mayor calidad, especialmente el <strong>ceremonial<\/strong>, se caracteriza por un perfil de sabor m\u00e1s equilibrado con una nota umami y un amargor suave. Por otro lado, el <strong>matcha culinario<\/strong> o <strong>industrial<\/strong> suele tener un amargor y una astringencia m\u00e1s pronunciados, lo que lo hace ideal para combinar con az\u00facar, leche u otros ingredientes en productos alimenticios. <\/p>\n<h3>\u00bfEs estimulante el matcha?<\/h3>\n<p>El matcha es una fuente natural de cafe\u00edna, por lo que puede influir en los niveles de energ\u00eda y concentraci\u00f3n. Gracias a la presencia de amino\u00e1cidos, incluida la L-teanina, el efecto estimulante suele ser m\u00e1s estable que en el caso de las bebidas que contienen \u00fanicamente cafe\u00edna. Por ello, el matcha se utiliza a menudo como ingrediente en bebidas energ\u00e9ticas, bebidas funcionales y productos que favorecen la concentraci\u00f3n y la actividad mental.  <\/p>\n<h3>\u00bfEs saludable el matcha?<\/h3>\n<p>El matcha es considerado un producto de alto valor nutricional, ya que contiene numerosos compuestos naturales presentes en las hojas de t\u00e9 verde. Entre ellos se encuentran polifenoles y antioxidantes, que pueden contribuir a proteger las c\u00e9lulas del estr\u00e9s oxidativo. Adem\u00e1s, el matcha aporta fibra, prote\u00ednas y minerales. En la especificaci\u00f3n analizada, el contenido de prote\u00ednas puede ser de aproximadamente 29,9 g por cada 100 g de producto, y el de fibra de aproximadamente 36,4 g por cada 100 g.   <\/p>\n","protected":false},"excerpt":{"rendered":"<p><strong>Matcha<\/strong> es un <strong>t\u00e9 verde en polvo<\/strong> de alta calidad obtenido de las hojas de la planta <em>Camellia sinensis<\/em>. A diferencia del t\u00e9 de hojas cl\u00e1sico, en el caso del matcha se consume la hoja de t\u00e9 entera en forma de polvo muy fino. Gracias a ello, el producto conserva todo el espectro de ingredientes activos naturales presentes en las hojas de t\u00e9.  <\/p>\n","protected":false},"featured_media":46735,"template":"","meta":{"_acf_changed":false},"product_brand":[],"product_cat":[1062],"product_tag":[],"class_list":{"0":"post-46734","1":"product","2":"type-product","3":"status-publish","4":"has-post-thumbnail","6":"product_cat-materias-primas-para-la-produccion","7":"pa_czesc-rosliny-deja","8":"pa_metoda-pozyskiwania-cultivado-a-la-sombra-cocido-al-vapor-molido-en-molinos-de-piedra","10":"first","11":"instock","12":"shipping-taxable","13":"product-type-simple"},"acf":[],"yoast_head":"<!-- This site is optimized with the Yoast SEO plugin v27.4 - https:\/\/yoast.com\/product\/yoast-seo-wordpress\/ -->\n<title>Matcha - Distribuidor mayorista<\/title>\n<meta name=\"description\" content=\"Matcha \u2013 t\u00e9 verde en polvo disponible en variedades japonesa, china y ceremonial. Fuente natural de cafe\u00edna y antioxidantes.\" \/>\n<meta name=\"robots\" content=\"index, follow, max-snippet:-1, max-image-preview:large, max-video-preview:-1\" \/>\n<link rel=\"canonical\" href=\"https:\/\/naturalpoland.com\/es\/productos\/productos-para-la-industria-alimentaria\/materias-primas-para-la-produccion\/matcha\/\" \/>\n<meta property=\"og:locale\" content=\"es_ES\" \/>\n<meta property=\"og:type\" content=\"article\" \/>\n<meta property=\"og:title\" content=\"Matcha - Distribuidor mayorista\" \/>\n<meta property=\"og:description\" content=\"Matcha \u2013 t\u00e9 verde en polvo disponible en variedades japonesa, china y ceremonial. Fuente natural de cafe\u00edna y antioxidantes.\" \/>\n<meta property=\"og:url\" content=\"https:\/\/naturalpoland.com\/es\/productos\/productos-para-la-industria-alimentaria\/materias-primas-para-la-produccion\/matcha\/\" \/>\n<meta property=\"og:site_name\" content=\"NATURAL POLAND - Distribuidor Mayorista de Materias Primas\" \/>\n<meta property=\"article:publisher\" content=\"https:\/\/www.facebook.com\/naturalpoland.b2b\" \/>\n<meta property=\"article:modified_time\" content=\"2026-03-12T14:26:45+00:00\" \/>\n<meta property=\"og:image\" content=\"https:\/\/naturalpoland.com\/wp-content\/uploads\/matcha.png\" \/>\n\t<meta property=\"og:image:width\" content=\"1024\" \/>\n\t<meta property=\"og:image:height\" content=\"1024\" \/>\n\t<meta property=\"og:image:type\" content=\"image\/png\" \/>\n<script type=\"application\/ld+json\" class=\"yoast-schema-graph\">{\"@context\":\"https:\\\/\\\/schema.org\",\"@graph\":[{\"@type\":\"WebPage\",\"@id\":\"https:\\\/\\\/naturalpoland.com\\\/es\\\/productos\\\/productos-para-la-industria-alimentaria\\\/materias-primas-para-la-produccion\\\/matcha\\\/\",\"url\":\"https:\\\/\\\/naturalpoland.com\\\/es\\\/productos\\\/productos-para-la-industria-alimentaria\\\/materias-primas-para-la-produccion\\\/matcha\\\/\",\"name\":\"Matcha - Distribuidor mayorista\",\"isPartOf\":{\"@id\":\"https:\\\/\\\/naturalpoland.com\\\/es\\\/#website\"},\"primaryImageOfPage\":{\"@id\":\"https:\\\/\\\/naturalpoland.com\\\/es\\\/productos\\\/productos-para-la-industria-alimentaria\\\/materias-primas-para-la-produccion\\\/matcha\\\/#primaryimage\"},\"image\":{\"@id\":\"https:\\\/\\\/naturalpoland.com\\\/es\\\/productos\\\/productos-para-la-industria-alimentaria\\\/materias-primas-para-la-produccion\\\/matcha\\\/#primaryimage\"},\"thumbnailUrl\":\"https:\\\/\\\/naturalpoland.com\\\/wp-content\\\/uploads\\\/matcha.png\",\"datePublished\":\"2026-03-12T13:12:30+00:00\",\"dateModified\":\"2026-03-12T14:26:45+00:00\",\"description\":\"Matcha \u2013 t\u00e9 verde en polvo disponible en variedades japonesa, china y ceremonial. Fuente natural de cafe\u00edna y antioxidantes.\",\"breadcrumb\":{\"@id\":\"https:\\\/\\\/naturalpoland.com\\\/es\\\/productos\\\/productos-para-la-industria-alimentaria\\\/materias-primas-para-la-produccion\\\/matcha\\\/#breadcrumb\"},\"inLanguage\":\"es\",\"potentialAction\":[{\"@type\":\"ReadAction\",\"target\":[\"https:\\\/\\\/naturalpoland.com\\\/es\\\/productos\\\/productos-para-la-industria-alimentaria\\\/materias-primas-para-la-produccion\\\/matcha\\\/\"]}]},{\"@type\":\"ImageObject\",\"inLanguage\":\"es\",\"@id\":\"https:\\\/\\\/naturalpoland.com\\\/es\\\/productos\\\/productos-para-la-industria-alimentaria\\\/materias-primas-para-la-produccion\\\/matcha\\\/#primaryimage\",\"url\":\"https:\\\/\\\/naturalpoland.com\\\/wp-content\\\/uploads\\\/matcha.png\",\"contentUrl\":\"https:\\\/\\\/naturalpoland.com\\\/wp-content\\\/uploads\\\/matcha.png\",\"width\":1024,\"height\":1024,\"caption\":\"matcha\"},{\"@type\":\"BreadcrumbList\",\"@id\":\"https:\\\/\\\/naturalpoland.com\\\/es\\\/productos\\\/productos-para-la-industria-alimentaria\\\/materias-primas-para-la-produccion\\\/matcha\\\/#breadcrumb\",\"itemListElement\":[{\"@type\":\"ListItem\",\"position\":1,\"name\":\"Inicio\",\"item\":\"https:\\\/\\\/naturalpoland.com\\\/es\\\/\"},{\"@type\":\"ListItem\",\"position\":2,\"name\":\"Productos\",\"item\":\"https:\\\/\\\/naturalpoland.com\\\/es\\\/productos\\\/\"},{\"@type\":\"ListItem\",\"position\":3,\"name\":\"Matcha\"}]},{\"@type\":\"WebSite\",\"@id\":\"https:\\\/\\\/naturalpoland.com\\\/es\\\/#website\",\"url\":\"https:\\\/\\\/naturalpoland.com\\\/es\\\/\",\"name\":\"NATURAL POLAND - Distribuidor Mayorista de Materias Primas\",\"description\":\"Surowce dla przemys\u0142u spo\u017cywczego, kosmetycznego i farmaceutycznego\",\"publisher\":{\"@id\":\"https:\\\/\\\/naturalpoland.com\\\/es\\\/#organization\"},\"potentialAction\":[{\"@type\":\"SearchAction\",\"target\":{\"@type\":\"EntryPoint\",\"urlTemplate\":\"https:\\\/\\\/naturalpoland.com\\\/es\\\/?s={search_term_string}\"},\"query-input\":{\"@type\":\"PropertyValueSpecification\",\"valueRequired\":true,\"valueName\":\"search_term_string\"}}],\"inLanguage\":\"es\"},{\"@type\":\"Organization\",\"@id\":\"https:\\\/\\\/naturalpoland.com\\\/es\\\/#organization\",\"name\":\"Natural Poland\",\"url\":\"https:\\\/\\\/naturalpoland.com\\\/es\\\/\",\"logo\":{\"@type\":\"ImageObject\",\"inLanguage\":\"es\",\"@id\":\"https:\\\/\\\/naturalpoland.com\\\/es\\\/#\\\/schema\\\/logo\\\/image\\\/\",\"url\":\"https:\\\/\\\/naturalpoland.com\\\/wp-content\\\/uploads\\\/2021\\\/05\\\/natural-poland-icon.png\",\"contentUrl\":\"https:\\\/\\\/naturalpoland.com\\\/wp-content\\\/uploads\\\/2021\\\/05\\\/natural-poland-icon.png\",\"width\":512,\"height\":512,\"caption\":\"Natural Poland\"},\"image\":{\"@id\":\"https:\\\/\\\/naturalpoland.com\\\/es\\\/#\\\/schema\\\/logo\\\/image\\\/\"},\"sameAs\":[\"https:\\\/\\\/www.facebook.com\\\/naturalpoland.b2b\",\"https:\\\/\\\/pl.linkedin.com\\\/company\\\/natural-poland\",\"https:\\\/\\\/www.youtube.com\\\/channel\\\/UCgeGGkvOMahZo-xu_MSEWxg\"]}]}<\/script>\n<!-- \/ Yoast SEO plugin. -->","yoast_head_json":{"title":"Matcha - Distribuidor mayorista","description":"Matcha \u2013 t\u00e9 verde en polvo disponible en variedades japonesa, china y ceremonial. Fuente natural de cafe\u00edna y antioxidantes.","robots":{"index":"index","follow":"follow","max-snippet":"max-snippet:-1","max-image-preview":"max-image-preview:large","max-video-preview":"max-video-preview:-1"},"canonical":"https:\/\/naturalpoland.com\/es\/productos\/productos-para-la-industria-alimentaria\/materias-primas-para-la-produccion\/matcha\/","og_locale":"es_ES","og_type":"article","og_title":"Matcha - Distribuidor mayorista","og_description":"Matcha \u2013 t\u00e9 verde en polvo disponible en variedades japonesa, china y ceremonial. Fuente natural de cafe\u00edna y antioxidantes.","og_url":"https:\/\/naturalpoland.com\/es\/productos\/productos-para-la-industria-alimentaria\/materias-primas-para-la-produccion\/matcha\/","og_site_name":"NATURAL POLAND - Distribuidor Mayorista de Materias Primas","article_publisher":"https:\/\/www.facebook.com\/naturalpoland.b2b","article_modified_time":"2026-03-12T14:26:45+00:00","og_image":[{"width":1024,"height":1024,"url":"https:\/\/naturalpoland.com\/wp-content\/uploads\/matcha.png","type":"image\/png"}],"schema":{"@context":"https:\/\/schema.org","@graph":[{"@type":"WebPage","@id":"https:\/\/naturalpoland.com\/es\/productos\/productos-para-la-industria-alimentaria\/materias-primas-para-la-produccion\/matcha\/","url":"https:\/\/naturalpoland.com\/es\/productos\/productos-para-la-industria-alimentaria\/materias-primas-para-la-produccion\/matcha\/","name":"Matcha - Distribuidor mayorista","isPartOf":{"@id":"https:\/\/naturalpoland.com\/es\/#website"},"primaryImageOfPage":{"@id":"https:\/\/naturalpoland.com\/es\/productos\/productos-para-la-industria-alimentaria\/materias-primas-para-la-produccion\/matcha\/#primaryimage"},"image":{"@id":"https:\/\/naturalpoland.com\/es\/productos\/productos-para-la-industria-alimentaria\/materias-primas-para-la-produccion\/matcha\/#primaryimage"},"thumbnailUrl":"https:\/\/naturalpoland.com\/wp-content\/uploads\/matcha.png","datePublished":"2026-03-12T13:12:30+00:00","dateModified":"2026-03-12T14:26:45+00:00","description":"Matcha \u2013 t\u00e9 verde en polvo disponible en variedades japonesa, china y ceremonial. Fuente natural de cafe\u00edna y antioxidantes.","breadcrumb":{"@id":"https:\/\/naturalpoland.com\/es\/productos\/productos-para-la-industria-alimentaria\/materias-primas-para-la-produccion\/matcha\/#breadcrumb"},"inLanguage":"es","potentialAction":[{"@type":"ReadAction","target":["https:\/\/naturalpoland.com\/es\/productos\/productos-para-la-industria-alimentaria\/materias-primas-para-la-produccion\/matcha\/"]}]},{"@type":"ImageObject","inLanguage":"es","@id":"https:\/\/naturalpoland.com\/es\/productos\/productos-para-la-industria-alimentaria\/materias-primas-para-la-produccion\/matcha\/#primaryimage","url":"https:\/\/naturalpoland.com\/wp-content\/uploads\/matcha.png","contentUrl":"https:\/\/naturalpoland.com\/wp-content\/uploads\/matcha.png","width":1024,"height":1024,"caption":"matcha"},{"@type":"BreadcrumbList","@id":"https:\/\/naturalpoland.com\/es\/productos\/productos-para-la-industria-alimentaria\/materias-primas-para-la-produccion\/matcha\/#breadcrumb","itemListElement":[{"@type":"ListItem","position":1,"name":"Inicio","item":"https:\/\/naturalpoland.com\/es\/"},{"@type":"ListItem","position":2,"name":"Productos","item":"https:\/\/naturalpoland.com\/es\/productos\/"},{"@type":"ListItem","position":3,"name":"Matcha"}]},{"@type":"WebSite","@id":"https:\/\/naturalpoland.com\/es\/#website","url":"https:\/\/naturalpoland.com\/es\/","name":"NATURAL POLAND - Distribuidor Mayorista de Materias Primas","description":"Surowce dla przemys\u0142u spo\u017cywczego, kosmetycznego i farmaceutycznego","publisher":{"@id":"https:\/\/naturalpoland.com\/es\/#organization"},"potentialAction":[{"@type":"SearchAction","target":{"@type":"EntryPoint","urlTemplate":"https:\/\/naturalpoland.com\/es\/?s={search_term_string}"},"query-input":{"@type":"PropertyValueSpecification","valueRequired":true,"valueName":"search_term_string"}}],"inLanguage":"es"},{"@type":"Organization","@id":"https:\/\/naturalpoland.com\/es\/#organization","name":"Natural Poland","url":"https:\/\/naturalpoland.com\/es\/","logo":{"@type":"ImageObject","inLanguage":"es","@id":"https:\/\/naturalpoland.com\/es\/#\/schema\/logo\/image\/","url":"https:\/\/naturalpoland.com\/wp-content\/uploads\/2021\/05\/natural-poland-icon.png","contentUrl":"https:\/\/naturalpoland.com\/wp-content\/uploads\/2021\/05\/natural-poland-icon.png","width":512,"height":512,"caption":"Natural Poland"},"image":{"@id":"https:\/\/naturalpoland.com\/es\/#\/schema\/logo\/image\/"},"sameAs":["https:\/\/www.facebook.com\/naturalpoland.b2b","https:\/\/pl.linkedin.com\/company\/natural-poland","https:\/\/www.youtube.com\/channel\/UCgeGGkvOMahZo-xu_MSEWxg"]}]}},"_links":{"self":[{"href":"https:\/\/naturalpoland.com\/es\/wp-json\/wp\/v2\/product\/46734","targetHints":{"allow":["GET"]}}],"collection":[{"href":"https:\/\/naturalpoland.com\/es\/wp-json\/wp\/v2\/product"}],"about":[{"href":"https:\/\/naturalpoland.com\/es\/wp-json\/wp\/v2\/types\/product"}],"wp:featuredmedia":[{"embeddable":true,"href":"https:\/\/naturalpoland.com\/es\/wp-json\/wp\/v2\/media\/46735"}],"wp:attachment":[{"href":"https:\/\/naturalpoland.com\/es\/wp-json\/wp\/v2\/media?parent=46734"}],"wp:term":[{"taxonomy":"product_brand","embeddable":true,"href":"https:\/\/naturalpoland.com\/es\/wp-json\/wp\/v2\/product_brand?post=46734"},{"taxonomy":"product_cat","embeddable":true,"href":"https:\/\/naturalpoland.com\/es\/wp-json\/wp\/v2\/product_cat?post=46734"},{"taxonomy":"product_tag","embeddable":true,"href":"https:\/\/naturalpoland.com\/es\/wp-json\/wp\/v2\/product_tag?post=46734"}],"curies":[{"name":"wp","href":"https:\/\/api.w.org\/{rel}","templated":true}]}}