{"id":46908,"date":"2026-03-19T12:26:03","date_gmt":"2026-03-19T11:26:03","guid":{"rendered":"https:\/\/naturalpoland.com\/produkty\/sin categor\u00eda\/proteina-hidrolizada-de-pavo\/"},"modified":"2026-03-20T10:39:35","modified_gmt":"2026-03-20T09:39:35","slug":"proteina-hidrolizada-de-pavo","status":"publish","type":"product","link":"https:\/\/naturalpoland.com\/es\/productos\/productos-para-la-industria-alimentaria\/proteina-hidrolizada-de-pavo\/","title":{"rendered":"Prote\u00edna hidrolizada de pavo"},"content":{"rendered":"<h2>Propiedades:<\/h2>\n<p>La prote\u00edna hidrolizada de pavo contiene una mezcla de p\u00e9ptidos, polip\u00e9ptidos y amino\u00e1cidos resultantes de una hidr\u00f3lisis enzim\u00e1tica controlada. El producto se caracteriza por su muy buena solubilidad y alta asimilaci\u00f3n. <\/p>\n<h2>Aplicaci\u00f3n de la prote\u00edna hidrolizada de pavo:<\/h2>\n<p>Su perfil organol\u00e9ptico espec\u00edfico, descrito como ligeramente similar al caldo, hace que este hidrolizado pueda desempe\u00f1ar simult\u00e1neamente una funci\u00f3n nutricional y sensorial, especialmente en productos como sopas, salsas o concentrados alimentarios. En aplicaciones nutrac\u00e9uticas se utiliza como fuente de prote\u00edna de alto valor biol\u00f3gico, mientras que en la industria alimentaria puede emplearse como ingrediente para enriquecer productos en prote\u00edna y mejorar su perfil de amino\u00e1cidos. Gracias a su funcionalidad, tambi\u00e9n encuentra aplicaci\u00f3n en productos para deportistas y en alimentos de uso especial.  <\/p>\n<p>El producto se utiliza en:<\/p>\n<ul>\n<li>suplementos diet\u00e9ticos (hiperproteicos),<\/li>\n<li>alimentos funcionales,<\/li>\n<li>productos deportivos,<\/li>\n<li>sopas, salsas y concentrados arom\u00e1ticos,<\/li>\n<li>productos para alimentaci\u00f3n animal.<\/li>\n<\/ul>\n","protected":false},"excerpt":{"rendered":"<p><strong>La prote\u00edna hidrolizada de pavo<\/strong> se obtiene mediante hidr\u00f3lisis controlada de prote\u00ednas musculares. El producto contiene una mezcla de p\u00e9ptidos, polip\u00e9ptidos y amino\u00e1cidos libres y se presenta en forma de polvo con un sabor caracter\u00edstico ligeramente similar al caldo. El contenido de prote\u00edna es \u226585% y el producto presenta alta solubilidad en agua.  <\/p>\n","protected":false},"featured_media":46911,"template":"","meta":{"_acf_changed":false},"product_brand":[],"product_cat":[1060],"product_tag":[],"class_list":{"0":"post-46908","1":"product","2":"type-product","3":"status-publish","4":"has-post-thumbnail","6":"product_cat-productos-para-la-industria-alimentaria","7":"pa_certyfikaty-brcgs-food","8":"pa_certyfikaty-halal-es","9":"pa_certyfikaty-ifs-food","10":"pa_certyfikaty-ifs-logistics","12":"first","13":"instock","14":"shipping-taxable","15":"product-type-simple"},"acf":[],"yoast_head":"<!-- This site is optimized with the Yoast SEO plugin v27.5 - https:\/\/yoast.com\/product\/yoast-seo-wordpress\/ -->\n<title>Prote\u00edna hidrolizada de pavo - Distribuidor mayorista<\/title>\n<meta name=\"description\" content=\"Prote\u00edna hidrolizada de pavo (\u226585% de prote\u00edna) \u2013 materia prima para suplementos, alimentos funcionales y productos hiperproteicos con buena solubilidad.\" \/>\n<meta name=\"robots\" content=\"index, follow, max-snippet:-1, max-image-preview:large, max-video-preview:-1\" \/>\n<link rel=\"canonical\" href=\"https:\/\/naturalpoland.com\/es\/productos\/productos-para-la-industria-alimentaria\/proteina-hidrolizada-de-pavo\/\" \/>\n<meta property=\"og:locale\" content=\"es_ES\" \/>\n<meta property=\"og:type\" content=\"article\" \/>\n<meta property=\"og:title\" content=\"Prote\u00edna hidrolizada de pavo - Distribuidor mayorista\" \/>\n<meta property=\"og:description\" content=\"Prote\u00edna hidrolizada de pavo (\u226585% de prote\u00edna) \u2013 materia prima para suplementos, alimentos funcionales y productos hiperproteicos con buena solubilidad.\" \/>\n<meta property=\"og:url\" content=\"https:\/\/naturalpoland.com\/es\/productos\/productos-para-la-industria-alimentaria\/proteina-hidrolizada-de-pavo\/\" \/>\n<meta property=\"og:site_name\" content=\"NATURAL POLAND - Distribuidor Mayorista de Materias Primas\" \/>\n<meta property=\"article:publisher\" content=\"https:\/\/www.facebook.com\/naturalpoland.b2b\" \/>\n<meta property=\"article:modified_time\" content=\"2026-03-20T09:39:35+00:00\" \/>\n<meta property=\"og:image\" content=\"https:\/\/naturalpoland.com\/wp-content\/uploads\/hydrolizowane-bialko-z-indyka.webp\" \/>\n\t<meta property=\"og:image:width\" content=\"1024\" \/>\n\t<meta property=\"og:image:height\" content=\"1024\" \/>\n\t<meta property=\"og:image:type\" content=\"image\/webp\" \/>\n<script type=\"application\/ld+json\" class=\"yoast-schema-graph\">{\"@context\":\"https:\\\/\\\/schema.org\",\"@graph\":[{\"@type\":\"WebPage\",\"@id\":\"https:\\\/\\\/naturalpoland.com\\\/es\\\/productos\\\/productos-para-la-industria-alimentaria\\\/proteina-hidrolizada-de-pavo\\\/\",\"url\":\"https:\\\/\\\/naturalpoland.com\\\/es\\\/productos\\\/productos-para-la-industria-alimentaria\\\/proteina-hidrolizada-de-pavo\\\/\",\"name\":\"Prote\u00edna hidrolizada de pavo - Distribuidor mayorista\",\"isPartOf\":{\"@id\":\"https:\\\/\\\/naturalpoland.com\\\/es\\\/#website\"},\"primaryImageOfPage\":{\"@id\":\"https:\\\/\\\/naturalpoland.com\\\/es\\\/productos\\\/productos-para-la-industria-alimentaria\\\/proteina-hidrolizada-de-pavo\\\/#primaryimage\"},\"image\":{\"@id\":\"https:\\\/\\\/naturalpoland.com\\\/es\\\/productos\\\/productos-para-la-industria-alimentaria\\\/proteina-hidrolizada-de-pavo\\\/#primaryimage\"},\"thumbnailUrl\":\"https:\\\/\\\/naturalpoland.com\\\/wp-content\\\/uploads\\\/hydrolizowane-bialko-z-indyka.webp\",\"datePublished\":\"2026-03-19T11:26:03+00:00\",\"dateModified\":\"2026-03-20T09:39:35+00:00\",\"description\":\"Prote\u00edna hidrolizada de pavo (\u226585% de prote\u00edna) \u2013 materia prima para suplementos, alimentos funcionales y productos hiperproteicos con buena solubilidad.\",\"breadcrumb\":{\"@id\":\"https:\\\/\\\/naturalpoland.com\\\/es\\\/productos\\\/productos-para-la-industria-alimentaria\\\/proteina-hidrolizada-de-pavo\\\/#breadcrumb\"},\"inLanguage\":\"es\",\"potentialAction\":[{\"@type\":\"ReadAction\",\"target\":[\"https:\\\/\\\/naturalpoland.com\\\/es\\\/productos\\\/productos-para-la-industria-alimentaria\\\/proteina-hidrolizada-de-pavo\\\/\"]}]},{\"@type\":\"ImageObject\",\"inLanguage\":\"es\",\"@id\":\"https:\\\/\\\/naturalpoland.com\\\/es\\\/productos\\\/productos-para-la-industria-alimentaria\\\/proteina-hidrolizada-de-pavo\\\/#primaryimage\",\"url\":\"https:\\\/\\\/naturalpoland.com\\\/wp-content\\\/uploads\\\/hydrolizowane-bialko-z-indyka.webp\",\"contentUrl\":\"https:\\\/\\\/naturalpoland.com\\\/wp-content\\\/uploads\\\/hydrolizowane-bialko-z-indyka.webp\",\"width\":1024,\"height\":1024,\"caption\":\"prote\u00edna hidrolizada de pavo\"},{\"@type\":\"BreadcrumbList\",\"@id\":\"https:\\\/\\\/naturalpoland.com\\\/es\\\/productos\\\/productos-para-la-industria-alimentaria\\\/proteina-hidrolizada-de-pavo\\\/#breadcrumb\",\"itemListElement\":[{\"@type\":\"ListItem\",\"position\":1,\"name\":\"Inicio\",\"item\":\"https:\\\/\\\/naturalpoland.com\\\/es\\\/\"},{\"@type\":\"ListItem\",\"position\":2,\"name\":\"Productos\",\"item\":\"https:\\\/\\\/naturalpoland.com\\\/es\\\/productos\\\/\"},{\"@type\":\"ListItem\",\"position\":3,\"name\":\"Prote\u00edna hidrolizada de pavo\"}]},{\"@type\":\"WebSite\",\"@id\":\"https:\\\/\\\/naturalpoland.com\\\/es\\\/#website\",\"url\":\"https:\\\/\\\/naturalpoland.com\\\/es\\\/\",\"name\":\"NATURAL POLAND - Distribuidor Mayorista de Materias Primas\",\"description\":\"Surowce dla przemys\u0142u spo\u017cywczego, kosmetycznego i farmaceutycznego\",\"publisher\":{\"@id\":\"https:\\\/\\\/naturalpoland.com\\\/es\\\/#organization\"},\"potentialAction\":[{\"@type\":\"SearchAction\",\"target\":{\"@type\":\"EntryPoint\",\"urlTemplate\":\"https:\\\/\\\/naturalpoland.com\\\/es\\\/?s={search_term_string}\"},\"query-input\":{\"@type\":\"PropertyValueSpecification\",\"valueRequired\":true,\"valueName\":\"search_term_string\"}}],\"inLanguage\":\"es\"},{\"@type\":\"Organization\",\"@id\":\"https:\\\/\\\/naturalpoland.com\\\/es\\\/#organization\",\"name\":\"Natural Poland\",\"url\":\"https:\\\/\\\/naturalpoland.com\\\/es\\\/\",\"logo\":{\"@type\":\"ImageObject\",\"inLanguage\":\"es\",\"@id\":\"https:\\\/\\\/naturalpoland.com\\\/es\\\/#\\\/schema\\\/logo\\\/image\\\/\",\"url\":\"https:\\\/\\\/naturalpoland.com\\\/wp-content\\\/uploads\\\/2021\\\/05\\\/natural-poland-icon.png\",\"contentUrl\":\"https:\\\/\\\/naturalpoland.com\\\/wp-content\\\/uploads\\\/2021\\\/05\\\/natural-poland-icon.png\",\"width\":512,\"height\":512,\"caption\":\"Natural Poland\"},\"image\":{\"@id\":\"https:\\\/\\\/naturalpoland.com\\\/es\\\/#\\\/schema\\\/logo\\\/image\\\/\"},\"sameAs\":[\"https:\\\/\\\/www.facebook.com\\\/naturalpoland.b2b\",\"https:\\\/\\\/pl.linkedin.com\\\/company\\\/natural-poland\",\"https:\\\/\\\/www.youtube.com\\\/channel\\\/UCgeGGkvOMahZo-xu_MSEWxg\"]}]}<\/script>\n<!-- \/ Yoast SEO plugin. -->","yoast_head_json":{"title":"Prote\u00edna hidrolizada de pavo - Distribuidor mayorista","description":"Prote\u00edna hidrolizada de pavo (\u226585% de prote\u00edna) \u2013 materia prima para suplementos, alimentos funcionales y productos hiperproteicos con buena solubilidad.","robots":{"index":"index","follow":"follow","max-snippet":"max-snippet:-1","max-image-preview":"max-image-preview:large","max-video-preview":"max-video-preview:-1"},"canonical":"https:\/\/naturalpoland.com\/es\/productos\/productos-para-la-industria-alimentaria\/proteina-hidrolizada-de-pavo\/","og_locale":"es_ES","og_type":"article","og_title":"Prote\u00edna hidrolizada de pavo - Distribuidor mayorista","og_description":"Prote\u00edna hidrolizada de pavo (\u226585% de prote\u00edna) \u2013 materia prima para suplementos, alimentos funcionales y productos hiperproteicos con buena solubilidad.","og_url":"https:\/\/naturalpoland.com\/es\/productos\/productos-para-la-industria-alimentaria\/proteina-hidrolizada-de-pavo\/","og_site_name":"NATURAL POLAND - Distribuidor Mayorista de Materias Primas","article_publisher":"https:\/\/www.facebook.com\/naturalpoland.b2b","article_modified_time":"2026-03-20T09:39:35+00:00","og_image":[{"width":1024,"height":1024,"url":"https:\/\/naturalpoland.com\/wp-content\/uploads\/hydrolizowane-bialko-z-indyka.webp","type":"image\/webp"}],"schema":{"@context":"https:\/\/schema.org","@graph":[{"@type":"WebPage","@id":"https:\/\/naturalpoland.com\/es\/productos\/productos-para-la-industria-alimentaria\/proteina-hidrolizada-de-pavo\/","url":"https:\/\/naturalpoland.com\/es\/productos\/productos-para-la-industria-alimentaria\/proteina-hidrolizada-de-pavo\/","name":"Prote\u00edna hidrolizada de pavo - Distribuidor mayorista","isPartOf":{"@id":"https:\/\/naturalpoland.com\/es\/#website"},"primaryImageOfPage":{"@id":"https:\/\/naturalpoland.com\/es\/productos\/productos-para-la-industria-alimentaria\/proteina-hidrolizada-de-pavo\/#primaryimage"},"image":{"@id":"https:\/\/naturalpoland.com\/es\/productos\/productos-para-la-industria-alimentaria\/proteina-hidrolizada-de-pavo\/#primaryimage"},"thumbnailUrl":"https:\/\/naturalpoland.com\/wp-content\/uploads\/hydrolizowane-bialko-z-indyka.webp","datePublished":"2026-03-19T11:26:03+00:00","dateModified":"2026-03-20T09:39:35+00:00","description":"Prote\u00edna hidrolizada de pavo (\u226585% de prote\u00edna) \u2013 materia prima para suplementos, alimentos funcionales y productos hiperproteicos con buena solubilidad.","breadcrumb":{"@id":"https:\/\/naturalpoland.com\/es\/productos\/productos-para-la-industria-alimentaria\/proteina-hidrolizada-de-pavo\/#breadcrumb"},"inLanguage":"es","potentialAction":[{"@type":"ReadAction","target":["https:\/\/naturalpoland.com\/es\/productos\/productos-para-la-industria-alimentaria\/proteina-hidrolizada-de-pavo\/"]}]},{"@type":"ImageObject","inLanguage":"es","@id":"https:\/\/naturalpoland.com\/es\/productos\/productos-para-la-industria-alimentaria\/proteina-hidrolizada-de-pavo\/#primaryimage","url":"https:\/\/naturalpoland.com\/wp-content\/uploads\/hydrolizowane-bialko-z-indyka.webp","contentUrl":"https:\/\/naturalpoland.com\/wp-content\/uploads\/hydrolizowane-bialko-z-indyka.webp","width":1024,"height":1024,"caption":"prote\u00edna hidrolizada de pavo"},{"@type":"BreadcrumbList","@id":"https:\/\/naturalpoland.com\/es\/productos\/productos-para-la-industria-alimentaria\/proteina-hidrolizada-de-pavo\/#breadcrumb","itemListElement":[{"@type":"ListItem","position":1,"name":"Inicio","item":"https:\/\/naturalpoland.com\/es\/"},{"@type":"ListItem","position":2,"name":"Productos","item":"https:\/\/naturalpoland.com\/es\/productos\/"},{"@type":"ListItem","position":3,"name":"Prote\u00edna hidrolizada de pavo"}]},{"@type":"WebSite","@id":"https:\/\/naturalpoland.com\/es\/#website","url":"https:\/\/naturalpoland.com\/es\/","name":"NATURAL POLAND - Distribuidor Mayorista de Materias Primas","description":"Surowce dla przemys\u0142u spo\u017cywczego, kosmetycznego i farmaceutycznego","publisher":{"@id":"https:\/\/naturalpoland.com\/es\/#organization"},"potentialAction":[{"@type":"SearchAction","target":{"@type":"EntryPoint","urlTemplate":"https:\/\/naturalpoland.com\/es\/?s={search_term_string}"},"query-input":{"@type":"PropertyValueSpecification","valueRequired":true,"valueName":"search_term_string"}}],"inLanguage":"es"},{"@type":"Organization","@id":"https:\/\/naturalpoland.com\/es\/#organization","name":"Natural Poland","url":"https:\/\/naturalpoland.com\/es\/","logo":{"@type":"ImageObject","inLanguage":"es","@id":"https:\/\/naturalpoland.com\/es\/#\/schema\/logo\/image\/","url":"https:\/\/naturalpoland.com\/wp-content\/uploads\/2021\/05\/natural-poland-icon.png","contentUrl":"https:\/\/naturalpoland.com\/wp-content\/uploads\/2021\/05\/natural-poland-icon.png","width":512,"height":512,"caption":"Natural Poland"},"image":{"@id":"https:\/\/naturalpoland.com\/es\/#\/schema\/logo\/image\/"},"sameAs":["https:\/\/www.facebook.com\/naturalpoland.b2b","https:\/\/pl.linkedin.com\/company\/natural-poland","https:\/\/www.youtube.com\/channel\/UCgeGGkvOMahZo-xu_MSEWxg"]}]}},"_links":{"self":[{"href":"https:\/\/naturalpoland.com\/es\/wp-json\/wp\/v2\/product\/46908","targetHints":{"allow":["GET"]}}],"collection":[{"href":"https:\/\/naturalpoland.com\/es\/wp-json\/wp\/v2\/product"}],"about":[{"href":"https:\/\/naturalpoland.com\/es\/wp-json\/wp\/v2\/types\/product"}],"wp:featuredmedia":[{"embeddable":true,"href":"https:\/\/naturalpoland.com\/es\/wp-json\/wp\/v2\/media\/46911"}],"wp:attachment":[{"href":"https:\/\/naturalpoland.com\/es\/wp-json\/wp\/v2\/media?parent=46908"}],"wp:term":[{"taxonomy":"product_brand","embeddable":true,"href":"https:\/\/naturalpoland.com\/es\/wp-json\/wp\/v2\/product_brand?post=46908"},{"taxonomy":"product_cat","embeddable":true,"href":"https:\/\/naturalpoland.com\/es\/wp-json\/wp\/v2\/product_cat?post=46908"},{"taxonomy":"product_tag","embeddable":true,"href":"https:\/\/naturalpoland.com\/es\/wp-json\/wp\/v2\/product_tag?post=46908"}],"curies":[{"name":"wp","href":"https:\/\/api.w.org\/{rel}","templated":true}]}}