{"id":47012,"date":"2026-03-12T14:42:25","date_gmt":"2026-03-12T13:42:25","guid":{"rendered":"https:\/\/naturalpoland.com\/produkty\/sin categor\u00eda\/leche-de-coco-en-polvo\/"},"modified":"2026-03-20T13:44:28","modified_gmt":"2026-03-20T12:44:28","slug":"leche-de-coco-en-polvo","status":"publish","type":"product","link":"https:\/\/naturalpoland.com\/es\/productos\/productos-para-la-industria-alimentaria\/materias-primas-para-la-produccion\/leche-de-coco-en-polvo\/","title":{"rendered":"Leche de coco en polvo"},"content":{"rendered":"<p>La leche de coco en polvo procede de Sri Lanka y se elabora a partir de leche de coco org\u00e1nica y maltodextrina de tapioca org\u00e1nica, que estabiliza la estructura del polvo y facilita su disoluci\u00f3n en agua. La materia prima tiene forma de polvo fino blanco o cremoso con un aroma caracter\u00edstico a coco y un sabor suave y cremoso. <\/p>\n<h2>Propiedades y acci\u00f3n de la leche de coco en polvo<\/h2>\n<p>La leche de coco en polvo contiene una elevada cantidad de grasas naturales de coco, responsables de su <strong>consistencia cremosa y sabor intenso<\/strong>. El contenido de grasa del producto es de aproximadamente el 55-60%. La grasa le confiere un rico perfil de sabor y hace que funcione bien como ingrediente en productos alimentarios que requieren una textura cremosa.  <\/p>\n<p>Adem\u00e1s, las grasas presentes en la leche de coco se componen principalmente de <strong>\u00e1cidos grasos saturados de cadena media (MCT)<\/strong>. Son f\u00e1cilmente asimilables por el organismo y pueden constituir una fuente r\u00e1pida de energ\u00eda en dietas vegetales, cetog\u00e9nicas y en productos funcionales. <\/p>\n<p>El producto tambi\u00e9n aporta hidratos de carbono y una peque\u00f1a cantidad de prote\u00edna. El valor energ\u00e9tico es de aproximadamente 684 kcal por 100 g de producto. <\/p>\n<p>Debido a su composici\u00f3n natural, la leche de coco en polvo es un ingrediente popular en productos destinados a personas que siguen una dieta vegetal o evitan los productos l\u00e1cteos. No contiene OMG y no ha sido sometida a irradiaci\u00f3n durante la producci\u00f3n. <\/p>\n<h2>Aplicaci\u00f3n:<\/h2>\n<p>La leche de coco est\u00e1 destinada a aplicaciones en la industria alimentaria, especialmente en productos que requieren una consistencia cremosa y un aroma natural a coco.<\/p>\n<p>Puede utilizarse, entre otros, en:<\/p>\n<ul>\n<li>productos de confiter\u00eda y postres,<\/li>\n<li>helados y mezclas para helados,<\/li>\n<li>bebidas vegetales y batidos,<\/li>\n<li>salsas y platos de cocina asi\u00e1tica (p. ej., curry),<\/li>\n<li>yogures vegetales,<\/li>\n<li>barritas y productos funcionales,<\/li>\n<li>mezclas instant\u00e1neas y productos tipo convenience.<\/li>\n<\/ul>\n<p>Gracias a su forma en polvo, la materia prima es f\u00e1cil de almacenar, transportar y dosificar. Una vez disuelta en agua, permite obtener leche de coco con una consistencia similar a la del producto fresco. <\/p>\n","protected":false},"excerpt":{"rendered":"<p><strong>La leche de coco en polvo<\/strong> es una materia prima alimentaria vegetal obtenida del extracto de cocos frescos y maduros. En el proceso de producci\u00f3n, la leche de coco extra\u00edda de la pulpa del coco se seca mediante atomizaci\u00f3n (spray drying), lo que permite conservar su sabor, aroma y valores nutricionales naturales, obteniendo al mismo tiempo una forma en polvo c\u00f3moda de usar. <\/p>\n","protected":false},"featured_media":47013,"template":"","meta":{"_acf_changed":false},"product_brand":[],"product_cat":[1062],"product_tag":[],"class_list":{"0":"post-47012","1":"product","2":"type-product","3":"status-publish","4":"has-post-thumbnail","6":"product_cat-materias-primas-para-la-produccion","8":"first","9":"instock","10":"shipping-taxable","11":"product-type-simple"},"acf":[],"yoast_head":"<!-- This site is optimized with the Yoast SEO plugin v27.5 - https:\/\/yoast.com\/product\/yoast-seo-wordpress\/ -->\n<title>Leche de coco en polvo - Distribuidor mayorista<\/title>\n<meta name=\"description\" content=\"Leche de coco en polvo org\u00e1nica: materia prima vegetal natural con sabor cremoso y alto contenido en grasa para bebidas y otros productos alimentarios.\" \/>\n<meta name=\"robots\" content=\"index, follow, max-snippet:-1, max-image-preview:large, max-video-preview:-1\" \/>\n<link rel=\"canonical\" href=\"https:\/\/naturalpoland.com\/es\/productos\/productos-para-la-industria-alimentaria\/materias-primas-para-la-produccion\/leche-de-coco-en-polvo\/\" \/>\n<meta property=\"og:locale\" content=\"es_ES\" \/>\n<meta property=\"og:type\" content=\"article\" \/>\n<meta property=\"og:title\" content=\"Leche de coco en polvo - Distribuidor mayorista\" \/>\n<meta property=\"og:description\" content=\"Leche de coco en polvo org\u00e1nica: materia prima vegetal natural con sabor cremoso y alto contenido en grasa para bebidas y otros productos alimentarios.\" \/>\n<meta property=\"og:url\" content=\"https:\/\/naturalpoland.com\/es\/productos\/productos-para-la-industria-alimentaria\/materias-primas-para-la-produccion\/leche-de-coco-en-polvo\/\" \/>\n<meta property=\"og:site_name\" content=\"NATURAL POLAND - Distribuidor Mayorista de Materias Primas\" \/>\n<meta property=\"article:publisher\" content=\"https:\/\/www.facebook.com\/naturalpoland.b2b\" \/>\n<meta property=\"article:modified_time\" content=\"2026-03-20T12:44:28+00:00\" \/>\n<meta property=\"og:image\" content=\"https:\/\/naturalpoland.com\/wp-content\/uploads\/mleko-kokosowe-w-proszku.png\" \/>\n\t<meta property=\"og:image:width\" content=\"1024\" \/>\n\t<meta property=\"og:image:height\" content=\"1024\" \/>\n\t<meta property=\"og:image:type\" content=\"image\/png\" \/>\n<script type=\"application\/ld+json\" class=\"yoast-schema-graph\">{\"@context\":\"https:\\\/\\\/schema.org\",\"@graph\":[{\"@type\":\"WebPage\",\"@id\":\"https:\\\/\\\/naturalpoland.com\\\/es\\\/productos\\\/productos-para-la-industria-alimentaria\\\/materias-primas-para-la-produccion\\\/leche-de-coco-en-polvo\\\/\",\"url\":\"https:\\\/\\\/naturalpoland.com\\\/es\\\/productos\\\/productos-para-la-industria-alimentaria\\\/materias-primas-para-la-produccion\\\/leche-de-coco-en-polvo\\\/\",\"name\":\"Leche de coco en polvo - Distribuidor mayorista\",\"isPartOf\":{\"@id\":\"https:\\\/\\\/naturalpoland.com\\\/es\\\/#website\"},\"primaryImageOfPage\":{\"@id\":\"https:\\\/\\\/naturalpoland.com\\\/es\\\/productos\\\/productos-para-la-industria-alimentaria\\\/materias-primas-para-la-produccion\\\/leche-de-coco-en-polvo\\\/#primaryimage\"},\"image\":{\"@id\":\"https:\\\/\\\/naturalpoland.com\\\/es\\\/productos\\\/productos-para-la-industria-alimentaria\\\/materias-primas-para-la-produccion\\\/leche-de-coco-en-polvo\\\/#primaryimage\"},\"thumbnailUrl\":\"https:\\\/\\\/naturalpoland.com\\\/wp-content\\\/uploads\\\/mleko-kokosowe-w-proszku.png\",\"datePublished\":\"2026-03-12T13:42:25+00:00\",\"dateModified\":\"2026-03-20T12:44:28+00:00\",\"description\":\"Leche de coco en polvo org\u00e1nica: materia prima vegetal natural con sabor cremoso y alto contenido en grasa para bebidas y otros productos alimentarios.\",\"breadcrumb\":{\"@id\":\"https:\\\/\\\/naturalpoland.com\\\/es\\\/productos\\\/productos-para-la-industria-alimentaria\\\/materias-primas-para-la-produccion\\\/leche-de-coco-en-polvo\\\/#breadcrumb\"},\"inLanguage\":\"es\",\"potentialAction\":[{\"@type\":\"ReadAction\",\"target\":[\"https:\\\/\\\/naturalpoland.com\\\/es\\\/productos\\\/productos-para-la-industria-alimentaria\\\/materias-primas-para-la-produccion\\\/leche-de-coco-en-polvo\\\/\"]}]},{\"@type\":\"ImageObject\",\"inLanguage\":\"es\",\"@id\":\"https:\\\/\\\/naturalpoland.com\\\/es\\\/productos\\\/productos-para-la-industria-alimentaria\\\/materias-primas-para-la-produccion\\\/leche-de-coco-en-polvo\\\/#primaryimage\",\"url\":\"https:\\\/\\\/naturalpoland.com\\\/wp-content\\\/uploads\\\/mleko-kokosowe-w-proszku.png\",\"contentUrl\":\"https:\\\/\\\/naturalpoland.com\\\/wp-content\\\/uploads\\\/mleko-kokosowe-w-proszku.png\",\"width\":1024,\"height\":1024,\"caption\":\"leche de coco en polvo\"},{\"@type\":\"BreadcrumbList\",\"@id\":\"https:\\\/\\\/naturalpoland.com\\\/es\\\/productos\\\/productos-para-la-industria-alimentaria\\\/materias-primas-para-la-produccion\\\/leche-de-coco-en-polvo\\\/#breadcrumb\",\"itemListElement\":[{\"@type\":\"ListItem\",\"position\":1,\"name\":\"Inicio\",\"item\":\"https:\\\/\\\/naturalpoland.com\\\/es\\\/\"},{\"@type\":\"ListItem\",\"position\":2,\"name\":\"Productos\",\"item\":\"https:\\\/\\\/naturalpoland.com\\\/es\\\/productos\\\/\"},{\"@type\":\"ListItem\",\"position\":3,\"name\":\"Leche de coco en polvo\"}]},{\"@type\":\"WebSite\",\"@id\":\"https:\\\/\\\/naturalpoland.com\\\/es\\\/#website\",\"url\":\"https:\\\/\\\/naturalpoland.com\\\/es\\\/\",\"name\":\"NATURAL POLAND - Distribuidor Mayorista de Materias Primas\",\"description\":\"Surowce dla przemys\u0142u spo\u017cywczego, kosmetycznego i farmaceutycznego\",\"publisher\":{\"@id\":\"https:\\\/\\\/naturalpoland.com\\\/es\\\/#organization\"},\"potentialAction\":[{\"@type\":\"SearchAction\",\"target\":{\"@type\":\"EntryPoint\",\"urlTemplate\":\"https:\\\/\\\/naturalpoland.com\\\/es\\\/?s={search_term_string}\"},\"query-input\":{\"@type\":\"PropertyValueSpecification\",\"valueRequired\":true,\"valueName\":\"search_term_string\"}}],\"inLanguage\":\"es\"},{\"@type\":\"Organization\",\"@id\":\"https:\\\/\\\/naturalpoland.com\\\/es\\\/#organization\",\"name\":\"Natural Poland\",\"url\":\"https:\\\/\\\/naturalpoland.com\\\/es\\\/\",\"logo\":{\"@type\":\"ImageObject\",\"inLanguage\":\"es\",\"@id\":\"https:\\\/\\\/naturalpoland.com\\\/es\\\/#\\\/schema\\\/logo\\\/image\\\/\",\"url\":\"https:\\\/\\\/naturalpoland.com\\\/wp-content\\\/uploads\\\/2021\\\/05\\\/natural-poland-icon.png\",\"contentUrl\":\"https:\\\/\\\/naturalpoland.com\\\/wp-content\\\/uploads\\\/2021\\\/05\\\/natural-poland-icon.png\",\"width\":512,\"height\":512,\"caption\":\"Natural Poland\"},\"image\":{\"@id\":\"https:\\\/\\\/naturalpoland.com\\\/es\\\/#\\\/schema\\\/logo\\\/image\\\/\"},\"sameAs\":[\"https:\\\/\\\/www.facebook.com\\\/naturalpoland.b2b\",\"https:\\\/\\\/pl.linkedin.com\\\/company\\\/natural-poland\",\"https:\\\/\\\/www.youtube.com\\\/channel\\\/UCgeGGkvOMahZo-xu_MSEWxg\"]}]}<\/script>\n<!-- \/ Yoast SEO plugin. -->","yoast_head_json":{"title":"Leche de coco en polvo - Distribuidor mayorista","description":"Leche de coco en polvo org\u00e1nica: materia prima vegetal natural con sabor cremoso y alto contenido en grasa para bebidas y otros productos alimentarios.","robots":{"index":"index","follow":"follow","max-snippet":"max-snippet:-1","max-image-preview":"max-image-preview:large","max-video-preview":"max-video-preview:-1"},"canonical":"https:\/\/naturalpoland.com\/es\/productos\/productos-para-la-industria-alimentaria\/materias-primas-para-la-produccion\/leche-de-coco-en-polvo\/","og_locale":"es_ES","og_type":"article","og_title":"Leche de coco en polvo - Distribuidor mayorista","og_description":"Leche de coco en polvo org\u00e1nica: materia prima vegetal natural con sabor cremoso y alto contenido en grasa para bebidas y otros productos alimentarios.","og_url":"https:\/\/naturalpoland.com\/es\/productos\/productos-para-la-industria-alimentaria\/materias-primas-para-la-produccion\/leche-de-coco-en-polvo\/","og_site_name":"NATURAL POLAND - Distribuidor Mayorista de Materias Primas","article_publisher":"https:\/\/www.facebook.com\/naturalpoland.b2b","article_modified_time":"2026-03-20T12:44:28+00:00","og_image":[{"width":1024,"height":1024,"url":"https:\/\/naturalpoland.com\/wp-content\/uploads\/mleko-kokosowe-w-proszku.png","type":"image\/png"}],"schema":{"@context":"https:\/\/schema.org","@graph":[{"@type":"WebPage","@id":"https:\/\/naturalpoland.com\/es\/productos\/productos-para-la-industria-alimentaria\/materias-primas-para-la-produccion\/leche-de-coco-en-polvo\/","url":"https:\/\/naturalpoland.com\/es\/productos\/productos-para-la-industria-alimentaria\/materias-primas-para-la-produccion\/leche-de-coco-en-polvo\/","name":"Leche de coco en polvo - Distribuidor mayorista","isPartOf":{"@id":"https:\/\/naturalpoland.com\/es\/#website"},"primaryImageOfPage":{"@id":"https:\/\/naturalpoland.com\/es\/productos\/productos-para-la-industria-alimentaria\/materias-primas-para-la-produccion\/leche-de-coco-en-polvo\/#primaryimage"},"image":{"@id":"https:\/\/naturalpoland.com\/es\/productos\/productos-para-la-industria-alimentaria\/materias-primas-para-la-produccion\/leche-de-coco-en-polvo\/#primaryimage"},"thumbnailUrl":"https:\/\/naturalpoland.com\/wp-content\/uploads\/mleko-kokosowe-w-proszku.png","datePublished":"2026-03-12T13:42:25+00:00","dateModified":"2026-03-20T12:44:28+00:00","description":"Leche de coco en polvo org\u00e1nica: materia prima vegetal natural con sabor cremoso y alto contenido en grasa para bebidas y otros productos alimentarios.","breadcrumb":{"@id":"https:\/\/naturalpoland.com\/es\/productos\/productos-para-la-industria-alimentaria\/materias-primas-para-la-produccion\/leche-de-coco-en-polvo\/#breadcrumb"},"inLanguage":"es","potentialAction":[{"@type":"ReadAction","target":["https:\/\/naturalpoland.com\/es\/productos\/productos-para-la-industria-alimentaria\/materias-primas-para-la-produccion\/leche-de-coco-en-polvo\/"]}]},{"@type":"ImageObject","inLanguage":"es","@id":"https:\/\/naturalpoland.com\/es\/productos\/productos-para-la-industria-alimentaria\/materias-primas-para-la-produccion\/leche-de-coco-en-polvo\/#primaryimage","url":"https:\/\/naturalpoland.com\/wp-content\/uploads\/mleko-kokosowe-w-proszku.png","contentUrl":"https:\/\/naturalpoland.com\/wp-content\/uploads\/mleko-kokosowe-w-proszku.png","width":1024,"height":1024,"caption":"leche de coco en polvo"},{"@type":"BreadcrumbList","@id":"https:\/\/naturalpoland.com\/es\/productos\/productos-para-la-industria-alimentaria\/materias-primas-para-la-produccion\/leche-de-coco-en-polvo\/#breadcrumb","itemListElement":[{"@type":"ListItem","position":1,"name":"Inicio","item":"https:\/\/naturalpoland.com\/es\/"},{"@type":"ListItem","position":2,"name":"Productos","item":"https:\/\/naturalpoland.com\/es\/productos\/"},{"@type":"ListItem","position":3,"name":"Leche de coco en polvo"}]},{"@type":"WebSite","@id":"https:\/\/naturalpoland.com\/es\/#website","url":"https:\/\/naturalpoland.com\/es\/","name":"NATURAL POLAND - Distribuidor Mayorista de Materias Primas","description":"Surowce dla przemys\u0142u spo\u017cywczego, kosmetycznego i farmaceutycznego","publisher":{"@id":"https:\/\/naturalpoland.com\/es\/#organization"},"potentialAction":[{"@type":"SearchAction","target":{"@type":"EntryPoint","urlTemplate":"https:\/\/naturalpoland.com\/es\/?s={search_term_string}"},"query-input":{"@type":"PropertyValueSpecification","valueRequired":true,"valueName":"search_term_string"}}],"inLanguage":"es"},{"@type":"Organization","@id":"https:\/\/naturalpoland.com\/es\/#organization","name":"Natural Poland","url":"https:\/\/naturalpoland.com\/es\/","logo":{"@type":"ImageObject","inLanguage":"es","@id":"https:\/\/naturalpoland.com\/es\/#\/schema\/logo\/image\/","url":"https:\/\/naturalpoland.com\/wp-content\/uploads\/2021\/05\/natural-poland-icon.png","contentUrl":"https:\/\/naturalpoland.com\/wp-content\/uploads\/2021\/05\/natural-poland-icon.png","width":512,"height":512,"caption":"Natural Poland"},"image":{"@id":"https:\/\/naturalpoland.com\/es\/#\/schema\/logo\/image\/"},"sameAs":["https:\/\/www.facebook.com\/naturalpoland.b2b","https:\/\/pl.linkedin.com\/company\/natural-poland","https:\/\/www.youtube.com\/channel\/UCgeGGkvOMahZo-xu_MSEWxg"]}]}},"_links":{"self":[{"href":"https:\/\/naturalpoland.com\/es\/wp-json\/wp\/v2\/product\/47012","targetHints":{"allow":["GET"]}}],"collection":[{"href":"https:\/\/naturalpoland.com\/es\/wp-json\/wp\/v2\/product"}],"about":[{"href":"https:\/\/naturalpoland.com\/es\/wp-json\/wp\/v2\/types\/product"}],"wp:featuredmedia":[{"embeddable":true,"href":"https:\/\/naturalpoland.com\/es\/wp-json\/wp\/v2\/media\/47013"}],"wp:attachment":[{"href":"https:\/\/naturalpoland.com\/es\/wp-json\/wp\/v2\/media?parent=47012"}],"wp:term":[{"taxonomy":"product_brand","embeddable":true,"href":"https:\/\/naturalpoland.com\/es\/wp-json\/wp\/v2\/product_brand?post=47012"},{"taxonomy":"product_cat","embeddable":true,"href":"https:\/\/naturalpoland.com\/es\/wp-json\/wp\/v2\/product_cat?post=47012"},{"taxonomy":"product_tag","embeddable":true,"href":"https:\/\/naturalpoland.com\/es\/wp-json\/wp\/v2\/product_tag?post=47012"}],"curies":[{"name":"wp","href":"https:\/\/api.w.org\/{rel}","templated":true}]}}