{"id":47960,"date":"2026-04-24T14:55:14","date_gmt":"2026-04-24T12:55:14","guid":{"rendered":"https:\/\/naturalpoland.com\/produkty\/sin categor\u00eda\/copos-de-maiz-micronizados-por-infrarrojos\/"},"modified":"2026-04-28T11:54:45","modified_gmt":"2026-04-28T09:54:45","slug":"copos-de-maiz-micronizados-por-infrarrojos","status":"publish","type":"product","link":"https:\/\/naturalpoland.com\/es\/productos\/materias-primas-para-alimentos-de-animales\/materias-primas-para-la-alimentacion-del-ganado\/copos-de-maiz-micronizados-por-infrarrojos\/","title":{"rendered":"Copos de ma\u00edz micronizados por infrarrojos"},"content":{"rendered":"<p>El producto est\u00e1 destinado especialmente a la alimentaci\u00f3n de animales j\u00f3venes de granja, para los cuales la alta asimilaci\u00f3n de nutrientes es de importancia crucial.<\/p>\n<h2>Propiedades y acci\u00f3n:<\/h2>\n<p>La caracter\u00edstica clave de los copos de ma\u00edz micronizados es la <strong>estructura modificada del almid\u00f3n<\/strong>. Como resultado de la acci\u00f3n de alta temperatura y radiaci\u00f3n IR, se produce su descomposici\u00f3n e hinchamiento, lo que facilita la acci\u00f3n de las enzimas digestivas y un aprovechamiento m\u00e1s eficiente de la energ\u00eda contenida en el pienso. <\/p>\n<p>El producto constituye una fuente concentrada de hidratos de carbono f\u00e1cilmente asimilables, y al mismo tiempo contiene un contenido moderado de prote\u00edna y grasa.<\/p>\n<h2>Componentes anal\u00edticos:<\/h2>\n<ul>\n<li>Almid\u00f3n: aprox. 60% \u2013 principal fuente de energ\u00eda <\/li>\n<li>Prote\u00edna bruta: aprox. 8,5%<\/li>\n<li>Grasa bruta: aprox. 3,0%<\/li>\n<li>Fibra bruta: aprox. 2,0%<\/li>\n<li>Humedad: aprox. 14,0%<\/li>\n<li>Ceniza bruta: aprox. 1,3%<\/li>\n<\/ul>\n<p>El perfil equilibrado de componentes hace que el producto pueda utilizarse tanto como componente energ\u00e9tico, como ingrediente complementario de mezclas de piensos.<\/p>\n<h2>Aplicaci\u00f3n:<\/h2>\n<p>Los copos de ma\u00edz micronizados encuentran aplicaci\u00f3n principalmente en la alimentaci\u00f3n de:<\/p>\n<ul>\n<li>animales j\u00f3venes de granja (terneros, lechones, aves de corral),<\/li>\n<li>animales que requieren componentes de dieta f\u00e1cilmente digestibles,<\/li>\n<li>mezclas de piensos de valor energ\u00e9tico elevado.<\/li>\n<\/ul>\n<p>Su principal ventaja es la alta digestibilidad, por lo que se recomiendan en las etapas iniciales de cr\u00eda, donde es crucial el m\u00e1ximo aprovechamiento de los nutrientes y la reducci\u00f3n de la carga del sistema digestivo.<\/p>\n","protected":false},"excerpt":{"rendered":"<p><strong>Los copos de ma\u00edz micronizados<\/strong> son una materia prima para piensos obtenida mediante tratamiento t\u00e9rmico de granos de ma\u00edz utilizando radiaci\u00f3n infrarroja. Este proceso conduce a la gelatinizaci\u00f3n del almid\u00f3n, lo que aumenta significativamente su digestibilidad y biodisponibilidad de energ\u00eda para los animales. <\/p>\n","protected":false},"featured_media":47961,"template":"","meta":{"_acf_changed":false},"product_brand":[],"product_cat":[7759],"product_tag":[],"class_list":{"0":"post-47960","1":"product","2":"type-product","3":"status-publish","4":"has-post-thumbnail","6":"product_cat-materias-primas-para-la-alimentacion-del-ganado","8":"first","9":"instock","10":"shipping-taxable","11":"product-type-simple"},"acf":[],"yoast_head":"<!-- This site is optimized with the Yoast SEO plugin v27.5 - https:\/\/yoast.com\/product\/yoast-seo-wordpress\/ -->\n<title>Copos de ma\u00edz micronizados - Distribuidor Mayorista<\/title>\n<meta name=\"description\" content=\"Copos de ma\u00edz micronizados \u2013 materia prima para piensos de alta digestibilidad y alto contenido en almid\u00f3n. Fuente de energ\u00eda ideal para animales j\u00f3venes de granja.\" \/>\n<meta name=\"robots\" content=\"index, follow, max-snippet:-1, max-image-preview:large, max-video-preview:-1\" \/>\n<link rel=\"canonical\" href=\"https:\/\/naturalpoland.com\/es\/productos\/materias-primas-para-alimentos-de-animales\/materias-primas-para-la-alimentacion-del-ganado\/copos-de-maiz-micronizados-por-infrarrojos\/\" \/>\n<meta property=\"og:locale\" content=\"es_ES\" \/>\n<meta property=\"og:type\" content=\"article\" \/>\n<meta property=\"og:title\" content=\"Copos de ma\u00edz micronizados - Distribuidor Mayorista\" \/>\n<meta property=\"og:description\" content=\"Copos de ma\u00edz micronizados \u2013 materia prima para piensos de alta digestibilidad y alto contenido en almid\u00f3n. Fuente de energ\u00eda ideal para animales j\u00f3venes de granja.\" \/>\n<meta property=\"og:url\" content=\"https:\/\/naturalpoland.com\/es\/productos\/materias-primas-para-alimentos-de-animales\/materias-primas-para-la-alimentacion-del-ganado\/copos-de-maiz-micronizados-por-infrarrojos\/\" \/>\n<meta property=\"og:site_name\" content=\"NATURAL POLAND - Distribuidor Mayorista de Materias Primas\" \/>\n<meta property=\"article:publisher\" content=\"https:\/\/www.facebook.com\/naturalpoland.b2b\" \/>\n<meta property=\"article:modified_time\" content=\"2026-04-28T09:54:45+00:00\" \/>\n<meta property=\"og:image\" content=\"https:\/\/naturalpoland.com\/wp-content\/uploads\/platki-kukurydziane-mikronizowane.png\" \/>\n\t<meta property=\"og:image:width\" content=\"1024\" \/>\n\t<meta property=\"og:image:height\" content=\"1024\" \/>\n\t<meta property=\"og:image:type\" content=\"image\/png\" \/>\n<script type=\"application\/ld+json\" class=\"yoast-schema-graph\">{\"@context\":\"https:\\\/\\\/schema.org\",\"@graph\":[{\"@type\":\"WebPage\",\"@id\":\"https:\\\/\\\/naturalpoland.com\\\/es\\\/productos\\\/materias-primas-para-alimentos-de-animales\\\/materias-primas-para-la-alimentacion-del-ganado\\\/copos-de-maiz-micronizados-por-infrarrojos\\\/\",\"url\":\"https:\\\/\\\/naturalpoland.com\\\/es\\\/productos\\\/materias-primas-para-alimentos-de-animales\\\/materias-primas-para-la-alimentacion-del-ganado\\\/copos-de-maiz-micronizados-por-infrarrojos\\\/\",\"name\":\"Copos de ma\u00edz micronizados - Distribuidor Mayorista\",\"isPartOf\":{\"@id\":\"https:\\\/\\\/naturalpoland.com\\\/es\\\/#website\"},\"primaryImageOfPage\":{\"@id\":\"https:\\\/\\\/naturalpoland.com\\\/es\\\/productos\\\/materias-primas-para-alimentos-de-animales\\\/materias-primas-para-la-alimentacion-del-ganado\\\/copos-de-maiz-micronizados-por-infrarrojos\\\/#primaryimage\"},\"image\":{\"@id\":\"https:\\\/\\\/naturalpoland.com\\\/es\\\/productos\\\/materias-primas-para-alimentos-de-animales\\\/materias-primas-para-la-alimentacion-del-ganado\\\/copos-de-maiz-micronizados-por-infrarrojos\\\/#primaryimage\"},\"thumbnailUrl\":\"https:\\\/\\\/naturalpoland.com\\\/wp-content\\\/uploads\\\/platki-kukurydziane-mikronizowane.png\",\"datePublished\":\"2026-04-24T12:55:14+00:00\",\"dateModified\":\"2026-04-28T09:54:45+00:00\",\"description\":\"Copos de ma\u00edz micronizados \u2013 materia prima para piensos de alta digestibilidad y alto contenido en almid\u00f3n. Fuente de energ\u00eda ideal para animales j\u00f3venes de granja.\",\"breadcrumb\":{\"@id\":\"https:\\\/\\\/naturalpoland.com\\\/es\\\/productos\\\/materias-primas-para-alimentos-de-animales\\\/materias-primas-para-la-alimentacion-del-ganado\\\/copos-de-maiz-micronizados-por-infrarrojos\\\/#breadcrumb\"},\"inLanguage\":\"es\",\"potentialAction\":[{\"@type\":\"ReadAction\",\"target\":[\"https:\\\/\\\/naturalpoland.com\\\/es\\\/productos\\\/materias-primas-para-alimentos-de-animales\\\/materias-primas-para-la-alimentacion-del-ganado\\\/copos-de-maiz-micronizados-por-infrarrojos\\\/\"]}]},{\"@type\":\"ImageObject\",\"inLanguage\":\"es\",\"@id\":\"https:\\\/\\\/naturalpoland.com\\\/es\\\/productos\\\/materias-primas-para-alimentos-de-animales\\\/materias-primas-para-la-alimentacion-del-ganado\\\/copos-de-maiz-micronizados-por-infrarrojos\\\/#primaryimage\",\"url\":\"https:\\\/\\\/naturalpoland.com\\\/wp-content\\\/uploads\\\/platki-kukurydziane-mikronizowane.png\",\"contentUrl\":\"https:\\\/\\\/naturalpoland.com\\\/wp-content\\\/uploads\\\/platki-kukurydziane-mikronizowane.png\",\"width\":1024,\"height\":1024,\"caption\":\"Copos de ma\u00edz micronizados por infrarrojos\"},{\"@type\":\"BreadcrumbList\",\"@id\":\"https:\\\/\\\/naturalpoland.com\\\/es\\\/productos\\\/materias-primas-para-alimentos-de-animales\\\/materias-primas-para-la-alimentacion-del-ganado\\\/copos-de-maiz-micronizados-por-infrarrojos\\\/#breadcrumb\",\"itemListElement\":[{\"@type\":\"ListItem\",\"position\":1,\"name\":\"Inicio\",\"item\":\"https:\\\/\\\/naturalpoland.com\\\/es\\\/\"},{\"@type\":\"ListItem\",\"position\":2,\"name\":\"Productos\",\"item\":\"https:\\\/\\\/naturalpoland.com\\\/es\\\/productos\\\/\"},{\"@type\":\"ListItem\",\"position\":3,\"name\":\"Copos de ma\u00edz micronizados por infrarrojos\"}]},{\"@type\":\"WebSite\",\"@id\":\"https:\\\/\\\/naturalpoland.com\\\/es\\\/#website\",\"url\":\"https:\\\/\\\/naturalpoland.com\\\/es\\\/\",\"name\":\"NATURAL POLAND - Distribuidor Mayorista de Materias Primas\",\"description\":\"Surowce dla przemys\u0142u spo\u017cywczego, kosmetycznego i farmaceutycznego\",\"publisher\":{\"@id\":\"https:\\\/\\\/naturalpoland.com\\\/es\\\/#organization\"},\"potentialAction\":[{\"@type\":\"SearchAction\",\"target\":{\"@type\":\"EntryPoint\",\"urlTemplate\":\"https:\\\/\\\/naturalpoland.com\\\/es\\\/?s={search_term_string}\"},\"query-input\":{\"@type\":\"PropertyValueSpecification\",\"valueRequired\":true,\"valueName\":\"search_term_string\"}}],\"inLanguage\":\"es\"},{\"@type\":\"Organization\",\"@id\":\"https:\\\/\\\/naturalpoland.com\\\/es\\\/#organization\",\"name\":\"Natural Poland\",\"url\":\"https:\\\/\\\/naturalpoland.com\\\/es\\\/\",\"logo\":{\"@type\":\"ImageObject\",\"inLanguage\":\"es\",\"@id\":\"https:\\\/\\\/naturalpoland.com\\\/es\\\/#\\\/schema\\\/logo\\\/image\\\/\",\"url\":\"https:\\\/\\\/naturalpoland.com\\\/wp-content\\\/uploads\\\/2021\\\/05\\\/natural-poland-icon.png\",\"contentUrl\":\"https:\\\/\\\/naturalpoland.com\\\/wp-content\\\/uploads\\\/2021\\\/05\\\/natural-poland-icon.png\",\"width\":512,\"height\":512,\"caption\":\"Natural Poland\"},\"image\":{\"@id\":\"https:\\\/\\\/naturalpoland.com\\\/es\\\/#\\\/schema\\\/logo\\\/image\\\/\"},\"sameAs\":[\"https:\\\/\\\/www.facebook.com\\\/naturalpoland.b2b\",\"https:\\\/\\\/pl.linkedin.com\\\/company\\\/natural-poland\",\"https:\\\/\\\/www.youtube.com\\\/channel\\\/UCgeGGkvOMahZo-xu_MSEWxg\"]}]}<\/script>\n<!-- \/ Yoast SEO plugin. -->","yoast_head_json":{"title":"Copos de ma\u00edz micronizados - Distribuidor Mayorista","description":"Copos de ma\u00edz micronizados \u2013 materia prima para piensos de alta digestibilidad y alto contenido en almid\u00f3n. Fuente de energ\u00eda ideal para animales j\u00f3venes de granja.","robots":{"index":"index","follow":"follow","max-snippet":"max-snippet:-1","max-image-preview":"max-image-preview:large","max-video-preview":"max-video-preview:-1"},"canonical":"https:\/\/naturalpoland.com\/es\/productos\/materias-primas-para-alimentos-de-animales\/materias-primas-para-la-alimentacion-del-ganado\/copos-de-maiz-micronizados-por-infrarrojos\/","og_locale":"es_ES","og_type":"article","og_title":"Copos de ma\u00edz micronizados - Distribuidor Mayorista","og_description":"Copos de ma\u00edz micronizados \u2013 materia prima para piensos de alta digestibilidad y alto contenido en almid\u00f3n. Fuente de energ\u00eda ideal para animales j\u00f3venes de granja.","og_url":"https:\/\/naturalpoland.com\/es\/productos\/materias-primas-para-alimentos-de-animales\/materias-primas-para-la-alimentacion-del-ganado\/copos-de-maiz-micronizados-por-infrarrojos\/","og_site_name":"NATURAL POLAND - Distribuidor Mayorista de Materias Primas","article_publisher":"https:\/\/www.facebook.com\/naturalpoland.b2b","article_modified_time":"2026-04-28T09:54:45+00:00","og_image":[{"width":1024,"height":1024,"url":"https:\/\/naturalpoland.com\/wp-content\/uploads\/platki-kukurydziane-mikronizowane.png","type":"image\/png"}],"schema":{"@context":"https:\/\/schema.org","@graph":[{"@type":"WebPage","@id":"https:\/\/naturalpoland.com\/es\/productos\/materias-primas-para-alimentos-de-animales\/materias-primas-para-la-alimentacion-del-ganado\/copos-de-maiz-micronizados-por-infrarrojos\/","url":"https:\/\/naturalpoland.com\/es\/productos\/materias-primas-para-alimentos-de-animales\/materias-primas-para-la-alimentacion-del-ganado\/copos-de-maiz-micronizados-por-infrarrojos\/","name":"Copos de ma\u00edz micronizados - Distribuidor Mayorista","isPartOf":{"@id":"https:\/\/naturalpoland.com\/es\/#website"},"primaryImageOfPage":{"@id":"https:\/\/naturalpoland.com\/es\/productos\/materias-primas-para-alimentos-de-animales\/materias-primas-para-la-alimentacion-del-ganado\/copos-de-maiz-micronizados-por-infrarrojos\/#primaryimage"},"image":{"@id":"https:\/\/naturalpoland.com\/es\/productos\/materias-primas-para-alimentos-de-animales\/materias-primas-para-la-alimentacion-del-ganado\/copos-de-maiz-micronizados-por-infrarrojos\/#primaryimage"},"thumbnailUrl":"https:\/\/naturalpoland.com\/wp-content\/uploads\/platki-kukurydziane-mikronizowane.png","datePublished":"2026-04-24T12:55:14+00:00","dateModified":"2026-04-28T09:54:45+00:00","description":"Copos de ma\u00edz micronizados \u2013 materia prima para piensos de alta digestibilidad y alto contenido en almid\u00f3n. Fuente de energ\u00eda ideal para animales j\u00f3venes de granja.","breadcrumb":{"@id":"https:\/\/naturalpoland.com\/es\/productos\/materias-primas-para-alimentos-de-animales\/materias-primas-para-la-alimentacion-del-ganado\/copos-de-maiz-micronizados-por-infrarrojos\/#breadcrumb"},"inLanguage":"es","potentialAction":[{"@type":"ReadAction","target":["https:\/\/naturalpoland.com\/es\/productos\/materias-primas-para-alimentos-de-animales\/materias-primas-para-la-alimentacion-del-ganado\/copos-de-maiz-micronizados-por-infrarrojos\/"]}]},{"@type":"ImageObject","inLanguage":"es","@id":"https:\/\/naturalpoland.com\/es\/productos\/materias-primas-para-alimentos-de-animales\/materias-primas-para-la-alimentacion-del-ganado\/copos-de-maiz-micronizados-por-infrarrojos\/#primaryimage","url":"https:\/\/naturalpoland.com\/wp-content\/uploads\/platki-kukurydziane-mikronizowane.png","contentUrl":"https:\/\/naturalpoland.com\/wp-content\/uploads\/platki-kukurydziane-mikronizowane.png","width":1024,"height":1024,"caption":"Copos de ma\u00edz micronizados por infrarrojos"},{"@type":"BreadcrumbList","@id":"https:\/\/naturalpoland.com\/es\/productos\/materias-primas-para-alimentos-de-animales\/materias-primas-para-la-alimentacion-del-ganado\/copos-de-maiz-micronizados-por-infrarrojos\/#breadcrumb","itemListElement":[{"@type":"ListItem","position":1,"name":"Inicio","item":"https:\/\/naturalpoland.com\/es\/"},{"@type":"ListItem","position":2,"name":"Productos","item":"https:\/\/naturalpoland.com\/es\/productos\/"},{"@type":"ListItem","position":3,"name":"Copos de ma\u00edz micronizados por infrarrojos"}]},{"@type":"WebSite","@id":"https:\/\/naturalpoland.com\/es\/#website","url":"https:\/\/naturalpoland.com\/es\/","name":"NATURAL POLAND - Distribuidor Mayorista de Materias Primas","description":"Surowce dla przemys\u0142u spo\u017cywczego, kosmetycznego i farmaceutycznego","publisher":{"@id":"https:\/\/naturalpoland.com\/es\/#organization"},"potentialAction":[{"@type":"SearchAction","target":{"@type":"EntryPoint","urlTemplate":"https:\/\/naturalpoland.com\/es\/?s={search_term_string}"},"query-input":{"@type":"PropertyValueSpecification","valueRequired":true,"valueName":"search_term_string"}}],"inLanguage":"es"},{"@type":"Organization","@id":"https:\/\/naturalpoland.com\/es\/#organization","name":"Natural Poland","url":"https:\/\/naturalpoland.com\/es\/","logo":{"@type":"ImageObject","inLanguage":"es","@id":"https:\/\/naturalpoland.com\/es\/#\/schema\/logo\/image\/","url":"https:\/\/naturalpoland.com\/wp-content\/uploads\/2021\/05\/natural-poland-icon.png","contentUrl":"https:\/\/naturalpoland.com\/wp-content\/uploads\/2021\/05\/natural-poland-icon.png","width":512,"height":512,"caption":"Natural Poland"},"image":{"@id":"https:\/\/naturalpoland.com\/es\/#\/schema\/logo\/image\/"},"sameAs":["https:\/\/www.facebook.com\/naturalpoland.b2b","https:\/\/pl.linkedin.com\/company\/natural-poland","https:\/\/www.youtube.com\/channel\/UCgeGGkvOMahZo-xu_MSEWxg"]}]}},"_links":{"self":[{"href":"https:\/\/naturalpoland.com\/es\/wp-json\/wp\/v2\/product\/47960","targetHints":{"allow":["GET"]}}],"collection":[{"href":"https:\/\/naturalpoland.com\/es\/wp-json\/wp\/v2\/product"}],"about":[{"href":"https:\/\/naturalpoland.com\/es\/wp-json\/wp\/v2\/types\/product"}],"wp:featuredmedia":[{"embeddable":true,"href":"https:\/\/naturalpoland.com\/es\/wp-json\/wp\/v2\/media\/47961"}],"wp:attachment":[{"href":"https:\/\/naturalpoland.com\/es\/wp-json\/wp\/v2\/media?parent=47960"}],"wp:term":[{"taxonomy":"product_brand","embeddable":true,"href":"https:\/\/naturalpoland.com\/es\/wp-json\/wp\/v2\/product_brand?post=47960"},{"taxonomy":"product_cat","embeddable":true,"href":"https:\/\/naturalpoland.com\/es\/wp-json\/wp\/v2\/product_cat?post=47960"},{"taxonomy":"product_tag","embeddable":true,"href":"https:\/\/naturalpoland.com\/es\/wp-json\/wp\/v2\/product_tag?post=47960"}],"curies":[{"name":"wp","href":"https:\/\/api.w.org\/{rel}","templated":true}]}}