{"id":47988,"date":"2026-04-24T13:47:17","date_gmt":"2026-04-24T11:47:17","guid":{"rendered":"https:\/\/naturalpoland.com\/produkty\/sin categor\u00eda\/torta-de-lino\/"},"modified":"2026-04-28T12:10:09","modified_gmt":"2026-04-28T10:10:09","slug":"torta-de-lino","status":"publish","type":"product","link":"https:\/\/naturalpoland.com\/es\/productos\/materias-primas-para-alimentos-de-animales\/materias-primas-para-la-alimentacion-del-ganado\/torta-de-lino\/","title":{"rendered":"Torta de lino"},"content":{"rendered":"<p>La torta de lino se obtiene de semillas de lino dorado o marr\u00f3n, procedentes principalmente de las regiones de Europa del Este y Asia Central. Gracias a la conservaci\u00f3n de parte de la grasa y a la presencia de compuestos bioactivos naturales, es un valioso componente en la dieta equilibrada de los animales de granja. <\/p>\n<h2>Propiedades y composici\u00f3n:<\/h2>\n<p>El contenido de prote\u00edna en la materia prima es de un m\u00ednimo del 30%. La presencia de grasa residual de lino aporta \u00e1cidos grasos insaturados, incluido el \u00e1cido alfa-linol\u00e9nico (omega-3), que puede influir en la mejora del valor nutricional del pienso. La grasa en materia seca es \u2264 8%, la fibra bruta: \u2264 11%, y la humedad: \u2264 10%.  <\/p>\n<p>El producto cumple los requisitos de contenido de pesticidas seg\u00fan la normativa de la UE, y los niveles de metales pesados y micotoxinas se mantienen dentro de las normas de seguridad especificadas.<\/p>\n<h2>Aplicaci\u00f3n:<\/h2>\n<p>La torta de lino se utiliza como:<\/p>\n<ul>\n<li>componente de piensos para ganado vacuno, porcino y aves de corral,<\/li>\n<li>aditivo que aumenta el contenido de prote\u00ednas en las mezclas,<\/li>\n<li>materia prima que mejora el perfil de \u00e1cidos grasos del pienso.<\/li>\n<\/ul>\n","protected":false},"excerpt":{"rendered":"<p><strong>La torta de lino<\/strong> es un subproducto que se obtiene en el proceso de prensado del aceite de las semillas de lino (<em>Linum usitatissimum<\/em>). Constituye una valiosa materia prima para piensos con un alto contenido de prote\u00ednas y un perfil nutricional beneficioso. <\/p>\n","protected":false},"featured_media":47989,"template":"","meta":{"_acf_changed":false},"product_brand":[],"product_cat":[7759],"product_tag":[],"class_list":{"0":"post-47988","1":"product","2":"type-product","3":"status-publish","4":"has-post-thumbnail","6":"product_cat-materias-primas-para-la-alimentacion-del-ganado","7":"pa_przeznaczenie-surowca-materia-prima-para-piensos","9":"first","10":"instock","11":"shipping-taxable","12":"product-type-simple"},"acf":[],"yoast_head":"<!-- This site is optimized with the Yoast SEO plugin v27.5 - https:\/\/yoast.com\/product\/yoast-seo-wordpress\/ -->\n<title>Torta de lino - Distribuidor mayorista<\/title>\n<meta name=\"description\" content=\"La torta de lino es una materia prima para piensos rica en prote\u00ednas, obtenida de semillas de lino. Es una fuente natural de prote\u00ednas y \u00e1cidos omega-3 para piensos compuestos para animales.\" \/>\n<meta name=\"robots\" content=\"index, follow, max-snippet:-1, max-image-preview:large, max-video-preview:-1\" \/>\n<link rel=\"canonical\" href=\"https:\/\/naturalpoland.com\/es\/productos\/materias-primas-para-alimentos-de-animales\/materias-primas-para-la-alimentacion-del-ganado\/torta-de-lino\/\" \/>\n<meta property=\"og:locale\" content=\"es_ES\" \/>\n<meta property=\"og:type\" content=\"article\" \/>\n<meta property=\"og:title\" content=\"Torta de lino - Distribuidor mayorista\" \/>\n<meta property=\"og:description\" content=\"La torta de lino es una materia prima para piensos rica en prote\u00ednas, obtenida de semillas de lino. Es una fuente natural de prote\u00ednas y \u00e1cidos omega-3 para piensos compuestos para animales.\" \/>\n<meta property=\"og:url\" content=\"https:\/\/naturalpoland.com\/es\/productos\/materias-primas-para-alimentos-de-animales\/materias-primas-para-la-alimentacion-del-ganado\/torta-de-lino\/\" \/>\n<meta property=\"og:site_name\" content=\"NATURAL POLAND - Distribuidor Mayorista de Materias Primas\" \/>\n<meta property=\"article:publisher\" content=\"https:\/\/www.facebook.com\/naturalpoland.b2b\" \/>\n<meta property=\"article:modified_time\" content=\"2026-04-28T10:10:09+00:00\" \/>\n<meta property=\"og:image\" content=\"https:\/\/naturalpoland.com\/wp-content\/uploads\/makuch-lniany.png\" \/>\n\t<meta property=\"og:image:width\" content=\"1024\" \/>\n\t<meta property=\"og:image:height\" content=\"1024\" \/>\n\t<meta property=\"og:image:type\" content=\"image\/png\" \/>\n<script type=\"application\/ld+json\" class=\"yoast-schema-graph\">{\"@context\":\"https:\\\/\\\/schema.org\",\"@graph\":[{\"@type\":\"WebPage\",\"@id\":\"https:\\\/\\\/naturalpoland.com\\\/es\\\/productos\\\/materias-primas-para-alimentos-de-animales\\\/materias-primas-para-la-alimentacion-del-ganado\\\/torta-de-lino\\\/\",\"url\":\"https:\\\/\\\/naturalpoland.com\\\/es\\\/productos\\\/materias-primas-para-alimentos-de-animales\\\/materias-primas-para-la-alimentacion-del-ganado\\\/torta-de-lino\\\/\",\"name\":\"Torta de lino - Distribuidor mayorista\",\"isPartOf\":{\"@id\":\"https:\\\/\\\/naturalpoland.com\\\/es\\\/#website\"},\"primaryImageOfPage\":{\"@id\":\"https:\\\/\\\/naturalpoland.com\\\/es\\\/productos\\\/materias-primas-para-alimentos-de-animales\\\/materias-primas-para-la-alimentacion-del-ganado\\\/torta-de-lino\\\/#primaryimage\"},\"image\":{\"@id\":\"https:\\\/\\\/naturalpoland.com\\\/es\\\/productos\\\/materias-primas-para-alimentos-de-animales\\\/materias-primas-para-la-alimentacion-del-ganado\\\/torta-de-lino\\\/#primaryimage\"},\"thumbnailUrl\":\"https:\\\/\\\/naturalpoland.com\\\/wp-content\\\/uploads\\\/makuch-lniany.png\",\"datePublished\":\"2026-04-24T11:47:17+00:00\",\"dateModified\":\"2026-04-28T10:10:09+00:00\",\"description\":\"La torta de lino es una materia prima para piensos rica en prote\u00ednas, obtenida de semillas de lino. Es una fuente natural de prote\u00ednas y \u00e1cidos omega-3 para piensos compuestos para animales.\",\"breadcrumb\":{\"@id\":\"https:\\\/\\\/naturalpoland.com\\\/es\\\/productos\\\/materias-primas-para-alimentos-de-animales\\\/materias-primas-para-la-alimentacion-del-ganado\\\/torta-de-lino\\\/#breadcrumb\"},\"inLanguage\":\"es\",\"potentialAction\":[{\"@type\":\"ReadAction\",\"target\":[\"https:\\\/\\\/naturalpoland.com\\\/es\\\/productos\\\/materias-primas-para-alimentos-de-animales\\\/materias-primas-para-la-alimentacion-del-ganado\\\/torta-de-lino\\\/\"]}]},{\"@type\":\"ImageObject\",\"inLanguage\":\"es\",\"@id\":\"https:\\\/\\\/naturalpoland.com\\\/es\\\/productos\\\/materias-primas-para-alimentos-de-animales\\\/materias-primas-para-la-alimentacion-del-ganado\\\/torta-de-lino\\\/#primaryimage\",\"url\":\"https:\\\/\\\/naturalpoland.com\\\/wp-content\\\/uploads\\\/makuch-lniany.png\",\"contentUrl\":\"https:\\\/\\\/naturalpoland.com\\\/wp-content\\\/uploads\\\/makuch-lniany.png\",\"width\":1024,\"height\":1024,\"caption\":\"torta de lino\"},{\"@type\":\"BreadcrumbList\",\"@id\":\"https:\\\/\\\/naturalpoland.com\\\/es\\\/productos\\\/materias-primas-para-alimentos-de-animales\\\/materias-primas-para-la-alimentacion-del-ganado\\\/torta-de-lino\\\/#breadcrumb\",\"itemListElement\":[{\"@type\":\"ListItem\",\"position\":1,\"name\":\"Inicio\",\"item\":\"https:\\\/\\\/naturalpoland.com\\\/es\\\/\"},{\"@type\":\"ListItem\",\"position\":2,\"name\":\"Productos\",\"item\":\"https:\\\/\\\/naturalpoland.com\\\/es\\\/productos\\\/\"},{\"@type\":\"ListItem\",\"position\":3,\"name\":\"Torta de lino\"}]},{\"@type\":\"WebSite\",\"@id\":\"https:\\\/\\\/naturalpoland.com\\\/es\\\/#website\",\"url\":\"https:\\\/\\\/naturalpoland.com\\\/es\\\/\",\"name\":\"NATURAL POLAND - Distribuidor Mayorista de Materias Primas\",\"description\":\"Surowce dla przemys\u0142u spo\u017cywczego, kosmetycznego i farmaceutycznego\",\"publisher\":{\"@id\":\"https:\\\/\\\/naturalpoland.com\\\/es\\\/#organization\"},\"potentialAction\":[{\"@type\":\"SearchAction\",\"target\":{\"@type\":\"EntryPoint\",\"urlTemplate\":\"https:\\\/\\\/naturalpoland.com\\\/es\\\/?s={search_term_string}\"},\"query-input\":{\"@type\":\"PropertyValueSpecification\",\"valueRequired\":true,\"valueName\":\"search_term_string\"}}],\"inLanguage\":\"es\"},{\"@type\":\"Organization\",\"@id\":\"https:\\\/\\\/naturalpoland.com\\\/es\\\/#organization\",\"name\":\"Natural Poland\",\"url\":\"https:\\\/\\\/naturalpoland.com\\\/es\\\/\",\"logo\":{\"@type\":\"ImageObject\",\"inLanguage\":\"es\",\"@id\":\"https:\\\/\\\/naturalpoland.com\\\/es\\\/#\\\/schema\\\/logo\\\/image\\\/\",\"url\":\"https:\\\/\\\/naturalpoland.com\\\/wp-content\\\/uploads\\\/2021\\\/05\\\/natural-poland-icon.png\",\"contentUrl\":\"https:\\\/\\\/naturalpoland.com\\\/wp-content\\\/uploads\\\/2021\\\/05\\\/natural-poland-icon.png\",\"width\":512,\"height\":512,\"caption\":\"Natural Poland\"},\"image\":{\"@id\":\"https:\\\/\\\/naturalpoland.com\\\/es\\\/#\\\/schema\\\/logo\\\/image\\\/\"},\"sameAs\":[\"https:\\\/\\\/www.facebook.com\\\/naturalpoland.b2b\",\"https:\\\/\\\/pl.linkedin.com\\\/company\\\/natural-poland\",\"https:\\\/\\\/www.youtube.com\\\/channel\\\/UCgeGGkvOMahZo-xu_MSEWxg\"]}]}<\/script>\n<!-- \/ Yoast SEO plugin. -->","yoast_head_json":{"title":"Torta de lino - Distribuidor mayorista","description":"La torta de lino es una materia prima para piensos rica en prote\u00ednas, obtenida de semillas de lino. Es una fuente natural de prote\u00ednas y \u00e1cidos omega-3 para piensos compuestos para animales.","robots":{"index":"index","follow":"follow","max-snippet":"max-snippet:-1","max-image-preview":"max-image-preview:large","max-video-preview":"max-video-preview:-1"},"canonical":"https:\/\/naturalpoland.com\/es\/productos\/materias-primas-para-alimentos-de-animales\/materias-primas-para-la-alimentacion-del-ganado\/torta-de-lino\/","og_locale":"es_ES","og_type":"article","og_title":"Torta de lino - Distribuidor mayorista","og_description":"La torta de lino es una materia prima para piensos rica en prote\u00ednas, obtenida de semillas de lino. Es una fuente natural de prote\u00ednas y \u00e1cidos omega-3 para piensos compuestos para animales.","og_url":"https:\/\/naturalpoland.com\/es\/productos\/materias-primas-para-alimentos-de-animales\/materias-primas-para-la-alimentacion-del-ganado\/torta-de-lino\/","og_site_name":"NATURAL POLAND - Distribuidor Mayorista de Materias Primas","article_publisher":"https:\/\/www.facebook.com\/naturalpoland.b2b","article_modified_time":"2026-04-28T10:10:09+00:00","og_image":[{"width":1024,"height":1024,"url":"https:\/\/naturalpoland.com\/wp-content\/uploads\/makuch-lniany.png","type":"image\/png"}],"schema":{"@context":"https:\/\/schema.org","@graph":[{"@type":"WebPage","@id":"https:\/\/naturalpoland.com\/es\/productos\/materias-primas-para-alimentos-de-animales\/materias-primas-para-la-alimentacion-del-ganado\/torta-de-lino\/","url":"https:\/\/naturalpoland.com\/es\/productos\/materias-primas-para-alimentos-de-animales\/materias-primas-para-la-alimentacion-del-ganado\/torta-de-lino\/","name":"Torta de lino - Distribuidor mayorista","isPartOf":{"@id":"https:\/\/naturalpoland.com\/es\/#website"},"primaryImageOfPage":{"@id":"https:\/\/naturalpoland.com\/es\/productos\/materias-primas-para-alimentos-de-animales\/materias-primas-para-la-alimentacion-del-ganado\/torta-de-lino\/#primaryimage"},"image":{"@id":"https:\/\/naturalpoland.com\/es\/productos\/materias-primas-para-alimentos-de-animales\/materias-primas-para-la-alimentacion-del-ganado\/torta-de-lino\/#primaryimage"},"thumbnailUrl":"https:\/\/naturalpoland.com\/wp-content\/uploads\/makuch-lniany.png","datePublished":"2026-04-24T11:47:17+00:00","dateModified":"2026-04-28T10:10:09+00:00","description":"La torta de lino es una materia prima para piensos rica en prote\u00ednas, obtenida de semillas de lino. Es una fuente natural de prote\u00ednas y \u00e1cidos omega-3 para piensos compuestos para animales.","breadcrumb":{"@id":"https:\/\/naturalpoland.com\/es\/productos\/materias-primas-para-alimentos-de-animales\/materias-primas-para-la-alimentacion-del-ganado\/torta-de-lino\/#breadcrumb"},"inLanguage":"es","potentialAction":[{"@type":"ReadAction","target":["https:\/\/naturalpoland.com\/es\/productos\/materias-primas-para-alimentos-de-animales\/materias-primas-para-la-alimentacion-del-ganado\/torta-de-lino\/"]}]},{"@type":"ImageObject","inLanguage":"es","@id":"https:\/\/naturalpoland.com\/es\/productos\/materias-primas-para-alimentos-de-animales\/materias-primas-para-la-alimentacion-del-ganado\/torta-de-lino\/#primaryimage","url":"https:\/\/naturalpoland.com\/wp-content\/uploads\/makuch-lniany.png","contentUrl":"https:\/\/naturalpoland.com\/wp-content\/uploads\/makuch-lniany.png","width":1024,"height":1024,"caption":"torta de lino"},{"@type":"BreadcrumbList","@id":"https:\/\/naturalpoland.com\/es\/productos\/materias-primas-para-alimentos-de-animales\/materias-primas-para-la-alimentacion-del-ganado\/torta-de-lino\/#breadcrumb","itemListElement":[{"@type":"ListItem","position":1,"name":"Inicio","item":"https:\/\/naturalpoland.com\/es\/"},{"@type":"ListItem","position":2,"name":"Productos","item":"https:\/\/naturalpoland.com\/es\/productos\/"},{"@type":"ListItem","position":3,"name":"Torta de lino"}]},{"@type":"WebSite","@id":"https:\/\/naturalpoland.com\/es\/#website","url":"https:\/\/naturalpoland.com\/es\/","name":"NATURAL POLAND - Distribuidor Mayorista de Materias Primas","description":"Surowce dla przemys\u0142u spo\u017cywczego, kosmetycznego i farmaceutycznego","publisher":{"@id":"https:\/\/naturalpoland.com\/es\/#organization"},"potentialAction":[{"@type":"SearchAction","target":{"@type":"EntryPoint","urlTemplate":"https:\/\/naturalpoland.com\/es\/?s={search_term_string}"},"query-input":{"@type":"PropertyValueSpecification","valueRequired":true,"valueName":"search_term_string"}}],"inLanguage":"es"},{"@type":"Organization","@id":"https:\/\/naturalpoland.com\/es\/#organization","name":"Natural Poland","url":"https:\/\/naturalpoland.com\/es\/","logo":{"@type":"ImageObject","inLanguage":"es","@id":"https:\/\/naturalpoland.com\/es\/#\/schema\/logo\/image\/","url":"https:\/\/naturalpoland.com\/wp-content\/uploads\/2021\/05\/natural-poland-icon.png","contentUrl":"https:\/\/naturalpoland.com\/wp-content\/uploads\/2021\/05\/natural-poland-icon.png","width":512,"height":512,"caption":"Natural Poland"},"image":{"@id":"https:\/\/naturalpoland.com\/es\/#\/schema\/logo\/image\/"},"sameAs":["https:\/\/www.facebook.com\/naturalpoland.b2b","https:\/\/pl.linkedin.com\/company\/natural-poland","https:\/\/www.youtube.com\/channel\/UCgeGGkvOMahZo-xu_MSEWxg"]}]}},"_links":{"self":[{"href":"https:\/\/naturalpoland.com\/es\/wp-json\/wp\/v2\/product\/47988","targetHints":{"allow":["GET"]}}],"collection":[{"href":"https:\/\/naturalpoland.com\/es\/wp-json\/wp\/v2\/product"}],"about":[{"href":"https:\/\/naturalpoland.com\/es\/wp-json\/wp\/v2\/types\/product"}],"wp:featuredmedia":[{"embeddable":true,"href":"https:\/\/naturalpoland.com\/es\/wp-json\/wp\/v2\/media\/47989"}],"wp:attachment":[{"href":"https:\/\/naturalpoland.com\/es\/wp-json\/wp\/v2\/media?parent=47988"}],"wp:term":[{"taxonomy":"product_brand","embeddable":true,"href":"https:\/\/naturalpoland.com\/es\/wp-json\/wp\/v2\/product_brand?post=47988"},{"taxonomy":"product_cat","embeddable":true,"href":"https:\/\/naturalpoland.com\/es\/wp-json\/wp\/v2\/product_cat?post=47988"},{"taxonomy":"product_tag","embeddable":true,"href":"https:\/\/naturalpoland.com\/es\/wp-json\/wp\/v2\/product_tag?post=47988"}],"curies":[{"name":"wp","href":"https:\/\/api.w.org\/{rel}","templated":true}]}}