{"id":6263,"date":"2021-05-11T13:36:36","date_gmt":"2021-08-18T14:57:09","guid":{"rendered":"https:\/\/naturalpoland.pl\/produkty\/sin%20categor\u00eda\/biotina\/"},"modified":"2024-08-08T14:55:44","modified_gmt":"2024-08-08T12:55:44","slug":"biotina","status":"publish","type":"product","link":"https:\/\/naturalpoland.com\/es\/productos\/productos-para-la-industria-farmaceutica-y-medica\/vitaminas\/biotina\/","title":{"rendered":"Biotina"},"content":{"rendered":"<h2>La biotina en cosmetolog\u00eda &#8211; para la piel, el cabello y las u\u00f1as<\/h2>\n<p>  En la industria cosm\u00e9tica, la biotina se valora principalmente por sus efectos sobre <strong>la salud del cabello y las u\u00f1as<\/strong>.<br \/>\nTiene un efecto beneficioso sobre el estado del cabello, evitando su ca\u00edda y estimulando su crecimiento.<br \/>\nTambi\u00e9n tiene un efecto fortalecedor sobre las u\u00f1as, evitando su fragilidad y rotura.<br \/>\nGracias a estas propiedades, la biotina es un ingrediente habitual en <strong>champ\u00fas<\/strong>, <strong>acondicionadores<\/strong> capilares y <strong>suplementos diet\u00e9ticos<\/strong> dedicados a mejorar el estado de la piel, el cabello y las u\u00f1as.     <\/p>\n<h2>La biotina en medicina<\/h2>\n<p>  Aunque la biotina se asocia com\u00fanmente como suplemento para el cabello y las u\u00f1as, la vitamina tambi\u00e9n desempe\u00f1a un papel importante en numerosos procesos metab\u00f3licos.<br \/>\nComo coenzima de las carboxilasas, interviene en la transducci\u00f3n de se\u00f1ales celulares y en la expresi\u00f3n g\u00e9nica. <strong>Beneficiosa para el sistema nervioso, la biotina <\/strong>se recomienda a las personas que luchan contra el estr\u00e9s excesivo y el nerviosismo. <strong>Otra valiosa propiedad de la biotina es su papel en el metabolismo de la glucosa<\/strong>.<br \/>\nRegula la conversi\u00f3n de la glucosa en gluc\u00f3geno almacenado en el h\u00edgado.<br \/>\nCuando la toman personas diab\u00e9ticas, la biotina puede ayudar a mantener niveles normales de az\u00facar en sangre.<br \/>\nTambi\u00e9n es crucial para el buen funcionamiento de la gl\u00e1ndula tiroides y es importante <strong>en el proceso de coagulaci\u00f3n de la sangre<\/strong>, mediante la coformaci\u00f3n de protrombina.      &nbsp;<\/p>\n<p><img decoding=\"async\" class=\"aligncenter size-full wp-image-17141\" src=\"https:\/\/naturalpoland.com\/wp-content\/uploads\/Biotyna-wlasciwosci-i-efekty-stosowania.jpg\" alt=\"C\u00e1psulas de biotina\" width=\"1000\" height=\"522\" srcset=\"https:\/\/naturalpoland.com\/wp-content\/uploads\/Biotyna-wlasciwosci-i-efekty-stosowania.jpg 1000w, https:\/\/naturalpoland.com\/wp-content\/uploads\/Biotyna-wlasciwosci-i-efekty-stosowania-510x266.jpg 510w, https:\/\/naturalpoland.com\/wp-content\/uploads\/Biotyna-wlasciwosci-i-efekty-stosowania-300x157.jpg 300w, https:\/\/naturalpoland.com\/wp-content\/uploads\/Biotyna-wlasciwosci-i-efekty-stosowania-768x401.jpg 768w\" sizes=\"(max-width: 1000px) 100vw, 1000px\" \/><\/p>\n<p>&nbsp;<\/p>\n<h2 class=\"wp-block-heading\">\u00bfCu\u00e1nta biotina al d\u00eda?<\/h2>\n<p>  Como ocurre con otras vitaminas, la biotina se suministra al organismo principalmente a trav\u00e9s de los alimentos.<br \/>\n<strong>La necesidad diaria de vitamina B7 en adultos es de aproximadamente 30 \u03bcg<\/strong> y normalmente puede cubrirse con una dieta sana y equilibrada.<br \/>\nA diferencia de la <strong><a href=\"https:\/\/naturalpoland.com\/produkty\/produkty-dla-przemyslu-farmaceutycznego-i-medycznego\/witaminy\/witamina-b12\/\">vitamina B12<\/a><\/strong>la biotina tampoco requiere suplementos en el caso de las dietas vegana y vegetariana.    <\/p>\n<h2 class=\"wp-block-heading\">\u00bfEn qu\u00e9 consiste la biotina?<\/h2>\n<p>  La biotina no s\u00f3lo se encuentra<br \/>\n<strong>en los alimentos zoon\u00f3ticos<\/strong> (p. ej., yema de huevo, v\u00edsceras, pescado, leche y queso desnatado), sino tambi\u00e9n<strong>en<\/strong> los vegetales<br \/>\n<strong>en productos vegetales<\/strong>: fruta (por ejemplo, pl\u00e1tanos, sand\u00eda, uvas, melocotones), <strong>verduras <\/strong>(por ejemplo, tomates, zanahorias), as\u00ed como <strong>legumbres<\/strong>, <strong>setas <\/strong>y <strong>frutos secos<\/strong>.    <\/p>\n<h2 class=\"wp-block-heading\">Deficiencia de biotina &#8211; s\u00edntomas<\/h2>\n<p>  Aunque la vitamina B7 es muy f\u00e1cil de suministrar al organismo, algunas personas pueden tener problemas para absorber este nutriente.<br \/>\nPueden sufrir carencias de biotina las mujeres embarazadas, las personas adictas a la nicotina o al alcohol, las que toman ciertos medicamentos o las que consumen yemas de huevo crudas.<br \/>\nEstas \u00faltimas, a diferencia de las yemas tratadas t\u00e9rmicamente, contienen avidina, que se une a la biotina e inhibe su absorci\u00f3n por el organismo.<br \/>\nLos <strong>efectos secundarios<\/strong> m\u00e1s caracter\u00edsticos <strong>de la carencia de biotina<\/strong> son el encanecimiento de la piel, la descamaci\u00f3n de la epidermis y la ca\u00edda del cabello. <strong>La carencia de biotina<\/strong> no s\u00f3lo afecta a nuestro aspecto, sino que tambi\u00e9n puede causar efectos secundarios en el sistema nervioso.<br \/>\nEstos incluyen letargo, apat\u00eda, convulsiones, depresi\u00f3n, ansiedad y fatiga cr\u00f3nica, entre otros.<br \/>\nSi se sospecha una posible deficiencia <a href=\"https:\/\/naturalpoland.pl\/kategoria\/produkty-dla-przemyslu-farmaceutycznego-i-medycznego\/witaminy\/\"><strong>vitamina<\/strong><\/a> B7, por ejemplo en la tensi\u00f3n nerviosa de las mujeres embarazadas, su suplementaci\u00f3n tambi\u00e9n resultar\u00e1 \u00fatil para combatir estos s\u00edntomas.       <\/p>\n<h2 class=\"wp-block-heading\">Biotina &#8211; efectos secundarios<\/h2>\n<p>  La biotina raramente causa efectos secundarios.<br \/>\nEs una vitamina hidrosoluble, por lo que su exceso se elimina f\u00e1cilmente por la orina.<br \/>\nSin embargo, con el uso prolongado de dosis elevadas, pueden aparecer molestias gastrointestinales leves: dolores de est\u00f3mago, n\u00e1useas, diarrea o cambios de humor.<br \/>\nEs importante se\u00f1alar, sin embargo, que la biotina puede interferir en los resultados de algunas pruebas de laboratorio.<br \/>\nLas personas que toman vitamina B7 deben dejar de tomar el suplemento antes de las pruebas de tiroides, gonadotropina y vitamina D; de lo contrario, los resultados obtenidos pueden estar sobrevalorados o infravalorados en relaci\u00f3n con los valores reales.<br \/>\nExisten en el mercado numerosos preparados que contienen biotina, tanto en forma de suplementos como de cosm\u00e9ticos.<br \/>\nSin embargo, antes de empezar a tomar suplementos de biotina, es aconsejable consultar a un m\u00e9dico o farmac\u00e9utico.<br \/>\nDicha consulta ayudar\u00e1 a garantizar que la suplementaci\u00f3n ser\u00e1 segura y eficaz, y tambi\u00e9n ayudar\u00e1 a adaptar la dosis adecuada a las necesidades de cada usuario. &nbsp;<\/p>\n<hr>\n<p><strong>Bibliograf\u00eda:<\/strong> Bistas KG, Tadi P. (2020) Biotina.<br \/>\nStatPearls Publishing, Treasure Island (FL) https:\/\/europepmc.org\/article\/nbk\/nbk554493 Patel DP, Swink SM, Castelo-Soccio L. (2017) A Review of the Use of Biotin for Hair Loss.<br \/>\nTrastornos de los Anexos Cut\u00e1neos.<br \/>\n3: 166-169.<br \/>\n3.<br \/>\nhttps:\/\/zywienie.medonet.pl\/skladniki-odzywcze\/witaminy-i-mineraly\/biotyna-wlasciwosci-objawy-niedoboru-zrodla-witaminy-b7\/              <\/p>\n<hr>\n<h5 class=\"author-name uppercase pt-half\"><strong>DR N. GRANJA<br \/>\nKATARZYNA KIMEL <\/strong><\/h5>\n<p class=\"author-desc small\">Doctora en Ciencias Farmac\u00e9uticas, cuyos intereses cient\u00edficos se centran en el estudio de los medicamentos vegetales y las sustancias biol\u00f3gicamente activas de origen natural.<br \/>\nLe encanta viajar y pasar su tiempo libre en la naturaleza. <\/p>\n","protected":false},"excerpt":{"rendered":"<p><strong>La biotina<\/strong>, tambi\u00e9n conocida como <strong>vitamina B7<\/strong> o <strong>vitamina H.<\/strong> Este compuesto qu\u00edmico ha ganado reconocimiento por sus numerosos beneficios para la salud y la belleza.<br \/>\nEs un ingrediente de muchos suplementos diet\u00e9ticos y cosm\u00e9ticos. <\/p>\n","protected":false},"featured_media":31201,"template":"","meta":{"_acf_changed":false},"product_brand":[],"product_cat":[1078],"product_tag":[],"class_list":{"0":"post-6263","1":"product","2":"type-product","3":"status-publish","4":"has-post-thumbnail","6":"product_cat-vitaminas","8":"first","9":"instock","10":"shipping-taxable","11":"product-type-simple"},"acf":[],"yoast_head":"<!-- This site is optimized with the Yoast SEO plugin v27.4 - https:\/\/yoast.com\/product\/yoast-seo-wordpress\/ -->\n<title>Biotina - NATURAL POLAND - Distribuidor Mayorista de Materias Primas<\/title>\n<meta name=\"description\" content=\"La biotina, tambi\u00e9n conocida como vitamina B7 o vitamina H, es un compuesto qu\u00edmico valorado tanto en medicina como en cosmetolog\u00eda.\" \/>\n<meta name=\"robots\" content=\"index, follow, max-snippet:-1, max-image-preview:large, max-video-preview:-1\" \/>\n<link rel=\"canonical\" href=\"https:\/\/naturalpoland.com\/es\/productos\/productos-para-la-industria-farmaceutica-y-medica\/vitaminas\/biotina\/\" \/>\n<meta property=\"og:locale\" content=\"es_ES\" \/>\n<meta property=\"og:type\" content=\"article\" \/>\n<meta property=\"og:title\" content=\"Biotina - NATURAL POLAND - Distribuidor Mayorista de Materias Primas\" \/>\n<meta property=\"og:description\" content=\"La biotina, tambi\u00e9n conocida como vitamina B7 o vitamina H, es un compuesto qu\u00edmico valorado tanto en medicina como en cosmetolog\u00eda.\" \/>\n<meta property=\"og:url\" content=\"https:\/\/naturalpoland.com\/es\/productos\/productos-para-la-industria-farmaceutica-y-medica\/vitaminas\/biotina\/\" \/>\n<meta property=\"og:site_name\" content=\"NATURAL POLAND - Distribuidor Mayorista de Materias Primas\" \/>\n<meta property=\"article:publisher\" content=\"https:\/\/www.facebook.com\/naturalpoland.b2b\" \/>\n<meta property=\"article:modified_time\" content=\"2024-08-08T12:55:44+00:00\" \/>\n<meta property=\"og:image\" content=\"https:\/\/naturalpoland.com\/wp-content\/uploads\/biotyna.webp\" \/>\n\t<meta property=\"og:image:width\" content=\"619\" \/>\n\t<meta property=\"og:image:height\" content=\"619\" \/>\n\t<meta property=\"og:image:type\" content=\"image\/webp\" \/>\n<script type=\"application\/ld+json\" class=\"yoast-schema-graph\">{\"@context\":\"https:\\\/\\\/schema.org\",\"@graph\":[{\"@type\":\"WebPage\",\"@id\":\"https:\\\/\\\/naturalpoland.com\\\/es\\\/productos\\\/productos-para-la-industria-farmaceutica-y-medica\\\/vitaminas\\\/biotina\\\/\",\"url\":\"https:\\\/\\\/naturalpoland.com\\\/es\\\/productos\\\/productos-para-la-industria-farmaceutica-y-medica\\\/vitaminas\\\/biotina\\\/\",\"name\":\"Biotina - NATURAL POLAND - Distribuidor Mayorista de Materias Primas\",\"isPartOf\":{\"@id\":\"https:\\\/\\\/naturalpoland.com\\\/es\\\/#website\"},\"primaryImageOfPage\":{\"@id\":\"https:\\\/\\\/naturalpoland.com\\\/es\\\/productos\\\/productos-para-la-industria-farmaceutica-y-medica\\\/vitaminas\\\/biotina\\\/#primaryimage\"},\"image\":{\"@id\":\"https:\\\/\\\/naturalpoland.com\\\/es\\\/productos\\\/productos-para-la-industria-farmaceutica-y-medica\\\/vitaminas\\\/biotina\\\/#primaryimage\"},\"thumbnailUrl\":\"https:\\\/\\\/naturalpoland.com\\\/wp-content\\\/uploads\\\/biotyna.webp\",\"datePublished\":\"2021-08-18T14:57:09+00:00\",\"dateModified\":\"2024-08-08T12:55:44+00:00\",\"description\":\"La biotina, tambi\u00e9n conocida como vitamina B7 o vitamina H, es un compuesto qu\u00edmico valorado tanto en medicina como en cosmetolog\u00eda.\",\"breadcrumb\":{\"@id\":\"https:\\\/\\\/naturalpoland.com\\\/es\\\/productos\\\/productos-para-la-industria-farmaceutica-y-medica\\\/vitaminas\\\/biotina\\\/#breadcrumb\"},\"inLanguage\":\"es\",\"potentialAction\":[{\"@type\":\"ReadAction\",\"target\":[\"https:\\\/\\\/naturalpoland.com\\\/es\\\/productos\\\/productos-para-la-industria-farmaceutica-y-medica\\\/vitaminas\\\/biotina\\\/\"]}]},{\"@type\":\"ImageObject\",\"inLanguage\":\"es\",\"@id\":\"https:\\\/\\\/naturalpoland.com\\\/es\\\/productos\\\/productos-para-la-industria-farmaceutica-y-medica\\\/vitaminas\\\/biotina\\\/#primaryimage\",\"url\":\"https:\\\/\\\/naturalpoland.com\\\/wp-content\\\/uploads\\\/biotyna.webp\",\"contentUrl\":\"https:\\\/\\\/naturalpoland.com\\\/wp-content\\\/uploads\\\/biotyna.webp\",\"width\":619,\"height\":619,\"caption\":\"biotyna - proszek\"},{\"@type\":\"BreadcrumbList\",\"@id\":\"https:\\\/\\\/naturalpoland.com\\\/es\\\/productos\\\/productos-para-la-industria-farmaceutica-y-medica\\\/vitaminas\\\/biotina\\\/#breadcrumb\",\"itemListElement\":[{\"@type\":\"ListItem\",\"position\":1,\"name\":\"Inicio\",\"item\":\"https:\\\/\\\/naturalpoland.com\\\/es\\\/\"},{\"@type\":\"ListItem\",\"position\":2,\"name\":\"Productos\",\"item\":\"https:\\\/\\\/naturalpoland.com\\\/es\\\/productos\\\/\"},{\"@type\":\"ListItem\",\"position\":3,\"name\":\"Biotina\"}]},{\"@type\":\"WebSite\",\"@id\":\"https:\\\/\\\/naturalpoland.com\\\/es\\\/#website\",\"url\":\"https:\\\/\\\/naturalpoland.com\\\/es\\\/\",\"name\":\"NATURAL POLAND - Distribuidor Mayorista de Materias Primas\",\"description\":\"Surowce dla przemys\u0142u spo\u017cywczego, kosmetycznego i farmaceutycznego\",\"publisher\":{\"@id\":\"https:\\\/\\\/naturalpoland.com\\\/es\\\/#organization\"},\"potentialAction\":[{\"@type\":\"SearchAction\",\"target\":{\"@type\":\"EntryPoint\",\"urlTemplate\":\"https:\\\/\\\/naturalpoland.com\\\/es\\\/?s={search_term_string}\"},\"query-input\":{\"@type\":\"PropertyValueSpecification\",\"valueRequired\":true,\"valueName\":\"search_term_string\"}}],\"inLanguage\":\"es\"},{\"@type\":\"Organization\",\"@id\":\"https:\\\/\\\/naturalpoland.com\\\/es\\\/#organization\",\"name\":\"Natural Poland\",\"url\":\"https:\\\/\\\/naturalpoland.com\\\/es\\\/\",\"logo\":{\"@type\":\"ImageObject\",\"inLanguage\":\"es\",\"@id\":\"https:\\\/\\\/naturalpoland.com\\\/es\\\/#\\\/schema\\\/logo\\\/image\\\/\",\"url\":\"https:\\\/\\\/naturalpoland.com\\\/wp-content\\\/uploads\\\/2021\\\/05\\\/natural-poland-icon.png\",\"contentUrl\":\"https:\\\/\\\/naturalpoland.com\\\/wp-content\\\/uploads\\\/2021\\\/05\\\/natural-poland-icon.png\",\"width\":512,\"height\":512,\"caption\":\"Natural Poland\"},\"image\":{\"@id\":\"https:\\\/\\\/naturalpoland.com\\\/es\\\/#\\\/schema\\\/logo\\\/image\\\/\"},\"sameAs\":[\"https:\\\/\\\/www.facebook.com\\\/naturalpoland.b2b\",\"https:\\\/\\\/pl.linkedin.com\\\/company\\\/natural-poland\",\"https:\\\/\\\/www.youtube.com\\\/channel\\\/UCgeGGkvOMahZo-xu_MSEWxg\"]}]}<\/script>\n<!-- \/ Yoast SEO plugin. -->","yoast_head_json":{"title":"Biotina - NATURAL POLAND - Distribuidor Mayorista de Materias Primas","description":"La biotina, tambi\u00e9n conocida como vitamina B7 o vitamina H, es un compuesto qu\u00edmico valorado tanto en medicina como en cosmetolog\u00eda.","robots":{"index":"index","follow":"follow","max-snippet":"max-snippet:-1","max-image-preview":"max-image-preview:large","max-video-preview":"max-video-preview:-1"},"canonical":"https:\/\/naturalpoland.com\/es\/productos\/productos-para-la-industria-farmaceutica-y-medica\/vitaminas\/biotina\/","og_locale":"es_ES","og_type":"article","og_title":"Biotina - NATURAL POLAND - Distribuidor Mayorista de Materias Primas","og_description":"La biotina, tambi\u00e9n conocida como vitamina B7 o vitamina H, es un compuesto qu\u00edmico valorado tanto en medicina como en cosmetolog\u00eda.","og_url":"https:\/\/naturalpoland.com\/es\/productos\/productos-para-la-industria-farmaceutica-y-medica\/vitaminas\/biotina\/","og_site_name":"NATURAL POLAND - Distribuidor Mayorista de Materias Primas","article_publisher":"https:\/\/www.facebook.com\/naturalpoland.b2b","article_modified_time":"2024-08-08T12:55:44+00:00","og_image":[{"width":619,"height":619,"url":"https:\/\/naturalpoland.com\/wp-content\/uploads\/biotyna.webp","type":"image\/webp"}],"schema":{"@context":"https:\/\/schema.org","@graph":[{"@type":"WebPage","@id":"https:\/\/naturalpoland.com\/es\/productos\/productos-para-la-industria-farmaceutica-y-medica\/vitaminas\/biotina\/","url":"https:\/\/naturalpoland.com\/es\/productos\/productos-para-la-industria-farmaceutica-y-medica\/vitaminas\/biotina\/","name":"Biotina - NATURAL POLAND - Distribuidor Mayorista de Materias Primas","isPartOf":{"@id":"https:\/\/naturalpoland.com\/es\/#website"},"primaryImageOfPage":{"@id":"https:\/\/naturalpoland.com\/es\/productos\/productos-para-la-industria-farmaceutica-y-medica\/vitaminas\/biotina\/#primaryimage"},"image":{"@id":"https:\/\/naturalpoland.com\/es\/productos\/productos-para-la-industria-farmaceutica-y-medica\/vitaminas\/biotina\/#primaryimage"},"thumbnailUrl":"https:\/\/naturalpoland.com\/wp-content\/uploads\/biotyna.webp","datePublished":"2021-08-18T14:57:09+00:00","dateModified":"2024-08-08T12:55:44+00:00","description":"La biotina, tambi\u00e9n conocida como vitamina B7 o vitamina H, es un compuesto qu\u00edmico valorado tanto en medicina como en cosmetolog\u00eda.","breadcrumb":{"@id":"https:\/\/naturalpoland.com\/es\/productos\/productos-para-la-industria-farmaceutica-y-medica\/vitaminas\/biotina\/#breadcrumb"},"inLanguage":"es","potentialAction":[{"@type":"ReadAction","target":["https:\/\/naturalpoland.com\/es\/productos\/productos-para-la-industria-farmaceutica-y-medica\/vitaminas\/biotina\/"]}]},{"@type":"ImageObject","inLanguage":"es","@id":"https:\/\/naturalpoland.com\/es\/productos\/productos-para-la-industria-farmaceutica-y-medica\/vitaminas\/biotina\/#primaryimage","url":"https:\/\/naturalpoland.com\/wp-content\/uploads\/biotyna.webp","contentUrl":"https:\/\/naturalpoland.com\/wp-content\/uploads\/biotyna.webp","width":619,"height":619,"caption":"biotyna - proszek"},{"@type":"BreadcrumbList","@id":"https:\/\/naturalpoland.com\/es\/productos\/productos-para-la-industria-farmaceutica-y-medica\/vitaminas\/biotina\/#breadcrumb","itemListElement":[{"@type":"ListItem","position":1,"name":"Inicio","item":"https:\/\/naturalpoland.com\/es\/"},{"@type":"ListItem","position":2,"name":"Productos","item":"https:\/\/naturalpoland.com\/es\/productos\/"},{"@type":"ListItem","position":3,"name":"Biotina"}]},{"@type":"WebSite","@id":"https:\/\/naturalpoland.com\/es\/#website","url":"https:\/\/naturalpoland.com\/es\/","name":"NATURAL POLAND - Distribuidor Mayorista de Materias Primas","description":"Surowce dla przemys\u0142u spo\u017cywczego, kosmetycznego i farmaceutycznego","publisher":{"@id":"https:\/\/naturalpoland.com\/es\/#organization"},"potentialAction":[{"@type":"SearchAction","target":{"@type":"EntryPoint","urlTemplate":"https:\/\/naturalpoland.com\/es\/?s={search_term_string}"},"query-input":{"@type":"PropertyValueSpecification","valueRequired":true,"valueName":"search_term_string"}}],"inLanguage":"es"},{"@type":"Organization","@id":"https:\/\/naturalpoland.com\/es\/#organization","name":"Natural Poland","url":"https:\/\/naturalpoland.com\/es\/","logo":{"@type":"ImageObject","inLanguage":"es","@id":"https:\/\/naturalpoland.com\/es\/#\/schema\/logo\/image\/","url":"https:\/\/naturalpoland.com\/wp-content\/uploads\/2021\/05\/natural-poland-icon.png","contentUrl":"https:\/\/naturalpoland.com\/wp-content\/uploads\/2021\/05\/natural-poland-icon.png","width":512,"height":512,"caption":"Natural Poland"},"image":{"@id":"https:\/\/naturalpoland.com\/es\/#\/schema\/logo\/image\/"},"sameAs":["https:\/\/www.facebook.com\/naturalpoland.b2b","https:\/\/pl.linkedin.com\/company\/natural-poland","https:\/\/www.youtube.com\/channel\/UCgeGGkvOMahZo-xu_MSEWxg"]}]}},"_links":{"self":[{"href":"https:\/\/naturalpoland.com\/es\/wp-json\/wp\/v2\/product\/6263","targetHints":{"allow":["GET"]}}],"collection":[{"href":"https:\/\/naturalpoland.com\/es\/wp-json\/wp\/v2\/product"}],"about":[{"href":"https:\/\/naturalpoland.com\/es\/wp-json\/wp\/v2\/types\/product"}],"wp:featuredmedia":[{"embeddable":true,"href":"https:\/\/naturalpoland.com\/es\/wp-json\/wp\/v2\/media\/31201"}],"wp:attachment":[{"href":"https:\/\/naturalpoland.com\/es\/wp-json\/wp\/v2\/media?parent=6263"}],"wp:term":[{"taxonomy":"product_brand","embeddable":true,"href":"https:\/\/naturalpoland.com\/es\/wp-json\/wp\/v2\/product_brand?post=6263"},{"taxonomy":"product_cat","embeddable":true,"href":"https:\/\/naturalpoland.com\/es\/wp-json\/wp\/v2\/product_cat?post=6263"},{"taxonomy":"product_tag","embeddable":true,"href":"https:\/\/naturalpoland.com\/es\/wp-json\/wp\/v2\/product_tag?post=6263"}],"curies":[{"name":"wp","href":"https:\/\/api.w.org\/{rel}","templated":true}]}}