{"id":6269,"date":"2021-05-11T13:52:09","date_gmt":"2021-05-11T11:52:09","guid":{"rendered":"https:\/\/naturalpoland.pl\/produkty\/sin%20categor\u00eda\/aceite-de-espino-amarillo\/"},"modified":"2025-09-09T11:33:22","modified_gmt":"2025-09-09T09:33:22","slug":"aceite-de-espino-amarillo","status":"publish","type":"product","link":"https:\/\/naturalpoland.com\/es\/productos\/productos-para-la-industria-cosmetica\/aceites-cosmeticos\/aceite-de-espino-amarillo\/","title":{"rendered":"Aceite de fruto de espino amarillo"},"content":{"rendered":"<p>Nuestro <strong>aceite de espino amarillo de calidad alimentaria<\/strong> puede utilizarse en la industria <strong>alimentaria<\/strong>, como producto medicinal y arom\u00e1tico, as\u00ed como en la industria <strong>cosm\u00e9tica<\/strong> para el cuidado de la piel.<\/p>\n<h2>Propiedades<\/h2>\n<p>El contenido de aceite en la pulpa de los frutos es de aproximadamente 1,5-3% (en masa fresca).<br \/>\nEl aceite de fruto de espino amarillo contiene \u00e1cidos grasos monoinsaturados y carotenoides, as\u00ed como enormes cantidades de tocoferoles, tocotrienoles y esteroles vegetales.<\/p>\n<p>Los aceites de semilla de espino amarillo com\u00fan y de fruto difieren entre s\u00ed en el perfil de \u00e1cidos grasos. El \u00e1cido linoleico y el \u00e1cido \u03b1-linol\u00e9nico son los principales \u00e1cidos grasos en el aceite de semilla, mientras que <strong>el aceite de fruto de espino amarillo contiene aproximadamente un 65% de \u00e1cidos monoinsaturados combinados, \u00e1cidos oleopalm\u00edticos y \u00e1cido graso saturado &#8211; \u00e1cido palm\u00edtico<\/strong>. Esto causa una diferencia fundamental entre los dos aceites en t\u00e9rminos de apariencia y consistencia.  <\/p>\n<p><strong>El aceite de fruto de espino amarillo es transparente, tiene color naranja oscuro y consistencia densa<\/strong>. Los carotenoides son pigmentos que dan a la baya de espino amarillo su distintivo color naranja-rojizo, estos compuestos est\u00e1n presentes en cantidades significativas en el aceite prensado. Los principales carotenoides presentes en el aceite de fruto de espino amarillo son betacaroteno, zeaxantina y licopeno.  <\/p>\n<p>El aceite tiene un sabor caracter\u00edstico, crudo con un toque de amargor, sin olores indeseables.<\/p>\n<h3>Nuestro aceite de fruto de espino amarillo tiene una alta concentraci\u00f3n de carotenoides m\u00edn. 250 mg <\/h3>\n<p><img decoding=\"async\" class=\"size-full wp-image-4159 alignright\" src=\"https:\/\/naturalpoland.com\/wp-content\/uploads\/olej-z-owocu-rokitnika-brokat.jpg\" alt=\"aceite de fruto de espino amarillo al por mayor\" width=\"163\" height=\"143\">El aceite de espino amarillo se obtiene de los frutos de esta planta. Este producto est\u00e1 prensado y sin refinar, por lo que conserva muchas de sus propiedades naturales y beneficiosas para la salud. El aceite de frutos de espino amarillo es rico en una gran cantidad de grasas insaturadas, entre ellas el \u00e1cido oleopalm\u00edtico, as\u00ed como vitamina C, riboflavinas, vitaminas del grupo A, E y B12. Contiene microelementos como selenio, hierro, cobre, f\u00f3sforo o magnesio. El aceite org\u00e1nico de espino amarillo contrarresta los estados inflamatorios del sistema digestivo, reduce las molestias estomacales y tambi\u00e9n hidrata excelentemente la piel y previene su envejecimiento.    <\/p>\n<h2>Beneficios para la salud:<\/h2>\n<ol>\n<li>Ayuda en la regeneraci\u00f3n de la epidermis, favorece la cicatrizaci\u00f3n de heridas y protege la piel contra la acci\u00f3n de los radicales libres.<\/li>\n<li>Act\u00faa de forma calmante sobre las irritaciones, reduce el enrojecimiento y los estados inflamatorios de la piel, y tambi\u00e9n puede utilizarse en el cuidado de pieles problem\u00e1ticas, secas y maduras.<\/li>\n<li>Influye favorablemente en el sistema inmunol\u00f3gico, ayudando en la protecci\u00f3n del organismo contra el estr\u00e9s oxidativo.<\/li>\n<\/ol>\n<h2>Aplicaci\u00f3n:<\/h2>\n<p>En cosm\u00e9ticos, el aceite de espino amarillo puede aplicarse directamente sobre la piel o como aditivo en cosm\u00e9ticos.<\/p>\n<p>En suplementos diet\u00e9ticos, favorece el funcionamiento correcto del sistema digestivo e inmunol\u00f3gico.<\/p>\n<p>En la industria alimentaria puede utilizarse como aceite comestible, proporcionando valiosos componentes nutricionales. Debido a su sabor espec\u00edfico, funciona mejor en peque\u00f1as cantidades como aditivo para ensaladas y aderezos. <\/p>\n<h4><\/h4>\n","protected":false},"excerpt":{"rendered":"<p>El aceite de espino amarillo (Sea Buckthorn Oil) es un aceite vegetal natural, prensado en fr\u00edo, procedente de los frutos del espino amarillo.<\/p>\n<p>Somos distribuidores al por mayor de este aceite natural<strong> con una concentraci\u00f3n muy alta de <a href=\"https:\/\/naturalpoland.com\/artykuly\/produkty-naturalne\/karotenoidy-skladniki-ktore-nadaja-olejowi-z-rokitnika-jego-charakterystyczny-blysk\/\">carotenoides<\/a><\/strong>. El aceite de nuestra oferta contiene un m\u00ednimo de 250 mg\/100 g, mientras que en otros aceites de espino amarillo presentes en el mercado la norma es de 180 mg\/100 g. Esta enorme cantidad de dichos compuestos hace que nuestro aceite \u00abbrille\u00bb, los carotenoides cristalizan en el aceite, lo que crea un efecto opalescente, pr\u00e1cticamente \u00abpurpurinado\u00bb.  <\/p>\n<h4><strong>Cantidades disponibles: desde 20 kg<\/strong><\/h4>\n","protected":false},"featured_media":6270,"template":"","meta":{"_acf_changed":false},"product_brand":[],"product_cat":[1063,1080,1069],"product_tag":[],"class_list":{"0":"post-6269","1":"product","2":"type-product","3":"status-publish","4":"has-post-thumbnail","6":"product_cat-aceites-alimentarios","7":"product_cat-aceites-alimentarios-y-cosmeticos","8":"product_cat-aceites-cosmeticos","10":"first","11":"instock","12":"shipping-taxable","13":"product-type-simple"},"acf":[],"yoast_head":"<!-- This site is optimized with the Yoast SEO plugin v27.6 - https:\/\/yoast.com\/product\/yoast-seo-wordpress\/ -->\n<title>Aceite de fruto de espino amarillo - NATURAL POLAND - Distribuidor Mayorista de Materias Primas<\/title>\n<meta name=\"description\" content=\"El aceite de espino amarillo (Sea Buckthorn Oil) est\u00e1 dedicado a personas que buscan soluciones naturales en el cuidado diario y una dieta saludable.\" \/>\n<meta name=\"robots\" content=\"index, follow, max-snippet:-1, max-image-preview:large, max-video-preview:-1\" \/>\n<link rel=\"canonical\" href=\"https:\/\/naturalpoland.com\/es\/productos\/productos-para-la-industria-cosmetica\/aceites-cosmeticos\/aceite-de-espino-amarillo\/\" \/>\n<meta property=\"og:locale\" content=\"es_ES\" \/>\n<meta property=\"og:type\" content=\"article\" \/>\n<meta property=\"og:title\" content=\"Aceite de fruto de espino amarillo - NATURAL POLAND - Distribuidor Mayorista de Materias Primas\" \/>\n<meta property=\"og:description\" content=\"El aceite de espino amarillo (Sea Buckthorn Oil) est\u00e1 dedicado a personas que buscan soluciones naturales en el cuidado diario y una dieta saludable.\" \/>\n<meta property=\"og:url\" content=\"https:\/\/naturalpoland.com\/es\/productos\/productos-para-la-industria-cosmetica\/aceites-cosmeticos\/aceite-de-espino-amarillo\/\" \/>\n<meta property=\"og:site_name\" content=\"NATURAL POLAND - Distribuidor Mayorista de Materias Primas\" \/>\n<meta property=\"article:publisher\" content=\"https:\/\/www.facebook.com\/naturalpoland.b2b\" \/>\n<meta property=\"article:modified_time\" content=\"2025-09-09T09:33:22+00:00\" \/>\n<meta property=\"og:image\" content=\"https:\/\/naturalpoland.com\/wp-content\/uploads\/2021\/05\/olej-z-owocu-rokitnika.jpg\" \/>\n\t<meta property=\"og:image:width\" content=\"800\" \/>\n\t<meta property=\"og:image:height\" content=\"800\" \/>\n\t<meta property=\"og:image:type\" content=\"image\/jpeg\" \/>\n<script type=\"application\/ld+json\" class=\"yoast-schema-graph\">{\"@context\":\"https:\\\/\\\/schema.org\",\"@graph\":[{\"@type\":\"WebPage\",\"@id\":\"https:\\\/\\\/naturalpoland.com\\\/es\\\/productos\\\/productos-para-la-industria-cosmetica\\\/aceites-cosmeticos\\\/aceite-de-espino-amarillo\\\/\",\"url\":\"https:\\\/\\\/naturalpoland.com\\\/es\\\/productos\\\/productos-para-la-industria-cosmetica\\\/aceites-cosmeticos\\\/aceite-de-espino-amarillo\\\/\",\"name\":\"Aceite de fruto de espino amarillo - NATURAL POLAND - Distribuidor Mayorista de Materias Primas\",\"isPartOf\":{\"@id\":\"https:\\\/\\\/naturalpoland.com\\\/es\\\/#website\"},\"primaryImageOfPage\":{\"@id\":\"https:\\\/\\\/naturalpoland.com\\\/es\\\/productos\\\/productos-para-la-industria-cosmetica\\\/aceites-cosmeticos\\\/aceite-de-espino-amarillo\\\/#primaryimage\"},\"image\":{\"@id\":\"https:\\\/\\\/naturalpoland.com\\\/es\\\/productos\\\/productos-para-la-industria-cosmetica\\\/aceites-cosmeticos\\\/aceite-de-espino-amarillo\\\/#primaryimage\"},\"thumbnailUrl\":\"https:\\\/\\\/naturalpoland.com\\\/wp-content\\\/uploads\\\/2021\\\/05\\\/olej-z-owocu-rokitnika.jpg\",\"datePublished\":\"2021-05-11T11:52:09+00:00\",\"dateModified\":\"2025-09-09T09:33:22+00:00\",\"description\":\"El aceite de espino amarillo (Sea Buckthorn Oil) est\u00e1 dedicado a personas que buscan soluciones naturales en el cuidado diario y una dieta saludable.\",\"breadcrumb\":{\"@id\":\"https:\\\/\\\/naturalpoland.com\\\/es\\\/productos\\\/productos-para-la-industria-cosmetica\\\/aceites-cosmeticos\\\/aceite-de-espino-amarillo\\\/#breadcrumb\"},\"inLanguage\":\"es\",\"potentialAction\":[{\"@type\":\"ReadAction\",\"target\":[\"https:\\\/\\\/naturalpoland.com\\\/es\\\/productos\\\/productos-para-la-industria-cosmetica\\\/aceites-cosmeticos\\\/aceite-de-espino-amarillo\\\/\"]}]},{\"@type\":\"ImageObject\",\"inLanguage\":\"es\",\"@id\":\"https:\\\/\\\/naturalpoland.com\\\/es\\\/productos\\\/productos-para-la-industria-cosmetica\\\/aceites-cosmeticos\\\/aceite-de-espino-amarillo\\\/#primaryimage\",\"url\":\"https:\\\/\\\/naturalpoland.com\\\/wp-content\\\/uploads\\\/2021\\\/05\\\/olej-z-owocu-rokitnika.jpg\",\"contentUrl\":\"https:\\\/\\\/naturalpoland.com\\\/wp-content\\\/uploads\\\/2021\\\/05\\\/olej-z-owocu-rokitnika.jpg\",\"width\":800,\"height\":800,\"caption\":\"Aceite de fruto de espino amarillo\"},{\"@type\":\"BreadcrumbList\",\"@id\":\"https:\\\/\\\/naturalpoland.com\\\/es\\\/productos\\\/productos-para-la-industria-cosmetica\\\/aceites-cosmeticos\\\/aceite-de-espino-amarillo\\\/#breadcrumb\",\"itemListElement\":[{\"@type\":\"ListItem\",\"position\":1,\"name\":\"Inicio\",\"item\":\"https:\\\/\\\/naturalpoland.com\\\/es\\\/\"},{\"@type\":\"ListItem\",\"position\":2,\"name\":\"Productos\",\"item\":\"https:\\\/\\\/naturalpoland.com\\\/es\\\/productos\\\/\"},{\"@type\":\"ListItem\",\"position\":3,\"name\":\"Aceite de fruto de espino amarillo\"}]},{\"@type\":\"WebSite\",\"@id\":\"https:\\\/\\\/naturalpoland.com\\\/es\\\/#website\",\"url\":\"https:\\\/\\\/naturalpoland.com\\\/es\\\/\",\"name\":\"NATURAL POLAND - Distribuidor Mayorista de Materias Primas\",\"description\":\"Surowce dla przemys\u0142u spo\u017cywczego, kosmetycznego i farmaceutycznego\",\"publisher\":{\"@id\":\"https:\\\/\\\/naturalpoland.com\\\/es\\\/#organization\"},\"potentialAction\":[{\"@type\":\"SearchAction\",\"target\":{\"@type\":\"EntryPoint\",\"urlTemplate\":\"https:\\\/\\\/naturalpoland.com\\\/es\\\/?s={search_term_string}\"},\"query-input\":{\"@type\":\"PropertyValueSpecification\",\"valueRequired\":true,\"valueName\":\"search_term_string\"}}],\"inLanguage\":\"es\"},{\"@type\":\"Organization\",\"@id\":\"https:\\\/\\\/naturalpoland.com\\\/es\\\/#organization\",\"name\":\"Natural Poland\",\"url\":\"https:\\\/\\\/naturalpoland.com\\\/es\\\/\",\"logo\":{\"@type\":\"ImageObject\",\"inLanguage\":\"es\",\"@id\":\"https:\\\/\\\/naturalpoland.com\\\/es\\\/#\\\/schema\\\/logo\\\/image\\\/\",\"url\":\"https:\\\/\\\/naturalpoland.com\\\/wp-content\\\/uploads\\\/2021\\\/05\\\/natural-poland-icon.png\",\"contentUrl\":\"https:\\\/\\\/naturalpoland.com\\\/wp-content\\\/uploads\\\/2021\\\/05\\\/natural-poland-icon.png\",\"width\":512,\"height\":512,\"caption\":\"Natural Poland\"},\"image\":{\"@id\":\"https:\\\/\\\/naturalpoland.com\\\/es\\\/#\\\/schema\\\/logo\\\/image\\\/\"},\"sameAs\":[\"https:\\\/\\\/www.facebook.com\\\/naturalpoland.b2b\",\"https:\\\/\\\/pl.linkedin.com\\\/company\\\/natural-poland\",\"https:\\\/\\\/www.youtube.com\\\/channel\\\/UCgeGGkvOMahZo-xu_MSEWxg\"]}]}<\/script>\n<!-- \/ Yoast SEO plugin. -->","yoast_head_json":{"title":"Aceite de fruto de espino amarillo - NATURAL POLAND - Distribuidor Mayorista de Materias Primas","description":"El aceite de espino amarillo (Sea Buckthorn Oil) est\u00e1 dedicado a personas que buscan soluciones naturales en el cuidado diario y una dieta saludable.","robots":{"index":"index","follow":"follow","max-snippet":"max-snippet:-1","max-image-preview":"max-image-preview:large","max-video-preview":"max-video-preview:-1"},"canonical":"https:\/\/naturalpoland.com\/es\/productos\/productos-para-la-industria-cosmetica\/aceites-cosmeticos\/aceite-de-espino-amarillo\/","og_locale":"es_ES","og_type":"article","og_title":"Aceite de fruto de espino amarillo - NATURAL POLAND - Distribuidor Mayorista de Materias Primas","og_description":"El aceite de espino amarillo (Sea Buckthorn Oil) est\u00e1 dedicado a personas que buscan soluciones naturales en el cuidado diario y una dieta saludable.","og_url":"https:\/\/naturalpoland.com\/es\/productos\/productos-para-la-industria-cosmetica\/aceites-cosmeticos\/aceite-de-espino-amarillo\/","og_site_name":"NATURAL POLAND - Distribuidor Mayorista de Materias Primas","article_publisher":"https:\/\/www.facebook.com\/naturalpoland.b2b","article_modified_time":"2025-09-09T09:33:22+00:00","og_image":[{"width":800,"height":800,"url":"https:\/\/naturalpoland.com\/wp-content\/uploads\/2021\/05\/olej-z-owocu-rokitnika.jpg","type":"image\/jpeg"}],"schema":{"@context":"https:\/\/schema.org","@graph":[{"@type":"WebPage","@id":"https:\/\/naturalpoland.com\/es\/productos\/productos-para-la-industria-cosmetica\/aceites-cosmeticos\/aceite-de-espino-amarillo\/","url":"https:\/\/naturalpoland.com\/es\/productos\/productos-para-la-industria-cosmetica\/aceites-cosmeticos\/aceite-de-espino-amarillo\/","name":"Aceite de fruto de espino amarillo - NATURAL POLAND - Distribuidor Mayorista de Materias Primas","isPartOf":{"@id":"https:\/\/naturalpoland.com\/es\/#website"},"primaryImageOfPage":{"@id":"https:\/\/naturalpoland.com\/es\/productos\/productos-para-la-industria-cosmetica\/aceites-cosmeticos\/aceite-de-espino-amarillo\/#primaryimage"},"image":{"@id":"https:\/\/naturalpoland.com\/es\/productos\/productos-para-la-industria-cosmetica\/aceites-cosmeticos\/aceite-de-espino-amarillo\/#primaryimage"},"thumbnailUrl":"https:\/\/naturalpoland.com\/wp-content\/uploads\/2021\/05\/olej-z-owocu-rokitnika.jpg","datePublished":"2021-05-11T11:52:09+00:00","dateModified":"2025-09-09T09:33:22+00:00","description":"El aceite de espino amarillo (Sea Buckthorn Oil) est\u00e1 dedicado a personas que buscan soluciones naturales en el cuidado diario y una dieta saludable.","breadcrumb":{"@id":"https:\/\/naturalpoland.com\/es\/productos\/productos-para-la-industria-cosmetica\/aceites-cosmeticos\/aceite-de-espino-amarillo\/#breadcrumb"},"inLanguage":"es","potentialAction":[{"@type":"ReadAction","target":["https:\/\/naturalpoland.com\/es\/productos\/productos-para-la-industria-cosmetica\/aceites-cosmeticos\/aceite-de-espino-amarillo\/"]}]},{"@type":"ImageObject","inLanguage":"es","@id":"https:\/\/naturalpoland.com\/es\/productos\/productos-para-la-industria-cosmetica\/aceites-cosmeticos\/aceite-de-espino-amarillo\/#primaryimage","url":"https:\/\/naturalpoland.com\/wp-content\/uploads\/2021\/05\/olej-z-owocu-rokitnika.jpg","contentUrl":"https:\/\/naturalpoland.com\/wp-content\/uploads\/2021\/05\/olej-z-owocu-rokitnika.jpg","width":800,"height":800,"caption":"Aceite de fruto de espino amarillo"},{"@type":"BreadcrumbList","@id":"https:\/\/naturalpoland.com\/es\/productos\/productos-para-la-industria-cosmetica\/aceites-cosmeticos\/aceite-de-espino-amarillo\/#breadcrumb","itemListElement":[{"@type":"ListItem","position":1,"name":"Inicio","item":"https:\/\/naturalpoland.com\/es\/"},{"@type":"ListItem","position":2,"name":"Productos","item":"https:\/\/naturalpoland.com\/es\/productos\/"},{"@type":"ListItem","position":3,"name":"Aceite de fruto de espino amarillo"}]},{"@type":"WebSite","@id":"https:\/\/naturalpoland.com\/es\/#website","url":"https:\/\/naturalpoland.com\/es\/","name":"NATURAL POLAND - Distribuidor Mayorista de Materias Primas","description":"Surowce dla przemys\u0142u spo\u017cywczego, kosmetycznego i farmaceutycznego","publisher":{"@id":"https:\/\/naturalpoland.com\/es\/#organization"},"potentialAction":[{"@type":"SearchAction","target":{"@type":"EntryPoint","urlTemplate":"https:\/\/naturalpoland.com\/es\/?s={search_term_string}"},"query-input":{"@type":"PropertyValueSpecification","valueRequired":true,"valueName":"search_term_string"}}],"inLanguage":"es"},{"@type":"Organization","@id":"https:\/\/naturalpoland.com\/es\/#organization","name":"Natural Poland","url":"https:\/\/naturalpoland.com\/es\/","logo":{"@type":"ImageObject","inLanguage":"es","@id":"https:\/\/naturalpoland.com\/es\/#\/schema\/logo\/image\/","url":"https:\/\/naturalpoland.com\/wp-content\/uploads\/2021\/05\/natural-poland-icon.png","contentUrl":"https:\/\/naturalpoland.com\/wp-content\/uploads\/2021\/05\/natural-poland-icon.png","width":512,"height":512,"caption":"Natural Poland"},"image":{"@id":"https:\/\/naturalpoland.com\/es\/#\/schema\/logo\/image\/"},"sameAs":["https:\/\/www.facebook.com\/naturalpoland.b2b","https:\/\/pl.linkedin.com\/company\/natural-poland","https:\/\/www.youtube.com\/channel\/UCgeGGkvOMahZo-xu_MSEWxg"]}]}},"_links":{"self":[{"href":"https:\/\/naturalpoland.com\/es\/wp-json\/wp\/v2\/product\/6269","targetHints":{"allow":["GET"]}}],"collection":[{"href":"https:\/\/naturalpoland.com\/es\/wp-json\/wp\/v2\/product"}],"about":[{"href":"https:\/\/naturalpoland.com\/es\/wp-json\/wp\/v2\/types\/product"}],"wp:featuredmedia":[{"embeddable":true,"href":"https:\/\/naturalpoland.com\/es\/wp-json\/wp\/v2\/media\/6270"}],"wp:attachment":[{"href":"https:\/\/naturalpoland.com\/es\/wp-json\/wp\/v2\/media?parent=6269"}],"wp:term":[{"taxonomy":"product_brand","embeddable":true,"href":"https:\/\/naturalpoland.com\/es\/wp-json\/wp\/v2\/product_brand?post=6269"},{"taxonomy":"product_cat","embeddable":true,"href":"https:\/\/naturalpoland.com\/es\/wp-json\/wp\/v2\/product_cat?post=6269"},{"taxonomy":"product_tag","embeddable":true,"href":"https:\/\/naturalpoland.com\/es\/wp-json\/wp\/v2\/product_tag?post=6269"}],"curies":[{"name":"wp","href":"https:\/\/api.w.org\/{rel}","templated":true}]}}