{"id":8756,"date":"2021-05-11T13:41:46","date_gmt":"2021-05-11T11:41:46","guid":{"rendered":"https:\/\/naturalpoland.pl\/produkty\/sin%20categor\u00eda\/extracto-de-te-verde\/"},"modified":"2025-09-09T12:12:54","modified_gmt":"2025-09-09T10:12:54","slug":"extracto-de-te-verde","status":"publish","type":"product","link":"https:\/\/naturalpoland.com\/es\/productos\/productos-para-la-industria-alimentaria\/materias-primas-para-la-produccion\/extracto-de-te-verde\/","title":{"rendered":"Extracto de te verde"},"content":{"rendered":"<h2>Uso y propiedades del extracto de t\u00e9 verde<\/h2>\n<p>El t\u00e9 verde es ampliamente apreciado por sus propiedades beneficiosas para la salud, por lo que muchas personas lo consumen. El extracto de t\u00e9 verde goza de una reputaci\u00f3n similar: favorece el metabolismo de las grasas, ayuda al organismo a combatir los radicales libres da\u00f1inos, protege la piel de la radiaci\u00f3n UV y contribuye a mantener el nivel de colesterol en sangre dentro de los valores normales. El extracto de t\u00e9 verde est\u00e1 especialmente recomendado para las personas que se encuentran en un proceso de adelgazamiento. El t\u00e9 verde tambi\u00e9n contiene cierta cantidad de cafe\u00edna, lo que le confiere un efecto estimulante sobre el organismo. No solo aporta energ\u00eda, sino que tambi\u00e9n estimula el metabolismo.<\/p>\n<p>El t\u00e9 verde, obtenido a partir de hojas no fermentadas de la planta de t\u00e9 china (<em>Camellia sinensis<\/em>), se considera una de las bebidas m\u00e1s saludables del mundo. El extracto derivado de \u00e9l no solo se caracteriza por sus valiosas propiedades medicinales, sino que tambi\u00e9n encuentra una amplia aplicaci\u00f3n en la industria cosm\u00e9tica.<\/p>\n<h2>Compuestos polifen\u00f3licos del t\u00e9 verde<\/h2>\n<p><strong>Las propiedades del t\u00e9 verde se deben principalmente a su alto contenido de compuestos polifen\u00f3licos<\/strong>. El contenido de flavonoides puede alcanzar entre el 30 y el 36 % de la masa seca de las hojas. El papel m\u00e1s importante lo desempe\u00f1an los compuestos catequ\u00ednicos (flavanoles), que constituyen alrededor del 80 % del grupo de flavonoides: galato de epigalocatequina, epigalocatequina, galato de epicatequina y epicatequina.<\/p>\n<p>Estos compuestos se caracterizan por una <strong>fuerte actividad antioxidante<\/strong>, derivada de su capacidad para neutralizar y reducir la producci\u00f3n de radicales libres, as\u00ed como por su <strong>efecto antiinflamatorio y descongestionante<\/strong> apreciado en cosm\u00e9tica.<\/p>\n<p>Adem\u00e1s, en concentraciones m\u00e1s bajas tambi\u00e9n est\u00e1n presentes otros <strong>flavonoides<\/strong> \u2014 <strong>kaempferol, rutina, quercetina, miricetina y sus gluc\u00f3sidos<\/strong> \u2014 que muestran, entre otras cosas, <strong>propiedades antioxidantes e inhiben la agregaci\u00f3n plaquetaria<\/strong>.<\/p>\n<h2>Propiedades medicinales del t\u00e9 verde<\/h2>\n<p>Debido a su composici\u00f3n qu\u00edmica, el extracto de t\u00e9 verde se utiliza ampliamente en las industrias alimentaria y farmac\u00e9utica. Beber t\u00e9 verde o tomar el extracto como suplemento diet\u00e9tico (c\u00e1psulas, tabletas) est\u00e1 especialmente recomendado para las personas que desean <strong>perder peso<\/strong> y cuidar la <strong>prevenci\u00f3n de enfermedades cardiovasculares<\/strong>. El extracto de t\u00e9 verde tiene efectos <strong>antiateroscler\u00f3ticos<\/strong>, protege los vasos sangu\u00edneos, <strong>reduce los niveles de colesterol y triglic\u00e9ridos<\/strong>, inhibe el crecimiento de las c\u00e9lulas grasas y disminuye la absorci\u00f3n de grasas. Estas propiedades hacen que el consumo regular de extracto de t\u00e9 verde favorezca la estabilizaci\u00f3n del peso corporal, prevenga la acumulaci\u00f3n de tejido adiposo y reduzca el riesgo de enfermedades cardiovasculares.<\/p>\n<p>Entre otras propiedades beneficiosas del extracto se encuentra su <strong>efecto neuroprotector<\/strong>. Gracias a sus propiedades antioxidantes, vasodilatadoras y desintoxicantes (capacidad de quelar iones met\u00e1licos), se considera un posible agente terap\u00e9utico en la enfermedad de Alzheimer, Parkinson y esclerosis progresiva. Los resultados de las investigaciones tambi\u00e9n indican una posible <strong>actividad anticancer\u00edgena del extracto<\/strong>, respaldada por estad\u00edsticas que muestran una correlaci\u00f3n entre el alto consumo de t\u00e9 verde en los pa\u00edses asi\u00e1ticos y la baja incidencia de c\u00e1ncer.<\/p>\n<h2>Propiedades cosm\u00e9ticas del extracto de t\u00e9 verde<\/h2>\n<p>El extracto de t\u00e9 verde no tiene que consumirse \u00fanicamente por v\u00eda oral. Tambi\u00e9n ejerce efectos beneficiosos sobre la piel y sus anexos, lo que lo convierte en un ingrediente apreciado en la industria farmac\u00e9utica y cosm\u00e9tica.<\/p>\n<p>Los compuestos presentes en el extracto de t\u00e9 verde muestran una serie de propiedades tales como:<\/p>\n<ul>\n<li><strong>acci\u00f3n antiinflamatoria<\/strong>,<\/li>\n<li><strong>antibacteriana<\/strong>,<\/li>\n<li><strong>antioxidante<\/strong>,<\/li>\n<li><strong>mejora la microcirculaci\u00f3n de la piel<\/strong>,<\/li>\n<li><strong>reduce la actividad de las gl\u00e1ndulas seb\u00e1ceas<\/strong>.<\/li>\n<\/ul>\n<p>Por lo tanto, puede encontrarse, entre otros, en t\u00f3nicos, lociones hidratantes, productos para el cabello, geles de ducha y cremas hidratantes.<\/p>\n<p>En cosm\u00e9tica, el extracto de t\u00e9 verde muestra un espectro de acci\u00f3n muy amplio. Sus fuertes propiedades hidratantes y antioxidantes lo convierten en <strong>un ingrediente adecuado en preparaciones <em>anti-aging<\/em><\/strong> para pieles maduras, y al mismo tiempo, gracias a sus propiedades seborreguladoras y antibacterianas, es <strong>valorado en cosm\u00e9ticos para pieles j\u00f3venes y con tendencia acn\u00e9ica<\/strong>.<\/p>\n<p>Estas propiedades tambi\u00e9n est\u00e1n vinculadas a la posibilidad de utilizar el extracto de t\u00e9 verde en el <strong>cuidado del cabello y el cuero cabelludo<\/strong> \u2014 act\u00faa como <strong>anticaspa<\/strong> y <strong>reduce la grasa<\/strong>.<\/p>\n<p>Tambi\u00e9n puede aplicarse sobre la piel con un prop\u00f3sito m\u00e1s terap\u00e9utico \u2014 <strong>alivia las irritaciones<\/strong>, <strong>reduce la hinchaz\u00f3n<\/strong> y el enrojecimiento, <strong>favorece la cicatrizaci\u00f3n de heridas<\/strong> y <strong>tiene efectos antiinflamatorios<\/strong>. Esta \u00faltima propiedad tambi\u00e9n se utiliza en productos de higiene \u00edntima y en preparaciones para el cuidado del contorno de ojos.<\/p>\n<p>Los productos que contienen extracto de t\u00e9 verde tambi\u00e9n ser\u00e1n apreciados por los amantes del bronceado saludable \u2014 durante la exposici\u00f3n al sol <strong>protege contra los efectos nocivos de la radiaci\u00f3n UV<\/strong>, y al estimular la s\u00edntesis de melanina, tambi\u00e9n resulta ser un ingrediente natural en los autobronceadores.<\/p>\n<p><strong>Bibliografia:<\/strong><\/p>\n<ol>\n<li style=\"list-style-type: none;\">Arct J, Tomaszewska K, Pytkowska K (2016). Zielona Herbata. <em>Pol J Cosmetol<\/em>, 19(2): 110-115<\/li>\n<li>Ca\u0142ka J, Zasadowski A, Juranek J. (2008). Niekt\u00f3re aspekty leczniczego dzia\u0142ania zielonej herbaty. <em>Bromat. Chem. Toksykol<\/em>, 41: 5-14.<\/li>\n<li>Matysek-Nawrocka M, Cyrankiewicz P. (2016). Substancje biologicznie aktywne pozyskiwane z herbaty, kawy i kakao oraz ich zastosowanie w kosmetykach. <em>Post Fitoter<\/em>, 17(2): 139-144.<\/li>\n<\/ol>\n<h4><strong>AUTOR DEL ART\u00cdCULO:<\/strong><\/h4>\n<p><strong>DRA. KATARZYNA KIMEL<\/strong><br \/>\nDoctora en Ciencias Farmac\u00e9uticas, cuyos intereses cient\u00edficos se centran en la investigaci\u00f3n de medicamentos a base de plantas y de sustancias biol\u00f3gicamente activas de origen natural. Amante de los viajes y de pasar el tiempo libre en la naturaleza.<\/p>\n","protected":false},"excerpt":{"rendered":"<p>Extracto de t\u00e9 verde (Camellia Sinensis Leaf Extract) con 85% &#8211; 95% del extracto en materia seca. El producto est\u00e1 dise\u00f1ado para su uso en las industrias farmac\u00e9utica, cosm\u00e9tica, alimentaria y de laboratorio. Este extracto vegetal est\u00e1 disponible en forma de polvo.  <\/p>\n","protected":false},"featured_media":35934,"template":"","meta":{"_acf_changed":false},"product_brand":[],"product_cat":[1079,1062],"product_tag":[],"class_list":{"0":"post-8756","1":"product","2":"type-product","3":"status-publish","4":"has-post-thumbnail","6":"product_cat-extractos-de-plantas","7":"product_cat-materias-primas-para-la-produccion","8":"pa_czesc-rosliny-deja","9":"pa_grupa-substancji-antioxidantes","11":"first","12":"instock","13":"shipping-taxable","14":"product-type-simple"},"acf":[],"yoast_head":"<!-- This site is optimized with the Yoast SEO plugin v27.6 - https:\/\/yoast.com\/product\/yoast-seo-wordpress\/ -->\n<title>Extracto de te verde - Distribuidor mayorista<\/title>\n<meta name=\"robots\" content=\"index, follow, max-snippet:-1, max-image-preview:large, max-video-preview:-1\" \/>\n<link rel=\"canonical\" href=\"https:\/\/naturalpoland.com\/es\/productos\/productos-para-la-industria-alimentaria\/materias-primas-para-la-produccion\/extracto-de-te-verde\/\" \/>\n<meta property=\"og:locale\" content=\"es_ES\" \/>\n<meta property=\"og:type\" content=\"article\" \/>\n<meta property=\"og:title\" content=\"Extracto de te verde - Distribuidor mayorista\" \/>\n<meta property=\"og:description\" content=\"Extracto de t\u00e9 verde (Camellia Sinensis Leaf Extract) con 85% - 95% del extracto en materia seca. El producto est\u00e1 dise\u00f1ado para su uso en las industrias farmac\u00e9utica, cosm\u00e9tica, alimentaria y de laboratorio. Este extracto vegetal est\u00e1 disponible en forma de polvo.\" \/>\n<meta property=\"og:url\" content=\"https:\/\/naturalpoland.com\/es\/productos\/productos-para-la-industria-alimentaria\/materias-primas-para-la-produccion\/extracto-de-te-verde\/\" \/>\n<meta property=\"og:site_name\" content=\"NATURAL POLAND - Distribuidor Mayorista de Materias Primas\" \/>\n<meta property=\"article:publisher\" content=\"https:\/\/www.facebook.com\/naturalpoland.b2b\" \/>\n<meta property=\"article:modified_time\" content=\"2025-09-09T10:12:54+00:00\" \/>\n<meta property=\"og:image\" content=\"https:\/\/naturalpoland.com\/wp-content\/uploads\/ekstrakt-z-zielonej-herbaty.webp\" \/>\n\t<meta property=\"og:image:width\" content=\"350\" \/>\n\t<meta property=\"og:image:height\" content=\"350\" \/>\n\t<meta property=\"og:image:type\" content=\"image\/webp\" \/>\n<script type=\"application\/ld+json\" class=\"yoast-schema-graph\">{\"@context\":\"https:\\\/\\\/schema.org\",\"@graph\":[{\"@type\":\"WebPage\",\"@id\":\"https:\\\/\\\/naturalpoland.com\\\/es\\\/productos\\\/productos-para-la-industria-alimentaria\\\/materias-primas-para-la-produccion\\\/extracto-de-te-verde\\\/\",\"url\":\"https:\\\/\\\/naturalpoland.com\\\/es\\\/productos\\\/productos-para-la-industria-alimentaria\\\/materias-primas-para-la-produccion\\\/extracto-de-te-verde\\\/\",\"name\":\"Extracto de te verde - Distribuidor mayorista\",\"isPartOf\":{\"@id\":\"https:\\\/\\\/naturalpoland.com\\\/es\\\/#website\"},\"primaryImageOfPage\":{\"@id\":\"https:\\\/\\\/naturalpoland.com\\\/es\\\/productos\\\/productos-para-la-industria-alimentaria\\\/materias-primas-para-la-produccion\\\/extracto-de-te-verde\\\/#primaryimage\"},\"image\":{\"@id\":\"https:\\\/\\\/naturalpoland.com\\\/es\\\/productos\\\/productos-para-la-industria-alimentaria\\\/materias-primas-para-la-produccion\\\/extracto-de-te-verde\\\/#primaryimage\"},\"thumbnailUrl\":\"https:\\\/\\\/naturalpoland.com\\\/wp-content\\\/uploads\\\/ekstrakt-z-zielonej-herbaty.webp\",\"datePublished\":\"2021-05-11T11:41:46+00:00\",\"dateModified\":\"2025-09-09T10:12:54+00:00\",\"breadcrumb\":{\"@id\":\"https:\\\/\\\/naturalpoland.com\\\/es\\\/productos\\\/productos-para-la-industria-alimentaria\\\/materias-primas-para-la-produccion\\\/extracto-de-te-verde\\\/#breadcrumb\"},\"inLanguage\":\"es\",\"potentialAction\":[{\"@type\":\"ReadAction\",\"target\":[\"https:\\\/\\\/naturalpoland.com\\\/es\\\/productos\\\/productos-para-la-industria-alimentaria\\\/materias-primas-para-la-produccion\\\/extracto-de-te-verde\\\/\"]}]},{\"@type\":\"ImageObject\",\"inLanguage\":\"es\",\"@id\":\"https:\\\/\\\/naturalpoland.com\\\/es\\\/productos\\\/productos-para-la-industria-alimentaria\\\/materias-primas-para-la-produccion\\\/extracto-de-te-verde\\\/#primaryimage\",\"url\":\"https:\\\/\\\/naturalpoland.com\\\/wp-content\\\/uploads\\\/ekstrakt-z-zielonej-herbaty.webp\",\"contentUrl\":\"https:\\\/\\\/naturalpoland.com\\\/wp-content\\\/uploads\\\/ekstrakt-z-zielonej-herbaty.webp\",\"width\":350,\"height\":350,\"caption\":\"ekstrakt z zielonej herbaty\"},{\"@type\":\"BreadcrumbList\",\"@id\":\"https:\\\/\\\/naturalpoland.com\\\/es\\\/productos\\\/productos-para-la-industria-alimentaria\\\/materias-primas-para-la-produccion\\\/extracto-de-te-verde\\\/#breadcrumb\",\"itemListElement\":[{\"@type\":\"ListItem\",\"position\":1,\"name\":\"Inicio\",\"item\":\"https:\\\/\\\/naturalpoland.com\\\/es\\\/\"},{\"@type\":\"ListItem\",\"position\":2,\"name\":\"Productos\",\"item\":\"https:\\\/\\\/naturalpoland.com\\\/es\\\/productos\\\/\"},{\"@type\":\"ListItem\",\"position\":3,\"name\":\"Extracto de te verde\"}]},{\"@type\":\"WebSite\",\"@id\":\"https:\\\/\\\/naturalpoland.com\\\/es\\\/#website\",\"url\":\"https:\\\/\\\/naturalpoland.com\\\/es\\\/\",\"name\":\"NATURAL POLAND - Distribuidor Mayorista de Materias Primas\",\"description\":\"Surowce dla przemys\u0142u spo\u017cywczego, kosmetycznego i farmaceutycznego\",\"publisher\":{\"@id\":\"https:\\\/\\\/naturalpoland.com\\\/es\\\/#organization\"},\"potentialAction\":[{\"@type\":\"SearchAction\",\"target\":{\"@type\":\"EntryPoint\",\"urlTemplate\":\"https:\\\/\\\/naturalpoland.com\\\/es\\\/?s={search_term_string}\"},\"query-input\":{\"@type\":\"PropertyValueSpecification\",\"valueRequired\":true,\"valueName\":\"search_term_string\"}}],\"inLanguage\":\"es\"},{\"@type\":\"Organization\",\"@id\":\"https:\\\/\\\/naturalpoland.com\\\/es\\\/#organization\",\"name\":\"Natural Poland\",\"url\":\"https:\\\/\\\/naturalpoland.com\\\/es\\\/\",\"logo\":{\"@type\":\"ImageObject\",\"inLanguage\":\"es\",\"@id\":\"https:\\\/\\\/naturalpoland.com\\\/es\\\/#\\\/schema\\\/logo\\\/image\\\/\",\"url\":\"https:\\\/\\\/naturalpoland.com\\\/wp-content\\\/uploads\\\/2021\\\/05\\\/natural-poland-icon.png\",\"contentUrl\":\"https:\\\/\\\/naturalpoland.com\\\/wp-content\\\/uploads\\\/2021\\\/05\\\/natural-poland-icon.png\",\"width\":512,\"height\":512,\"caption\":\"Natural Poland\"},\"image\":{\"@id\":\"https:\\\/\\\/naturalpoland.com\\\/es\\\/#\\\/schema\\\/logo\\\/image\\\/\"},\"sameAs\":[\"https:\\\/\\\/www.facebook.com\\\/naturalpoland.b2b\",\"https:\\\/\\\/pl.linkedin.com\\\/company\\\/natural-poland\",\"https:\\\/\\\/www.youtube.com\\\/channel\\\/UCgeGGkvOMahZo-xu_MSEWxg\"]}]}<\/script>\n<!-- \/ Yoast SEO plugin. -->","yoast_head_json":{"title":"Extracto de te verde - Distribuidor mayorista","robots":{"index":"index","follow":"follow","max-snippet":"max-snippet:-1","max-image-preview":"max-image-preview:large","max-video-preview":"max-video-preview:-1"},"canonical":"https:\/\/naturalpoland.com\/es\/productos\/productos-para-la-industria-alimentaria\/materias-primas-para-la-produccion\/extracto-de-te-verde\/","og_locale":"es_ES","og_type":"article","og_title":"Extracto de te verde - Distribuidor mayorista","og_description":"Extracto de t\u00e9 verde (Camellia Sinensis Leaf Extract) con 85% - 95% del extracto en materia seca. El producto est\u00e1 dise\u00f1ado para su uso en las industrias farmac\u00e9utica, cosm\u00e9tica, alimentaria y de laboratorio. Este extracto vegetal est\u00e1 disponible en forma de polvo.","og_url":"https:\/\/naturalpoland.com\/es\/productos\/productos-para-la-industria-alimentaria\/materias-primas-para-la-produccion\/extracto-de-te-verde\/","og_site_name":"NATURAL POLAND - Distribuidor Mayorista de Materias Primas","article_publisher":"https:\/\/www.facebook.com\/naturalpoland.b2b","article_modified_time":"2025-09-09T10:12:54+00:00","og_image":[{"width":350,"height":350,"url":"https:\/\/naturalpoland.com\/wp-content\/uploads\/ekstrakt-z-zielonej-herbaty.webp","type":"image\/webp"}],"schema":{"@context":"https:\/\/schema.org","@graph":[{"@type":"WebPage","@id":"https:\/\/naturalpoland.com\/es\/productos\/productos-para-la-industria-alimentaria\/materias-primas-para-la-produccion\/extracto-de-te-verde\/","url":"https:\/\/naturalpoland.com\/es\/productos\/productos-para-la-industria-alimentaria\/materias-primas-para-la-produccion\/extracto-de-te-verde\/","name":"Extracto de te verde - Distribuidor mayorista","isPartOf":{"@id":"https:\/\/naturalpoland.com\/es\/#website"},"primaryImageOfPage":{"@id":"https:\/\/naturalpoland.com\/es\/productos\/productos-para-la-industria-alimentaria\/materias-primas-para-la-produccion\/extracto-de-te-verde\/#primaryimage"},"image":{"@id":"https:\/\/naturalpoland.com\/es\/productos\/productos-para-la-industria-alimentaria\/materias-primas-para-la-produccion\/extracto-de-te-verde\/#primaryimage"},"thumbnailUrl":"https:\/\/naturalpoland.com\/wp-content\/uploads\/ekstrakt-z-zielonej-herbaty.webp","datePublished":"2021-05-11T11:41:46+00:00","dateModified":"2025-09-09T10:12:54+00:00","breadcrumb":{"@id":"https:\/\/naturalpoland.com\/es\/productos\/productos-para-la-industria-alimentaria\/materias-primas-para-la-produccion\/extracto-de-te-verde\/#breadcrumb"},"inLanguage":"es","potentialAction":[{"@type":"ReadAction","target":["https:\/\/naturalpoland.com\/es\/productos\/productos-para-la-industria-alimentaria\/materias-primas-para-la-produccion\/extracto-de-te-verde\/"]}]},{"@type":"ImageObject","inLanguage":"es","@id":"https:\/\/naturalpoland.com\/es\/productos\/productos-para-la-industria-alimentaria\/materias-primas-para-la-produccion\/extracto-de-te-verde\/#primaryimage","url":"https:\/\/naturalpoland.com\/wp-content\/uploads\/ekstrakt-z-zielonej-herbaty.webp","contentUrl":"https:\/\/naturalpoland.com\/wp-content\/uploads\/ekstrakt-z-zielonej-herbaty.webp","width":350,"height":350,"caption":"ekstrakt z zielonej herbaty"},{"@type":"BreadcrumbList","@id":"https:\/\/naturalpoland.com\/es\/productos\/productos-para-la-industria-alimentaria\/materias-primas-para-la-produccion\/extracto-de-te-verde\/#breadcrumb","itemListElement":[{"@type":"ListItem","position":1,"name":"Inicio","item":"https:\/\/naturalpoland.com\/es\/"},{"@type":"ListItem","position":2,"name":"Productos","item":"https:\/\/naturalpoland.com\/es\/productos\/"},{"@type":"ListItem","position":3,"name":"Extracto de te verde"}]},{"@type":"WebSite","@id":"https:\/\/naturalpoland.com\/es\/#website","url":"https:\/\/naturalpoland.com\/es\/","name":"NATURAL POLAND - Distribuidor Mayorista de Materias Primas","description":"Surowce dla przemys\u0142u spo\u017cywczego, kosmetycznego i farmaceutycznego","publisher":{"@id":"https:\/\/naturalpoland.com\/es\/#organization"},"potentialAction":[{"@type":"SearchAction","target":{"@type":"EntryPoint","urlTemplate":"https:\/\/naturalpoland.com\/es\/?s={search_term_string}"},"query-input":{"@type":"PropertyValueSpecification","valueRequired":true,"valueName":"search_term_string"}}],"inLanguage":"es"},{"@type":"Organization","@id":"https:\/\/naturalpoland.com\/es\/#organization","name":"Natural Poland","url":"https:\/\/naturalpoland.com\/es\/","logo":{"@type":"ImageObject","inLanguage":"es","@id":"https:\/\/naturalpoland.com\/es\/#\/schema\/logo\/image\/","url":"https:\/\/naturalpoland.com\/wp-content\/uploads\/2021\/05\/natural-poland-icon.png","contentUrl":"https:\/\/naturalpoland.com\/wp-content\/uploads\/2021\/05\/natural-poland-icon.png","width":512,"height":512,"caption":"Natural Poland"},"image":{"@id":"https:\/\/naturalpoland.com\/es\/#\/schema\/logo\/image\/"},"sameAs":["https:\/\/www.facebook.com\/naturalpoland.b2b","https:\/\/pl.linkedin.com\/company\/natural-poland","https:\/\/www.youtube.com\/channel\/UCgeGGkvOMahZo-xu_MSEWxg"]}]}},"_links":{"self":[{"href":"https:\/\/naturalpoland.com\/es\/wp-json\/wp\/v2\/product\/8756","targetHints":{"allow":["GET"]}}],"collection":[{"href":"https:\/\/naturalpoland.com\/es\/wp-json\/wp\/v2\/product"}],"about":[{"href":"https:\/\/naturalpoland.com\/es\/wp-json\/wp\/v2\/types\/product"}],"wp:featuredmedia":[{"embeddable":true,"href":"https:\/\/naturalpoland.com\/es\/wp-json\/wp\/v2\/media\/35934"}],"wp:attachment":[{"href":"https:\/\/naturalpoland.com\/es\/wp-json\/wp\/v2\/media?parent=8756"}],"wp:term":[{"taxonomy":"product_brand","embeddable":true,"href":"https:\/\/naturalpoland.com\/es\/wp-json\/wp\/v2\/product_brand?post=8756"},{"taxonomy":"product_cat","embeddable":true,"href":"https:\/\/naturalpoland.com\/es\/wp-json\/wp\/v2\/product_cat?post=8756"},{"taxonomy":"product_tag","embeddable":true,"href":"https:\/\/naturalpoland.com\/es\/wp-json\/wp\/v2\/product_tag?post=8756"}],"curies":[{"name":"wp","href":"https:\/\/api.w.org\/{rel}","templated":true}]}}