{"id":8777,"date":"2021-05-11T13:41:47","date_gmt":"2021-09-10T13:24:27","guid":{"rendered":"https:\/\/naturalpoland.pl\/produkty\/sin%20categor\u00eda\/extracto-de-arandano-5-pac\/"},"modified":"2024-08-20T11:18:43","modified_gmt":"2024-08-20T09:18:43","slug":"extracto-de-arandano-5-pac","status":"publish","type":"product","link":"https:\/\/naturalpoland.com\/es\/productos\/extractos-de-plantas\/extracto-de-arandano-5-pac\/","title":{"rendered":"Extracto de ar\u00e1ndano 5% PAC"},"content":{"rendered":"<p>El producto se ofrece en forma de polvo rojo p\u00farpura, resultado del color natural de los ar\u00e1ndanos rojos. Se caracteriza por un sabor y un olor caracter\u00edsticos, como confirman las pruebas organol\u00e9pticas. Gracias a estrictos controles de calidad, el extracto no contiene OMG, metales pesados ni microorganismos.<\/p>\n<p>El extracto es estable y duradero, y proporciona una eficacia duradera si se almacena adecuadamente en un lugar seco y oscuro.<\/p>\n<p>El extracto de ar\u00e1ndano se obtiene mediante un proceso de extracci\u00f3n con etanol y agua. Este proceso garantiza una extracci\u00f3n eficaz de los componentes bioactivos, principalmente <strong>las proantocianidinas<\/strong> (PAC), cuyo contenido es superior al 5%.<\/p>\n<h2>\u00bfQu\u00e9 son las proantocianidinas?<\/h2>\n<p>Las proantocianidinas son compuestos con probadas propiedades antioxidantes y antiinflamatorias. Desempe\u00f1an un papel clave en la <strong>protecci\u00f3n contra las infecciones ur<\/strong> inarias, impidiendo la adhesi\u00f3n de las bacterias a las paredes de las v\u00edas urinarias. Esto hace que el extracto tenga un valor incalculable en la producci\u00f3n de suplementos para favorecer la salud urinaria.<\/p>\n<h2>Propiedades del extracto de ar\u00e1ndano rojo<\/h2>\n<p>Adem\u00e1s de sus propiedades de apoyo urinario, el extracto de ar\u00e1ndano rojo tambi\u00e9n se valora por sus propiedades <strong>antimicrobianas<\/strong> y antioxidantes y por su capacidad para apoyar <strong>la salud cardiovascular<\/strong>. No s\u00f3lo contiene proantocianidinas, sino tambi\u00e9n vitaminas A, C y E, as\u00ed como micronutrientes como el selenio, el calcio y el potasio, que en conjunto refuerzan la inmunidad del organismo y benefician la salud en general.<\/p>\n<h2>Extracto de ar\u00e1ndano rojo en cosm\u00e9ticos<\/h2>\n<p>El extracto de ar\u00e1ndano rojo tambi\u00e9n se utiliza mucho en la <a href=\"https:\/\/naturalpoland.com\/es\/categor%C3%ADa\/productos-para-la-industria-cosmetica\/\">industria cosm\u00e9tica<\/a>, donde se emplea por sus <strong>propiedades hidratantes<\/strong>, regeneradoras y nutritivas de la piel. Rico en vitaminas A y E, es un ingrediente de muchas cremas, sueros y productos de cuidado corporal, que ayuda a mejorar la elasticidad de la piel, reducir la aparici\u00f3n de arrugas y mejorar el aspecto general del cutis.<\/p>\n","protected":false},"excerpt":{"rendered":"<p>El extracto de ar\u00e1ndano rojo 5% PAC se produce a partir del fruto del <em>Vaccinium Macrocarpon L.<\/em> Gracias a sus propiedades para la salud y el cuidado, se utiliza en una amplia gama de aplicaciones, desde suplementos diet\u00e9ticos a productos farmac\u00e9uticos y cosm\u00e9ticos avanzados.<\/p>\n","protected":false},"featured_media":31585,"template":"","meta":[],"product_brand":[],"product_cat":[1079],"product_tag":[],"class_list":{"0":"post-8777","1":"product","2":"type-product","3":"status-publish","4":"has-post-thumbnail","6":"product_cat-extractos-de-plantas","7":"pa_czesc-rosliny-fruta","8":"pa_skladnik-aktywny-proantocianidinas","10":"first","11":"instock","12":"shipping-taxable","13":"product-type-simple"},"yoast_head":"<!-- This site is optimized with the Yoast SEO plugin v27.4 - https:\/\/yoast.com\/product\/yoast-seo-wordpress\/ -->\n<title>Extracto de ar\u00e1ndano 5% PAC - NATURAL POLAND - Distribuidor Mayorista de Materias Primas<\/title>\n<meta name=\"description\" content=\"El extracto de ar\u00e1ndano rojo 5% PAC se utiliza en una amplia gama de aplicaciones, desde suplementos diet\u00e9ticos a productos farmac\u00e9uticos y cosm\u00e9ticos avanzados.\" \/>\n<meta name=\"robots\" content=\"index, follow, max-snippet:-1, max-image-preview:large, max-video-preview:-1\" \/>\n<link rel=\"canonical\" href=\"https:\/\/naturalpoland.com\/es\/productos\/extractos-de-plantas\/extracto-de-arandano-5-pac\/\" \/>\n<meta property=\"og:locale\" content=\"es_ES\" \/>\n<meta property=\"og:type\" content=\"article\" \/>\n<meta property=\"og:title\" content=\"Extracto de ar\u00e1ndano 5% PAC - NATURAL POLAND - Distribuidor Mayorista de Materias Primas\" \/>\n<meta property=\"og:description\" content=\"El extracto de ar\u00e1ndano rojo 5% PAC se utiliza en una amplia gama de aplicaciones, desde suplementos diet\u00e9ticos a productos farmac\u00e9uticos y cosm\u00e9ticos avanzados.\" \/>\n<meta property=\"og:url\" content=\"https:\/\/naturalpoland.com\/es\/productos\/extractos-de-plantas\/extracto-de-arandano-5-pac\/\" \/>\n<meta property=\"og:site_name\" content=\"NATURAL POLAND - Distribuidor Mayorista de Materias Primas\" \/>\n<meta property=\"article:publisher\" content=\"https:\/\/www.facebook.com\/naturalpoland.b2b\" \/>\n<meta property=\"article:modified_time\" content=\"2024-08-20T09:18:43+00:00\" \/>\n<meta property=\"og:image\" content=\"https:\/\/naturalpoland.com\/wp-content\/uploads\/ekstrakt-z-zurawiny.webp\" \/>\n\t<meta property=\"og:image:width\" content=\"426\" \/>\n\t<meta property=\"og:image:height\" content=\"426\" \/>\n\t<meta property=\"og:image:type\" content=\"image\/webp\" \/>\n<script type=\"application\/ld+json\" class=\"yoast-schema-graph\">{\"@context\":\"https:\\\/\\\/schema.org\",\"@graph\":[{\"@type\":\"WebPage\",\"@id\":\"https:\\\/\\\/naturalpoland.com\\\/es\\\/productos\\\/extractos-de-plantas\\\/extracto-de-arandano-5-pac\\\/\",\"url\":\"https:\\\/\\\/naturalpoland.com\\\/es\\\/productos\\\/extractos-de-plantas\\\/extracto-de-arandano-5-pac\\\/\",\"name\":\"Extracto de ar\u00e1ndano 5% PAC - NATURAL POLAND - Distribuidor Mayorista de Materias Primas\",\"isPartOf\":{\"@id\":\"https:\\\/\\\/naturalpoland.com\\\/es\\\/#website\"},\"primaryImageOfPage\":{\"@id\":\"https:\\\/\\\/naturalpoland.com\\\/es\\\/productos\\\/extractos-de-plantas\\\/extracto-de-arandano-5-pac\\\/#primaryimage\"},\"image\":{\"@id\":\"https:\\\/\\\/naturalpoland.com\\\/es\\\/productos\\\/extractos-de-plantas\\\/extracto-de-arandano-5-pac\\\/#primaryimage\"},\"thumbnailUrl\":\"https:\\\/\\\/naturalpoland.com\\\/wp-content\\\/uploads\\\/ekstrakt-z-zurawiny.webp\",\"datePublished\":\"2021-09-10T13:24:27+00:00\",\"dateModified\":\"2024-08-20T09:18:43+00:00\",\"description\":\"El extracto de ar\u00e1ndano rojo 5% PAC se utiliza en una amplia gama de aplicaciones, desde suplementos diet\u00e9ticos a productos farmac\u00e9uticos y cosm\u00e9ticos avanzados.\",\"breadcrumb\":{\"@id\":\"https:\\\/\\\/naturalpoland.com\\\/es\\\/productos\\\/extractos-de-plantas\\\/extracto-de-arandano-5-pac\\\/#breadcrumb\"},\"inLanguage\":\"es\",\"potentialAction\":[{\"@type\":\"ReadAction\",\"target\":[\"https:\\\/\\\/naturalpoland.com\\\/es\\\/productos\\\/extractos-de-plantas\\\/extracto-de-arandano-5-pac\\\/\"]}]},{\"@type\":\"ImageObject\",\"inLanguage\":\"es\",\"@id\":\"https:\\\/\\\/naturalpoland.com\\\/es\\\/productos\\\/extractos-de-plantas\\\/extracto-de-arandano-5-pac\\\/#primaryimage\",\"url\":\"https:\\\/\\\/naturalpoland.com\\\/wp-content\\\/uploads\\\/ekstrakt-z-zurawiny.webp\",\"contentUrl\":\"https:\\\/\\\/naturalpoland.com\\\/wp-content\\\/uploads\\\/ekstrakt-z-zurawiny.webp\",\"width\":426,\"height\":426,\"caption\":\"proszkowy Ekstrakt z \u017curawiny 5% PAC\"},{\"@type\":\"BreadcrumbList\",\"@id\":\"https:\\\/\\\/naturalpoland.com\\\/es\\\/productos\\\/extractos-de-plantas\\\/extracto-de-arandano-5-pac\\\/#breadcrumb\",\"itemListElement\":[{\"@type\":\"ListItem\",\"position\":1,\"name\":\"Inicio\",\"item\":\"https:\\\/\\\/naturalpoland.com\\\/es\\\/\"},{\"@type\":\"ListItem\",\"position\":2,\"name\":\"Productos\",\"item\":\"https:\\\/\\\/naturalpoland.com\\\/es\\\/productos\\\/\"},{\"@type\":\"ListItem\",\"position\":3,\"name\":\"Extracto de ar\u00e1ndano 5% PAC\"}]},{\"@type\":\"WebSite\",\"@id\":\"https:\\\/\\\/naturalpoland.com\\\/es\\\/#website\",\"url\":\"https:\\\/\\\/naturalpoland.com\\\/es\\\/\",\"name\":\"NATURAL POLAND - Distribuidor Mayorista de Materias Primas\",\"description\":\"Surowce dla przemys\u0142u spo\u017cywczego, kosmetycznego i farmaceutycznego\",\"publisher\":{\"@id\":\"https:\\\/\\\/naturalpoland.com\\\/es\\\/#organization\"},\"potentialAction\":[{\"@type\":\"SearchAction\",\"target\":{\"@type\":\"EntryPoint\",\"urlTemplate\":\"https:\\\/\\\/naturalpoland.com\\\/es\\\/?s={search_term_string}\"},\"query-input\":{\"@type\":\"PropertyValueSpecification\",\"valueRequired\":true,\"valueName\":\"search_term_string\"}}],\"inLanguage\":\"es\"},{\"@type\":\"Organization\",\"@id\":\"https:\\\/\\\/naturalpoland.com\\\/es\\\/#organization\",\"name\":\"Natural Poland\",\"url\":\"https:\\\/\\\/naturalpoland.com\\\/es\\\/\",\"logo\":{\"@type\":\"ImageObject\",\"inLanguage\":\"es\",\"@id\":\"https:\\\/\\\/naturalpoland.com\\\/es\\\/#\\\/schema\\\/logo\\\/image\\\/\",\"url\":\"https:\\\/\\\/naturalpoland.com\\\/wp-content\\\/uploads\\\/2021\\\/05\\\/natural-poland-icon.png\",\"contentUrl\":\"https:\\\/\\\/naturalpoland.com\\\/wp-content\\\/uploads\\\/2021\\\/05\\\/natural-poland-icon.png\",\"width\":512,\"height\":512,\"caption\":\"Natural Poland\"},\"image\":{\"@id\":\"https:\\\/\\\/naturalpoland.com\\\/es\\\/#\\\/schema\\\/logo\\\/image\\\/\"},\"sameAs\":[\"https:\\\/\\\/www.facebook.com\\\/naturalpoland.b2b\",\"https:\\\/\\\/pl.linkedin.com\\\/company\\\/natural-poland\",\"https:\\\/\\\/www.youtube.com\\\/channel\\\/UCgeGGkvOMahZo-xu_MSEWxg\"]}]}<\/script>\n<!-- \/ Yoast SEO plugin. -->","yoast_head_json":{"title":"Extracto de ar\u00e1ndano 5% PAC - NATURAL POLAND - Distribuidor Mayorista de Materias Primas","description":"El extracto de ar\u00e1ndano rojo 5% PAC se utiliza en una amplia gama de aplicaciones, desde suplementos diet\u00e9ticos a productos farmac\u00e9uticos y cosm\u00e9ticos avanzados.","robots":{"index":"index","follow":"follow","max-snippet":"max-snippet:-1","max-image-preview":"max-image-preview:large","max-video-preview":"max-video-preview:-1"},"canonical":"https:\/\/naturalpoland.com\/es\/productos\/extractos-de-plantas\/extracto-de-arandano-5-pac\/","og_locale":"es_ES","og_type":"article","og_title":"Extracto de ar\u00e1ndano 5% PAC - NATURAL POLAND - Distribuidor Mayorista de Materias Primas","og_description":"El extracto de ar\u00e1ndano rojo 5% PAC se utiliza en una amplia gama de aplicaciones, desde suplementos diet\u00e9ticos a productos farmac\u00e9uticos y cosm\u00e9ticos avanzados.","og_url":"https:\/\/naturalpoland.com\/es\/productos\/extractos-de-plantas\/extracto-de-arandano-5-pac\/","og_site_name":"NATURAL POLAND - Distribuidor Mayorista de Materias Primas","article_publisher":"https:\/\/www.facebook.com\/naturalpoland.b2b","article_modified_time":"2024-08-20T09:18:43+00:00","og_image":[{"width":426,"height":426,"url":"https:\/\/naturalpoland.com\/wp-content\/uploads\/ekstrakt-z-zurawiny.webp","type":"image\/webp"}],"schema":{"@context":"https:\/\/schema.org","@graph":[{"@type":"WebPage","@id":"https:\/\/naturalpoland.com\/es\/productos\/extractos-de-plantas\/extracto-de-arandano-5-pac\/","url":"https:\/\/naturalpoland.com\/es\/productos\/extractos-de-plantas\/extracto-de-arandano-5-pac\/","name":"Extracto de ar\u00e1ndano 5% PAC - NATURAL POLAND - Distribuidor Mayorista de Materias Primas","isPartOf":{"@id":"https:\/\/naturalpoland.com\/es\/#website"},"primaryImageOfPage":{"@id":"https:\/\/naturalpoland.com\/es\/productos\/extractos-de-plantas\/extracto-de-arandano-5-pac\/#primaryimage"},"image":{"@id":"https:\/\/naturalpoland.com\/es\/productos\/extractos-de-plantas\/extracto-de-arandano-5-pac\/#primaryimage"},"thumbnailUrl":"https:\/\/naturalpoland.com\/wp-content\/uploads\/ekstrakt-z-zurawiny.webp","datePublished":"2021-09-10T13:24:27+00:00","dateModified":"2024-08-20T09:18:43+00:00","description":"El extracto de ar\u00e1ndano rojo 5% PAC se utiliza en una amplia gama de aplicaciones, desde suplementos diet\u00e9ticos a productos farmac\u00e9uticos y cosm\u00e9ticos avanzados.","breadcrumb":{"@id":"https:\/\/naturalpoland.com\/es\/productos\/extractos-de-plantas\/extracto-de-arandano-5-pac\/#breadcrumb"},"inLanguage":"es","potentialAction":[{"@type":"ReadAction","target":["https:\/\/naturalpoland.com\/es\/productos\/extractos-de-plantas\/extracto-de-arandano-5-pac\/"]}]},{"@type":"ImageObject","inLanguage":"es","@id":"https:\/\/naturalpoland.com\/es\/productos\/extractos-de-plantas\/extracto-de-arandano-5-pac\/#primaryimage","url":"https:\/\/naturalpoland.com\/wp-content\/uploads\/ekstrakt-z-zurawiny.webp","contentUrl":"https:\/\/naturalpoland.com\/wp-content\/uploads\/ekstrakt-z-zurawiny.webp","width":426,"height":426,"caption":"proszkowy Ekstrakt z \u017curawiny 5% PAC"},{"@type":"BreadcrumbList","@id":"https:\/\/naturalpoland.com\/es\/productos\/extractos-de-plantas\/extracto-de-arandano-5-pac\/#breadcrumb","itemListElement":[{"@type":"ListItem","position":1,"name":"Inicio","item":"https:\/\/naturalpoland.com\/es\/"},{"@type":"ListItem","position":2,"name":"Productos","item":"https:\/\/naturalpoland.com\/es\/productos\/"},{"@type":"ListItem","position":3,"name":"Extracto de ar\u00e1ndano 5% PAC"}]},{"@type":"WebSite","@id":"https:\/\/naturalpoland.com\/es\/#website","url":"https:\/\/naturalpoland.com\/es\/","name":"NATURAL POLAND - Distribuidor Mayorista de Materias Primas","description":"Surowce dla przemys\u0142u spo\u017cywczego, kosmetycznego i farmaceutycznego","publisher":{"@id":"https:\/\/naturalpoland.com\/es\/#organization"},"potentialAction":[{"@type":"SearchAction","target":{"@type":"EntryPoint","urlTemplate":"https:\/\/naturalpoland.com\/es\/?s={search_term_string}"},"query-input":{"@type":"PropertyValueSpecification","valueRequired":true,"valueName":"search_term_string"}}],"inLanguage":"es"},{"@type":"Organization","@id":"https:\/\/naturalpoland.com\/es\/#organization","name":"Natural Poland","url":"https:\/\/naturalpoland.com\/es\/","logo":{"@type":"ImageObject","inLanguage":"es","@id":"https:\/\/naturalpoland.com\/es\/#\/schema\/logo\/image\/","url":"https:\/\/naturalpoland.com\/wp-content\/uploads\/2021\/05\/natural-poland-icon.png","contentUrl":"https:\/\/naturalpoland.com\/wp-content\/uploads\/2021\/05\/natural-poland-icon.png","width":512,"height":512,"caption":"Natural Poland"},"image":{"@id":"https:\/\/naturalpoland.com\/es\/#\/schema\/logo\/image\/"},"sameAs":["https:\/\/www.facebook.com\/naturalpoland.b2b","https:\/\/pl.linkedin.com\/company\/natural-poland","https:\/\/www.youtube.com\/channel\/UCgeGGkvOMahZo-xu_MSEWxg"]}]}},"_links":{"self":[{"href":"https:\/\/naturalpoland.com\/es\/wp-json\/wp\/v2\/product\/8777","targetHints":{"allow":["GET"]}}],"collection":[{"href":"https:\/\/naturalpoland.com\/es\/wp-json\/wp\/v2\/product"}],"about":[{"href":"https:\/\/naturalpoland.com\/es\/wp-json\/wp\/v2\/types\/product"}],"wp:featuredmedia":[{"embeddable":true,"href":"https:\/\/naturalpoland.com\/es\/wp-json\/wp\/v2\/media\/31585"}],"wp:attachment":[{"href":"https:\/\/naturalpoland.com\/es\/wp-json\/wp\/v2\/media?parent=8777"}],"wp:term":[{"taxonomy":"product_brand","embeddable":true,"href":"https:\/\/naturalpoland.com\/es\/wp-json\/wp\/v2\/product_brand?post=8777"},{"taxonomy":"product_cat","embeddable":true,"href":"https:\/\/naturalpoland.com\/es\/wp-json\/wp\/v2\/product_cat?post=8777"},{"taxonomy":"product_tag","embeddable":true,"href":"https:\/\/naturalpoland.com\/es\/wp-json\/wp\/v2\/product_tag?post=8777"}],"curies":[{"name":"wp","href":"https:\/\/api.w.org\/{rel}","templated":true}]}}