{"id":16752,"date":"2021-12-22T11:05:32","date_gmt":"2021-12-22T10:05:32","guid":{"rendered":"https:\/\/naturalpoland.pl\/tietosuojakaytanto\/"},"modified":"2023-09-13T10:49:28","modified_gmt":"2023-09-13T08:49:28","slug":"tietosuojakaytanto","status":"publish","type":"page","link":"https:\/\/naturalpoland.com\/fi\/tietosuojakaytanto\/","title":{"rendered":"Tietosuojak\u00e4yt\u00e4nt\u00f6"},"content":{"rendered":"\n<h3 style=\"text-align: center;\">\u00a71 YLEISET M\u00c4\u00c4R\u00c4YKSET<\/h3>\n<ol>\n<li>T\u00e4t\u00e4 tietosuojak\u00e4yt\u00e4nt\u00f6\u00e4 sovelletaan kaikkiin henkil\u00f6tietojen k\u00e4sittelyyn verkkosivustolla naturalpoland.com (j\u00e4ljemp\u00e4n\u00e4 &#8221;SIVUSTO&#8221;), jota yll\u00e4pit\u00e4\u00e4 STRZELCZYK Sp. z o.o., jonka kotipaikka on Varsova (aiemmin: &#8221;BRACIA STRZELCZYK&#8221; WITOLD STRZELCZYK), ul. Marsza\u0142kowska 58\/11 ja 12, 00-545 Varsova, NIP: 7011162661, KRS: 0001055409, j\u00e4ljemp\u00e4n\u00e4 &#8217;HALLINNOITSIJA&#8217;.   <\/li>\n<li>Yhteydenotto HALLINNONJOHTAJAN kanssa tapahtuu s\u00e4hk\u00f6postiosoitteeseen: <a href=\"mailto:kontakt@naturalpoland.com\">kontakt@naturalpoland.com<\/a>.<\/li>\n<li>SIVUSTON k\u00e4ytt\u00e4jien henkil\u00f6tietoja k\u00e4sitell\u00e4\u00e4n Euroopan parlamentin asetuksen mukaisesti.<br>ja neuvoston asetus (EU) 2016\/679, annettu 27 p\u00e4iv\u00e4n\u00e4 huhtikuuta 2016. yksityishenkil\u00f6iden suojelusta henkil\u00f6tietojen k\u00e4sittelyss\u00e4<br>henkil\u00f6tietojen k\u00e4sittelyst\u00e4 ja niiden vapaasta liikkuvuudesta sek\u00e4 direktiivin 95\/46\/EY kumoamisesta (yleinen<br>Tietosuoja-asetus, RODO; EUVL. EU. L. 2016. N:o 119, s. 1, sellaisena kuin se on muutettuna).<\/li>\n<\/ol>\n<p> <\/p>\n<p> <\/p>\n<h3 style=\"text-align: center;\">\u00a72 HENKIL\u00d6TIEDOT<\/h3>\n<ol>\n<li>SIVUSTON K\u00c4YTT\u00c4JIEN henkil\u00f6tietoja k\u00e4sitell\u00e4\u00e4n seuraaviin tarkoituksiin:\n<ul>\n<li>&#8221;ev\u00e4steiden&#8221; k\u00e4sittely, ts. sen analysointi, miten K\u00e4ytt\u00e4j\u00e4 k\u00e4ytt\u00e4\u00e4 ja navigoi SIVUSTOA, jotta se voidaan mukauttaa K\u00e4ytt\u00e4jien tarpeisiin ja k\u00e4ytt\u00e4ytymiseen &#8211; tietojen k\u00e4sittelyn oikeusperusta on HALLINNONHALTIJAN oikeutettu etu, kuten ev\u00e4stek\u00e4yt\u00e4nn\u00f6ss\u00e4 on kuvattu ev\u00e4stek\u00e4yt\u00e4nn\u00f6n mukaisesti. 6 sek. 1(f) RODO;<\/li>\n<li>vastatakseen yhteydenottolomakkeella tai HALLINNONHALTIJAN s\u00e4hk\u00f6postiosoitteeseen l\u00e4hetettyyn viestiin tai esitt\u00e4\u00e4kseen tarjouksen &#8211; tietojen k\u00e4sittelyn oikeusperusteena on HALLINNONHALTIJAN oikeutettu etu k\u00e4sitell\u00e4 K\u00e4ytt\u00e4j\u00e4n tietoja, jotta h\u00e4neen voidaan olla yhteydess\u00e4 artikla. 6 sek. 1(f) RODO ja k\u00e4sittelyn tarpeellisuus, jotta rekister\u00f6idyn pyynn\u00f6st\u00e4 voidaan toteuttaa toimenpiteit\u00e4 ennen sopimuksen tekemist\u00e4 RODO:n 1 artiklan mukaisesti. 6 sek. 1(b);<\/li>\n<li>uutiskirjeiden l\u00e4hett\u00e4minen &#8211; k\u00e4sittelyn oikeusperusteena on rekister\u00f6idyn suostumus k\u00e4sittelyyn yht\u00e4 tai useampaa m\u00e4\u00e4ritelty\u00e4 tarkoitusta varten (RODO 6 artiklan 1 kohdan a alakohta).<\/li>\n<\/ul>\n<\/li>\n<li>J\u00c4RJESTELM\u00c4NVALVOJA varmistaa, ett\u00e4 se suojaa VERKKOSIVUSTON K\u00e4ytt\u00e4jien tietoja (mukaan lukien k\u00e4ytt\u00e4m\u00e4ll\u00e4 SSL-protokollaa) soveltuvan lain ja tietoturvastandardien mukaisesti.<\/li>\n<li>SIVUSIVUSTON K\u00c4YTT\u00c4JIEN henkil\u00f6tietojen vastaanottajia voivat olla HALLINNONHALTIJAN kanssa sen organisaatiorakenteeseen kuuluvat yhteisty\u00f6kumppanit ja yksik\u00f6t, jotka k\u00e4sittelev\u00e4t tietoja HALLINNONHALTIJAN puolesta henkil\u00f6tietojen k\u00e4sittely\u00e4 koskevien sopimusten perusteella.<\/li>\n<li>Ulkoiset ty\u00f6kalut, kuten Google Analytics, Google Ads ja Google Tag Manager, v\u00e4litt\u00e4v\u00e4t tietoja VERKKOSIVUSTON k\u00e4yt\u00f6st\u00e4 palveluntarjoajalle eli palveluntarjoajalle. Google LLC, Euroopan talousalueen ulkopuolella. Tiedot siirret\u00e4\u00e4n Yhdysvaltoihin, miss\u00e4 Yhdysvaltain viranomaiset voivat p\u00e4\u00e4st\u00e4 tietoihisi tiettyjen kansallisten turvallisuusohjelmien puitteissa.<\/li>\n<li>Henkil\u00f6tietoja s\u00e4ilytet\u00e4\u00e4n seuraavan ajan:\n<ul>\n<li>ev\u00e4steiden k\u00e4sittely\u00e4 varten k\u00e4sitellyt tiedot &#8211; kunnes analyyttisiin tarkoituksiin k\u00e4ytettyjen ev\u00e4steiden voimassaolo p\u00e4\u00e4ttyy tai k\u00e4ytt\u00e4j\u00e4 poistaa ne,<\/li>\n<li>tiedot, joita k\u00e4sitell\u00e4\u00e4n vastaamista tai tarjouksen tekemist\u00e4 varten &#8211; kunnes peruutat suostumuksesi tai kunnes vaateet ovat vanhentuneet,<\/li>\n<li>tiedot, joita k\u00e4sitell\u00e4\u00e4n uutiskirjeen l\u00e4hett\u00e4mist\u00e4 varten &#8211; kunnes peruutat suostumuksesi.<\/li>\n<\/ul>\n<\/li>\n<li>Sinulla on oikeus (k\u00e4sittelyperusteesta riippuen):\n<ul>\n<li>Oikeus tutustua henkil\u00f6tietoihin ja saada niist\u00e4 kopio,<\/li>\n<li>Oikeus oikaista (muuttaa) tietojasi,<\/li>\n<li>Oikeus pyyt\u00e4\u00e4 tietojen poistamista tai k\u00e4sittelyn rajoittamista,<\/li>\n<li>Oikeus vastustaa k\u00e4sittely\u00e4,<\/li>\n<li>oikeus tietojen siirrett\u00e4vyyteen,<\/li>\n<li>oikeus tehd\u00e4 valitus valvontaviranomaiselle, ts. Tietosuojaviranomaisen puheenjohtajalle, jos henkil\u00f6tietojesi k\u00e4sittelyn katsotaan rikkovan RODO:n s\u00e4\u00e4nn\u00f6ksi\u00e4,<\/li>\n<li>oikeus peruuttaa suostumus milloin tahansa vaikuttamatta suostumuksen perusteella ennen sen peruuttamista suoritetun k\u00e4sittelyn laillisuuteen; suostumuksen voi peruuttaa l\u00e4hett\u00e4m\u00e4ll\u00e4 s\u00e4hk\u00f6postia osoitteeseen <a href=\"mailto:kontakt@naturalpoland.pl\">kontakt@naturalpoland.pl.<\/a><\/li>\n<\/ul>\n<\/li>\n<li>Tietojen toimittamatta j\u00e4tt\u00e4minen voi johtaa seuraaviin seurauksiin:\n<ul>\n<li>ev\u00e4steiden avulla k\u00e4sitelt\u00e4vien tietojen osalta ei ole mahdollista ottaa huomioon SIVUSIVUN k\u00e4ytt\u00f6\u00e4 koskevia mieltymyksi\u00e4.<\/li>\n<li>jos tietoja k\u00e4sitell\u00e4\u00e4n tarjoukseen vastaamista tai tarjouksen tekemist\u00e4 varten, l\u00e4hetettyyn kyselyyn ei voida vastata,<\/li>\n<li>jos tietoja k\u00e4sitell\u00e4\u00e4n uutiskirjeen l\u00e4hett\u00e4mist\u00e4 varten, uutiskirjett\u00e4 ei voida l\u00e4hett\u00e4\u00e4.<\/li>\n<\/ul>\n<\/li>\n<\/ol>\n<h3 style=\"text-align: center;\">\u00a73 Ev\u00e4stek\u00e4yt\u00e4nt\u00f6<\/h3>\n<ol>\n<li>Ev\u00e4steet ovat tekstimuotoisia tietoja, jotka verkkopalvelin l\u00e4hett\u00e4\u00e4 k\u00e4ytt\u00e4j\u00e4n laitteeseen.<br>kun k\u00e4yt\u00e4t SIVUSTOA.<\/li>\n<li>HALLINNONHALLINTA k\u00e4ytt\u00e4\u00e4 ev\u00e4steit\u00e4 varmistaakseen SIVUSIVUN moitteettoman toiminnan, varmistaakseen<br>turvallisuus, SIVUSTOJEN sis\u00e4ll\u00f6n mukauttaminen k\u00e4ytt\u00e4jien mieltymyksiin (esim. version valinta<br>kieli), tilastojen laatimiseksi ja k\u00e4ytt\u00e4jille r\u00e4\u00e4t\u00e4l\u00f6idyn mainossis\u00e4ll\u00f6n tarjoamiseksi.<br>heid\u00e4n etunsa.<\/li>\n<li>VERKKOSIVUN k\u00e4ytt\u00e4j\u00e4t voivat muuttaa ev\u00e4steasetuksia milloin tahansa.<\/li>\n<li>Yksityiskohtaiset tiedot ev\u00e4steiden mahdollisuudesta ja k\u00e4sittelyst\u00e4 l\u00f6ytyv\u00e4t selaimesi asetuksista.<br>Internet.<\/li>\n<li>Lis\u00e4ksi SIVUSTOJEN K\u00c4YTT\u00c4J\u00c4 voi asettaa ev\u00e4steiden tallentamisen laajuuden ev\u00e4steasetuksissa.<br>&#8221;ev\u00e4steet&#8221;; niiden k\u00e4yt\u00f6n rajoitukset voivat kuitenkin vaikuttaa haitallisesti joihinkin sivuston ominaisuuksiin.<br>saatavilla SIVUSIVUILLA.<\/li>\n<li>K\u00e4ytt\u00e4m\u00e4ll\u00e4 SIVUSTOA annat suostumuksesi ev\u00e4steiden k\u00e4ytt\u00f6\u00f6n t\u00e4m\u00e4n politiikan mukaisesti.<br>yksityisyys.<\/li>\n<\/ol>\n<p> <\/p>\n\n\n","protected":false},"excerpt":{"rendered":"","protected":false},"author":1,"featured_media":0,"parent":0,"menu_order":0,"comment_status":"closed","ping_status":"closed","template":"","meta":{"_acf_changed":false,"footnotes":""},"class_list":["post-16752","page","type-page","status-publish","hentry"],"acf":[],"yoast_head":"<!-- This site is optimized with the Yoast SEO plugin v27.5 - https:\/\/yoast.com\/product\/yoast-seo-wordpress\/ -->\n<title>Tietosuojak\u00e4yt\u00e4nt\u00f6 - NATURAL POLAND - RAAKA-AINEIDEN TUKKUJAKELIJA<\/title>\n<meta name=\"robots\" content=\"index, follow, max-snippet:-1, max-image-preview:large, max-video-preview:-1\" \/>\n<link rel=\"canonical\" href=\"https:\/\/naturalpoland.com\/fi\/tietosuojakaytanto\/\" \/>\n<meta property=\"og:locale\" content=\"fi_FI\" \/>\n<meta property=\"og:type\" content=\"article\" \/>\n<meta property=\"og:title\" content=\"Tietosuojak\u00e4yt\u00e4nt\u00f6 - NATURAL POLAND - RAAKA-AINEIDEN TUKKUJAKELIJA\" \/>\n<meta property=\"og:url\" content=\"https:\/\/naturalpoland.com\/fi\/tietosuojakaytanto\/\" \/>\n<meta property=\"og:site_name\" content=\"NATURAL POLAND - RAAKA-AINEIDEN TUKKUJAKELIJA\" \/>\n<meta property=\"article:publisher\" content=\"https:\/\/www.facebook.com\/naturalpoland.b2b\" \/>\n<meta property=\"article:modified_time\" content=\"2023-09-13T08:49:28+00:00\" \/>\n<meta property=\"og:image\" content=\"https:\/\/naturalpoland.com\/wp-content\/uploads\/2021\/05\/natural-poland-icon.png\" \/>\n\t<meta property=\"og:image:width\" content=\"512\" \/>\n\t<meta property=\"og:image:height\" content=\"512\" \/>\n\t<meta property=\"og:image:type\" content=\"image\/png\" \/>\n<script type=\"application\/ld+json\" class=\"yoast-schema-graph\">{\"@context\":\"https:\\\/\\\/schema.org\",\"@graph\":[{\"@type\":\"WebPage\",\"@id\":\"https:\\\/\\\/naturalpoland.com\\\/fi\\\/tietosuojakaytanto\\\/\",\"url\":\"https:\\\/\\\/naturalpoland.com\\\/fi\\\/tietosuojakaytanto\\\/\",\"name\":\"Tietosuojak\u00e4yt\u00e4nt\u00f6 - NATURAL POLAND - RAAKA-AINEIDEN TUKKUJAKELIJA\",\"isPartOf\":{\"@id\":\"https:\\\/\\\/naturalpoland.com\\\/fi\\\/#website\"},\"datePublished\":\"2021-12-22T10:05:32+00:00\",\"dateModified\":\"2023-09-13T08:49:28+00:00\",\"breadcrumb\":{\"@id\":\"https:\\\/\\\/naturalpoland.com\\\/fi\\\/tietosuojakaytanto\\\/#breadcrumb\"},\"inLanguage\":\"fi\",\"potentialAction\":[{\"@type\":\"ReadAction\",\"target\":[\"https:\\\/\\\/naturalpoland.com\\\/fi\\\/tietosuojakaytanto\\\/\"]}]},{\"@type\":\"BreadcrumbList\",\"@id\":\"https:\\\/\\\/naturalpoland.com\\\/fi\\\/tietosuojakaytanto\\\/#breadcrumb\",\"itemListElement\":[{\"@type\":\"ListItem\",\"position\":1,\"name\":\"Etusivu\",\"item\":\"https:\\\/\\\/naturalpoland.com\\\/fi\\\/\"},{\"@type\":\"ListItem\",\"position\":2,\"name\":\"Tietosuojak\u00e4yt\u00e4nt\u00f6\"}]},{\"@type\":\"WebSite\",\"@id\":\"https:\\\/\\\/naturalpoland.com\\\/fi\\\/#website\",\"url\":\"https:\\\/\\\/naturalpoland.com\\\/fi\\\/\",\"name\":\"NATURAL POLAND - RAAKA-AINEIDEN TUKKUJAKELIJA\",\"description\":\"Surowce dla przemys\u0142u spo\u017cywczego, kosmetycznego i farmaceutycznego\",\"publisher\":{\"@id\":\"https:\\\/\\\/naturalpoland.com\\\/fi\\\/#organization\"},\"potentialAction\":[{\"@type\":\"SearchAction\",\"target\":{\"@type\":\"EntryPoint\",\"urlTemplate\":\"https:\\\/\\\/naturalpoland.com\\\/fi\\\/?s={search_term_string}\"},\"query-input\":{\"@type\":\"PropertyValueSpecification\",\"valueRequired\":true,\"valueName\":\"search_term_string\"}}],\"inLanguage\":\"fi\"},{\"@type\":\"Organization\",\"@id\":\"https:\\\/\\\/naturalpoland.com\\\/fi\\\/#organization\",\"name\":\"Natural Poland\",\"url\":\"https:\\\/\\\/naturalpoland.com\\\/fi\\\/\",\"logo\":{\"@type\":\"ImageObject\",\"inLanguage\":\"fi\",\"@id\":\"https:\\\/\\\/naturalpoland.com\\\/fi\\\/#\\\/schema\\\/logo\\\/image\\\/\",\"url\":\"https:\\\/\\\/naturalpoland.com\\\/wp-content\\\/uploads\\\/2021\\\/05\\\/natural-poland-icon.png\",\"contentUrl\":\"https:\\\/\\\/naturalpoland.com\\\/wp-content\\\/uploads\\\/2021\\\/05\\\/natural-poland-icon.png\",\"width\":512,\"height\":512,\"caption\":\"Natural Poland\"},\"image\":{\"@id\":\"https:\\\/\\\/naturalpoland.com\\\/fi\\\/#\\\/schema\\\/logo\\\/image\\\/\"},\"sameAs\":[\"https:\\\/\\\/www.facebook.com\\\/naturalpoland.b2b\",\"https:\\\/\\\/pl.linkedin.com\\\/company\\\/natural-poland\",\"https:\\\/\\\/www.youtube.com\\\/channel\\\/UCgeGGkvOMahZo-xu_MSEWxg\"]}]}<\/script>\n<!-- \/ Yoast SEO plugin. -->","yoast_head_json":{"title":"Tietosuojak\u00e4yt\u00e4nt\u00f6 - NATURAL POLAND - RAAKA-AINEIDEN TUKKUJAKELIJA","robots":{"index":"index","follow":"follow","max-snippet":"max-snippet:-1","max-image-preview":"max-image-preview:large","max-video-preview":"max-video-preview:-1"},"canonical":"https:\/\/naturalpoland.com\/fi\/tietosuojakaytanto\/","og_locale":"fi_FI","og_type":"article","og_title":"Tietosuojak\u00e4yt\u00e4nt\u00f6 - NATURAL POLAND - RAAKA-AINEIDEN TUKKUJAKELIJA","og_url":"https:\/\/naturalpoland.com\/fi\/tietosuojakaytanto\/","og_site_name":"NATURAL POLAND - RAAKA-AINEIDEN TUKKUJAKELIJA","article_publisher":"https:\/\/www.facebook.com\/naturalpoland.b2b","article_modified_time":"2023-09-13T08:49:28+00:00","og_image":[{"width":512,"height":512,"url":"https:\/\/naturalpoland.com\/wp-content\/uploads\/2021\/05\/natural-poland-icon.png","type":"image\/png"}],"schema":{"@context":"https:\/\/schema.org","@graph":[{"@type":"WebPage","@id":"https:\/\/naturalpoland.com\/fi\/tietosuojakaytanto\/","url":"https:\/\/naturalpoland.com\/fi\/tietosuojakaytanto\/","name":"Tietosuojak\u00e4yt\u00e4nt\u00f6 - NATURAL POLAND - RAAKA-AINEIDEN TUKKUJAKELIJA","isPartOf":{"@id":"https:\/\/naturalpoland.com\/fi\/#website"},"datePublished":"2021-12-22T10:05:32+00:00","dateModified":"2023-09-13T08:49:28+00:00","breadcrumb":{"@id":"https:\/\/naturalpoland.com\/fi\/tietosuojakaytanto\/#breadcrumb"},"inLanguage":"fi","potentialAction":[{"@type":"ReadAction","target":["https:\/\/naturalpoland.com\/fi\/tietosuojakaytanto\/"]}]},{"@type":"BreadcrumbList","@id":"https:\/\/naturalpoland.com\/fi\/tietosuojakaytanto\/#breadcrumb","itemListElement":[{"@type":"ListItem","position":1,"name":"Etusivu","item":"https:\/\/naturalpoland.com\/fi\/"},{"@type":"ListItem","position":2,"name":"Tietosuojak\u00e4yt\u00e4nt\u00f6"}]},{"@type":"WebSite","@id":"https:\/\/naturalpoland.com\/fi\/#website","url":"https:\/\/naturalpoland.com\/fi\/","name":"NATURAL POLAND - RAAKA-AINEIDEN TUKKUJAKELIJA","description":"Surowce dla przemys\u0142u spo\u017cywczego, kosmetycznego i farmaceutycznego","publisher":{"@id":"https:\/\/naturalpoland.com\/fi\/#organization"},"potentialAction":[{"@type":"SearchAction","target":{"@type":"EntryPoint","urlTemplate":"https:\/\/naturalpoland.com\/fi\/?s={search_term_string}"},"query-input":{"@type":"PropertyValueSpecification","valueRequired":true,"valueName":"search_term_string"}}],"inLanguage":"fi"},{"@type":"Organization","@id":"https:\/\/naturalpoland.com\/fi\/#organization","name":"Natural Poland","url":"https:\/\/naturalpoland.com\/fi\/","logo":{"@type":"ImageObject","inLanguage":"fi","@id":"https:\/\/naturalpoland.com\/fi\/#\/schema\/logo\/image\/","url":"https:\/\/naturalpoland.com\/wp-content\/uploads\/2021\/05\/natural-poland-icon.png","contentUrl":"https:\/\/naturalpoland.com\/wp-content\/uploads\/2021\/05\/natural-poland-icon.png","width":512,"height":512,"caption":"Natural Poland"},"image":{"@id":"https:\/\/naturalpoland.com\/fi\/#\/schema\/logo\/image\/"},"sameAs":["https:\/\/www.facebook.com\/naturalpoland.b2b","https:\/\/pl.linkedin.com\/company\/natural-poland","https:\/\/www.youtube.com\/channel\/UCgeGGkvOMahZo-xu_MSEWxg"]}]}},"_links":{"self":[{"href":"https:\/\/naturalpoland.com\/fi\/wp-json\/wp\/v2\/pages\/16752","targetHints":{"allow":["GET"]}}],"collection":[{"href":"https:\/\/naturalpoland.com\/fi\/wp-json\/wp\/v2\/pages"}],"about":[{"href":"https:\/\/naturalpoland.com\/fi\/wp-json\/wp\/v2\/types\/page"}],"author":[{"embeddable":true,"href":"https:\/\/naturalpoland.com\/fi\/wp-json\/wp\/v2\/users\/1"}],"replies":[{"embeddable":true,"href":"https:\/\/naturalpoland.com\/fi\/wp-json\/wp\/v2\/comments?post=16752"}],"version-history":[{"count":0,"href":"https:\/\/naturalpoland.com\/fi\/wp-json\/wp\/v2\/pages\/16752\/revisions"}],"wp:attachment":[{"href":"https:\/\/naturalpoland.com\/fi\/wp-json\/wp\/v2\/media?parent=16752"}],"curies":[{"name":"wp","href":"https:\/\/api.w.org\/{rel}","templated":true}]}}