{"id":20823,"date":"2023-02-08T10:22:19","date_gmt":"2023-02-08T09:22:19","guid":{"rendered":"https:\/\/naturalpoland.pl\/valmistajille-ja-toimittajille\/"},"modified":"2023-07-05T14:02:47","modified_gmt":"2023-07-05T12:02:47","slug":"valmistajille-ja-toimittajille","status":"publish","type":"page","link":"https:\/\/naturalpoland.com\/fi\/valmistajille-ja-toimittajille\/","title":{"rendered":"VALMISTAJILLE JA TOIMITTAJILLE"},"content":{"rendered":"\n\n  <div class=\"banner has-hover\" id=\"banner-245980792\">\n          <div class=\"banner-inner fill\">\n        <div class=\"banner-bg fill\" >\n            <img decoding=\"async\" width=\"1020\" height=\"680\" src=\"https:\/\/naturalpoland.com\/wp-content\/uploads\/2011\/07\/Fotolia_84309657_Subscription_Monthly_M_shadow.jpg\" class=\"bg attachment-large size-large\" alt=\"Global Spread NATURAL POLAND\" \/>                        <div class=\"overlay\"><\/div>            \n                    <\/div>\n\t\t\n        <div class=\"banner-layers container\">\n            <div class=\"fill banner-link\"><\/div>            \n\n   <div id=\"text-box-641250789\" class=\"text-box banner-layer x50 md-x50 lg-x50 y50 md-y50 lg-y50 res-text\">\n                                <div class=\"text-box-content text dark\">\n              \n              <div class=\"text-inner text-center\">\n                  \n\n<h1 class=\"uppercase\">VALMISTAJILLE JA TOIMITTAJILLE<\/h1>\n\n              <\/div>\n           <\/div>\n                            \n<style>\n#text-box-641250789 {\n  width: 89%;\n}\n#text-box-641250789 .text-box-content {\n  font-size: 100%;\n}\n<\/style>\n    <\/div>\n \n\n        <\/div>\n      <\/div>\n\n            \n<style>\n#banner-245980792 {\n  padding-top: 350px;\n}\n#banner-245980792 .overlay {\n  background-color: rgba(0, 0, 0, 0.5);\n}\n#banner-245980792 .banner-bg img {\n  object-position: 77% 24%;\n}\n<\/style>\n  <\/div>\n\n\n\n\t<section class=\"section\" id=\"section_164041560\">\n\t\t<div class=\"section-bg fill\" >\n\t\t\t\t\t\t\t\t\t\n\t\t\t\n\n\t\t<\/div>\n\n\t\t\n\n\t\t<div class=\"section-content relative\">\n\t\t\t\n\n\t<div id=\"gap-1477157448\" class=\"gap-element clearfix\" style=\"display:block; height:auto;\">\n\t\t\n<style>\n#gap-1477157448 {\n  padding-top: 40px;\n}\n<\/style>\n\t<\/div>\n\t\n\n<div class=\"row\"  id=\"row-1038356263\">\n\n\n\t<div id=\"col-1686974554\" class=\"col medium-8 small-12 large-8\"  >\n\t\t\t\t<div class=\"col-inner\"  >\n\t\t\t\n\t\t\t\n\n<p><span style=\"font-size:150%\"><strong>Natural Poland -br\u00e4ndi tunnetaan maailmanlaajuisesti luotettuna ja luotettavana elintarvike-, kosmetiikka- ja l\u00e4\u00e4kealan raaka-aineiden toimittajana. Meill\u00e4 on vakituinen asiakaskunta, ja lis\u00e4\u00e4 asiakkaita tulee jatkuvasti. <\/strong><\/span><\/p>\n<p style=\"font-size:120%\">Asiakkaamme ovat elintarvikkeiden, kosmetiikan ja ravintolisien tuottajia p\u00e4\u00e4asiassa Aasian ja Euroopan maista. Kulttuuri- ja kielirajoituksia ei ole olemassa, ja siksi meill\u00e4 on kokemusta yhteisty\u00f6st\u00e4 yritysten kanssa haastavimmillakin maailmanmarkkinoilla. <\/p>\n<p style=\"font-size:120%\">Vuosien varrella saavuttamamme johtava asema on johtanut siihen, ett\u00e4 yritykset ymp\u00e4ri maailmaa ovat nyky\u00e4\u00e4n tilanneet meid\u00e4t etsim\u00e4\u00e4n erilaisia raaka-aineita ja tuotteita, my\u00f6s harvinaisia.<\/p>\n\n\t\t<\/div>\n\t\t\t\t\t<\/div>\n\n\t\n\n\t<div id=\"col-1208861109\" class=\"col medium-4 small-12 large-4\"  >\n\t\t\t\t<div class=\"col-inner\"  >\n\t\t\t\n\t\t\t\n\n\t<div class=\"img has-hover x md-x lg-x y md-y lg-y\" id=\"image_1678682783\">\n\t\t\t\t\t\t\t\t<div class=\"img-inner dark\" >\n\t\t\t<img decoding=\"async\" width=\"627\" height=\"1024\" src=\"https:\/\/naturalpoland.com\/wp-content\/uploads\/wspolpraca-natural-poland-627x1024.jpg\" class=\"attachment-large size-large\" alt=\"\" srcset=\"https:\/\/naturalpoland.com\/wp-content\/uploads\/wspolpraca-natural-poland-627x1024.jpg 627w, https:\/\/naturalpoland.com\/wp-content\/uploads\/wspolpraca-natural-poland-510x833.jpg 510w, https:\/\/naturalpoland.com\/wp-content\/uploads\/wspolpraca-natural-poland-184x300.jpg 184w, https:\/\/naturalpoland.com\/wp-content\/uploads\/wspolpraca-natural-poland.jpg 700w\" sizes=\"(max-width: 627px) 100vw, 627px\" \/>\t\t\t\t\t\t\n\t\t\t\t\t<\/div>\n\t\t\t\t\t\t\t\t\n<style>\n#image_1678682783 {\n  width: 100%;\n}\n<\/style>\n\t<\/div>\n\t\n\n\n\t\t<\/div>\n\t\t\t\t\t<\/div>\n\n\t\n\n<\/div>\n<div class=\"container section-title-container\" ><h3 class=\"section-title section-title-normal\"><b aria-hidden=\"true\"><\/b><span class=\"section-title-main\" >Teemme yhteisty\u00f6t\u00e4 raaka-aineiden valmistajien ja toimittajien kanssa<\/span><b aria-hidden=\"true\"><\/b><\/h3><\/div>\n\n  <div class=\"banner-grid-wrapper\">\n  <div id=\"banner-grid-954182372\" class=\"banner-grid row row-grid row-small\" data-packery-options=\"\">\n                      \n\n<div class=\"col grid-col large-6 grid-col-1\" ><div class=\"col-inner\">\n\n\n  <div class=\"banner has-hover\" id=\"banner-131938453\">\n          <div class=\"banner-inner fill\">\n        <div class=\"banner-bg fill\" >\n                                    <div class=\"overlay\"><\/div>            \n                    <\/div>\n\t\t\n        <div class=\"banner-layers container\">\n            <div class=\"fill banner-link\"><\/div>            \n\n   <div id=\"text-box-2058156368\" class=\"text-box banner-layer x50 md-x50 lg-x50 y50 md-y50 lg-y50 res-text\">\n                                <div class=\"text-box-content text dark\">\n              \n              <div class=\"text-inner text-center\">\n                  \n\n\n\n<div class=\"pipedriveWebForms\" data-pd-webforms=\"https:\/\/webforms.pipedrive.com\/f\/cs5wm9CaQBYwtwSB4qK1Fyuv2lJACNr6CcJBpII728yTtbaGqspX6bYRMUKbBXe0JJ\"><script src=\"https:\/\/webforms.pipedrive.com\/f\/loader\"><\/script><\/div>\n\n\n              <\/div>\n           <\/div>\n                            \n<style>\n#text-box-2058156368 {\n  width: 88%;\n}\n#text-box-2058156368 .text-box-content {\n  font-size: 100%;\n}\n<\/style>\n    <\/div>\n \n\n        <\/div>\n      <\/div>\n\n            \n<style>\n#banner-131938453 {\n  padding-top: 700px;\n  background-color: rgb(255,255,255);\n}\n#banner-131938453 .overlay {\n  background-color: rgba(0, 0, 0, 0.17);\n}\n<\/style>\n  <\/div>\n\n\n\n<\/div><\/div>\n<div class=\"col grid-col large-6 grid-col-1\" ><div class=\"col-inner\">\n\n\n  <div class=\"banner has-hover\" id=\"banner-280423074\">\n          <div class=\"banner-inner fill\">\n        <div class=\"banner-bg fill\" >\n                                    <div class=\"overlay\"><\/div>            \n                    <\/div>\n\t\t\n        <div class=\"banner-layers container\">\n            <div class=\"fill banner-link\"><\/div>            \n\n   <div id=\"text-box-1554471700\" class=\"text-box banner-layer x5 md-x5 lg-x5 y50 md-y50 lg-y50 res-text\">\n                                <div class=\"text-box-content text \">\n              \n              <div class=\"text-inner text-left\">\n                  \n\n\t<div id=\"text-3051426309\" class=\"text\">\n\t\t\n\n<ul>\n<li><strong>Tiimimme koostuu p\u00e4tevist\u00e4 asiantuntijoista,<\/strong> joilla on biotekniikan, l\u00e4\u00e4keteollisuuden ja kosmetiikan koulutus sek\u00e4 ravitsemusteknologeja. Tiet\u00e4myksemme ja kokemuksemme luovat luottamusta. Pystymme usein neuvomaan asiakkaitamme oikeiden komponenttien valinnassa heid\u00e4n reseptiikkaansa. <\/li>\n<li><strong>Meill\u00e4 on oma varasto Puolassa<\/strong>, joten voimme tilata suurempia m\u00e4\u00e4ri\u00e4 raaka-aineita kerrallaan<\/li>\n<li><strong>Meill\u00e4 on kokemusta yhteisty\u00f6st\u00e4 useiden eri kuljetusyhti\u00f6iden kanssa<\/strong> maa-, ilma- ja vesikuljetuspalveluissa.<\/li>\n<li><strong>Lakimiehet tukevat<\/strong> meit\u00e4 oikeudellisissa, tulli- ja verovaatimuksissa, jotka koskevat raaka-aineiden toimittamista yksitt\u00e4isiin maihin.<\/li>\n<li><strong>Panostamme tarjoamiemme tuotteiden mainontaan<\/strong>. Meill\u00e4 on tietoa, ty\u00f6kaluja ja resursseja markkinointitoimien toteuttamiseen maailmanlaajuisesti. Olemme l\u00e4sn\u00e4 paikallisilla ja kansainv\u00e4lisill\u00e4 messuilla. Jos kyseess\u00e4 on yksinoikeussopimus, valmistelemme markkinointimateriaalia ja mainoskampanjoita valituille tuoteryhmille.   <\/li>\n<\/ul>\n\t\t\n<style>\n#text-3051426309 {\n  font-size: 1rem;\n  line-height: 1.4;\n  color: rgb(255, 255, 255);\n}\n#text-3051426309 > * {\n  color: rgb(255, 255, 255);\n}\n<\/style>\n\t<\/div>\n\t\n\n              <\/div>\n           <\/div>\n                            \n<style>\n#text-box-1554471700 {\n  width: 60%;\n}\n#text-box-1554471700 .text-box-content {\n  font-size: 100%;\n}\n@media (min-width:550px) {\n  #text-box-1554471700 {\n    width: 93%;\n  }\n}\n<\/style>\n    <\/div>\n \n\n        <\/div>\n      <\/div>\n\n            \n<style>\n#banner-280423074 {\n  padding-top: 500px;\n  background-color: #204a4f;\n}\n#banner-280423074 .overlay {\n  background-color: rgba(190, 190, 190, 0.2);\n}\n<\/style>\n  <\/div>\n\n\n\n<\/div><\/div>\n\n            <\/div>\n    <style>\n    #banner-grid-954182372 .grid-col-1{height: 600px}\n    #banner-grid-954182372 .grid-col-1-2{height: 300px}\n    #banner-grid-954182372 .grid-col-1-3{height:200px}\n    #banner-grid-954182372 .grid-col-2-3{height: 400px}\n    #banner-grid-954182372 .grid-col-1-4{height: 150px}\n    #banner-grid-954182372 .grid-col-3-4{height: 450px}\n\n\n    \n    \n\n  <\/style>\n    <\/div>\n  \n\n\t\t<\/div>\n\n\t\t\n<style>\n#section_164041560 {\n  padding-top: 30px;\n  padding-bottom: 30px;\n}\n<\/style>\n\t<\/section>\n\t\n\n","protected":false},"excerpt":{"rendered":"","protected":false},"author":1,"featured_media":0,"parent":0,"menu_order":0,"comment_status":"closed","ping_status":"closed","template":"page-blank.php","meta":{"_acf_changed":false,"footnotes":""},"class_list":["post-20823","page","type-page","status-publish","hentry"],"acf":[],"yoast_head":"<!-- This site is optimized with the Yoast SEO plugin v27.5 - https:\/\/yoast.com\/product\/yoast-seo-wordpress\/ -->\n<title>VALMISTAJILLE JA TOIMITTAJILLE - NATURAL POLAND - RAAKA-AINEIDEN TUKKUJAKELIJA<\/title>\n<meta name=\"robots\" content=\"index, follow, max-snippet:-1, max-image-preview:large, max-video-preview:-1\" \/>\n<link rel=\"canonical\" href=\"https:\/\/naturalpoland.com\/fi\/valmistajille-ja-toimittajille\/\" \/>\n<meta property=\"og:locale\" content=\"fi_FI\" \/>\n<meta property=\"og:type\" content=\"article\" \/>\n<meta property=\"og:title\" content=\"VALMISTAJILLE JA TOIMITTAJILLE - NATURAL POLAND - RAAKA-AINEIDEN TUKKUJAKELIJA\" \/>\n<meta property=\"og:url\" content=\"https:\/\/naturalpoland.com\/fi\/valmistajille-ja-toimittajille\/\" \/>\n<meta property=\"og:site_name\" content=\"NATURAL POLAND - RAAKA-AINEIDEN TUKKUJAKELIJA\" \/>\n<meta property=\"article:publisher\" content=\"https:\/\/www.facebook.com\/naturalpoland.b2b\" \/>\n<meta property=\"article:modified_time\" content=\"2023-07-05T12:02:47+00:00\" \/>\n<meta property=\"og:image\" content=\"https:\/\/naturalpoland.com\/wp-content\/uploads\/2021\/05\/natural-poland-icon.png\" \/>\n\t<meta property=\"og:image:width\" content=\"512\" \/>\n\t<meta property=\"og:image:height\" content=\"512\" \/>\n\t<meta property=\"og:image:type\" content=\"image\/png\" \/>\n<script type=\"application\/ld+json\" class=\"yoast-schema-graph\">{\"@context\":\"https:\\\/\\\/schema.org\",\"@graph\":[{\"@type\":\"WebPage\",\"@id\":\"https:\\\/\\\/naturalpoland.com\\\/fi\\\/valmistajille-ja-toimittajille\\\/\",\"url\":\"https:\\\/\\\/naturalpoland.com\\\/fi\\\/valmistajille-ja-toimittajille\\\/\",\"name\":\"VALMISTAJILLE JA TOIMITTAJILLE - NATURAL POLAND - RAAKA-AINEIDEN TUKKUJAKELIJA\",\"isPartOf\":{\"@id\":\"https:\\\/\\\/naturalpoland.com\\\/fi\\\/#website\"},\"datePublished\":\"2023-02-08T09:22:19+00:00\",\"dateModified\":\"2023-07-05T12:02:47+00:00\",\"breadcrumb\":{\"@id\":\"https:\\\/\\\/naturalpoland.com\\\/fi\\\/valmistajille-ja-toimittajille\\\/#breadcrumb\"},\"inLanguage\":\"fi\",\"potentialAction\":[{\"@type\":\"ReadAction\",\"target\":[\"https:\\\/\\\/naturalpoland.com\\\/fi\\\/valmistajille-ja-toimittajille\\\/\"]}]},{\"@type\":\"BreadcrumbList\",\"@id\":\"https:\\\/\\\/naturalpoland.com\\\/fi\\\/valmistajille-ja-toimittajille\\\/#breadcrumb\",\"itemListElement\":[{\"@type\":\"ListItem\",\"position\":1,\"name\":\"Etusivu\",\"item\":\"https:\\\/\\\/naturalpoland.com\\\/fi\\\/\"},{\"@type\":\"ListItem\",\"position\":2,\"name\":\"VALMISTAJILLE JA TOIMITTAJILLE\"}]},{\"@type\":\"WebSite\",\"@id\":\"https:\\\/\\\/naturalpoland.com\\\/fi\\\/#website\",\"url\":\"https:\\\/\\\/naturalpoland.com\\\/fi\\\/\",\"name\":\"NATURAL POLAND - RAAKA-AINEIDEN TUKKUJAKELIJA\",\"description\":\"Surowce dla przemys\u0142u spo\u017cywczego, kosmetycznego i farmaceutycznego\",\"publisher\":{\"@id\":\"https:\\\/\\\/naturalpoland.com\\\/fi\\\/#organization\"},\"potentialAction\":[{\"@type\":\"SearchAction\",\"target\":{\"@type\":\"EntryPoint\",\"urlTemplate\":\"https:\\\/\\\/naturalpoland.com\\\/fi\\\/?s={search_term_string}\"},\"query-input\":{\"@type\":\"PropertyValueSpecification\",\"valueRequired\":true,\"valueName\":\"search_term_string\"}}],\"inLanguage\":\"fi\"},{\"@type\":\"Organization\",\"@id\":\"https:\\\/\\\/naturalpoland.com\\\/fi\\\/#organization\",\"name\":\"Natural Poland\",\"url\":\"https:\\\/\\\/naturalpoland.com\\\/fi\\\/\",\"logo\":{\"@type\":\"ImageObject\",\"inLanguage\":\"fi\",\"@id\":\"https:\\\/\\\/naturalpoland.com\\\/fi\\\/#\\\/schema\\\/logo\\\/image\\\/\",\"url\":\"https:\\\/\\\/naturalpoland.com\\\/wp-content\\\/uploads\\\/2021\\\/05\\\/natural-poland-icon.png\",\"contentUrl\":\"https:\\\/\\\/naturalpoland.com\\\/wp-content\\\/uploads\\\/2021\\\/05\\\/natural-poland-icon.png\",\"width\":512,\"height\":512,\"caption\":\"Natural Poland\"},\"image\":{\"@id\":\"https:\\\/\\\/naturalpoland.com\\\/fi\\\/#\\\/schema\\\/logo\\\/image\\\/\"},\"sameAs\":[\"https:\\\/\\\/www.facebook.com\\\/naturalpoland.b2b\",\"https:\\\/\\\/pl.linkedin.com\\\/company\\\/natural-poland\",\"https:\\\/\\\/www.youtube.com\\\/channel\\\/UCgeGGkvOMahZo-xu_MSEWxg\"]}]}<\/script>\n<!-- \/ Yoast SEO plugin. -->","yoast_head_json":{"title":"VALMISTAJILLE JA TOIMITTAJILLE - NATURAL POLAND - RAAKA-AINEIDEN TUKKUJAKELIJA","robots":{"index":"index","follow":"follow","max-snippet":"max-snippet:-1","max-image-preview":"max-image-preview:large","max-video-preview":"max-video-preview:-1"},"canonical":"https:\/\/naturalpoland.com\/fi\/valmistajille-ja-toimittajille\/","og_locale":"fi_FI","og_type":"article","og_title":"VALMISTAJILLE JA TOIMITTAJILLE - NATURAL POLAND - RAAKA-AINEIDEN TUKKUJAKELIJA","og_url":"https:\/\/naturalpoland.com\/fi\/valmistajille-ja-toimittajille\/","og_site_name":"NATURAL POLAND - RAAKA-AINEIDEN TUKKUJAKELIJA","article_publisher":"https:\/\/www.facebook.com\/naturalpoland.b2b","article_modified_time":"2023-07-05T12:02:47+00:00","og_image":[{"width":512,"height":512,"url":"https:\/\/naturalpoland.com\/wp-content\/uploads\/2021\/05\/natural-poland-icon.png","type":"image\/png"}],"schema":{"@context":"https:\/\/schema.org","@graph":[{"@type":"WebPage","@id":"https:\/\/naturalpoland.com\/fi\/valmistajille-ja-toimittajille\/","url":"https:\/\/naturalpoland.com\/fi\/valmistajille-ja-toimittajille\/","name":"VALMISTAJILLE JA TOIMITTAJILLE - NATURAL POLAND - RAAKA-AINEIDEN TUKKUJAKELIJA","isPartOf":{"@id":"https:\/\/naturalpoland.com\/fi\/#website"},"datePublished":"2023-02-08T09:22:19+00:00","dateModified":"2023-07-05T12:02:47+00:00","breadcrumb":{"@id":"https:\/\/naturalpoland.com\/fi\/valmistajille-ja-toimittajille\/#breadcrumb"},"inLanguage":"fi","potentialAction":[{"@type":"ReadAction","target":["https:\/\/naturalpoland.com\/fi\/valmistajille-ja-toimittajille\/"]}]},{"@type":"BreadcrumbList","@id":"https:\/\/naturalpoland.com\/fi\/valmistajille-ja-toimittajille\/#breadcrumb","itemListElement":[{"@type":"ListItem","position":1,"name":"Etusivu","item":"https:\/\/naturalpoland.com\/fi\/"},{"@type":"ListItem","position":2,"name":"VALMISTAJILLE JA TOIMITTAJILLE"}]},{"@type":"WebSite","@id":"https:\/\/naturalpoland.com\/fi\/#website","url":"https:\/\/naturalpoland.com\/fi\/","name":"NATURAL POLAND - RAAKA-AINEIDEN TUKKUJAKELIJA","description":"Surowce dla przemys\u0142u spo\u017cywczego, kosmetycznego i farmaceutycznego","publisher":{"@id":"https:\/\/naturalpoland.com\/fi\/#organization"},"potentialAction":[{"@type":"SearchAction","target":{"@type":"EntryPoint","urlTemplate":"https:\/\/naturalpoland.com\/fi\/?s={search_term_string}"},"query-input":{"@type":"PropertyValueSpecification","valueRequired":true,"valueName":"search_term_string"}}],"inLanguage":"fi"},{"@type":"Organization","@id":"https:\/\/naturalpoland.com\/fi\/#organization","name":"Natural Poland","url":"https:\/\/naturalpoland.com\/fi\/","logo":{"@type":"ImageObject","inLanguage":"fi","@id":"https:\/\/naturalpoland.com\/fi\/#\/schema\/logo\/image\/","url":"https:\/\/naturalpoland.com\/wp-content\/uploads\/2021\/05\/natural-poland-icon.png","contentUrl":"https:\/\/naturalpoland.com\/wp-content\/uploads\/2021\/05\/natural-poland-icon.png","width":512,"height":512,"caption":"Natural Poland"},"image":{"@id":"https:\/\/naturalpoland.com\/fi\/#\/schema\/logo\/image\/"},"sameAs":["https:\/\/www.facebook.com\/naturalpoland.b2b","https:\/\/pl.linkedin.com\/company\/natural-poland","https:\/\/www.youtube.com\/channel\/UCgeGGkvOMahZo-xu_MSEWxg"]}]}},"_links":{"self":[{"href":"https:\/\/naturalpoland.com\/fi\/wp-json\/wp\/v2\/pages\/20823","targetHints":{"allow":["GET"]}}],"collection":[{"href":"https:\/\/naturalpoland.com\/fi\/wp-json\/wp\/v2\/pages"}],"about":[{"href":"https:\/\/naturalpoland.com\/fi\/wp-json\/wp\/v2\/types\/page"}],"author":[{"embeddable":true,"href":"https:\/\/naturalpoland.com\/fi\/wp-json\/wp\/v2\/users\/1"}],"replies":[{"embeddable":true,"href":"https:\/\/naturalpoland.com\/fi\/wp-json\/wp\/v2\/comments?post=20823"}],"version-history":[{"count":0,"href":"https:\/\/naturalpoland.com\/fi\/wp-json\/wp\/v2\/pages\/20823\/revisions"}],"wp:attachment":[{"href":"https:\/\/naturalpoland.com\/fi\/wp-json\/wp\/v2\/media?parent=20823"}],"curies":[{"name":"wp","href":"https:\/\/api.w.org\/{rel}","templated":true}]}}