{"id":38757,"date":"2025-01-16T13:32:15","date_gmt":"2025-01-16T12:32:15","guid":{"rendered":"https:\/\/naturalpoland.com\/faq\/"},"modified":"2025-01-16T13:41:16","modified_gmt":"2025-01-16T12:41:16","slug":"faq","status":"publish","type":"page","link":"https:\/\/naturalpoland.com\/fi\/faq\/","title":{"rendered":"FAQ"},"content":{"rendered":"\n<div class=\"accordion\">\n\n\t<div id=\"accordion-345513962\" class=\"accordion-item\">\n\t\t<a id=\"accordion-345513962-label\" class=\"accordion-title plain\" href=\"#accordion-item-miten-voin-ottaa-yhteytt\u00e4-natural-polandin-myyntiosastoon?\" aria-expanded=\"false\" aria-controls=\"accordion-345513962-content\">\n\t\t\t<button class=\"toggle\" aria-label=\"Toggle\"><i class=\"icon-angle-down\" aria-hidden=\"true\"><\/i><\/button>\n\t\t\t<span>Miten voin ottaa yhteytt\u00e4 Natural Polandin myyntiosastoon?<\/span>\n\t\t<\/a>\n\t\t<div id=\"accordion-345513962-content\" class=\"accordion-inner\" aria-labelledby=\"accordion-345513962-label\">\n\t\t\t\n\n<p>Voit ottaa yhteytt\u00e4 myyntiosastoomme useilla eri tavoilla, jotta voit viesti\u00e4 k\u00e4tev\u00e4sti:<\/p>\n<p><b>Puhelin<\/b>: Tavoitat meid\u00e4t puhelimitse numerosta +48 22 112 10 97 maanantaista perjantaihin klo 8.00-16.00 (It\u00e4-Euroopan aika GMT+2).<\/p>\n<p><b>S\u00e4hk\u00f6posti:<\/b> L\u00e4het\u00e4 s\u00e4hk\u00f6postia osoitteeseen kontakt@naturalpoland.com. Pyrimme vastaamaan kaikkiin s\u00e4hk\u00f6posteihin 48 tunnin kuluessa. <\/p>\n<p><b>Yhteydenottolomake:<\/b> verkkosivuillamme on yhteydenottolomake, jonka voit t\u00e4ytt\u00e4\u00e4, ja otamme sinuun yhteytt\u00e4 mahdollisimman pian.<\/p>\n<p><b>Tapaaminen:<\/b> Voit my\u00f6s varata ajan suoraan toimistollemme osoitteessa 58 Marsza\u0142kowska Street 12 Varsovassa. Varaa tapaaminen etuk\u00e4teen, jotta voimme varmistaa, ett\u00e4 oikea henkil\u00f6 on k\u00e4ytett\u00e4viss\u00e4 sinua palvelemaan.   <\/p>\n\n\t\t<\/div>\n\t<\/div>\n\t\n\t<div id=\"accordion-1640317280\" class=\"accordion-item\">\n\t\t<a id=\"accordion-1640317280-label\" class=\"accordion-title plain\" href=\"#accordion-item-mitk\u00e4-ovat-ty\u00f6ajat?\" aria-expanded=\"false\" aria-controls=\"accordion-1640317280-content\">\n\t\t\t<button class=\"toggle\" aria-label=\"Toggle\"><i class=\"icon-angle-down\" aria-hidden=\"true\"><\/i><\/button>\n\t\t\t<span>Mitk\u00e4 ovat ty\u00f6ajat?<\/span>\n\t\t<\/a>\n\t\t<div id=\"accordion-1640317280-content\" class=\"accordion-inner\" aria-labelledby=\"accordion-1640317280-label\">\n\t\t\t\n\n<p>Asiakaspalvelumme on k\u00e4ytett\u00e4viss\u00e4 maanantaista perjantaihin klo 8:00-16:00.  <\/p>\n<p>Jos sinulla on kiireellinen kysymys aukioloaikojen ulkopuolella, pyyd\u00e4mme sinua l\u00e4hett\u00e4m\u00e4\u00e4n meille s\u00e4hk\u00f6postia osoitteeseen kontakt@naturalpoland.com. Teemme parhaamme vastataksemme kysymykseesi mahdollisimman pian seuraavan aukioloaikamme alettua. <\/p>\n\n\t\t<\/div>\n\t<\/div>\n\t\n\t<div id=\"accordion-2242481624\" class=\"accordion-item\">\n\t\t<a id=\"accordion-2242481624-label\" class=\"accordion-title plain\" href=\"#accordion-item-mitk\u00e4-ovat-natural-polandin-v\u00e4himm\u00e4istilausm\u00e4\u00e4r\u00e4t?\" aria-expanded=\"false\" aria-controls=\"accordion-2242481624-content\">\n\t\t\t<button class=\"toggle\" aria-label=\"Toggle\"><i class=\"icon-angle-down\" aria-hidden=\"true\"><\/i><\/button>\n\t\t\t<span>Mitk\u00e4 ovat Natural Polandin v\u00e4himm\u00e4istilausm\u00e4\u00e4r\u00e4t?<\/span>\n\t\t<\/a>\n\t\t<div id=\"accordion-2242481624-content\" class=\"accordion-inner\" aria-labelledby=\"accordion-2242481624-label\">\n\t\t\t\n\n<p>Natural Polandissa keskitymme joustavuuteen, jotta voimme vastata asiakkaidemme erilaisiin tarpeisiin. Siksi v\u00e4himm\u00e4istilausm\u00e4\u00e4r\u00e4t voivat vaihdella raaka-ainetyypist\u00e4 riippuen. <\/p>\n\n\t\t<\/div>\n\t<\/div>\n\t\n\t<div id=\"accordion-4035399325\" class=\"accordion-item\">\n\t\t<a id=\"accordion-4035399325-label\" class=\"accordion-title plain\" href=\"#accordion-item-tarjoatteko-alennuksia-natural-polandin-kanta-asiakkaille-tai-suurista-tilauksista?\" aria-expanded=\"false\" aria-controls=\"accordion-4035399325-content\">\n\t\t\t<button class=\"toggle\" aria-label=\"Toggle\"><i class=\"icon-angle-down\" aria-hidden=\"true\"><\/i><\/button>\n\t\t\t<span>Tarjoatteko alennuksia Natural Polandin kanta-asiakkaille tai suurista tilauksista?<\/span>\n\t\t<\/a>\n\t\t<div id=\"accordion-4035399325-content\" class=\"accordion-inner\" aria-labelledby=\"accordion-4035399325-label\">\n\t\t\t\n\n<p>Kyll\u00e4, me Natural Polandissa arvostamme asiakkaidemme uskollisuutta ja arvostamme suuria tilauksia. Vakioasiakkaille ja suuremmista tilauksista voimme tarjota houkuttelevia alennuksia. <\/p>\n<p><dok warunki=\"\" rabat=\"\" ustalane=\"\" s=\"\" indywidualnie=\"\" w=\"\" zale=\"\" od=\"\" charakteru=\"\" zam=\"\" i=\"\" historii=\"\" wsp=\"\" z=\"\" klientem.=\"\">\n\n<\/dok><\/p>\n\n\t\t<\/div>\n\t<\/div>\n\t\n\t<div id=\"accordion-2554035805\" class=\"accordion-item\">\n\t\t<a id=\"accordion-2554035805-label\" class=\"accordion-title plain\" href=\"#accordion-item-voinko-saada-natural-poland--tuotteiden-hinnaston?\" aria-expanded=\"false\" aria-controls=\"accordion-2554035805-content\">\n\t\t\t<button class=\"toggle\" aria-label=\"Toggle\"><i class=\"icon-angle-down\" aria-hidden=\"true\"><\/i><\/button>\n\t\t\t<span>Voinko saada Natural Poland -tuotteiden hinnaston?<\/span>\n\t\t<\/a>\n\t\t<div id=\"accordion-2554035805-content\" class=\"accordion-inner\" aria-labelledby=\"accordion-2554035805-label\">\n\t\t\t\n\n<p>Elintarvike- ja kosmetiikan raaka-ainemarkkinoiden dynaamisen luonteen vuoksi emme pid\u00e4 yll\u00e4 kiinte\u00e4\u00e4 hinnastoa. <a href=\"https:\/\/naturalpoland.com\/fi\/tuotteet\/\">Tuotteidemme<\/a> hinnat riippuvat useista tekij\u00f6ist\u00e4, kuten nykyisist\u00e4 tuotantohinnoista, valuuttakursseista, kuljetuskustannuksista ja muista tekij\u00f6ist\u00e4, jotka voivat muuttua jatkuvasti. <\/p>\n<p>Kun saamme tarjouspyynt\u00f6si, otamme suoraan yhteytt\u00e4 kumppaneihin saadaksemme ajantasaisimmat hinnat. T\u00e4m\u00e4n j\u00e4lkeen laadimme sinulle r\u00e4\u00e4t\u00e4l\u00f6idyn tarjouksen, jossa otetaan huomioon n\u00e4m\u00e4 ajantasaisimmat tiedot. <\/p>\n\n\t\t<\/div>\n\t<\/div>\n\t\n\t<div id=\"accordion-1530933236\" class=\"accordion-item\">\n\t\t<a id=\"accordion-1530933236-label\" class=\"accordion-title plain\" href=\"#accordion-item-onko-teill\u00e4-mahdollisuus-tilata-n\u00e4ytteit\u00e4-ennen-tilauksen-tekemist\u00e4?\" aria-expanded=\"false\" aria-controls=\"accordion-1530933236-content\">\n\t\t\t<button class=\"toggle\" aria-label=\"Toggle\"><i class=\"icon-angle-down\" aria-hidden=\"true\"><\/i><\/button>\n\t\t\t<span>Onko teill\u00e4 mahdollisuus tilata n\u00e4ytteit\u00e4 ennen tilauksen tekemist\u00e4?<\/span>\n\t\t<\/a>\n\t\t<div id=\"accordion-1530933236-content\" class=\"accordion-inner\" aria-labelledby=\"accordion-1530933236-label\">\n\t\t\t\n\n<p>Kyll\u00e4, ymm\u00e4rr\u00e4mme, ett\u00e4 n\u00e4ytteet voivat olla tarpeen tuotteidemme laadun arvioimiseksi ennen suuremman tilauksen tekemist\u00e4. Siksi tarjoamme mahdollisuuden tilata n\u00e4ytteit\u00e4 useimmista elintarvike- ja kosmetiikkaraaka-aineistamme. <\/p>\n<p>N\u00e4ytteiden hinta ja saatavuus voivat riippua yksitt\u00e4isest\u00e4 tuotteesta. Joissain tapauksissa voimme tarjota n\u00e4ytteit\u00e4 ilmaiseksi, kun taas toisissa tapauksissa niist\u00e4 voidaan peri\u00e4 pieni maksu. Yksityiskohdista voidaan sopia ottamalla yhteytt\u00e4 myyntiosastoomme.  <\/p>\n\n\t\t<\/div>\n\t<\/div>\n\t\n\t<div id=\"accordion-3710160075\" class=\"accordion-item\">\n\t\t<a id=\"accordion-3710160075-label\" class=\"accordion-title plain\" href=\"#accordion-item-tarjoatteko-luonnonmukaisia\/biologisia\/luomuraaka-aineita?\" aria-expanded=\"false\" aria-controls=\"accordion-3710160075-content\">\n\t\t\t<button class=\"toggle\" aria-label=\"Toggle\"><i class=\"icon-angle-down\" aria-hidden=\"true\"><\/i><\/button>\n\t\t\t<span>Tarjoatteko luonnonmukaisia\/biologisia\/luomuraaka-aineita?<\/span>\n\t\t<\/a>\n\t\t<div id=\"accordion-3710160075-content\" class=\"accordion-inner\" aria-labelledby=\"accordion-3710160075-label\">\n\t\t\t\n\n<p>Kyll\u00e4, <strong>Natural Poland on ECO-sertifioitu<\/strong>, joten voimme tarjota luonnonmukaisia, bio- ja ekologisia raaka-aineita, jotka t\u00e4ytt\u00e4v\u00e4t korkeimmat laatuvaatimukset. Tuotteemme hankitaan luotettavilta toimittajilta, ja ne voidaan sertifioida luonnonmukaisiksi tai ekologisiksi. <\/p>\n<p>Jos etsit sertifioituja raaka-aineita, kuten <em>EU:n luomu-<\/em> tai <em>USDA:n luomutuotteita<\/em>, ota yhteytt\u00e4 myyntiosastoomme. Laadimme mielell\u00e4mme tarpeisiisi r\u00e4\u00e4t\u00e4l\u00f6idyn tarjouksen ja n\u00e4yt\u00e4mme, mitk\u00e4 tuotteet t\u00e4ytt\u00e4v\u00e4t erityisvaatimuksesi. <\/p>\n\n\n\t\t<\/div>\n\t<\/div>\n\t\n\t<div id=\"accordion-3257307532\" class=\"accordion-item\">\n\t\t<a id=\"accordion-3257307532-label\" class=\"accordion-title plain\" href=\"#accordion-item-miten-toimitaan,-jos-paketti-on-vahingoittunut?\" aria-expanded=\"false\" aria-controls=\"accordion-3257307532-content\">\n\t\t\t<button class=\"toggle\" aria-label=\"Toggle\"><i class=\"icon-angle-down\" aria-hidden=\"true\"><\/i><\/button>\n\t\t\t<span>Miten toimitaan, jos paketti on vahingoittunut?<\/span>\n\t\t<\/a>\n\t\t<div id=\"accordion-3257307532-content\" class=\"accordion-inner\" aria-labelledby=\"accordion-3257307532-label\">\n\t\t\t\n\n<p>Jos olet saanut paketin, jossa on vaurioituneita tavaroita, toimi alla olevien ohjeiden mukaisesti:<\/p>\n<ol>\n<li>  Ota valokuvia vahingoittuneista tavaroista ja pakkauksesta, jossa ne on toimitettu. T\u00e4m\u00e4 auttaa meit\u00e4 ymm\u00e4rt\u00e4m\u00e4\u00e4n, mik\u00e4 meni pieleen ja miten voimme v\u00e4ltt\u00e4\u00e4 vastaavat tilanteet tulevaisuudessa. <\/li>\n<li>Ota yhteytt\u00e4 tilauksen vastaanottajaan tai asiakaspalveluun mahdollisimman pian sen j\u00e4lkeen, kun olet vastaanottanut vahingoittuneen l\u00e4hetyksen. Ilmoita meille ongelmasta ja liit\u00e4 mukaan valokuvia. <\/li>\n<li>Kun olemme saaneet edell\u00e4 mainitut tiedot, henkil\u00f6kuntamme ottaa sinuun yhteytt\u00e4 keskustellakseen mahdollisista ratkaisuista.<\/li>\n<\/ol>\n\n\t\t<\/div>\n\t<\/div>\n\t\n\t<div id=\"accordion-3886722616\" class=\"accordion-item\">\n\t\t<a id=\"accordion-3886722616-label\" class=\"accordion-title plain\" href=\"#accordion-item-tarjoatteko-neuvontaa-tai-koulutusta-tarjoamienne-raaka-aineiden-k\u00e4yt\u00f6st\u00e4?\" aria-expanded=\"false\" aria-controls=\"accordion-3886722616-content\">\n\t\t\t<button class=\"toggle\" aria-label=\"Toggle\"><i class=\"icon-angle-down\" aria-hidden=\"true\"><\/i><\/button>\n\t\t\t<span>Tarjoatteko neuvontaa tai koulutusta tarjoamienne raaka-aineiden k\u00e4yt\u00f6st\u00e4?<\/span>\n\t\t<\/a>\n\t\t<div id=\"accordion-3886722616-content\" class=\"accordion-inner\" aria-labelledby=\"accordion-3886722616-label\">\n\t\t\t\n\n<p>Yrityksess\u00e4mme keskitymme tarjoamaan korkealaatuisia elintarvike- ja kosmetiikkaraaka-aineita. Ymm\u00e4rr\u00e4mme, ett\u00e4 konsultointi ja koulutus voivat olla t\u00e4rkeit\u00e4 joillekin asiakkaille, mutta emme pysty tarjoamaan t\u00e4llaisia palveluja. <\/p>\n<p>Emme ole tuotteiden lopputuottajia, joten emme voi vaikuttaa siihen, miten asiakkaamme k\u00e4ytt\u00e4v\u00e4t meilt\u00e4 ostettuja raaka-aineita, emmek\u00e4 voi antaa neuvoja t\u00e4ss\u00e4 asiassa. Teht\u00e4v\u00e4mme on varmistaa, ett\u00e4 toimittamamme aineet ovat turvallisia, aitoja ja t\u00e4ytt\u00e4v\u00e4t korkeimmat laatuvaatimukset. <\/p>\n<p>Kehotamme asiakkaitamme tutustumaan asiaankuuluviin tietol\u00e4hteisiin tai k\u00e4\u00e4ntym\u00e4\u00e4n oman alansa asiantuntijoiden puoleen saadakseen asianmukaisia neuvoja tuotteidemme k\u00e4yt\u00f6st\u00e4. Jos sinulla on kysytt\u00e4v\u00e4\u00e4 tarjoamiemme raaka-aineiden ominaisuuksista, ota yhteytt\u00e4 myyntiosastoomme. <\/p>\n\n\t\t<\/div>\n\t<\/div>\n\t\n\t<div id=\"accordion-1414604156\" class=\"accordion-item\">\n\t\t<a id=\"accordion-1414604156-label\" class=\"accordion-title plain\" href=\"#accordion-item-tarjoatteko-mahdollisuutta-yksil\u00f6llist\u00e4\u00e4-tilauksenne-(esim.-pakkaukset,-etiketit)?\" aria-expanded=\"false\" aria-controls=\"accordion-1414604156-content\">\n\t\t\t<button class=\"toggle\" aria-label=\"Toggle\"><i class=\"icon-angle-down\" aria-hidden=\"true\"><\/i><\/button>\n\t\t\t<span>Tarjoatteko mahdollisuutta yksil\u00f6llist\u00e4\u00e4 tilauksenne (esim. pakkaukset, etiketit)?<\/span>\n\t\t<\/a>\n\t\t<div id=\"accordion-1414604156-content\" class=\"accordion-inner\" aria-labelledby=\"accordion-1414604156-label\">\n\t\t\t\n\n<p>Ymm\u00e4rr\u00e4mme, ett\u00e4 joillakin asiakkailla voi olla erityisi\u00e4 pakkaus- tai tuotemerkint\u00e4vaatimuksia. Vaikka p\u00e4\u00e4painopisteemme on korkealaatuisten elintarvike- ja kosmetiikkaraaka-aineiden toimittaminen, voimme ottaa huomioon joitakin yksil\u00f6llisen suunnittelun muotoja. <\/p>\n<p>Henkil\u00f6kohtaistamisvaihtoehdot riippuvat yksil\u00f6llisist\u00e4 vaatimuksistasi. Kun olemme selvitt\u00e4neet tarpeesi, voimme arvioida kyky\u00e4mme vastata niihin ja esitt\u00e4\u00e4 sinulle vaihtoehtoja harkittavaksi. <\/p>\n\n\t\t<\/div>\n\t<\/div>\n\t\n\t<div id=\"accordion-4105642220\" class=\"accordion-item\">\n\t\t<a id=\"accordion-4105642220-label\" class=\"accordion-title plain\" href=\"#accordion-item-oletko-valmis-pitk\u00e4aikaisiin-sopimuksiin?\" aria-expanded=\"false\" aria-controls=\"accordion-4105642220-content\">\n\t\t\t<button class=\"toggle\" aria-label=\"Toggle\"><i class=\"icon-angle-down\" aria-hidden=\"true\"><\/i><\/button>\n\t\t\t<span>Oletko valmis pitk\u00e4aikaisiin sopimuksiin?<\/span>\n\t\t<\/a>\n\t\t<div id=\"accordion-4105642220-content\" class=\"accordion-inner\" aria-labelledby=\"accordion-4105642220-label\">\n\t\t\t\n\n<p>Kyll\u00e4, olemme ehdottomasti avoimia pitk\u00e4aikaisille sopimuksille. Itse asiassa pitk\u00e4aikaiset sopimukset ovat usein hy\u00f6dyllisi\u00e4 sek\u00e4 meille ett\u00e4 asiakkaillemme, koska ne auttavat varmistamaan hintavakauden ja tuotteiden saatavuuden. <\/p>\n<p>Laadimme toimitussopimukset yksil\u00f6llisesti ja r\u00e4\u00e4t\u00e4l\u00f6imme ne kunkin asiakkaan erityistarpeiden mukaan, mukaan lukien m\u00e4\u00e4r\u00e4t, toimitustiheys, maksuehdot jne. Olemme joustavia ja valmiita mukautumaan liiketoimintasi tarpeisiin. <\/p>\n<p>Jos olet kiinnostunut pitk\u00e4aikaisesta sopimuksesta, ota yhteytt\u00e4 myyntiosastoomme. Voit kirjoittaa meille osoitteeseen kontakt@naturalpoland.com tai soittaa numeroon +48 22 112 10 97, niin keskustelemme mielell\u00e4mme yksityiskohdista kanssasi.  <\/p>\n\n\t\t<\/div>\n\t<\/div>\n\t\n\t<div id=\"accordion-2293090504\" class=\"accordion-item\">\n\t\t<a id=\"accordion-2293090504-label\" class=\"accordion-title plain\" href=\"#accordion-item-kuinka-kauan-toimitus-kest\u00e4\u00e4?\" aria-expanded=\"false\" aria-controls=\"accordion-2293090504-content\">\n\t\t\t<button class=\"toggle\" aria-label=\"Toggle\"><i class=\"icon-angle-down\" aria-hidden=\"true\"><\/i><\/button>\n\t\t\t<span>Kuinka kauan toimitus kest\u00e4\u00e4?<\/span>\n\t\t<\/a>\n\t\t<div id=\"accordion-2293090504-content\" class=\"accordion-inner\" aria-labelledby=\"accordion-2293090504-label\">\n\t\t\t\n\n<p>Tilauksen toimitusaika vaihtelee ja riippuu useista tekij\u00f6ist\u00e4, kuten tavaroiden saatavuudesta, tilauksen koosta, tilattujen tavaroiden valikoimasta, toimituspaikasta ja toimitustavasta.  <\/p>\n<p>Edell\u00e4 mainituista syist\u00e4 tarkka toimitusaika vahvistetaan aina erikseen kunkin tilauksen osalta. Voitte olla varmoja, ett\u00e4 teemme kaikkemme, jotta tilauksenne saapuu teille mahdollisimman nopeasti. <\/p>\n\n\t\t<\/div>\n\t<\/div>\n\t\n\t<div id=\"accordion-2515568009\" class=\"accordion-item\">\n\t\t<a id=\"accordion-2515568009-label\" class=\"accordion-title plain\" href=\"#accordion-item-mihin-maihin-natural-poland-l\u00e4hett\u00e4\u00e4-tuotteita?\" aria-expanded=\"false\" aria-controls=\"accordion-2515568009-content\">\n\t\t\t<button class=\"toggle\" aria-label=\"Toggle\"><i class=\"icon-angle-down\" aria-hidden=\"true\"><\/i><\/button>\n\t\t\t<span>Mihin maihin Natural Poland l\u00e4hett\u00e4\u00e4 tuotteita?<\/span>\n\t\t<\/a>\n\t\t<div id=\"accordion-2515568009-content\" class=\"accordion-inner\" aria-labelledby=\"accordion-2515568009-label\">\n\t\t\t\n\n<p>Toimitamme tuotteitamme asiakkaillemme ymp\u00e4ri maailmaa. Olitpa sitten Puolassa, Euroopassa, Pohjois-Amerikassa, Etel\u00e4-Amerikassa, Aasiassa, Australiassa tai Afrikassa, pystymme toimittamaan sinulle elintarvike- ja kosmetiikkaraaka-aineitamme. <\/p>\n<p>Huomioithan kuitenkin kansainv\u00e4listen tilausten osalta, ett\u00e4 toimitusajat ja toimituskulut voivat vaihdella kohdemaasta riippuen. Lis\u00e4ksi jotkin maat saattavat vaatia tietyille tuotteille ylim\u00e4\u00e4r\u00e4isi\u00e4 tulliasiakirjoja tai todistuksia, mik\u00e4 saattaa pident\u00e4\u00e4 tilauksesi k\u00e4sittelyaikaa. <\/p>\n\n\t\t<\/div>\n\t<\/div>\n\t\n\n<\/div>\n\t<div id=\"gap-632338786\" class=\"gap-element clearfix\" style=\"display:block; height:auto;\">\n\t\t\n<style>\n#gap-632338786 {\n  padding-top: 50px;\n}\n<\/style>\n\t<\/div>\n\t\n\n<h2 class=\"uppercase\">Etk\u00f6 l\u00f6yt\u00e4nyt vastausta kysymykseesi?<\/h2>\n<h3 class=\"thin-font\">K\u00e4yt\u00e4 alla olevaa lomaketta, niin otamme sinuun yhteytt\u00e4:<\/h3>\n\t<div id=\"gap-632306092\" class=\"gap-element clearfix\" style=\"display:block; height:auto;\">\n\t\t\n<style>\n#gap-632306092 {\n  padding-top: 40px;\n}\n<\/style>\n\t<\/div>\n\t\n\n\n\n<div class=\"pipedriveWebForms\" data-pd-webforms=\"https:\/\/webforms.pipedrive.com\/f\/cei6H4wPMKzb0zPF2rpwzijd79R85LuAHOXrmnsJcbNRs17c6eJENvE0TOQtxXT6SL\"><script src=\"https:\/\/webforms.pipedrive.com\/f\/loader\"><\/script><\/div>\n\n\n","protected":false},"excerpt":{"rendered":"","protected":false},"author":1,"featured_media":0,"parent":0,"menu_order":0,"comment_status":"closed","ping_status":"closed","template":"","meta":{"_acf_changed":false,"footnotes":""},"class_list":["post-38757","page","type-page","status-publish","hentry"],"acf":[],"yoast_head":"<!-- This site is optimized with the Yoast SEO plugin v27.4 - https:\/\/yoast.com\/product\/yoast-seo-wordpress\/ -->\n<title>FAQ - NATURAL POLAND - RAAKA-AINEIDEN TUKKUJAKELIJA<\/title>\n<meta name=\"robots\" content=\"index, follow, max-snippet:-1, max-image-preview:large, max-video-preview:-1\" \/>\n<link rel=\"canonical\" href=\"https:\/\/naturalpoland.com\/fi\/faq\/\" \/>\n<meta property=\"og:locale\" content=\"fi_FI\" \/>\n<meta property=\"og:type\" content=\"article\" \/>\n<meta property=\"og:title\" content=\"FAQ - NATURAL POLAND - RAAKA-AINEIDEN TUKKUJAKELIJA\" \/>\n<meta property=\"og:url\" content=\"https:\/\/naturalpoland.com\/fi\/faq\/\" \/>\n<meta property=\"og:site_name\" content=\"NATURAL POLAND - RAAKA-AINEIDEN TUKKUJAKELIJA\" \/>\n<meta property=\"article:publisher\" content=\"https:\/\/www.facebook.com\/naturalpoland.b2b\" \/>\n<meta property=\"article:modified_time\" content=\"2025-01-16T12:41:16+00:00\" \/>\n<meta property=\"og:image\" content=\"https:\/\/naturalpoland.com\/wp-content\/uploads\/2021\/05\/natural-poland-icon.png\" \/>\n\t<meta property=\"og:image:width\" content=\"512\" \/>\n\t<meta property=\"og:image:height\" content=\"512\" \/>\n\t<meta property=\"og:image:type\" content=\"image\/png\" \/>\n<script type=\"application\/ld+json\" class=\"yoast-schema-graph\">{\"@context\":\"https:\\\/\\\/schema.org\",\"@graph\":[{\"@type\":\"WebPage\",\"@id\":\"https:\\\/\\\/naturalpoland.com\\\/fi\\\/faq\\\/\",\"url\":\"https:\\\/\\\/naturalpoland.com\\\/fi\\\/faq\\\/\",\"name\":\"FAQ - NATURAL POLAND - RAAKA-AINEIDEN TUKKUJAKELIJA\",\"isPartOf\":{\"@id\":\"https:\\\/\\\/naturalpoland.com\\\/fi\\\/#website\"},\"datePublished\":\"2025-01-16T12:32:15+00:00\",\"dateModified\":\"2025-01-16T12:41:16+00:00\",\"breadcrumb\":{\"@id\":\"https:\\\/\\\/naturalpoland.com\\\/fi\\\/faq\\\/#breadcrumb\"},\"inLanguage\":\"fi\",\"potentialAction\":[{\"@type\":\"ReadAction\",\"target\":[\"https:\\\/\\\/naturalpoland.com\\\/fi\\\/faq\\\/\"]}]},{\"@type\":\"BreadcrumbList\",\"@id\":\"https:\\\/\\\/naturalpoland.com\\\/fi\\\/faq\\\/#breadcrumb\",\"itemListElement\":[{\"@type\":\"ListItem\",\"position\":1,\"name\":\"Etusivu\",\"item\":\"https:\\\/\\\/naturalpoland.com\\\/fi\\\/\"},{\"@type\":\"ListItem\",\"position\":2,\"name\":\"FAQ\"}]},{\"@type\":\"WebSite\",\"@id\":\"https:\\\/\\\/naturalpoland.com\\\/fi\\\/#website\",\"url\":\"https:\\\/\\\/naturalpoland.com\\\/fi\\\/\",\"name\":\"NATURAL POLAND - RAAKA-AINEIDEN TUKKUJAKELIJA\",\"description\":\"Surowce dla przemys\u0142u spo\u017cywczego, kosmetycznego i farmaceutycznego\",\"publisher\":{\"@id\":\"https:\\\/\\\/naturalpoland.com\\\/fi\\\/#organization\"},\"potentialAction\":[{\"@type\":\"SearchAction\",\"target\":{\"@type\":\"EntryPoint\",\"urlTemplate\":\"https:\\\/\\\/naturalpoland.com\\\/fi\\\/?s={search_term_string}\"},\"query-input\":{\"@type\":\"PropertyValueSpecification\",\"valueRequired\":true,\"valueName\":\"search_term_string\"}}],\"inLanguage\":\"fi\"},{\"@type\":\"Organization\",\"@id\":\"https:\\\/\\\/naturalpoland.com\\\/fi\\\/#organization\",\"name\":\"Natural Poland\",\"url\":\"https:\\\/\\\/naturalpoland.com\\\/fi\\\/\",\"logo\":{\"@type\":\"ImageObject\",\"inLanguage\":\"fi\",\"@id\":\"https:\\\/\\\/naturalpoland.com\\\/fi\\\/#\\\/schema\\\/logo\\\/image\\\/\",\"url\":\"https:\\\/\\\/naturalpoland.com\\\/wp-content\\\/uploads\\\/2021\\\/05\\\/natural-poland-icon.png\",\"contentUrl\":\"https:\\\/\\\/naturalpoland.com\\\/wp-content\\\/uploads\\\/2021\\\/05\\\/natural-poland-icon.png\",\"width\":512,\"height\":512,\"caption\":\"Natural Poland\"},\"image\":{\"@id\":\"https:\\\/\\\/naturalpoland.com\\\/fi\\\/#\\\/schema\\\/logo\\\/image\\\/\"},\"sameAs\":[\"https:\\\/\\\/www.facebook.com\\\/naturalpoland.b2b\",\"https:\\\/\\\/pl.linkedin.com\\\/company\\\/natural-poland\",\"https:\\\/\\\/www.youtube.com\\\/channel\\\/UCgeGGkvOMahZo-xu_MSEWxg\"]}]}<\/script>\n<!-- \/ Yoast SEO plugin. -->","yoast_head_json":{"title":"FAQ - NATURAL POLAND - RAAKA-AINEIDEN TUKKUJAKELIJA","robots":{"index":"index","follow":"follow","max-snippet":"max-snippet:-1","max-image-preview":"max-image-preview:large","max-video-preview":"max-video-preview:-1"},"canonical":"https:\/\/naturalpoland.com\/fi\/faq\/","og_locale":"fi_FI","og_type":"article","og_title":"FAQ - NATURAL POLAND - RAAKA-AINEIDEN TUKKUJAKELIJA","og_url":"https:\/\/naturalpoland.com\/fi\/faq\/","og_site_name":"NATURAL POLAND - RAAKA-AINEIDEN TUKKUJAKELIJA","article_publisher":"https:\/\/www.facebook.com\/naturalpoland.b2b","article_modified_time":"2025-01-16T12:41:16+00:00","og_image":[{"width":512,"height":512,"url":"https:\/\/naturalpoland.com\/wp-content\/uploads\/2021\/05\/natural-poland-icon.png","type":"image\/png"}],"schema":{"@context":"https:\/\/schema.org","@graph":[{"@type":"WebPage","@id":"https:\/\/naturalpoland.com\/fi\/faq\/","url":"https:\/\/naturalpoland.com\/fi\/faq\/","name":"FAQ - NATURAL POLAND - RAAKA-AINEIDEN TUKKUJAKELIJA","isPartOf":{"@id":"https:\/\/naturalpoland.com\/fi\/#website"},"datePublished":"2025-01-16T12:32:15+00:00","dateModified":"2025-01-16T12:41:16+00:00","breadcrumb":{"@id":"https:\/\/naturalpoland.com\/fi\/faq\/#breadcrumb"},"inLanguage":"fi","potentialAction":[{"@type":"ReadAction","target":["https:\/\/naturalpoland.com\/fi\/faq\/"]}]},{"@type":"BreadcrumbList","@id":"https:\/\/naturalpoland.com\/fi\/faq\/#breadcrumb","itemListElement":[{"@type":"ListItem","position":1,"name":"Etusivu","item":"https:\/\/naturalpoland.com\/fi\/"},{"@type":"ListItem","position":2,"name":"FAQ"}]},{"@type":"WebSite","@id":"https:\/\/naturalpoland.com\/fi\/#website","url":"https:\/\/naturalpoland.com\/fi\/","name":"NATURAL POLAND - RAAKA-AINEIDEN TUKKUJAKELIJA","description":"Surowce dla przemys\u0142u spo\u017cywczego, kosmetycznego i farmaceutycznego","publisher":{"@id":"https:\/\/naturalpoland.com\/fi\/#organization"},"potentialAction":[{"@type":"SearchAction","target":{"@type":"EntryPoint","urlTemplate":"https:\/\/naturalpoland.com\/fi\/?s={search_term_string}"},"query-input":{"@type":"PropertyValueSpecification","valueRequired":true,"valueName":"search_term_string"}}],"inLanguage":"fi"},{"@type":"Organization","@id":"https:\/\/naturalpoland.com\/fi\/#organization","name":"Natural Poland","url":"https:\/\/naturalpoland.com\/fi\/","logo":{"@type":"ImageObject","inLanguage":"fi","@id":"https:\/\/naturalpoland.com\/fi\/#\/schema\/logo\/image\/","url":"https:\/\/naturalpoland.com\/wp-content\/uploads\/2021\/05\/natural-poland-icon.png","contentUrl":"https:\/\/naturalpoland.com\/wp-content\/uploads\/2021\/05\/natural-poland-icon.png","width":512,"height":512,"caption":"Natural Poland"},"image":{"@id":"https:\/\/naturalpoland.com\/fi\/#\/schema\/logo\/image\/"},"sameAs":["https:\/\/www.facebook.com\/naturalpoland.b2b","https:\/\/pl.linkedin.com\/company\/natural-poland","https:\/\/www.youtube.com\/channel\/UCgeGGkvOMahZo-xu_MSEWxg"]}]}},"_links":{"self":[{"href":"https:\/\/naturalpoland.com\/fi\/wp-json\/wp\/v2\/pages\/38757","targetHints":{"allow":["GET"]}}],"collection":[{"href":"https:\/\/naturalpoland.com\/fi\/wp-json\/wp\/v2\/pages"}],"about":[{"href":"https:\/\/naturalpoland.com\/fi\/wp-json\/wp\/v2\/types\/page"}],"author":[{"embeddable":true,"href":"https:\/\/naturalpoland.com\/fi\/wp-json\/wp\/v2\/users\/1"}],"replies":[{"embeddable":true,"href":"https:\/\/naturalpoland.com\/fi\/wp-json\/wp\/v2\/comments?post=38757"}],"version-history":[{"count":0,"href":"https:\/\/naturalpoland.com\/fi\/wp-json\/wp\/v2\/pages\/38757\/revisions"}],"wp:attachment":[{"href":"https:\/\/naturalpoland.com\/fi\/wp-json\/wp\/v2\/media?parent=38757"}],"curies":[{"name":"wp","href":"https:\/\/api.w.org\/{rel}","templated":true}]}}