{"id":4929,"date":"2021-07-09T16:49:48","date_gmt":"2021-07-09T14:49:48","guid":{"rendered":"https:\/\/naturalpoland.pl\/tietoa-meista\/"},"modified":"2025-11-03T12:22:16","modified_gmt":"2025-11-03T11:22:16","slug":"tietoa-meista","status":"publish","type":"page","link":"https:\/\/naturalpoland.com\/fi\/tietoa-meista\/","title":{"rendered":"Meist\u00e4"},"content":{"rendered":"\n\n  <div class=\"banner has-hover\" id=\"banner-1244662310\">\n          <div class=\"banner-inner fill\">\n        <div class=\"banner-bg fill\" >\n            <img decoding=\"async\" width=\"1020\" height=\"680\" src=\"https:\/\/naturalpoland.com\/wp-content\/uploads\/2011\/07\/Fotolia_84309657_Subscription_Monthly_M_shadow.jpg\" class=\"bg attachment-large size-large\" alt=\"\" \/>                        <div class=\"overlay\"><\/div>            \n                    <\/div>\n\t\t\n        <div class=\"banner-layers container\">\n            <div class=\"fill banner-link\"><\/div>            \n\n   <div id=\"text-box-1173600522\" class=\"text-box banner-layer x50 md-x50 lg-x50 y50 md-y50 lg-y50 res-text\">\n                                <div class=\"text-box-content text dark\">\n              \n              <div class=\"text-inner text-center\">\n                  \n\n<h1 class=\"uppercase\">meist\u00e4<\/h1>\n\n              <\/div>\n           <\/div>\n                            \n<style>\n#text-box-1173600522 {\n  width: 60%;\n}\n#text-box-1173600522 .text-box-content {\n  font-size: 100%;\n}\n@media (min-width:550px) {\n  #text-box-1173600522 {\n    width: 60%;\n  }\n}\n<\/style>\n    <\/div>\n \n\n        <\/div>\n      <\/div>\n\n            \n<style>\n#banner-1244662310 {\n  padding-top: 350px;\n}\n#banner-1244662310 .overlay {\n  background-color: rgba(0,0,0,.5);\n}\n#banner-1244662310 .banner-bg img {\n  object-position: 77% 24%;\n}\n<\/style>\n  <\/div>\n\n\n\n\t<section class=\"section\" id=\"section_1380932814\">\n\t\t<div class=\"section-bg fill\" >\n\t\t\t\t\t\t\t\t\t\n\t\t\t\n\n\t\t<\/div>\n\n\t\t\n\n\t\t<div class=\"section-content relative\">\n\t\t\t\n\n\t<div id=\"gap-1049466557\" class=\"gap-element clearfix\" style=\"display:block; height:auto;\">\n\t\t\n<style>\n#gap-1049466557 {\n  padding-top: 40px;\n}\n<\/style>\n\t<\/div>\n\t\n\n<div class=\"row align-center\"  id=\"row-322699607\">\n\n\n\t<div id=\"col-1545435983\" class=\"col medium-4 small-10 large-4\"  >\n\t\t\t\t<div class=\"col-inner\"  >\n\t\t\t\n\t\t\t\n\n\t<div id=\"text-336334897\" class=\"text\">\n\t\t\n\n<h2 class=\"uppercase\"><span style=\"font-size: 150%;\">Natural Poland<\/h2>\n<p>STRZELCZYK SP. Z O.O. <\/p>\n<p><\/span><\/p>\n\t\t\n<style>\n#text-336334897 {\n  color: rgb(0,0,0);\n}\n#text-336334897 > * {\n  color: rgb(0,0,0);\n}\n<\/style>\n\t<\/div>\n\t\n<a href=\"https:\/\/naturalpoland.com\/fi\/ota-yhteytta\/\" class=\"button primary is-link\" >\n\t\t<span>Tervetuloa yhteisty\u00f6h\u00f6n<\/span>\n\t<i class=\"icon-angle-right\" aria-hidden=\"true\"><\/i><\/a>\n\n\n\t<div id=\"gap-526587520\" class=\"gap-element clearfix\" style=\"display:block; height:auto;\">\n\t\t\n<style>\n#gap-526587520 {\n  padding-top: 100px;\n}\n<\/style>\n\t<\/div>\n\t\n\n<h3><strong>Laatu etusijalla<\/strong><\/h3>\n<p>Laatu on toimintamme perusta, mink\u00e4 vahvistaa <strong>ISO 9001:2015 -sertifikaatti<\/strong>, joka takaa laatuj\u00e4rjestelm\u00e4mme noudattavan korkeimpia kansainv\u00e4lisi\u00e4 standardeja.<\/p>\n<p>\n    <img decoding=\"async\" src=\"\/wp-content\/uploads\/iso-209x300.png\" alt=\"WAT:n laatusertifiointikeskuksen merkki Strzelczyk Sp. z o.o.:lle\" width=\"150\" height=\"230\" style=\"margin: 3px;\">   <a href=\"\/wp-content\/uploads\/certyfikat-iso-strzelczyk.jpg\" target=\"_blank\"> <img decoding=\"async\" src=\"\/wp-content\/uploads\/certyfikat-iso-strzelczyk.jpg\" width=\"150\" style=\"margin: 3px;\"><\/a>\n<\/p>\n\n\t<div id=\"gap-2091243770\" class=\"gap-element clearfix\" style=\"display:block; height:auto;\">\n\t\t\n<style>\n#gap-2091243770 {\n  padding-top: 50px;\n}\n<\/style>\n\t<\/div>\n\t\n\n<h3><strong>EKO-sertifikaatti<\/strong><\/h3>\n<p>Lis\u00e4ksi meill\u00e4 on <strong>EKO-sertifikaatti<\/strong>, joka kattaa luonnonmukaisten raaka-aineiden jakelun, varastoinnin, tuonnin ja viennin. N\u00e4m\u00e4 tunnustukset ovat osoitus sitoutumisestamme toimittamaan korkealaatuisia tuotteita, jotka vastaavat markkinoiden vaatimuksia ja ymp\u00e4rist\u00f6n\u00e4k\u00f6kulmia. <\/p>\n\t<div class=\"img has-hover x md-x lg-x y md-y lg-y\" id=\"image_779402762\">\n\t\t\t\t\t\t\t\t<div class=\"img-inner dark\" >\n\t\t\t<img decoding=\"async\" width=\"543\" height=\"533\" src=\"https:\/\/naturalpoland.com\/wp-content\/uploads\/eko.jpg\" class=\"attachment-large size-large\" alt=\"certyfikat eko\" srcset=\"https:\/\/naturalpoland.com\/wp-content\/uploads\/eko.jpg 543w, https:\/\/naturalpoland.com\/wp-content\/uploads\/eko-300x294.jpg 300w, https:\/\/naturalpoland.com\/wp-content\/uploads\/eko-510x501.jpg 510w\" sizes=\"(max-width: 543px) 100vw, 543px\" \/>\t\t\t\t\t\t\n\t\t\t\t\t<\/div>\n\t\t\t\t\t\t\t\t\n<style>\n#image_779402762 {\n  width: 100%;\n}\n<\/style>\n\t<\/div>\n\t\n\n<p><strong>Olemme erikoistuneet aktiivisten aineiden, kemiallisten raaka-aineiden ja funktionaalisten lis\u00e4aineiden kauppaan.<\/strong>  Tuotteitamme k\u00e4ytet\u00e4\u00e4n elintarvike-, l\u00e4\u00e4ke- ja kosmetiikkateollisuudessa.  <\/p>\n<p>Asiakkaidemme luottamus ja markkinoiden tunnustus ovat meille ensisijaisia. Kiit\u00e4mme teit\u00e4 yrityksemme valinnasta ja vakuutamme, ett\u00e4 meill\u00e4 laatu kulkee k\u00e4si k\u00e4dess\u00e4 ammattitaidon kanssa. <\/p>\n\n\t\t<\/div>\n\t\t\t\t\t<\/div>\n\n\t\n\n\t<div id=\"col-578449777\" class=\"col medium-8 small-10 large-8\"  >\n\t\t\t\t<div class=\"col-inner\"  >\n\t\t\t\n\t\t\t\n\n\t<div id=\"text-762830103\" class=\"text\">\n\t\t\n\n<p><strong>Natural Poland on puolalainen yritys, joka on erikoistunut laajan valikoiman raaka-aineiden jakeluun elintarvike-, kosmetiikka- ja l\u00e4\u00e4keteollisuudelle<\/strong>. Korkealaatuisista ja innovatiivisista tuotteistaan tunnettu Natural Poland on vakiinnuttanut asemansa johtavana erikoistuneiden elintarvike-, kosmetiikka- ja l\u00e4\u00e4keraaka-aineiden jakelijana Euroopassa. <\/p>\n<h3>Historia<\/h3>\n<p><span style=\"font-weight: 400;\">Vuonna 1986 perustettu,  <strong><a href=\"https:\/\/www.strzelczyk.pl\">Kiinteist\u00f6nv\u00e4litystoimisto Strzelczyk Sp. z o.o. (ent. Bracia Strzelczyk Witold Strzelczyk) <\/a><\/strong>  Puolassa laajensi toimintaansa vuonna 2014, mik\u00e4 oli t\u00e4rke\u00e4 k\u00e4\u00e4nnekohta. T\u00e4m\u00e4 strateginen askel johti Natural Polandin syntyyn, uuden br\u00e4ndin, joka on sitoutunut korkealaatuisten kosmetiikka-, elintarvike- ja l\u00e4\u00e4keraaka-aineiden maailmanlaajuiseen kauppaan. Perustamisestaan l\u00e4htien Natural Poland, jota tukevat strategiset kumppanuudet johtavien valmistajien kanssa, on kasvanut vahvaksi toimijaksi raaka-ainemarkkinoilla.  <\/span><\/p>\n<h3>Tuotevalikoima<\/h3>\n<p><b>Yksi Natural Polandin tuotevalikoiman avainelementeist\u00e4 ovat luonnolliset <a href=\"https:\/\/naturalpoland.com\/en\/category\/food-and-cosmetic-oils\/\">kylm\u00e4puristetut kasvi\u00f6ljyt<\/a>, jotka ovat p\u00e4\u00e4osin per\u00e4isin Puolasta ja Ukrainasta.<\/b><span style=\"font-weight: 400;\">N\u00e4m\u00e4 \u00f6ljyt t\u00e4ytt\u00e4v\u00e4t tiukat eurooppalaiset normit ja standardit, mik\u00e4 takaa niiden laadun ja luotettavuuden. Kuitenkin   <\/span><b>yrityksen valikoima ulottuu \u00f6ljyjen ulkopuolelle ja sis\u00e4lt\u00e4\u00e4 monipuolisen valikoiman raaka-aineita, kuten uutteita, maseraatteja, hydrolaatteja, kosmeettisia savia, vahoja, kasvien kantasoluja, kosmeettisia puolivalmisteita ja paljon muuta.<\/b><\/p>\n<h3>Kansainv\u00e4linen toiminta:<\/h3>\n<p><strong>Yritys on rakentanut vahvan aseman globaaleilla markkinoilla, ja sen tuotteita jaellaan yli 20 Euroopan maahan sek\u00e4 Euroopan ulkopuolelle, kuten Kiinaan, Koreaan ja Yhdysvaltoihin. <\/strong>. Kansainv\u00e4lisen liiketoimintastrategiansa mukaisesti Natural Poland osallistuu aktiivisesti t\u00e4rkeimpiin messuihin, kuten SIAL, Food Taipei, Food Expo Hongkongissa ja Fi Europe -messuille, esitellen tuotteitaan ja luoden yhteyksi\u00e4 potentiaalisiin kumppaneihin.<br><br><\/p>\n<p><img decoding=\"async\" class=\"aligncenter wp-image-30769 \" src=\"https:\/\/naturalpoland.com\/wp-content\/uploads\/\/cosmoprof1-300x197.jpg\" alt=\"\" width=\"370\" height=\"243\" srcset=\"https:\/\/naturalpoland.com\/wp-content\/uploads\/cosmoprof1-300x197.jpg 300w, https:\/\/naturalpoland.com\/wp-content\/uploads\/cosmoprof1-1024x672.jpg 1024w, https:\/\/naturalpoland.com\/wp-content\/uploads\/cosmoprof1-768x504.jpg 768w, https:\/\/naturalpoland.com\/wp-content\/uploads\/cosmoprof1-510x335.jpg 510w, https:\/\/naturalpoland.com\/wp-content\/uploads\/cosmoprof1.jpg 1200w\" sizes=\"(max-width: 370px) 100vw, 370px\" \/><\/p>\n<p> <\/p>\n<p>Monikielisen henkil\u00f6st\u00f6n, joka hallitsee englannin, saksan, ranskan, puolan, ukrainan, ven\u00e4j\u00e4n ja kiinan kielet, ansiosta Natural Poland pystyy erinomaisesti luomaan kansainv\u00e4lisi\u00e4 yhteyksi\u00e4. Kiinan markkinoita varten yrityksell\u00e4 on mandariinia puhuvia ty\u00f6ntekij\u00f6it\u00e4 sek\u00e4 oma edustaja Kiinassa. T\u00e4m\u00e4 monipuolinen henkil\u00f6st\u00f6 mahdollistaa yrityksen sujuvan liiketoiminnan ja kest\u00e4vien suhteiden rakentamisen kumppaneiden kanssa ymp\u00e4ri maailmaa.  <\/p>\n<h3>Laatutakuu<\/h3>\n<p>Natural Poland pit\u00e4\u00e4 eritt\u00e4in t\u00e4rke\u00e4n\u00e4 korkean laadun yll\u00e4pit\u00e4mist\u00e4 ja alan standardien noudattamista. <strong>Yritys toteuttaa aktiivisesti t\u00e4t\u00e4 sitoumusta vierailemalla henkil\u00f6kohtaisesti plantaaseilla ja tuotantolaitoksissa, joiden kanssa se tekee yhteisty\u00f6t\u00e4, varmistaen, ett\u00e4 kaikki prosessit t\u00e4ytt\u00e4v\u00e4t heid\u00e4n tiukat standardinsa<\/strong>. T\u00e4llainen l\u00e4hestymistapa takaa, ett\u00e4 heid\u00e4n toimitusketjuunsa p\u00e4\u00e4tyy vain parhaat raaka-aineet. <\/p>\n<p>Korostaen sitoutumistaan laatuun, Natural Poland tekee yhteisty\u00f6t\u00e4 ainoastaan huolellisesti tarkistettujen toimittajien kanssa. Lis\u00e4ksi kaikilla tarjotuilla raaka-aineilla on tarvittavat sertifikaatit, mik\u00e4 osoittaa yrityksen jatkuvaa pyrkimyst\u00e4 tuotteidensa luotettavuuteen ja turvallisuuteen. <\/p>\n<h3>Tutkimus ja kehitys:<\/h3>\n<p>Natural Poland keskittyy innovaatioihin ja tuotekehitykseen pyrkien jatkuvasti sis\u00e4llytt\u00e4m\u00e4\u00e4n uusimmat tuotteet tarjontaansa.<\/p>\n<p>Yritys pysyy aina ajan tasalla elintarvike- ja kosmetiikkaraaka-aineiden uusimmista saavutuksista. Jos jokin raaka-aine ei ole saatavilla heid\u00e4n nykyisess\u00e4 valikoimassaan, tiimi suorittaa perusteellisen maailmanlaajuisen etsinn\u00e4n hankkiakseen sen. T\u00e4llainen ennakoiva l\u00e4hestymistapa takaa, ett\u00e4 Natural Polandilla on p\u00e4\u00e4sy innovatiivisiin tuotteisiin, s\u00e4ilytt\u00e4en asemansa alan eturintamassa.  <\/p>\n\t\t\n<style>\n#text-762830103 {\n  color: rgb(0,0,0);\n}\n#text-762830103 > * {\n  color: rgb(0,0,0);\n}\n<\/style>\n\t<\/div>\n\t\n\n\t\t<\/div>\n\t\t\t\t\t<\/div>\n\n\t\n\n<\/div>\n\n\t\t<\/div>\n\n\t\t\n<style>\n#section_1380932814 {\n  padding-top: 30px;\n  padding-bottom: 30px;\n}\n<\/style>\n\t<\/section>\n\t\n<div class=\"row\"  id=\"row-1785842385\">\n\n\n<\/div>\n\n","protected":false},"excerpt":{"rendered":"","protected":false},"author":1,"featured_media":0,"parent":0,"menu_order":1,"comment_status":"closed","ping_status":"open","template":"page-blank.php","meta":{"_acf_changed":false,"footnotes":""},"class_list":["post-4929","page","type-page","status-publish","hentry"],"acf":[],"yoast_head":"<!-- This site is optimized with the Yoast SEO plugin v27.6 - https:\/\/yoast.com\/product\/yoast-seo-wordpress\/ -->\n<title>Meist\u00e4 - NATURAL POLAND - RAAKA-AINEIDEN TUKKUJAKELIJA<\/title>\n<meta name=\"robots\" content=\"index, follow, max-snippet:-1, max-image-preview:large, max-video-preview:-1\" \/>\n<link rel=\"canonical\" href=\"https:\/\/naturalpoland.com\/fi\/tietoa-meista\/\" \/>\n<meta property=\"og:locale\" content=\"fi_FI\" \/>\n<meta property=\"og:type\" content=\"article\" \/>\n<meta property=\"og:title\" content=\"Meist\u00e4 - NATURAL POLAND - RAAKA-AINEIDEN TUKKUJAKELIJA\" \/>\n<meta property=\"og:url\" content=\"https:\/\/naturalpoland.com\/fi\/tietoa-meista\/\" \/>\n<meta property=\"og:site_name\" content=\"NATURAL POLAND - RAAKA-AINEIDEN TUKKUJAKELIJA\" \/>\n<meta property=\"article:publisher\" content=\"https:\/\/www.facebook.com\/naturalpoland.b2b\" \/>\n<meta property=\"article:modified_time\" content=\"2025-11-03T11:22:16+00:00\" \/>\n<meta property=\"og:image\" content=\"https:\/\/naturalpoland.com\/wp-content\/uploads\/\/cosmoprof1-300x197.jpg\" \/>\n<script type=\"application\/ld+json\" class=\"yoast-schema-graph\">{\"@context\":\"https:\\\/\\\/schema.org\",\"@graph\":[{\"@type\":\"WebPage\",\"@id\":\"https:\\\/\\\/naturalpoland.com\\\/fi\\\/tietoa-meista\\\/\",\"url\":\"https:\\\/\\\/naturalpoland.com\\\/fi\\\/tietoa-meista\\\/\",\"name\":\"Meist\u00e4 - NATURAL POLAND - RAAKA-AINEIDEN TUKKUJAKELIJA\",\"isPartOf\":{\"@id\":\"https:\\\/\\\/naturalpoland.com\\\/fi\\\/#website\"},\"primaryImageOfPage\":{\"@id\":\"https:\\\/\\\/naturalpoland.com\\\/fi\\\/tietoa-meista\\\/#primaryimage\"},\"image\":{\"@id\":\"https:\\\/\\\/naturalpoland.com\\\/fi\\\/tietoa-meista\\\/#primaryimage\"},\"thumbnailUrl\":\"https:\\\/\\\/naturalpoland.com\\\/wp-content\\\/uploads\\\/\\\/cosmoprof1-300x197.jpg\",\"datePublished\":\"2021-07-09T14:49:48+00:00\",\"dateModified\":\"2025-11-03T11:22:16+00:00\",\"breadcrumb\":{\"@id\":\"https:\\\/\\\/naturalpoland.com\\\/fi\\\/tietoa-meista\\\/#breadcrumb\"},\"inLanguage\":\"fi\",\"potentialAction\":[{\"@type\":\"ReadAction\",\"target\":[\"https:\\\/\\\/naturalpoland.com\\\/fi\\\/tietoa-meista\\\/\"]}]},{\"@type\":\"ImageObject\",\"inLanguage\":\"fi\",\"@id\":\"https:\\\/\\\/naturalpoland.com\\\/fi\\\/tietoa-meista\\\/#primaryimage\",\"url\":\"https:\\\/\\\/naturalpoland.com\\\/wp-content\\\/uploads\\\/\\\/cosmoprof1-300x197.jpg\",\"contentUrl\":\"https:\\\/\\\/naturalpoland.com\\\/wp-content\\\/uploads\\\/\\\/cosmoprof1-300x197.jpg\"},{\"@type\":\"BreadcrumbList\",\"@id\":\"https:\\\/\\\/naturalpoland.com\\\/fi\\\/tietoa-meista\\\/#breadcrumb\",\"itemListElement\":[{\"@type\":\"ListItem\",\"position\":1,\"name\":\"Etusivu\",\"item\":\"https:\\\/\\\/naturalpoland.com\\\/fi\\\/\"},{\"@type\":\"ListItem\",\"position\":2,\"name\":\"Meist\u00e4\"}]},{\"@type\":\"WebSite\",\"@id\":\"https:\\\/\\\/naturalpoland.com\\\/fi\\\/#website\",\"url\":\"https:\\\/\\\/naturalpoland.com\\\/fi\\\/\",\"name\":\"NATURAL POLAND - RAAKA-AINEIDEN TUKKUJAKELIJA\",\"description\":\"Surowce dla przemys\u0142u spo\u017cywczego, kosmetycznego i farmaceutycznego\",\"publisher\":{\"@id\":\"https:\\\/\\\/naturalpoland.com\\\/fi\\\/#organization\"},\"potentialAction\":[{\"@type\":\"SearchAction\",\"target\":{\"@type\":\"EntryPoint\",\"urlTemplate\":\"https:\\\/\\\/naturalpoland.com\\\/fi\\\/?s={search_term_string}\"},\"query-input\":{\"@type\":\"PropertyValueSpecification\",\"valueRequired\":true,\"valueName\":\"search_term_string\"}}],\"inLanguage\":\"fi\"},{\"@type\":\"Organization\",\"@id\":\"https:\\\/\\\/naturalpoland.com\\\/fi\\\/#organization\",\"name\":\"Natural Poland\",\"url\":\"https:\\\/\\\/naturalpoland.com\\\/fi\\\/\",\"logo\":{\"@type\":\"ImageObject\",\"inLanguage\":\"fi\",\"@id\":\"https:\\\/\\\/naturalpoland.com\\\/fi\\\/#\\\/schema\\\/logo\\\/image\\\/\",\"url\":\"https:\\\/\\\/naturalpoland.com\\\/wp-content\\\/uploads\\\/2021\\\/05\\\/natural-poland-icon.png\",\"contentUrl\":\"https:\\\/\\\/naturalpoland.com\\\/wp-content\\\/uploads\\\/2021\\\/05\\\/natural-poland-icon.png\",\"width\":512,\"height\":512,\"caption\":\"Natural Poland\"},\"image\":{\"@id\":\"https:\\\/\\\/naturalpoland.com\\\/fi\\\/#\\\/schema\\\/logo\\\/image\\\/\"},\"sameAs\":[\"https:\\\/\\\/www.facebook.com\\\/naturalpoland.b2b\",\"https:\\\/\\\/pl.linkedin.com\\\/company\\\/natural-poland\",\"https:\\\/\\\/www.youtube.com\\\/channel\\\/UCgeGGkvOMahZo-xu_MSEWxg\"]}]}<\/script>\n<!-- \/ Yoast SEO plugin. -->","yoast_head_json":{"title":"Meist\u00e4 - NATURAL POLAND - RAAKA-AINEIDEN TUKKUJAKELIJA","robots":{"index":"index","follow":"follow","max-snippet":"max-snippet:-1","max-image-preview":"max-image-preview:large","max-video-preview":"max-video-preview:-1"},"canonical":"https:\/\/naturalpoland.com\/fi\/tietoa-meista\/","og_locale":"fi_FI","og_type":"article","og_title":"Meist\u00e4 - NATURAL POLAND - RAAKA-AINEIDEN TUKKUJAKELIJA","og_url":"https:\/\/naturalpoland.com\/fi\/tietoa-meista\/","og_site_name":"NATURAL POLAND - RAAKA-AINEIDEN TUKKUJAKELIJA","article_publisher":"https:\/\/www.facebook.com\/naturalpoland.b2b","article_modified_time":"2025-11-03T11:22:16+00:00","og_image":[{"url":"https:\/\/naturalpoland.com\/wp-content\/uploads\/\/cosmoprof1-300x197.jpg","type":"","width":"","height":""}],"schema":{"@context":"https:\/\/schema.org","@graph":[{"@type":"WebPage","@id":"https:\/\/naturalpoland.com\/fi\/tietoa-meista\/","url":"https:\/\/naturalpoland.com\/fi\/tietoa-meista\/","name":"Meist\u00e4 - NATURAL POLAND - RAAKA-AINEIDEN TUKKUJAKELIJA","isPartOf":{"@id":"https:\/\/naturalpoland.com\/fi\/#website"},"primaryImageOfPage":{"@id":"https:\/\/naturalpoland.com\/fi\/tietoa-meista\/#primaryimage"},"image":{"@id":"https:\/\/naturalpoland.com\/fi\/tietoa-meista\/#primaryimage"},"thumbnailUrl":"https:\/\/naturalpoland.com\/wp-content\/uploads\/\/cosmoprof1-300x197.jpg","datePublished":"2021-07-09T14:49:48+00:00","dateModified":"2025-11-03T11:22:16+00:00","breadcrumb":{"@id":"https:\/\/naturalpoland.com\/fi\/tietoa-meista\/#breadcrumb"},"inLanguage":"fi","potentialAction":[{"@type":"ReadAction","target":["https:\/\/naturalpoland.com\/fi\/tietoa-meista\/"]}]},{"@type":"ImageObject","inLanguage":"fi","@id":"https:\/\/naturalpoland.com\/fi\/tietoa-meista\/#primaryimage","url":"https:\/\/naturalpoland.com\/wp-content\/uploads\/\/cosmoprof1-300x197.jpg","contentUrl":"https:\/\/naturalpoland.com\/wp-content\/uploads\/\/cosmoprof1-300x197.jpg"},{"@type":"BreadcrumbList","@id":"https:\/\/naturalpoland.com\/fi\/tietoa-meista\/#breadcrumb","itemListElement":[{"@type":"ListItem","position":1,"name":"Etusivu","item":"https:\/\/naturalpoland.com\/fi\/"},{"@type":"ListItem","position":2,"name":"Meist\u00e4"}]},{"@type":"WebSite","@id":"https:\/\/naturalpoland.com\/fi\/#website","url":"https:\/\/naturalpoland.com\/fi\/","name":"NATURAL POLAND - RAAKA-AINEIDEN TUKKUJAKELIJA","description":"Surowce dla przemys\u0142u spo\u017cywczego, kosmetycznego i farmaceutycznego","publisher":{"@id":"https:\/\/naturalpoland.com\/fi\/#organization"},"potentialAction":[{"@type":"SearchAction","target":{"@type":"EntryPoint","urlTemplate":"https:\/\/naturalpoland.com\/fi\/?s={search_term_string}"},"query-input":{"@type":"PropertyValueSpecification","valueRequired":true,"valueName":"search_term_string"}}],"inLanguage":"fi"},{"@type":"Organization","@id":"https:\/\/naturalpoland.com\/fi\/#organization","name":"Natural Poland","url":"https:\/\/naturalpoland.com\/fi\/","logo":{"@type":"ImageObject","inLanguage":"fi","@id":"https:\/\/naturalpoland.com\/fi\/#\/schema\/logo\/image\/","url":"https:\/\/naturalpoland.com\/wp-content\/uploads\/2021\/05\/natural-poland-icon.png","contentUrl":"https:\/\/naturalpoland.com\/wp-content\/uploads\/2021\/05\/natural-poland-icon.png","width":512,"height":512,"caption":"Natural Poland"},"image":{"@id":"https:\/\/naturalpoland.com\/fi\/#\/schema\/logo\/image\/"},"sameAs":["https:\/\/www.facebook.com\/naturalpoland.b2b","https:\/\/pl.linkedin.com\/company\/natural-poland","https:\/\/www.youtube.com\/channel\/UCgeGGkvOMahZo-xu_MSEWxg"]}]}},"_links":{"self":[{"href":"https:\/\/naturalpoland.com\/fi\/wp-json\/wp\/v2\/pages\/4929","targetHints":{"allow":["GET"]}}],"collection":[{"href":"https:\/\/naturalpoland.com\/fi\/wp-json\/wp\/v2\/pages"}],"about":[{"href":"https:\/\/naturalpoland.com\/fi\/wp-json\/wp\/v2\/types\/page"}],"author":[{"embeddable":true,"href":"https:\/\/naturalpoland.com\/fi\/wp-json\/wp\/v2\/users\/1"}],"replies":[{"embeddable":true,"href":"https:\/\/naturalpoland.com\/fi\/wp-json\/wp\/v2\/comments?post=4929"}],"version-history":[{"count":3,"href":"https:\/\/naturalpoland.com\/fi\/wp-json\/wp\/v2\/pages\/4929\/revisions"}],"predecessor-version":[{"id":43761,"href":"https:\/\/naturalpoland.com\/fi\/wp-json\/wp\/v2\/pages\/4929\/revisions\/43761"}],"wp:attachment":[{"href":"https:\/\/naturalpoland.com\/fi\/wp-json\/wp\/v2\/media?parent=4929"}],"curies":[{"name":"wp","href":"https:\/\/api.w.org\/{rel}","templated":true}]}}