{"id":10048,"date":"2021-05-11T13:42:58","date_gmt":"2021-09-16T10:24:55","guid":{"rendered":"https:\/\/naturalpoland.pl\/produkty\/Ei-luokiteltu\/punainen-savi\/"},"modified":"2021-09-16T12:24:55","modified_gmt":"2021-09-16T10:24:55","slug":"savipunaista","status":"publish","type":"product","link":"https:\/\/naturalpoland.com\/fi\/tuotteet\/kosmetiikkateollisuuden-tuotteet\/savet\/savipunaista\/","title":{"rendered":"Punainen savi"},"content":{"rendered":"<p>Punainen savi on mineraali, jota louhitaan Ranskan kaivoksissa. Sen nimi tulee jauheen v\u00e4rist\u00e4-kellanruskea, vaaleanruskea tai ruskeanpunainen. Sen pH on: 4,0 &#8211; 8,5.<\/p>\n<p>Punasaven puhdistusominaisuuksien vuoksi sit\u00e4 k\u00e4ytet\u00e4\u00e4n ulkoisesti ja sis\u00e4isesti. Sit\u00e4 k\u00e4ytet\u00e4\u00e4n naamioiden valmistukseen kasvoille (auttaa torjumaan aknea), koko vartalolle (puhdistaa, v\u00e4hent\u00e4\u00e4 selluliittia) ja jopa hiuksille (vahvistaa hiuksia, ravitsee p\u00e4\u00e4nahkaa). Sen lis\u00e4\u00e4minen kermaan tai v\u00e4riaineeseen tekee rasvaisen ihon ihosta mattapintaisen, ja kuperoosa -iho on v\u00e4hemm\u00e4n herkk\u00e4 ja punainen. Lis\u00e4ksi sen lis\u00e4\u00e4minen hammastahnaasi auttaa vahvistamaan ikeni\u00e4si.<\/p>\n<p>Antiseptisten ominaisuuksiensa ansiosta punainen savi on hy\u00f6dyllinen my\u00f6s kurkun infektioiden hoidossa, ja sen juominen veden kanssa auttaa puhdistamaan kehon.<\/p>\n","protected":false},"excerpt":{"rendered":"<p>Laadukas punainen savi (bentoniitti) k\u00e4ytett\u00e4v\u00e4ksi l\u00e4\u00e4ke-, kosmetiikka- ja elintarviketeollisuudessa. Se on t\u00e4ysin turvallinen, karsinogeeninen, myrkyt\u00f6n, biohajoava tuote, jota riippumattomat tutkimusyksik\u00f6t valvovat.<\/p>\n","protected":false},"featured_media":10051,"template":"","meta":{"_acf_changed":false},"product_brand":[],"product_cat":[539],"product_tag":[],"class_list":{"0":"post-10048","1":"product","2":"type-product","3":"status-publish","4":"has-post-thumbnail","6":"product_cat-savet","8":"first","9":"instock","10":"shipping-taxable","11":"product-type-simple"},"acf":[],"yoast_head":"<!-- This site is optimized with the Yoast SEO plugin v27.5 - https:\/\/yoast.com\/product\/yoast-seo-wordpress\/ -->\n<title>Punainen savi - Tukkudistribuutio<\/title>\n<meta name=\"robots\" content=\"index, follow, max-snippet:-1, max-image-preview:large, max-video-preview:-1\" \/>\n<link rel=\"canonical\" href=\"https:\/\/naturalpoland.com\/fi\/tuotteet\/kosmetiikkateollisuuden-tuotteet\/savet\/savipunaista\/\" \/>\n<meta property=\"og:locale\" content=\"fi_FI\" \/>\n<meta property=\"og:type\" content=\"article\" \/>\n<meta property=\"og:title\" content=\"Punainen savi - Tukkudistribuutio\" \/>\n<meta property=\"og:description\" content=\"Laadukas punainen savi (bentoniitti) k\u00e4ytett\u00e4v\u00e4ksi l\u00e4\u00e4ke-, kosmetiikka- ja elintarviketeollisuudessa. Se on t\u00e4ysin turvallinen, karsinogeeninen, myrkyt\u00f6n, biohajoava tuote, jota riippumattomat tutkimusyksik\u00f6t valvovat.\" \/>\n<meta property=\"og:url\" content=\"https:\/\/naturalpoland.com\/fi\/tuotteet\/kosmetiikkateollisuuden-tuotteet\/savet\/savipunaista\/\" \/>\n<meta property=\"og:site_name\" content=\"NATURAL POLAND - RAAKA-AINEIDEN TUKKUJAKELIJA\" \/>\n<meta property=\"article:publisher\" content=\"https:\/\/www.facebook.com\/naturalpoland.b2b\" \/>\n<meta property=\"og:image\" content=\"https:\/\/naturalpoland.com\/wp-content\/uploads\/2021\/05\/red-clay.jpg\" \/>\n\t<meta property=\"og:image:width\" content=\"264\" \/>\n\t<meta property=\"og:image:height\" content=\"247\" \/>\n\t<meta property=\"og:image:type\" content=\"image\/jpeg\" \/>\n<script type=\"application\/ld+json\" class=\"yoast-schema-graph\">{\"@context\":\"https:\\\/\\\/schema.org\",\"@graph\":[{\"@type\":\"WebPage\",\"@id\":\"https:\\\/\\\/naturalpoland.com\\\/fi\\\/tuotteet\\\/kosmetiikkateollisuuden-tuotteet\\\/savet\\\/savipunaista\\\/\",\"url\":\"https:\\\/\\\/naturalpoland.com\\\/fi\\\/tuotteet\\\/kosmetiikkateollisuuden-tuotteet\\\/savet\\\/savipunaista\\\/\",\"name\":\"Punainen savi - Tukkudistribuutio\",\"isPartOf\":{\"@id\":\"https:\\\/\\\/naturalpoland.com\\\/fi\\\/#website\"},\"primaryImageOfPage\":{\"@id\":\"https:\\\/\\\/naturalpoland.com\\\/fi\\\/tuotteet\\\/kosmetiikkateollisuuden-tuotteet\\\/savet\\\/savipunaista\\\/#primaryimage\"},\"image\":{\"@id\":\"https:\\\/\\\/naturalpoland.com\\\/fi\\\/tuotteet\\\/kosmetiikkateollisuuden-tuotteet\\\/savet\\\/savipunaista\\\/#primaryimage\"},\"thumbnailUrl\":\"https:\\\/\\\/naturalpoland.com\\\/wp-content\\\/uploads\\\/2021\\\/05\\\/red-clay.jpg\",\"datePublished\":\"2021-09-16T10:24:55+00:00\",\"breadcrumb\":{\"@id\":\"https:\\\/\\\/naturalpoland.com\\\/fi\\\/tuotteet\\\/kosmetiikkateollisuuden-tuotteet\\\/savet\\\/savipunaista\\\/#breadcrumb\"},\"inLanguage\":\"fi\",\"potentialAction\":[{\"@type\":\"ReadAction\",\"target\":[\"https:\\\/\\\/naturalpoland.com\\\/fi\\\/tuotteet\\\/kosmetiikkateollisuuden-tuotteet\\\/savet\\\/savipunaista\\\/\"]}]},{\"@type\":\"ImageObject\",\"inLanguage\":\"fi\",\"@id\":\"https:\\\/\\\/naturalpoland.com\\\/fi\\\/tuotteet\\\/kosmetiikkateollisuuden-tuotteet\\\/savet\\\/savipunaista\\\/#primaryimage\",\"url\":\"https:\\\/\\\/naturalpoland.com\\\/wp-content\\\/uploads\\\/2021\\\/05\\\/red-clay.jpg\",\"contentUrl\":\"https:\\\/\\\/naturalpoland.com\\\/wp-content\\\/uploads\\\/2021\\\/05\\\/red-clay.jpg\",\"width\":264,\"height\":247},{\"@type\":\"BreadcrumbList\",\"@id\":\"https:\\\/\\\/naturalpoland.com\\\/fi\\\/tuotteet\\\/kosmetiikkateollisuuden-tuotteet\\\/savet\\\/savipunaista\\\/#breadcrumb\",\"itemListElement\":[{\"@type\":\"ListItem\",\"position\":1,\"name\":\"Etusivu\",\"item\":\"https:\\\/\\\/naturalpoland.com\\\/fi\\\/\"},{\"@type\":\"ListItem\",\"position\":2,\"name\":\"Tuotteet\",\"item\":\"https:\\\/\\\/naturalpoland.com\\\/fi\\\/tuotteet\\\/\"},{\"@type\":\"ListItem\",\"position\":3,\"name\":\"Punainen savi\"}]},{\"@type\":\"WebSite\",\"@id\":\"https:\\\/\\\/naturalpoland.com\\\/fi\\\/#website\",\"url\":\"https:\\\/\\\/naturalpoland.com\\\/fi\\\/\",\"name\":\"NATURAL POLAND - RAAKA-AINEIDEN TUKKUJAKELIJA\",\"description\":\"Surowce dla przemys\u0142u spo\u017cywczego, kosmetycznego i farmaceutycznego\",\"publisher\":{\"@id\":\"https:\\\/\\\/naturalpoland.com\\\/fi\\\/#organization\"},\"potentialAction\":[{\"@type\":\"SearchAction\",\"target\":{\"@type\":\"EntryPoint\",\"urlTemplate\":\"https:\\\/\\\/naturalpoland.com\\\/fi\\\/?s={search_term_string}\"},\"query-input\":{\"@type\":\"PropertyValueSpecification\",\"valueRequired\":true,\"valueName\":\"search_term_string\"}}],\"inLanguage\":\"fi\"},{\"@type\":\"Organization\",\"@id\":\"https:\\\/\\\/naturalpoland.com\\\/fi\\\/#organization\",\"name\":\"Natural Poland\",\"url\":\"https:\\\/\\\/naturalpoland.com\\\/fi\\\/\",\"logo\":{\"@type\":\"ImageObject\",\"inLanguage\":\"fi\",\"@id\":\"https:\\\/\\\/naturalpoland.com\\\/fi\\\/#\\\/schema\\\/logo\\\/image\\\/\",\"url\":\"https:\\\/\\\/naturalpoland.com\\\/wp-content\\\/uploads\\\/2021\\\/05\\\/natural-poland-icon.png\",\"contentUrl\":\"https:\\\/\\\/naturalpoland.com\\\/wp-content\\\/uploads\\\/2021\\\/05\\\/natural-poland-icon.png\",\"width\":512,\"height\":512,\"caption\":\"Natural Poland\"},\"image\":{\"@id\":\"https:\\\/\\\/naturalpoland.com\\\/fi\\\/#\\\/schema\\\/logo\\\/image\\\/\"},\"sameAs\":[\"https:\\\/\\\/www.facebook.com\\\/naturalpoland.b2b\",\"https:\\\/\\\/pl.linkedin.com\\\/company\\\/natural-poland\",\"https:\\\/\\\/www.youtube.com\\\/channel\\\/UCgeGGkvOMahZo-xu_MSEWxg\"]}]}<\/script>\n<!-- \/ Yoast SEO plugin. -->","yoast_head_json":{"title":"Punainen savi - Tukkudistribuutio","robots":{"index":"index","follow":"follow","max-snippet":"max-snippet:-1","max-image-preview":"max-image-preview:large","max-video-preview":"max-video-preview:-1"},"canonical":"https:\/\/naturalpoland.com\/fi\/tuotteet\/kosmetiikkateollisuuden-tuotteet\/savet\/savipunaista\/","og_locale":"fi_FI","og_type":"article","og_title":"Punainen savi - Tukkudistribuutio","og_description":"Laadukas punainen savi (bentoniitti) k\u00e4ytett\u00e4v\u00e4ksi l\u00e4\u00e4ke-, kosmetiikka- ja elintarviketeollisuudessa. Se on t\u00e4ysin turvallinen, karsinogeeninen, myrkyt\u00f6n, biohajoava tuote, jota riippumattomat tutkimusyksik\u00f6t valvovat.","og_url":"https:\/\/naturalpoland.com\/fi\/tuotteet\/kosmetiikkateollisuuden-tuotteet\/savet\/savipunaista\/","og_site_name":"NATURAL POLAND - RAAKA-AINEIDEN TUKKUJAKELIJA","article_publisher":"https:\/\/www.facebook.com\/naturalpoland.b2b","og_image":[{"width":264,"height":247,"url":"https:\/\/naturalpoland.com\/wp-content\/uploads\/2021\/05\/red-clay.jpg","type":"image\/jpeg"}],"schema":{"@context":"https:\/\/schema.org","@graph":[{"@type":"WebPage","@id":"https:\/\/naturalpoland.com\/fi\/tuotteet\/kosmetiikkateollisuuden-tuotteet\/savet\/savipunaista\/","url":"https:\/\/naturalpoland.com\/fi\/tuotteet\/kosmetiikkateollisuuden-tuotteet\/savet\/savipunaista\/","name":"Punainen savi - Tukkudistribuutio","isPartOf":{"@id":"https:\/\/naturalpoland.com\/fi\/#website"},"primaryImageOfPage":{"@id":"https:\/\/naturalpoland.com\/fi\/tuotteet\/kosmetiikkateollisuuden-tuotteet\/savet\/savipunaista\/#primaryimage"},"image":{"@id":"https:\/\/naturalpoland.com\/fi\/tuotteet\/kosmetiikkateollisuuden-tuotteet\/savet\/savipunaista\/#primaryimage"},"thumbnailUrl":"https:\/\/naturalpoland.com\/wp-content\/uploads\/2021\/05\/red-clay.jpg","datePublished":"2021-09-16T10:24:55+00:00","breadcrumb":{"@id":"https:\/\/naturalpoland.com\/fi\/tuotteet\/kosmetiikkateollisuuden-tuotteet\/savet\/savipunaista\/#breadcrumb"},"inLanguage":"fi","potentialAction":[{"@type":"ReadAction","target":["https:\/\/naturalpoland.com\/fi\/tuotteet\/kosmetiikkateollisuuden-tuotteet\/savet\/savipunaista\/"]}]},{"@type":"ImageObject","inLanguage":"fi","@id":"https:\/\/naturalpoland.com\/fi\/tuotteet\/kosmetiikkateollisuuden-tuotteet\/savet\/savipunaista\/#primaryimage","url":"https:\/\/naturalpoland.com\/wp-content\/uploads\/2021\/05\/red-clay.jpg","contentUrl":"https:\/\/naturalpoland.com\/wp-content\/uploads\/2021\/05\/red-clay.jpg","width":264,"height":247},{"@type":"BreadcrumbList","@id":"https:\/\/naturalpoland.com\/fi\/tuotteet\/kosmetiikkateollisuuden-tuotteet\/savet\/savipunaista\/#breadcrumb","itemListElement":[{"@type":"ListItem","position":1,"name":"Etusivu","item":"https:\/\/naturalpoland.com\/fi\/"},{"@type":"ListItem","position":2,"name":"Tuotteet","item":"https:\/\/naturalpoland.com\/fi\/tuotteet\/"},{"@type":"ListItem","position":3,"name":"Punainen savi"}]},{"@type":"WebSite","@id":"https:\/\/naturalpoland.com\/fi\/#website","url":"https:\/\/naturalpoland.com\/fi\/","name":"NATURAL POLAND - RAAKA-AINEIDEN TUKKUJAKELIJA","description":"Surowce dla przemys\u0142u spo\u017cywczego, kosmetycznego i farmaceutycznego","publisher":{"@id":"https:\/\/naturalpoland.com\/fi\/#organization"},"potentialAction":[{"@type":"SearchAction","target":{"@type":"EntryPoint","urlTemplate":"https:\/\/naturalpoland.com\/fi\/?s={search_term_string}"},"query-input":{"@type":"PropertyValueSpecification","valueRequired":true,"valueName":"search_term_string"}}],"inLanguage":"fi"},{"@type":"Organization","@id":"https:\/\/naturalpoland.com\/fi\/#organization","name":"Natural Poland","url":"https:\/\/naturalpoland.com\/fi\/","logo":{"@type":"ImageObject","inLanguage":"fi","@id":"https:\/\/naturalpoland.com\/fi\/#\/schema\/logo\/image\/","url":"https:\/\/naturalpoland.com\/wp-content\/uploads\/2021\/05\/natural-poland-icon.png","contentUrl":"https:\/\/naturalpoland.com\/wp-content\/uploads\/2021\/05\/natural-poland-icon.png","width":512,"height":512,"caption":"Natural Poland"},"image":{"@id":"https:\/\/naturalpoland.com\/fi\/#\/schema\/logo\/image\/"},"sameAs":["https:\/\/www.facebook.com\/naturalpoland.b2b","https:\/\/pl.linkedin.com\/company\/natural-poland","https:\/\/www.youtube.com\/channel\/UCgeGGkvOMahZo-xu_MSEWxg"]}]}},"_links":{"self":[{"href":"https:\/\/naturalpoland.com\/fi\/wp-json\/wp\/v2\/product\/10048","targetHints":{"allow":["GET"]}}],"collection":[{"href":"https:\/\/naturalpoland.com\/fi\/wp-json\/wp\/v2\/product"}],"about":[{"href":"https:\/\/naturalpoland.com\/fi\/wp-json\/wp\/v2\/types\/product"}],"wp:featuredmedia":[{"embeddable":true,"href":"https:\/\/naturalpoland.com\/fi\/wp-json\/wp\/v2\/media\/10051"}],"wp:attachment":[{"href":"https:\/\/naturalpoland.com\/fi\/wp-json\/wp\/v2\/media?parent=10048"}],"wp:term":[{"taxonomy":"product_brand","embeddable":true,"href":"https:\/\/naturalpoland.com\/fi\/wp-json\/wp\/v2\/product_brand?post=10048"},{"taxonomy":"product_cat","embeddable":true,"href":"https:\/\/naturalpoland.com\/fi\/wp-json\/wp\/v2\/product_cat?post=10048"},{"taxonomy":"product_tag","embeddable":true,"href":"https:\/\/naturalpoland.com\/fi\/wp-json\/wp\/v2\/product_tag?post=10048"}],"curies":[{"name":"wp","href":"https:\/\/api.w.org\/{rel}","templated":true}]}}