{"id":10110,"date":"2021-05-11T13:44:11","date_gmt":"2021-09-16T10:27:14","guid":{"rendered":"https:\/\/naturalpoland.pl\/produkty\/Ei-luokiteltu\/koentsyymi-q10\/"},"modified":"2025-01-30T11:06:35","modified_gmt":"2025-01-30T10:06:35","slug":"koentsyymi-q10","status":"publish","type":"product","link":"https:\/\/naturalpoland.com\/fi\/tuotteet\/laaketeollisuuden-tuotteet\/ravintolisien-ainesosat\/koentsyymi-q10\/","title":{"rendered":"Koentsyymi Q10"},"content":{"rendered":"<p>Ravintolis\u00e4n\u00e4 koentsyymi Q10: ll\u00e4 on antioksidantteja ja verenpainetta alentavia ominaisuuksia (verenpainepotilailla), se est\u00e4\u00e4 migreenikohtauksia ja lievitt\u00e4\u00e4 ihottumaa.<\/p>\n<p>Koentsyymi Q10 on orgaaninen kinoniyhdiste, jota kutsutaan my\u00f6s<strong> ubikinoni<\/strong> . Sit\u00e4 esiintyy kasvi- ja el\u00e4insolujen mitokondrioissa ja se on t\u00e4rke\u00e4 osa hengitysketjua. Se on hyvin usein osa kosmetiikkaa, esim. Voiteet, naamarit, seerumit ja ravintolis\u00e4t. Koentsyymi Q10 on eritt\u00e4in luotettava my\u00f6s laajan sovelluksensa vuoksi.<\/p>\n<p>Koentsyymi Q10 tukee hiusten, ihon ja kynsien kuntoa, koska se vaikuttaa E -vitamiinin, seleenin ja sinkin tehokkaaseen imeytymiseen. Tukee immuunij\u00e4rjestelm\u00e4n ja hermoston toimintaa. Sill\u00e4 on my\u00f6s suuri merkitys kollageenin asianmukaisen synteesin kannalta. Koentsyymi on my\u00f6s v\u00e4ltt\u00e4m\u00e4t\u00f6n asianmukaisten psykologisten toimintojen yll\u00e4pit\u00e4miseksi.<\/p>\n<hr>\n<h2>CoQXorb\u2122 LSMe<\/h2>\n<p><strong>CoQXorb\u2122 LSMe<\/strong> on edistyksellinen tuote, joka k\u00e4ytt\u00e4\u00e4 BioSNEDS\u2122-teknologiaa lis\u00e4\u00e4m\u00e4\u00e4n merkitt\u00e4v\u00e4sti koentsyymi Q10:n (CoQ10) biologista hy\u00f6tyosuutta. CoQ10 on keskeinen ainesosa, joka tukee syd\u00e4men terveytt\u00e4, solujen energiantuotantoa ja antioksidanttitoimintaa.<\/p>\n<h3>BioSNEDS\u2122-teknologian edut<\/h3>\n<ul>\n<li>CoQXorb\u2122 on 39 kertaa paremmin biologisesti hy\u00f6dynnett\u00e4viss\u00e4 kuin tavanomainen CoQ10, mik\u00e4 tarkoittaa, ett\u00e4 6 mg aktiivista CoQ10:t\u00e4 BioSNEDS\u2122:ss\u00e4 vastaa biologisesti 200 mg tavanomaista CoQ10:t\u00e4.<\/li>\n<li>Enemm\u00e4n annoksia kilogrammaa kohti &#8211; 16 666 annosta kilogrammaa kohti verrattuna 4950 annokseen tavanomaista CoQ10:t\u00e4.<\/li>\n<li>Saatavana jauheina ja emulsioina, jotka ovat neutraalin makuisia ja hajuttomia.<\/li>\n<\/ul>\n<h3>Sovellus:<\/h3>\n<p>Ravintolis\u00e4t, funktionaaliset elintarvikkeet, paikalliskosmetiikka, el\u00e4inten ravitsemus.<\/p>\n<h3>Terveysvaikutukset:<\/h3>\n<ul>\n<li>CoQ10 tukee syd\u00e4n- ja verisuoniterveytt\u00e4.<\/li>\n<li>Edist\u00e4\u00e4 solujen energiantuotantoa, mik\u00e4 on t\u00e4rke\u00e4\u00e4 lihasten terveyden ja kest\u00e4vyyden kannalta.<\/li>\n<li>Se suojaa soluja hapettumisstressilt\u00e4, mik\u00e4 voi ehk\u00e4ist\u00e4 ik\u00e4\u00e4ntymist\u00e4 ja kroonisia sairauksia.<\/li>\n<li>Tukee aivojen toimintaa ja neurologista terveytt\u00e4.<\/li>\n<li>Se voi parantaa ihon terveytt\u00e4 ja v\u00e4hent\u00e4\u00e4 ik\u00e4\u00e4ntymisen merkkej\u00e4.<\/li>\n<\/ul>\n","protected":false},"excerpt":{"rendered":"<p>Tarjoamme korkealaatuisen koentsyymi Q10:n (ubikinoni) tukkumyynti\u00e4. Tuote on saatavana my\u00f6s BioSNEDS\u2122-teknologialla<strong>CoQXorb\u2122 LSMe<\/strong>-muodossa.<\/p>\n<p>&nbsp;<\/p>\n","protected":false},"featured_media":10114,"template":"","meta":{"_acf_changed":false},"product_brand":[],"product_cat":[535],"product_tag":[],"class_list":{"0":"post-10110","1":"product","2":"type-product","3":"status-publish","4":"has-post-thumbnail","6":"product_cat-ravintolisien-ainesosat","7":"pa_grupa-substancji-ravitsemuslaakkeet","8":"pa_technologia-biosneds-teknologia","10":"first","11":"instock","12":"shipping-taxable","13":"product-type-simple"},"acf":[],"yoast_head":"<!-- This site is optimized with the Yoast SEO plugin v27.4 - https:\/\/yoast.com\/product\/yoast-seo-wordpress\/ -->\n<title>Koentsyymi Q10 - NATURAL POLAND - RAAKA-AINEIDEN TUKKUJAKELIJA<\/title>\n<meta name=\"description\" content=\"Koentsyymi Q10:ll\u00e4 on antioksidanttisia ominaisuuksia, se alentaa verenpainetta (verenpainetautia sairastavilla), ehk\u00e4isee migreenikohtauksia ja lievitt\u00e4\u00e4 ihottumaa.\" \/>\n<meta name=\"robots\" content=\"index, follow, max-snippet:-1, max-image-preview:large, max-video-preview:-1\" \/>\n<link rel=\"canonical\" href=\"https:\/\/naturalpoland.com\/fi\/tuotteet\/laaketeollisuuden-tuotteet\/ravintolisien-ainesosat\/koentsyymi-q10\/\" \/>\n<meta property=\"og:locale\" content=\"fi_FI\" \/>\n<meta property=\"og:type\" content=\"article\" \/>\n<meta property=\"og:title\" content=\"Koentsyymi Q10 - NATURAL POLAND - RAAKA-AINEIDEN TUKKUJAKELIJA\" \/>\n<meta property=\"og:description\" content=\"Koentsyymi Q10:ll\u00e4 on antioksidanttisia ominaisuuksia, se alentaa verenpainetta (verenpainetautia sairastavilla), ehk\u00e4isee migreenikohtauksia ja lievitt\u00e4\u00e4 ihottumaa.\" \/>\n<meta property=\"og:url\" content=\"https:\/\/naturalpoland.com\/fi\/tuotteet\/laaketeollisuuden-tuotteet\/ravintolisien-ainesosat\/koentsyymi-q10\/\" \/>\n<meta property=\"og:site_name\" content=\"NATURAL POLAND - RAAKA-AINEIDEN TUKKUJAKELIJA\" \/>\n<meta property=\"article:publisher\" content=\"https:\/\/www.facebook.com\/naturalpoland.b2b\" \/>\n<meta property=\"article:modified_time\" content=\"2025-01-30T10:06:35+00:00\" \/>\n<meta property=\"og:image\" content=\"https:\/\/naturalpoland.com\/wp-content\/uploads\/2021\/05\/coenzyme-q10.jpg\" \/>\n\t<meta property=\"og:image:width\" content=\"288\" \/>\n\t<meta property=\"og:image:height\" content=\"175\" \/>\n\t<meta property=\"og:image:type\" content=\"image\/jpeg\" \/>\n<script type=\"application\/ld+json\" class=\"yoast-schema-graph\">{\"@context\":\"https:\\\/\\\/schema.org\",\"@graph\":[{\"@type\":\"WebPage\",\"@id\":\"https:\\\/\\\/naturalpoland.com\\\/fi\\\/tuotteet\\\/laaketeollisuuden-tuotteet\\\/ravintolisien-ainesosat\\\/koentsyymi-q10\\\/\",\"url\":\"https:\\\/\\\/naturalpoland.com\\\/fi\\\/tuotteet\\\/laaketeollisuuden-tuotteet\\\/ravintolisien-ainesosat\\\/koentsyymi-q10\\\/\",\"name\":\"Koentsyymi Q10 - NATURAL POLAND - RAAKA-AINEIDEN TUKKUJAKELIJA\",\"isPartOf\":{\"@id\":\"https:\\\/\\\/naturalpoland.com\\\/fi\\\/#website\"},\"primaryImageOfPage\":{\"@id\":\"https:\\\/\\\/naturalpoland.com\\\/fi\\\/tuotteet\\\/laaketeollisuuden-tuotteet\\\/ravintolisien-ainesosat\\\/koentsyymi-q10\\\/#primaryimage\"},\"image\":{\"@id\":\"https:\\\/\\\/naturalpoland.com\\\/fi\\\/tuotteet\\\/laaketeollisuuden-tuotteet\\\/ravintolisien-ainesosat\\\/koentsyymi-q10\\\/#primaryimage\"},\"thumbnailUrl\":\"https:\\\/\\\/naturalpoland.com\\\/wp-content\\\/uploads\\\/2021\\\/05\\\/coenzyme-q10.jpg\",\"datePublished\":\"2021-09-16T10:27:14+00:00\",\"dateModified\":\"2025-01-30T10:06:35+00:00\",\"description\":\"Koentsyymi Q10:ll\u00e4 on antioksidanttisia ominaisuuksia, se alentaa verenpainetta (verenpainetautia sairastavilla), ehk\u00e4isee migreenikohtauksia ja lievitt\u00e4\u00e4 ihottumaa.\",\"breadcrumb\":{\"@id\":\"https:\\\/\\\/naturalpoland.com\\\/fi\\\/tuotteet\\\/laaketeollisuuden-tuotteet\\\/ravintolisien-ainesosat\\\/koentsyymi-q10\\\/#breadcrumb\"},\"inLanguage\":\"fi\",\"potentialAction\":[{\"@type\":\"ReadAction\",\"target\":[\"https:\\\/\\\/naturalpoland.com\\\/fi\\\/tuotteet\\\/laaketeollisuuden-tuotteet\\\/ravintolisien-ainesosat\\\/koentsyymi-q10\\\/\"]}]},{\"@type\":\"ImageObject\",\"inLanguage\":\"fi\",\"@id\":\"https:\\\/\\\/naturalpoland.com\\\/fi\\\/tuotteet\\\/laaketeollisuuden-tuotteet\\\/ravintolisien-ainesosat\\\/koentsyymi-q10\\\/#primaryimage\",\"url\":\"https:\\\/\\\/naturalpoland.com\\\/wp-content\\\/uploads\\\/2021\\\/05\\\/coenzyme-q10.jpg\",\"contentUrl\":\"https:\\\/\\\/naturalpoland.com\\\/wp-content\\\/uploads\\\/2021\\\/05\\\/coenzyme-q10.jpg\",\"width\":288,\"height\":175},{\"@type\":\"BreadcrumbList\",\"@id\":\"https:\\\/\\\/naturalpoland.com\\\/fi\\\/tuotteet\\\/laaketeollisuuden-tuotteet\\\/ravintolisien-ainesosat\\\/koentsyymi-q10\\\/#breadcrumb\",\"itemListElement\":[{\"@type\":\"ListItem\",\"position\":1,\"name\":\"Etusivu\",\"item\":\"https:\\\/\\\/naturalpoland.com\\\/fi\\\/\"},{\"@type\":\"ListItem\",\"position\":2,\"name\":\"Tuotteet\",\"item\":\"https:\\\/\\\/naturalpoland.com\\\/fi\\\/tuotteet\\\/\"},{\"@type\":\"ListItem\",\"position\":3,\"name\":\"Koentsyymi Q10\"}]},{\"@type\":\"WebSite\",\"@id\":\"https:\\\/\\\/naturalpoland.com\\\/fi\\\/#website\",\"url\":\"https:\\\/\\\/naturalpoland.com\\\/fi\\\/\",\"name\":\"NATURAL POLAND - RAAKA-AINEIDEN TUKKUJAKELIJA\",\"description\":\"Surowce dla przemys\u0142u spo\u017cywczego, kosmetycznego i farmaceutycznego\",\"publisher\":{\"@id\":\"https:\\\/\\\/naturalpoland.com\\\/fi\\\/#organization\"},\"potentialAction\":[{\"@type\":\"SearchAction\",\"target\":{\"@type\":\"EntryPoint\",\"urlTemplate\":\"https:\\\/\\\/naturalpoland.com\\\/fi\\\/?s={search_term_string}\"},\"query-input\":{\"@type\":\"PropertyValueSpecification\",\"valueRequired\":true,\"valueName\":\"search_term_string\"}}],\"inLanguage\":\"fi\"},{\"@type\":\"Organization\",\"@id\":\"https:\\\/\\\/naturalpoland.com\\\/fi\\\/#organization\",\"name\":\"Natural Poland\",\"url\":\"https:\\\/\\\/naturalpoland.com\\\/fi\\\/\",\"logo\":{\"@type\":\"ImageObject\",\"inLanguage\":\"fi\",\"@id\":\"https:\\\/\\\/naturalpoland.com\\\/fi\\\/#\\\/schema\\\/logo\\\/image\\\/\",\"url\":\"https:\\\/\\\/naturalpoland.com\\\/wp-content\\\/uploads\\\/2021\\\/05\\\/natural-poland-icon.png\",\"contentUrl\":\"https:\\\/\\\/naturalpoland.com\\\/wp-content\\\/uploads\\\/2021\\\/05\\\/natural-poland-icon.png\",\"width\":512,\"height\":512,\"caption\":\"Natural Poland\"},\"image\":{\"@id\":\"https:\\\/\\\/naturalpoland.com\\\/fi\\\/#\\\/schema\\\/logo\\\/image\\\/\"},\"sameAs\":[\"https:\\\/\\\/www.facebook.com\\\/naturalpoland.b2b\",\"https:\\\/\\\/pl.linkedin.com\\\/company\\\/natural-poland\",\"https:\\\/\\\/www.youtube.com\\\/channel\\\/UCgeGGkvOMahZo-xu_MSEWxg\"]}]}<\/script>\n<!-- \/ Yoast SEO plugin. -->","yoast_head_json":{"title":"Koentsyymi Q10 - NATURAL POLAND - RAAKA-AINEIDEN TUKKUJAKELIJA","description":"Koentsyymi Q10:ll\u00e4 on antioksidanttisia ominaisuuksia, se alentaa verenpainetta (verenpainetautia sairastavilla), ehk\u00e4isee migreenikohtauksia ja lievitt\u00e4\u00e4 ihottumaa.","robots":{"index":"index","follow":"follow","max-snippet":"max-snippet:-1","max-image-preview":"max-image-preview:large","max-video-preview":"max-video-preview:-1"},"canonical":"https:\/\/naturalpoland.com\/fi\/tuotteet\/laaketeollisuuden-tuotteet\/ravintolisien-ainesosat\/koentsyymi-q10\/","og_locale":"fi_FI","og_type":"article","og_title":"Koentsyymi Q10 - NATURAL POLAND - RAAKA-AINEIDEN TUKKUJAKELIJA","og_description":"Koentsyymi Q10:ll\u00e4 on antioksidanttisia ominaisuuksia, se alentaa verenpainetta (verenpainetautia sairastavilla), ehk\u00e4isee migreenikohtauksia ja lievitt\u00e4\u00e4 ihottumaa.","og_url":"https:\/\/naturalpoland.com\/fi\/tuotteet\/laaketeollisuuden-tuotteet\/ravintolisien-ainesosat\/koentsyymi-q10\/","og_site_name":"NATURAL POLAND - RAAKA-AINEIDEN TUKKUJAKELIJA","article_publisher":"https:\/\/www.facebook.com\/naturalpoland.b2b","article_modified_time":"2025-01-30T10:06:35+00:00","og_image":[{"width":288,"height":175,"url":"https:\/\/naturalpoland.com\/wp-content\/uploads\/2021\/05\/coenzyme-q10.jpg","type":"image\/jpeg"}],"schema":{"@context":"https:\/\/schema.org","@graph":[{"@type":"WebPage","@id":"https:\/\/naturalpoland.com\/fi\/tuotteet\/laaketeollisuuden-tuotteet\/ravintolisien-ainesosat\/koentsyymi-q10\/","url":"https:\/\/naturalpoland.com\/fi\/tuotteet\/laaketeollisuuden-tuotteet\/ravintolisien-ainesosat\/koentsyymi-q10\/","name":"Koentsyymi Q10 - NATURAL POLAND - RAAKA-AINEIDEN TUKKUJAKELIJA","isPartOf":{"@id":"https:\/\/naturalpoland.com\/fi\/#website"},"primaryImageOfPage":{"@id":"https:\/\/naturalpoland.com\/fi\/tuotteet\/laaketeollisuuden-tuotteet\/ravintolisien-ainesosat\/koentsyymi-q10\/#primaryimage"},"image":{"@id":"https:\/\/naturalpoland.com\/fi\/tuotteet\/laaketeollisuuden-tuotteet\/ravintolisien-ainesosat\/koentsyymi-q10\/#primaryimage"},"thumbnailUrl":"https:\/\/naturalpoland.com\/wp-content\/uploads\/2021\/05\/coenzyme-q10.jpg","datePublished":"2021-09-16T10:27:14+00:00","dateModified":"2025-01-30T10:06:35+00:00","description":"Koentsyymi Q10:ll\u00e4 on antioksidanttisia ominaisuuksia, se alentaa verenpainetta (verenpainetautia sairastavilla), ehk\u00e4isee migreenikohtauksia ja lievitt\u00e4\u00e4 ihottumaa.","breadcrumb":{"@id":"https:\/\/naturalpoland.com\/fi\/tuotteet\/laaketeollisuuden-tuotteet\/ravintolisien-ainesosat\/koentsyymi-q10\/#breadcrumb"},"inLanguage":"fi","potentialAction":[{"@type":"ReadAction","target":["https:\/\/naturalpoland.com\/fi\/tuotteet\/laaketeollisuuden-tuotteet\/ravintolisien-ainesosat\/koentsyymi-q10\/"]}]},{"@type":"ImageObject","inLanguage":"fi","@id":"https:\/\/naturalpoland.com\/fi\/tuotteet\/laaketeollisuuden-tuotteet\/ravintolisien-ainesosat\/koentsyymi-q10\/#primaryimage","url":"https:\/\/naturalpoland.com\/wp-content\/uploads\/2021\/05\/coenzyme-q10.jpg","contentUrl":"https:\/\/naturalpoland.com\/wp-content\/uploads\/2021\/05\/coenzyme-q10.jpg","width":288,"height":175},{"@type":"BreadcrumbList","@id":"https:\/\/naturalpoland.com\/fi\/tuotteet\/laaketeollisuuden-tuotteet\/ravintolisien-ainesosat\/koentsyymi-q10\/#breadcrumb","itemListElement":[{"@type":"ListItem","position":1,"name":"Etusivu","item":"https:\/\/naturalpoland.com\/fi\/"},{"@type":"ListItem","position":2,"name":"Tuotteet","item":"https:\/\/naturalpoland.com\/fi\/tuotteet\/"},{"@type":"ListItem","position":3,"name":"Koentsyymi Q10"}]},{"@type":"WebSite","@id":"https:\/\/naturalpoland.com\/fi\/#website","url":"https:\/\/naturalpoland.com\/fi\/","name":"NATURAL POLAND - RAAKA-AINEIDEN TUKKUJAKELIJA","description":"Surowce dla przemys\u0142u spo\u017cywczego, kosmetycznego i farmaceutycznego","publisher":{"@id":"https:\/\/naturalpoland.com\/fi\/#organization"},"potentialAction":[{"@type":"SearchAction","target":{"@type":"EntryPoint","urlTemplate":"https:\/\/naturalpoland.com\/fi\/?s={search_term_string}"},"query-input":{"@type":"PropertyValueSpecification","valueRequired":true,"valueName":"search_term_string"}}],"inLanguage":"fi"},{"@type":"Organization","@id":"https:\/\/naturalpoland.com\/fi\/#organization","name":"Natural Poland","url":"https:\/\/naturalpoland.com\/fi\/","logo":{"@type":"ImageObject","inLanguage":"fi","@id":"https:\/\/naturalpoland.com\/fi\/#\/schema\/logo\/image\/","url":"https:\/\/naturalpoland.com\/wp-content\/uploads\/2021\/05\/natural-poland-icon.png","contentUrl":"https:\/\/naturalpoland.com\/wp-content\/uploads\/2021\/05\/natural-poland-icon.png","width":512,"height":512,"caption":"Natural Poland"},"image":{"@id":"https:\/\/naturalpoland.com\/fi\/#\/schema\/logo\/image\/"},"sameAs":["https:\/\/www.facebook.com\/naturalpoland.b2b","https:\/\/pl.linkedin.com\/company\/natural-poland","https:\/\/www.youtube.com\/channel\/UCgeGGkvOMahZo-xu_MSEWxg"]}]}},"_links":{"self":[{"href":"https:\/\/naturalpoland.com\/fi\/wp-json\/wp\/v2\/product\/10110","targetHints":{"allow":["GET"]}}],"collection":[{"href":"https:\/\/naturalpoland.com\/fi\/wp-json\/wp\/v2\/product"}],"about":[{"href":"https:\/\/naturalpoland.com\/fi\/wp-json\/wp\/v2\/types\/product"}],"wp:featuredmedia":[{"embeddable":true,"href":"https:\/\/naturalpoland.com\/fi\/wp-json\/wp\/v2\/media\/10114"}],"wp:attachment":[{"href":"https:\/\/naturalpoland.com\/fi\/wp-json\/wp\/v2\/media?parent=10110"}],"wp:term":[{"taxonomy":"product_brand","embeddable":true,"href":"https:\/\/naturalpoland.com\/fi\/wp-json\/wp\/v2\/product_brand?post=10110"},{"taxonomy":"product_cat","embeddable":true,"href":"https:\/\/naturalpoland.com\/fi\/wp-json\/wp\/v2\/product_cat?post=10110"},{"taxonomy":"product_tag","embeddable":true,"href":"https:\/\/naturalpoland.com\/fi\/wp-json\/wp\/v2\/product_tag?post=10110"}],"curies":[{"name":"wp","href":"https:\/\/api.w.org\/{rel}","templated":true}]}}