{"id":10158,"date":"2021-05-11T13:46:11","date_gmt":"2021-09-16T10:28:10","guid":{"rendered":"https:\/\/naturalpoland.pl\/produkty\/Ei-luokiteltu\/tryffeli-macerate\/"},"modified":"2024-09-17T11:44:17","modified_gmt":"2024-09-17T09:44:17","slug":"tryffeli-macerate","status":"publish","type":"product","link":"https:\/\/naturalpoland.com\/fi\/tuotteet\/kosmetiikkateollisuuden-tuotteet\/maseraatit\/tryffeli-macerate\/","title":{"rendered":"Tryffeli macerate"},"content":{"rendered":"<p>Tryffelimaceraatti toimii parhaiten kyps\u00e4n ihon hoidossa. S\u00e4\u00e4nn\u00f6llisesti k\u00e4ytettyn\u00e4 se palauttaa ihon joustavuuden, sileyden ja kosteuttaa sit\u00e4 syv\u00e4sti. T\u00e4m\u00e4n ansiosta h\u00e4n n\u00e4ytt\u00e4\u00e4 paljon nuoremmalta. Lis\u00e4ksi se tukee ihon uudistumista ja elvytt\u00e4mist\u00e4. Maseraatti on v\u00e4rilt\u00e4\u00e4n keltainen, ja siin\u00e4 on ominainen herkk\u00e4 aromi, joka imeytyy nopeasti. J\u00e4tt\u00e4\u00e4 herk\u00e4n kalvon iholle. Sit\u00e4 voidaan k\u00e4ytt\u00e4\u00e4 hiuksiin kosteuttamaan niit\u00e4 ja v\u00e4hent\u00e4m\u00e4\u00e4n p\u00f6rr\u00f6isyytt\u00e4 ja rikkoutumista. Tuote sopii k\u00e4ytett\u00e4v\u00e4ksi ylellisiss\u00e4 voiteissa, seerumeissa ja muissa ihonhoitotuotteissa.<\/p>\n","protected":false},"excerpt":{"rendered":"<p><strong>Tryffelimakeraatti<\/strong> saadaan maseroimalla tryffeliuutetta (Tuber Aestivum Extract) korkealaatuisessa auringonkukka\u00f6ljyss\u00e4 (Helianthus Annus Seed Oil). Se sis\u00e4lt\u00e4\u00e4 runsaasti B-vitamiineja, se sis\u00e4lt\u00e4\u00e4 my\u00f6s ergosterolia, D-vitamiinin edelt\u00e4j\u00e4\u00e4. Lis\u00e4ksi se sis\u00e4lt\u00e4\u00e4 my\u00f6s AHA: ta ja omega-3-happoja.<\/p>\n","protected":false},"featured_media":35629,"template":"","meta":[],"product_brand":[],"product_cat":[540],"product_tag":[],"class_list":{"0":"post-10158","1":"product","2":"type-product","3":"status-publish","4":"has-post-thumbnail","6":"product_cat-maseraatit","8":"first","9":"instock","10":"shipping-taxable","11":"product-type-simple"},"yoast_head":"<!-- This site is optimized with the Yoast SEO plugin v27.4 - https:\/\/yoast.com\/product\/yoast-seo-wordpress\/ -->\n<title>Tryffeli macerate - NATURAL POLAND - RAAKA-AINEIDEN TUKKUJAKELIJA<\/title>\n<meta name=\"description\" content=\"Tryffelimaseraatti edist\u00e4\u00e4 ihon uudistumista, lis\u00e4\u00e4 ihon kimmoisuutta, v\u00e4hent\u00e4\u00e4 ryppyj\u00e4 ja parantaa ihon yleist\u00e4 ulkon\u00e4k\u00f6\u00e4 ja kuntoa.\" \/>\n<meta name=\"robots\" content=\"index, follow, max-snippet:-1, max-image-preview:large, max-video-preview:-1\" \/>\n<link rel=\"canonical\" href=\"https:\/\/naturalpoland.com\/fi\/tuotteet\/kosmetiikkateollisuuden-tuotteet\/maseraatit\/tryffeli-macerate\/\" \/>\n<meta property=\"og:locale\" content=\"fi_FI\" \/>\n<meta property=\"og:type\" content=\"article\" \/>\n<meta property=\"og:title\" content=\"Tryffeli macerate - NATURAL POLAND - RAAKA-AINEIDEN TUKKUJAKELIJA\" \/>\n<meta property=\"og:description\" content=\"Tryffelimaseraatti edist\u00e4\u00e4 ihon uudistumista, lis\u00e4\u00e4 ihon kimmoisuutta, v\u00e4hent\u00e4\u00e4 ryppyj\u00e4 ja parantaa ihon yleist\u00e4 ulkon\u00e4k\u00f6\u00e4 ja kuntoa.\" \/>\n<meta property=\"og:url\" content=\"https:\/\/naturalpoland.com\/fi\/tuotteet\/kosmetiikkateollisuuden-tuotteet\/maseraatit\/tryffeli-macerate\/\" \/>\n<meta property=\"og:site_name\" content=\"NATURAL POLAND - RAAKA-AINEIDEN TUKKUJAKELIJA\" \/>\n<meta property=\"article:publisher\" content=\"https:\/\/www.facebook.com\/naturalpoland.b2b\" \/>\n<meta property=\"article:modified_time\" content=\"2024-09-17T09:44:17+00:00\" \/>\n<meta property=\"og:image\" content=\"https:\/\/naturalpoland.com\/wp-content\/uploads\/macerat-z-trufli.webp\" \/>\n\t<meta property=\"og:image:width\" content=\"619\" \/>\n\t<meta property=\"og:image:height\" content=\"619\" \/>\n\t<meta property=\"og:image:type\" content=\"image\/webp\" \/>\n<script type=\"application\/ld+json\" class=\"yoast-schema-graph\">{\"@context\":\"https:\\\/\\\/schema.org\",\"@graph\":[{\"@type\":\"WebPage\",\"@id\":\"https:\\\/\\\/naturalpoland.com\\\/fi\\\/tuotteet\\\/kosmetiikkateollisuuden-tuotteet\\\/maseraatit\\\/tryffeli-macerate\\\/\",\"url\":\"https:\\\/\\\/naturalpoland.com\\\/fi\\\/tuotteet\\\/kosmetiikkateollisuuden-tuotteet\\\/maseraatit\\\/tryffeli-macerate\\\/\",\"name\":\"Tryffeli macerate - NATURAL POLAND - RAAKA-AINEIDEN TUKKUJAKELIJA\",\"isPartOf\":{\"@id\":\"https:\\\/\\\/naturalpoland.com\\\/fi\\\/#website\"},\"primaryImageOfPage\":{\"@id\":\"https:\\\/\\\/naturalpoland.com\\\/fi\\\/tuotteet\\\/kosmetiikkateollisuuden-tuotteet\\\/maseraatit\\\/tryffeli-macerate\\\/#primaryimage\"},\"image\":{\"@id\":\"https:\\\/\\\/naturalpoland.com\\\/fi\\\/tuotteet\\\/kosmetiikkateollisuuden-tuotteet\\\/maseraatit\\\/tryffeli-macerate\\\/#primaryimage\"},\"thumbnailUrl\":\"https:\\\/\\\/naturalpoland.com\\\/wp-content\\\/uploads\\\/macerat-z-trufli.webp\",\"datePublished\":\"2021-09-16T10:28:10+00:00\",\"dateModified\":\"2024-09-17T09:44:17+00:00\",\"description\":\"Tryffelimaseraatti edist\u00e4\u00e4 ihon uudistumista, lis\u00e4\u00e4 ihon kimmoisuutta, v\u00e4hent\u00e4\u00e4 ryppyj\u00e4 ja parantaa ihon yleist\u00e4 ulkon\u00e4k\u00f6\u00e4 ja kuntoa.\",\"breadcrumb\":{\"@id\":\"https:\\\/\\\/naturalpoland.com\\\/fi\\\/tuotteet\\\/kosmetiikkateollisuuden-tuotteet\\\/maseraatit\\\/tryffeli-macerate\\\/#breadcrumb\"},\"inLanguage\":\"fi\",\"potentialAction\":[{\"@type\":\"ReadAction\",\"target\":[\"https:\\\/\\\/naturalpoland.com\\\/fi\\\/tuotteet\\\/kosmetiikkateollisuuden-tuotteet\\\/maseraatit\\\/tryffeli-macerate\\\/\"]}]},{\"@type\":\"ImageObject\",\"inLanguage\":\"fi\",\"@id\":\"https:\\\/\\\/naturalpoland.com\\\/fi\\\/tuotteet\\\/kosmetiikkateollisuuden-tuotteet\\\/maseraatit\\\/tryffeli-macerate\\\/#primaryimage\",\"url\":\"https:\\\/\\\/naturalpoland.com\\\/wp-content\\\/uploads\\\/macerat-z-trufli.webp\",\"contentUrl\":\"https:\\\/\\\/naturalpoland.com\\\/wp-content\\\/uploads\\\/macerat-z-trufli.webp\",\"width\":619,\"height\":619,\"caption\":\"macerat z trufli\"},{\"@type\":\"BreadcrumbList\",\"@id\":\"https:\\\/\\\/naturalpoland.com\\\/fi\\\/tuotteet\\\/kosmetiikkateollisuuden-tuotteet\\\/maseraatit\\\/tryffeli-macerate\\\/#breadcrumb\",\"itemListElement\":[{\"@type\":\"ListItem\",\"position\":1,\"name\":\"Etusivu\",\"item\":\"https:\\\/\\\/naturalpoland.com\\\/fi\\\/\"},{\"@type\":\"ListItem\",\"position\":2,\"name\":\"Tuotteet\",\"item\":\"https:\\\/\\\/naturalpoland.com\\\/fi\\\/tuotteet\\\/\"},{\"@type\":\"ListItem\",\"position\":3,\"name\":\"Tryffeli macerate\"}]},{\"@type\":\"WebSite\",\"@id\":\"https:\\\/\\\/naturalpoland.com\\\/fi\\\/#website\",\"url\":\"https:\\\/\\\/naturalpoland.com\\\/fi\\\/\",\"name\":\"NATURAL POLAND - RAAKA-AINEIDEN TUKKUJAKELIJA\",\"description\":\"Surowce dla przemys\u0142u spo\u017cywczego, kosmetycznego i farmaceutycznego\",\"publisher\":{\"@id\":\"https:\\\/\\\/naturalpoland.com\\\/fi\\\/#organization\"},\"potentialAction\":[{\"@type\":\"SearchAction\",\"target\":{\"@type\":\"EntryPoint\",\"urlTemplate\":\"https:\\\/\\\/naturalpoland.com\\\/fi\\\/?s={search_term_string}\"},\"query-input\":{\"@type\":\"PropertyValueSpecification\",\"valueRequired\":true,\"valueName\":\"search_term_string\"}}],\"inLanguage\":\"fi\"},{\"@type\":\"Organization\",\"@id\":\"https:\\\/\\\/naturalpoland.com\\\/fi\\\/#organization\",\"name\":\"Natural Poland\",\"url\":\"https:\\\/\\\/naturalpoland.com\\\/fi\\\/\",\"logo\":{\"@type\":\"ImageObject\",\"inLanguage\":\"fi\",\"@id\":\"https:\\\/\\\/naturalpoland.com\\\/fi\\\/#\\\/schema\\\/logo\\\/image\\\/\",\"url\":\"https:\\\/\\\/naturalpoland.com\\\/wp-content\\\/uploads\\\/2021\\\/05\\\/natural-poland-icon.png\",\"contentUrl\":\"https:\\\/\\\/naturalpoland.com\\\/wp-content\\\/uploads\\\/2021\\\/05\\\/natural-poland-icon.png\",\"width\":512,\"height\":512,\"caption\":\"Natural Poland\"},\"image\":{\"@id\":\"https:\\\/\\\/naturalpoland.com\\\/fi\\\/#\\\/schema\\\/logo\\\/image\\\/\"},\"sameAs\":[\"https:\\\/\\\/www.facebook.com\\\/naturalpoland.b2b\",\"https:\\\/\\\/pl.linkedin.com\\\/company\\\/natural-poland\",\"https:\\\/\\\/www.youtube.com\\\/channel\\\/UCgeGGkvOMahZo-xu_MSEWxg\"]}]}<\/script>\n<!-- \/ Yoast SEO plugin. -->","yoast_head_json":{"title":"Tryffeli macerate - NATURAL POLAND - RAAKA-AINEIDEN TUKKUJAKELIJA","description":"Tryffelimaseraatti edist\u00e4\u00e4 ihon uudistumista, lis\u00e4\u00e4 ihon kimmoisuutta, v\u00e4hent\u00e4\u00e4 ryppyj\u00e4 ja parantaa ihon yleist\u00e4 ulkon\u00e4k\u00f6\u00e4 ja kuntoa.","robots":{"index":"index","follow":"follow","max-snippet":"max-snippet:-1","max-image-preview":"max-image-preview:large","max-video-preview":"max-video-preview:-1"},"canonical":"https:\/\/naturalpoland.com\/fi\/tuotteet\/kosmetiikkateollisuuden-tuotteet\/maseraatit\/tryffeli-macerate\/","og_locale":"fi_FI","og_type":"article","og_title":"Tryffeli macerate - NATURAL POLAND - RAAKA-AINEIDEN TUKKUJAKELIJA","og_description":"Tryffelimaseraatti edist\u00e4\u00e4 ihon uudistumista, lis\u00e4\u00e4 ihon kimmoisuutta, v\u00e4hent\u00e4\u00e4 ryppyj\u00e4 ja parantaa ihon yleist\u00e4 ulkon\u00e4k\u00f6\u00e4 ja kuntoa.","og_url":"https:\/\/naturalpoland.com\/fi\/tuotteet\/kosmetiikkateollisuuden-tuotteet\/maseraatit\/tryffeli-macerate\/","og_site_name":"NATURAL POLAND - RAAKA-AINEIDEN TUKKUJAKELIJA","article_publisher":"https:\/\/www.facebook.com\/naturalpoland.b2b","article_modified_time":"2024-09-17T09:44:17+00:00","og_image":[{"width":619,"height":619,"url":"https:\/\/naturalpoland.com\/wp-content\/uploads\/macerat-z-trufli.webp","type":"image\/webp"}],"schema":{"@context":"https:\/\/schema.org","@graph":[{"@type":"WebPage","@id":"https:\/\/naturalpoland.com\/fi\/tuotteet\/kosmetiikkateollisuuden-tuotteet\/maseraatit\/tryffeli-macerate\/","url":"https:\/\/naturalpoland.com\/fi\/tuotteet\/kosmetiikkateollisuuden-tuotteet\/maseraatit\/tryffeli-macerate\/","name":"Tryffeli macerate - NATURAL POLAND - RAAKA-AINEIDEN TUKKUJAKELIJA","isPartOf":{"@id":"https:\/\/naturalpoland.com\/fi\/#website"},"primaryImageOfPage":{"@id":"https:\/\/naturalpoland.com\/fi\/tuotteet\/kosmetiikkateollisuuden-tuotteet\/maseraatit\/tryffeli-macerate\/#primaryimage"},"image":{"@id":"https:\/\/naturalpoland.com\/fi\/tuotteet\/kosmetiikkateollisuuden-tuotteet\/maseraatit\/tryffeli-macerate\/#primaryimage"},"thumbnailUrl":"https:\/\/naturalpoland.com\/wp-content\/uploads\/macerat-z-trufli.webp","datePublished":"2021-09-16T10:28:10+00:00","dateModified":"2024-09-17T09:44:17+00:00","description":"Tryffelimaseraatti edist\u00e4\u00e4 ihon uudistumista, lis\u00e4\u00e4 ihon kimmoisuutta, v\u00e4hent\u00e4\u00e4 ryppyj\u00e4 ja parantaa ihon yleist\u00e4 ulkon\u00e4k\u00f6\u00e4 ja kuntoa.","breadcrumb":{"@id":"https:\/\/naturalpoland.com\/fi\/tuotteet\/kosmetiikkateollisuuden-tuotteet\/maseraatit\/tryffeli-macerate\/#breadcrumb"},"inLanguage":"fi","potentialAction":[{"@type":"ReadAction","target":["https:\/\/naturalpoland.com\/fi\/tuotteet\/kosmetiikkateollisuuden-tuotteet\/maseraatit\/tryffeli-macerate\/"]}]},{"@type":"ImageObject","inLanguage":"fi","@id":"https:\/\/naturalpoland.com\/fi\/tuotteet\/kosmetiikkateollisuuden-tuotteet\/maseraatit\/tryffeli-macerate\/#primaryimage","url":"https:\/\/naturalpoland.com\/wp-content\/uploads\/macerat-z-trufli.webp","contentUrl":"https:\/\/naturalpoland.com\/wp-content\/uploads\/macerat-z-trufli.webp","width":619,"height":619,"caption":"macerat z trufli"},{"@type":"BreadcrumbList","@id":"https:\/\/naturalpoland.com\/fi\/tuotteet\/kosmetiikkateollisuuden-tuotteet\/maseraatit\/tryffeli-macerate\/#breadcrumb","itemListElement":[{"@type":"ListItem","position":1,"name":"Etusivu","item":"https:\/\/naturalpoland.com\/fi\/"},{"@type":"ListItem","position":2,"name":"Tuotteet","item":"https:\/\/naturalpoland.com\/fi\/tuotteet\/"},{"@type":"ListItem","position":3,"name":"Tryffeli macerate"}]},{"@type":"WebSite","@id":"https:\/\/naturalpoland.com\/fi\/#website","url":"https:\/\/naturalpoland.com\/fi\/","name":"NATURAL POLAND - RAAKA-AINEIDEN TUKKUJAKELIJA","description":"Surowce dla przemys\u0142u spo\u017cywczego, kosmetycznego i farmaceutycznego","publisher":{"@id":"https:\/\/naturalpoland.com\/fi\/#organization"},"potentialAction":[{"@type":"SearchAction","target":{"@type":"EntryPoint","urlTemplate":"https:\/\/naturalpoland.com\/fi\/?s={search_term_string}"},"query-input":{"@type":"PropertyValueSpecification","valueRequired":true,"valueName":"search_term_string"}}],"inLanguage":"fi"},{"@type":"Organization","@id":"https:\/\/naturalpoland.com\/fi\/#organization","name":"Natural Poland","url":"https:\/\/naturalpoland.com\/fi\/","logo":{"@type":"ImageObject","inLanguage":"fi","@id":"https:\/\/naturalpoland.com\/fi\/#\/schema\/logo\/image\/","url":"https:\/\/naturalpoland.com\/wp-content\/uploads\/2021\/05\/natural-poland-icon.png","contentUrl":"https:\/\/naturalpoland.com\/wp-content\/uploads\/2021\/05\/natural-poland-icon.png","width":512,"height":512,"caption":"Natural Poland"},"image":{"@id":"https:\/\/naturalpoland.com\/fi\/#\/schema\/logo\/image\/"},"sameAs":["https:\/\/www.facebook.com\/naturalpoland.b2b","https:\/\/pl.linkedin.com\/company\/natural-poland","https:\/\/www.youtube.com\/channel\/UCgeGGkvOMahZo-xu_MSEWxg"]}]}},"_links":{"self":[{"href":"https:\/\/naturalpoland.com\/fi\/wp-json\/wp\/v2\/product\/10158","targetHints":{"allow":["GET"]}}],"collection":[{"href":"https:\/\/naturalpoland.com\/fi\/wp-json\/wp\/v2\/product"}],"about":[{"href":"https:\/\/naturalpoland.com\/fi\/wp-json\/wp\/v2\/types\/product"}],"wp:featuredmedia":[{"embeddable":true,"href":"https:\/\/naturalpoland.com\/fi\/wp-json\/wp\/v2\/media\/35629"}],"wp:attachment":[{"href":"https:\/\/naturalpoland.com\/fi\/wp-json\/wp\/v2\/media?parent=10158"}],"wp:term":[{"taxonomy":"product_brand","embeddable":true,"href":"https:\/\/naturalpoland.com\/fi\/wp-json\/wp\/v2\/product_brand?post=10158"},{"taxonomy":"product_cat","embeddable":true,"href":"https:\/\/naturalpoland.com\/fi\/wp-json\/wp\/v2\/product_cat?post=10158"},{"taxonomy":"product_tag","embeddable":true,"href":"https:\/\/naturalpoland.com\/fi\/wp-json\/wp\/v2\/product_tag?post=10158"}],"curies":[{"name":"wp","href":"https:\/\/api.w.org\/{rel}","templated":true}]}}