{"id":10216,"date":"2021-05-11T13:52:33","date_gmt":"2021-09-16T10:28:55","guid":{"rendered":"https:\/\/naturalpoland.pl\/produkty\/Ei-luokiteltu\/valkoinen-mulperin-hedelma\/"},"modified":"2024-09-18T14:00:37","modified_gmt":"2024-09-18T12:00:37","slug":"hedelma-mulperi-valkoinen","status":"publish","type":"product","link":"https:\/\/naturalpoland.com\/fi\/tuotteet\/kasvituotteet\/hedelma-mulperi-valkoinen\/","title":{"rendered":"Valkoinen mulperin hedelm\u00e4"},"content":{"rendered":"<h2>Valkoisen mulperin terveysominaisuudet:<\/h2>\n<p>  Kuivattu valkoinen mulperinmarja sis\u00e4lt\u00e4\u00e4 runsaasti C-vitamiinia, joka toimii tehokkaana antioksidanttina, tukee immuunij\u00e4rjestelm\u00e4\u00e4 ja suojaa elimist\u00f6\u00e4 vapailta radikaaleilta.<br \/>\nHedelm\u00e4 sis\u00e4lt\u00e4\u00e4 my\u00f6s rautaa, kaliumia, fosforia ja magnesiumia, jotka tukevat verenkierto- ja lihaksistoa.<br \/>\nLis\u00e4ksi valkoinen mulperinmarja sis\u00e4lt\u00e4\u00e4 runsaasti polyfenoleja, kuten <strong>resveratrolia<\/strong>, joilla on voimakkaita antioksidanttisia ja tulehdusta ehk\u00e4isevi\u00e4 vaikutuksia.<br \/>\nMulperin hedelm\u00e4 on my\u00f6s <strong>ravintokuidun<\/strong> l\u00e4hde, joka parantaa suoliston peristaltiikkaa, edist\u00e4\u00e4 ruoansulatusta ja ehk\u00e4isee ummetusta.<br \/>\nSuurimman suosionsa valkoinen mulperinmarja saa kuitenkin aineesta, joka est\u00e4\u00e4 sokerien hajoamista.     H\u00e4nen ansiostaan n\u00e4it\u00e4 makeita hedelmi\u00e4 k\u00e4ytet\u00e4\u00e4n taistelussa tarpeettomia kiloja vastaan ja ne voivat olla t\u00e4rke\u00e4 osa diabetesta sairastavien ruokavaliota. Mulberry auttaa alentamaan verensokeria ja kolesterolia. Se v\u00e4hent\u00e4\u00e4 my\u00f6s makean ruokahalua.  <\/p>\n<h2>Valkoisen mulperin hedelmien k\u00e4ytt\u00f6:<\/h2>\n<p>  Kuivattuja mulperin hedelmi\u00e4 voidaan k\u00e4ytt\u00e4\u00e4 infuusioiden ja keittojen valmistukseen.<br \/>\nSen maku on makea ja hieman p\u00e4hkin\u00e4inen, ja se sopii moniin resepteihin, sek\u00e4 makeisiin ett\u00e4 suolaisiin.<br \/>\nKuivattuja hedelmi\u00e4 voi sy\u00f6d\u00e4 my\u00f6s sellaisenaan ja lis\u00e4t\u00e4 kaurapuuroon, mysliin, smoothieihin, makeisiin leivonnaisiin, salaatteihin tai j\u00e4lkiruokiin.    &nbsp;<\/p>\n","protected":false},"excerpt":{"rendered":"<p>Valkoisen mulperin<em>(Morus alba<\/em>) hedelm\u00e4 muistuttaa muodoltaan vadelmaa tai karhunvatukkaa.<br \/>\nSe on per\u00e4isin Aasiasta, ja sit\u00e4 viljell\u00e4\u00e4n nyky\u00e4\u00e4n my\u00f6s Euroopassa ja Amerikassa.<br \/>\nSen maku on makea ja hieman mauton.<br \/>\nKuivattu valkoinen mulperi s\u00e4ilytt\u00e4\u00e4 ravintoaineita: kuitua, C-vitamiinia, rautaa, kaliumia ja antioksidantteja.   <\/p>\n","protected":false},"featured_media":35707,"template":"","meta":{"_acf_changed":false},"product_brand":[],"product_cat":[548],"product_tag":[],"class_list":{"0":"post-10216","1":"product","2":"type-product","3":"status-publish","4":"has-post-thumbnail","6":"product_cat-kasvituotteet","8":"first","9":"instock","10":"shipping-taxable","11":"product-type-simple"},"acf":[],"yoast_head":"<!-- This site is optimized with the Yoast SEO plugin v27.5 - https:\/\/yoast.com\/product\/yoast-seo-wordpress\/ -->\n<title>Valkoinen mulperin hedelm\u00e4 - NATURAL POLAND - RAAKA-AINEIDEN TUKKUJAKELIJA<\/title>\n<meta name=\"description\" content=\"Valkoisella mulperinmarjalla on tulehdusta ehk\u00e4isevi\u00e4 vaikutuksia, se auttaa torjumaan liikalihavuutta ja s\u00e4\u00e4telee kolesteroli- ja verensokeritasoja.\" \/>\n<meta name=\"robots\" content=\"index, follow, max-snippet:-1, max-image-preview:large, max-video-preview:-1\" \/>\n<link rel=\"canonical\" href=\"https:\/\/naturalpoland.com\/fi\/tuotteet\/kasvituotteet\/hedelma-mulperi-valkoinen\/\" \/>\n<meta property=\"og:locale\" content=\"fi_FI\" \/>\n<meta property=\"og:type\" content=\"article\" \/>\n<meta property=\"og:title\" content=\"Valkoinen mulperin hedelm\u00e4 - NATURAL POLAND - RAAKA-AINEIDEN TUKKUJAKELIJA\" \/>\n<meta property=\"og:description\" content=\"Valkoisella mulperinmarjalla on tulehdusta ehk\u00e4isevi\u00e4 vaikutuksia, se auttaa torjumaan liikalihavuutta ja s\u00e4\u00e4telee kolesteroli- ja verensokeritasoja.\" \/>\n<meta property=\"og:url\" content=\"https:\/\/naturalpoland.com\/fi\/tuotteet\/kasvituotteet\/hedelma-mulperi-valkoinen\/\" \/>\n<meta property=\"og:site_name\" content=\"NATURAL POLAND - RAAKA-AINEIDEN TUKKUJAKELIJA\" \/>\n<meta property=\"article:publisher\" content=\"https:\/\/www.facebook.com\/naturalpoland.b2b\" \/>\n<meta property=\"article:modified_time\" content=\"2024-09-18T12:00:37+00:00\" \/>\n<meta property=\"og:image\" content=\"https:\/\/naturalpoland.com\/wp-content\/uploads\/owoc-morwy-bialej.webp\" \/>\n\t<meta property=\"og:image:width\" content=\"700\" \/>\n\t<meta property=\"og:image:height\" content=\"700\" \/>\n\t<meta property=\"og:image:type\" content=\"image\/webp\" \/>\n<script type=\"application\/ld+json\" class=\"yoast-schema-graph\">{\"@context\":\"https:\\\/\\\/schema.org\",\"@graph\":[{\"@type\":\"WebPage\",\"@id\":\"https:\\\/\\\/naturalpoland.com\\\/fi\\\/tuotteet\\\/kasvituotteet\\\/hedelma-mulperi-valkoinen\\\/\",\"url\":\"https:\\\/\\\/naturalpoland.com\\\/fi\\\/tuotteet\\\/kasvituotteet\\\/hedelma-mulperi-valkoinen\\\/\",\"name\":\"Valkoinen mulperin hedelm\u00e4 - NATURAL POLAND - RAAKA-AINEIDEN TUKKUJAKELIJA\",\"isPartOf\":{\"@id\":\"https:\\\/\\\/naturalpoland.com\\\/fi\\\/#website\"},\"primaryImageOfPage\":{\"@id\":\"https:\\\/\\\/naturalpoland.com\\\/fi\\\/tuotteet\\\/kasvituotteet\\\/hedelma-mulperi-valkoinen\\\/#primaryimage\"},\"image\":{\"@id\":\"https:\\\/\\\/naturalpoland.com\\\/fi\\\/tuotteet\\\/kasvituotteet\\\/hedelma-mulperi-valkoinen\\\/#primaryimage\"},\"thumbnailUrl\":\"https:\\\/\\\/naturalpoland.com\\\/wp-content\\\/uploads\\\/owoc-morwy-bialej.webp\",\"datePublished\":\"2021-09-16T10:28:55+00:00\",\"dateModified\":\"2024-09-18T12:00:37+00:00\",\"description\":\"Valkoisella mulperinmarjalla on tulehdusta ehk\u00e4isevi\u00e4 vaikutuksia, se auttaa torjumaan liikalihavuutta ja s\u00e4\u00e4telee kolesteroli- ja verensokeritasoja.\",\"breadcrumb\":{\"@id\":\"https:\\\/\\\/naturalpoland.com\\\/fi\\\/tuotteet\\\/kasvituotteet\\\/hedelma-mulperi-valkoinen\\\/#breadcrumb\"},\"inLanguage\":\"fi\",\"potentialAction\":[{\"@type\":\"ReadAction\",\"target\":[\"https:\\\/\\\/naturalpoland.com\\\/fi\\\/tuotteet\\\/kasvituotteet\\\/hedelma-mulperi-valkoinen\\\/\"]}]},{\"@type\":\"ImageObject\",\"inLanguage\":\"fi\",\"@id\":\"https:\\\/\\\/naturalpoland.com\\\/fi\\\/tuotteet\\\/kasvituotteet\\\/hedelma-mulperi-valkoinen\\\/#primaryimage\",\"url\":\"https:\\\/\\\/naturalpoland.com\\\/wp-content\\\/uploads\\\/owoc-morwy-bialej.webp\",\"contentUrl\":\"https:\\\/\\\/naturalpoland.com\\\/wp-content\\\/uploads\\\/owoc-morwy-bialej.webp\",\"width\":700,\"height\":700,\"caption\":\"owoce morwy bia\u0142ej\"},{\"@type\":\"BreadcrumbList\",\"@id\":\"https:\\\/\\\/naturalpoland.com\\\/fi\\\/tuotteet\\\/kasvituotteet\\\/hedelma-mulperi-valkoinen\\\/#breadcrumb\",\"itemListElement\":[{\"@type\":\"ListItem\",\"position\":1,\"name\":\"Etusivu\",\"item\":\"https:\\\/\\\/naturalpoland.com\\\/fi\\\/\"},{\"@type\":\"ListItem\",\"position\":2,\"name\":\"Tuotteet\",\"item\":\"https:\\\/\\\/naturalpoland.com\\\/fi\\\/tuotteet\\\/\"},{\"@type\":\"ListItem\",\"position\":3,\"name\":\"Valkoinen mulperin hedelm\u00e4\"}]},{\"@type\":\"WebSite\",\"@id\":\"https:\\\/\\\/naturalpoland.com\\\/fi\\\/#website\",\"url\":\"https:\\\/\\\/naturalpoland.com\\\/fi\\\/\",\"name\":\"NATURAL POLAND - RAAKA-AINEIDEN TUKKUJAKELIJA\",\"description\":\"Surowce dla przemys\u0142u spo\u017cywczego, kosmetycznego i farmaceutycznego\",\"publisher\":{\"@id\":\"https:\\\/\\\/naturalpoland.com\\\/fi\\\/#organization\"},\"potentialAction\":[{\"@type\":\"SearchAction\",\"target\":{\"@type\":\"EntryPoint\",\"urlTemplate\":\"https:\\\/\\\/naturalpoland.com\\\/fi\\\/?s={search_term_string}\"},\"query-input\":{\"@type\":\"PropertyValueSpecification\",\"valueRequired\":true,\"valueName\":\"search_term_string\"}}],\"inLanguage\":\"fi\"},{\"@type\":\"Organization\",\"@id\":\"https:\\\/\\\/naturalpoland.com\\\/fi\\\/#organization\",\"name\":\"Natural Poland\",\"url\":\"https:\\\/\\\/naturalpoland.com\\\/fi\\\/\",\"logo\":{\"@type\":\"ImageObject\",\"inLanguage\":\"fi\",\"@id\":\"https:\\\/\\\/naturalpoland.com\\\/fi\\\/#\\\/schema\\\/logo\\\/image\\\/\",\"url\":\"https:\\\/\\\/naturalpoland.com\\\/wp-content\\\/uploads\\\/2021\\\/05\\\/natural-poland-icon.png\",\"contentUrl\":\"https:\\\/\\\/naturalpoland.com\\\/wp-content\\\/uploads\\\/2021\\\/05\\\/natural-poland-icon.png\",\"width\":512,\"height\":512,\"caption\":\"Natural Poland\"},\"image\":{\"@id\":\"https:\\\/\\\/naturalpoland.com\\\/fi\\\/#\\\/schema\\\/logo\\\/image\\\/\"},\"sameAs\":[\"https:\\\/\\\/www.facebook.com\\\/naturalpoland.b2b\",\"https:\\\/\\\/pl.linkedin.com\\\/company\\\/natural-poland\",\"https:\\\/\\\/www.youtube.com\\\/channel\\\/UCgeGGkvOMahZo-xu_MSEWxg\"]}]}<\/script>\n<!-- \/ Yoast SEO plugin. -->","yoast_head_json":{"title":"Valkoinen mulperin hedelm\u00e4 - NATURAL POLAND - RAAKA-AINEIDEN TUKKUJAKELIJA","description":"Valkoisella mulperinmarjalla on tulehdusta ehk\u00e4isevi\u00e4 vaikutuksia, se auttaa torjumaan liikalihavuutta ja s\u00e4\u00e4telee kolesteroli- ja verensokeritasoja.","robots":{"index":"index","follow":"follow","max-snippet":"max-snippet:-1","max-image-preview":"max-image-preview:large","max-video-preview":"max-video-preview:-1"},"canonical":"https:\/\/naturalpoland.com\/fi\/tuotteet\/kasvituotteet\/hedelma-mulperi-valkoinen\/","og_locale":"fi_FI","og_type":"article","og_title":"Valkoinen mulperin hedelm\u00e4 - NATURAL POLAND - RAAKA-AINEIDEN TUKKUJAKELIJA","og_description":"Valkoisella mulperinmarjalla on tulehdusta ehk\u00e4isevi\u00e4 vaikutuksia, se auttaa torjumaan liikalihavuutta ja s\u00e4\u00e4telee kolesteroli- ja verensokeritasoja.","og_url":"https:\/\/naturalpoland.com\/fi\/tuotteet\/kasvituotteet\/hedelma-mulperi-valkoinen\/","og_site_name":"NATURAL POLAND - RAAKA-AINEIDEN TUKKUJAKELIJA","article_publisher":"https:\/\/www.facebook.com\/naturalpoland.b2b","article_modified_time":"2024-09-18T12:00:37+00:00","og_image":[{"width":700,"height":700,"url":"https:\/\/naturalpoland.com\/wp-content\/uploads\/owoc-morwy-bialej.webp","type":"image\/webp"}],"schema":{"@context":"https:\/\/schema.org","@graph":[{"@type":"WebPage","@id":"https:\/\/naturalpoland.com\/fi\/tuotteet\/kasvituotteet\/hedelma-mulperi-valkoinen\/","url":"https:\/\/naturalpoland.com\/fi\/tuotteet\/kasvituotteet\/hedelma-mulperi-valkoinen\/","name":"Valkoinen mulperin hedelm\u00e4 - NATURAL POLAND - RAAKA-AINEIDEN TUKKUJAKELIJA","isPartOf":{"@id":"https:\/\/naturalpoland.com\/fi\/#website"},"primaryImageOfPage":{"@id":"https:\/\/naturalpoland.com\/fi\/tuotteet\/kasvituotteet\/hedelma-mulperi-valkoinen\/#primaryimage"},"image":{"@id":"https:\/\/naturalpoland.com\/fi\/tuotteet\/kasvituotteet\/hedelma-mulperi-valkoinen\/#primaryimage"},"thumbnailUrl":"https:\/\/naturalpoland.com\/wp-content\/uploads\/owoc-morwy-bialej.webp","datePublished":"2021-09-16T10:28:55+00:00","dateModified":"2024-09-18T12:00:37+00:00","description":"Valkoisella mulperinmarjalla on tulehdusta ehk\u00e4isevi\u00e4 vaikutuksia, se auttaa torjumaan liikalihavuutta ja s\u00e4\u00e4telee kolesteroli- ja verensokeritasoja.","breadcrumb":{"@id":"https:\/\/naturalpoland.com\/fi\/tuotteet\/kasvituotteet\/hedelma-mulperi-valkoinen\/#breadcrumb"},"inLanguage":"fi","potentialAction":[{"@type":"ReadAction","target":["https:\/\/naturalpoland.com\/fi\/tuotteet\/kasvituotteet\/hedelma-mulperi-valkoinen\/"]}]},{"@type":"ImageObject","inLanguage":"fi","@id":"https:\/\/naturalpoland.com\/fi\/tuotteet\/kasvituotteet\/hedelma-mulperi-valkoinen\/#primaryimage","url":"https:\/\/naturalpoland.com\/wp-content\/uploads\/owoc-morwy-bialej.webp","contentUrl":"https:\/\/naturalpoland.com\/wp-content\/uploads\/owoc-morwy-bialej.webp","width":700,"height":700,"caption":"owoce morwy bia\u0142ej"},{"@type":"BreadcrumbList","@id":"https:\/\/naturalpoland.com\/fi\/tuotteet\/kasvituotteet\/hedelma-mulperi-valkoinen\/#breadcrumb","itemListElement":[{"@type":"ListItem","position":1,"name":"Etusivu","item":"https:\/\/naturalpoland.com\/fi\/"},{"@type":"ListItem","position":2,"name":"Tuotteet","item":"https:\/\/naturalpoland.com\/fi\/tuotteet\/"},{"@type":"ListItem","position":3,"name":"Valkoinen mulperin hedelm\u00e4"}]},{"@type":"WebSite","@id":"https:\/\/naturalpoland.com\/fi\/#website","url":"https:\/\/naturalpoland.com\/fi\/","name":"NATURAL POLAND - RAAKA-AINEIDEN TUKKUJAKELIJA","description":"Surowce dla przemys\u0142u spo\u017cywczego, kosmetycznego i farmaceutycznego","publisher":{"@id":"https:\/\/naturalpoland.com\/fi\/#organization"},"potentialAction":[{"@type":"SearchAction","target":{"@type":"EntryPoint","urlTemplate":"https:\/\/naturalpoland.com\/fi\/?s={search_term_string}"},"query-input":{"@type":"PropertyValueSpecification","valueRequired":true,"valueName":"search_term_string"}}],"inLanguage":"fi"},{"@type":"Organization","@id":"https:\/\/naturalpoland.com\/fi\/#organization","name":"Natural Poland","url":"https:\/\/naturalpoland.com\/fi\/","logo":{"@type":"ImageObject","inLanguage":"fi","@id":"https:\/\/naturalpoland.com\/fi\/#\/schema\/logo\/image\/","url":"https:\/\/naturalpoland.com\/wp-content\/uploads\/2021\/05\/natural-poland-icon.png","contentUrl":"https:\/\/naturalpoland.com\/wp-content\/uploads\/2021\/05\/natural-poland-icon.png","width":512,"height":512,"caption":"Natural Poland"},"image":{"@id":"https:\/\/naturalpoland.com\/fi\/#\/schema\/logo\/image\/"},"sameAs":["https:\/\/www.facebook.com\/naturalpoland.b2b","https:\/\/pl.linkedin.com\/company\/natural-poland","https:\/\/www.youtube.com\/channel\/UCgeGGkvOMahZo-xu_MSEWxg"]}]}},"_links":{"self":[{"href":"https:\/\/naturalpoland.com\/fi\/wp-json\/wp\/v2\/product\/10216","targetHints":{"allow":["GET"]}}],"collection":[{"href":"https:\/\/naturalpoland.com\/fi\/wp-json\/wp\/v2\/product"}],"about":[{"href":"https:\/\/naturalpoland.com\/fi\/wp-json\/wp\/v2\/types\/product"}],"wp:featuredmedia":[{"embeddable":true,"href":"https:\/\/naturalpoland.com\/fi\/wp-json\/wp\/v2\/media\/35707"}],"wp:attachment":[{"href":"https:\/\/naturalpoland.com\/fi\/wp-json\/wp\/v2\/media?parent=10216"}],"wp:term":[{"taxonomy":"product_brand","embeddable":true,"href":"https:\/\/naturalpoland.com\/fi\/wp-json\/wp\/v2\/product_brand?post=10216"},{"taxonomy":"product_cat","embeddable":true,"href":"https:\/\/naturalpoland.com\/fi\/wp-json\/wp\/v2\/product_cat?post=10216"},{"taxonomy":"product_tag","embeddable":true,"href":"https:\/\/naturalpoland.com\/fi\/wp-json\/wp\/v2\/product_tag?post=10216"}],"curies":[{"name":"wp","href":"https:\/\/api.w.org\/{rel}","templated":true}]}}