{"id":10284,"date":"2021-05-11T13:53:46","date_gmt":"2021-09-16T10:30:01","guid":{"rendered":"https:\/\/naturalpoland.pl\/produkty\/Ei-luokiteltu\/aprikoosin-ytimen-kuorinta\/"},"modified":"2021-09-16T12:30:01","modified_gmt":"2021-09-16T10:30:01","slug":"aprikoosin-siementen-kuorinta","status":"publish","type":"product","link":"https:\/\/naturalpoland.com\/fi\/tuotteet\/kosmetiikkateollisuuden-tuotteet\/kuorinta-aineet\/aprikoosin-siementen-kuorinta\/","title":{"rendered":"Aprikoosin ytimen kuorinta"},"content":{"rendered":"<p>Aprikoosinsiemenkuorinta k\u00e4ytet\u00e4\u00e4n geelien, saippuoiden lis\u00e4aineena tai pohjana niiden valmistuksessa. Riitt\u00e4\u00e4, kun lis\u00e4\u00e4t siihen valitun \u00f6ljyn saadaksesi lopullisen kosmetiikan. Sit\u00e4 k\u00e4ytet\u00e4\u00e4n stimuloimaan ihon verenkiertoa, jolloin se n\u00e4ytt\u00e4\u00e4 raikkaalta. Kuorinta tasoittaa n\u00e4kyv\u00e4sti ja stimuloi epidermiksen uudistumista. Se voi my\u00f6s tasoittaa ihon s\u00e4vy\u00e4 ja auttaa v\u00e4hent\u00e4m\u00e4\u00e4n arpia.<\/p>\n","protected":false},"excerpt":{"rendered":"<p><strong>Aprikoosin ytimen kuorinta<\/strong> saadaan sen j\u00e4lkeen, kun ne on jauhettu perusteellisesti jauheeksi, jonka neli\u00f6paino on melko suuri. Se on luonnollinen tuote, jolla on eritt\u00e4in miellytt\u00e4v\u00e4 tuoksu ja rikas koostumus. T\u00e4m\u00e4 kuorinta sis\u00e4lt\u00e4\u00e4 eritt\u00e4in paljon hedelm\u00e4happoja, jotka tukevat mekaanista kuorintaa.<\/p>\n","protected":false},"featured_media":10499,"template":"","meta":[],"product_brand":[],"product_cat":[543],"product_tag":[],"class_list":{"0":"post-10284","1":"product","2":"type-product","3":"status-publish","4":"has-post-thumbnail","6":"product_cat-kuorinta-aineet","8":"first","9":"instock","10":"shipping-taxable","11":"product-type-simple"},"yoast_head":"<!-- This site is optimized with the Yoast SEO plugin v27.4 - https:\/\/yoast.com\/product\/yoast-seo-wordpress\/ -->\n<title>Aprikoosin ytimen kuorinta - Tukkudistribuutio<\/title>\n<meta name=\"robots\" content=\"index, follow, max-snippet:-1, max-image-preview:large, max-video-preview:-1\" \/>\n<link rel=\"canonical\" href=\"https:\/\/naturalpoland.com\/fi\/tuotteet\/kosmetiikkateollisuuden-tuotteet\/kuorinta-aineet\/aprikoosin-siementen-kuorinta\/\" \/>\n<meta property=\"og:locale\" content=\"fi_FI\" \/>\n<meta property=\"og:type\" content=\"article\" \/>\n<meta property=\"og:title\" content=\"Aprikoosin ytimen kuorinta - Tukkudistribuutio\" \/>\n<meta property=\"og:description\" content=\"Aprikoosin ytimen kuorinta saadaan sen j\u00e4lkeen, kun ne on jauhettu perusteellisesti jauheeksi, jonka neli\u00f6paino on melko suuri. Se on luonnollinen tuote, jolla on eritt\u00e4in miellytt\u00e4v\u00e4 tuoksu ja rikas koostumus. T\u00e4m\u00e4 kuorinta sis\u00e4lt\u00e4\u00e4 eritt\u00e4in paljon hedelm\u00e4happoja, jotka tukevat mekaanista kuorintaa.\" \/>\n<meta property=\"og:url\" content=\"https:\/\/naturalpoland.com\/fi\/tuotteet\/kosmetiikkateollisuuden-tuotteet\/kuorinta-aineet\/aprikoosin-siementen-kuorinta\/\" \/>\n<meta property=\"og:site_name\" content=\"NATURAL POLAND - RAAKA-AINEIDEN TUKKUJAKELIJA\" \/>\n<meta property=\"article:publisher\" content=\"https:\/\/www.facebook.com\/naturalpoland.b2b\" \/>\n<meta property=\"og:image\" content=\"https:\/\/naturalpoland.com\/wp-content\/uploads\/peeling-z-pestek-moreli.jpg\" \/>\n\t<meta property=\"og:image:width\" content=\"650\" \/>\n\t<meta property=\"og:image:height\" content=\"650\" \/>\n\t<meta property=\"og:image:type\" content=\"image\/jpeg\" \/>\n<script type=\"application\/ld+json\" class=\"yoast-schema-graph\">{\"@context\":\"https:\\\/\\\/schema.org\",\"@graph\":[{\"@type\":\"WebPage\",\"@id\":\"https:\\\/\\\/naturalpoland.com\\\/fi\\\/tuotteet\\\/kosmetiikkateollisuuden-tuotteet\\\/kuorinta-aineet\\\/aprikoosin-siementen-kuorinta\\\/\",\"url\":\"https:\\\/\\\/naturalpoland.com\\\/fi\\\/tuotteet\\\/kosmetiikkateollisuuden-tuotteet\\\/kuorinta-aineet\\\/aprikoosin-siementen-kuorinta\\\/\",\"name\":\"Aprikoosin ytimen kuorinta - Tukkudistribuutio\",\"isPartOf\":{\"@id\":\"https:\\\/\\\/naturalpoland.com\\\/fi\\\/#website\"},\"primaryImageOfPage\":{\"@id\":\"https:\\\/\\\/naturalpoland.com\\\/fi\\\/tuotteet\\\/kosmetiikkateollisuuden-tuotteet\\\/kuorinta-aineet\\\/aprikoosin-siementen-kuorinta\\\/#primaryimage\"},\"image\":{\"@id\":\"https:\\\/\\\/naturalpoland.com\\\/fi\\\/tuotteet\\\/kosmetiikkateollisuuden-tuotteet\\\/kuorinta-aineet\\\/aprikoosin-siementen-kuorinta\\\/#primaryimage\"},\"thumbnailUrl\":\"https:\\\/\\\/naturalpoland.com\\\/wp-content\\\/uploads\\\/peeling-z-pestek-moreli.jpg\",\"datePublished\":\"2021-09-16T10:30:01+00:00\",\"breadcrumb\":{\"@id\":\"https:\\\/\\\/naturalpoland.com\\\/fi\\\/tuotteet\\\/kosmetiikkateollisuuden-tuotteet\\\/kuorinta-aineet\\\/aprikoosin-siementen-kuorinta\\\/#breadcrumb\"},\"inLanguage\":\"fi\",\"potentialAction\":[{\"@type\":\"ReadAction\",\"target\":[\"https:\\\/\\\/naturalpoland.com\\\/fi\\\/tuotteet\\\/kosmetiikkateollisuuden-tuotteet\\\/kuorinta-aineet\\\/aprikoosin-siementen-kuorinta\\\/\"]}]},{\"@type\":\"ImageObject\",\"inLanguage\":\"fi\",\"@id\":\"https:\\\/\\\/naturalpoland.com\\\/fi\\\/tuotteet\\\/kosmetiikkateollisuuden-tuotteet\\\/kuorinta-aineet\\\/aprikoosin-siementen-kuorinta\\\/#primaryimage\",\"url\":\"https:\\\/\\\/naturalpoland.com\\\/wp-content\\\/uploads\\\/peeling-z-pestek-moreli.jpg\",\"contentUrl\":\"https:\\\/\\\/naturalpoland.com\\\/wp-content\\\/uploads\\\/peeling-z-pestek-moreli.jpg\",\"width\":650,\"height\":650,\"caption\":\"peeling z pestek moreli\"},{\"@type\":\"BreadcrumbList\",\"@id\":\"https:\\\/\\\/naturalpoland.com\\\/fi\\\/tuotteet\\\/kosmetiikkateollisuuden-tuotteet\\\/kuorinta-aineet\\\/aprikoosin-siementen-kuorinta\\\/#breadcrumb\",\"itemListElement\":[{\"@type\":\"ListItem\",\"position\":1,\"name\":\"Etusivu\",\"item\":\"https:\\\/\\\/naturalpoland.com\\\/fi\\\/\"},{\"@type\":\"ListItem\",\"position\":2,\"name\":\"Tuotteet\",\"item\":\"https:\\\/\\\/naturalpoland.com\\\/fi\\\/tuotteet\\\/\"},{\"@type\":\"ListItem\",\"position\":3,\"name\":\"Aprikoosin ytimen kuorinta\"}]},{\"@type\":\"WebSite\",\"@id\":\"https:\\\/\\\/naturalpoland.com\\\/fi\\\/#website\",\"url\":\"https:\\\/\\\/naturalpoland.com\\\/fi\\\/\",\"name\":\"NATURAL POLAND - RAAKA-AINEIDEN TUKKUJAKELIJA\",\"description\":\"Surowce dla przemys\u0142u spo\u017cywczego, kosmetycznego i farmaceutycznego\",\"publisher\":{\"@id\":\"https:\\\/\\\/naturalpoland.com\\\/fi\\\/#organization\"},\"potentialAction\":[{\"@type\":\"SearchAction\",\"target\":{\"@type\":\"EntryPoint\",\"urlTemplate\":\"https:\\\/\\\/naturalpoland.com\\\/fi\\\/?s={search_term_string}\"},\"query-input\":{\"@type\":\"PropertyValueSpecification\",\"valueRequired\":true,\"valueName\":\"search_term_string\"}}],\"inLanguage\":\"fi\"},{\"@type\":\"Organization\",\"@id\":\"https:\\\/\\\/naturalpoland.com\\\/fi\\\/#organization\",\"name\":\"Natural Poland\",\"url\":\"https:\\\/\\\/naturalpoland.com\\\/fi\\\/\",\"logo\":{\"@type\":\"ImageObject\",\"inLanguage\":\"fi\",\"@id\":\"https:\\\/\\\/naturalpoland.com\\\/fi\\\/#\\\/schema\\\/logo\\\/image\\\/\",\"url\":\"https:\\\/\\\/naturalpoland.com\\\/wp-content\\\/uploads\\\/2021\\\/05\\\/natural-poland-icon.png\",\"contentUrl\":\"https:\\\/\\\/naturalpoland.com\\\/wp-content\\\/uploads\\\/2021\\\/05\\\/natural-poland-icon.png\",\"width\":512,\"height\":512,\"caption\":\"Natural Poland\"},\"image\":{\"@id\":\"https:\\\/\\\/naturalpoland.com\\\/fi\\\/#\\\/schema\\\/logo\\\/image\\\/\"},\"sameAs\":[\"https:\\\/\\\/www.facebook.com\\\/naturalpoland.b2b\",\"https:\\\/\\\/pl.linkedin.com\\\/company\\\/natural-poland\",\"https:\\\/\\\/www.youtube.com\\\/channel\\\/UCgeGGkvOMahZo-xu_MSEWxg\"]}]}<\/script>\n<!-- \/ Yoast SEO plugin. -->","yoast_head_json":{"title":"Aprikoosin ytimen kuorinta - Tukkudistribuutio","robots":{"index":"index","follow":"follow","max-snippet":"max-snippet:-1","max-image-preview":"max-image-preview:large","max-video-preview":"max-video-preview:-1"},"canonical":"https:\/\/naturalpoland.com\/fi\/tuotteet\/kosmetiikkateollisuuden-tuotteet\/kuorinta-aineet\/aprikoosin-siementen-kuorinta\/","og_locale":"fi_FI","og_type":"article","og_title":"Aprikoosin ytimen kuorinta - Tukkudistribuutio","og_description":"Aprikoosin ytimen kuorinta saadaan sen j\u00e4lkeen, kun ne on jauhettu perusteellisesti jauheeksi, jonka neli\u00f6paino on melko suuri. Se on luonnollinen tuote, jolla on eritt\u00e4in miellytt\u00e4v\u00e4 tuoksu ja rikas koostumus. T\u00e4m\u00e4 kuorinta sis\u00e4lt\u00e4\u00e4 eritt\u00e4in paljon hedelm\u00e4happoja, jotka tukevat mekaanista kuorintaa.","og_url":"https:\/\/naturalpoland.com\/fi\/tuotteet\/kosmetiikkateollisuuden-tuotteet\/kuorinta-aineet\/aprikoosin-siementen-kuorinta\/","og_site_name":"NATURAL POLAND - RAAKA-AINEIDEN TUKKUJAKELIJA","article_publisher":"https:\/\/www.facebook.com\/naturalpoland.b2b","og_image":[{"width":650,"height":650,"url":"https:\/\/naturalpoland.com\/wp-content\/uploads\/peeling-z-pestek-moreli.jpg","type":"image\/jpeg"}],"schema":{"@context":"https:\/\/schema.org","@graph":[{"@type":"WebPage","@id":"https:\/\/naturalpoland.com\/fi\/tuotteet\/kosmetiikkateollisuuden-tuotteet\/kuorinta-aineet\/aprikoosin-siementen-kuorinta\/","url":"https:\/\/naturalpoland.com\/fi\/tuotteet\/kosmetiikkateollisuuden-tuotteet\/kuorinta-aineet\/aprikoosin-siementen-kuorinta\/","name":"Aprikoosin ytimen kuorinta - Tukkudistribuutio","isPartOf":{"@id":"https:\/\/naturalpoland.com\/fi\/#website"},"primaryImageOfPage":{"@id":"https:\/\/naturalpoland.com\/fi\/tuotteet\/kosmetiikkateollisuuden-tuotteet\/kuorinta-aineet\/aprikoosin-siementen-kuorinta\/#primaryimage"},"image":{"@id":"https:\/\/naturalpoland.com\/fi\/tuotteet\/kosmetiikkateollisuuden-tuotteet\/kuorinta-aineet\/aprikoosin-siementen-kuorinta\/#primaryimage"},"thumbnailUrl":"https:\/\/naturalpoland.com\/wp-content\/uploads\/peeling-z-pestek-moreli.jpg","datePublished":"2021-09-16T10:30:01+00:00","breadcrumb":{"@id":"https:\/\/naturalpoland.com\/fi\/tuotteet\/kosmetiikkateollisuuden-tuotteet\/kuorinta-aineet\/aprikoosin-siementen-kuorinta\/#breadcrumb"},"inLanguage":"fi","potentialAction":[{"@type":"ReadAction","target":["https:\/\/naturalpoland.com\/fi\/tuotteet\/kosmetiikkateollisuuden-tuotteet\/kuorinta-aineet\/aprikoosin-siementen-kuorinta\/"]}]},{"@type":"ImageObject","inLanguage":"fi","@id":"https:\/\/naturalpoland.com\/fi\/tuotteet\/kosmetiikkateollisuuden-tuotteet\/kuorinta-aineet\/aprikoosin-siementen-kuorinta\/#primaryimage","url":"https:\/\/naturalpoland.com\/wp-content\/uploads\/peeling-z-pestek-moreli.jpg","contentUrl":"https:\/\/naturalpoland.com\/wp-content\/uploads\/peeling-z-pestek-moreli.jpg","width":650,"height":650,"caption":"peeling z pestek moreli"},{"@type":"BreadcrumbList","@id":"https:\/\/naturalpoland.com\/fi\/tuotteet\/kosmetiikkateollisuuden-tuotteet\/kuorinta-aineet\/aprikoosin-siementen-kuorinta\/#breadcrumb","itemListElement":[{"@type":"ListItem","position":1,"name":"Etusivu","item":"https:\/\/naturalpoland.com\/fi\/"},{"@type":"ListItem","position":2,"name":"Tuotteet","item":"https:\/\/naturalpoland.com\/fi\/tuotteet\/"},{"@type":"ListItem","position":3,"name":"Aprikoosin ytimen kuorinta"}]},{"@type":"WebSite","@id":"https:\/\/naturalpoland.com\/fi\/#website","url":"https:\/\/naturalpoland.com\/fi\/","name":"NATURAL POLAND - RAAKA-AINEIDEN TUKKUJAKELIJA","description":"Surowce dla przemys\u0142u spo\u017cywczego, kosmetycznego i farmaceutycznego","publisher":{"@id":"https:\/\/naturalpoland.com\/fi\/#organization"},"potentialAction":[{"@type":"SearchAction","target":{"@type":"EntryPoint","urlTemplate":"https:\/\/naturalpoland.com\/fi\/?s={search_term_string}"},"query-input":{"@type":"PropertyValueSpecification","valueRequired":true,"valueName":"search_term_string"}}],"inLanguage":"fi"},{"@type":"Organization","@id":"https:\/\/naturalpoland.com\/fi\/#organization","name":"Natural Poland","url":"https:\/\/naturalpoland.com\/fi\/","logo":{"@type":"ImageObject","inLanguage":"fi","@id":"https:\/\/naturalpoland.com\/fi\/#\/schema\/logo\/image\/","url":"https:\/\/naturalpoland.com\/wp-content\/uploads\/2021\/05\/natural-poland-icon.png","contentUrl":"https:\/\/naturalpoland.com\/wp-content\/uploads\/2021\/05\/natural-poland-icon.png","width":512,"height":512,"caption":"Natural Poland"},"image":{"@id":"https:\/\/naturalpoland.com\/fi\/#\/schema\/logo\/image\/"},"sameAs":["https:\/\/www.facebook.com\/naturalpoland.b2b","https:\/\/pl.linkedin.com\/company\/natural-poland","https:\/\/www.youtube.com\/channel\/UCgeGGkvOMahZo-xu_MSEWxg"]}]}},"_links":{"self":[{"href":"https:\/\/naturalpoland.com\/fi\/wp-json\/wp\/v2\/product\/10284","targetHints":{"allow":["GET"]}}],"collection":[{"href":"https:\/\/naturalpoland.com\/fi\/wp-json\/wp\/v2\/product"}],"about":[{"href":"https:\/\/naturalpoland.com\/fi\/wp-json\/wp\/v2\/types\/product"}],"wp:featuredmedia":[{"embeddable":true,"href":"https:\/\/naturalpoland.com\/fi\/wp-json\/wp\/v2\/media\/10499"}],"wp:attachment":[{"href":"https:\/\/naturalpoland.com\/fi\/wp-json\/wp\/v2\/media?parent=10284"}],"wp:term":[{"taxonomy":"product_brand","embeddable":true,"href":"https:\/\/naturalpoland.com\/fi\/wp-json\/wp\/v2\/product_brand?post=10284"},{"taxonomy":"product_cat","embeddable":true,"href":"https:\/\/naturalpoland.com\/fi\/wp-json\/wp\/v2\/product_cat?post=10284"},{"taxonomy":"product_tag","embeddable":true,"href":"https:\/\/naturalpoland.com\/fi\/wp-json\/wp\/v2\/product_tag?post=10284"}],"curies":[{"name":"wp","href":"https:\/\/api.w.org\/{rel}","templated":true}]}}