{"id":10338,"date":"2021-05-11T13:55:49","date_gmt":"2021-09-16T10:32:57","guid":{"rendered":"https:\/\/naturalpoland.pl\/produkty\/Ei-luokiteltu\/ruusunmarjan-kuori\/"},"modified":"2021-09-16T12:32:57","modified_gmt":"2021-09-16T10:32:57","slug":"kuori-of-wild-rose-hedelmat","status":"publish","type":"product","link":"https:\/\/naturalpoland.com\/fi\/tuotteet\/kasvituotteet\/kuori-of-wild-rose-hedelmat\/","title":{"rendered":"Ruusunmarjan kuori"},"content":{"rendered":"<p>My\u00f6s ruoansulatukselle:<br \/>\nRuusunmarjan kuori sis\u00e4lt\u00e4\u00e4 my\u00f6s eritt\u00e4in suuren m\u00e4\u00e4r\u00e4n luonnonkuitua. Siksi se nopeuttaa ruoansulatusta ja helpottaa sit\u00e4. T\u00e4m\u00e4 kuitu s\u00e4\u00e4telee my\u00f6s paksusuolen toimintaa. Se voi est\u00e4\u00e4 vaarallisten nitrosamiinien tuotantoa, joka johtuu korkean typpipitoisuuden omaavien vihannesten ja hedelmien kulutuksesta (t\u00e4m\u00e4 puolestaan johtuu virheellisest\u00e4 lannoituksesta).<\/p>\n","protected":false},"excerpt":{"rendered":"<p><strong>Ruusunmarjan kuori<\/strong> siin\u00e4 on korkein C -vitamiinipitoisuus kaikista t\u00e4m\u00e4n kasvin osista. Keskim\u00e4\u00e4rin 5 g kuivattuja hedelmi\u00e4 sis\u00e4lt\u00e4\u00e4 jopa 100 mg C -vitamiinia. Siksi se on loistava tuote k\u00e4ytett\u00e4v\u00e4ksi vilustumisen ja lis\u00e4\u00e4ntyvien infektioiden aikana. Sit\u00e4 voidaan k\u00e4ytt\u00e4\u00e4 my\u00f6s ravintolis\u00e4n\u00e4, joka vahvistaa vastustuskyky\u00e4.<\/p>\n","protected":false},"featured_media":10346,"template":"","meta":[],"product_brand":[],"product_cat":[548],"product_tag":[],"class_list":{"0":"post-10338","1":"product","2":"type-product","3":"status-publish","4":"has-post-thumbnail","6":"product_cat-kasvituotteet","8":"first","9":"instock","10":"shipping-taxable","11":"product-type-simple"},"yoast_head":"<!-- This site is optimized with the Yoast SEO plugin v27.3 - https:\/\/yoast.com\/product\/yoast-seo-wordpress\/ -->\n<title>Ruusunmarjan kuori - Tukkudistribuutio<\/title>\n<meta name=\"robots\" content=\"index, follow, max-snippet:-1, max-image-preview:large, max-video-preview:-1\" \/>\n<link rel=\"canonical\" href=\"https:\/\/naturalpoland.com\/fi\/tuotteet\/kasvituotteet\/kuori-of-wild-rose-hedelmat\/\" \/>\n<meta property=\"og:locale\" content=\"fi_FI\" \/>\n<meta property=\"og:type\" content=\"article\" \/>\n<meta property=\"og:title\" content=\"Ruusunmarjan kuori - Tukkudistribuutio\" \/>\n<meta property=\"og:description\" content=\"Ruusunmarjan kuori siin\u00e4 on korkein C -vitamiinipitoisuus kaikista t\u00e4m\u00e4n kasvin osista. Keskim\u00e4\u00e4rin 5 g kuivattuja hedelmi\u00e4 sis\u00e4lt\u00e4\u00e4 jopa 100 mg C -vitamiinia. Siksi se on loistava tuote k\u00e4ytett\u00e4v\u00e4ksi vilustumisen ja lis\u00e4\u00e4ntyvien infektioiden aikana. Sit\u00e4 voidaan k\u00e4ytt\u00e4\u00e4 my\u00f6s ravintolis\u00e4n\u00e4, joka vahvistaa vastustuskyky\u00e4.\" \/>\n<meta property=\"og:url\" content=\"https:\/\/naturalpoland.com\/fi\/tuotteet\/kasvituotteet\/kuori-of-wild-rose-hedelmat\/\" \/>\n<meta property=\"og:site_name\" content=\"NATURAL POLAND - RAAKA-AINEIDEN TUKKUJAKELIJA\" \/>\n<meta property=\"article:publisher\" content=\"https:\/\/www.facebook.com\/naturalpoland.b2b\" \/>\n<meta property=\"og:image\" content=\"https:\/\/naturalpoland.com\/wp-content\/uploads\/2021\/05\/skin-of-wild-rose-fruit.png\" \/>\n\t<meta property=\"og:image:width\" content=\"458\" \/>\n\t<meta property=\"og:image:height\" content=\"458\" \/>\n\t<meta property=\"og:image:type\" content=\"image\/png\" \/>\n<script type=\"application\/ld+json\" class=\"yoast-schema-graph\">{\"@context\":\"https:\\\/\\\/schema.org\",\"@graph\":[{\"@type\":\"WebPage\",\"@id\":\"https:\\\/\\\/naturalpoland.com\\\/fi\\\/tuotteet\\\/kasvituotteet\\\/kuori-of-wild-rose-hedelmat\\\/\",\"url\":\"https:\\\/\\\/naturalpoland.com\\\/fi\\\/tuotteet\\\/kasvituotteet\\\/kuori-of-wild-rose-hedelmat\\\/\",\"name\":\"Ruusunmarjan kuori - Tukkudistribuutio\",\"isPartOf\":{\"@id\":\"https:\\\/\\\/naturalpoland.com\\\/fi\\\/#website\"},\"primaryImageOfPage\":{\"@id\":\"https:\\\/\\\/naturalpoland.com\\\/fi\\\/tuotteet\\\/kasvituotteet\\\/kuori-of-wild-rose-hedelmat\\\/#primaryimage\"},\"image\":{\"@id\":\"https:\\\/\\\/naturalpoland.com\\\/fi\\\/tuotteet\\\/kasvituotteet\\\/kuori-of-wild-rose-hedelmat\\\/#primaryimage\"},\"thumbnailUrl\":\"https:\\\/\\\/naturalpoland.com\\\/wp-content\\\/uploads\\\/2021\\\/05\\\/skin-of-wild-rose-fruit.png\",\"datePublished\":\"2021-09-16T10:32:57+00:00\",\"breadcrumb\":{\"@id\":\"https:\\\/\\\/naturalpoland.com\\\/fi\\\/tuotteet\\\/kasvituotteet\\\/kuori-of-wild-rose-hedelmat\\\/#breadcrumb\"},\"inLanguage\":\"fi\",\"potentialAction\":[{\"@type\":\"ReadAction\",\"target\":[\"https:\\\/\\\/naturalpoland.com\\\/fi\\\/tuotteet\\\/kasvituotteet\\\/kuori-of-wild-rose-hedelmat\\\/\"]}]},{\"@type\":\"ImageObject\",\"inLanguage\":\"fi\",\"@id\":\"https:\\\/\\\/naturalpoland.com\\\/fi\\\/tuotteet\\\/kasvituotteet\\\/kuori-of-wild-rose-hedelmat\\\/#primaryimage\",\"url\":\"https:\\\/\\\/naturalpoland.com\\\/wp-content\\\/uploads\\\/2021\\\/05\\\/skin-of-wild-rose-fruit.png\",\"contentUrl\":\"https:\\\/\\\/naturalpoland.com\\\/wp-content\\\/uploads\\\/2021\\\/05\\\/skin-of-wild-rose-fruit.png\",\"width\":458,\"height\":458},{\"@type\":\"BreadcrumbList\",\"@id\":\"https:\\\/\\\/naturalpoland.com\\\/fi\\\/tuotteet\\\/kasvituotteet\\\/kuori-of-wild-rose-hedelmat\\\/#breadcrumb\",\"itemListElement\":[{\"@type\":\"ListItem\",\"position\":1,\"name\":\"Etusivu\",\"item\":\"https:\\\/\\\/naturalpoland.com\\\/fi\\\/\"},{\"@type\":\"ListItem\",\"position\":2,\"name\":\"Tuotteet\",\"item\":\"https:\\\/\\\/naturalpoland.com\\\/fi\\\/tuotteet\\\/\"},{\"@type\":\"ListItem\",\"position\":3,\"name\":\"Ruusunmarjan kuori\"}]},{\"@type\":\"WebSite\",\"@id\":\"https:\\\/\\\/naturalpoland.com\\\/fi\\\/#website\",\"url\":\"https:\\\/\\\/naturalpoland.com\\\/fi\\\/\",\"name\":\"NATURAL POLAND - RAAKA-AINEIDEN TUKKUJAKELIJA\",\"description\":\"Surowce dla przemys\u0142u spo\u017cywczego, kosmetycznego i farmaceutycznego\",\"publisher\":{\"@id\":\"https:\\\/\\\/naturalpoland.com\\\/fi\\\/#organization\"},\"potentialAction\":[{\"@type\":\"SearchAction\",\"target\":{\"@type\":\"EntryPoint\",\"urlTemplate\":\"https:\\\/\\\/naturalpoland.com\\\/fi\\\/?s={search_term_string}\"},\"query-input\":{\"@type\":\"PropertyValueSpecification\",\"valueRequired\":true,\"valueName\":\"search_term_string\"}}],\"inLanguage\":\"fi\"},{\"@type\":\"Organization\",\"@id\":\"https:\\\/\\\/naturalpoland.com\\\/fi\\\/#organization\",\"name\":\"Natural Poland\",\"url\":\"https:\\\/\\\/naturalpoland.com\\\/fi\\\/\",\"logo\":{\"@type\":\"ImageObject\",\"inLanguage\":\"fi\",\"@id\":\"https:\\\/\\\/naturalpoland.com\\\/fi\\\/#\\\/schema\\\/logo\\\/image\\\/\",\"url\":\"https:\\\/\\\/naturalpoland.com\\\/wp-content\\\/uploads\\\/2021\\\/05\\\/natural-poland-icon.png\",\"contentUrl\":\"https:\\\/\\\/naturalpoland.com\\\/wp-content\\\/uploads\\\/2021\\\/05\\\/natural-poland-icon.png\",\"width\":512,\"height\":512,\"caption\":\"Natural Poland\"},\"image\":{\"@id\":\"https:\\\/\\\/naturalpoland.com\\\/fi\\\/#\\\/schema\\\/logo\\\/image\\\/\"},\"sameAs\":[\"https:\\\/\\\/www.facebook.com\\\/naturalpoland.b2b\",\"https:\\\/\\\/pl.linkedin.com\\\/company\\\/natural-poland\",\"https:\\\/\\\/www.youtube.com\\\/channel\\\/UCgeGGkvOMahZo-xu_MSEWxg\"]}]}<\/script>\n<!-- \/ Yoast SEO plugin. -->","yoast_head_json":{"title":"Ruusunmarjan kuori - Tukkudistribuutio","robots":{"index":"index","follow":"follow","max-snippet":"max-snippet:-1","max-image-preview":"max-image-preview:large","max-video-preview":"max-video-preview:-1"},"canonical":"https:\/\/naturalpoland.com\/fi\/tuotteet\/kasvituotteet\/kuori-of-wild-rose-hedelmat\/","og_locale":"fi_FI","og_type":"article","og_title":"Ruusunmarjan kuori - Tukkudistribuutio","og_description":"Ruusunmarjan kuori siin\u00e4 on korkein C -vitamiinipitoisuus kaikista t\u00e4m\u00e4n kasvin osista. Keskim\u00e4\u00e4rin 5 g kuivattuja hedelmi\u00e4 sis\u00e4lt\u00e4\u00e4 jopa 100 mg C -vitamiinia. Siksi se on loistava tuote k\u00e4ytett\u00e4v\u00e4ksi vilustumisen ja lis\u00e4\u00e4ntyvien infektioiden aikana. Sit\u00e4 voidaan k\u00e4ytt\u00e4\u00e4 my\u00f6s ravintolis\u00e4n\u00e4, joka vahvistaa vastustuskyky\u00e4.","og_url":"https:\/\/naturalpoland.com\/fi\/tuotteet\/kasvituotteet\/kuori-of-wild-rose-hedelmat\/","og_site_name":"NATURAL POLAND - RAAKA-AINEIDEN TUKKUJAKELIJA","article_publisher":"https:\/\/www.facebook.com\/naturalpoland.b2b","og_image":[{"width":458,"height":458,"url":"https:\/\/naturalpoland.com\/wp-content\/uploads\/2021\/05\/skin-of-wild-rose-fruit.png","type":"image\/png"}],"schema":{"@context":"https:\/\/schema.org","@graph":[{"@type":"WebPage","@id":"https:\/\/naturalpoland.com\/fi\/tuotteet\/kasvituotteet\/kuori-of-wild-rose-hedelmat\/","url":"https:\/\/naturalpoland.com\/fi\/tuotteet\/kasvituotteet\/kuori-of-wild-rose-hedelmat\/","name":"Ruusunmarjan kuori - Tukkudistribuutio","isPartOf":{"@id":"https:\/\/naturalpoland.com\/fi\/#website"},"primaryImageOfPage":{"@id":"https:\/\/naturalpoland.com\/fi\/tuotteet\/kasvituotteet\/kuori-of-wild-rose-hedelmat\/#primaryimage"},"image":{"@id":"https:\/\/naturalpoland.com\/fi\/tuotteet\/kasvituotteet\/kuori-of-wild-rose-hedelmat\/#primaryimage"},"thumbnailUrl":"https:\/\/naturalpoland.com\/wp-content\/uploads\/2021\/05\/skin-of-wild-rose-fruit.png","datePublished":"2021-09-16T10:32:57+00:00","breadcrumb":{"@id":"https:\/\/naturalpoland.com\/fi\/tuotteet\/kasvituotteet\/kuori-of-wild-rose-hedelmat\/#breadcrumb"},"inLanguage":"fi","potentialAction":[{"@type":"ReadAction","target":["https:\/\/naturalpoland.com\/fi\/tuotteet\/kasvituotteet\/kuori-of-wild-rose-hedelmat\/"]}]},{"@type":"ImageObject","inLanguage":"fi","@id":"https:\/\/naturalpoland.com\/fi\/tuotteet\/kasvituotteet\/kuori-of-wild-rose-hedelmat\/#primaryimage","url":"https:\/\/naturalpoland.com\/wp-content\/uploads\/2021\/05\/skin-of-wild-rose-fruit.png","contentUrl":"https:\/\/naturalpoland.com\/wp-content\/uploads\/2021\/05\/skin-of-wild-rose-fruit.png","width":458,"height":458},{"@type":"BreadcrumbList","@id":"https:\/\/naturalpoland.com\/fi\/tuotteet\/kasvituotteet\/kuori-of-wild-rose-hedelmat\/#breadcrumb","itemListElement":[{"@type":"ListItem","position":1,"name":"Etusivu","item":"https:\/\/naturalpoland.com\/fi\/"},{"@type":"ListItem","position":2,"name":"Tuotteet","item":"https:\/\/naturalpoland.com\/fi\/tuotteet\/"},{"@type":"ListItem","position":3,"name":"Ruusunmarjan kuori"}]},{"@type":"WebSite","@id":"https:\/\/naturalpoland.com\/fi\/#website","url":"https:\/\/naturalpoland.com\/fi\/","name":"NATURAL POLAND - RAAKA-AINEIDEN TUKKUJAKELIJA","description":"Surowce dla przemys\u0142u spo\u017cywczego, kosmetycznego i farmaceutycznego","publisher":{"@id":"https:\/\/naturalpoland.com\/fi\/#organization"},"potentialAction":[{"@type":"SearchAction","target":{"@type":"EntryPoint","urlTemplate":"https:\/\/naturalpoland.com\/fi\/?s={search_term_string}"},"query-input":{"@type":"PropertyValueSpecification","valueRequired":true,"valueName":"search_term_string"}}],"inLanguage":"fi"},{"@type":"Organization","@id":"https:\/\/naturalpoland.com\/fi\/#organization","name":"Natural Poland","url":"https:\/\/naturalpoland.com\/fi\/","logo":{"@type":"ImageObject","inLanguage":"fi","@id":"https:\/\/naturalpoland.com\/fi\/#\/schema\/logo\/image\/","url":"https:\/\/naturalpoland.com\/wp-content\/uploads\/2021\/05\/natural-poland-icon.png","contentUrl":"https:\/\/naturalpoland.com\/wp-content\/uploads\/2021\/05\/natural-poland-icon.png","width":512,"height":512,"caption":"Natural Poland"},"image":{"@id":"https:\/\/naturalpoland.com\/fi\/#\/schema\/logo\/image\/"},"sameAs":["https:\/\/www.facebook.com\/naturalpoland.b2b","https:\/\/pl.linkedin.com\/company\/natural-poland","https:\/\/www.youtube.com\/channel\/UCgeGGkvOMahZo-xu_MSEWxg"]}]}},"_links":{"self":[{"href":"https:\/\/naturalpoland.com\/fi\/wp-json\/wp\/v2\/product\/10338","targetHints":{"allow":["GET"]}}],"collection":[{"href":"https:\/\/naturalpoland.com\/fi\/wp-json\/wp\/v2\/product"}],"about":[{"href":"https:\/\/naturalpoland.com\/fi\/wp-json\/wp\/v2\/types\/product"}],"wp:featuredmedia":[{"embeddable":true,"href":"https:\/\/naturalpoland.com\/fi\/wp-json\/wp\/v2\/media\/10346"}],"wp:attachment":[{"href":"https:\/\/naturalpoland.com\/fi\/wp-json\/wp\/v2\/media?parent=10338"}],"wp:term":[{"taxonomy":"product_brand","embeddable":true,"href":"https:\/\/naturalpoland.com\/fi\/wp-json\/wp\/v2\/product_brand?post=10338"},{"taxonomy":"product_cat","embeddable":true,"href":"https:\/\/naturalpoland.com\/fi\/wp-json\/wp\/v2\/product_cat?post=10338"},{"taxonomy":"product_tag","embeddable":true,"href":"https:\/\/naturalpoland.com\/fi\/wp-json\/wp\/v2\/product_tag?post=10338"}],"curies":[{"name":"wp","href":"https:\/\/api.w.org\/{rel}","templated":true}]}}