{"id":10779,"date":"2021-05-11T13:44:34","date_gmt":"2021-05-11T11:44:34","guid":{"rendered":"https:\/\/naturalpoland.pl\/produkty\/Ei-luokiteltu\/klorofyllikuparikompleksi\/"},"modified":"2025-11-03T12:07:17","modified_gmt":"2025-11-03T11:07:17","slug":"kupari-klorofyllikompleksi","status":"publish","type":"product","link":"https:\/\/naturalpoland.com\/fi\/tuotteet\/laaketeollisuuden-tuotteet\/ravintolisien-ainesosat\/kupari-klorofyllikompleksi\/","title":{"rendered":"Klorofyllikuparikompleksi"},"content":{"rendered":"<p>Klorofyllin kuparikompleksin valmistusprosessissa klorofylliss\u00e4 luonnostaan esiintyv\u00e4 magnesium korvataan kupari-ioneilla. T\u00e4m\u00e4 takaa paremman kest\u00e4vyyden ja vesiliukoisuuden. Tarjotun raaka-aineen l\u00e4ht\u00f6aineena on <strong>Morus alba L<\/strong>. (valkomulperi), ja tuotteen muoto on tummanvihre\u00e4, hienoksi jauhettu jauhe, jolla on ominainen tuoksu ja pH-arvo 9,5\u201310,7.   <\/p>\n<h2>Ominaisuudet ja edut<\/h2>\n<p>Klorofyllin kuparikompleksille on ominaista korkea kelatoidun kuparin (v\u00e4hint\u00e4\u00e4n 4 %) ja kokonaiskuparin (v\u00e4hint\u00e4\u00e4n 4,25 %) pitoisuus. Tuotteella on voimakkaita antioksidanttisia ominaisuuksia, se tukee <g id=\"gid_0\">elimist\u00f6n detoksifikaatiota<\/g> ja edist\u00e4\u00e4 ihon luonnollisia suojamekanismeja. Kuparipitoisuutensa ansiosta se voi osallistua ihon uudistumisprosesseihin ja tukea kollageenin ja elastiinin tuotantoa.  <\/p>\n<p>Lis\u00e4ksi sill\u00e4 on deodorisoiva vaikutus \u2013 se <strong>neutraloi ep\u00e4miellytt\u00e4vi\u00e4 kehon hajuja<\/strong>, mink\u00e4 vuoksi sit\u00e4 k\u00e4ytet\u00e4\u00e4n usein henkil\u00f6ill\u00e4, joilla on avanneongelmia, virtsankarkailua tai lis\u00e4\u00e4ntynytt\u00e4 hikoilua. Ravintolisiss\u00e4 se voi tukea toksiinien poistumista ja parantaa kehon yleist\u00e4 kuntoa. <\/p>\n<h2>K\u00e4ytt\u00f6kohteet<\/h2>\n<ul>\n<li><strong>Kosmetiikka<\/strong>: v\u00e4riaine ja aktiivinen ainesosa puhdistavissa, detoksifioivissa ja ihoa uudistavissa tuotteissa.<\/li>\n<li><strong>Ravintolis\u00e4t<\/strong>: detoksifioivana, antioksidanttisena, suoliston mikroflooraa tukevana ja ep\u00e4miellytt\u00e4vi\u00e4 kehon hajuja neutraloivana ainesosana.<\/li>\n<li><strong>Elintarviketeollisuus<\/strong>: k\u00e4ytet\u00e4\u00e4n <strong>vihre\u00e4n\u00e4 v\u00e4riaineena E141<\/strong>, erityisesti lasten tuotteissa, juomissa, makeisissa tai liukenevissa lis\u00e4ravinteissa.<\/li>\n<li><strong>Farmaseuttiset ja hygieniatuotteet<\/strong>: edist\u00e4\u00e4 paranemista, poistaa ep\u00e4miellytt\u00e4vi\u00e4 hajuja ja sill\u00e4 on rauhoittavia ominaisuuksia.<\/li>\n<\/ul>\n","protected":false},"excerpt":{"rendered":"<p>Klorofyllin kuparikompleksi on puolisynteettinen, luonnosta per\u00e4isin oleva yhdiste, jota saadaan klorofyllist\u00e4 \u2013 kasveissa esiintyv\u00e4st\u00e4 vihre\u00e4st\u00e4 <a href=\"https:\/\/naturalpoland.com\/fi\/tuotteet\/kosmetiikkateollisuuden-tuotteet\/kosmeettiset-variaineet\/luonnollista-alkuperaa-olevat-variaineet\/\">v\u00e4riaineesta<\/a>.<\/p>\n","protected":false},"featured_media":42238,"template":"","meta":{"_acf_changed":false},"product_brand":[],"product_cat":[535],"product_tag":[],"class_list":{"0":"post-10779","1":"product","2":"type-product","3":"status-publish","4":"has-post-thumbnail","6":"product_cat-ravintolisien-ainesosat","8":"first","9":"instock","10":"shipping-taxable","11":"product-type-simple"},"acf":[],"yoast_head":"<!-- This site is optimized with the Yoast SEO plugin v27.4 - https:\/\/yoast.com\/product\/yoast-seo-wordpress\/ -->\n<title>Klorofyllikuparikompleksi - Tukkudistribuutio<\/title>\n<meta name=\"description\" content=\"Klorofyllin kuparikompleksi on puolisynteettinen, luonnosta per\u00e4isin oleva yhdiste, jota saadaan klorofyllist\u00e4 \u2013 kasveissa esiintyv\u00e4st\u00e4 vihre\u00e4st\u00e4 v\u00e4riaineesta.\" \/>\n<meta name=\"robots\" content=\"index, follow, max-snippet:-1, max-image-preview:large, max-video-preview:-1\" \/>\n<link rel=\"canonical\" href=\"https:\/\/naturalpoland.com\/fi\/tuotteet\/laaketeollisuuden-tuotteet\/ravintolisien-ainesosat\/kupari-klorofyllikompleksi\/\" \/>\n<meta property=\"og:locale\" content=\"fi_FI\" \/>\n<meta property=\"og:type\" content=\"article\" \/>\n<meta property=\"og:title\" content=\"Klorofyllikuparikompleksi - Tukkudistribuutio\" \/>\n<meta property=\"og:description\" content=\"Klorofyllin kuparikompleksi on puolisynteettinen, luonnosta per\u00e4isin oleva yhdiste, jota saadaan klorofyllist\u00e4 \u2013 kasveissa esiintyv\u00e4st\u00e4 vihre\u00e4st\u00e4 v\u00e4riaineesta.\" \/>\n<meta property=\"og:url\" content=\"https:\/\/naturalpoland.com\/fi\/tuotteet\/laaketeollisuuden-tuotteet\/ravintolisien-ainesosat\/kupari-klorofyllikompleksi\/\" \/>\n<meta property=\"og:site_name\" content=\"NATURAL POLAND - RAAKA-AINEIDEN TUKKUJAKELIJA\" \/>\n<meta property=\"article:publisher\" content=\"https:\/\/www.facebook.com\/naturalpoland.b2b\" \/>\n<meta property=\"article:modified_time\" content=\"2025-11-03T11:07:17+00:00\" \/>\n<meta property=\"og:image\" content=\"https:\/\/naturalpoland.com\/wp-content\/uploads\/kompleks-miedziowy-chlorofilu.webp\" \/>\n\t<meta property=\"og:image:width\" content=\"1024\" \/>\n\t<meta property=\"og:image:height\" content=\"1024\" \/>\n\t<meta property=\"og:image:type\" content=\"image\/webp\" \/>\n<script type=\"application\/ld+json\" class=\"yoast-schema-graph\">{\"@context\":\"https:\\\/\\\/schema.org\",\"@graph\":[{\"@type\":\"WebPage\",\"@id\":\"https:\\\/\\\/naturalpoland.com\\\/fi\\\/tuotteet\\\/laaketeollisuuden-tuotteet\\\/ravintolisien-ainesosat\\\/kupari-klorofyllikompleksi\\\/\",\"url\":\"https:\\\/\\\/naturalpoland.com\\\/fi\\\/tuotteet\\\/laaketeollisuuden-tuotteet\\\/ravintolisien-ainesosat\\\/kupari-klorofyllikompleksi\\\/\",\"name\":\"Klorofyllikuparikompleksi - Tukkudistribuutio\",\"isPartOf\":{\"@id\":\"https:\\\/\\\/naturalpoland.com\\\/fi\\\/#website\"},\"primaryImageOfPage\":{\"@id\":\"https:\\\/\\\/naturalpoland.com\\\/fi\\\/tuotteet\\\/laaketeollisuuden-tuotteet\\\/ravintolisien-ainesosat\\\/kupari-klorofyllikompleksi\\\/#primaryimage\"},\"image\":{\"@id\":\"https:\\\/\\\/naturalpoland.com\\\/fi\\\/tuotteet\\\/laaketeollisuuden-tuotteet\\\/ravintolisien-ainesosat\\\/kupari-klorofyllikompleksi\\\/#primaryimage\"},\"thumbnailUrl\":\"https:\\\/\\\/naturalpoland.com\\\/wp-content\\\/uploads\\\/kompleks-miedziowy-chlorofilu.webp\",\"datePublished\":\"2021-05-11T11:44:34+00:00\",\"dateModified\":\"2025-11-03T11:07:17+00:00\",\"description\":\"Klorofyllin kuparikompleksi on puolisynteettinen, luonnosta per\u00e4isin oleva yhdiste, jota saadaan klorofyllist\u00e4 \u2013 kasveissa esiintyv\u00e4st\u00e4 vihre\u00e4st\u00e4 v\u00e4riaineesta.\",\"breadcrumb\":{\"@id\":\"https:\\\/\\\/naturalpoland.com\\\/fi\\\/tuotteet\\\/laaketeollisuuden-tuotteet\\\/ravintolisien-ainesosat\\\/kupari-klorofyllikompleksi\\\/#breadcrumb\"},\"inLanguage\":\"fi\",\"potentialAction\":[{\"@type\":\"ReadAction\",\"target\":[\"https:\\\/\\\/naturalpoland.com\\\/fi\\\/tuotteet\\\/laaketeollisuuden-tuotteet\\\/ravintolisien-ainesosat\\\/kupari-klorofyllikompleksi\\\/\"]}]},{\"@type\":\"ImageObject\",\"inLanguage\":\"fi\",\"@id\":\"https:\\\/\\\/naturalpoland.com\\\/fi\\\/tuotteet\\\/laaketeollisuuden-tuotteet\\\/ravintolisien-ainesosat\\\/kupari-klorofyllikompleksi\\\/#primaryimage\",\"url\":\"https:\\\/\\\/naturalpoland.com\\\/wp-content\\\/uploads\\\/kompleks-miedziowy-chlorofilu.webp\",\"contentUrl\":\"https:\\\/\\\/naturalpoland.com\\\/wp-content\\\/uploads\\\/kompleks-miedziowy-chlorofilu.webp\",\"width\":1024,\"height\":1024,\"caption\":\"Klorofyllikuparikompleksi\"},{\"@type\":\"BreadcrumbList\",\"@id\":\"https:\\\/\\\/naturalpoland.com\\\/fi\\\/tuotteet\\\/laaketeollisuuden-tuotteet\\\/ravintolisien-ainesosat\\\/kupari-klorofyllikompleksi\\\/#breadcrumb\",\"itemListElement\":[{\"@type\":\"ListItem\",\"position\":1,\"name\":\"Etusivu\",\"item\":\"https:\\\/\\\/naturalpoland.com\\\/fi\\\/\"},{\"@type\":\"ListItem\",\"position\":2,\"name\":\"Tuotteet\",\"item\":\"https:\\\/\\\/naturalpoland.com\\\/fi\\\/tuotteet\\\/\"},{\"@type\":\"ListItem\",\"position\":3,\"name\":\"Klorofyllikuparikompleksi\"}]},{\"@type\":\"WebSite\",\"@id\":\"https:\\\/\\\/naturalpoland.com\\\/fi\\\/#website\",\"url\":\"https:\\\/\\\/naturalpoland.com\\\/fi\\\/\",\"name\":\"NATURAL POLAND - RAAKA-AINEIDEN TUKKUJAKELIJA\",\"description\":\"Surowce dla przemys\u0142u spo\u017cywczego, kosmetycznego i farmaceutycznego\",\"publisher\":{\"@id\":\"https:\\\/\\\/naturalpoland.com\\\/fi\\\/#organization\"},\"potentialAction\":[{\"@type\":\"SearchAction\",\"target\":{\"@type\":\"EntryPoint\",\"urlTemplate\":\"https:\\\/\\\/naturalpoland.com\\\/fi\\\/?s={search_term_string}\"},\"query-input\":{\"@type\":\"PropertyValueSpecification\",\"valueRequired\":true,\"valueName\":\"search_term_string\"}}],\"inLanguage\":\"fi\"},{\"@type\":\"Organization\",\"@id\":\"https:\\\/\\\/naturalpoland.com\\\/fi\\\/#organization\",\"name\":\"Natural Poland\",\"url\":\"https:\\\/\\\/naturalpoland.com\\\/fi\\\/\",\"logo\":{\"@type\":\"ImageObject\",\"inLanguage\":\"fi\",\"@id\":\"https:\\\/\\\/naturalpoland.com\\\/fi\\\/#\\\/schema\\\/logo\\\/image\\\/\",\"url\":\"https:\\\/\\\/naturalpoland.com\\\/wp-content\\\/uploads\\\/2021\\\/05\\\/natural-poland-icon.png\",\"contentUrl\":\"https:\\\/\\\/naturalpoland.com\\\/wp-content\\\/uploads\\\/2021\\\/05\\\/natural-poland-icon.png\",\"width\":512,\"height\":512,\"caption\":\"Natural Poland\"},\"image\":{\"@id\":\"https:\\\/\\\/naturalpoland.com\\\/fi\\\/#\\\/schema\\\/logo\\\/image\\\/\"},\"sameAs\":[\"https:\\\/\\\/www.facebook.com\\\/naturalpoland.b2b\",\"https:\\\/\\\/pl.linkedin.com\\\/company\\\/natural-poland\",\"https:\\\/\\\/www.youtube.com\\\/channel\\\/UCgeGGkvOMahZo-xu_MSEWxg\"]}]}<\/script>\n<!-- \/ Yoast SEO plugin. -->","yoast_head_json":{"title":"Klorofyllikuparikompleksi - Tukkudistribuutio","description":"Klorofyllin kuparikompleksi on puolisynteettinen, luonnosta per\u00e4isin oleva yhdiste, jota saadaan klorofyllist\u00e4 \u2013 kasveissa esiintyv\u00e4st\u00e4 vihre\u00e4st\u00e4 v\u00e4riaineesta.","robots":{"index":"index","follow":"follow","max-snippet":"max-snippet:-1","max-image-preview":"max-image-preview:large","max-video-preview":"max-video-preview:-1"},"canonical":"https:\/\/naturalpoland.com\/fi\/tuotteet\/laaketeollisuuden-tuotteet\/ravintolisien-ainesosat\/kupari-klorofyllikompleksi\/","og_locale":"fi_FI","og_type":"article","og_title":"Klorofyllikuparikompleksi - Tukkudistribuutio","og_description":"Klorofyllin kuparikompleksi on puolisynteettinen, luonnosta per\u00e4isin oleva yhdiste, jota saadaan klorofyllist\u00e4 \u2013 kasveissa esiintyv\u00e4st\u00e4 vihre\u00e4st\u00e4 v\u00e4riaineesta.","og_url":"https:\/\/naturalpoland.com\/fi\/tuotteet\/laaketeollisuuden-tuotteet\/ravintolisien-ainesosat\/kupari-klorofyllikompleksi\/","og_site_name":"NATURAL POLAND - RAAKA-AINEIDEN TUKKUJAKELIJA","article_publisher":"https:\/\/www.facebook.com\/naturalpoland.b2b","article_modified_time":"2025-11-03T11:07:17+00:00","og_image":[{"width":1024,"height":1024,"url":"https:\/\/naturalpoland.com\/wp-content\/uploads\/kompleks-miedziowy-chlorofilu.webp","type":"image\/webp"}],"schema":{"@context":"https:\/\/schema.org","@graph":[{"@type":"WebPage","@id":"https:\/\/naturalpoland.com\/fi\/tuotteet\/laaketeollisuuden-tuotteet\/ravintolisien-ainesosat\/kupari-klorofyllikompleksi\/","url":"https:\/\/naturalpoland.com\/fi\/tuotteet\/laaketeollisuuden-tuotteet\/ravintolisien-ainesosat\/kupari-klorofyllikompleksi\/","name":"Klorofyllikuparikompleksi - Tukkudistribuutio","isPartOf":{"@id":"https:\/\/naturalpoland.com\/fi\/#website"},"primaryImageOfPage":{"@id":"https:\/\/naturalpoland.com\/fi\/tuotteet\/laaketeollisuuden-tuotteet\/ravintolisien-ainesosat\/kupari-klorofyllikompleksi\/#primaryimage"},"image":{"@id":"https:\/\/naturalpoland.com\/fi\/tuotteet\/laaketeollisuuden-tuotteet\/ravintolisien-ainesosat\/kupari-klorofyllikompleksi\/#primaryimage"},"thumbnailUrl":"https:\/\/naturalpoland.com\/wp-content\/uploads\/kompleks-miedziowy-chlorofilu.webp","datePublished":"2021-05-11T11:44:34+00:00","dateModified":"2025-11-03T11:07:17+00:00","description":"Klorofyllin kuparikompleksi on puolisynteettinen, luonnosta per\u00e4isin oleva yhdiste, jota saadaan klorofyllist\u00e4 \u2013 kasveissa esiintyv\u00e4st\u00e4 vihre\u00e4st\u00e4 v\u00e4riaineesta.","breadcrumb":{"@id":"https:\/\/naturalpoland.com\/fi\/tuotteet\/laaketeollisuuden-tuotteet\/ravintolisien-ainesosat\/kupari-klorofyllikompleksi\/#breadcrumb"},"inLanguage":"fi","potentialAction":[{"@type":"ReadAction","target":["https:\/\/naturalpoland.com\/fi\/tuotteet\/laaketeollisuuden-tuotteet\/ravintolisien-ainesosat\/kupari-klorofyllikompleksi\/"]}]},{"@type":"ImageObject","inLanguage":"fi","@id":"https:\/\/naturalpoland.com\/fi\/tuotteet\/laaketeollisuuden-tuotteet\/ravintolisien-ainesosat\/kupari-klorofyllikompleksi\/#primaryimage","url":"https:\/\/naturalpoland.com\/wp-content\/uploads\/kompleks-miedziowy-chlorofilu.webp","contentUrl":"https:\/\/naturalpoland.com\/wp-content\/uploads\/kompleks-miedziowy-chlorofilu.webp","width":1024,"height":1024,"caption":"Klorofyllikuparikompleksi"},{"@type":"BreadcrumbList","@id":"https:\/\/naturalpoland.com\/fi\/tuotteet\/laaketeollisuuden-tuotteet\/ravintolisien-ainesosat\/kupari-klorofyllikompleksi\/#breadcrumb","itemListElement":[{"@type":"ListItem","position":1,"name":"Etusivu","item":"https:\/\/naturalpoland.com\/fi\/"},{"@type":"ListItem","position":2,"name":"Tuotteet","item":"https:\/\/naturalpoland.com\/fi\/tuotteet\/"},{"@type":"ListItem","position":3,"name":"Klorofyllikuparikompleksi"}]},{"@type":"WebSite","@id":"https:\/\/naturalpoland.com\/fi\/#website","url":"https:\/\/naturalpoland.com\/fi\/","name":"NATURAL POLAND - RAAKA-AINEIDEN TUKKUJAKELIJA","description":"Surowce dla przemys\u0142u spo\u017cywczego, kosmetycznego i farmaceutycznego","publisher":{"@id":"https:\/\/naturalpoland.com\/fi\/#organization"},"potentialAction":[{"@type":"SearchAction","target":{"@type":"EntryPoint","urlTemplate":"https:\/\/naturalpoland.com\/fi\/?s={search_term_string}"},"query-input":{"@type":"PropertyValueSpecification","valueRequired":true,"valueName":"search_term_string"}}],"inLanguage":"fi"},{"@type":"Organization","@id":"https:\/\/naturalpoland.com\/fi\/#organization","name":"Natural Poland","url":"https:\/\/naturalpoland.com\/fi\/","logo":{"@type":"ImageObject","inLanguage":"fi","@id":"https:\/\/naturalpoland.com\/fi\/#\/schema\/logo\/image\/","url":"https:\/\/naturalpoland.com\/wp-content\/uploads\/2021\/05\/natural-poland-icon.png","contentUrl":"https:\/\/naturalpoland.com\/wp-content\/uploads\/2021\/05\/natural-poland-icon.png","width":512,"height":512,"caption":"Natural Poland"},"image":{"@id":"https:\/\/naturalpoland.com\/fi\/#\/schema\/logo\/image\/"},"sameAs":["https:\/\/www.facebook.com\/naturalpoland.b2b","https:\/\/pl.linkedin.com\/company\/natural-poland","https:\/\/www.youtube.com\/channel\/UCgeGGkvOMahZo-xu_MSEWxg"]}]}},"_links":{"self":[{"href":"https:\/\/naturalpoland.com\/fi\/wp-json\/wp\/v2\/product\/10779","targetHints":{"allow":["GET"]}}],"collection":[{"href":"https:\/\/naturalpoland.com\/fi\/wp-json\/wp\/v2\/product"}],"about":[{"href":"https:\/\/naturalpoland.com\/fi\/wp-json\/wp\/v2\/types\/product"}],"wp:featuredmedia":[{"embeddable":true,"href":"https:\/\/naturalpoland.com\/fi\/wp-json\/wp\/v2\/media\/42238"}],"wp:attachment":[{"href":"https:\/\/naturalpoland.com\/fi\/wp-json\/wp\/v2\/media?parent=10779"}],"wp:term":[{"taxonomy":"product_brand","embeddable":true,"href":"https:\/\/naturalpoland.com\/fi\/wp-json\/wp\/v2\/product_brand?post=10779"},{"taxonomy":"product_cat","embeddable":true,"href":"https:\/\/naturalpoland.com\/fi\/wp-json\/wp\/v2\/product_cat?post=10779"},{"taxonomy":"product_tag","embeddable":true,"href":"https:\/\/naturalpoland.com\/fi\/wp-json\/wp\/v2\/product_tag?post=10779"}],"curies":[{"name":"wp","href":"https:\/\/api.w.org\/{rel}","templated":true}]}}