{"id":10807,"date":"2021-05-11T13:45:22","date_gmt":"2021-09-20T10:26:55","guid":{"rendered":"https:\/\/naturalpoland.pl\/produkty\/Ei-luokiteltu\/l-kystiini\/"},"modified":"2024-01-31T13:20:00","modified_gmt":"2024-01-31T12:20:00","slug":"l-kystiini","status":"publish","type":"product","link":"https:\/\/naturalpoland.com\/fi\/tuotteet\/laaketeollisuuden-tuotteet\/aminohapot\/l-kystiini\/","title":{"rendered":"L-kystiini"},"content":{"rendered":"<p>L-kystiini on aminohappo, jolla on keskeinen rooli proteiinisynteesiss\u00e4 ja joka on v\u00e4ltt\u00e4m\u00e4t\u00f6n el\u00e4inten terveyden kannalta. Sit\u00e4 k\u00e4ytet\u00e4\u00e4n rehuissa ensisijaisesti sen <strong>antioksidanttisten ominaisuuksien<\/strong> ja sen kyvyn tukea el\u00e4inten immuunij\u00e4rjestelm\u00e4n asianmukaista kehityst\u00e4 ja toimintaa vuoksi. Lis\u00e4ksi L-kystiini on t\u00e4rke\u00e4 ainesosa <strong>keratiinin synteesiss\u00e4<\/strong>, mik\u00e4 johtaa karjan laadukkaampaan ihoon, karvoihin ja h\u00f6yheniin.<\/p>\n<p>Tuote t\u00e4ytt\u00e4\u00e4 tiukat laatustandardit, kuten AJI-, EP- ja FCC-m\u00e4\u00e4ritykset. Se soveltuu kasvissy\u00f6jille ja vegaaneille, mik\u00e4 on t\u00e4rke\u00e4 n\u00e4k\u00f6kohta, kun rehuntuotannon ymp\u00e4rist\u00f6tietoisuus ja eettinen tietoisuus lis\u00e4\u00e4ntyv\u00e4t. Sen kemiallinen stabiilisuus, alhainen kosteuspitoisuus ja alhainen tuhkapitoisuus tekev\u00e4t siit\u00e4 korkealaatuisen ainesosan, joka takaa pitk\u00e4aikaisen tehokkuuden ja turvallisen k\u00e4yt\u00f6n.<\/p>\n<p>Turvallisuuden kannalta L-kystiini rehumuodossa on myrkyt\u00f6n tuote, joka ei aiheuta \u00e4rsytyst\u00e4 iholle, silmille tai hengitysteille. Se liukenee helposti mineraalihappoihin ja em\u00e4ksisiin liuoksiin, kun taas veteen ja alkoholiin se on l\u00e4hes liukenematon, mik\u00e4 on t\u00e4rke\u00e4\u00e4 rehun muotoilussa.<\/p>\n<p>Rehun L-kystiinin tuotannossa ei k\u00e4ytet\u00e4 haitallisia liuottimia, mik\u00e4 korostaa entisest\u00e4\u00e4n sen ymp\u00e4rist\u00f6yst\u00e4v\u00e4llisyytt\u00e4. Asianmukaisten varastointiolosuhteiden varmistaminen, kuten ilmatiivis sulkeminen ja suojaaminen valolta ja kosteudelta, on avainasemassa sen laadun ja tehokkuuden s\u00e4ilytt\u00e4misess\u00e4.<\/p>\n","protected":false},"excerpt":{"rendered":"<p><strong>L-kysteiini<\/strong> rehumuodossa on ainutlaatuinen tuote <strong>rehuteollisuudelle<\/strong>, jota saadaan k\u00e4ymisprosessilla k\u00e4ytt\u00e4en ymp\u00e4rist\u00f6n kannalta kest\u00e4vi\u00e4 raaka-aineita, kuten muuntogeenit\u00f6nt\u00e4 maissia. Se on valkoisena, kiteisen\u00e4 jauheena, jonka makua ei juuri havaita, mik\u00e4 on t\u00e4rke\u00e4\u00e4 rehusovelluksissa.<\/p>\n","protected":false},"featured_media":10811,"template":"","meta":[],"product_brand":[],"product_cat":[534,2509],"product_tag":[],"class_list":{"0":"post-10807","1":"product","2":"type-product","3":"status-publish","4":"has-post-thumbnail","6":"product_cat-aminohapot","7":"product_cat-raaka-aineet-elainten-rehuille","9":"first","10":"instock","11":"shipping-taxable","12":"product-type-simple"},"yoast_head":"<!-- This site is optimized with the Yoast SEO plugin v27.4 - https:\/\/yoast.com\/product\/yoast-seo-wordpress\/ -->\n<title>L-kystiini - Tukkudistribuutio<\/title>\n<meta name=\"description\" content=\"L-kystiini on keskeinen osa nykyaikaista rehuteollisuutta, joka on osa kest\u00e4v\u00e4\u00e4 l\u00e4hestymistapaa rehuntuotantoon.\" \/>\n<meta name=\"robots\" content=\"index, follow, max-snippet:-1, max-image-preview:large, max-video-preview:-1\" \/>\n<link rel=\"canonical\" href=\"https:\/\/naturalpoland.com\/fi\/tuotteet\/laaketeollisuuden-tuotteet\/aminohapot\/l-kystiini\/\" \/>\n<meta property=\"og:locale\" content=\"fi_FI\" \/>\n<meta property=\"og:type\" content=\"article\" \/>\n<meta property=\"og:title\" content=\"L-kystiini - Tukkudistribuutio\" \/>\n<meta property=\"og:description\" content=\"L-kystiini on keskeinen osa nykyaikaista rehuteollisuutta, joka on osa kest\u00e4v\u00e4\u00e4 l\u00e4hestymistapaa rehuntuotantoon.\" \/>\n<meta property=\"og:url\" content=\"https:\/\/naturalpoland.com\/fi\/tuotteet\/laaketeollisuuden-tuotteet\/aminohapot\/l-kystiini\/\" \/>\n<meta property=\"og:site_name\" content=\"NATURAL POLAND - RAAKA-AINEIDEN TUKKUJAKELIJA\" \/>\n<meta property=\"article:publisher\" content=\"https:\/\/www.facebook.com\/naturalpoland.b2b\" \/>\n<meta property=\"article:modified_time\" content=\"2024-01-31T12:20:00+00:00\" \/>\n<meta property=\"og:image\" content=\"https:\/\/naturalpoland.com\/wp-content\/uploads\/2021\/05\/l-cystine-base.jpg\" \/>\n\t<meta property=\"og:image:width\" content=\"577\" \/>\n\t<meta property=\"og:image:height\" content=\"213\" \/>\n\t<meta property=\"og:image:type\" content=\"image\/jpeg\" \/>\n<script type=\"application\/ld+json\" class=\"yoast-schema-graph\">{\"@context\":\"https:\\\/\\\/schema.org\",\"@graph\":[{\"@type\":\"WebPage\",\"@id\":\"https:\\\/\\\/naturalpoland.com\\\/fi\\\/tuotteet\\\/laaketeollisuuden-tuotteet\\\/aminohapot\\\/l-kystiini\\\/\",\"url\":\"https:\\\/\\\/naturalpoland.com\\\/fi\\\/tuotteet\\\/laaketeollisuuden-tuotteet\\\/aminohapot\\\/l-kystiini\\\/\",\"name\":\"L-kystiini - Tukkudistribuutio\",\"isPartOf\":{\"@id\":\"https:\\\/\\\/naturalpoland.com\\\/fi\\\/#website\"},\"primaryImageOfPage\":{\"@id\":\"https:\\\/\\\/naturalpoland.com\\\/fi\\\/tuotteet\\\/laaketeollisuuden-tuotteet\\\/aminohapot\\\/l-kystiini\\\/#primaryimage\"},\"image\":{\"@id\":\"https:\\\/\\\/naturalpoland.com\\\/fi\\\/tuotteet\\\/laaketeollisuuden-tuotteet\\\/aminohapot\\\/l-kystiini\\\/#primaryimage\"},\"thumbnailUrl\":\"https:\\\/\\\/naturalpoland.com\\\/wp-content\\\/uploads\\\/2021\\\/05\\\/l-cystine-base.jpg\",\"datePublished\":\"2021-09-20T10:26:55+00:00\",\"dateModified\":\"2024-01-31T12:20:00+00:00\",\"description\":\"L-kystiini on keskeinen osa nykyaikaista rehuteollisuutta, joka on osa kest\u00e4v\u00e4\u00e4 l\u00e4hestymistapaa rehuntuotantoon.\",\"breadcrumb\":{\"@id\":\"https:\\\/\\\/naturalpoland.com\\\/fi\\\/tuotteet\\\/laaketeollisuuden-tuotteet\\\/aminohapot\\\/l-kystiini\\\/#breadcrumb\"},\"inLanguage\":\"fi\",\"potentialAction\":[{\"@type\":\"ReadAction\",\"target\":[\"https:\\\/\\\/naturalpoland.com\\\/fi\\\/tuotteet\\\/laaketeollisuuden-tuotteet\\\/aminohapot\\\/l-kystiini\\\/\"]}]},{\"@type\":\"ImageObject\",\"inLanguage\":\"fi\",\"@id\":\"https:\\\/\\\/naturalpoland.com\\\/fi\\\/tuotteet\\\/laaketeollisuuden-tuotteet\\\/aminohapot\\\/l-kystiini\\\/#primaryimage\",\"url\":\"https:\\\/\\\/naturalpoland.com\\\/wp-content\\\/uploads\\\/2021\\\/05\\\/l-cystine-base.jpg\",\"contentUrl\":\"https:\\\/\\\/naturalpoland.com\\\/wp-content\\\/uploads\\\/2021\\\/05\\\/l-cystine-base.jpg\",\"width\":577,\"height\":213},{\"@type\":\"BreadcrumbList\",\"@id\":\"https:\\\/\\\/naturalpoland.com\\\/fi\\\/tuotteet\\\/laaketeollisuuden-tuotteet\\\/aminohapot\\\/l-kystiini\\\/#breadcrumb\",\"itemListElement\":[{\"@type\":\"ListItem\",\"position\":1,\"name\":\"Etusivu\",\"item\":\"https:\\\/\\\/naturalpoland.com\\\/fi\\\/\"},{\"@type\":\"ListItem\",\"position\":2,\"name\":\"Tuotteet\",\"item\":\"https:\\\/\\\/naturalpoland.com\\\/fi\\\/tuotteet\\\/\"},{\"@type\":\"ListItem\",\"position\":3,\"name\":\"L-kystiini\"}]},{\"@type\":\"WebSite\",\"@id\":\"https:\\\/\\\/naturalpoland.com\\\/fi\\\/#website\",\"url\":\"https:\\\/\\\/naturalpoland.com\\\/fi\\\/\",\"name\":\"NATURAL POLAND - RAAKA-AINEIDEN TUKKUJAKELIJA\",\"description\":\"Surowce dla przemys\u0142u spo\u017cywczego, kosmetycznego i farmaceutycznego\",\"publisher\":{\"@id\":\"https:\\\/\\\/naturalpoland.com\\\/fi\\\/#organization\"},\"potentialAction\":[{\"@type\":\"SearchAction\",\"target\":{\"@type\":\"EntryPoint\",\"urlTemplate\":\"https:\\\/\\\/naturalpoland.com\\\/fi\\\/?s={search_term_string}\"},\"query-input\":{\"@type\":\"PropertyValueSpecification\",\"valueRequired\":true,\"valueName\":\"search_term_string\"}}],\"inLanguage\":\"fi\"},{\"@type\":\"Organization\",\"@id\":\"https:\\\/\\\/naturalpoland.com\\\/fi\\\/#organization\",\"name\":\"Natural Poland\",\"url\":\"https:\\\/\\\/naturalpoland.com\\\/fi\\\/\",\"logo\":{\"@type\":\"ImageObject\",\"inLanguage\":\"fi\",\"@id\":\"https:\\\/\\\/naturalpoland.com\\\/fi\\\/#\\\/schema\\\/logo\\\/image\\\/\",\"url\":\"https:\\\/\\\/naturalpoland.com\\\/wp-content\\\/uploads\\\/2021\\\/05\\\/natural-poland-icon.png\",\"contentUrl\":\"https:\\\/\\\/naturalpoland.com\\\/wp-content\\\/uploads\\\/2021\\\/05\\\/natural-poland-icon.png\",\"width\":512,\"height\":512,\"caption\":\"Natural Poland\"},\"image\":{\"@id\":\"https:\\\/\\\/naturalpoland.com\\\/fi\\\/#\\\/schema\\\/logo\\\/image\\\/\"},\"sameAs\":[\"https:\\\/\\\/www.facebook.com\\\/naturalpoland.b2b\",\"https:\\\/\\\/pl.linkedin.com\\\/company\\\/natural-poland\",\"https:\\\/\\\/www.youtube.com\\\/channel\\\/UCgeGGkvOMahZo-xu_MSEWxg\"]}]}<\/script>\n<!-- \/ Yoast SEO plugin. -->","yoast_head_json":{"title":"L-kystiini - Tukkudistribuutio","description":"L-kystiini on keskeinen osa nykyaikaista rehuteollisuutta, joka on osa kest\u00e4v\u00e4\u00e4 l\u00e4hestymistapaa rehuntuotantoon.","robots":{"index":"index","follow":"follow","max-snippet":"max-snippet:-1","max-image-preview":"max-image-preview:large","max-video-preview":"max-video-preview:-1"},"canonical":"https:\/\/naturalpoland.com\/fi\/tuotteet\/laaketeollisuuden-tuotteet\/aminohapot\/l-kystiini\/","og_locale":"fi_FI","og_type":"article","og_title":"L-kystiini - Tukkudistribuutio","og_description":"L-kystiini on keskeinen osa nykyaikaista rehuteollisuutta, joka on osa kest\u00e4v\u00e4\u00e4 l\u00e4hestymistapaa rehuntuotantoon.","og_url":"https:\/\/naturalpoland.com\/fi\/tuotteet\/laaketeollisuuden-tuotteet\/aminohapot\/l-kystiini\/","og_site_name":"NATURAL POLAND - RAAKA-AINEIDEN TUKKUJAKELIJA","article_publisher":"https:\/\/www.facebook.com\/naturalpoland.b2b","article_modified_time":"2024-01-31T12:20:00+00:00","og_image":[{"width":577,"height":213,"url":"https:\/\/naturalpoland.com\/wp-content\/uploads\/2021\/05\/l-cystine-base.jpg","type":"image\/jpeg"}],"schema":{"@context":"https:\/\/schema.org","@graph":[{"@type":"WebPage","@id":"https:\/\/naturalpoland.com\/fi\/tuotteet\/laaketeollisuuden-tuotteet\/aminohapot\/l-kystiini\/","url":"https:\/\/naturalpoland.com\/fi\/tuotteet\/laaketeollisuuden-tuotteet\/aminohapot\/l-kystiini\/","name":"L-kystiini - Tukkudistribuutio","isPartOf":{"@id":"https:\/\/naturalpoland.com\/fi\/#website"},"primaryImageOfPage":{"@id":"https:\/\/naturalpoland.com\/fi\/tuotteet\/laaketeollisuuden-tuotteet\/aminohapot\/l-kystiini\/#primaryimage"},"image":{"@id":"https:\/\/naturalpoland.com\/fi\/tuotteet\/laaketeollisuuden-tuotteet\/aminohapot\/l-kystiini\/#primaryimage"},"thumbnailUrl":"https:\/\/naturalpoland.com\/wp-content\/uploads\/2021\/05\/l-cystine-base.jpg","datePublished":"2021-09-20T10:26:55+00:00","dateModified":"2024-01-31T12:20:00+00:00","description":"L-kystiini on keskeinen osa nykyaikaista rehuteollisuutta, joka on osa kest\u00e4v\u00e4\u00e4 l\u00e4hestymistapaa rehuntuotantoon.","breadcrumb":{"@id":"https:\/\/naturalpoland.com\/fi\/tuotteet\/laaketeollisuuden-tuotteet\/aminohapot\/l-kystiini\/#breadcrumb"},"inLanguage":"fi","potentialAction":[{"@type":"ReadAction","target":["https:\/\/naturalpoland.com\/fi\/tuotteet\/laaketeollisuuden-tuotteet\/aminohapot\/l-kystiini\/"]}]},{"@type":"ImageObject","inLanguage":"fi","@id":"https:\/\/naturalpoland.com\/fi\/tuotteet\/laaketeollisuuden-tuotteet\/aminohapot\/l-kystiini\/#primaryimage","url":"https:\/\/naturalpoland.com\/wp-content\/uploads\/2021\/05\/l-cystine-base.jpg","contentUrl":"https:\/\/naturalpoland.com\/wp-content\/uploads\/2021\/05\/l-cystine-base.jpg","width":577,"height":213},{"@type":"BreadcrumbList","@id":"https:\/\/naturalpoland.com\/fi\/tuotteet\/laaketeollisuuden-tuotteet\/aminohapot\/l-kystiini\/#breadcrumb","itemListElement":[{"@type":"ListItem","position":1,"name":"Etusivu","item":"https:\/\/naturalpoland.com\/fi\/"},{"@type":"ListItem","position":2,"name":"Tuotteet","item":"https:\/\/naturalpoland.com\/fi\/tuotteet\/"},{"@type":"ListItem","position":3,"name":"L-kystiini"}]},{"@type":"WebSite","@id":"https:\/\/naturalpoland.com\/fi\/#website","url":"https:\/\/naturalpoland.com\/fi\/","name":"NATURAL POLAND - RAAKA-AINEIDEN TUKKUJAKELIJA","description":"Surowce dla przemys\u0142u spo\u017cywczego, kosmetycznego i farmaceutycznego","publisher":{"@id":"https:\/\/naturalpoland.com\/fi\/#organization"},"potentialAction":[{"@type":"SearchAction","target":{"@type":"EntryPoint","urlTemplate":"https:\/\/naturalpoland.com\/fi\/?s={search_term_string}"},"query-input":{"@type":"PropertyValueSpecification","valueRequired":true,"valueName":"search_term_string"}}],"inLanguage":"fi"},{"@type":"Organization","@id":"https:\/\/naturalpoland.com\/fi\/#organization","name":"Natural Poland","url":"https:\/\/naturalpoland.com\/fi\/","logo":{"@type":"ImageObject","inLanguage":"fi","@id":"https:\/\/naturalpoland.com\/fi\/#\/schema\/logo\/image\/","url":"https:\/\/naturalpoland.com\/wp-content\/uploads\/2021\/05\/natural-poland-icon.png","contentUrl":"https:\/\/naturalpoland.com\/wp-content\/uploads\/2021\/05\/natural-poland-icon.png","width":512,"height":512,"caption":"Natural Poland"},"image":{"@id":"https:\/\/naturalpoland.com\/fi\/#\/schema\/logo\/image\/"},"sameAs":["https:\/\/www.facebook.com\/naturalpoland.b2b","https:\/\/pl.linkedin.com\/company\/natural-poland","https:\/\/www.youtube.com\/channel\/UCgeGGkvOMahZo-xu_MSEWxg"]}]}},"_links":{"self":[{"href":"https:\/\/naturalpoland.com\/fi\/wp-json\/wp\/v2\/product\/10807","targetHints":{"allow":["GET"]}}],"collection":[{"href":"https:\/\/naturalpoland.com\/fi\/wp-json\/wp\/v2\/product"}],"about":[{"href":"https:\/\/naturalpoland.com\/fi\/wp-json\/wp\/v2\/types\/product"}],"wp:featuredmedia":[{"embeddable":true,"href":"https:\/\/naturalpoland.com\/fi\/wp-json\/wp\/v2\/media\/10811"}],"wp:attachment":[{"href":"https:\/\/naturalpoland.com\/fi\/wp-json\/wp\/v2\/media?parent=10807"}],"wp:term":[{"taxonomy":"product_brand","embeddable":true,"href":"https:\/\/naturalpoland.com\/fi\/wp-json\/wp\/v2\/product_brand?post=10807"},{"taxonomy":"product_cat","embeddable":true,"href":"https:\/\/naturalpoland.com\/fi\/wp-json\/wp\/v2\/product_cat?post=10807"},{"taxonomy":"product_tag","embeddable":true,"href":"https:\/\/naturalpoland.com\/fi\/wp-json\/wp\/v2\/product_tag?post=10807"}],"curies":[{"name":"wp","href":"https:\/\/api.w.org\/{rel}","templated":true}]}}