{"id":10846,"date":"2021-05-11T13:45:43","date_gmt":"2021-05-11T11:45:43","guid":{"rendered":"https:\/\/naturalpoland.pl\/produkty\/Ei-luokiteltu\/l-leusiini\/"},"modified":"2025-10-22T10:28:02","modified_gmt":"2025-10-22T08:28:02","slug":"l-leusiini","status":"publish","type":"product","link":"https:\/\/naturalpoland.com\/fi\/tuotteet\/laaketeollisuuden-tuotteet\/aminohapot\/l-leusiini\/","title":{"rendered":"L-leusiini"},"content":{"rendered":"<h2>L-leusiini \u2013 lis\u00e4ravinne<\/h2>\n<p>L-leusiinia esiintyy luonnostaan tuotteissa, kuten <strong>lihassa<\/strong>, <strong>kalassa<\/strong>, <strong>munissa<\/strong>, <strong>maitotuotteissa<\/strong> sek\u00e4 joissakin proteiinipitoisissa kasveissa. L-leusiinin lis\u00e4ravinnetta suositellaan kuitenkin intensiivisen harjoittelun tai ruokavalion yhteydess\u00e4, jossa on lis\u00e4\u00e4ntynyt tarve palautumiselle ja anabolialle. T\u00e4m\u00e4 aminohappo k\u00e4ynnist\u00e4\u00e4 lihasproteiinisynteesin ja s\u00e4\u00e4telee keskeisi\u00e4 aineenvaihduntareittej\u00e4, kuten mTOR:\u00e4\u00e4, joka vastaa ravinteiden toimittamisesta lihaksiin ja tukee niiden palautumista ja kasvua.  <\/p>\n<p>L-leusiinin lis\u00e4ravinne ennen harjoittelua lis\u00e4\u00e4 suorituskyky\u00e4 ja mahdollistaa pidemm\u00e4t ja intensiivisemm\u00e4t harjoitukset. Sen nauttiminen harjoittelun j\u00e4lkeen puolestaan edist\u00e4\u00e4 nopeampaa palautumista ja v\u00e4hent\u00e4\u00e4 lihaskatabolian riski\u00e4. <\/p>\n<h2>L-leusiinin vaikutus<\/h2>\n<p>L-leusiini, BCAA:n p\u00e4\u00e4komponenttina, tukee elimist\u00f6ss\u00e4 sek\u00e4 <strong>anabolisia<\/strong> ett\u00e4 <strong>antikataabolisisia prosesseja<\/strong>. T\u00e4m\u00e4 tarkoittaa, ett\u00e4 se ei ainoastaan edist\u00e4 uusien lihaskudosten rakentumista, vaan my\u00f6s est\u00e4\u00e4 olemassa olevien lihass\u00e4ikeiden hajoamista intensiivisen fyysisen rasituksen aikana. T\u00e4m\u00e4n ansiosta L-leusiini tukee positiivisen typpitasapainon yll\u00e4pit\u00e4mist\u00e4, mik\u00e4 on ratkaisevan t\u00e4rke\u00e4\u00e4 lihasten kehitykselle. Lis\u00e4ksi t\u00e4m\u00e4 aminohappo vaikuttaa <strong>insuliinin eritykseen<\/strong> \u2013 voimakkaaseen anaboliseen hormoniin, joka mahdollistaa lihaksiin toimitettujen ravinteiden paremman hy\u00f6dynt\u00e4misen.   <\/p>\n<p>Lis\u00e4ksi L-leusiinilla on kyky <strong>alentaa kortisolitasoa<\/strong>, stressihormonia. Se tukee elimist\u00f6\u00e4 paitsi fyysisell\u00e4 tasolla, my\u00f6s vaikuttaa my\u00f6nteisesti hermoston toimintaan. Aktivoimalla aivojen niin sanottua kyll\u00e4isyyskeskusta se voi auttaa <strong>hallitsemaan ruokahalua<\/strong>.   <\/p>\n<p>T\u00e4m\u00e4n aminohapon puute voi johtaa elimist\u00f6n heikkenemiseen, fyysisen suorituskyvyn heikkenemiseen sek\u00e4 hyvinvoinnin h\u00e4iri\u00f6ihin, kuten v\u00e4symykseen, huimaukseen ja alentuneeseen mielialaan.<\/p>\n<p>L-leusiini suojaa lihaskudoksia i\u00e4kk\u00e4ill\u00e4 henkil\u00f6ill\u00e4, joiden palautumisprosessit ovat hidastuneet. Tutkimuksissa on osoitettu, ett\u00e4 L-leusiinin lis\u00e4ravinne i\u00e4kk\u00e4ill\u00e4 henkil\u00f6ill\u00e4 parantaa liikkuvuutta ja el\u00e4m\u00e4nlaatua, ehk\u00e4isten liiallista lihasmassan menetyst\u00e4. <\/p>\n<p>&nbsp;<\/p>\n","protected":false},"excerpt":{"rendered":"<p><strong>L-leusiini<\/strong> on v\u00e4ltt\u00e4m\u00e4t\u00f6n aminohappo, joka kuuluu <strong>BCAA<\/strong>-ryhm\u00e4\u00e4n (haaraketjuiset aminohapot). Elimist\u00f6ss\u00e4 se toimii anabolisesti tukien lihasmassan rakentumista, palautumisprosesseja ja fyysisen suorituskyvyn lis\u00e4\u00e4mist\u00e4. Koska ihmiskeho ei pysty syntetisoimaan L-leusiinia itse, sit\u00e4 on saatava ravinnosta tai lis\u00e4ravinteena.  <\/p>\n","protected":false},"featured_media":10850,"template":"","meta":{"_acf_changed":false},"product_brand":[],"product_cat":[534],"product_tag":[],"class_list":{"0":"post-10846","1":"product","2":"type-product","3":"status-publish","4":"has-post-thumbnail","6":"product_cat-aminohapot","8":"first","9":"instock","10":"shipping-taxable","11":"product-type-simple"},"acf":[],"yoast_head":"<!-- This site is optimized with the Yoast SEO plugin v27.4 - https:\/\/yoast.com\/product\/yoast-seo-wordpress\/ -->\n<title>L-leusiini - NATURAL POLAND - RAAKA-AINEIDEN TUKKUJAKELIJA<\/title>\n<meta name=\"description\" content=\"L-leusiini on yksi t\u00e4rkeimmist\u00e4 aminohapoista fyysisest\u00e4 kunnostaan ja lihastensa terveydest\u00e4 huolehtiville henkil\u00f6ille. Se tukee lihasmassan rakentumista.\" \/>\n<meta name=\"robots\" content=\"index, follow, max-snippet:-1, max-image-preview:large, max-video-preview:-1\" \/>\n<link rel=\"canonical\" href=\"https:\/\/naturalpoland.com\/fi\/tuotteet\/laaketeollisuuden-tuotteet\/aminohapot\/l-leusiini\/\" \/>\n<meta property=\"og:locale\" content=\"fi_FI\" \/>\n<meta property=\"og:type\" content=\"article\" \/>\n<meta property=\"og:title\" content=\"L-leusiini - NATURAL POLAND - RAAKA-AINEIDEN TUKKUJAKELIJA\" \/>\n<meta property=\"og:description\" content=\"L-leusiini on yksi t\u00e4rkeimmist\u00e4 aminohapoista fyysisest\u00e4 kunnostaan ja lihastensa terveydest\u00e4 huolehtiville henkil\u00f6ille. Se tukee lihasmassan rakentumista.\" \/>\n<meta property=\"og:url\" content=\"https:\/\/naturalpoland.com\/fi\/tuotteet\/laaketeollisuuden-tuotteet\/aminohapot\/l-leusiini\/\" \/>\n<meta property=\"og:site_name\" content=\"NATURAL POLAND - RAAKA-AINEIDEN TUKKUJAKELIJA\" \/>\n<meta property=\"article:publisher\" content=\"https:\/\/www.facebook.com\/naturalpoland.b2b\" \/>\n<meta property=\"article:modified_time\" content=\"2025-10-22T08:28:02+00:00\" \/>\n<meta property=\"og:image\" content=\"https:\/\/naturalpoland.com\/wp-content\/uploads\/2021\/05\/l-leucine.jpg\" \/>\n\t<meta property=\"og:image:width\" content=\"400\" \/>\n\t<meta property=\"og:image:height\" content=\"220\" \/>\n\t<meta property=\"og:image:type\" content=\"image\/jpeg\" \/>\n<script type=\"application\/ld+json\" class=\"yoast-schema-graph\">{\"@context\":\"https:\\\/\\\/schema.org\",\"@graph\":[{\"@type\":\"WebPage\",\"@id\":\"https:\\\/\\\/naturalpoland.com\\\/fi\\\/tuotteet\\\/laaketeollisuuden-tuotteet\\\/aminohapot\\\/l-leusiini\\\/\",\"url\":\"https:\\\/\\\/naturalpoland.com\\\/fi\\\/tuotteet\\\/laaketeollisuuden-tuotteet\\\/aminohapot\\\/l-leusiini\\\/\",\"name\":\"L-leusiini - NATURAL POLAND - RAAKA-AINEIDEN TUKKUJAKELIJA\",\"isPartOf\":{\"@id\":\"https:\\\/\\\/naturalpoland.com\\\/fi\\\/#website\"},\"primaryImageOfPage\":{\"@id\":\"https:\\\/\\\/naturalpoland.com\\\/fi\\\/tuotteet\\\/laaketeollisuuden-tuotteet\\\/aminohapot\\\/l-leusiini\\\/#primaryimage\"},\"image\":{\"@id\":\"https:\\\/\\\/naturalpoland.com\\\/fi\\\/tuotteet\\\/laaketeollisuuden-tuotteet\\\/aminohapot\\\/l-leusiini\\\/#primaryimage\"},\"thumbnailUrl\":\"https:\\\/\\\/naturalpoland.com\\\/wp-content\\\/uploads\\\/2021\\\/05\\\/l-leucine.jpg\",\"datePublished\":\"2021-05-11T11:45:43+00:00\",\"dateModified\":\"2025-10-22T08:28:02+00:00\",\"description\":\"L-leusiini on yksi t\u00e4rkeimmist\u00e4 aminohapoista fyysisest\u00e4 kunnostaan ja lihastensa terveydest\u00e4 huolehtiville henkil\u00f6ille. Se tukee lihasmassan rakentumista.\",\"breadcrumb\":{\"@id\":\"https:\\\/\\\/naturalpoland.com\\\/fi\\\/tuotteet\\\/laaketeollisuuden-tuotteet\\\/aminohapot\\\/l-leusiini\\\/#breadcrumb\"},\"inLanguage\":\"fi\",\"potentialAction\":[{\"@type\":\"ReadAction\",\"target\":[\"https:\\\/\\\/naturalpoland.com\\\/fi\\\/tuotteet\\\/laaketeollisuuden-tuotteet\\\/aminohapot\\\/l-leusiini\\\/\"]}]},{\"@type\":\"ImageObject\",\"inLanguage\":\"fi\",\"@id\":\"https:\\\/\\\/naturalpoland.com\\\/fi\\\/tuotteet\\\/laaketeollisuuden-tuotteet\\\/aminohapot\\\/l-leusiini\\\/#primaryimage\",\"url\":\"https:\\\/\\\/naturalpoland.com\\\/wp-content\\\/uploads\\\/2021\\\/05\\\/l-leucine.jpg\",\"contentUrl\":\"https:\\\/\\\/naturalpoland.com\\\/wp-content\\\/uploads\\\/2021\\\/05\\\/l-leucine.jpg\",\"width\":400,\"height\":220,\"caption\":\"L-leusiinin kemiallinen kaava\"},{\"@type\":\"BreadcrumbList\",\"@id\":\"https:\\\/\\\/naturalpoland.com\\\/fi\\\/tuotteet\\\/laaketeollisuuden-tuotteet\\\/aminohapot\\\/l-leusiini\\\/#breadcrumb\",\"itemListElement\":[{\"@type\":\"ListItem\",\"position\":1,\"name\":\"Etusivu\",\"item\":\"https:\\\/\\\/naturalpoland.com\\\/fi\\\/\"},{\"@type\":\"ListItem\",\"position\":2,\"name\":\"Tuotteet\",\"item\":\"https:\\\/\\\/naturalpoland.com\\\/fi\\\/tuotteet\\\/\"},{\"@type\":\"ListItem\",\"position\":3,\"name\":\"L-leusiini\"}]},{\"@type\":\"WebSite\",\"@id\":\"https:\\\/\\\/naturalpoland.com\\\/fi\\\/#website\",\"url\":\"https:\\\/\\\/naturalpoland.com\\\/fi\\\/\",\"name\":\"NATURAL POLAND - RAAKA-AINEIDEN TUKKUJAKELIJA\",\"description\":\"Surowce dla przemys\u0142u spo\u017cywczego, kosmetycznego i farmaceutycznego\",\"publisher\":{\"@id\":\"https:\\\/\\\/naturalpoland.com\\\/fi\\\/#organization\"},\"potentialAction\":[{\"@type\":\"SearchAction\",\"target\":{\"@type\":\"EntryPoint\",\"urlTemplate\":\"https:\\\/\\\/naturalpoland.com\\\/fi\\\/?s={search_term_string}\"},\"query-input\":{\"@type\":\"PropertyValueSpecification\",\"valueRequired\":true,\"valueName\":\"search_term_string\"}}],\"inLanguage\":\"fi\"},{\"@type\":\"Organization\",\"@id\":\"https:\\\/\\\/naturalpoland.com\\\/fi\\\/#organization\",\"name\":\"Natural Poland\",\"url\":\"https:\\\/\\\/naturalpoland.com\\\/fi\\\/\",\"logo\":{\"@type\":\"ImageObject\",\"inLanguage\":\"fi\",\"@id\":\"https:\\\/\\\/naturalpoland.com\\\/fi\\\/#\\\/schema\\\/logo\\\/image\\\/\",\"url\":\"https:\\\/\\\/naturalpoland.com\\\/wp-content\\\/uploads\\\/2021\\\/05\\\/natural-poland-icon.png\",\"contentUrl\":\"https:\\\/\\\/naturalpoland.com\\\/wp-content\\\/uploads\\\/2021\\\/05\\\/natural-poland-icon.png\",\"width\":512,\"height\":512,\"caption\":\"Natural Poland\"},\"image\":{\"@id\":\"https:\\\/\\\/naturalpoland.com\\\/fi\\\/#\\\/schema\\\/logo\\\/image\\\/\"},\"sameAs\":[\"https:\\\/\\\/www.facebook.com\\\/naturalpoland.b2b\",\"https:\\\/\\\/pl.linkedin.com\\\/company\\\/natural-poland\",\"https:\\\/\\\/www.youtube.com\\\/channel\\\/UCgeGGkvOMahZo-xu_MSEWxg\"]}]}<\/script>\n<!-- \/ Yoast SEO plugin. -->","yoast_head_json":{"title":"L-leusiini - NATURAL POLAND - RAAKA-AINEIDEN TUKKUJAKELIJA","description":"L-leusiini on yksi t\u00e4rkeimmist\u00e4 aminohapoista fyysisest\u00e4 kunnostaan ja lihastensa terveydest\u00e4 huolehtiville henkil\u00f6ille. Se tukee lihasmassan rakentumista.","robots":{"index":"index","follow":"follow","max-snippet":"max-snippet:-1","max-image-preview":"max-image-preview:large","max-video-preview":"max-video-preview:-1"},"canonical":"https:\/\/naturalpoland.com\/fi\/tuotteet\/laaketeollisuuden-tuotteet\/aminohapot\/l-leusiini\/","og_locale":"fi_FI","og_type":"article","og_title":"L-leusiini - NATURAL POLAND - RAAKA-AINEIDEN TUKKUJAKELIJA","og_description":"L-leusiini on yksi t\u00e4rkeimmist\u00e4 aminohapoista fyysisest\u00e4 kunnostaan ja lihastensa terveydest\u00e4 huolehtiville henkil\u00f6ille. Se tukee lihasmassan rakentumista.","og_url":"https:\/\/naturalpoland.com\/fi\/tuotteet\/laaketeollisuuden-tuotteet\/aminohapot\/l-leusiini\/","og_site_name":"NATURAL POLAND - RAAKA-AINEIDEN TUKKUJAKELIJA","article_publisher":"https:\/\/www.facebook.com\/naturalpoland.b2b","article_modified_time":"2025-10-22T08:28:02+00:00","og_image":[{"width":400,"height":220,"url":"https:\/\/naturalpoland.com\/wp-content\/uploads\/2021\/05\/l-leucine.jpg","type":"image\/jpeg"}],"schema":{"@context":"https:\/\/schema.org","@graph":[{"@type":"WebPage","@id":"https:\/\/naturalpoland.com\/fi\/tuotteet\/laaketeollisuuden-tuotteet\/aminohapot\/l-leusiini\/","url":"https:\/\/naturalpoland.com\/fi\/tuotteet\/laaketeollisuuden-tuotteet\/aminohapot\/l-leusiini\/","name":"L-leusiini - NATURAL POLAND - RAAKA-AINEIDEN TUKKUJAKELIJA","isPartOf":{"@id":"https:\/\/naturalpoland.com\/fi\/#website"},"primaryImageOfPage":{"@id":"https:\/\/naturalpoland.com\/fi\/tuotteet\/laaketeollisuuden-tuotteet\/aminohapot\/l-leusiini\/#primaryimage"},"image":{"@id":"https:\/\/naturalpoland.com\/fi\/tuotteet\/laaketeollisuuden-tuotteet\/aminohapot\/l-leusiini\/#primaryimage"},"thumbnailUrl":"https:\/\/naturalpoland.com\/wp-content\/uploads\/2021\/05\/l-leucine.jpg","datePublished":"2021-05-11T11:45:43+00:00","dateModified":"2025-10-22T08:28:02+00:00","description":"L-leusiini on yksi t\u00e4rkeimmist\u00e4 aminohapoista fyysisest\u00e4 kunnostaan ja lihastensa terveydest\u00e4 huolehtiville henkil\u00f6ille. Se tukee lihasmassan rakentumista.","breadcrumb":{"@id":"https:\/\/naturalpoland.com\/fi\/tuotteet\/laaketeollisuuden-tuotteet\/aminohapot\/l-leusiini\/#breadcrumb"},"inLanguage":"fi","potentialAction":[{"@type":"ReadAction","target":["https:\/\/naturalpoland.com\/fi\/tuotteet\/laaketeollisuuden-tuotteet\/aminohapot\/l-leusiini\/"]}]},{"@type":"ImageObject","inLanguage":"fi","@id":"https:\/\/naturalpoland.com\/fi\/tuotteet\/laaketeollisuuden-tuotteet\/aminohapot\/l-leusiini\/#primaryimage","url":"https:\/\/naturalpoland.com\/wp-content\/uploads\/2021\/05\/l-leucine.jpg","contentUrl":"https:\/\/naturalpoland.com\/wp-content\/uploads\/2021\/05\/l-leucine.jpg","width":400,"height":220,"caption":"L-leusiinin kemiallinen kaava"},{"@type":"BreadcrumbList","@id":"https:\/\/naturalpoland.com\/fi\/tuotteet\/laaketeollisuuden-tuotteet\/aminohapot\/l-leusiini\/#breadcrumb","itemListElement":[{"@type":"ListItem","position":1,"name":"Etusivu","item":"https:\/\/naturalpoland.com\/fi\/"},{"@type":"ListItem","position":2,"name":"Tuotteet","item":"https:\/\/naturalpoland.com\/fi\/tuotteet\/"},{"@type":"ListItem","position":3,"name":"L-leusiini"}]},{"@type":"WebSite","@id":"https:\/\/naturalpoland.com\/fi\/#website","url":"https:\/\/naturalpoland.com\/fi\/","name":"NATURAL POLAND - RAAKA-AINEIDEN TUKKUJAKELIJA","description":"Surowce dla przemys\u0142u spo\u017cywczego, kosmetycznego i farmaceutycznego","publisher":{"@id":"https:\/\/naturalpoland.com\/fi\/#organization"},"potentialAction":[{"@type":"SearchAction","target":{"@type":"EntryPoint","urlTemplate":"https:\/\/naturalpoland.com\/fi\/?s={search_term_string}"},"query-input":{"@type":"PropertyValueSpecification","valueRequired":true,"valueName":"search_term_string"}}],"inLanguage":"fi"},{"@type":"Organization","@id":"https:\/\/naturalpoland.com\/fi\/#organization","name":"Natural Poland","url":"https:\/\/naturalpoland.com\/fi\/","logo":{"@type":"ImageObject","inLanguage":"fi","@id":"https:\/\/naturalpoland.com\/fi\/#\/schema\/logo\/image\/","url":"https:\/\/naturalpoland.com\/wp-content\/uploads\/2021\/05\/natural-poland-icon.png","contentUrl":"https:\/\/naturalpoland.com\/wp-content\/uploads\/2021\/05\/natural-poland-icon.png","width":512,"height":512,"caption":"Natural Poland"},"image":{"@id":"https:\/\/naturalpoland.com\/fi\/#\/schema\/logo\/image\/"},"sameAs":["https:\/\/www.facebook.com\/naturalpoland.b2b","https:\/\/pl.linkedin.com\/company\/natural-poland","https:\/\/www.youtube.com\/channel\/UCgeGGkvOMahZo-xu_MSEWxg"]}]}},"_links":{"self":[{"href":"https:\/\/naturalpoland.com\/fi\/wp-json\/wp\/v2\/product\/10846","targetHints":{"allow":["GET"]}}],"collection":[{"href":"https:\/\/naturalpoland.com\/fi\/wp-json\/wp\/v2\/product"}],"about":[{"href":"https:\/\/naturalpoland.com\/fi\/wp-json\/wp\/v2\/types\/product"}],"wp:featuredmedia":[{"embeddable":true,"href":"https:\/\/naturalpoland.com\/fi\/wp-json\/wp\/v2\/media\/10850"}],"wp:attachment":[{"href":"https:\/\/naturalpoland.com\/fi\/wp-json\/wp\/v2\/media?parent=10846"}],"wp:term":[{"taxonomy":"product_brand","embeddable":true,"href":"https:\/\/naturalpoland.com\/fi\/wp-json\/wp\/v2\/product_brand?post=10846"},{"taxonomy":"product_cat","embeddable":true,"href":"https:\/\/naturalpoland.com\/fi\/wp-json\/wp\/v2\/product_cat?post=10846"},{"taxonomy":"product_tag","embeddable":true,"href":"https:\/\/naturalpoland.com\/fi\/wp-json\/wp\/v2\/product_tag?post=10846"}],"curies":[{"name":"wp","href":"https:\/\/api.w.org\/{rel}","templated":true}]}}