{"id":10972,"date":"2021-05-11T13:50:09","date_gmt":"2021-09-20T10:38:50","guid":{"rendered":"https:\/\/naturalpoland.pl\/produkty\/Ei-luokiteltu\/musta-kumina-siemenoljy\/"},"modified":"2024-06-13T13:20:33","modified_gmt":"2024-06-13T11:20:33","slug":"musta-kumina-siemenoljy","status":"publish","type":"product","link":"https:\/\/naturalpoland.com\/fi\/tuotteet\/elintarviketeollisuuden-tuotteet\/elintarvikeoljyt\/musta-kumina-siemenoljy\/","title":{"rendered":"Mustakumina\u00f6ljy"},"content":{"rendered":"<h2>Tuotantoprosessi<\/h2>\n<p><strong>Kylm\u00e4puristettu, jalostamaton<\/strong> \u00f6ljy s\u00e4ilytt\u00e4\u00e4 kaikki arvokkaat ravintoaineensa, mik\u00e4 tekee siit\u00e4 eritt\u00e4in arvokkaan moniin k\u00e4ytt\u00f6tarkoituksiin. Kylm\u00e4puristus, joka s\u00e4ilytt\u00e4\u00e4 kaikki arvokkaat ravintoaineet ja varmistaa, ett\u00e4 \u00f6ljy on jalostamatonta ja vailla kemiallisia lis\u00e4aineita.<\/p>\n<h2>Ravinteet<\/h2>\n<p>Mustakumina\u00f6ljy sis\u00e4lt\u00e4\u00e4 runsaasti <strong>omega-3-<\/strong> ja <strong>omega-6-rasvahappoja<\/strong> ja <strong>linolihappoa<\/strong>, joiden tiedet\u00e4\u00e4n vaikuttavan suotuisasti syd\u00e4n- ja verisuoniterveyteen.<br \/>\nLis\u00e4ksi se sis\u00e4lt\u00e4\u00e4 <strong>tymokinonia<\/strong> ja <strong>nigellonia<\/strong>, bioaktiivisia yhdisteit\u00e4, jotka ovat tehokkaita allergioiden hoidossa est\u00e4m\u00e4ll\u00e4 histamiinin erityst\u00e4. <\/p>\n<h2>Kumina\u00f6ljyn terveysominaisuudet<\/h2>\n<p>T\u00e4t\u00e4 tuotetta suositellaan erityisesti niille, jotka haluavat hallita kolesteroli- ja verensokeritasoja.<br \/>\nMustakumina\u00f6ljy s\u00e4\u00e4telee hiilihydraattiaineenvaihduntaa ja alentaa sokeripitoisuutta aterian j\u00e4lkeen, joten siit\u00e4 on hy\u00f6ty\u00e4 insuliiniresistenssin ja tyypin 2 diabeteksen ehk\u00e4isyss\u00e4.<br \/>\nLis\u00e4ksi sen antihistamiinivaikutus tekee siit\u00e4 tukevan allergioiden hoidossa.  <\/p>\n<h2>Kosmeettinen k\u00e4ytt\u00f6<\/h2>\n<p>Kosmetiikkateollisuudessa nigella\u00f6ljy\u00e4 arvostetaan sen kosteuttavien, uudistavien ja tulehdusta ehk\u00e4isevien ominaisuuksien vuoksi.<br \/>\nSe sopii erinomaisesti kuivalle, herk\u00e4lle ja ongelmalliselle iholle.<br \/>\nS\u00e4\u00e4nn\u00f6llisesti k\u00e4ytettyn\u00e4 se voi auttaa lievitt\u00e4m\u00e4\u00e4n ihon tulehduksia ja tukemaan luonnollisia uudistumisprosesseja.  <\/p>\n<h2>Immuunituki<\/h2>\n<p>Nigellansiemen\u00f6ljy tukee my\u00f6s immuunij\u00e4rjestelm\u00e4\u00e4 sen antiviraalisten ja antibakteeristen ominaisuuksien ansiosta.<br \/>\nSe auttaa suojaamaan kehoa erilaisilta taudinaiheuttajilta. <\/p>\n<h2>Varastointi ja pakkaaminen<\/h2>\n<p>Mustakumina\u00f6ljy on s\u00e4ilytett\u00e4v\u00e4 alle 20 \u00b0C:n l\u00e4mp\u00f6tilassa, pime\u00e4ss\u00e4 paikassa, suojassa auringonvalolta. S\u00e4ilyt\u00e4 avattuina j\u00e4\u00e4kaapissa. Tuote on pakattu hyv\u00e4ksyttyihin muovisankoihin (20 l) ja tummiin lasipulloihin (250 ml, 500 ml, 1000 ml). Pakkaus on asetuksen (EY) N:o 1935\/2004 mukainen.<\/p>\n<h3><\/h3>\n<h2>Ravitsemukselliset ominaisuudet (per 100g)<\/h2>\n<ul>\n<li><strong>Energia-arvo:<\/strong> 3620 kJ\/864 kcal<\/li>\n<li><strong>Rasva:<\/strong> 96.2g\n<ul>\n<li><strong>Tyydyttyneet rasvahapot:<\/strong> 14.6g<\/li>\n<li><strong>Kertatyydyttym\u00e4tt\u00f6m\u00e4t rasvahapot:<\/strong> 23,8 g.<\/li>\n<li><strong>Monityydyttym\u00e4tt\u00f6mi\u00e4 rasvahappoja:<\/strong> 53,3 g (josta omega-6: 52,8 g).<\/li>\n<\/ul>\n<\/li>\n<li><strong>Hiilihydraatteja:<\/strong> 2.6g (josta sokereita: 0g).<\/li>\n<li><strong>Proteiini:<\/strong> 0.7g<\/li>\n<li><strong>Suola:<\/strong> 0g<\/li>\n<\/ul>\n","protected":false},"excerpt":{"rendered":"<p>Nigellansiemen\u00f6ljyn tukkukauppiaana tarjoamme korkealaatuista elintarvikelaatua, jota k\u00e4ytet\u00e4\u00e4n monilla teollisuudenaloilla elintarvikkeista l\u00e4\u00e4kkeisiin ja kosmetiikkaan.<\/p>\n","protected":false},"featured_media":7058,"template":"","meta":{"_acf_changed":false},"product_brand":[],"product_cat":[542,531,546],"product_tag":[],"class_list":{"0":"post-10972","1":"product","2":"type-product","3":"status-publish","4":"has-post-thumbnail","6":"product_cat-kosmeettiset-oljyt","7":"product_cat-ruokaoljyt-ja-kosmeettiset-oljyt","8":"product_cat-elintarvikeoljyt","9":"pa_czesc-rosliny-siemenet","10":"pa_metoda-pozyskiwania-kylmapuristus","12":"first","13":"instock","14":"shipping-taxable","15":"product-type-simple"},"acf":[],"yoast_head":"<!-- This site is optimized with the Yoast SEO plugin v27.5 - https:\/\/yoast.com\/product\/yoast-seo-wordpress\/ -->\n<title>Mustakumina\u00f6ljy - NATURAL POLAND - RAAKA-AINEIDEN TUKKUJAKELIJA<\/title>\n<meta name=\"description\" content=\"Nigella\u00f6ljy on puhdistamatonta, joten se s\u00e4ilytt\u00e4\u00e4 paljon luonnollisia ominaisuuksiaan. \u00d6ljyss\u00e4 on runsaasti tyydyttym\u00e4tt\u00f6mi\u00e4 happoja.\" \/>\n<meta name=\"robots\" content=\"index, follow, max-snippet:-1, max-image-preview:large, max-video-preview:-1\" \/>\n<link rel=\"canonical\" href=\"https:\/\/naturalpoland.com\/fi\/tuotteet\/elintarviketeollisuuden-tuotteet\/elintarvikeoljyt\/musta-kumina-siemenoljy\/\" \/>\n<meta property=\"og:locale\" content=\"fi_FI\" \/>\n<meta property=\"og:type\" content=\"article\" \/>\n<meta property=\"og:title\" content=\"Mustakumina\u00f6ljy - NATURAL POLAND - RAAKA-AINEIDEN TUKKUJAKELIJA\" \/>\n<meta property=\"og:description\" content=\"Nigella\u00f6ljy on puhdistamatonta, joten se s\u00e4ilytt\u00e4\u00e4 paljon luonnollisia ominaisuuksiaan. \u00d6ljyss\u00e4 on runsaasti tyydyttym\u00e4tt\u00f6mi\u00e4 happoja.\" \/>\n<meta property=\"og:url\" content=\"https:\/\/naturalpoland.com\/fi\/tuotteet\/elintarviketeollisuuden-tuotteet\/elintarvikeoljyt\/musta-kumina-siemenoljy\/\" \/>\n<meta property=\"og:site_name\" content=\"NATURAL POLAND - RAAKA-AINEIDEN TUKKUJAKELIJA\" \/>\n<meta property=\"article:publisher\" content=\"https:\/\/www.facebook.com\/naturalpoland.b2b\" \/>\n<meta property=\"article:modified_time\" content=\"2024-06-13T11:20:33+00:00\" \/>\n<meta property=\"og:image\" content=\"https:\/\/naturalpoland.com\/wp-content\/uploads\/kminek-1.jpg\" \/>\n\t<meta property=\"og:image:width\" content=\"650\" \/>\n\t<meta property=\"og:image:height\" content=\"650\" \/>\n\t<meta property=\"og:image:type\" content=\"image\/jpeg\" \/>\n<script type=\"application\/ld+json\" class=\"yoast-schema-graph\">{\"@context\":\"https:\\\/\\\/schema.org\",\"@graph\":[{\"@type\":\"WebPage\",\"@id\":\"https:\\\/\\\/naturalpoland.com\\\/fi\\\/tuotteet\\\/elintarviketeollisuuden-tuotteet\\\/elintarvikeoljyt\\\/musta-kumina-siemenoljy\\\/\",\"url\":\"https:\\\/\\\/naturalpoland.com\\\/fi\\\/tuotteet\\\/elintarviketeollisuuden-tuotteet\\\/elintarvikeoljyt\\\/musta-kumina-siemenoljy\\\/\",\"name\":\"Mustakumina\u00f6ljy - NATURAL POLAND - RAAKA-AINEIDEN TUKKUJAKELIJA\",\"isPartOf\":{\"@id\":\"https:\\\/\\\/naturalpoland.com\\\/fi\\\/#website\"},\"primaryImageOfPage\":{\"@id\":\"https:\\\/\\\/naturalpoland.com\\\/fi\\\/tuotteet\\\/elintarviketeollisuuden-tuotteet\\\/elintarvikeoljyt\\\/musta-kumina-siemenoljy\\\/#primaryimage\"},\"image\":{\"@id\":\"https:\\\/\\\/naturalpoland.com\\\/fi\\\/tuotteet\\\/elintarviketeollisuuden-tuotteet\\\/elintarvikeoljyt\\\/musta-kumina-siemenoljy\\\/#primaryimage\"},\"thumbnailUrl\":\"https:\\\/\\\/naturalpoland.com\\\/wp-content\\\/uploads\\\/kminek-1.jpg\",\"datePublished\":\"2021-09-20T10:38:50+00:00\",\"dateModified\":\"2024-06-13T11:20:33+00:00\",\"description\":\"Nigella\u00f6ljy on puhdistamatonta, joten se s\u00e4ilytt\u00e4\u00e4 paljon luonnollisia ominaisuuksiaan. \u00d6ljyss\u00e4 on runsaasti tyydyttym\u00e4tt\u00f6mi\u00e4 happoja.\",\"breadcrumb\":{\"@id\":\"https:\\\/\\\/naturalpoland.com\\\/fi\\\/tuotteet\\\/elintarviketeollisuuden-tuotteet\\\/elintarvikeoljyt\\\/musta-kumina-siemenoljy\\\/#breadcrumb\"},\"inLanguage\":\"fi\",\"potentialAction\":[{\"@type\":\"ReadAction\",\"target\":[\"https:\\\/\\\/naturalpoland.com\\\/fi\\\/tuotteet\\\/elintarviketeollisuuden-tuotteet\\\/elintarvikeoljyt\\\/musta-kumina-siemenoljy\\\/\"]}]},{\"@type\":\"ImageObject\",\"inLanguage\":\"fi\",\"@id\":\"https:\\\/\\\/naturalpoland.com\\\/fi\\\/tuotteet\\\/elintarviketeollisuuden-tuotteet\\\/elintarvikeoljyt\\\/musta-kumina-siemenoljy\\\/#primaryimage\",\"url\":\"https:\\\/\\\/naturalpoland.com\\\/wp-content\\\/uploads\\\/kminek-1.jpg\",\"contentUrl\":\"https:\\\/\\\/naturalpoland.com\\\/wp-content\\\/uploads\\\/kminek-1.jpg\",\"width\":650,\"height\":650,\"caption\":\"Musta kumina siemen\u00f6ljy\"},{\"@type\":\"BreadcrumbList\",\"@id\":\"https:\\\/\\\/naturalpoland.com\\\/fi\\\/tuotteet\\\/elintarviketeollisuuden-tuotteet\\\/elintarvikeoljyt\\\/musta-kumina-siemenoljy\\\/#breadcrumb\",\"itemListElement\":[{\"@type\":\"ListItem\",\"position\":1,\"name\":\"Etusivu\",\"item\":\"https:\\\/\\\/naturalpoland.com\\\/fi\\\/\"},{\"@type\":\"ListItem\",\"position\":2,\"name\":\"Tuotteet\",\"item\":\"https:\\\/\\\/naturalpoland.com\\\/fi\\\/tuotteet\\\/\"},{\"@type\":\"ListItem\",\"position\":3,\"name\":\"Mustakumina\u00f6ljy\"}]},{\"@type\":\"WebSite\",\"@id\":\"https:\\\/\\\/naturalpoland.com\\\/fi\\\/#website\",\"url\":\"https:\\\/\\\/naturalpoland.com\\\/fi\\\/\",\"name\":\"NATURAL POLAND - RAAKA-AINEIDEN TUKKUJAKELIJA\",\"description\":\"Surowce dla przemys\u0142u spo\u017cywczego, kosmetycznego i farmaceutycznego\",\"publisher\":{\"@id\":\"https:\\\/\\\/naturalpoland.com\\\/fi\\\/#organization\"},\"potentialAction\":[{\"@type\":\"SearchAction\",\"target\":{\"@type\":\"EntryPoint\",\"urlTemplate\":\"https:\\\/\\\/naturalpoland.com\\\/fi\\\/?s={search_term_string}\"},\"query-input\":{\"@type\":\"PropertyValueSpecification\",\"valueRequired\":true,\"valueName\":\"search_term_string\"}}],\"inLanguage\":\"fi\"},{\"@type\":\"Organization\",\"@id\":\"https:\\\/\\\/naturalpoland.com\\\/fi\\\/#organization\",\"name\":\"Natural Poland\",\"url\":\"https:\\\/\\\/naturalpoland.com\\\/fi\\\/\",\"logo\":{\"@type\":\"ImageObject\",\"inLanguage\":\"fi\",\"@id\":\"https:\\\/\\\/naturalpoland.com\\\/fi\\\/#\\\/schema\\\/logo\\\/image\\\/\",\"url\":\"https:\\\/\\\/naturalpoland.com\\\/wp-content\\\/uploads\\\/2021\\\/05\\\/natural-poland-icon.png\",\"contentUrl\":\"https:\\\/\\\/naturalpoland.com\\\/wp-content\\\/uploads\\\/2021\\\/05\\\/natural-poland-icon.png\",\"width\":512,\"height\":512,\"caption\":\"Natural Poland\"},\"image\":{\"@id\":\"https:\\\/\\\/naturalpoland.com\\\/fi\\\/#\\\/schema\\\/logo\\\/image\\\/\"},\"sameAs\":[\"https:\\\/\\\/www.facebook.com\\\/naturalpoland.b2b\",\"https:\\\/\\\/pl.linkedin.com\\\/company\\\/natural-poland\",\"https:\\\/\\\/www.youtube.com\\\/channel\\\/UCgeGGkvOMahZo-xu_MSEWxg\"]}]}<\/script>\n<!-- \/ Yoast SEO plugin. -->","yoast_head_json":{"title":"Mustakumina\u00f6ljy - NATURAL POLAND - RAAKA-AINEIDEN TUKKUJAKELIJA","description":"Nigella\u00f6ljy on puhdistamatonta, joten se s\u00e4ilytt\u00e4\u00e4 paljon luonnollisia ominaisuuksiaan. \u00d6ljyss\u00e4 on runsaasti tyydyttym\u00e4tt\u00f6mi\u00e4 happoja.","robots":{"index":"index","follow":"follow","max-snippet":"max-snippet:-1","max-image-preview":"max-image-preview:large","max-video-preview":"max-video-preview:-1"},"canonical":"https:\/\/naturalpoland.com\/fi\/tuotteet\/elintarviketeollisuuden-tuotteet\/elintarvikeoljyt\/musta-kumina-siemenoljy\/","og_locale":"fi_FI","og_type":"article","og_title":"Mustakumina\u00f6ljy - NATURAL POLAND - RAAKA-AINEIDEN TUKKUJAKELIJA","og_description":"Nigella\u00f6ljy on puhdistamatonta, joten se s\u00e4ilytt\u00e4\u00e4 paljon luonnollisia ominaisuuksiaan. \u00d6ljyss\u00e4 on runsaasti tyydyttym\u00e4tt\u00f6mi\u00e4 happoja.","og_url":"https:\/\/naturalpoland.com\/fi\/tuotteet\/elintarviketeollisuuden-tuotteet\/elintarvikeoljyt\/musta-kumina-siemenoljy\/","og_site_name":"NATURAL POLAND - RAAKA-AINEIDEN TUKKUJAKELIJA","article_publisher":"https:\/\/www.facebook.com\/naturalpoland.b2b","article_modified_time":"2024-06-13T11:20:33+00:00","og_image":[{"width":650,"height":650,"url":"https:\/\/naturalpoland.com\/wp-content\/uploads\/kminek-1.jpg","type":"image\/jpeg"}],"schema":{"@context":"https:\/\/schema.org","@graph":[{"@type":"WebPage","@id":"https:\/\/naturalpoland.com\/fi\/tuotteet\/elintarviketeollisuuden-tuotteet\/elintarvikeoljyt\/musta-kumina-siemenoljy\/","url":"https:\/\/naturalpoland.com\/fi\/tuotteet\/elintarviketeollisuuden-tuotteet\/elintarvikeoljyt\/musta-kumina-siemenoljy\/","name":"Mustakumina\u00f6ljy - NATURAL POLAND - RAAKA-AINEIDEN TUKKUJAKELIJA","isPartOf":{"@id":"https:\/\/naturalpoland.com\/fi\/#website"},"primaryImageOfPage":{"@id":"https:\/\/naturalpoland.com\/fi\/tuotteet\/elintarviketeollisuuden-tuotteet\/elintarvikeoljyt\/musta-kumina-siemenoljy\/#primaryimage"},"image":{"@id":"https:\/\/naturalpoland.com\/fi\/tuotteet\/elintarviketeollisuuden-tuotteet\/elintarvikeoljyt\/musta-kumina-siemenoljy\/#primaryimage"},"thumbnailUrl":"https:\/\/naturalpoland.com\/wp-content\/uploads\/kminek-1.jpg","datePublished":"2021-09-20T10:38:50+00:00","dateModified":"2024-06-13T11:20:33+00:00","description":"Nigella\u00f6ljy on puhdistamatonta, joten se s\u00e4ilytt\u00e4\u00e4 paljon luonnollisia ominaisuuksiaan. \u00d6ljyss\u00e4 on runsaasti tyydyttym\u00e4tt\u00f6mi\u00e4 happoja.","breadcrumb":{"@id":"https:\/\/naturalpoland.com\/fi\/tuotteet\/elintarviketeollisuuden-tuotteet\/elintarvikeoljyt\/musta-kumina-siemenoljy\/#breadcrumb"},"inLanguage":"fi","potentialAction":[{"@type":"ReadAction","target":["https:\/\/naturalpoland.com\/fi\/tuotteet\/elintarviketeollisuuden-tuotteet\/elintarvikeoljyt\/musta-kumina-siemenoljy\/"]}]},{"@type":"ImageObject","inLanguage":"fi","@id":"https:\/\/naturalpoland.com\/fi\/tuotteet\/elintarviketeollisuuden-tuotteet\/elintarvikeoljyt\/musta-kumina-siemenoljy\/#primaryimage","url":"https:\/\/naturalpoland.com\/wp-content\/uploads\/kminek-1.jpg","contentUrl":"https:\/\/naturalpoland.com\/wp-content\/uploads\/kminek-1.jpg","width":650,"height":650,"caption":"Musta kumina siemen\u00f6ljy"},{"@type":"BreadcrumbList","@id":"https:\/\/naturalpoland.com\/fi\/tuotteet\/elintarviketeollisuuden-tuotteet\/elintarvikeoljyt\/musta-kumina-siemenoljy\/#breadcrumb","itemListElement":[{"@type":"ListItem","position":1,"name":"Etusivu","item":"https:\/\/naturalpoland.com\/fi\/"},{"@type":"ListItem","position":2,"name":"Tuotteet","item":"https:\/\/naturalpoland.com\/fi\/tuotteet\/"},{"@type":"ListItem","position":3,"name":"Mustakumina\u00f6ljy"}]},{"@type":"WebSite","@id":"https:\/\/naturalpoland.com\/fi\/#website","url":"https:\/\/naturalpoland.com\/fi\/","name":"NATURAL POLAND - RAAKA-AINEIDEN TUKKUJAKELIJA","description":"Surowce dla przemys\u0142u spo\u017cywczego, kosmetycznego i farmaceutycznego","publisher":{"@id":"https:\/\/naturalpoland.com\/fi\/#organization"},"potentialAction":[{"@type":"SearchAction","target":{"@type":"EntryPoint","urlTemplate":"https:\/\/naturalpoland.com\/fi\/?s={search_term_string}"},"query-input":{"@type":"PropertyValueSpecification","valueRequired":true,"valueName":"search_term_string"}}],"inLanguage":"fi"},{"@type":"Organization","@id":"https:\/\/naturalpoland.com\/fi\/#organization","name":"Natural Poland","url":"https:\/\/naturalpoland.com\/fi\/","logo":{"@type":"ImageObject","inLanguage":"fi","@id":"https:\/\/naturalpoland.com\/fi\/#\/schema\/logo\/image\/","url":"https:\/\/naturalpoland.com\/wp-content\/uploads\/2021\/05\/natural-poland-icon.png","contentUrl":"https:\/\/naturalpoland.com\/wp-content\/uploads\/2021\/05\/natural-poland-icon.png","width":512,"height":512,"caption":"Natural Poland"},"image":{"@id":"https:\/\/naturalpoland.com\/fi\/#\/schema\/logo\/image\/"},"sameAs":["https:\/\/www.facebook.com\/naturalpoland.b2b","https:\/\/pl.linkedin.com\/company\/natural-poland","https:\/\/www.youtube.com\/channel\/UCgeGGkvOMahZo-xu_MSEWxg"]}]}},"_links":{"self":[{"href":"https:\/\/naturalpoland.com\/fi\/wp-json\/wp\/v2\/product\/10972","targetHints":{"allow":["GET"]}}],"collection":[{"href":"https:\/\/naturalpoland.com\/fi\/wp-json\/wp\/v2\/product"}],"about":[{"href":"https:\/\/naturalpoland.com\/fi\/wp-json\/wp\/v2\/types\/product"}],"wp:featuredmedia":[{"embeddable":true,"href":"https:\/\/naturalpoland.com\/fi\/wp-json\/wp\/v2\/media\/7058"}],"wp:attachment":[{"href":"https:\/\/naturalpoland.com\/fi\/wp-json\/wp\/v2\/media?parent=10972"}],"wp:term":[{"taxonomy":"product_brand","embeddable":true,"href":"https:\/\/naturalpoland.com\/fi\/wp-json\/wp\/v2\/product_brand?post=10972"},{"taxonomy":"product_cat","embeddable":true,"href":"https:\/\/naturalpoland.com\/fi\/wp-json\/wp\/v2\/product_cat?post=10972"},{"taxonomy":"product_tag","embeddable":true,"href":"https:\/\/naturalpoland.com\/fi\/wp-json\/wp\/v2\/product_tag?post=10972"}],"curies":[{"name":"wp","href":"https:\/\/api.w.org\/{rel}","templated":true}]}}