{"id":10980,"date":"2021-05-11T13:50:10","date_gmt":"2021-09-20T10:38:59","guid":{"rendered":"https:\/\/naturalpoland.pl\/produkty\/Ei-luokiteltu\/kurpitsansiemenoljy\/"},"modified":"2024-12-23T14:24:29","modified_gmt":"2024-12-23T13:24:29","slug":"kurpitsansiemenoljy","status":"publish","type":"product","link":"https:\/\/naturalpoland.com\/fi\/tuotteet\/elintarviketeollisuuden-tuotteet\/elintarvikeoljyt\/kurpitsansiemenoljy\/","title":{"rendered":"Kurpitsansiemen\u00f6ljy"},"content":{"rendered":"<h2>Kurpitsansiemen\u00f6ljyn koostumus<\/h2>\n<p>Kurpitsansiemen\u00f6ljy sis\u00e4lt\u00e4\u00e4 vaikuttavan m\u00e4\u00e4r\u00e4n tyydyttym\u00e4tt\u00f6mi\u00e4 rasvahappoja, jotka muodostavat yli 85 prosenttia sen koostumuksesta. Keskeisi\u00e4 ainesosia ovat mm: <\/p>\n<ul>\n<li><strong>Linolihappo (C18:2)<\/strong>: Toimii tulehdusta ehk\u00e4isev\u00e4sti ja tukee syd\u00e4men terveytt\u00e4.<\/li>\n<li><strong>\u00d6ljyhappo (C18:1)<\/strong>: vaikuttaa ihon kimmoisuuteen ja tukee verenkiertoelimist\u00f6\u00e4.<\/li>\n<li><strong>Palmitiinihappo (C16:0)<\/strong>: tukee ihon uudistumisprosesseja.<\/li>\n<li><strong>Steariinihappo (C18:0)<\/strong>: suojaava ja kosteuttava vaikutus ihoon.<\/li>\n<\/ul>\n<p>\u00d6ljy sis\u00e4lt\u00e4\u00e4 my\u00f6s lukuisia fytosteroleja, kuten <strong>kurbitasiinia<\/strong>, joka tunnetaan loisl\u00e4\u00e4kkeist\u00e4\u00e4n, sek\u00e4 luonnollisia vitamiineja ja kivenn\u00e4isaineita.<\/p>\n<h2>Ominaisuudet ja vaikutukset<\/h2>\n<p>Kurpitsansiemen\u00f6ljyll\u00e4 on laaja valikoima terveytt\u00e4 edist\u00e4vi\u00e4 ominaisuuksia. \u00d6ljyn sis\u00e4lt\u00e4m\u00e4ll\u00e4 kukurbitasiinilla on <strong>loisl\u00e4\u00e4kkeit\u00e4 ehk\u00e4isev\u00e4<\/strong> vaikutus, sill\u00e4 se lamauttaa suoliston loisten hermoston, jolloin ne voivat poistua elimist\u00f6st\u00e4 luonnollisesti. \u00d6ljyn sis\u00e4lt\u00e4m\u00e4t fytosterolit puolestaan<strong> lievitt\u00e4v\u00e4t ruoansulatush\u00e4iri\u00f6it\u00e4<\/strong>, suojaavat mahan limakalvoja ja tukevat maksan toimintaa. \u00d6ljy toimii my\u00f6s <strong>virtsateiden tukena<\/strong> yliaktiivisen rakon tapauksessa ja tukee eturauhasen terveytt\u00e4. Kosmeettisena ainesosana \u00f6ljy<strong> auttaa tasoittamaan ryppyj\u00e4<\/strong>, vaalentamaan v\u00e4rimuutoksia ja nopeuttamaan arpien ja haavojen paranemista. Sill\u00e4 on my\u00f6s uudistava vaikutus kuiviin ja vaurioituneisiin hiuksiin.   <\/p>\n","protected":false},"excerpt":{"rendered":"<p><strong>Kurpitsansiemen\u00f6ljy<\/strong><em>(Cucurbita Pepo L<\/em>.) on kylm\u00e4puristettu puhdistetuista ja kuorettomista kurpitsansiemenist\u00e4. \u00d6ljylle on ominaista hieman karvas maku. <\/p>\n","protected":false},"featured_media":38048,"template":"","meta":[],"product_brand":[],"product_cat":[542,531,546],"product_tag":[],"class_list":{"0":"post-10980","1":"product","2":"type-product","3":"status-publish","4":"has-post-thumbnail","6":"product_cat-kosmeettiset-oljyt","7":"product_cat-ruokaoljyt-ja-kosmeettiset-oljyt","8":"product_cat-elintarvikeoljyt","9":"pa_certyfikaty-cgmp-fi","10":"pa_certyfikaty-fssc22000-fi","11":"pa_certyfikaty-haccp-fi","12":"pa_certyfikaty-halal-fi","13":"pa_certyfikaty-iso22000-fi","14":"pa_certyfikaty-kosher-sertifikaatti","15":"pa_certyfikaty-luomusertifiointi-eu-nop","16":"pa_czesc-rosliny-siemenet-fi","18":"first","19":"instock","20":"shipping-taxable","21":"product-type-simple"},"yoast_head":"<!-- This site is optimized with the Yoast SEO plugin v27.4 - https:\/\/yoast.com\/product\/yoast-seo-wordpress\/ -->\n<title>Kurpitsansiemen\u00f6ljy - Raaka-aineiden tukkukauppias NATURAL POLAND - RAAKA-AINEIDEN TUKKUJAKELIJA<\/title>\n<meta name=\"description\" content=\"Tilaa puhdasta kurpitsansiemen\u00f6ljy\u00e4 irtotavarana. Kurpitsansiemen\u00f6ljyll\u00e4 on laaja valikoima terveytt\u00e4 edist\u00e4vi\u00e4 ominaisuuksia.\" \/>\n<meta name=\"robots\" content=\"index, follow, max-snippet:-1, max-image-preview:large, max-video-preview:-1\" \/>\n<link rel=\"canonical\" href=\"https:\/\/naturalpoland.com\/fi\/tuotteet\/elintarviketeollisuuden-tuotteet\/elintarvikeoljyt\/kurpitsansiemenoljy\/\" \/>\n<meta property=\"og:locale\" content=\"fi_FI\" \/>\n<meta property=\"og:type\" content=\"article\" \/>\n<meta property=\"og:title\" content=\"Kurpitsansiemen\u00f6ljy - Raaka-aineiden tukkukauppias NATURAL POLAND - RAAKA-AINEIDEN TUKKUJAKELIJA\" \/>\n<meta property=\"og:description\" content=\"Tilaa puhdasta kurpitsansiemen\u00f6ljy\u00e4 irtotavarana. Kurpitsansiemen\u00f6ljyll\u00e4 on laaja valikoima terveytt\u00e4 edist\u00e4vi\u00e4 ominaisuuksia.\" \/>\n<meta property=\"og:url\" content=\"https:\/\/naturalpoland.com\/fi\/tuotteet\/elintarviketeollisuuden-tuotteet\/elintarvikeoljyt\/kurpitsansiemenoljy\/\" \/>\n<meta property=\"og:site_name\" content=\"NATURAL POLAND - RAAKA-AINEIDEN TUKKUJAKELIJA\" \/>\n<meta property=\"article:publisher\" content=\"https:\/\/www.facebook.com\/naturalpoland.b2b\" \/>\n<meta property=\"article:modified_time\" content=\"2024-12-23T13:24:29+00:00\" \/>\n<meta property=\"og:image\" content=\"https:\/\/naturalpoland.com\/wp-content\/uploads\/olej-z-pestek-dyni.webp\" \/>\n\t<meta property=\"og:image:width\" content=\"614\" \/>\n\t<meta property=\"og:image:height\" content=\"614\" \/>\n\t<meta property=\"og:image:type\" content=\"image\/webp\" \/>\n<script type=\"application\/ld+json\" class=\"yoast-schema-graph\">{\"@context\":\"https:\\\/\\\/schema.org\",\"@graph\":[{\"@type\":\"WebPage\",\"@id\":\"https:\\\/\\\/naturalpoland.com\\\/fi\\\/tuotteet\\\/elintarviketeollisuuden-tuotteet\\\/elintarvikeoljyt\\\/kurpitsansiemenoljy\\\/\",\"url\":\"https:\\\/\\\/naturalpoland.com\\\/fi\\\/tuotteet\\\/elintarviketeollisuuden-tuotteet\\\/elintarvikeoljyt\\\/kurpitsansiemenoljy\\\/\",\"name\":\"Kurpitsansiemen\u00f6ljy - Raaka-aineiden tukkukauppias NATURAL POLAND - RAAKA-AINEIDEN TUKKUJAKELIJA\",\"isPartOf\":{\"@id\":\"https:\\\/\\\/naturalpoland.com\\\/fi\\\/#website\"},\"primaryImageOfPage\":{\"@id\":\"https:\\\/\\\/naturalpoland.com\\\/fi\\\/tuotteet\\\/elintarviketeollisuuden-tuotteet\\\/elintarvikeoljyt\\\/kurpitsansiemenoljy\\\/#primaryimage\"},\"image\":{\"@id\":\"https:\\\/\\\/naturalpoland.com\\\/fi\\\/tuotteet\\\/elintarviketeollisuuden-tuotteet\\\/elintarvikeoljyt\\\/kurpitsansiemenoljy\\\/#primaryimage\"},\"thumbnailUrl\":\"https:\\\/\\\/naturalpoland.com\\\/wp-content\\\/uploads\\\/olej-z-pestek-dyni.webp\",\"datePublished\":\"2021-09-20T10:38:59+00:00\",\"dateModified\":\"2024-12-23T13:24:29+00:00\",\"description\":\"Tilaa puhdasta kurpitsansiemen\u00f6ljy\u00e4 irtotavarana. Kurpitsansiemen\u00f6ljyll\u00e4 on laaja valikoima terveytt\u00e4 edist\u00e4vi\u00e4 ominaisuuksia.\",\"breadcrumb\":{\"@id\":\"https:\\\/\\\/naturalpoland.com\\\/fi\\\/tuotteet\\\/elintarviketeollisuuden-tuotteet\\\/elintarvikeoljyt\\\/kurpitsansiemenoljy\\\/#breadcrumb\"},\"inLanguage\":\"fi\",\"potentialAction\":[{\"@type\":\"ReadAction\",\"target\":[\"https:\\\/\\\/naturalpoland.com\\\/fi\\\/tuotteet\\\/elintarviketeollisuuden-tuotteet\\\/elintarvikeoljyt\\\/kurpitsansiemenoljy\\\/\"]}]},{\"@type\":\"ImageObject\",\"inLanguage\":\"fi\",\"@id\":\"https:\\\/\\\/naturalpoland.com\\\/fi\\\/tuotteet\\\/elintarviketeollisuuden-tuotteet\\\/elintarvikeoljyt\\\/kurpitsansiemenoljy\\\/#primaryimage\",\"url\":\"https:\\\/\\\/naturalpoland.com\\\/wp-content\\\/uploads\\\/olej-z-pestek-dyni.webp\",\"contentUrl\":\"https:\\\/\\\/naturalpoland.com\\\/wp-content\\\/uploads\\\/olej-z-pestek-dyni.webp\",\"width\":614,\"height\":614,\"caption\":\"olej z pestek dyni\"},{\"@type\":\"BreadcrumbList\",\"@id\":\"https:\\\/\\\/naturalpoland.com\\\/fi\\\/tuotteet\\\/elintarviketeollisuuden-tuotteet\\\/elintarvikeoljyt\\\/kurpitsansiemenoljy\\\/#breadcrumb\",\"itemListElement\":[{\"@type\":\"ListItem\",\"position\":1,\"name\":\"Etusivu\",\"item\":\"https:\\\/\\\/naturalpoland.com\\\/fi\\\/\"},{\"@type\":\"ListItem\",\"position\":2,\"name\":\"Tuotteet\",\"item\":\"https:\\\/\\\/naturalpoland.com\\\/fi\\\/tuotteet\\\/\"},{\"@type\":\"ListItem\",\"position\":3,\"name\":\"Kurpitsansiemen\u00f6ljy\"}]},{\"@type\":\"WebSite\",\"@id\":\"https:\\\/\\\/naturalpoland.com\\\/fi\\\/#website\",\"url\":\"https:\\\/\\\/naturalpoland.com\\\/fi\\\/\",\"name\":\"NATURAL POLAND - RAAKA-AINEIDEN TUKKUJAKELIJA\",\"description\":\"Surowce dla przemys\u0142u spo\u017cywczego, kosmetycznego i farmaceutycznego\",\"publisher\":{\"@id\":\"https:\\\/\\\/naturalpoland.com\\\/fi\\\/#organization\"},\"potentialAction\":[{\"@type\":\"SearchAction\",\"target\":{\"@type\":\"EntryPoint\",\"urlTemplate\":\"https:\\\/\\\/naturalpoland.com\\\/fi\\\/?s={search_term_string}\"},\"query-input\":{\"@type\":\"PropertyValueSpecification\",\"valueRequired\":true,\"valueName\":\"search_term_string\"}}],\"inLanguage\":\"fi\"},{\"@type\":\"Organization\",\"@id\":\"https:\\\/\\\/naturalpoland.com\\\/fi\\\/#organization\",\"name\":\"Natural Poland\",\"url\":\"https:\\\/\\\/naturalpoland.com\\\/fi\\\/\",\"logo\":{\"@type\":\"ImageObject\",\"inLanguage\":\"fi\",\"@id\":\"https:\\\/\\\/naturalpoland.com\\\/fi\\\/#\\\/schema\\\/logo\\\/image\\\/\",\"url\":\"https:\\\/\\\/naturalpoland.com\\\/wp-content\\\/uploads\\\/2021\\\/05\\\/natural-poland-icon.png\",\"contentUrl\":\"https:\\\/\\\/naturalpoland.com\\\/wp-content\\\/uploads\\\/2021\\\/05\\\/natural-poland-icon.png\",\"width\":512,\"height\":512,\"caption\":\"Natural Poland\"},\"image\":{\"@id\":\"https:\\\/\\\/naturalpoland.com\\\/fi\\\/#\\\/schema\\\/logo\\\/image\\\/\"},\"sameAs\":[\"https:\\\/\\\/www.facebook.com\\\/naturalpoland.b2b\",\"https:\\\/\\\/pl.linkedin.com\\\/company\\\/natural-poland\",\"https:\\\/\\\/www.youtube.com\\\/channel\\\/UCgeGGkvOMahZo-xu_MSEWxg\"]}]}<\/script>\n<!-- \/ Yoast SEO plugin. -->","yoast_head_json":{"title":"Kurpitsansiemen\u00f6ljy - Raaka-aineiden tukkukauppias NATURAL POLAND - RAAKA-AINEIDEN TUKKUJAKELIJA","description":"Tilaa puhdasta kurpitsansiemen\u00f6ljy\u00e4 irtotavarana. Kurpitsansiemen\u00f6ljyll\u00e4 on laaja valikoima terveytt\u00e4 edist\u00e4vi\u00e4 ominaisuuksia.","robots":{"index":"index","follow":"follow","max-snippet":"max-snippet:-1","max-image-preview":"max-image-preview:large","max-video-preview":"max-video-preview:-1"},"canonical":"https:\/\/naturalpoland.com\/fi\/tuotteet\/elintarviketeollisuuden-tuotteet\/elintarvikeoljyt\/kurpitsansiemenoljy\/","og_locale":"fi_FI","og_type":"article","og_title":"Kurpitsansiemen\u00f6ljy - Raaka-aineiden tukkukauppias NATURAL POLAND - RAAKA-AINEIDEN TUKKUJAKELIJA","og_description":"Tilaa puhdasta kurpitsansiemen\u00f6ljy\u00e4 irtotavarana. Kurpitsansiemen\u00f6ljyll\u00e4 on laaja valikoima terveytt\u00e4 edist\u00e4vi\u00e4 ominaisuuksia.","og_url":"https:\/\/naturalpoland.com\/fi\/tuotteet\/elintarviketeollisuuden-tuotteet\/elintarvikeoljyt\/kurpitsansiemenoljy\/","og_site_name":"NATURAL POLAND - RAAKA-AINEIDEN TUKKUJAKELIJA","article_publisher":"https:\/\/www.facebook.com\/naturalpoland.b2b","article_modified_time":"2024-12-23T13:24:29+00:00","og_image":[{"width":614,"height":614,"url":"https:\/\/naturalpoland.com\/wp-content\/uploads\/olej-z-pestek-dyni.webp","type":"image\/webp"}],"schema":{"@context":"https:\/\/schema.org","@graph":[{"@type":"WebPage","@id":"https:\/\/naturalpoland.com\/fi\/tuotteet\/elintarviketeollisuuden-tuotteet\/elintarvikeoljyt\/kurpitsansiemenoljy\/","url":"https:\/\/naturalpoland.com\/fi\/tuotteet\/elintarviketeollisuuden-tuotteet\/elintarvikeoljyt\/kurpitsansiemenoljy\/","name":"Kurpitsansiemen\u00f6ljy - Raaka-aineiden tukkukauppias NATURAL POLAND - RAAKA-AINEIDEN TUKKUJAKELIJA","isPartOf":{"@id":"https:\/\/naturalpoland.com\/fi\/#website"},"primaryImageOfPage":{"@id":"https:\/\/naturalpoland.com\/fi\/tuotteet\/elintarviketeollisuuden-tuotteet\/elintarvikeoljyt\/kurpitsansiemenoljy\/#primaryimage"},"image":{"@id":"https:\/\/naturalpoland.com\/fi\/tuotteet\/elintarviketeollisuuden-tuotteet\/elintarvikeoljyt\/kurpitsansiemenoljy\/#primaryimage"},"thumbnailUrl":"https:\/\/naturalpoland.com\/wp-content\/uploads\/olej-z-pestek-dyni.webp","datePublished":"2021-09-20T10:38:59+00:00","dateModified":"2024-12-23T13:24:29+00:00","description":"Tilaa puhdasta kurpitsansiemen\u00f6ljy\u00e4 irtotavarana. Kurpitsansiemen\u00f6ljyll\u00e4 on laaja valikoima terveytt\u00e4 edist\u00e4vi\u00e4 ominaisuuksia.","breadcrumb":{"@id":"https:\/\/naturalpoland.com\/fi\/tuotteet\/elintarviketeollisuuden-tuotteet\/elintarvikeoljyt\/kurpitsansiemenoljy\/#breadcrumb"},"inLanguage":"fi","potentialAction":[{"@type":"ReadAction","target":["https:\/\/naturalpoland.com\/fi\/tuotteet\/elintarviketeollisuuden-tuotteet\/elintarvikeoljyt\/kurpitsansiemenoljy\/"]}]},{"@type":"ImageObject","inLanguage":"fi","@id":"https:\/\/naturalpoland.com\/fi\/tuotteet\/elintarviketeollisuuden-tuotteet\/elintarvikeoljyt\/kurpitsansiemenoljy\/#primaryimage","url":"https:\/\/naturalpoland.com\/wp-content\/uploads\/olej-z-pestek-dyni.webp","contentUrl":"https:\/\/naturalpoland.com\/wp-content\/uploads\/olej-z-pestek-dyni.webp","width":614,"height":614,"caption":"olej z pestek dyni"},{"@type":"BreadcrumbList","@id":"https:\/\/naturalpoland.com\/fi\/tuotteet\/elintarviketeollisuuden-tuotteet\/elintarvikeoljyt\/kurpitsansiemenoljy\/#breadcrumb","itemListElement":[{"@type":"ListItem","position":1,"name":"Etusivu","item":"https:\/\/naturalpoland.com\/fi\/"},{"@type":"ListItem","position":2,"name":"Tuotteet","item":"https:\/\/naturalpoland.com\/fi\/tuotteet\/"},{"@type":"ListItem","position":3,"name":"Kurpitsansiemen\u00f6ljy"}]},{"@type":"WebSite","@id":"https:\/\/naturalpoland.com\/fi\/#website","url":"https:\/\/naturalpoland.com\/fi\/","name":"NATURAL POLAND - RAAKA-AINEIDEN TUKKUJAKELIJA","description":"Surowce dla przemys\u0142u spo\u017cywczego, kosmetycznego i farmaceutycznego","publisher":{"@id":"https:\/\/naturalpoland.com\/fi\/#organization"},"potentialAction":[{"@type":"SearchAction","target":{"@type":"EntryPoint","urlTemplate":"https:\/\/naturalpoland.com\/fi\/?s={search_term_string}"},"query-input":{"@type":"PropertyValueSpecification","valueRequired":true,"valueName":"search_term_string"}}],"inLanguage":"fi"},{"@type":"Organization","@id":"https:\/\/naturalpoland.com\/fi\/#organization","name":"Natural Poland","url":"https:\/\/naturalpoland.com\/fi\/","logo":{"@type":"ImageObject","inLanguage":"fi","@id":"https:\/\/naturalpoland.com\/fi\/#\/schema\/logo\/image\/","url":"https:\/\/naturalpoland.com\/wp-content\/uploads\/2021\/05\/natural-poland-icon.png","contentUrl":"https:\/\/naturalpoland.com\/wp-content\/uploads\/2021\/05\/natural-poland-icon.png","width":512,"height":512,"caption":"Natural Poland"},"image":{"@id":"https:\/\/naturalpoland.com\/fi\/#\/schema\/logo\/image\/"},"sameAs":["https:\/\/www.facebook.com\/naturalpoland.b2b","https:\/\/pl.linkedin.com\/company\/natural-poland","https:\/\/www.youtube.com\/channel\/UCgeGGkvOMahZo-xu_MSEWxg"]}]}},"_links":{"self":[{"href":"https:\/\/naturalpoland.com\/fi\/wp-json\/wp\/v2\/product\/10980","targetHints":{"allow":["GET"]}}],"collection":[{"href":"https:\/\/naturalpoland.com\/fi\/wp-json\/wp\/v2\/product"}],"about":[{"href":"https:\/\/naturalpoland.com\/fi\/wp-json\/wp\/v2\/types\/product"}],"wp:featuredmedia":[{"embeddable":true,"href":"https:\/\/naturalpoland.com\/fi\/wp-json\/wp\/v2\/media\/38048"}],"wp:attachment":[{"href":"https:\/\/naturalpoland.com\/fi\/wp-json\/wp\/v2\/media?parent=10980"}],"wp:term":[{"taxonomy":"product_brand","embeddable":true,"href":"https:\/\/naturalpoland.com\/fi\/wp-json\/wp\/v2\/product_brand?post=10980"},{"taxonomy":"product_cat","embeddable":true,"href":"https:\/\/naturalpoland.com\/fi\/wp-json\/wp\/v2\/product_cat?post=10980"},{"taxonomy":"product_tag","embeddable":true,"href":"https:\/\/naturalpoland.com\/fi\/wp-json\/wp\/v2\/product_tag?post=10980"}],"curies":[{"name":"wp","href":"https:\/\/api.w.org\/{rel}","templated":true}]}}