{"id":10984,"date":"2021-05-11T13:51:22","date_gmt":"2021-05-11T11:51:22","guid":{"rendered":"https:\/\/naturalpoland.pl\/produkty\/Ei-luokiteltu\/mansikan-siemenoljy\/"},"modified":"2026-02-05T10:45:12","modified_gmt":"2026-02-05T09:45:12","slug":"mansikan-siemenoljy","status":"publish","type":"product","link":"https:\/\/naturalpoland.com\/fi\/tuotteet\/elintarviketeollisuuden-tuotteet\/elintarvikeoljyt\/mansikan-siemenoljy\/","title":{"rendered":"Mansikan siemen\u00f6ljy"},"content":{"rendered":"<h2 class=\"wp-block-heading\">Mansikan siemen\u00f6ljy \u2013 k\u00e4ytt\u00f6<\/h2>\n<p>Mansikan siemen\u00f6ljyll\u00e4 on monia kosmeettisia k\u00e4ytt\u00f6tarkoituksia. Sen avulla voit valmistaa kasvovoiteita, kynsien ja hiusten kosmetiikkaa, voiteita sek\u00e4 elvytt\u00e4vi\u00e4 ja kosteuttavia kylpytuotteita. T\u00e4m\u00e4n ansiosta kosmetiikan valmistajat valitsevat sen innokkaasti.<\/p>\n<p><strong>Mansikan siemen\u00f6ljyn k\u00e4ytt\u00f6esimerkkej\u00e4:<\/strong><\/p>\n<ul class=\"wp-block-list\">\n<li>hieronta\u00f6ljy,<\/li>\n<li>hiusnaamio,<\/li>\n<li>kynsi\u00f6ljy,<\/li>\n<li>meikinpohjustusaine<\/li>\n<li>lis\u00e4 valmiisiin voiteisiin,<\/li>\n<li>hiusseerumi,<\/li>\n<li>meikinpoistotuote,<\/li>\n<li>kylpy\u00f6ljy.<\/li>\n<\/ul>\n<h3 class=\"wp-block-heading\"><strong>Mansikan siemen\u00f6ljy kasvoille<\/strong><\/h3>\n<p>Mansikan siemen\u00f6ljy imeytyy nopeasti j\u00e4tt\u00e4m\u00e4tt\u00e4 iholle rasvaista kalvoa, mink\u00e4 ansiosta se sopii <strong>meikinpohjustusaineeksi<\/strong>. T\u00e4ss\u00e4 \u00f6ljyss\u00e4 on luonnollinen, miellytt\u00e4v\u00e4 mansikan tuoksu, eik\u00e4 siin\u00e4 ole lis\u00e4aineita. Luonnollinen mansikan siemen\u00f6ljy on vihert\u00e4v\u00e4n s\u00e4vyist\u00e4 ja sill\u00e4 on luonteenomainen, miellytt\u00e4v\u00e4n makea tuoksu.  <\/p>\n<p>Sit\u00e4 voidaan <strong>k\u00e4ytt\u00e4\u00e4 kaikille ihotyypeille<\/strong> \u2013 sekaiholle, herk\u00e4lle, \u00e4rsytykseen taipuvaiselle ja kuivalle iholle. On t\u00e4rke\u00e4\u00e4 muistaa, ett\u00e4 \u00f6ljyn on levitett\u00e4v\u00e4 puhdistetulle kasvojen iholle, jotta se voi osoittaa kaikki ominaisuutensa. <\/p>\n<h3 class=\"wp-block-heading\"><strong>Mansikan siemen\u00f6ljy \u2013 komedogeenisuus<\/strong><\/h3>\n<p>Mansikan siemen\u00f6ljy ei ole komedogeeninen \u2013 se tarkoittaa, ettei se tuki ihohuokosia eik\u00e4 aiheuta uusien mustap\u00e4iden muodostumista. Se sopii p\u00e4ivitt\u00e4iseen ihonhoitoon. <\/p>\n<h3><strong>Mansikan siemen\u00f6ljy hiuksille<\/strong><\/h3>\n<p>Lis\u00e4ksi <strong>mansikan siemen\u00f6ljyll\u00e4 on suotuisia vaikutuksia hiuksiin<\/strong>. Se ehk\u00e4isee hiusten latvojen haaroittumista, silottaa ja kosteuttaa. <strong>Mansikan siemen\u00f6ljyn k\u00e4ytt\u00f6 hiuspohjan hoitoaineena<\/strong> tekee hiuksista joustavammat, ravitummat ja palauttaa niiden kiillon. <\/p>\n<h2 class=\"wp-block-heading\">Mansikan siemen\u00f6ljy \u2013 ominaisuudet<\/h2>\n<p>Mansikka\u00f6ljy kosteuttaa ihoa pidemp\u00e4\u00e4n. Se on eritt\u00e4in tehokas ja nopeasti imeytyv\u00e4 tuote, joka ei tuki ihohuokosia eik\u00e4 j\u00e4t\u00e4 rasvaisia tahroja. <\/p>\n<p>Muita <strong>mansikan siemen\u00f6ljyn k\u00e4yt\u00f6n<\/strong> etuja ovat: ryppyj\u00e4 ehk\u00e4isev\u00e4 vaikutus, veden pid\u00e4tt\u00e4minen orvaskedess\u00e4 (est\u00e4\u00e4 TEWL:\u00e4\u00e4), \u00e4rsytysten ja tulehdusten lievitt\u00e4minen. T\u00e4m\u00e4 \u00f6ljy voi auttaa tehokkaasti aknen torjunnassa, uudistaa ihoa, kosteuttaa hiuksia ja ihoa. Sill\u00e4 on my\u00f6s <strong>supistavia ominaisuuksia<\/strong> \u2013 se sopii ik\u00e4\u00e4ntymist\u00e4 ehk\u00e4iseviin valmisteisiin.  <\/p>\n<p>Ihonhoitokosmetiikassa: se muodostaa suojaavan kerroksen, kosteuttaa, silottaa ja v\u00e4hent\u00e4\u00e4 tulehduksia. Vartalokosmetiikassa \u2013 kuten voiteissa ja emulsioissa \u2013 se toimii kosteuttajana, auttaa kiinteytt\u00e4m\u00e4\u00e4n ja uudistamaan ihoa. <\/p>\n<h2 class=\"wp-block-heading\">Miten mansikan siemen\u00f6ljy\u00e4 k\u00e4ytet\u00e4\u00e4n?<\/h2>\n<p>T\u00e4t\u00e4 \u00f6ljy\u00e4 voidaan k\u00e4ytt\u00e4\u00e4 sellaisenaan \u2013 muutama tippa \u00f6ljy\u00e4 levitet\u00e4\u00e4n iholle ja hierotaan hell\u00e4varaisesti, annetaan imeyty\u00e4. Toinen k\u00e4ytt\u00f6tapa: muutama tippa \u00f6ljy\u00e4 levitet\u00e4\u00e4n k\u00e4mmenille ja hierotaan sitten hiusten latvoihin. <\/p>\n<p>Se sopii my\u00f6s kynsien ja kynsinauhojen seerumiksi; levit\u00e4 vain \u00f6ljy\u00e4 kynsille ja hiero kynsinauhoihin \u2013 se ravitsee kynsi\u00e4mme erinomaisesti. Mansikan siemen\u00f6ljy voi rikastuttaa valmista kosmetiikkatuotetta; ota pieni m\u00e4\u00e4r\u00e4 kosmetiikkaa ja lis\u00e4\u00e4 siihen muutama tippa \u00f6ljy\u00e4 p\u00e4\u00e4pakkauksen ulkopuolella, mik\u00e4 antaa p\u00e4ivitt\u00e4in k\u00e4ytett\u00e4v\u00e4lle kosmetiikallemme hy\u00f6dyllisi\u00e4 ominaisuuksia. <\/p>\n<p><strong>Suositeltu pitoisuus kosmetiikassa on 1-100%.<\/strong><\/p>\n<h2 class=\"wp-block-heading\">Mansikan siemen\u00f6ljyn koostumus:<\/h2>\n<p>Mansikan siemen\u00f6ljyn koostumuksessa on <a href=\"https:\/\/naturalpoland.com\/fi\/tuotteet\/laaketeollisuuden-tuotteet\/vitamiinit\/e-vitamiini\/\"><strong>E-<\/strong><\/a> ja F-vitamiinia, palmitiinihappoa, steariinihappoa, omega-3- ja -6-rasvahappoja sek\u00e4 <a href=\"https:\/\/naturalpoland.com\/fi\/tuotteet\/laaketeollisuuden-tuotteet\/ravintolisien-ainesosat\/ellagisol-lsme-elagic-acid\/\"><strong>ellagiinihappoa<\/strong><\/a>. J\u00e4lkimm\u00e4inen kuuluu antioksidanttien ryhm\u00e4\u00e4n, eli sill\u00e4 on tulehdusta ehk\u00e4isevi\u00e4 ominaisuuksia. T\u00e4ss\u00e4 \u00f6ljyss\u00e4 on my\u00f6s rasvahappoja, kuten:  <\/p>\n<ul class=\"wp-block-list\">\n<li><strong>\u00f6ljyhappo<\/strong> \u2013 muodostaa iholle suojaavan kalvon, ehk\u00e4isee TEWL:\u00e4\u00e4, kosteuttaa ja silottaa.<\/li>\n<li><strong>linoleenihappo<\/strong> \u2013 sill\u00e4 on rauhoittavia ominaisuuksia, se lievitt\u00e4\u00e4 tulehduksia ja silottaa.<\/li>\n<li><strong>linolihappo<\/strong> \u2013 kosteuttaa, voi lievitt\u00e4\u00e4 tulehduksia, v\u00e4hent\u00e4\u00e4 punoitusta ja ehk\u00e4isee ihohuokosten tukkeutumista.<\/li>\n<\/ul>\n<h3><strong>Rasvahappopitoisuus<\/strong><\/h3>\n<p>&nbsp;<\/p>\n<table>\n<tbody>\n<tr>\n<td>HAPON NIMI<\/td>\n<td>C-KETJU<\/td>\n<td>ALUE (%)<\/td>\n<td>TULOS<\/td>\n<\/tr>\n<tr>\n<td>LESS<\/td>\n<td>&lt; C16:0<\/td>\n<td>0,1-0,2<\/td>\n<td>0,2<\/td>\n<\/tr>\n<tr>\n<td>PALMITIINIHAPPO<\/td>\n<td>C16:0<\/td>\n<td>3,0-9,0<\/td>\n<td>4,58<\/td>\n<\/tr>\n<tr>\n<td>STEARIINIHAPPO<\/td>\n<td>C18:0<\/td>\n<td>0,5-4,0<\/td>\n<td>1,61<\/td>\n<\/tr>\n<tr>\n<td>\u00d6LJYHAPPO<\/td>\n<td>C18:1<\/td>\n<td>14,0-29,0<\/td>\n<td>15,75<\/td>\n<\/tr>\n<tr>\n<td>LINOLIHAPPO<\/td>\n<td>C18:2<\/td>\n<td>35,0-49,0<\/td>\n<td>47,43<\/td>\n<\/tr>\n<tr>\n<td>LINOLENIHAPPO<\/td>\n<td>C18:3<\/td>\n<td>25,0-32,5<\/td>\n<td>29,53<\/td>\n<\/tr>\n<\/tbody>\n<\/table>\n<p>&nbsp;<\/p>\n<p>&nbsp;<\/p>\n<hr>\n<p><strong>Kirjallisuus:<\/strong><br \/>\nNowe oleje pochodzenia ro\u015blinnego w kosmetykach \u2013 w\u0142a\u015bciwo\u015bci piel\u0119gnacyjne i lecznicze, Paluszkiewicz Ilona, lipiec 2019.<\/p>\n","protected":false},"excerpt":{"rendered":"<p>Olemme puolalainen luonnollisen mansikan siemen\u00f6ljyn (<em>Fragaria Ananassa (Strawberry) Seed Oil<\/em>) jakelija elintarvike- ja kosmetiikkalaadussa. Mansikan siemen\u00f6ljy on kylm\u00e4puristettu, raffinoimaton.  Se on eritt\u00e4in runsaasti rasvahappoja sek\u00e4 A-, E- ja F -vitamiineja.<\/p>\n","protected":false},"featured_media":34279,"template":"","meta":{"_acf_changed":false},"product_brand":[],"product_cat":[542,531,546],"product_tag":[],"class_list":{"0":"post-10984","1":"product","2":"type-product","3":"status-publish","4":"has-post-thumbnail","6":"product_cat-kosmeettiset-oljyt","7":"product_cat-ruokaoljyt-ja-kosmeettiset-oljyt","8":"product_cat-elintarvikeoljyt","10":"first","11":"instock","12":"shipping-taxable","13":"product-type-simple"},"acf":[],"yoast_head":"<!-- This site is optimized with the Yoast SEO plugin v27.6 - https:\/\/yoast.com\/product\/yoast-seo-wordpress\/ -->\n<title>Mansikan siemen\u00f6ljy - NATURAL POLAND - RAAKA-AINEIDEN TUKKUJAKELIJA<\/title>\n<meta name=\"description\" content=\"Mansikan siemen\u00f6ljy saadaan t\u00e4st\u00e4 suositusta hedelm\u00e4st\u00e4 kylm\u00e4puristamalla sen siemeni\u00e4. Se on eritt\u00e4in runsas rasvahappojen sek\u00e4 A-, E- ja F-vitamiinien l\u00e4hde.\" \/>\n<meta name=\"robots\" content=\"index, follow, max-snippet:-1, max-image-preview:large, max-video-preview:-1\" \/>\n<link rel=\"canonical\" href=\"https:\/\/naturalpoland.com\/fi\/tuotteet\/elintarviketeollisuuden-tuotteet\/elintarvikeoljyt\/mansikan-siemenoljy\/\" \/>\n<meta property=\"og:locale\" content=\"fi_FI\" \/>\n<meta property=\"og:type\" content=\"article\" \/>\n<meta property=\"og:title\" content=\"Mansikan siemen\u00f6ljy - NATURAL POLAND - RAAKA-AINEIDEN TUKKUJAKELIJA\" \/>\n<meta property=\"og:description\" content=\"Mansikan siemen\u00f6ljy saadaan t\u00e4st\u00e4 suositusta hedelm\u00e4st\u00e4 kylm\u00e4puristamalla sen siemeni\u00e4. Se on eritt\u00e4in runsas rasvahappojen sek\u00e4 A-, E- ja F-vitamiinien l\u00e4hde.\" \/>\n<meta property=\"og:url\" content=\"https:\/\/naturalpoland.com\/fi\/tuotteet\/elintarviketeollisuuden-tuotteet\/elintarvikeoljyt\/mansikan-siemenoljy\/\" \/>\n<meta property=\"og:site_name\" content=\"NATURAL POLAND - RAAKA-AINEIDEN TUKKUJAKELIJA\" \/>\n<meta property=\"article:publisher\" content=\"https:\/\/www.facebook.com\/naturalpoland.b2b\" \/>\n<meta property=\"article:modified_time\" content=\"2026-02-05T09:45:12+00:00\" \/>\n<meta property=\"og:image\" content=\"https:\/\/naturalpoland.com\/wp-content\/uploads\/olej-z-truskawek.webp\" \/>\n\t<meta property=\"og:image:width\" content=\"615\" \/>\n\t<meta property=\"og:image:height\" content=\"615\" \/>\n\t<meta property=\"og:image:type\" content=\"image\/webp\" \/>\n<script type=\"application\/ld+json\" class=\"yoast-schema-graph\">{\"@context\":\"https:\\\/\\\/schema.org\",\"@graph\":[{\"@type\":\"WebPage\",\"@id\":\"https:\\\/\\\/naturalpoland.com\\\/fi\\\/tuotteet\\\/elintarviketeollisuuden-tuotteet\\\/elintarvikeoljyt\\\/mansikan-siemenoljy\\\/\",\"url\":\"https:\\\/\\\/naturalpoland.com\\\/fi\\\/tuotteet\\\/elintarviketeollisuuden-tuotteet\\\/elintarvikeoljyt\\\/mansikan-siemenoljy\\\/\",\"name\":\"Mansikan siemen\u00f6ljy - NATURAL POLAND - RAAKA-AINEIDEN TUKKUJAKELIJA\",\"isPartOf\":{\"@id\":\"https:\\\/\\\/naturalpoland.com\\\/fi\\\/#website\"},\"primaryImageOfPage\":{\"@id\":\"https:\\\/\\\/naturalpoland.com\\\/fi\\\/tuotteet\\\/elintarviketeollisuuden-tuotteet\\\/elintarvikeoljyt\\\/mansikan-siemenoljy\\\/#primaryimage\"},\"image\":{\"@id\":\"https:\\\/\\\/naturalpoland.com\\\/fi\\\/tuotteet\\\/elintarviketeollisuuden-tuotteet\\\/elintarvikeoljyt\\\/mansikan-siemenoljy\\\/#primaryimage\"},\"thumbnailUrl\":\"https:\\\/\\\/naturalpoland.com\\\/wp-content\\\/uploads\\\/olej-z-truskawek.webp\",\"datePublished\":\"2021-05-11T11:51:22+00:00\",\"dateModified\":\"2026-02-05T09:45:12+00:00\",\"description\":\"Mansikan siemen\u00f6ljy saadaan t\u00e4st\u00e4 suositusta hedelm\u00e4st\u00e4 kylm\u00e4puristamalla sen siemeni\u00e4. Se on eritt\u00e4in runsas rasvahappojen sek\u00e4 A-, E- ja F-vitamiinien l\u00e4hde.\",\"breadcrumb\":{\"@id\":\"https:\\\/\\\/naturalpoland.com\\\/fi\\\/tuotteet\\\/elintarviketeollisuuden-tuotteet\\\/elintarvikeoljyt\\\/mansikan-siemenoljy\\\/#breadcrumb\"},\"inLanguage\":\"fi\",\"potentialAction\":[{\"@type\":\"ReadAction\",\"target\":[\"https:\\\/\\\/naturalpoland.com\\\/fi\\\/tuotteet\\\/elintarviketeollisuuden-tuotteet\\\/elintarvikeoljyt\\\/mansikan-siemenoljy\\\/\"]}]},{\"@type\":\"ImageObject\",\"inLanguage\":\"fi\",\"@id\":\"https:\\\/\\\/naturalpoland.com\\\/fi\\\/tuotteet\\\/elintarviketeollisuuden-tuotteet\\\/elintarvikeoljyt\\\/mansikan-siemenoljy\\\/#primaryimage\",\"url\":\"https:\\\/\\\/naturalpoland.com\\\/wp-content\\\/uploads\\\/olej-z-truskawek.webp\",\"contentUrl\":\"https:\\\/\\\/naturalpoland.com\\\/wp-content\\\/uploads\\\/olej-z-truskawek.webp\",\"width\":615,\"height\":615,\"caption\":\"mansikan siemen\u00f6ljy\"},{\"@type\":\"BreadcrumbList\",\"@id\":\"https:\\\/\\\/naturalpoland.com\\\/fi\\\/tuotteet\\\/elintarviketeollisuuden-tuotteet\\\/elintarvikeoljyt\\\/mansikan-siemenoljy\\\/#breadcrumb\",\"itemListElement\":[{\"@type\":\"ListItem\",\"position\":1,\"name\":\"Etusivu\",\"item\":\"https:\\\/\\\/naturalpoland.com\\\/fi\\\/\"},{\"@type\":\"ListItem\",\"position\":2,\"name\":\"Tuotteet\",\"item\":\"https:\\\/\\\/naturalpoland.com\\\/fi\\\/tuotteet\\\/\"},{\"@type\":\"ListItem\",\"position\":3,\"name\":\"Mansikan siemen\u00f6ljy\"}]},{\"@type\":\"WebSite\",\"@id\":\"https:\\\/\\\/naturalpoland.com\\\/fi\\\/#website\",\"url\":\"https:\\\/\\\/naturalpoland.com\\\/fi\\\/\",\"name\":\"NATURAL POLAND - RAAKA-AINEIDEN TUKKUJAKELIJA\",\"description\":\"Surowce dla przemys\u0142u spo\u017cywczego, kosmetycznego i farmaceutycznego\",\"publisher\":{\"@id\":\"https:\\\/\\\/naturalpoland.com\\\/fi\\\/#organization\"},\"potentialAction\":[{\"@type\":\"SearchAction\",\"target\":{\"@type\":\"EntryPoint\",\"urlTemplate\":\"https:\\\/\\\/naturalpoland.com\\\/fi\\\/?s={search_term_string}\"},\"query-input\":{\"@type\":\"PropertyValueSpecification\",\"valueRequired\":true,\"valueName\":\"search_term_string\"}}],\"inLanguage\":\"fi\"},{\"@type\":\"Organization\",\"@id\":\"https:\\\/\\\/naturalpoland.com\\\/fi\\\/#organization\",\"name\":\"Natural Poland\",\"url\":\"https:\\\/\\\/naturalpoland.com\\\/fi\\\/\",\"logo\":{\"@type\":\"ImageObject\",\"inLanguage\":\"fi\",\"@id\":\"https:\\\/\\\/naturalpoland.com\\\/fi\\\/#\\\/schema\\\/logo\\\/image\\\/\",\"url\":\"https:\\\/\\\/naturalpoland.com\\\/wp-content\\\/uploads\\\/2021\\\/05\\\/natural-poland-icon.png\",\"contentUrl\":\"https:\\\/\\\/naturalpoland.com\\\/wp-content\\\/uploads\\\/2021\\\/05\\\/natural-poland-icon.png\",\"width\":512,\"height\":512,\"caption\":\"Natural Poland\"},\"image\":{\"@id\":\"https:\\\/\\\/naturalpoland.com\\\/fi\\\/#\\\/schema\\\/logo\\\/image\\\/\"},\"sameAs\":[\"https:\\\/\\\/www.facebook.com\\\/naturalpoland.b2b\",\"https:\\\/\\\/pl.linkedin.com\\\/company\\\/natural-poland\",\"https:\\\/\\\/www.youtube.com\\\/channel\\\/UCgeGGkvOMahZo-xu_MSEWxg\"]}]}<\/script>\n<!-- \/ Yoast SEO plugin. -->","yoast_head_json":{"title":"Mansikan siemen\u00f6ljy - NATURAL POLAND - RAAKA-AINEIDEN TUKKUJAKELIJA","description":"Mansikan siemen\u00f6ljy saadaan t\u00e4st\u00e4 suositusta hedelm\u00e4st\u00e4 kylm\u00e4puristamalla sen siemeni\u00e4. Se on eritt\u00e4in runsas rasvahappojen sek\u00e4 A-, E- ja F-vitamiinien l\u00e4hde.","robots":{"index":"index","follow":"follow","max-snippet":"max-snippet:-1","max-image-preview":"max-image-preview:large","max-video-preview":"max-video-preview:-1"},"canonical":"https:\/\/naturalpoland.com\/fi\/tuotteet\/elintarviketeollisuuden-tuotteet\/elintarvikeoljyt\/mansikan-siemenoljy\/","og_locale":"fi_FI","og_type":"article","og_title":"Mansikan siemen\u00f6ljy - NATURAL POLAND - RAAKA-AINEIDEN TUKKUJAKELIJA","og_description":"Mansikan siemen\u00f6ljy saadaan t\u00e4st\u00e4 suositusta hedelm\u00e4st\u00e4 kylm\u00e4puristamalla sen siemeni\u00e4. Se on eritt\u00e4in runsas rasvahappojen sek\u00e4 A-, E- ja F-vitamiinien l\u00e4hde.","og_url":"https:\/\/naturalpoland.com\/fi\/tuotteet\/elintarviketeollisuuden-tuotteet\/elintarvikeoljyt\/mansikan-siemenoljy\/","og_site_name":"NATURAL POLAND - RAAKA-AINEIDEN TUKKUJAKELIJA","article_publisher":"https:\/\/www.facebook.com\/naturalpoland.b2b","article_modified_time":"2026-02-05T09:45:12+00:00","og_image":[{"width":615,"height":615,"url":"https:\/\/naturalpoland.com\/wp-content\/uploads\/olej-z-truskawek.webp","type":"image\/webp"}],"schema":{"@context":"https:\/\/schema.org","@graph":[{"@type":"WebPage","@id":"https:\/\/naturalpoland.com\/fi\/tuotteet\/elintarviketeollisuuden-tuotteet\/elintarvikeoljyt\/mansikan-siemenoljy\/","url":"https:\/\/naturalpoland.com\/fi\/tuotteet\/elintarviketeollisuuden-tuotteet\/elintarvikeoljyt\/mansikan-siemenoljy\/","name":"Mansikan siemen\u00f6ljy - NATURAL POLAND - RAAKA-AINEIDEN TUKKUJAKELIJA","isPartOf":{"@id":"https:\/\/naturalpoland.com\/fi\/#website"},"primaryImageOfPage":{"@id":"https:\/\/naturalpoland.com\/fi\/tuotteet\/elintarviketeollisuuden-tuotteet\/elintarvikeoljyt\/mansikan-siemenoljy\/#primaryimage"},"image":{"@id":"https:\/\/naturalpoland.com\/fi\/tuotteet\/elintarviketeollisuuden-tuotteet\/elintarvikeoljyt\/mansikan-siemenoljy\/#primaryimage"},"thumbnailUrl":"https:\/\/naturalpoland.com\/wp-content\/uploads\/olej-z-truskawek.webp","datePublished":"2021-05-11T11:51:22+00:00","dateModified":"2026-02-05T09:45:12+00:00","description":"Mansikan siemen\u00f6ljy saadaan t\u00e4st\u00e4 suositusta hedelm\u00e4st\u00e4 kylm\u00e4puristamalla sen siemeni\u00e4. Se on eritt\u00e4in runsas rasvahappojen sek\u00e4 A-, E- ja F-vitamiinien l\u00e4hde.","breadcrumb":{"@id":"https:\/\/naturalpoland.com\/fi\/tuotteet\/elintarviketeollisuuden-tuotteet\/elintarvikeoljyt\/mansikan-siemenoljy\/#breadcrumb"},"inLanguage":"fi","potentialAction":[{"@type":"ReadAction","target":["https:\/\/naturalpoland.com\/fi\/tuotteet\/elintarviketeollisuuden-tuotteet\/elintarvikeoljyt\/mansikan-siemenoljy\/"]}]},{"@type":"ImageObject","inLanguage":"fi","@id":"https:\/\/naturalpoland.com\/fi\/tuotteet\/elintarviketeollisuuden-tuotteet\/elintarvikeoljyt\/mansikan-siemenoljy\/#primaryimage","url":"https:\/\/naturalpoland.com\/wp-content\/uploads\/olej-z-truskawek.webp","contentUrl":"https:\/\/naturalpoland.com\/wp-content\/uploads\/olej-z-truskawek.webp","width":615,"height":615,"caption":"mansikan siemen\u00f6ljy"},{"@type":"BreadcrumbList","@id":"https:\/\/naturalpoland.com\/fi\/tuotteet\/elintarviketeollisuuden-tuotteet\/elintarvikeoljyt\/mansikan-siemenoljy\/#breadcrumb","itemListElement":[{"@type":"ListItem","position":1,"name":"Etusivu","item":"https:\/\/naturalpoland.com\/fi\/"},{"@type":"ListItem","position":2,"name":"Tuotteet","item":"https:\/\/naturalpoland.com\/fi\/tuotteet\/"},{"@type":"ListItem","position":3,"name":"Mansikan siemen\u00f6ljy"}]},{"@type":"WebSite","@id":"https:\/\/naturalpoland.com\/fi\/#website","url":"https:\/\/naturalpoland.com\/fi\/","name":"NATURAL POLAND - RAAKA-AINEIDEN TUKKUJAKELIJA","description":"Surowce dla przemys\u0142u spo\u017cywczego, kosmetycznego i farmaceutycznego","publisher":{"@id":"https:\/\/naturalpoland.com\/fi\/#organization"},"potentialAction":[{"@type":"SearchAction","target":{"@type":"EntryPoint","urlTemplate":"https:\/\/naturalpoland.com\/fi\/?s={search_term_string}"},"query-input":{"@type":"PropertyValueSpecification","valueRequired":true,"valueName":"search_term_string"}}],"inLanguage":"fi"},{"@type":"Organization","@id":"https:\/\/naturalpoland.com\/fi\/#organization","name":"Natural Poland","url":"https:\/\/naturalpoland.com\/fi\/","logo":{"@type":"ImageObject","inLanguage":"fi","@id":"https:\/\/naturalpoland.com\/fi\/#\/schema\/logo\/image\/","url":"https:\/\/naturalpoland.com\/wp-content\/uploads\/2021\/05\/natural-poland-icon.png","contentUrl":"https:\/\/naturalpoland.com\/wp-content\/uploads\/2021\/05\/natural-poland-icon.png","width":512,"height":512,"caption":"Natural Poland"},"image":{"@id":"https:\/\/naturalpoland.com\/fi\/#\/schema\/logo\/image\/"},"sameAs":["https:\/\/www.facebook.com\/naturalpoland.b2b","https:\/\/pl.linkedin.com\/company\/natural-poland","https:\/\/www.youtube.com\/channel\/UCgeGGkvOMahZo-xu_MSEWxg"]}]}},"_links":{"self":[{"href":"https:\/\/naturalpoland.com\/fi\/wp-json\/wp\/v2\/product\/10984","targetHints":{"allow":["GET"]}}],"collection":[{"href":"https:\/\/naturalpoland.com\/fi\/wp-json\/wp\/v2\/product"}],"about":[{"href":"https:\/\/naturalpoland.com\/fi\/wp-json\/wp\/v2\/types\/product"}],"wp:featuredmedia":[{"embeddable":true,"href":"https:\/\/naturalpoland.com\/fi\/wp-json\/wp\/v2\/media\/34279"}],"wp:attachment":[{"href":"https:\/\/naturalpoland.com\/fi\/wp-json\/wp\/v2\/media?parent=10984"}],"wp:term":[{"taxonomy":"product_brand","embeddable":true,"href":"https:\/\/naturalpoland.com\/fi\/wp-json\/wp\/v2\/product_brand?post=10984"},{"taxonomy":"product_cat","embeddable":true,"href":"https:\/\/naturalpoland.com\/fi\/wp-json\/wp\/v2\/product_cat?post=10984"},{"taxonomy":"product_tag","embeddable":true,"href":"https:\/\/naturalpoland.com\/fi\/wp-json\/wp\/v2\/product_tag?post=10984"}],"curies":[{"name":"wp","href":"https:\/\/api.w.org\/{rel}","templated":true}]}}