{"id":10985,"date":"2021-05-11T13:52:09","date_gmt":"2021-05-11T11:52:09","guid":{"rendered":"https:\/\/naturalpoland.pl\/produkty\/Ei-luokiteltu\/tyrnioljy\/"},"modified":"2025-09-09T11:33:30","modified_gmt":"2025-09-09T09:33:30","slug":"tyrni-hedelma-oljy","status":"publish","type":"product","link":"https:\/\/naturalpoland.com\/fi\/tuotteet\/elintarviketeollisuuden-tuotteet\/elintarvikeoljyt\/tyrni-hedelma-oljy\/","title":{"rendered":"Tyrnimarja-\u00f6ljy"},"content":{"rendered":"<p><strong>Elintarvikelaatuista tyrnimarja-\u00f6ljy\u00e4mme<\/strong> voidaan k\u00e4ytt\u00e4\u00e4 <strong>elintarviketeollisuudessa<\/strong> l\u00e4\u00e4kinn\u00e4llisen\u00e4 ja makua antavana tuotteena sek\u00e4 <strong>kosmetiikkateollisuudessa<\/strong> ihonhoidossa.<\/p>\n<h2>Ominaisuudet<\/h2>\n<p>Hedelm\u00e4lihan \u00f6ljypitoisuus on noin 1,5-3% (tuorepainosta).<br \/>\nTyrnimarja-\u00f6ljy sis\u00e4lt\u00e4\u00e4 kertatyydyttym\u00e4tt\u00f6mi\u00e4 rasvahappoja ja karotenoideja sek\u00e4 runsaasti tokoferoleja, tokotrienoleja ja kasvisteroleja.<\/p>\n<p>Tyrninsiemen- ja hedelm\u00e4\u00f6ljyt eroavat toisistaan rasvahappokoostumukseltaan. Linolihappo ja \u03b1-linoleenihappo ovat p\u00e4\u00e4asialliset rasvahapot siemen\u00f6ljyss\u00e4, kun taas <strong>tyrnimarja-\u00f6ljy sis\u00e4lt\u00e4\u00e4 noin 65% yhdistettyj\u00e4 kertatyydyttym\u00e4tt\u00f6mi\u00e4 rasvahappoja, oleopalmitiiinihappoja ja tyydyttynytt\u00e4 rasvahappoa &#8211; palmitiinihappoa<\/strong>. T\u00e4m\u00e4 aiheuttaa merkitt\u00e4v\u00e4n eron kahden \u00f6ljyn v\u00e4lill\u00e4 ulkon\u00e4\u00f6n ja koostumuksen suhteen.  <\/p>\n<p><strong>Tyrnimarja-\u00f6ljy on kirkas, tumman oranssi ja koostumukseltaan paksu<\/strong>. Karotenoidit ovat pigmenttej\u00e4, jotka antavat tyrnimarjalle sen tunnusomaisen oranssi-punaisen v\u00e4rin, ja n\u00e4it\u00e4 yhdisteit\u00e4 esiintyy huomattavia m\u00e4\u00e4ri\u00e4 puristetussa \u00f6ljyss\u00e4. Tyrnimarja-\u00f6ljyn p\u00e4\u00e4asialliset karotenoidit ovat beetakaroteeni, zeaksantiini ja lykopeeni.  <\/p>\n<p>\u00d6ljyll\u00e4 on ominainen, raaka maku, jossa on hieman karvautta, ilman ep\u00e4miellytt\u00e4vi\u00e4 hajuja.<\/p>\n<h3>Tyrnimarja-\u00f6ljymme sis\u00e4lt\u00e4\u00e4 korkean pitoisuuden karotenoideja, v\u00e4hint\u00e4\u00e4n 250 mg <\/h3>\n<p><img decoding=\"async\" class=\"size-full wp-image-4159 alignright\" src=\"https:\/\/naturalpoland.com\/wp-content\/uploads\/olej-z-owocu-rokitnika-brokat.jpg\" alt=\"tyrnimarja-\u00f6ljy tukkumyynti\" width=\"163\" height=\"143\">Tyrnimarja-\u00f6ljy uutetaan t\u00e4m\u00e4n kasvin hedelmist\u00e4. T\u00e4m\u00e4 tuote on kylm\u00e4puristettua ja raffinoimatonta, mik\u00e4 s\u00e4ilytt\u00e4\u00e4 monia sen luonnollisia, terveytt\u00e4 edist\u00e4vi\u00e4 ominaisuuksia. Tyrnimarja-\u00f6ljy on rikas tyydyttym\u00e4tt\u00f6mien rasvojen l\u00e4hde, mukaan lukien oleopalmitiiinihappo, sek\u00e4 C-vitamiini, riboflaviini, A-, E- ja B12-vitamiinit. Se sis\u00e4lt\u00e4\u00e4 my\u00f6s hivenaineita kuten seleeni, rauta, kupari, fosfori ja magnesium. Luomu tyrnimarja-\u00f6ljy ehk\u00e4isee ruoansulatuskanavan tulehduksia, v\u00e4hent\u00e4\u00e4 vatsavaivoja ja kosteuttaa ihoa erinomaisesti sek\u00e4 ehk\u00e4isee sen ik\u00e4\u00e4ntymist\u00e4.    <\/p>\n<h2>Terveyshy\u00f6dyt:<\/h2>\n<ol>\n<li>Auttaa ihon uusiutumisessa, edist\u00e4\u00e4 haavojen paranemista ja suojaa ihoa vapailta radikaaleilta.<\/li>\n<li>Rauhoittaa \u00e4rsytyst\u00e4, v\u00e4hent\u00e4\u00e4 ihon punoitusta ja tulehdusta, ja sit\u00e4 voidaan k\u00e4ytt\u00e4\u00e4 ongelmallisen, kuivan ja ik\u00e4\u00e4ntyv\u00e4n ihon hoidossa.<\/li>\n<li>Vaikuttaa positiivisesti immuunij\u00e4rjestelm\u00e4\u00e4n auttaen suojaamaan elimist\u00f6\u00e4 oksidatiiviselta stressilt\u00e4.<\/li>\n<\/ol>\n<h2>K\u00e4ytt\u00f6kohteet:<\/h2>\n<p>Kosmetiikassa tyrnimarja-\u00f6ljy\u00e4 voidaan k\u00e4ytt\u00e4\u00e4 suoraan iholle tai lis\u00e4aineena kosmetiikkatuotteissa.<\/p>\n<p>Ravintolis\u00e4n\u00e4 se tukee ruoansulatusj\u00e4rjestelm\u00e4n ja immuunij\u00e4rjestelm\u00e4n normaalia toimintaa.<\/p>\n<p>Elintarviketeollisuudessa sit\u00e4 voidaan k\u00e4ytt\u00e4\u00e4 ruoka\u00f6ljyn\u00e4, joka tarjoaa arvokkaita ravintoaineita. Ominaisen makunsa vuoksi se toimii parhaiten pienin\u00e4 m\u00e4\u00e4rin\u00e4 lis\u00e4ttyn\u00e4 salaatteihin ja kastikkeisiin. <\/p>\n<h4><\/h4>\n","protected":false},"excerpt":{"rendered":"<p>Tyrnimarja-\u00f6ljy (Sea Buckthorn Oil) on luonnollinen, kylm\u00e4puristettu kasvi\u00f6ljy, joka saadaan tyrnimarjoista.<\/p>\n<p>Olemme t\u00e4m\u00e4n luonnollisen \u00f6ljyn tukkujakelija<strong>, jolla on eritt\u00e4in korkea <a href=\"https:\/\/naturalpoland.com\/artykuly\/produkty-naturalne\/karotenoidy-skladniki-ktore-nadaja-olejowi-z-rokitnika-jego-charakterystyczny-blysk\/\">karotenoidipitoisuus<\/a><\/strong>. Valikoimamme \u00f6ljy sis\u00e4lt\u00e4\u00e4 v\u00e4hint\u00e4\u00e4n 250 mg\/100 g, kun taas muissa markkinoilla olevissa tyrni\u00f6ljyiss\u00e4 normi on 180 mg\/100 g. T\u00e4m\u00e4 valtava yhdisteiden m\u00e4\u00e4r\u00e4 saa \u00f6ljymme &#8221;kimaltamaan&#8221;, karotenoidit kiteytyv\u00e4t \u00f6ljyss\u00e4, mik\u00e4 luo opalisoivan, jopa &#8221;kimaltavan&#8221; efektin.  <\/p>\n<h4><strong>Saatavilla olevat m\u00e4\u00e4r\u00e4t: alkaen 20 kg<\/strong><\/h4>\n","protected":false},"featured_media":10988,"template":"","meta":{"_acf_changed":false},"product_brand":[],"product_cat":[542,531,546],"product_tag":[],"class_list":{"0":"post-10985","1":"product","2":"type-product","3":"status-publish","4":"has-post-thumbnail","6":"product_cat-kosmeettiset-oljyt","7":"product_cat-ruokaoljyt-ja-kosmeettiset-oljyt","8":"product_cat-elintarvikeoljyt","10":"first","11":"instock","12":"shipping-taxable","13":"product-type-simple"},"acf":[],"yoast_head":"<!-- This site is optimized with the Yoast SEO plugin v27.6 - https:\/\/yoast.com\/product\/yoast-seo-wordpress\/ -->\n<title>Tyrnimarja-\u00f6ljy - NATURAL POLAND - RAAKA-AINEIDEN TUKKUJAKELIJA<\/title>\n<meta name=\"description\" content=\"Tyrnimarja-\u00f6ljy sopii luonnolliseen ihonhoitoon ja terveelliseen ruokavalioon.\" \/>\n<meta name=\"robots\" content=\"index, follow, max-snippet:-1, max-image-preview:large, max-video-preview:-1\" \/>\n<link rel=\"canonical\" href=\"https:\/\/naturalpoland.com\/fi\/tuotteet\/elintarviketeollisuuden-tuotteet\/elintarvikeoljyt\/tyrni-hedelma-oljy\/\" \/>\n<meta property=\"og:locale\" content=\"fi_FI\" \/>\n<meta property=\"og:type\" content=\"article\" \/>\n<meta property=\"og:title\" content=\"Tyrnimarja-\u00f6ljy - NATURAL POLAND - RAAKA-AINEIDEN TUKKUJAKELIJA\" \/>\n<meta property=\"og:description\" content=\"Tyrnimarja-\u00f6ljy sopii luonnolliseen ihonhoitoon ja terveelliseen ruokavalioon.\" \/>\n<meta property=\"og:url\" content=\"https:\/\/naturalpoland.com\/fi\/tuotteet\/elintarviketeollisuuden-tuotteet\/elintarvikeoljyt\/tyrni-hedelma-oljy\/\" \/>\n<meta property=\"og:site_name\" content=\"NATURAL POLAND - RAAKA-AINEIDEN TUKKUJAKELIJA\" \/>\n<meta property=\"article:publisher\" content=\"https:\/\/www.facebook.com\/naturalpoland.b2b\" \/>\n<meta property=\"article:modified_time\" content=\"2025-09-09T09:33:30+00:00\" \/>\n<meta property=\"og:image\" content=\"https:\/\/naturalpoland.com\/wp-content\/uploads\/2021\/05\/olej-z-owocu-rokitnika.jpg\" \/>\n\t<meta property=\"og:image:width\" content=\"800\" \/>\n\t<meta property=\"og:image:height\" content=\"800\" \/>\n\t<meta property=\"og:image:type\" content=\"image\/jpeg\" \/>\n<script type=\"application\/ld+json\" class=\"yoast-schema-graph\">{\"@context\":\"https:\\\/\\\/schema.org\",\"@graph\":[{\"@type\":\"WebPage\",\"@id\":\"https:\\\/\\\/naturalpoland.com\\\/fi\\\/tuotteet\\\/elintarviketeollisuuden-tuotteet\\\/elintarvikeoljyt\\\/tyrni-hedelma-oljy\\\/\",\"url\":\"https:\\\/\\\/naturalpoland.com\\\/fi\\\/tuotteet\\\/elintarviketeollisuuden-tuotteet\\\/elintarvikeoljyt\\\/tyrni-hedelma-oljy\\\/\",\"name\":\"Tyrnimarja-\u00f6ljy - NATURAL POLAND - RAAKA-AINEIDEN TUKKUJAKELIJA\",\"isPartOf\":{\"@id\":\"https:\\\/\\\/naturalpoland.com\\\/fi\\\/#website\"},\"primaryImageOfPage\":{\"@id\":\"https:\\\/\\\/naturalpoland.com\\\/fi\\\/tuotteet\\\/elintarviketeollisuuden-tuotteet\\\/elintarvikeoljyt\\\/tyrni-hedelma-oljy\\\/#primaryimage\"},\"image\":{\"@id\":\"https:\\\/\\\/naturalpoland.com\\\/fi\\\/tuotteet\\\/elintarviketeollisuuden-tuotteet\\\/elintarvikeoljyt\\\/tyrni-hedelma-oljy\\\/#primaryimage\"},\"thumbnailUrl\":\"https:\\\/\\\/naturalpoland.com\\\/wp-content\\\/uploads\\\/2021\\\/05\\\/olej-z-owocu-rokitnika.jpg\",\"datePublished\":\"2021-05-11T11:52:09+00:00\",\"dateModified\":\"2025-09-09T09:33:30+00:00\",\"description\":\"Tyrnimarja-\u00f6ljy sopii luonnolliseen ihonhoitoon ja terveelliseen ruokavalioon.\",\"breadcrumb\":{\"@id\":\"https:\\\/\\\/naturalpoland.com\\\/fi\\\/tuotteet\\\/elintarviketeollisuuden-tuotteet\\\/elintarvikeoljyt\\\/tyrni-hedelma-oljy\\\/#breadcrumb\"},\"inLanguage\":\"fi\",\"potentialAction\":[{\"@type\":\"ReadAction\",\"target\":[\"https:\\\/\\\/naturalpoland.com\\\/fi\\\/tuotteet\\\/elintarviketeollisuuden-tuotteet\\\/elintarvikeoljyt\\\/tyrni-hedelma-oljy\\\/\"]}]},{\"@type\":\"ImageObject\",\"inLanguage\":\"fi\",\"@id\":\"https:\\\/\\\/naturalpoland.com\\\/fi\\\/tuotteet\\\/elintarviketeollisuuden-tuotteet\\\/elintarvikeoljyt\\\/tyrni-hedelma-oljy\\\/#primaryimage\",\"url\":\"https:\\\/\\\/naturalpoland.com\\\/wp-content\\\/uploads\\\/2021\\\/05\\\/olej-z-owocu-rokitnika.jpg\",\"contentUrl\":\"https:\\\/\\\/naturalpoland.com\\\/wp-content\\\/uploads\\\/2021\\\/05\\\/olej-z-owocu-rokitnika.jpg\",\"width\":800,\"height\":800,\"caption\":\"Tyrnimarja-\u00f6ljy\"},{\"@type\":\"BreadcrumbList\",\"@id\":\"https:\\\/\\\/naturalpoland.com\\\/fi\\\/tuotteet\\\/elintarviketeollisuuden-tuotteet\\\/elintarvikeoljyt\\\/tyrni-hedelma-oljy\\\/#breadcrumb\",\"itemListElement\":[{\"@type\":\"ListItem\",\"position\":1,\"name\":\"Etusivu\",\"item\":\"https:\\\/\\\/naturalpoland.com\\\/fi\\\/\"},{\"@type\":\"ListItem\",\"position\":2,\"name\":\"Tuotteet\",\"item\":\"https:\\\/\\\/naturalpoland.com\\\/fi\\\/tuotteet\\\/\"},{\"@type\":\"ListItem\",\"position\":3,\"name\":\"Tyrnimarja-\u00f6ljy\"}]},{\"@type\":\"WebSite\",\"@id\":\"https:\\\/\\\/naturalpoland.com\\\/fi\\\/#website\",\"url\":\"https:\\\/\\\/naturalpoland.com\\\/fi\\\/\",\"name\":\"NATURAL POLAND - RAAKA-AINEIDEN TUKKUJAKELIJA\",\"description\":\"Surowce dla przemys\u0142u spo\u017cywczego, kosmetycznego i farmaceutycznego\",\"publisher\":{\"@id\":\"https:\\\/\\\/naturalpoland.com\\\/fi\\\/#organization\"},\"potentialAction\":[{\"@type\":\"SearchAction\",\"target\":{\"@type\":\"EntryPoint\",\"urlTemplate\":\"https:\\\/\\\/naturalpoland.com\\\/fi\\\/?s={search_term_string}\"},\"query-input\":{\"@type\":\"PropertyValueSpecification\",\"valueRequired\":true,\"valueName\":\"search_term_string\"}}],\"inLanguage\":\"fi\"},{\"@type\":\"Organization\",\"@id\":\"https:\\\/\\\/naturalpoland.com\\\/fi\\\/#organization\",\"name\":\"Natural Poland\",\"url\":\"https:\\\/\\\/naturalpoland.com\\\/fi\\\/\",\"logo\":{\"@type\":\"ImageObject\",\"inLanguage\":\"fi\",\"@id\":\"https:\\\/\\\/naturalpoland.com\\\/fi\\\/#\\\/schema\\\/logo\\\/image\\\/\",\"url\":\"https:\\\/\\\/naturalpoland.com\\\/wp-content\\\/uploads\\\/2021\\\/05\\\/natural-poland-icon.png\",\"contentUrl\":\"https:\\\/\\\/naturalpoland.com\\\/wp-content\\\/uploads\\\/2021\\\/05\\\/natural-poland-icon.png\",\"width\":512,\"height\":512,\"caption\":\"Natural Poland\"},\"image\":{\"@id\":\"https:\\\/\\\/naturalpoland.com\\\/fi\\\/#\\\/schema\\\/logo\\\/image\\\/\"},\"sameAs\":[\"https:\\\/\\\/www.facebook.com\\\/naturalpoland.b2b\",\"https:\\\/\\\/pl.linkedin.com\\\/company\\\/natural-poland\",\"https:\\\/\\\/www.youtube.com\\\/channel\\\/UCgeGGkvOMahZo-xu_MSEWxg\"]}]}<\/script>\n<!-- \/ Yoast SEO plugin. -->","yoast_head_json":{"title":"Tyrnimarja-\u00f6ljy - NATURAL POLAND - RAAKA-AINEIDEN TUKKUJAKELIJA","description":"Tyrnimarja-\u00f6ljy sopii luonnolliseen ihonhoitoon ja terveelliseen ruokavalioon.","robots":{"index":"index","follow":"follow","max-snippet":"max-snippet:-1","max-image-preview":"max-image-preview:large","max-video-preview":"max-video-preview:-1"},"canonical":"https:\/\/naturalpoland.com\/fi\/tuotteet\/elintarviketeollisuuden-tuotteet\/elintarvikeoljyt\/tyrni-hedelma-oljy\/","og_locale":"fi_FI","og_type":"article","og_title":"Tyrnimarja-\u00f6ljy - NATURAL POLAND - RAAKA-AINEIDEN TUKKUJAKELIJA","og_description":"Tyrnimarja-\u00f6ljy sopii luonnolliseen ihonhoitoon ja terveelliseen ruokavalioon.","og_url":"https:\/\/naturalpoland.com\/fi\/tuotteet\/elintarviketeollisuuden-tuotteet\/elintarvikeoljyt\/tyrni-hedelma-oljy\/","og_site_name":"NATURAL POLAND - RAAKA-AINEIDEN TUKKUJAKELIJA","article_publisher":"https:\/\/www.facebook.com\/naturalpoland.b2b","article_modified_time":"2025-09-09T09:33:30+00:00","og_image":[{"width":800,"height":800,"url":"https:\/\/naturalpoland.com\/wp-content\/uploads\/2021\/05\/olej-z-owocu-rokitnika.jpg","type":"image\/jpeg"}],"schema":{"@context":"https:\/\/schema.org","@graph":[{"@type":"WebPage","@id":"https:\/\/naturalpoland.com\/fi\/tuotteet\/elintarviketeollisuuden-tuotteet\/elintarvikeoljyt\/tyrni-hedelma-oljy\/","url":"https:\/\/naturalpoland.com\/fi\/tuotteet\/elintarviketeollisuuden-tuotteet\/elintarvikeoljyt\/tyrni-hedelma-oljy\/","name":"Tyrnimarja-\u00f6ljy - NATURAL POLAND - RAAKA-AINEIDEN TUKKUJAKELIJA","isPartOf":{"@id":"https:\/\/naturalpoland.com\/fi\/#website"},"primaryImageOfPage":{"@id":"https:\/\/naturalpoland.com\/fi\/tuotteet\/elintarviketeollisuuden-tuotteet\/elintarvikeoljyt\/tyrni-hedelma-oljy\/#primaryimage"},"image":{"@id":"https:\/\/naturalpoland.com\/fi\/tuotteet\/elintarviketeollisuuden-tuotteet\/elintarvikeoljyt\/tyrni-hedelma-oljy\/#primaryimage"},"thumbnailUrl":"https:\/\/naturalpoland.com\/wp-content\/uploads\/2021\/05\/olej-z-owocu-rokitnika.jpg","datePublished":"2021-05-11T11:52:09+00:00","dateModified":"2025-09-09T09:33:30+00:00","description":"Tyrnimarja-\u00f6ljy sopii luonnolliseen ihonhoitoon ja terveelliseen ruokavalioon.","breadcrumb":{"@id":"https:\/\/naturalpoland.com\/fi\/tuotteet\/elintarviketeollisuuden-tuotteet\/elintarvikeoljyt\/tyrni-hedelma-oljy\/#breadcrumb"},"inLanguage":"fi","potentialAction":[{"@type":"ReadAction","target":["https:\/\/naturalpoland.com\/fi\/tuotteet\/elintarviketeollisuuden-tuotteet\/elintarvikeoljyt\/tyrni-hedelma-oljy\/"]}]},{"@type":"ImageObject","inLanguage":"fi","@id":"https:\/\/naturalpoland.com\/fi\/tuotteet\/elintarviketeollisuuden-tuotteet\/elintarvikeoljyt\/tyrni-hedelma-oljy\/#primaryimage","url":"https:\/\/naturalpoland.com\/wp-content\/uploads\/2021\/05\/olej-z-owocu-rokitnika.jpg","contentUrl":"https:\/\/naturalpoland.com\/wp-content\/uploads\/2021\/05\/olej-z-owocu-rokitnika.jpg","width":800,"height":800,"caption":"Tyrnimarja-\u00f6ljy"},{"@type":"BreadcrumbList","@id":"https:\/\/naturalpoland.com\/fi\/tuotteet\/elintarviketeollisuuden-tuotteet\/elintarvikeoljyt\/tyrni-hedelma-oljy\/#breadcrumb","itemListElement":[{"@type":"ListItem","position":1,"name":"Etusivu","item":"https:\/\/naturalpoland.com\/fi\/"},{"@type":"ListItem","position":2,"name":"Tuotteet","item":"https:\/\/naturalpoland.com\/fi\/tuotteet\/"},{"@type":"ListItem","position":3,"name":"Tyrnimarja-\u00f6ljy"}]},{"@type":"WebSite","@id":"https:\/\/naturalpoland.com\/fi\/#website","url":"https:\/\/naturalpoland.com\/fi\/","name":"NATURAL POLAND - RAAKA-AINEIDEN TUKKUJAKELIJA","description":"Surowce dla przemys\u0142u spo\u017cywczego, kosmetycznego i farmaceutycznego","publisher":{"@id":"https:\/\/naturalpoland.com\/fi\/#organization"},"potentialAction":[{"@type":"SearchAction","target":{"@type":"EntryPoint","urlTemplate":"https:\/\/naturalpoland.com\/fi\/?s={search_term_string}"},"query-input":{"@type":"PropertyValueSpecification","valueRequired":true,"valueName":"search_term_string"}}],"inLanguage":"fi"},{"@type":"Organization","@id":"https:\/\/naturalpoland.com\/fi\/#organization","name":"Natural Poland","url":"https:\/\/naturalpoland.com\/fi\/","logo":{"@type":"ImageObject","inLanguage":"fi","@id":"https:\/\/naturalpoland.com\/fi\/#\/schema\/logo\/image\/","url":"https:\/\/naturalpoland.com\/wp-content\/uploads\/2021\/05\/natural-poland-icon.png","contentUrl":"https:\/\/naturalpoland.com\/wp-content\/uploads\/2021\/05\/natural-poland-icon.png","width":512,"height":512,"caption":"Natural Poland"},"image":{"@id":"https:\/\/naturalpoland.com\/fi\/#\/schema\/logo\/image\/"},"sameAs":["https:\/\/www.facebook.com\/naturalpoland.b2b","https:\/\/pl.linkedin.com\/company\/natural-poland","https:\/\/www.youtube.com\/channel\/UCgeGGkvOMahZo-xu_MSEWxg"]}]}},"_links":{"self":[{"href":"https:\/\/naturalpoland.com\/fi\/wp-json\/wp\/v2\/product\/10985","targetHints":{"allow":["GET"]}}],"collection":[{"href":"https:\/\/naturalpoland.com\/fi\/wp-json\/wp\/v2\/product"}],"about":[{"href":"https:\/\/naturalpoland.com\/fi\/wp-json\/wp\/v2\/types\/product"}],"wp:featuredmedia":[{"embeddable":true,"href":"https:\/\/naturalpoland.com\/fi\/wp-json\/wp\/v2\/media\/10988"}],"wp:attachment":[{"href":"https:\/\/naturalpoland.com\/fi\/wp-json\/wp\/v2\/media?parent=10985"}],"wp:term":[{"taxonomy":"product_brand","embeddable":true,"href":"https:\/\/naturalpoland.com\/fi\/wp-json\/wp\/v2\/product_brand?post=10985"},{"taxonomy":"product_cat","embeddable":true,"href":"https:\/\/naturalpoland.com\/fi\/wp-json\/wp\/v2\/product_cat?post=10985"},{"taxonomy":"product_tag","embeddable":true,"href":"https:\/\/naturalpoland.com\/fi\/wp-json\/wp\/v2\/product_tag?post=10985"}],"curies":[{"name":"wp","href":"https:\/\/api.w.org\/{rel}","templated":true}]}}